{"id":114,"date":"2017-02-07T16:15:20","date_gmt":"2017-02-07T15:15:20","guid":{"rendered":"https:\/\/dev.bassin-arcachon.com\/\/?page_id=114"},"modified":"2024-12-13T10:52:37","modified_gmt":"2024-12-13T09:52:37","slug":"der-buch-test","status":"publish","type":"page","link":"https:\/\/dev.bassin-arcachon.com\/de\/unsere-stadte-und-dorfer\/der-buch-test\/","title":{"rendered":"Buchs Test"},"content":{"rendered":"<div class=\"wp-block-uagb-container uagb-block-0405e145 alignfull uagb-is-root-container\"><div class=\"uagb-container-inner-blocks-wrap\">\n<div class=\"wp-block-uagb-container uagb-block-0b973f92\">\n<div class=\"wp-block-uagb-image uagb-block-6c87cc13 wp-block-uagb-image--layout-default wp-block-uagb-image--effect-static wp-block-uagb-image--align-none\"><figure class=\"wp-block-uagb-image__figure\"><img decoding=\"async\" srcset=\"https:\/\/dev.bassin-arcachon.com\/wp-content\/uploads\/2017\/02\/mini-map-la-teste.jpg \" sizes=\"auto, (max-width: 480px) 150px\" src=\"https:\/\/dev.bassin-arcachon.com\/wp-content\/uploads\/2017\/02\/mini-map-la-teste.jpg\" alt=\"- - Bassin d&#039;Arcachon\" class=\"uag-image-1915\" width=\"278\" height=\"278\" title=\"- - Bassin d&#039;Arcachon\" loading=\"lazy\" role=\"img\"><\/figure><\/div>\n\n\n\n<h2 class=\"wp-block-heading\">La Teste de Buch, das Juwel von Arcachons Bassin<\/h2>\n\n\n\n<p>Bekannt f\u00fcr seine Majest\u00e4t&nbsp;<a href=\"https:\/\/www.bassin-arcachon.com\/nos-incontournables\/la-dune-du-pilat\/\">D\u00fcne von Pilat<\/a>, La Teste de Buch bietet viele Aktivit\u00e4ten zu jeder Jahreszeit.<\/p>\n\n\n\n<p>Hier finden Sie alle Facetten von Bassin in derselben Stadt. <a href=\"https:\/\/dev.bassin-arcachon.com\/de\/wo-schlafen\/vermietungen\/unsere-ferienunterkunfte-in-la-teste-de-buch\/\">Feiertage<\/a> verspricht lebendig zu werden!<\/p>\n\n\n\n<p>La Teste de Buch hat mehrere Bezirke:&nbsp;<strong>Pyla-sur-Mer<\/strong>,&nbsp;<strong>Cazaux<\/strong>&nbsp;und das Stadtzentrum von La Teste mit seinem&nbsp;<strong>Austernhafen<\/strong>&nbsp;und sein gro\u00dfer Markt.<\/p>\n<\/div>\n\n\n\n<div class=\"wp-block-uagb-container uagb-block-4cece41d\">\n<div class=\"wp-block-uagb-image uagb-block-0649958b wp-block-uagb-image--layout-default wp-block-uagb-image--effect-static wp-block-uagb-image--align-none\"><figure class=\"wp-block-uagb-image__figure\"><img decoding=\"async\" srcset=\"https:\/\/dev.bassin-arcachon.com\/wp-content\/uploads\/2018\/07\/Dune-du-Pilat-683x1024.jpg \" sizes=\"auto, (max-width: 480px) 150px\" src=\"https:\/\/dev.bassin-arcachon.com\/wp-content\/uploads\/2018\/07\/Dune-du-Pilat-683x1024.jpg\" alt=\"- - Bassin d&#039;Arcachon\" class=\"uag-image-23386\" width=\"683\" height=\"1024\" title=\"- - Bassin d&#039;Arcachon\" loading=\"lazy\" role=\"img\"><\/figure><\/div>\n<\/div>\n<\/div><\/div>\n\n\n\n<div style=\"height:40px\" aria-hidden=\"true\" class=\"wp-block-spacer\"><\/div>\n\n\n\n<div class=\"wp-block-uagb-container uagb-block-7e0427fe alignfull uagb-is-root-container\"><div class=\"uagb-container-inner-blocks-wrap\">\n<h2 class=\"wp-block-heading\">Erklimmen Sie die h\u00f6chste D\u00fcne Europas: die Dune du Pilat<\/h2>\n\n\n\n<p>Erklimmen Sie die&nbsp;<strong>D\u00fcne von Pilat<\/strong>, es ist ein Ticket, um eine der sch\u00f6nsten Aussichten Frankreichs zu bewundern! Wenn Sie sich \u00fcber die Treppe hinauswagen, vermuten Sie nicht, dass es sich um ein Naturdenkmal in voller Bewegung und ein Open-Air-Geschichtsbuch handelt. Von seiner H\u00f6he von 110 m aus k\u00f6nnen Sie ein herrliches Panorama auf das Meer bewundern&nbsp;<a href=\"https:\/\/www.bassin-arcachon.com\/nos-incontournables\/le-banc-darguin\/\">Bank von Arguin<\/a>, der Wald und die&nbsp;<a href=\"https:\/\/www.bassin-arcachon.com\/nos-villes-et-villages\/lege-cap-ferret\/\">Cap-Frettchen<\/a>. Auf der anderen Seite ein Pinienwald so weit das Auge reicht. Aber die D\u00fcne kann nicht nur im Sommer besucht werden, z\u00f6gern Sie nicht, sie in anderen Farben zu entdecken!<\/p>\n\n\n\n<p>Machen Sie nach dem Aufstieg eine Pause auf einem der&nbsp;<a href=\"https:\/\/www.bassin-arcachon.com\/nos-incontournables\/les-plages\/\">tolle Meeresstr\u00e4nde<\/a>&nbsp;La Teste de Buch (Petit Nice, La Lagune usw.) f\u00fcr ein erfrischendes Bad.<\/p>\n<\/div><\/div>\n\n\n\n<div style=\"height:40px\" aria-hidden=\"true\" class=\"wp-block-spacer\"><\/div>\n\n\n\n<div class=\"wp-block-uagb-container uagb-block-f52b50c9 alignfull uagb-is-root-container\"><div class=\"uagb-container-inner-blocks-wrap\">\n<div class=\"wp-block-uagb-container uagb-block-175dc71f\">\n<div class=\"wp-block-uagb-image aligncenter uagb-block-b9921567 wp-block-uagb-image--layout-overlay wp-block-uagb-image--effect-static wp-block-uagb-image--align-center\"><figure class=\"wp-block-uagb-image__figure\"><img decoding=\"async\" srcset=\"https:\/\/dev.bassin-arcachon.com\/wp-content\/uploads\/2020\/07\/Plages-oceanes-Bassin-Arcachon-1024x683-1.jpg \" sizes=\"auto, (max-width: 480px) 150px\" src=\"https:\/\/dev.bassin-arcachon.com\/wp-content\/uploads\/2020\/07\/Plages-oceanes-Bassin-Arcachon-1024x683-1.jpg\" alt=\"- - Bassin d&#039;Arcachon\" class=\"uag-image-53073\" width=\"1024\" height=\"683\" title=\"- - Bassin d&#039;Arcachon\" loading=\"lazy\" role=\"img\"><div class=\"wp-block-uagb-image--layout-overlay__color-wrapper\"><\/div><div class=\"wp-block-uagb-image--layout-overlay__inner center-center\"><h2 class=\"uagb-image-heading\">\u00dcberpr\u00fcfen Sie vor Ihrer Ankunft die Anwesenheit des Parkplatzes in Echtzeit<\/h2><\/div><\/figure><\/div>\n<\/div>\n\n\n\n<div class=\"wp-block-uagb-container uagb-block-ac77147e\">\n<iframe loading=\"lazy\" width=\"100%\" height=\"393\" src=\"https:\/\/dev.bassin-arcachon.com\/parking\/?lang=fr\" '=\"\" data-dashlane-frameid=\"2065\"><\/iframe>\n<\/div>\n<\/div><\/div>\n\n\n\n<div style=\"height:40px\" aria-hidden=\"true\" class=\"wp-block-spacer\"><\/div>\n\n\n\n<div class=\"wp-block-uagb-container uagb-block-93ac09d8 alignfull uagb-is-root-container\"><div class=\"uagb-container-inner-blocks-wrap\">\n<div class=\"wp-block-uagb-container uagb-block-417cc7d1\">\n<div class=\"wp-block-uagb-image uagb-block-cbde6e3c wp-block-uagb-image--layout-default wp-block-uagb-image--effect-static wp-block-uagb-image--align-none\"><figure class=\"wp-block-uagb-image__figure\"><img decoding=\"async\" srcset=\"https:\/\/dev.bassin-arcachon.com\/wp-content\/uploads\/2017\/02\/banc-arguin-guide-1024x576.jpg ,https:\/\/dev.bassin-arcachon.com\/wp-content\/uploads\/2017\/02\/banc-arguin-guide.jpg 780w, https:\/\/dev.bassin-arcachon.com\/wp-content\/uploads\/2017\/02\/banc-arguin-guide.jpg 360w\" sizes=\"auto, (max-width: 480px) 150px\" src=\"https:\/\/dev.bassin-arcachon.com\/wp-content\/uploads\/2017\/02\/banc-arguin-guide-1024x576.jpg\" alt=\"- - Bassin d&#039;Arcachon\" class=\"uag-image-976\" width=\"1024\" height=\"683\" title=\"- - Bassin d&#039;Arcachon\" loading=\"lazy\" role=\"img\"><\/figure><\/div>\n<\/div>\n\n\n\n<div class=\"wp-block-uagb-container uagb-block-62220edb\">\n<h2 class=\"wp-block-heading\">Ein Tag auf der Banc d&#039;Arguin<\/h2>\n\n\n\n<p>Machen Sie sich mit Strandt\u00fcchern und einem Picknick unter dem Arm auf den Weg in den Tag auf der Banc d&#039;Arguin. Nutzen Sie die Bootsfahrt, um die Austernz\u00fcchter bei der Arbeit in den Austernb\u00e4nken zu beobachten, bevor Sie den warmen Sand ber\u00fchren und Robinson Crusoe spielen.<br><strong>Arguin<\/strong>&nbsp;ist tags\u00fcber nur mit dem Boot erreichbar. Ein Teil der Sandbank ist von einem Seil umgeben, das mit \u201eIntegral Protection Zone\u201c-Schildern unterbrochen ist, bitte nicht \u00fcberqueren (hoher Vogelplatz). Das Biwak und Hunde sind nicht erlaubt.<\/p>\n<\/div>\n<\/div><\/div>\n\n\n\n<div style=\"height:40px\" aria-hidden=\"true\" class=\"wp-block-spacer\"><\/div>\n\n\n\n<div class=\"wp-block-uagb-container uagb-block-8ad2ee1a alignfull uagb-is-root-container\"><div class=\"uagb-container-inner-blocks-wrap\">\n<div class=\"wp-block-uagb-container uagb-block-cc4253ff\">\n<h2 class=\"wp-block-heading\">Machen Sie eine Tour durch die Vogelinsel<\/h2>\n\n\n\n<p>Ausgehend von Arcachon oder der Halbinsel L\u00e8ge-Cap Ferret, ob mit dem Boot oder dem Seekajak, m\u00fcssen Sie diese Insel in der Mitte des Bassin umrunden.<\/p>\n\n\n\n<p>Mit dem Boot, lieber bei Flut zu sehen&nbsp;<a href=\"https:\/\/www.bassin-arcachon.com\/nos-incontournables\/les-cabanes-tchanquees\/\">H\u00fctten auf Tchanqu\u00e9es<\/a>, aber das Seekajak ist das ideale Boot! Von der einfachen Entdeckung (2 Std.) bis zum Spaziergang (3 Std.) oder der Wanderung zwischen Land und Meer (4 bis 5 Std.) sind die Routen vielf\u00e4ltig. Bird Island kann aus Gr\u00fcnden der Barrierefreiheit nicht besucht werden!<\/p>\n<\/div>\n\n\n\n<div class=\"wp-block-uagb-container uagb-block-f742a4d2\">\n<div class=\"wp-block-uagb-image uagb-block-cd9525a3 wp-block-uagb-image--layout-default wp-block-uagb-image--effect-static wp-block-uagb-image--align-none\"><figure class=\"wp-block-uagb-image__figure\"><img decoding=\"async\" srcset=\"https:\/\/dev.bassin-arcachon.com\/wp-content\/uploads\/2017\/02\/Cabanes-tchanqu\u00e9es-bassin-darcachon.jpg \" sizes=\"auto, (max-width: 480px) 150px\" src=\"https:\/\/dev.bassin-arcachon.com\/wp-content\/uploads\/2017\/02\/Cabanes-tchanqu\u00e9es-bassin-darcachon.jpg\" alt=\"- - Bassin d&#039;Arcachon\" class=\"uag-image-23673\" width=\"1000\" height=\"666\" title=\"- - Bassin d&#039;Arcachon\" loading=\"lazy\" role=\"img\"><\/figure><\/div>\n<\/div>\n<\/div><\/div>\n\n\n\n<div style=\"height:40px\" aria-hidden=\"true\" class=\"wp-block-spacer\"><\/div>\n\n\n\n<div class=\"wp-block-uagb-container uagb-block-a57c6c2c alignfull uagb-is-root-container\"><div class=\"uagb-container-inner-blocks-wrap\">\n<div class=\"wp-block-uagb-container uagb-block-1145e4d4\">\n<div class=\"wp-block-uagb-image uagb-block-83d86437 wp-block-uagb-image--layout-default wp-block-uagb-image--effect-static wp-block-uagb-image--align-none\"><figure class=\"wp-block-uagb-image__figure\"><img decoding=\"async\" srcset=\"https:\/\/dev.bassin-arcachon.com\/wp-content\/uploads\/2017\/04\/lateste_marche2-1024x660.jpg ,https:\/\/dev.bassin-arcachon.com\/wp-content\/uploads\/2017\/04\/lateste_marche2.jpg 780w, https:\/\/dev.bassin-arcachon.com\/wp-content\/uploads\/2017\/04\/lateste_marche2.jpg 360w\" sizes=\"auto, (max-width: 480px) 150px\" src=\"https:\/\/dev.bassin-arcachon.com\/wp-content\/uploads\/2017\/04\/lateste_marche2-1024x660.jpg\" alt=\"- - Bassin d&#039;Arcachon\" class=\"uag-image-1113\" width=\"1024\" height=\"660\" title=\"- - Bassin d&#039;Arcachon\" loading=\"lazy\" role=\"img\"><\/figure><\/div>\n<\/div>\n\n\n\n<div class=\"wp-block-uagb-container uagb-block-fcdfb62f\">\n<h2 class=\"wp-block-heading\">Gehen Sie zum Einkaufen durch die G\u00e4nge des Marktes<\/h2>\n\n\n\n<p>Der La Teste de Buch-Center-Markt ist einer der&nbsp;<strong>gr\u00f6\u00dften M\u00e4rkte in der Gironde<\/strong>&nbsp;! Sowohl im Sommer als auch im Winter gibt es viele verschiedene St\u00e4nde, sodass Sie sich selbst oder Ihre Lieben nach der R\u00fcckkehr aus dem Urlaub verw\u00f6hnen k\u00f6nnen. Wenn Sie Austern m\u00f6gen, gehen Sie nach dem Markt zum Austernhafen, wo mehrere Austernbuden<a href=\"https:\/\/www.bassin-arcachon.com\/ou-manger\/cabanes-a-huitres\/\">&nbsp;<\/a>Verkostungen anbieten.<\/p>\n<\/div>\n<\/div><\/div>\n\n\n\n<div style=\"height:40px\" aria-hidden=\"true\" class=\"wp-block-spacer\"><\/div>\n\n\n\n<div class=\"wp-block-uagb-container uagb-block-160d1a49 alignfull uagb-is-root-container\"><div class=\"uagb-container-inner-blocks-wrap\">\n<div class=\"wp-block-uagb-container uagb-block-6f423e88\">\n<h2 class=\"wp-block-heading\">Betrachten Sie die Landschaft der Pr\u00e9s Sal\u00e9s Ouest<\/h2>\n\n\n\n<p>Entdecken Sie ab dem Austernhafen die&nbsp;<a href=\"https:\/\/www.bassin-arcachon.com\/pres-sales-ouest-notre-ptit-coin-secret\/\" target=\"_blank\" rel=\"noreferrer noopener\">Westliche Salzwiesen<\/a>&nbsp;zu Fu\u00df oder mit dem Fahrrad. Eine Landschaft, die sich mit den Jahreszeiten und den Gezeiten ver\u00e4ndert ... genug, um alle Naturliebhaber zu begeistern.<\/p>\n\n\n\n<p>Ein Lehrpfad mit vielen Lehrtafeln erm\u00f6glicht den Besuch dieser Naturst\u00e4tte. Und vergessen Sie Ihr Fernglas nicht, um die Zugv\u00f6gel n\u00e4her zu betrachten!<\/p>\n<\/div>\n\n\n\n<div class=\"wp-block-uagb-container uagb-block-a9183918\">\n<div class=\"wp-block-uagb-image uagb-block-6b6983fa wp-block-uagb-image--layout-default wp-block-uagb-image--effect-static wp-block-uagb-image--align-none\"><figure class=\"wp-block-uagb-image__figure\"><img decoding=\"async\" srcset=\"https:\/\/dev.bassin-arcachon.com\/wp-content\/uploads\/2018\/04\/pres-sales-ouest-la-teste-e1548070131821.jpg \" sizes=\"auto, (max-width: 480px) 150px\" src=\"https:\/\/dev.bassin-arcachon.com\/wp-content\/uploads\/2018\/04\/pres-sales-ouest-la-teste-e1548070131821.jpg\" alt=\"Erholsame Pause in den West Salt Meadows bei Teste de Buch\" class=\"uag-image-19913\" width=\"1000\" height=\"666\" title=\"- - Bassin d&#039;Arcachon\" loading=\"lazy\" role=\"img\"><\/figure><\/div>\n<\/div>\n<\/div><\/div>\n\n\n\n<div style=\"height:40px\" aria-hidden=\"true\" class=\"wp-block-spacer\"><\/div>\n\n\n\n<div class=\"wp-block-uagb-container uagb-block-554d6e82 alignfull uagb-is-root-container\"><div class=\"uagb-container-inner-blocks-wrap\">\n<div class=\"wp-block-uagb-container uagb-block-26f6ea02\">\n<div class=\"wp-block-uagb-image uagb-block-a5298701 wp-block-uagb-image--layout-default wp-block-uagb-image--effect-static wp-block-uagb-image--align-none\"><figure class=\"wp-block-uagb-image__figure\"><img decoding=\"async\" srcset=\"https:\/\/dev.bassin-arcachon.com\/wp-content\/uploads\/2017\/02\/Lac-de-Cazaux-en-famille.jpg \" sizes=\"auto, (max-width: 480px) 150px\" src=\"https:\/\/dev.bassin-arcachon.com\/wp-content\/uploads\/2017\/02\/Lac-de-Cazaux-en-famille.jpg\" alt=\"- - Bassin d&#039;Arcachon\" class=\"uag-image-23753\" width=\"1000\" height=\"666\" title=\"- - Bassin d&#039;Arcachon\" loading=\"lazy\" role=\"img\"><\/figure><\/div>\n<\/div>\n\n\n\n<div class=\"wp-block-uagb-container uagb-block-3aec4116\">\n<h2 class=\"wp-block-heading\">Farnienter (oder nicht) am Lac de Cazaux<\/h2>\n\n\n\n<p>Ort zum Entspannen am Rande des&nbsp;<strong>Cazaux-See<\/strong>&nbsp;! Mit seinen nautischen Aktivit\u00e4ten, seinen zwei feinen Sandstr\u00e4nden und seinen wilden Buchten h\u00e4lt der Lac de Cazaux einige sch\u00f6ne \u00dcberraschungen f\u00fcr Sie bereit.<\/p>\n\n\n\n<p>F\u00fcr Fans von Wassersportarten ist es an der Zeit, Segeln, Paddeln oder Kanufahren auf einem der gr\u00f6\u00dften S\u00fc\u00dfwasserseen Frankreichs auszuprobieren!<\/p>\n<\/div>\n<\/div><\/div>\n\n\n\n<div style=\"height:40px\" aria-hidden=\"true\" class=\"wp-block-spacer\"><\/div>\n\n\n\n<div class=\"wp-block-uagb-container uagb-block-5ccf7262 alignfull uagb-is-root-container\">\n<div class=\"wp-block-cover has-parallax\"><span aria-hidden=\"true\" class=\"wp-block-cover__background has-background-dim-0 has-background-dim\"><\/span><div class=\"wp-block-cover__image-background wp-image-23981 has-parallax\" style=\"background-position:50% 50%;background-image:url(https:\/\/dev.bassin-arcachon.com\/wp-content\/uploads\/2018\/07\/Zoo-de-La-Teste-de-Buch.jpg)\"><\/div><div class=\"wp-block-cover__inner-container is-layout-flow wp-block-cover-is-layout-flow\">\n<h2 class=\"wp-block-heading has-text-align-center has-white-color has-text-color has-background has-large-font-size\" style=\"background-color:#000000b3\">Gehen Sie f\u00fcr einen Tag mit den Kindern in den Zoo!<\/h2>\n<\/div><\/div>\n<\/div>\n\n\n\n<div style=\"height:20px\" aria-hidden=\"true\" class=\"wp-block-spacer\"><\/div>","protected":false},"excerpt":{"rendered":"<p>La Teste de Buch, das Juwel von Bassin in Arcachon. La Teste de Buch ist bekannt f\u00fcr seine majest\u00e4tische Dune du Pilat und bietet zu jeder Jahreszeit zahlreiche Aktivit\u00e4ten. Hier finden Sie [\u2026]<\/p>","protected":false},"author":25,"featured_media":22319,"parent":29,"menu_order":2,"comment_status":"closed","ping_status":"closed","template":"","meta":{"_acf_changed":false,"_uag_custom_page_level_css":"","footnotes":""},"class_list":["post-114","page","type-page","status-publish","has-post-thumbnail","hentry"],"acf":[],"uagb_featured_image_src":{"full":["https:\/\/dev.bassin-arcachon.com\/wp-content\/uploads\/2018\/06\/Plage-oceane-Bassin.jpg",1000,666,false],"thumbnail":["https:\/\/dev.bassin-arcachon.com\/wp-content\/uploads\/2018\/06\/Plage-oceane-Bassin-150x150.jpg",150,150,true],"medium":["https:\/\/dev.bassin-arcachon.com\/wp-content\/uploads\/2018\/06\/Plage-oceane-Bassin-300x200.jpg",300,200,true],"medium_large":["https:\/\/dev.bassin-arcachon.com\/wp-content\/uploads\/2018\/06\/Plage-oceane-Bassin-768x511.jpg",768,511,true],"large":["https:\/\/dev.bassin-arcachon.com\/wp-content\/uploads\/2018\/06\/Plage-oceane-Bassin.jpg",1000,666,false],"1536x1536":["https:\/\/dev.bassin-arcachon.com\/wp-content\/uploads\/2018\/06\/Plage-oceane-Bassin.jpg",1000,666,false],"2048x2048":["https:\/\/dev.bassin-arcachon.com\/wp-content\/uploads\/2018\/06\/Plage-oceane-Bassin.jpg",1000,666,false],"trp-custom-language-flag":["https:\/\/dev.bassin-arcachon.com\/wp-content\/uploads\/2018\/06\/Plage-oceane-Bassin-18x12.jpg",18,12,true],"fp-small":["https:\/\/dev.bassin-arcachon.com\/wp-content\/uploads\/2018\/06\/Plage-oceane-Bassin-640x426.jpg",640,426,true],"fp-large":["https:\/\/dev.bassin-arcachon.com\/wp-content\/uploads\/2018\/06\/Plage-oceane-Bassin.jpg",1000,666,false],"fp-xlarge":["https:\/\/dev.bassin-arcachon.com\/wp-content\/uploads\/2018\/06\/Plage-oceane-Bassin.jpg",1000,666,false]},"uagb_author_info":{"display_name":"Marie Clauzel","author_link":"https:\/\/dev.bassin-arcachon.com\/de\/author\/mariesiba\/"},"uagb_comment_info":0,"uagb_excerpt":"La Teste de Buch, le joyau du Bassin d\u2019Arcachon Tr\u00e8s connue pour sa majestueuse&nbsp;Dune du Pilat, La Teste de Buch offre de nombreuses activit\u00e9s en toutes saisons. Ici, vous retrouverez [&hellip;]","_links":{"self":[{"href":"https:\/\/dev.bassin-arcachon.com\/de\/wp-json\/wp\/v2\/pages\/114","targetHints":{"allow":["GET"]}}],"collection":[{"href":"https:\/\/dev.bassin-arcachon.com\/de\/wp-json\/wp\/v2\/pages"}],"about":[{"href":"https:\/\/dev.bassin-arcachon.com\/de\/wp-json\/wp\/v2\/types\/page"}],"author":[{"embeddable":true,"href":"https:\/\/dev.bassin-arcachon.com\/de\/wp-json\/wp\/v2\/users\/25"}],"replies":[{"embeddable":true,"href":"https:\/\/dev.bassin-arcachon.com\/de\/wp-json\/wp\/v2\/comments?post=114"}],"version-history":[{"count":1,"href":"https:\/\/dev.bassin-arcachon.com\/de\/wp-json\/wp\/v2\/pages\/114\/revisions"}],"predecessor-version":[{"id":118612,"href":"https:\/\/dev.bassin-arcachon.com\/de\/wp-json\/wp\/v2\/pages\/114\/revisions\/118612"}],"up":[{"embeddable":true,"href":"https:\/\/dev.bassin-arcachon.com\/de\/wp-json\/wp\/v2\/pages\/29"}],"wp:featuredmedia":[{"embeddable":true,"href":"https:\/\/dev.bassin-arcachon.com\/de\/wp-json\/wp\/v2\/media\/22319"}],"wp:attachment":[{"href":"https:\/\/dev.bassin-arcachon.com\/de\/wp-json\/wp\/v2\/media?parent=114"}],"curies":[{"name":"wp","href":"https:\/\/api.w.org\/{rel}","templated":true}]}}