{"id":117,"date":"2017-02-07T16:17:11","date_gmt":"2017-02-07T15:17:11","guid":{"rendered":"https:\/\/dev.bassin-arcachon.com\/\/?page_id=117"},"modified":"2024-12-13T10:53:49","modified_gmt":"2024-12-13T09:53:49","slug":"gujan-mestras","status":"publish","type":"page","link":"https:\/\/dev.bassin-arcachon.com\/de\/unsere-stadte-und-dorfer\/gujan-mestras\/","title":{"rendered":"Gujan-Mestras"},"content":{"rendered":"<div class=\"wp-block-uagb-container uagb-block-aab26be1 alignfull uagb-is-root-container\"><div class=\"uagb-container-inner-blocks-wrap\">\n<div class=\"wp-block-uagb-container uagb-block-3cf758f3\">\n<div class=\"wp-block-uagb-image uagb-block-e679998f wp-block-uagb-image--layout-default wp-block-uagb-image--effect-static wp-block-uagb-image--align-none\"><figure class=\"wp-block-uagb-image__figure\"><img decoding=\"async\" srcset=\"https:\/\/dev.bassin-arcachon.com\/wp-content\/uploads\/2017\/02\/mini-map-gujan.jpg \" sizes=\"auto, (max-width: 480px) 150px\" src=\"https:\/\/dev.bassin-arcachon.com\/wp-content\/uploads\/2017\/02\/mini-map-gujan.jpg\" alt=\"Karte von Gujan Mestras\" class=\"uag-image-1919\" width=\"278\" height=\"278\" title=\"- - Bassin d&#039;Arcachon\" loading=\"lazy\" role=\"img\"><\/figure><\/div>\n\n\n\n<h2 class=\"wp-block-heading\">Gujan-Mestras, die Stadt mit 7 H\u00e4fen<\/h2>\n\n\n\n<p>Es sind nicht weniger als 7 Austernh\u00e4fen, die aufeinander folgen&nbsp;<strong>Gujan-Mestras<\/strong>. Hier k\u00f6nnen Sie die t\u00e4gliche Arbeit der Austernz\u00fcchter beobachten, die Gelegenheit, mehr \u00fcber diesen spannenden Beruf zu erfahren. Entspannen Sie sich und riechen Sie den Geruch von Austern, Sie sind angekommen!<br>Wenn Sie auf der Suche nach einer Ferienwohnung in Gujan Mestras sind, <a href=\"https:\/\/dev.bassin-arcachon.com\/de\/wo-schlafen\/vermietungen\/unsere-ferienunterkunfte-in-gujan-mestras\/\">es geht hier entlang <\/a>! <\/p>\n<\/div>\n\n\n\n<div class=\"wp-block-uagb-container uagb-block-56d49e3a\">\n<div class=\"wp-block-uagb-image uagb-block-207e986c wp-block-uagb-image--layout-default wp-block-uagb-image--effect-static wp-block-uagb-image--align-none\"><figure class=\"wp-block-uagb-image__figure\"><img decoding=\"async\" srcset=\"https:\/\/dev.bassin-arcachon.com\/wp-content\/uploads\/2020\/07\/Sillonnez-03-GujanMestras.jpeg \" sizes=\"auto, (max-width: 480px) 150px\" src=\"https:\/\/dev.bassin-arcachon.com\/wp-content\/uploads\/2020\/07\/Sillonnez-03-GujanMestras.jpeg\" alt=\"- - Bassin d&#039;Arcachon\" class=\"uag-image-51465\" width=\"1000\" height=\"666\" title=\"- - Bassin d&#039;Arcachon\" loading=\"lazy\" role=\"img\"><\/figure><\/div>\n<\/div>\n<\/div><\/div>\n\n\n\n<div style=\"height:40px\" aria-hidden=\"true\" class=\"wp-block-spacer\"><\/div>\n\n\n\n<div class=\"wp-block-uagb-container uagb-block-3ddc2cdc alignfull uagb-is-root-container\"><div class=\"uagb-container-inner-blocks-wrap\">\n<h2 class=\"wp-block-heading\">Bummeln von Hafen zu Hafen<\/h2>\n\n\n\n<p>Mit&nbsp;<strong>bunte H\u00fctten<\/strong>, seine&nbsp;<strong>Austernz\u00fcchter<\/strong>&nbsp;und&nbsp;<a href=\"https:\/\/www.bassin-arcachon.com\/ou-manger\/cabanes-a-huitres\/\">Austernverkostung<\/a>, gibt es viele M\u00f6glichkeiten, in Gujan-Mestras anzuhalten. Jeder Hafen hat seine eigene Authentizit\u00e4t und ver\u00e4ndert sich im Rhythmus der Gezeiten. Auf der Esplanade der Austernz\u00fcchter bei&nbsp;<a href=\"https:\/\/www.bassin-arcachon.com\/plein-les-yeux-au-port-de-larros\/\">Hafen von Larros<\/a>, g\u00f6nnen Sie sich eine Pause, um die Austernz\u00fcchter zu treffen und die Austern zu probieren, begleitet von einigen Garnelen und Pasteten! Und um die Geschichte der Auster vollst\u00e4ndig zu verstehen, nutzen Sie diesen Spaziergang, um die zu besuchen&nbsp;<a href=\"http:\/\/www.maison-huitre.fr\/\" target=\"_blank\" rel=\"noopener\">Austernhaus<\/a>.<\/p>\n<\/div><\/div>\n\n\n<div class=\"wp-block-image\">\n<figure class=\"aligncenter size-large is-resized\"><img loading=\"lazy\" decoding=\"async\" width=\"1024\" height=\"683\" src=\"https:\/\/dev.bassin-arcachon.com\/wp-content\/uploads\/2023\/02\/20191203_HD_Hiver_Pole-de-Larros_Gujan_CASSIAU-11-1-scaled-1024x683.jpg\" alt=\"- - Bassin d&#039;Arcachon\" class=\"wp-image-55080\" style=\"aspect-ratio:16\/9;object-fit:cover;width:1200px\" title=\"- - Bassin d&#039;Arcachon\" srcset=\"https:\/\/dev.bassin-arcachon.com\/wp-content\/uploads\/2023\/02\/20191203_HD_Hiver_Pole-de-Larros_Gujan_CASSIAU-11-1-scaled-1024x683.jpg 1024w, https:\/\/dev.bassin-arcachon.com\/wp-content\/uploads\/2023\/02\/20191203_HD_Hiver_Pole-de-Larros_Gujan_CASSIAU-11-1-scaled-300x200.jpg 300w, https:\/\/dev.bassin-arcachon.com\/wp-content\/uploads\/2023\/02\/20191203_HD_Hiver_Pole-de-Larros_Gujan_CASSIAU-11-1-scaled-768x512.jpg 768w, https:\/\/dev.bassin-arcachon.com\/wp-content\/uploads\/2023\/02\/20191203_HD_Hiver_Pole-de-Larros_Gujan_CASSIAU-11-1-scaled-1536x1024.jpg 1536w, https:\/\/dev.bassin-arcachon.com\/wp-content\/uploads\/2023\/02\/20191203_HD_Hiver_Pole-de-Larros_Gujan_CASSIAU-11-1-scaled-2048x1366.jpg 2048w, https:\/\/dev.bassin-arcachon.com\/wp-content\/uploads\/2023\/02\/20191203_HD_Hiver_Pole-de-Larros_Gujan_CASSIAU-11-1-scaled-18x12.jpg 18w, https:\/\/dev.bassin-arcachon.com\/wp-content\/uploads\/2023\/02\/20191203_HD_Hiver_Pole-de-Larros_Gujan_CASSIAU-11-1-scaled-640x427.jpg 640w, https:\/\/dev.bassin-arcachon.com\/wp-content\/uploads\/2023\/02\/20191203_HD_Hiver_Pole-de-Larros_Gujan_CASSIAU-11-1-scaled-1200x800.jpg 1200w, https:\/\/dev.bassin-arcachon.com\/wp-content\/uploads\/2023\/02\/20191203_HD_Hiver_Pole-de-Larros_Gujan_CASSIAU-11-1-scaled-1920x1280.jpg 1920w\" sizes=\"auto, (max-width: 1024px) 100vw, 1024px\" \/><\/figure><\/div>\n\n\n<div style=\"height:40px\" aria-hidden=\"true\" class=\"wp-block-spacer\"><\/div>\n\n\n\n<div class=\"wp-block-uagb-container uagb-block-2702df83 alignfull uagb-is-root-container\"><div class=\"uagb-container-inner-blocks-wrap\">\n<h2 class=\"wp-block-heading\">Der K\u00fcstenweg Gujan-Mestras, zu Fu\u00df oder mit dem Fahrrad<\/h2>\n\n\n\n<p>Dies&nbsp;<strong>7 km lange Route verbindet die 7 H\u00e4fen von Gujan-Mestras<\/strong>&nbsp;und durchquert gesch\u00fctzte Landschaften zwischen Bassin und Salzwiesen. Nehmen Sie zu Fu\u00df oder mit dem Fahrrad den K\u00fcstenweg, um sich wieder mit der Natur zu verbinden. Bei Ebbe f\u00fchlt man sich stellenweise wie mitten in der Savanne, w\u00e4hrend man bei Flut die Stege direkt \u00fcber dem Wasser \u00fcberquert!<\/p>\n\n\n\n<p>Nutzen Sie Ihre Zeit in den H\u00e4fen, um die zu besuchen\u00a0<strong>Treffen der Austernz\u00fcchter<\/strong>\u00a0oder machen Sie es sich f\u00fcr ein spontanes Picknick in der N\u00e4he des Weges gem\u00fctlich!<\/p>\n\n\n\n<div style=\"height:40px\" aria-hidden=\"true\" class=\"wp-block-spacer\"><\/div>\n<\/div><\/div>\n\n\n\n<div class=\"wp-block-uagb-container uagb-block-fa9f6d1e alignfull uagb-is-root-container\">\n<div class=\"wp-block-cover is-light has-parallax\"><span aria-hidden=\"true\" class=\"wp-block-cover__background has-background-dim-0 has-background-dim\"><\/span><div class=\"wp-block-cover__image-background wp-image-20636 has-parallax\" style=\"background-position:50% 50%;background-image:url(https:\/\/dev.bassin-arcachon.com\/wp-content\/uploads\/2018\/04\/Sentier-littoral-Gujan.jpg)\"><\/div><div class=\"wp-block-cover__inner-container is-layout-flow wp-block-cover-is-layout-flow\">\n<h2 class=\"wp-block-heading has-text-align-center has-white-color has-text-color has-background has-large-font-size\" style=\"background-color:#000000b3\"><a href=\"https:\/\/www.gironde-tourisme.fr\/patrimoine-naturel\/le-sentier-du-littoral-de-gujan-mestras\/\" target=\"_blank\" rel=\"noopener\">Nehmen Sie am fr\u00fchen Morgen oder am Ende des Tages den K\u00fcstenweg<\/a><\/h2>\n<\/div><\/div>\n<\/div>\n\n\n\n<div style=\"height:40px\" aria-hidden=\"true\" class=\"wp-block-spacer\"><\/div>\n\n\n\n<div class=\"wp-block-uagb-container uagb-block-7bbb98c5 alignfull uagb-is-root-container\"><div class=\"uagb-container-inner-blocks-wrap\">\n<div class=\"wp-block-uagb-container uagb-block-c027a36d\">\n<h2 class=\"wp-block-heading\">Eratopia f\u00fcr einen Familientag<\/h2>\n\n\n\n<p>Hier gibt es&nbsp;<strong>Freizeitparks<\/strong>&nbsp;F\u00fcr jedes Alter und jeden Geschmack: La Coccinelle, Kid Parc, Aqualand, Bassin Aventures, Max&#039; Golf, Laser Lander... W\u00e4hrend sich die Kinder auf den Rutschen, der Achterbahn oder sogar auf einem Parcours in den B\u00e4umen vergn\u00fcgen, Erwachsene k\u00f6nnen ihr Gl\u00fcck auf einem Golfplatz versuchen&nbsp;<a href=\"https:\/\/bluegreen.fr\/\" target=\"_blank\" rel=\"noopener\">Blaugr\u00fcn aus Gujan-Mestras.<\/a><\/p>\n\n\n\n<p><strong>Planen Sie im Juli-August einen Tag in einem der gr\u00f6\u00dften Wasserparks an der Atlantikk\u00fcste ein: Aqualand!<\/strong><\/p>\n<\/div>\n\n\n\n<div class=\"wp-block-uagb-container uagb-block-4fb842d7\">\n<figure class=\"wp-block-embed is-type-video is-provider-vimeo wp-block-embed-vimeo wp-embed-aspect-16-9 wp-has-aspect-ratio\"><div class=\"wp-block-embed__wrapper\">\n<iframe loading=\"lazy\" title=\"Freizeitparks von Bassin d&#039;Arcachon in den 30er Jahren\" src=\"https:\/\/player.vimeo.com\/video\/209048634?dnt=1&amp;app_id=122963\" width=\"500\" height=\"281\" frameborder=\"0\" allow=\"autoplay; fullscreen; picture-in-picture; clipboard-write\"><\/iframe>\n<\/div><\/figure>\n<\/div>\n<\/div><\/div>","protected":false},"excerpt":{"rendered":"<p>Gujan-Mestras, die Stadt mit 7 H\u00e4fen In Gujan-Mestras gibt es nicht weniger als 7 Austernzuchth\u00e4fen. Hier k\u00f6nnen Sie die t\u00e4gliche Arbeit der Austernz\u00fcchter beobachten, die M\u00f6glichkeit haben, etwas zu lernen [\u2026]<\/p>","protected":false},"author":25,"featured_media":11174,"parent":29,"menu_order":3,"comment_status":"closed","ping_status":"closed","template":"","meta":{"_acf_changed":false,"_uag_custom_page_level_css":"","footnotes":""},"class_list":["post-117","page","type-page","status-publish","has-post-thumbnail","hentry"],"acf":[],"uagb_featured_image_src":{"full":["https:\/\/dev.bassin-arcachon.com\/wp-content\/uploads\/2017\/02\/Sentier_littoral_Gujan_N6825.jpg",2048,1365,false],"thumbnail":["https:\/\/dev.bassin-arcachon.com\/wp-content\/uploads\/2017\/02\/Sentier_littoral_Gujan_N6825-150x150.jpg",150,150,true],"medium":["https:\/\/dev.bassin-arcachon.com\/wp-content\/uploads\/2017\/02\/Sentier_littoral_Gujan_N6825-300x200.jpg",300,200,true],"medium_large":["https:\/\/dev.bassin-arcachon.com\/wp-content\/uploads\/2017\/02\/Sentier_littoral_Gujan_N6825-768x512.jpg",768,512,true],"large":["https:\/\/dev.bassin-arcachon.com\/wp-content\/uploads\/2017\/02\/Sentier_littoral_Gujan_N6825-1024x683.jpg",1024,683,true],"1536x1536":["https:\/\/dev.bassin-arcachon.com\/wp-content\/uploads\/2017\/02\/Sentier_littoral_Gujan_N6825-1536x1024.jpg",1536,1024,true],"2048x2048":["https:\/\/dev.bassin-arcachon.com\/wp-content\/uploads\/2017\/02\/Sentier_littoral_Gujan_N6825.jpg",2048,1365,false],"trp-custom-language-flag":["https:\/\/dev.bassin-arcachon.com\/wp-content\/uploads\/2017\/02\/Sentier_littoral_Gujan_N6825-18x12.jpg",18,12,true],"fp-small":["https:\/\/dev.bassin-arcachon.com\/wp-content\/uploads\/2017\/02\/Sentier_littoral_Gujan_N6825-640x427.jpg",640,427,true],"fp-large":["https:\/\/dev.bassin-arcachon.com\/wp-content\/uploads\/2017\/02\/Sentier_littoral_Gujan_N6825-1200x800.jpg",1200,800,true],"fp-xlarge":["https:\/\/dev.bassin-arcachon.com\/wp-content\/uploads\/2017\/02\/Sentier_littoral_Gujan_N6825-1920x1280.jpg",1920,1280,true]},"uagb_author_info":{"display_name":"Marie Clauzel","author_link":"https:\/\/dev.bassin-arcachon.com\/de\/author\/mariesiba\/"},"uagb_comment_info":0,"uagb_excerpt":"Gujan-Mestras, la ville aux 7 ports Ce n\u2019est pas moins de 7 ports ostr\u00e9icoles qui se succ\u00e8dent \u00e0&nbsp;Gujan-Mestras. Ici, vous pourrez observer le travail quotidien des ostr\u00e9iculteurs, l\u2019occasion d\u2019en apprendre [&hellip;]","_links":{"self":[{"href":"https:\/\/dev.bassin-arcachon.com\/de\/wp-json\/wp\/v2\/pages\/117","targetHints":{"allow":["GET"]}}],"collection":[{"href":"https:\/\/dev.bassin-arcachon.com\/de\/wp-json\/wp\/v2\/pages"}],"about":[{"href":"https:\/\/dev.bassin-arcachon.com\/de\/wp-json\/wp\/v2\/types\/page"}],"author":[{"embeddable":true,"href":"https:\/\/dev.bassin-arcachon.com\/de\/wp-json\/wp\/v2\/users\/25"}],"replies":[{"embeddable":true,"href":"https:\/\/dev.bassin-arcachon.com\/de\/wp-json\/wp\/v2\/comments?post=117"}],"version-history":[{"count":1,"href":"https:\/\/dev.bassin-arcachon.com\/de\/wp-json\/wp\/v2\/pages\/117\/revisions"}],"predecessor-version":[{"id":118613,"href":"https:\/\/dev.bassin-arcachon.com\/de\/wp-json\/wp\/v2\/pages\/117\/revisions\/118613"}],"up":[{"embeddable":true,"href":"https:\/\/dev.bassin-arcachon.com\/de\/wp-json\/wp\/v2\/pages\/29"}],"wp:featuredmedia":[{"embeddable":true,"href":"https:\/\/dev.bassin-arcachon.com\/de\/wp-json\/wp\/v2\/media\/11174"}],"wp:attachment":[{"href":"https:\/\/dev.bassin-arcachon.com\/de\/wp-json\/wp\/v2\/media?parent=117"}],"curies":[{"name":"wp","href":"https:\/\/api.w.org\/{rel}","templated":true}]}}