{"id":125,"date":"2017-02-08T09:53:52","date_gmt":"2017-02-08T08:53:52","guid":{"rendered":"https:\/\/dev.bassin-arcachon.com\/\/?page_id=125"},"modified":"2025-02-17T10:47:27","modified_gmt":"2025-02-17T09:47:27","slug":"die-pilat-dune","status":"publish","type":"page","link":"https:\/\/dev.bassin-arcachon.com\/de\/unser-wesentliches\/die-pilat-dune\/","title":{"rendered":"Die D\u00fcne von Pilat"},"content":{"rendered":"<div class=\"wp-block-uagb-container uagb-block-4a693cf6 alignfull uagb-is-root-container\"><div class=\"uagb-container-inner-blocks-wrap\">\n<div class=\"wp-block-uagb-container uagb-block-f8d2456f\">\n<div class=\"wp-block-uagb-image aligncenter uagb-block-5806e89a wp-block-uagb-image--layout-default wp-block-uagb-image--effect-static wp-block-uagb-image--align-center\"><figure class=\"wp-block-uagb-image__figure\"><img decoding=\"async\" srcset=\"https:\/\/dev.bassin-arcachon.com\/wp-content\/uploads\/2017\/02\/mini-map-dune-pilat.jpg \" sizes=\"auto, (max-width: 480px) 150px\" src=\"https:\/\/dev.bassin-arcachon.com\/wp-content\/uploads\/2017\/02\/mini-map-dune-pilat.jpg\" alt=\"- - Bassin d&#039;Arcachon\" class=\"uag-image-1859\" width=\"278\" height=\"278\" title=\"- - Bassin d&#039;Arcachon\" loading=\"lazy\" role=\"img\"><\/figure><\/div>\n<\/div>\n\n\n\n<div class=\"wp-block-uagb-container uagb-block-2fa43e86\">\n<h3 class=\"wp-block-heading has-text-align-center\">\u00dcberpr\u00fcfen Sie vor Ihrer Ankunft die Anwesenheit des Parkplatzes in Echtzeit<\/h3>\n<\/div>\n\n\n\n<div class=\"wp-block-uagb-container uagb-block-854a895e\">\n<iframe loading=\"lazy\" id=\"freq\" width=\"100%\" height=\"100%\" src=\"https:\/\/dev.bassin-arcachon.com\/parking\/?lang=fr\" ><\/iframe>\n<script>document.getElementById('freq').contentWindow.location.href=document.getElementById('freq').src<\/script>\n<\/div>\n<\/div><\/div>\n\n\n\n<p><\/p>\n\n\n\n<div class=\"wp-block-uagb-container uagb-block-617baba4 alignfull uagb-is-root-container\">\n<div class=\"wp-block-uagb-container uagb-block-ad79986e\">\n<h2 class=\"wp-block-heading has-text-align-center uag-hide-mob\" style=\"font-size:21px\">Klettern Sie auf die Spitze der h\u00f6chsten D\u00fcne Europas, La Teste de Buch, und bewundern Sie ein einzigartiges Panorama des Bassin von Arcachon!<\/h2>\n\n\n\n<h2 class=\"wp-block-heading has-text-align-center has-medium-font-size uag-hide-desktop uag-hide-tab\">Steigen Sie auf die Spitze der h\u00f6chsten D\u00fcne Europas, um ein einzigartiges Panorama des Bassin d&#039;Arcachon zu bewundern!<\/h2>\n<\/div>\n<\/div>\n\n\n\n<div style=\"height:60px\" aria-hidden=\"true\" class=\"wp-block-spacer\"><\/div>\n\n\n\n<div class=\"wp-block-uagb-container uagb-block-c70d9b2c alignfull uagb-is-root-container\"><div class=\"uagb-container-inner-blocks-wrap\">\n<div class=\"wp-block-uagb-container uagb-block-b5bb1907\">\t\t\t\t\t<div\n\t\t\t\t\t\tclass=\"wp-block-uagb-image-gallery uagb-block-28b9889b\"\n\t\t\t\t\t\tstyle=\"\"\n\t\t\t\t\t>\n\t\t\t\t\t\t\t\t\t\t\t<div class=\"spectra-image-gallery spectra-image-gallery__layout--carousel\">\n\t\t\t\t\t\t\t\t<div class=\"uagb-slick-carousel uagb-block-28b9889b\">\n\t\t\t\t\t\t\t\t\t\t\t\t<div class='spectra-image-gallery__media-wrapper' data-spectra-gallery-image-id='54186'>\n\t\t\t\t\t\t\t<div class=\"spectra-image-gallery__media spectra-image-gallery__media--carousel\">\n\t\t\t\t<picture>\n\t\t\t\t\t<source media=\"(min-width: 1024px)\" srcset=\"https:\/\/dev.bassin-arcachon.com\/wp-content\/uploads\/2023\/01\/20210823_HD_Ete_Couple-Dune-Pyla_BIETTE-42-scaled-1024x683.jpg\">\n\t\t\t\t\t<source media=\"(min-width: 768px)\" srcset=\"https:\/\/dev.bassin-arcachon.com\/wp-content\/uploads\/2023\/01\/20210823_HD_Ete_Couple-Dune-Pyla_BIETTE-42-scaled-1024x683.jpg\">\n\t\t\t\t\t<img decoding=\"async\" class=\"spectra-image-gallery__media-thumbnail spectra-image-gallery__media-thumbnail--carousel\" src=\"https:\/\/dev.bassin-arcachon.com\/wp-content\/uploads\/2023\/01\/20210823_HD_Ete_Couple-Dune-Pyla_BIETTE-42-scaled-300x200.jpg\" alt=\"- - Bassin d&#039;Arcachon\" loading=\"lazy\" title=\"- - Bassin d&#039;Arcachon\">\n\t\t\t\t<\/picture>\n\t\t\t\t<div class=\"spectra-image-gallery__media-thumbnail-blurrer\"><\/div>\n\t\t\t\t\t\t\t\t\t\t\t<div class=\"spectra-image-gallery__media-thumbnail-caption-wrapper spectra-image-gallery__media-thumbnail-caption-wrapper--overlay\"><\/div>\n\t\t\t\t\t\t\t\t<\/div>\n\t\t\t\t\t\t<\/div>\n\t\t\t\t\t\t<div class='spectra-image-gallery__media-wrapper' data-spectra-gallery-image-id='51794'>\n\t\t\t\t\t\t\t<div class=\"spectra-image-gallery__media spectra-image-gallery__media--carousel\">\n\t\t\t\t<picture>\n\t\t\t\t\t<source media=\"(min-width: 1024px)\" srcset=\"https:\/\/dev.bassin-arcachon.com\/wp-content\/uploads\/2020\/07\/20220326_HD_DuneEmpreintes_GAUTIER-scaled-735x1024.jpg\">\n\t\t\t\t\t<source media=\"(min-width: 768px)\" srcset=\"https:\/\/dev.bassin-arcachon.com\/wp-content\/uploads\/2020\/07\/20220326_HD_DuneEmpreintes_GAUTIER-scaled-735x1024.jpg\">\n\t\t\t\t\t<img decoding=\"async\" class=\"spectra-image-gallery__media-thumbnail spectra-image-gallery__media-thumbnail--carousel\" src=\"https:\/\/dev.bassin-arcachon.com\/wp-content\/uploads\/2020\/07\/20220326_HD_DuneEmpreintes_GAUTIER-scaled-215x300.jpg\" alt=\"- - Bassin d&#039;Arcachon\" loading=\"lazy\" title=\"- - Bassin d&#039;Arcachon\">\n\t\t\t\t<\/picture>\n\t\t\t\t<div class=\"spectra-image-gallery__media-thumbnail-blurrer\"><\/div>\n\t\t\t\t\t\t\t\t\t\t\t<div class=\"spectra-image-gallery__media-thumbnail-caption-wrapper spectra-image-gallery__media-thumbnail-caption-wrapper--overlay\"><\/div>\n\t\t\t\t\t\t\t\t<\/div>\n\t\t\t\t\t\t<\/div>\n\t\t\t\t\t\t<div class='spectra-image-gallery__media-wrapper' data-spectra-gallery-image-id='54208'>\n\t\t\t\t\t\t\t<div class=\"spectra-image-gallery__media spectra-image-gallery__media--carousel\">\n\t\t\t\t<picture>\n\t\t\t\t\t<source media=\"(min-width: 1024px)\" srcset=\"https:\/\/dev.bassin-arcachon.com\/wp-content\/uploads\/2023\/01\/20191203_HD_Hiver_Dune-du-Pilat_CASSIAU-52-scaled-683x1024.jpg\">\n\t\t\t\t\t<source media=\"(min-width: 768px)\" srcset=\"https:\/\/dev.bassin-arcachon.com\/wp-content\/uploads\/2023\/01\/20191203_HD_Hiver_Dune-du-Pilat_CASSIAU-52-scaled-683x1024.jpg\">\n\t\t\t\t\t<img decoding=\"async\" class=\"spectra-image-gallery__media-thumbnail spectra-image-gallery__media-thumbnail--carousel\" src=\"https:\/\/dev.bassin-arcachon.com\/wp-content\/uploads\/2023\/01\/20191203_HD_Hiver_Dune-du-Pilat_CASSIAU-52-scaled-200x300.jpg\" alt=\"- - Bassin d&#039;Arcachon\" loading=\"lazy\" title=\"- - Bassin d&#039;Arcachon\">\n\t\t\t\t<\/picture>\n\t\t\t\t<div class=\"spectra-image-gallery__media-thumbnail-blurrer\"><\/div>\n\t\t\t\t\t\t\t\t\t\t\t<div class=\"spectra-image-gallery__media-thumbnail-caption-wrapper spectra-image-gallery__media-thumbnail-caption-wrapper--overlay\"><\/div>\n\t\t\t\t\t\t\t\t<\/div>\n\t\t\t\t\t\t<\/div>\n\t\t\t\t\t\t\t\t\t\t\t<\/div>\n\t\t\t\t\t\t\t<\/div>\n\t\t\t\t\t\t\t\t\t\t\t<\/div>\n\t\t\t\t\t\t\t\t\t<\/div>\n\n\n\n<div class=\"wp-block-uagb-container uagb-block-ab572ab6\">\n<p>Eine H\u00f6he von 104,2 m und 3 km L\u00e4nge\u2026 und unter unseren F\u00fc\u00dfen Millionen von m<sup>3<\/sup>\u00a0aus feinem Sand und 40 Jahrhunderten Geschichte! Die Pilat-D\u00fcne ist st\u00e4ndig in Bewegung und bedeckt unter der Einwirkung von Wind und Gezeiten nach und nach den Wald.<\/p>\n\n\n\n<p class=\"translation-block\"><strong>Cleverer Tipp<\/strong> : Der Zugang zur Dune du Pilat bleibt kostenlos, wenn Sie zu Fu\u00df, mit dem Fahrrad oder mit dem Ba\u00efa-Bus kommen (1 \u20ac einfache Fahrt). Kostenpflichtiges Parken: 7 \u20ac\/Fahrzeug f\u00fcr 4 Stunden (Beitrag zum Erhalt des Denkmalschutzgebietes) <strong>.<\/strong><\/p>\n\n\n\n<p>Denken Sie nicht, dass die Dune du Pilat nur im Sommer besucht werden kann! Die Farben und die Fahrgesch\u00e4fte sind zu jeder Jahreszeit fantastisch. Erklimmen Sie die Spitze von den Stufen, die von Ostern bis Allerheiligen installiert wurden, oder f\u00fcr die Mutigsten durch den Sand!<\/p>\n\n\n\n<p><a href=\"http:\/\/www.ladunedupilat.com\/\" target=\"_blank\" rel=\"noreferrer noopener\">Weitere Informationen auf der Website von Dune du Pilat<\/a><\/p>\n\n\n\n<p class=\"translation-block\">Entdecken Sie <a href=\"https:\/\/dev.bassin-arcachon.com\/de\/unsere-stadte-und-dorfer\/der-buch-test\/\" target=\"_self\">La Teste de Buch<\/a> .<\/p>\n<\/div>\n<\/div><\/div>\n\n\n\n<div style=\"height:40px\" aria-hidden=\"true\" class=\"wp-block-spacer\"><\/div>\n\n\n\n<div class=\"wp-block-uagb-container uagb-block-983eedf3 alignfull uagb-is-root-container\"><div class=\"uagb-container-inner-blocks-wrap\">\n<figure class=\"wp-block-embed is-type-video is-provider-youtube wp-block-embed-youtube wp-embed-aspect-16-9 wp-has-aspect-ratio\"><div class=\"wp-block-embed__wrapper\">\n<iframe loading=\"lazy\" title=\"Die Dune du Pilat im Wandel der Jahreszeiten\" width=\"500\" height=\"281\" src=\"https:\/\/www.youtube.com\/embed\/DoV3fcfrF58?feature=oembed\" frameborder=\"0\" allow=\"accelerometer; autoplay; clipboard-write; encrypted-media; gyroscope; picture-in-picture; web-share\" referrerpolicy=\"strict-origin-when-cross-origin\" allowfullscreen><\/iframe>\n<\/div><\/figure>\n<\/div><\/div>\n\n\n\n<p><\/p>\n\n\n\n<div class=\"wp-block-uagb-container uagb-block-e5deb74f alignfull uagb-is-root-container\">\n<div class=\"wp-block-cover is-light has-parallax\"><span aria-hidden=\"true\" class=\"wp-block-cover__background has-background-dim-0 has-background-dim\"><\/span><div class=\"wp-block-cover__image-background wp-image-174 has-parallax\" style=\"background-position:50% 50%;background-image:url(https:\/\/dev.bassin-arcachon.com\/wp-content\/uploads\/2017\/02\/resultat-activite-pilat.jpg)\"><\/div><div class=\"wp-block-cover__inner-container is-layout-flow wp-block-cover-is-layout-flow\">\n<h2 class=\"wp-block-heading has-text-align-center has-white-color has-text-color has-background has-large-font-size\" style=\"background-color:#000000b3\">Zu jeder Jahreszeit bietet die Dune du Pilat einen Aussichtspunkt<br>anders und immer atemberaubend!<\/h2>\n<\/div><\/div>\n<\/div>\n\n\n\n<div style=\"height:60px\" aria-hidden=\"true\" class=\"wp-block-spacer\"><\/div>\n\n\n\n<div class=\"wp-block-uagb-container uagb-block-7490e5b8 alignfull uagb-is-root-container\"><div class=\"uagb-container-inner-blocks-wrap\">\n<div class=\"wp-block-uagb-container uagb-block-a1cfe318\">\n<h2 class=\"wp-block-heading\">Bleiben Sie nicht am oberen Ende der Treppe stehen, sondern gehen Sie den Kamm der Pilat-D\u00fcne entlang!<\/h2>\n\n\n\n<p>Oben angekommen, atmen Sie durch und \u00f6ffnen Sie Ihre Augen weit! Von der Spitze der D\u00fcne haben Sie einen einzigartigen Blick auf das Naturschutzgebiet von&nbsp;<a href=\"https:\/\/dev.bassin-arcachon.com\/de\/unser-wesentliches\/die-darguin-bank\/\">Bank von Arguin<\/a>, der Wald u&nbsp;<a href=\"http:\/\/bassin-arcachon.com\/nos-incontournables\/le-phare-et-pointe-du-cap-ferret\/\">die Spitze von Cap Ferret.<\/a><\/p>\n\n\n\n<p>Spazieren Sie entlang der Dune du Pilat, \u00fcber die Treppe hinaus, und genie\u00dfen Sie die Grand Site in v\u00f6lliger Ruhe. An seinem Fu\u00df l\u00e4dt der Strand Corniche zu einer erfrischenden Pause oder einem Spaziergang am Wasser entlang ein! Auf der anderen Seite <a href=\"https:\/\/dev.bassin-arcachon.com\/wp-admin\/post.php?post=27490&amp;action=edit\" data-type=\"link\" data-id=\"https:\/\/dev.bassin-arcachon.com\/wp-admin\/post.php?post=27490&amp;action=edit\">Campingpl\u00e4tze<\/a> Willkommen.<\/p>\n\n\n\n<p>Flucht f\u00fcr a&nbsp;<strong>Wanderung<\/strong>. Sie werden endemische Pflanzen wie die Immortelle des Sandes entdecken, die die Umgebungsluft parf\u00fcmieren. Von April bis September viele&nbsp;<strong>Unterhaltung in der Natur<\/strong>&nbsp;werden f\u00fcr Jung und Alt angeboten. Treffen Sie sich am Infopoint Dune du Pilat!<\/p>\n<\/div>\n\n\n\n<div class=\"wp-block-uagb-container uagb-block-365b1ae6\">\t\t\t\t\t<div\n\t\t\t\t\t\tclass=\"wp-block-uagb-image-gallery uagb-block-75ca12f8\"\n\t\t\t\t\t\tstyle=\"\"\n\t\t\t\t\t>\n\t\t\t\t\t\t\t\t\t\t\t<div class=\"spectra-image-gallery spectra-image-gallery__layout--carousel\">\n\t\t\t\t\t\t\t\t<div class=\"uagb-slick-carousel uagb-block-75ca12f8\">\n\t\t\t\t\t\t\t\t\t\t\t\t<div class='spectra-image-gallery__media-wrapper' data-spectra-gallery-image-id='54206'>\n\t\t\t\t\t\t\t<div class=\"spectra-image-gallery__media spectra-image-gallery__media--carousel\">\n\t\t\t\t<picture>\n\t\t\t\t\t<source media=\"(min-width: 1024px)\" srcset=\"https:\/\/dev.bassin-arcachon.com\/wp-content\/uploads\/2023\/01\/Photos-Dune-scaled-1024x576.jpg\">\n\t\t\t\t\t<source media=\"(min-width: 768px)\" srcset=\"https:\/\/dev.bassin-arcachon.com\/wp-content\/uploads\/2023\/01\/Photos-Dune-scaled-1024x576.jpg\">\n\t\t\t\t\t<img decoding=\"async\" class=\"spectra-image-gallery__media-thumbnail spectra-image-gallery__media-thumbnail--carousel\" src=\"https:\/\/dev.bassin-arcachon.com\/wp-content\/uploads\/2023\/01\/Photos-Dune-scaled-300x169.jpg\" alt=\"- - Bassin d&#039;Arcachon\" loading=\"lazy\" title=\"- - Bassin d&#039;Arcachon\">\n\t\t\t\t<\/picture>\n\t\t\t\t<div class=\"spectra-image-gallery__media-thumbnail-blurrer\"><\/div>\n\t\t\t\t\t\t\t\t\t\t\t<div class=\"spectra-image-gallery__media-thumbnail-caption-wrapper spectra-image-gallery__media-thumbnail-caption-wrapper--overlay\"><\/div>\n\t\t\t\t\t\t\t\t<\/div>\n\t\t\t\t\t\t<\/div>\n\t\t\t\t\t\t<div class='spectra-image-gallery__media-wrapper' data-spectra-gallery-image-id='54188'>\n\t\t\t\t\t\t\t<div class=\"spectra-image-gallery__media spectra-image-gallery__media--carousel\">\n\t\t\t\t<picture>\n\t\t\t\t\t<source media=\"(min-width: 1024px)\" srcset=\"https:\/\/dev.bassin-arcachon.com\/wp-content\/uploads\/2023\/01\/2022_Vue-aerienne_BELLON-5-scaled-1024x683.jpg\">\n\t\t\t\t\t<source media=\"(min-width: 768px)\" srcset=\"https:\/\/dev.bassin-arcachon.com\/wp-content\/uploads\/2023\/01\/2022_Vue-aerienne_BELLON-5-scaled-1024x683.jpg\">\n\t\t\t\t\t<img decoding=\"async\" class=\"spectra-image-gallery__media-thumbnail spectra-image-gallery__media-thumbnail--carousel\" src=\"https:\/\/dev.bassin-arcachon.com\/wp-content\/uploads\/2023\/01\/2022_Vue-aerienne_BELLON-5-scaled-300x200.jpg\" alt=\"- - Bassin d&#039;Arcachon\" loading=\"lazy\" title=\"- - Bassin d&#039;Arcachon\">\n\t\t\t\t<\/picture>\n\t\t\t\t<div class=\"spectra-image-gallery__media-thumbnail-blurrer\"><\/div>\n\t\t\t\t\t\t\t\t\t\t\t<div class=\"spectra-image-gallery__media-thumbnail-caption-wrapper spectra-image-gallery__media-thumbnail-caption-wrapper--overlay\"><\/div>\n\t\t\t\t\t\t\t\t<\/div>\n\t\t\t\t\t\t<\/div>\n\t\t\t\t\t\t<div class='spectra-image-gallery__media-wrapper' data-spectra-gallery-image-id='49538'>\n\t\t\t\t\t\t\t<div class=\"spectra-image-gallery__media spectra-image-gallery__media--carousel\">\n\t\t\t\t<picture>\n\t\t\t\t\t<source media=\"(min-width: 1024px)\" srcset=\"https:\/\/dev.bassin-arcachon.com\/wp-content\/uploads\/2021\/04\/Syndicat-Mixte-Dune-du-Pilat-Recadr\u00e9.jpg\">\n\t\t\t\t\t<source media=\"(min-width: 768px)\" srcset=\"https:\/\/dev.bassin-arcachon.com\/wp-content\/uploads\/2021\/04\/Syndicat-Mixte-Dune-du-Pilat-Recadr\u00e9.jpg\">\n\t\t\t\t\t<img decoding=\"async\" class=\"spectra-image-gallery__media-thumbnail spectra-image-gallery__media-thumbnail--carousel\" src=\"https:\/\/dev.bassin-arcachon.com\/wp-content\/uploads\/2021\/04\/Syndicat-Mixte-Dune-du-Pilat-Recadr\u00e9-300x300.jpg\" alt=\"- - Bassin d&#039;Arcachon\" loading=\"lazy\" title=\"- - Bassin d&#039;Arcachon\">\n\t\t\t\t<\/picture>\n\t\t\t\t<div class=\"spectra-image-gallery__media-thumbnail-blurrer\"><\/div>\n\t\t\t\t\t\t\t\t\t\t\t<div class=\"spectra-image-gallery__media-thumbnail-caption-wrapper spectra-image-gallery__media-thumbnail-caption-wrapper--overlay\"><\/div>\n\t\t\t\t\t\t\t\t<\/div>\n\t\t\t\t\t\t<\/div>\n\t\t\t\t\t\t<div class='spectra-image-gallery__media-wrapper' data-spectra-gallery-image-id='54216'>\n\t\t\t\t\t\t\t<div class=\"spectra-image-gallery__media spectra-image-gallery__media--carousel\">\n\t\t\t\t<picture>\n\t\t\t\t\t<source media=\"(min-width: 1024px)\" srcset=\"https:\/\/dev.bassin-arcachon.com\/wp-content\/uploads\/2023\/01\/20170608_HD_Ete_Dune-du-Pilat_CASSIAU-121-scaled-1024x683.jpg\">\n\t\t\t\t\t<source media=\"(min-width: 768px)\" srcset=\"https:\/\/dev.bassin-arcachon.com\/wp-content\/uploads\/2023\/01\/20170608_HD_Ete_Dune-du-Pilat_CASSIAU-121-scaled-1024x683.jpg\">\n\t\t\t\t\t<img decoding=\"async\" class=\"spectra-image-gallery__media-thumbnail spectra-image-gallery__media-thumbnail--carousel\" src=\"https:\/\/dev.bassin-arcachon.com\/wp-content\/uploads\/2023\/01\/20170608_HD_Ete_Dune-du-Pilat_CASSIAU-121-scaled-300x200.jpg\" alt=\"- - Bassin d&#039;Arcachon\" loading=\"lazy\" title=\"- - Bassin d&#039;Arcachon\">\n\t\t\t\t<\/picture>\n\t\t\t\t<div class=\"spectra-image-gallery__media-thumbnail-blurrer\"><\/div>\n\t\t\t\t\t\t\t\t\t\t\t<div class=\"spectra-image-gallery__media-thumbnail-caption-wrapper spectra-image-gallery__media-thumbnail-caption-wrapper--overlay\"><\/div>\n\t\t\t\t\t\t\t\t<\/div>\n\t\t\t\t\t\t<\/div>\n\t\t\t\t\t\t\t\t\t\t\t<\/div>\n\t\t\t\t\t\t\t<\/div>\n\t\t\t\t\t\t\t\t\t\t\t<\/div>\n\t\t\t\t\t\t\t\t\t<\/div>\n<\/div><\/div>\n\n\n\n<div style=\"height:40px\" aria-hidden=\"true\" class=\"wp-block-spacer\"><\/div>","protected":false},"excerpt":{"rendered":"<p>Avant de venir, consultez la fr\u00e9quentation du parking en temps r\u00e9el Grimpez jusqu\u2019au sommet de la plus haute dune d\u2019Europe, \u00e0 La Teste de Buch, pour admirer un panorama unique [&hellip;]<\/p>","protected":false},"author":25,"featured_media":6900,"parent":27,"menu_order":0,"comment_status":"closed","ping_status":"closed","template":"","meta":{"_acf_changed":false,"_uag_custom_page_level_css":"","footnotes":""},"class_list":["post-125","page","type-page","status-publish","has-post-thumbnail","hentry"],"acf":[],"uagb_featured_image_src":{"full":["https:\/\/dev.bassin-arcachon.com\/wp-content\/uploads\/2017\/02\/Dune-du-pilat-intro.jpg",1200,525,false],"thumbnail":["https:\/\/dev.bassin-arcachon.com\/wp-content\/uploads\/2017\/02\/Dune-du-pilat-intro-150x150.jpg",150,150,true],"medium":["https:\/\/dev.bassin-arcachon.com\/wp-content\/uploads\/2017\/02\/Dune-du-pilat-intro-300x131.jpg",300,131,true],"medium_large":["https:\/\/dev.bassin-arcachon.com\/wp-content\/uploads\/2017\/02\/Dune-du-pilat-intro-768x336.jpg",768,336,true],"large":["https:\/\/dev.bassin-arcachon.com\/wp-content\/uploads\/2017\/02\/Dune-du-pilat-intro-1024x448.jpg",1024,448,true],"1536x1536":["https:\/\/dev.bassin-arcachon.com\/wp-content\/uploads\/2017\/02\/Dune-du-pilat-intro.jpg",1200,525,false],"2048x2048":["https:\/\/dev.bassin-arcachon.com\/wp-content\/uploads\/2017\/02\/Dune-du-pilat-intro.jpg",1200,525,false],"trp-custom-language-flag":["https:\/\/dev.bassin-arcachon.com\/wp-content\/uploads\/2017\/02\/Dune-du-pilat-intro-18x8.jpg",18,8,true],"fp-small":["https:\/\/dev.bassin-arcachon.com\/wp-content\/uploads\/2017\/02\/Dune-du-pilat-intro-640x280.jpg",640,280,true],"fp-large":["https:\/\/dev.bassin-arcachon.com\/wp-content\/uploads\/2017\/02\/Dune-du-pilat-intro.jpg",1200,525,false],"fp-xlarge":["https:\/\/dev.bassin-arcachon.com\/wp-content\/uploads\/2017\/02\/Dune-du-pilat-intro.jpg",1200,525,false]},"uagb_author_info":{"display_name":"Marie Clauzel","author_link":"https:\/\/dev.bassin-arcachon.com\/de\/author\/mariesiba\/"},"uagb_comment_info":0,"uagb_excerpt":"Avant de venir, consultez la fr\u00e9quentation du parking en temps r\u00e9el Grimpez jusqu\u2019au sommet de la plus haute dune d\u2019Europe, \u00e0 La Teste de Buch, pour admirer un panorama unique [&hellip;]","_links":{"self":[{"href":"https:\/\/dev.bassin-arcachon.com\/de\/wp-json\/wp\/v2\/pages\/125","targetHints":{"allow":["GET"]}}],"collection":[{"href":"https:\/\/dev.bassin-arcachon.com\/de\/wp-json\/wp\/v2\/pages"}],"about":[{"href":"https:\/\/dev.bassin-arcachon.com\/de\/wp-json\/wp\/v2\/types\/page"}],"author":[{"embeddable":true,"href":"https:\/\/dev.bassin-arcachon.com\/de\/wp-json\/wp\/v2\/users\/25"}],"replies":[{"embeddable":true,"href":"https:\/\/dev.bassin-arcachon.com\/de\/wp-json\/wp\/v2\/comments?post=125"}],"version-history":[{"count":4,"href":"https:\/\/dev.bassin-arcachon.com\/de\/wp-json\/wp\/v2\/pages\/125\/revisions"}],"predecessor-version":[{"id":151698,"href":"https:\/\/dev.bassin-arcachon.com\/de\/wp-json\/wp\/v2\/pages\/125\/revisions\/151698"}],"up":[{"embeddable":true,"href":"https:\/\/dev.bassin-arcachon.com\/de\/wp-json\/wp\/v2\/pages\/27"}],"wp:featuredmedia":[{"embeddable":true,"href":"https:\/\/dev.bassin-arcachon.com\/de\/wp-json\/wp\/v2\/media\/6900"}],"wp:attachment":[{"href":"https:\/\/dev.bassin-arcachon.com\/de\/wp-json\/wp\/v2\/media?parent=125"}],"curies":[{"name":"wp","href":"https:\/\/api.w.org\/{rel}","templated":true}]}}