{"id":147,"date":"2017-02-08T09:58:01","date_gmt":"2017-02-08T08:58:01","guid":{"rendered":"https:\/\/dev.bassin-arcachon.com\/\/?page_id=147"},"modified":"2025-05-05T10:49:22","modified_gmt":"2025-05-05T08:49:22","slug":"bootsfahrten","status":"publish","type":"page","link":"https:\/\/dev.bassin-arcachon.com\/de\/unser-wesentliches\/bootsfahrten\/","title":{"rendered":"Bootsfahrten"},"content":{"rendered":"<div class=\"wp-block-uagb-container uagb-block-b44882d1 alignfull uagb-is-root-container\"><div class=\"uagb-container-inner-blocks-wrap\">\n<div class=\"wp-block-uagb-container uagb-block-26f7a32a\">\n<div class=\"wp-block-uagb-image uagb-block-3f009d9c wp-block-uagb-image--layout-default wp-block-uagb-image--effect-static wp-block-uagb-image--align-none\"><figure class=\"wp-block-uagb-image__figure\"><img decoding=\"async\" srcset=\"https:\/\/dev.bassin-arcachon.com\/wp-content\/uploads\/2017\/02\/mini-map-bateaux.jpg \" sizes=\"auto, (max-width: 480px) 150px\" src=\"https:\/\/dev.bassin-arcachon.com\/wp-content\/uploads\/2017\/02\/mini-map-bateaux.jpg\" alt=\"- - Bassin d&#039;Arcachon\" class=\"uag-image-1875\" width=\"278\" height=\"278\" title=\"- - Bassin d&#039;Arcachon\" loading=\"lazy\" role=\"img\"><\/figure><\/div>\n\n\n\n<h2 class=\"wp-block-heading\">Pinasse, Pinassotte, Segelboot, Katamaran... Und wenn Sie mit dem Bassin aufs Wasser fahren?<\/h2>\n\n\n\n<p>Gehen Sie an Bord eines Bootes, um die Austernb\u00e4nke entlang zu durchqueren&nbsp;<a href=\"https:\/\/www.bassin-arcachon.com\/nos-incontournables\/les-villages-et-ports-ostreicoles\/\">Austernd\u00f6rfer<\/a>&nbsp;von L\u00e8ge-Cap Ferret, machen Sie einen Halt auf der&nbsp;<a href=\"https:\/\/www.bassin-arcachon.com\/nos-incontournables\/le-banc-darguin\/\">Bank von Arguin<\/a>&nbsp;und siehe die&nbsp;<a href=\"https:\/\/www.bassin-arcachon.com\/nos-incontournables\/les-cabanes-tchanquees\/\">H\u00fctten auf Stelzen<\/a> oder verlieren Sie sich in den wilden Gassen des Leyre-Deltas. So viele M\u00f6glichkeiten, dass Sie echte Urlaubsmomente verbringen werden!<\/p>\n<\/div>\n\n\n\n<div class=\"wp-block-uagb-container uagb-block-df5a40d9\">\t\t\t\t\t<div\n\t\t\t\t\t\tclass=\"wp-block-uagb-image-gallery uagb-block-ef8daf89\"\n\t\t\t\t\t\tstyle=\"\"\n\t\t\t\t\t>\n\t\t\t\t\t\t\t\t\t\t\t<div class=\"spectra-image-gallery spectra-image-gallery__layout--carousel\">\n\t\t\t\t\t\t\t\t<div class=\"uagb-slick-carousel uagb-block-ef8daf89\">\n\t\t\t\t\t\t\t\t\t\t\t\t<div class='spectra-image-gallery__media-wrapper' data-spectra-gallery-image-id='23833'>\n\t\t\t\t\t\t\t<div class=\"spectra-image-gallery__media spectra-image-gallery__media--carousel\">\n\t\t\t\t<picture>\n\t\t\t\t\t<source media=\"(min-width: 1024px)\" srcset=\"https:\/\/dev.bassin-arcachon.com\/wp-content\/uploads\/2018\/07\/bateau-banc-darguin-bassin-darcachon.jpg\">\n\t\t\t\t\t<source media=\"(min-width: 768px)\" srcset=\"https:\/\/dev.bassin-arcachon.com\/wp-content\/uploads\/2018\/07\/bateau-banc-darguin-bassin-darcachon.jpg\">\n\t\t\t\t\t<img decoding=\"async\" class=\"spectra-image-gallery__media-thumbnail spectra-image-gallery__media-thumbnail--carousel\" src=\"https:\/\/dev.bassin-arcachon.com\/wp-content\/uploads\/2018\/07\/bateau-banc-darguin-bassin-darcachon-300x200.jpg\" alt=\"- - Bassin d&#039;Arcachon\" loading=\"lazy\" title=\"- - Bassin d&#039;Arcachon\">\n\t\t\t\t<\/picture>\n\t\t\t\t<div class=\"spectra-image-gallery__media-thumbnail-blurrer\"><\/div>\n\t\t\t\t\t\t\t\t\t\t\t<div class=\"spectra-image-gallery__media-thumbnail-caption-wrapper spectra-image-gallery__media-thumbnail-caption-wrapper--overlay\"><\/div>\n\t\t\t\t\t\t\t\t<\/div>\n\t\t\t\t\t\t<\/div>\n\t\t\t\t\t\t<div class='spectra-image-gallery__media-wrapper' data-spectra-gallery-image-id='23830'>\n\t\t\t\t\t\t\t<div class=\"spectra-image-gallery__media spectra-image-gallery__media--carousel\">\n\t\t\t\t<picture>\n\t\t\t\t\t<source media=\"(min-width: 1024px)\" srcset=\"https:\/\/dev.bassin-arcachon.com\/wp-content\/uploads\/2018\/07\/vedette-bassin-arcachon-bateau.jpg\">\n\t\t\t\t\t<source media=\"(min-width: 768px)\" srcset=\"https:\/\/dev.bassin-arcachon.com\/wp-content\/uploads\/2018\/07\/vedette-bassin-arcachon-bateau.jpg\">\n\t\t\t\t\t<img decoding=\"async\" class=\"spectra-image-gallery__media-thumbnail spectra-image-gallery__media-thumbnail--carousel\" src=\"https:\/\/dev.bassin-arcachon.com\/wp-content\/uploads\/2018\/07\/vedette-bassin-arcachon-bateau-300x200.jpg\" alt=\"- - Bassin d&#039;Arcachon\" loading=\"lazy\" title=\"- - Bassin d&#039;Arcachon\">\n\t\t\t\t<\/picture>\n\t\t\t\t<div class=\"spectra-image-gallery__media-thumbnail-blurrer\"><\/div>\n\t\t\t\t\t\t\t\t\t\t\t<div class=\"spectra-image-gallery__media-thumbnail-caption-wrapper spectra-image-gallery__media-thumbnail-caption-wrapper--overlay\"><\/div>\n\t\t\t\t\t\t\t\t<\/div>\n\t\t\t\t\t\t<\/div>\n\t\t\t\t\t\t\t\t\t\t\t<\/div>\n\t\t\t\t\t\t\t<\/div>\n\t\t\t\t\t\t\t\t\t\t\t<\/div>\n\t\t\t\t\t\t\t\t\t<\/div>\n<\/div><\/div>\n\n\n\n<div style=\"height:60px\" aria-hidden=\"true\" class=\"wp-block-spacer\"><\/div>\n\n\n\n<div class=\"wp-block-uagb-container uagb-block-d35fd1cd alignfull uagb-is-root-container\">\n<div class=\"wp-block-cover is-light has-parallax\"><div class=\"wp-block-cover__image-background wp-image-10590 has-parallax\" style=\"background-position:50% 50%;background-image:url(https:\/\/dev.bassin-arcachon.com\/wp-content\/uploads\/2017\/10\/marche-arcachon-SIBA-agence-les-conteurs-62.jpg)\"><\/div><span aria-hidden=\"true\" class=\"wp-block-cover__background has-background-dim-0 has-background-dim\" style=\"background-color:#9c9188\"><\/span><div class=\"wp-block-cover__inner-container is-layout-flow wp-block-cover-is-layout-flow\">\n<h2 class=\"wp-block-heading has-text-align-center has-white-color has-text-color has-background has-large-font-size\" style=\"background-color:#000000b3\">F\u00fcgen Sie dieser Fahrt eine Platte Austern und ein Glas Wein bei Sonnenuntergang f\u00fcr einen perfekten Tag hinzu!<\/h2>\n<\/div><\/div>\n<\/div>\n\n\n\n<div style=\"height:60px\" aria-hidden=\"true\" class=\"wp-block-spacer\"><\/div>\n\n\n\n<div class=\"wp-block-uagb-container uagb-block-635d3a02 alignfull uagb-is-root-container\"><div class=\"uagb-container-inner-blocks-wrap\">\n<div class=\"wp-block-uagb-container uagb-block-e5327ff8\">\n<h2 class=\"wp-block-heading\">See-Shuttle-\u00dcberfahrten<\/h2>\n\n\n\n<p>Was w\u00e4re, wenn wir das Auto in den Ferien stehen lassen w\u00fcrden? Verabschieden Sie sich von Staus auf dem R\u00fcckweg vom Strand, hier reisen wir mit dem Boot! Die vielen&nbsp;<a href=\"http:\/\/www.bateliers-arcachon.com\/navettes_uba.php\" target=\"_blank\" rel=\"noreferrer noopener\">UBA-Seeshuttle<\/a> erm\u00f6glichen es Ihnen, die Bassin von Arcachon in nur 30 Minuten zu \u00fcberqueren. Und f\u00fcr alle, die das Bassin erkunden m\u00f6chten, wissen Sie, dass es m\u00f6glich ist, Ihre Fahrr\u00e4der in bestimmten Shuttles mitzunehmen!<\/p>\n<\/div>\n\n\n\n<div class=\"wp-block-uagb-container uagb-block-9fac70c6\">\n<div class=\"wp-block-uagb-image uagb-block-c8de04e5 wp-block-uagb-image--layout-default wp-block-uagb-image--effect-static wp-block-uagb-image--align-none\"><figure class=\"wp-block-uagb-image__figure\"><img decoding=\"async\" srcset=\"https:\/\/dev.bassin-arcachon.com\/wp-content\/uploads\/2018\/03\/Bassin-darcachon-O\u0308-vC\u0327lo-photo-de-une-e1548077239725.jpg 1000w, https:\/\/dev.bassin-arcachon.com\/wp-content\/uploads\/2018\/03\/Bassin-darcachon-O\u0308-vC\u0327lo-photo-de-une-e1548077239725-300x200.jpg 300w, https:\/\/dev.bassin-arcachon.com\/wp-content\/uploads\/2018\/03\/Bassin-darcachon-O\u0308-vC\u0327lo-photo-de-une-e1548077239725-768x512.jpg 768w, https:\/\/dev.bassin-arcachon.com\/wp-content\/uploads\/2018\/03\/Bassin-darcachon-O\u0308-vC\u0327lo-photo-de-une-e1548077239725-18x12.jpg 18w, https:\/\/dev.bassin-arcachon.com\/wp-content\/uploads\/2018\/03\/Bassin-darcachon-O\u0308-vC\u0327lo-photo-de-une-e1548077239725-640x427.jpg 640w\" sizes=\"auto, (max-width: 480px) 150px\" src=\"https:\/\/dev.bassin-arcachon.com\/wp-content\/uploads\/2018\/03\/Bassin-darcachon-\u00d6-v\u00c7lo-photo-de-une-e1548077239725.jpg\" alt=\"- - Bassin d&#039;Arcachon\" class=\"uag-image-20075\" width=\"1000\" height=\"667\" title=\"Radfahren auf dem Bassin d&#039;Arcachon\" loading=\"lazy\" role=\"img\"><\/figure><\/div>\n<\/div>\n<\/div><\/div>\n\n\n\n<div style=\"height:60px\" aria-hidden=\"true\" class=\"wp-block-spacer\"><\/div>\n\n\n\n<div class=\"wp-block-uagb-container uagb-block-bb0fbd8b alignfull uagb-is-root-container\"><div class=\"uagb-container-inner-blocks-wrap\">\n<div class=\"wp-block-uagb-container uagb-block-e41d4666\">\n<div class=\"wp-block-uagb-image uagb-block-2419abb4 wp-block-uagb-image--layout-default wp-block-uagb-image--effect-static wp-block-uagb-image--align-none\"><figure class=\"wp-block-uagb-image__figure\"><img decoding=\"async\" srcset=\"https:\/\/dev.bassin-arcachon.com\/wp-content\/uploads\/2017\/02\/bateau-baleine-1024x683.jpg ,https:\/\/dev.bassin-arcachon.com\/wp-content\/uploads\/2017\/02\/bateau-baleine.jpg 780w, https:\/\/dev.bassin-arcachon.com\/wp-content\/uploads\/2017\/02\/bateau-baleine.jpg 360w\" sizes=\"auto, (max-width: 480px) 150px\" src=\"https:\/\/dev.bassin-arcachon.com\/wp-content\/uploads\/2017\/02\/bateau-baleine-1024x683.jpg\" alt=\"- - Bassin d&#039;Arcachon\" class=\"uag-image-7318\" width=\"1024\" height=\"683\" title=\"Union der Schiffer von Arcachon\" loading=\"lazy\" role=\"img\"><\/figure><\/div>\n<\/div>\n\n\n\n<div class=\"wp-block-uagb-container uagb-block-10e55bfa\">\n<h2 class=\"wp-block-heading\">Bootsfahrten<\/h2>\n\n\n\n<p>Richtung A&nbsp;<a href=\"https:\/\/www.bassin-arcachon.com\/quoi-faire\/sur-leau\/\" target=\"_blank\" rel=\"noreferrer noopener\">Bootsausflug<\/a>&nbsp;um die gro\u00dfe Tour des Bassin zu den Toren des Ozeans zu machen!<\/p>\n\n\n\n<p>Leinen los, um die Sehensw\u00fcrdigkeiten von Arcachon Bassin zu entdecken, die man gesehen haben muss.<\/p>\n\n\n\n<p>Die \u00cele aux Oiseaux, die H\u00fctten auf den Tchanqu\u00e9es, die Banc d&#039;Arguin, die&nbsp;<a href=\"https:\/\/www.bassin-arcachon.com\/nos-incontournables\/la-dune-du-pilat\/\">D\u00fcne von Pilat<\/a>, die Halbinsel von&nbsp;<a href=\"https:\/\/www.bassin-arcachon.com\/nos-villes-et-villages\/lege-cap-ferret\/\">Lege-Cap Frettchen<\/a>&nbsp;und das Leyre-Delta\u2026<\/p>\n\n\n\n<p>So viele Landschaften, an die Sie sich erinnern werden!<\/p>\n<\/div>\n<\/div><\/div>\n\n\n\n<div style=\"height:60px\" aria-hidden=\"true\" class=\"wp-block-spacer\"><\/div>\n\n\n\n<div class=\"wp-block-uagb-container uagb-block-cf7ff275 alignfull uagb-is-root-container\"><div class=\"uagb-container-inner-blocks-wrap\">\n<div class=\"wp-block-uagb-container uagb-block-a9ae4491\">\n<h2 class=\"wp-block-heading\">Ein Boot mieten\u2026<\/h2>\n\n\n\n<p>Willst du unabh\u00e4ngige Segler spielen?<\/p>\n\n\n\n<p>Keine Sorge, es ist durchaus m\u00f6glich<a href=\"https:\/\/www.bassin-arcachon.com\/se-deplacer-sur-le-bassin\/locations-bateaux\/\">&nbsp;ein Boot zu mieten<\/a>&nbsp;Segeln, Pinasse, Pinassotte oder Mieten eines Elektro- oder Motorbootes mit oder ohne F\u00fchrerschein.<\/p>\n\n\n\n<p>M\u00f6chten Sie auf dem Boot faulenzen und die Feiertage genie\u00dfen?<\/p>\n\n\n\n<p>Es ist Zeit, ein Boot zu privatisieren und sich von den kleinen Wellen des Bassin wiegen zu lassen!<\/p>\n<\/div>\n\n\n\n<div class=\"wp-block-uagb-container uagb-block-6cd0e109\">\n<div class=\"wp-block-uagb-image uagb-block-937afa64 wp-block-uagb-image--layout-default wp-block-uagb-image--effect-static wp-block-uagb-image--align-none\"><figure class=\"wp-block-uagb-image__figure\"><img decoding=\"async\" srcset=\"https:\/\/dev.bassin-arcachon.com\/wp-content\/uploads\/2018\/04\/Port-de-La-Teste-de-Buch-1024x683.jpg ,https:\/\/dev.bassin-arcachon.com\/wp-content\/uploads\/2018\/04\/Port-de-La-Teste-de-Buch.jpg 780w, https:\/\/dev.bassin-arcachon.com\/wp-content\/uploads\/2018\/04\/Port-de-La-Teste-de-Buch.jpg 360w\" sizes=\"auto, (max-width: 480px) 150px\" src=\"https:\/\/dev.bassin-arcachon.com\/wp-content\/uploads\/2018\/04\/Port-de-La-Teste-de-Buch-1024x683.jpg\" alt=\"- - Bassin d&#039;Arcachon\" class=\"uag-image-20094\" width=\"1024\" height=\"683\" title=\"Port von La Teste de Buch\" loading=\"lazy\" role=\"img\"><\/figure><\/div>\n<\/div>\n<\/div><\/div>\n\n\n\n<div style=\"height:60px\" aria-hidden=\"true\" class=\"wp-block-spacer\"><\/div>\n\n\n\n<div class=\"wp-block-uagb-container uagb-block-69b13abb alignfull uagb-is-root-container\"><div class=\"uagb-container-inner-blocks-wrap\">\n<figure class=\"wp-block-embed is-type-video is-provider-vimeo wp-block-embed-vimeo wp-embed-aspect-16-9 wp-has-aspect-ratio\"><div class=\"wp-block-embed__wrapper\">\n<iframe loading=\"lazy\" title=\"Bootsfahrt auf der Bassin d&#039;Arcachon in 30s\" src=\"https:\/\/player.vimeo.com\/video\/155824686?dnt=1&amp;app_id=122963\" width=\"500\" height=\"281\" frameborder=\"0\" allow=\"autoplay; fullscreen; picture-in-picture; clipboard-write; encrypted-media\"><\/iframe>\n<\/div><\/figure>\n<\/div><\/div>\n\n\n\n<div style=\"height:60px\" aria-hidden=\"true\" class=\"wp-block-spacer\"><\/div>","protected":false},"excerpt":{"rendered":"<p>Pinasse, Pinassotte, Segelboot, Katamaran ... Was w\u00e4re, wenn Sie sich auf den Weg zu einer Fahrt mit dem Bassin machen w\u00fcrden? Gehen Sie an Bord eines Bootes und erkunden Sie die Austernb\u00e4nke entlang [\u2026]<\/p>","protected":false},"author":25,"featured_media":949,"parent":27,"menu_order":0,"comment_status":"closed","ping_status":"closed","template":"","meta":{"_acf_changed":false,"_uag_custom_page_level_css":"","footnotes":""},"class_list":["post-147","page","type-page","status-publish","has-post-thumbnail","hentry"],"acf":[],"uagb_featured_image_src":{"full":["https:\/\/dev.bassin-arcachon.com\/wp-content\/uploads\/2017\/02\/balade-en-bateau.jpg",1200,600,false],"thumbnail":["https:\/\/dev.bassin-arcachon.com\/wp-content\/uploads\/2017\/02\/balade-en-bateau-150x150.jpg",150,150,true],"medium":["https:\/\/dev.bassin-arcachon.com\/wp-content\/uploads\/2017\/02\/balade-en-bateau-300x150.jpg",300,150,true],"medium_large":["https:\/\/dev.bassin-arcachon.com\/wp-content\/uploads\/2017\/02\/balade-en-bateau-768x384.jpg",768,384,true],"large":["https:\/\/dev.bassin-arcachon.com\/wp-content\/uploads\/2017\/02\/balade-en-bateau-1024x512.jpg",1024,512,true],"1536x1536":["https:\/\/dev.bassin-arcachon.com\/wp-content\/uploads\/2017\/02\/balade-en-bateau.jpg",1200,600,false],"2048x2048":["https:\/\/dev.bassin-arcachon.com\/wp-content\/uploads\/2017\/02\/balade-en-bateau.jpg",1200,600,false],"trp-custom-language-flag":["https:\/\/dev.bassin-arcachon.com\/wp-content\/uploads\/2017\/02\/balade-en-bateau-18x9.jpg",18,9,true],"fp-small":["https:\/\/dev.bassin-arcachon.com\/wp-content\/uploads\/2017\/02\/balade-en-bateau-640x320.jpg",640,320,true],"fp-large":["https:\/\/dev.bassin-arcachon.com\/wp-content\/uploads\/2017\/02\/balade-en-bateau.jpg",1200,600,false],"fp-xlarge":["https:\/\/dev.bassin-arcachon.com\/wp-content\/uploads\/2017\/02\/balade-en-bateau.jpg",1200,600,false]},"uagb_author_info":{"display_name":"Marie Clauzel","author_link":"https:\/\/dev.bassin-arcachon.com\/de\/author\/mariesiba\/"},"uagb_comment_info":0,"uagb_excerpt":"Pinasse, pinassotte, voilier, catamaran\u2026 Et si vous partiez sur l\u2019eau le temps d\u2019une balade sur le Bassin ? Embarquez \u00e0 bord d\u2019un bateau pour sillonner les parcs \u00e0 hu\u00eetres, longer [&hellip;]","_links":{"self":[{"href":"https:\/\/dev.bassin-arcachon.com\/de\/wp-json\/wp\/v2\/pages\/147","targetHints":{"allow":["GET"]}}],"collection":[{"href":"https:\/\/dev.bassin-arcachon.com\/de\/wp-json\/wp\/v2\/pages"}],"about":[{"href":"https:\/\/dev.bassin-arcachon.com\/de\/wp-json\/wp\/v2\/types\/page"}],"author":[{"embeddable":true,"href":"https:\/\/dev.bassin-arcachon.com\/de\/wp-json\/wp\/v2\/users\/25"}],"replies":[{"embeddable":true,"href":"https:\/\/dev.bassin-arcachon.com\/de\/wp-json\/wp\/v2\/comments?post=147"}],"version-history":[{"count":3,"href":"https:\/\/dev.bassin-arcachon.com\/de\/wp-json\/wp\/v2\/pages\/147\/revisions"}],"predecessor-version":[{"id":159869,"href":"https:\/\/dev.bassin-arcachon.com\/de\/wp-json\/wp\/v2\/pages\/147\/revisions\/159869"}],"up":[{"embeddable":true,"href":"https:\/\/dev.bassin-arcachon.com\/de\/wp-json\/wp\/v2\/pages\/27"}],"wp:featuredmedia":[{"embeddable":true,"href":"https:\/\/dev.bassin-arcachon.com\/de\/wp-json\/wp\/v2\/media\/949"}],"wp:attachment":[{"href":"https:\/\/dev.bassin-arcachon.com\/de\/wp-json\/wp\/v2\/media?parent=147"}],"curies":[{"name":"wp","href":"https:\/\/api.w.org\/{rel}","templated":true}]}}