{"id":149,"date":"2017-08-09T17:02:03","date_gmt":"2017-08-09T15:02:03","guid":{"rendered":"https:\/\/dev.bassin-arcachon.com\/\/?page_id=149"},"modified":"2024-11-06T10:39:02","modified_gmt":"2024-11-06T09:39:02","slug":"fruhling","status":"publish","type":"page","link":"https:\/\/dev.bassin-arcachon.com\/de\/der-pool-ist-ganzjahrig-geoffnet\/fruhling\/","title":{"rendered":"Der Bassin von Arcachon im Fr\u00fchjahr"},"content":{"rendered":"<div class=\"wp-block-uagb-container uagb-block-9932c3e5 alignfull uagb-is-root-container\"><div class=\"uagb-container-inner-blocks-wrap\">\n<div class=\"wp-block-uagb-container uagb-block-ae5d0b6a\">\n<h2 class=\"wp-block-heading\">Nutzen Sie die sonnigen Tage f\u00fcr ein Wochenende auf der Bassin<\/h2>\n\n\n\n<p>Wenn die Tage langsam l\u00e4nger werden und die Fr\u00fchlingssonne scheint, ist es eine Freude, sich ein kleines Wochenende auf der Bassin in Arcachon zu g\u00f6nnen. <\/p>\n\n\n\n<p>Die Suche nach einem\u00a0<a href=\"https:\/\/www.bassin-arcachon.com\/hebergements\/chambres-dhotes\/\">\u00dcbernachtung mit Fr\u00fchst\u00fcck<\/a>, oder eine Unterkunft ist sogar Teil des Charmes der Organisation.<\/p>\n\n\n\n<p>Nutzen Sie die ersten Fr\u00fchlingstage, um Ihre Unterkunft zu buchen. Sie werden einige h\u00fcbsche Nuggets finden, besonders wenn Sie im Voraus buchen!<\/p>\n<\/div>\n\n\n\n<div class=\"wp-block-uagb-container uagb-block-ff708e3f\">\t\t\t\t\t<div\n\t\t\t\t\t\tclass=\"wp-block-uagb-image-gallery uagb-block-d6618748\"\n\t\t\t\t\t\tstyle=\"\"\n\t\t\t\t\t>\n\t\t\t\t\t\t\t\t\t\t\t<div class=\"spectra-image-gallery spectra-image-gallery__layout--grid spectra-image-gallery__layout--grid-col-1 spectra-image-gallery__layout--grid-col-tab-1 spectra-image-gallery__layout--grid-col-mob-1\">\n\t\t\t\t\t\t\t\t\t\t\t<div class='spectra-image-gallery__media-wrapper' data-spectra-gallery-image-id='1814' tabindex=\"0\">\n\t\t\t\t\t\t\t<div class=\"spectra-image-gallery__media spectra-image-gallery__media--grid\">\n\t\t\t\t<picture>\n\t\t\t\t\t<source media=\"(min-width: 1024px)\" srcset=\"https:\/\/dev.bassin-arcachon.com\/wp-content\/uploads\/2017\/02\/arcachon-maison-de-pays-2-683x1024.jpg\">\n\t\t\t\t\t<source media=\"(min-width: 768px)\" srcset=\"https:\/\/dev.bassin-arcachon.com\/wp-content\/uploads\/2017\/02\/arcachon-maison-de-pays-2-683x1024.jpg\">\n\t\t\t\t\t<img decoding=\"async\" class=\"spectra-image-gallery__media-thumbnail spectra-image-gallery__media-thumbnail--grid\" src=\"https:\/\/dev.bassin-arcachon.com\/wp-content\/uploads\/2017\/02\/arcachon-maison-de-pays-2-200x300.jpg\" alt=\"- - Bassin d&#039;Arcachon\" loading=\"lazy\" title=\"- - Bassin d&#039;Arcachon\">\n\t\t\t\t<\/picture>\n\t\t\t\t<div class=\"spectra-image-gallery__media-thumbnail-blurrer\"><\/div>\n\t\t\t\t\t\t\t\t\t\t\t<div class=\"spectra-image-gallery__media-thumbnail-caption-wrapper spectra-image-gallery__media-thumbnail-caption-wrapper--overlay\"><\/div>\n\t\t\t\t\t\t\t\t<\/div>\n\t\t\t\t\t\t<\/div>\n\t\t\t\t\t\t\t\t\t\t<\/div>\n\t\t\t\t\t\t\t\t\t\t\t\t\t\t\t\t\t\t<\/div>\n\t\t\t\t\t\t\t\t\t<\/div>\n<\/div><\/div>\n\n\n\n<div style=\"height:60px\" aria-hidden=\"true\" class=\"wp-block-spacer\"><\/div>\n\n\n\n<div class=\"wp-block-uagb-container uagb-block-dc350eac alignfull uagb-is-root-container\"><div class=\"uagb-container-inner-blocks-wrap\">\n<div class=\"wp-block-uagb-container uagb-block-9c341efa\">\n<div class=\"wp-block-uagb-image uagb-block-8335145d wp-block-uagb-image--layout-default wp-block-uagb-image--effect-static wp-block-uagb-image--align-none\"><figure class=\"wp-block-uagb-image__figure\"><img decoding=\"async\" srcset=\"https:\/\/dev.bassin-arcachon.com\/wp-content\/uploads\/2017\/02\/plaisir-des-terrasse-1024x683.jpg \" sizes=\"auto, (max-width: 480px) 150px\" src=\"https:\/\/dev.bassin-arcachon.com\/wp-content\/uploads\/2017\/02\/plaisir-des-terrasse-1024x683.jpg\" alt=\"- - Bassin d&#039;Arcachon\" class=\"uag-image-1050\" width=\"1024\" height=\"683\" title=\"- - Bassin d&#039;Arcachon\" loading=\"lazy\"><\/figure><\/div>\n<\/div>\n\n\n\n<div class=\"wp-block-uagb-container uagb-block-31bef1b9\">\n<h2 class=\"wp-block-heading\">Entdecken Sie das Vergn\u00fcgen, auf der Terrasse zu sein, neu<\/h2>\n\n\n\n<p>Im Fr\u00fchling erwacht nicht nur die Natur, sondern auch wir!<\/p>\n\n\n\n<p>Mit den ersten Sonnenstrahlen ist es die perfekte Gelegenheit f\u00fcr einen Moment auf der Terrasse.<\/p>\n\n\n\n<p>In einem von&nbsp;<a href=\"https:\/\/www.bassin-arcachon.com\/ou-manger\/restaurants\/\">unsere Restaurants<\/a>&nbsp;oder einfach in einem&nbsp;<a href=\"https:\/\/www.bassin-arcachon.com\/ou-manger\/cabanes-a-huitres\/\">Austernh\u00fctte<\/a>, ein kleines Glas Wei\u00dfwein, begleitet von ein paar frisch ge\u00f6ffneten Austern.<\/p>\n<\/div>\n<\/div><\/div>\n\n\n\n<div style=\"height:60px\" aria-hidden=\"true\" class=\"wp-block-spacer\"><\/div>\n\n\n\n<div class=\"wp-block-uagb-container uagb-block-0aee04ca alignfull uagb-is-root-container\"><div class=\"uagb-container-inner-blocks-wrap\">\n<div class=\"wp-block-uagb-container uagb-block-c996b359\">\n<h2 class=\"wp-block-heading\">Beobachten, wie die Natur erwacht<\/h2>\n\n\n\n<p>Auf den Wegen von Piraillan oder der Domaine de Fleury ist eines sicher: Vergessen Sie nicht die Kamera, um die ersten bl\u00fchenden B\u00e4ume und die ersten Spazierg\u00e4nge des Fr\u00fchlings festzuhalten. Wenn Sie Lust dazu haben, wagen Sie sich hinein&nbsp;<a href=\"https:\/\/www.bassin-arcachon.com\/nos-incontournables\/la-ville-dhiver\/\">die Winterstadt Arcachon<\/a>&nbsp;und seine typischen Stra\u00dfen. Sie werden es lieben, sich in dieser Gegend zu verirren, bis Sie das Observatorium Sainte C\u00e9cile erreichen. Vergiss es nicht&nbsp;<a href=\"https:\/\/www.bassin-arcachon.com\/nos-villes-et-villages\/coeur-du-bassin\/\">der Hafen von Biganos<\/a>, was einen reizvollen Kontrast hat. Es handelt sich um einen untypischen Hafen, der in einer Ecke der Natur liegt. Ein wahres Vergn\u00fcgen, es zu entdecken!<\/p>\n<\/div>\n\n\n\n<div class=\"wp-block-uagb-container uagb-block-f2c42133\">\n<div class=\"wp-block-uagb-image uagb-block-5d92946e wp-block-uagb-image--layout-default wp-block-uagb-image--effect-static wp-block-uagb-image--align-none\"><figure class=\"wp-block-uagb-image__figure\"><img decoding=\"async\" srcset=\"https:\/\/dev.bassin-arcachon.com\/wp-content\/uploads\/2017\/09\/IMG_6710-1024x683.jpg \" sizes=\"auto, (max-width: 480px) 150px\" src=\"https:\/\/dev.bassin-arcachon.com\/wp-content\/uploads\/2017\/09\/IMG_6710-1024x683.jpg\" alt=\"- - Bassin d&#039;Arcachon\" class=\"uag-image-9271\" width=\"1024\" height=\"683\" title=\"- - Bassin d&#039;Arcachon\" loading=\"lazy\"><\/figure><\/div>\n<\/div>\n<\/div><\/div>\n\n\n\n<div style=\"height:60px\" aria-hidden=\"true\" class=\"wp-block-spacer\"><\/div>\n\n\n\n<div class=\"wp-block-uagb-container uagb-block-82e0a45c alignfull uagb-is-root-container\"><div class=\"uagb-container-inner-blocks-wrap\">\n<div class=\"wp-block-uagb-container uagb-block-a1991204\">\n<div class=\"wp-block-uagb-image uagb-block-a5ddea22 wp-block-uagb-image--layout-default wp-block-uagb-image--effect-static wp-block-uagb-image--align-none\"><figure class=\"wp-block-uagb-image__figure\"><img decoding=\"async\" srcset=\"https:\/\/dev.bassin-arcachon.com\/wp-content\/uploads\/2017\/02\/F\u00eate-de-lHu\u00eetre-Andernos-2.jpg \" sizes=\"auto, (max-width: 480px) 150px\" src=\"https:\/\/dev.bassin-arcachon.com\/wp-content\/uploads\/2017\/02\/F\u00eate-de-lHu\u00eetre-Andernos-2.jpg\" alt=\"Andernos die B\u00e4der\" class=\"uag-image-7239\" width=\"800\" height=\"534\" title=\"- - Bassin d&#039;Arcachon\" loading=\"lazy\"><\/figure><\/div>\n<\/div>\n\n\n\n<div class=\"wp-block-uagb-container uagb-block-cb483827\">\n<h2 class=\"wp-block-heading\">Atmen Sie frische Meeresluft ein<\/h2>\n\n\n\n<p>Die Luft ist noch frisch, und das ist gut so! Richtung&nbsp;<a href=\"https:\/\/www.bassin-arcachon.com\/nos-incontournables\/les-jetees\/\">die Pfeiler<\/a>&nbsp;wo Wanderer gerne Hobbyfischer beobachten oder einfach nur die Aussicht genie\u00dfen.<\/p>\n\n\n\n<p>Warum machen Sie es nicht nach, nehmen Sie Ihre eigene Angelrute und landen Sie darauf&nbsp;<a href=\"https:\/\/www.bassin-arcachon.com\/nos-villes-et-villages\/andernos-les-bains\/\">Andersen<\/a>, die bunten H\u00fctten hinter Ihnen und der Bassin vor Ihnen. Schlie\u00dflich werden Spazierg\u00e4nger es genie\u00dfen, sich in den Gassen von zu verirren&nbsp;<a href=\"https:\/\/www.bassin-arcachon.com\/nos-incontournables\/les-villages-et-ports-ostreicoles\/\">Austernh\u00e4fen<\/a>, auf der Suche nach den sch\u00f6nsten Ecken.<\/p>\n<\/div>\n<\/div><\/div>\n\n\n\n<div style=\"height:60px\" aria-hidden=\"true\" class=\"wp-block-spacer\"><\/div>\n\n\n\n<div class=\"wp-block-uagb-container uagb-block-1060ba9d alignfull uagb-is-root-container\"><div class=\"uagb-container-inner-blocks-wrap\">\n<div class=\"wp-block-uagb-container uagb-block-345cb3c0\">\n<h2 class=\"wp-block-heading\">Sportliche Aktivit\u00e4ten behutsam wieder aufnehmen<\/h2>\n\n\n\n<p>Und warum nicht zur Vorbereitung auf den kommenden Sommer wieder gute Gewohnheiten annehmen? Joggen am Strand oder Radfahren mitten in den Pinienw\u00e4ldern, allein oder fast allein, um die Natur zu betrachten, wenn man nach ein paar Monaten Ruhe aufwacht ... Eine sch\u00f6ne M\u00f6glichkeit, Gesch\u00e4ftliches mit Vergn\u00fcgen zu verbinden. Im Fr\u00fchling ist es auch eine Gelegenheit, neue Aktivit\u00e4ten auszuprobieren, wie zum Beispiel eine Surfsession am Strand von Grand Crohot&nbsp;<a href=\"https:\/\/www.bassin-arcachon.com\/nos-villes-et-villages\/lege-cap-ferret\/\">Lege-Cap Frettchen<\/a>, oder Kitesurfen&nbsp;<a href=\"https:\/\/www.bassin-arcachon.com\/nos-villes-et-villages\/gujan-mestras\/\">Gujan-Mestras.<\/a><\/p>\n<\/div>\n\n\n\n<div class=\"wp-block-uagb-container uagb-block-140a9abb\">\n<div class=\"wp-block-uagb-image uagb-block-0e909b6a wp-block-uagb-image--layout-default wp-block-uagb-image--effect-static wp-block-uagb-image--align-none\"><figure class=\"wp-block-uagb-image__figure\"><img decoding=\"async\" srcset=\"https:\/\/dev.bassin-arcachon.com\/wp-content\/uploads\/2017\/07\/bassin-sans-ma-voiture-velo-detente-1024x683.jpg \" sizes=\"auto, (max-width: 480px) 150px\" src=\"https:\/\/dev.bassin-arcachon.com\/wp-content\/uploads\/2017\/07\/bassin-sans-ma-voiture-velo-detente-1024x683.jpg\" alt=\"- - Bassin d&#039;Arcachon\" class=\"uag-image-5842\" width=\"1024\" height=\"683\" title=\"- - Bassin d&#039;Arcachon\" loading=\"lazy\"><\/figure><\/div>\n<\/div>\n<\/div><\/div>\n\n\n\n<div style=\"height:60px\" aria-hidden=\"true\" class=\"wp-block-spacer\"><\/div>","protected":false},"excerpt":{"rendered":"<p>Nutzen Sie die sch\u00f6nen Tage f\u00fcr ein Wochenende auf der Bassin. Wenn die Tage langsam l\u00e4nger werden und die Fr\u00fchlingssonne Einzug h\u00e4lt, ist es eine Freude, sich ein kleines Wochenende auf der Bassin zu g\u00f6nnen.<\/p>","protected":false},"author":25,"featured_media":1265,"parent":33,"menu_order":3,"comment_status":"closed","ping_status":"closed","template":"","meta":{"_acf_changed":false,"_uag_custom_page_level_css":"","footnotes":""},"class_list":["post-149","page","type-page","status-publish","has-post-thumbnail","hentry"],"acf":[],"uagb_featured_image_src":{"full":["https:\/\/dev.bassin-arcachon.com\/wp-content\/uploads\/2017\/02\/jetee-du-moulleau-9.jpg",1200,714,false],"thumbnail":["https:\/\/dev.bassin-arcachon.com\/wp-content\/uploads\/2017\/02\/jetee-du-moulleau-9-150x150.jpg",150,150,true],"medium":["https:\/\/dev.bassin-arcachon.com\/wp-content\/uploads\/2017\/02\/jetee-du-moulleau-9-300x179.jpg",300,179,true],"medium_large":["https:\/\/dev.bassin-arcachon.com\/wp-content\/uploads\/2017\/02\/jetee-du-moulleau-9-768x457.jpg",768,457,true],"large":["https:\/\/dev.bassin-arcachon.com\/wp-content\/uploads\/2017\/02\/jetee-du-moulleau-9-1024x609.jpg",1024,609,true],"1536x1536":["https:\/\/dev.bassin-arcachon.com\/wp-content\/uploads\/2017\/02\/jetee-du-moulleau-9.jpg",1200,714,false],"2048x2048":["https:\/\/dev.bassin-arcachon.com\/wp-content\/uploads\/2017\/02\/jetee-du-moulleau-9.jpg",1200,714,false],"trp-custom-language-flag":["https:\/\/dev.bassin-arcachon.com\/wp-content\/uploads\/2017\/02\/jetee-du-moulleau-9-18x12.jpg",18,12,true],"fp-small":["https:\/\/dev.bassin-arcachon.com\/wp-content\/uploads\/2017\/02\/jetee-du-moulleau-9-640x381.jpg",640,381,true],"fp-large":["https:\/\/dev.bassin-arcachon.com\/wp-content\/uploads\/2017\/02\/jetee-du-moulleau-9.jpg",1200,714,false],"fp-xlarge":["https:\/\/dev.bassin-arcachon.com\/wp-content\/uploads\/2017\/02\/jetee-du-moulleau-9.jpg",1200,714,false]},"uagb_author_info":{"display_name":"Marie Clauzel","author_link":"https:\/\/dev.bassin-arcachon.com\/de\/author\/mariesiba\/"},"uagb_comment_info":0,"uagb_excerpt":"Profiter des beaux jours pour un week-end sur le Bassin Quand les journ\u00e9es s\u2019allongent doucement et que le soleil printanier arrive, quel bonheur de s\u2019octroyer un petit week-end sur le [&hellip;]","_links":{"self":[{"href":"https:\/\/dev.bassin-arcachon.com\/de\/wp-json\/wp\/v2\/pages\/149","targetHints":{"allow":["GET"]}}],"collection":[{"href":"https:\/\/dev.bassin-arcachon.com\/de\/wp-json\/wp\/v2\/pages"}],"about":[{"href":"https:\/\/dev.bassin-arcachon.com\/de\/wp-json\/wp\/v2\/types\/page"}],"author":[{"embeddable":true,"href":"https:\/\/dev.bassin-arcachon.com\/de\/wp-json\/wp\/v2\/users\/25"}],"replies":[{"embeddable":true,"href":"https:\/\/dev.bassin-arcachon.com\/de\/wp-json\/wp\/v2\/comments?post=149"}],"version-history":[{"count":1,"href":"https:\/\/dev.bassin-arcachon.com\/de\/wp-json\/wp\/v2\/pages\/149\/revisions"}],"predecessor-version":[{"id":68229,"href":"https:\/\/dev.bassin-arcachon.com\/de\/wp-json\/wp\/v2\/pages\/149\/revisions\/68229"}],"up":[{"embeddable":true,"href":"https:\/\/dev.bassin-arcachon.com\/de\/wp-json\/wp\/v2\/pages\/33"}],"wp:featuredmedia":[{"embeddable":true,"href":"https:\/\/dev.bassin-arcachon.com\/de\/wp-json\/wp\/v2\/media\/1265"}],"wp:attachment":[{"href":"https:\/\/dev.bassin-arcachon.com\/de\/wp-json\/wp\/v2\/media?parent=149"}],"curies":[{"name":"wp","href":"https:\/\/api.w.org\/{rel}","templated":true}]}}