{"id":151,"date":"2017-08-09T17:17:22","date_gmt":"2017-08-09T15:17:22","guid":{"rendered":"https:\/\/dev.bassin-arcachon.com\/\/?page_id=151"},"modified":"2024-11-06T10:38:19","modified_gmt":"2024-11-06T09:38:19","slug":"sommer","status":"publish","type":"page","link":"https:\/\/dev.bassin-arcachon.com\/de\/der-pool-ist-ganzjahrig-geoffnet\/sommer\/","title":{"rendered":"Arcachon Bassin im Sommer"},"content":{"rendered":"<div class=\"wp-block-uagb-container wp-embed-aspect-16-9 wp-has-aspect-ratio uagb-block-ac4bc5f1 alignfull uagb-is-root-container\"><div class=\"uagb-container-inner-blocks-wrap\">\n<div class=\"wp-block-uagb-container uagb-block-f9dc645c\">\n<h2 class=\"wp-block-heading\">Stellen Sie das Auto ab und nehmen Sie es niemals aus dem Urlaub zur\u00fcck<\/h2>\n\n\n\n<p>Machen wir diesen Sommer eine Wette! Das hei\u00dft, das Auto abzustellen und es nicht aus den ganzen Ferien zur\u00fcckzunehmen! Wenn Sie es nicht mitnehmen k\u00f6nnen, z\u00f6gern Sie nicht, eines davon aufzusuchen\u00a0<a href=\"https:\/\/dev.bassin-arcachon.com\/de\/bewegen-sie-sich-im-pool\/fahrradverleih\/\" data-type=\"page\" data-id=\"715\">Arcachon Bassin Fahrradverleihfirmen.<\/a><\/p>\n\n\n\n<p>In den Ferien k\u00f6nnen Sie sich bequemer mit dem Fahrrad auf den Radwegen fortbewegen und Staus vermeiden, um Ihre Zeit noch mehr zu genie\u00dfen.<\/p>\n<\/div>\n\n\n\n<div class=\"wp-block-uagb-container uagb-block-049f2000\">\n<div class=\"wp-block-uagb-image uagb-block-05b254ff wp-block-uagb-image--layout-default wp-block-uagb-image--effect-static wp-block-uagb-image--align-none\"><figure class=\"wp-block-uagb-image__figure\"><img decoding=\"async\" srcset=\"https:\/\/dev.bassin-arcachon.com\/wp-content\/uploads\/2017\/07\/balade-detente-amis-bassin-arcachon-1024x683.jpg \" sizes=\"auto, (max-width: 480px) 150px\" src=\"https:\/\/dev.bassin-arcachon.com\/wp-content\/uploads\/2017\/07\/balade-detente-amis-bassin-arcachon-1024x683.jpg\" alt=\"- - Bassin d&#039;Arcachon\" class=\"uag-image-5859\" width=\"1024\" height=\"683\" title=\"- - Bassin d&#039;Arcachon\" loading=\"lazy\" role=\"img\"><\/figure><\/div>\n<\/div>\n<\/div><\/div>\n\n\n\n<div style=\"height:60px\" aria-hidden=\"true\" class=\"wp-block-spacer wp-embed-aspect-16-9 wp-has-aspect-ratio\"><\/div>\n\n\n\n<div class=\"wp-block-uagb-container wp-embed-aspect-16-9 wp-has-aspect-ratio uagb-block-f17bbe37 alignfull uagb-is-root-container\"><div class=\"uagb-container-inner-blocks-wrap\">\n<figure class=\"wp-block-pullquote\"><blockquote><p>Dies ist eine der bezauberndsten M\u00f6glichkeiten, Arcachons Bassin zu entdecken!<\/p><\/blockquote><\/figure>\n\n\n\n<p>Vergessen Sie nat\u00fcrlich nicht das Picknick im Korb oder kehren Sie in einem der Restaurants oder einer Austernh\u00fctte in Bassin ein. Der ultimative echte Urlaubstag!<\/p>\n<\/div><\/div>\n\n\n\n<div style=\"height:60px\" aria-hidden=\"true\" class=\"wp-block-spacer wp-embed-aspect-16-9 wp-has-aspect-ratio\"><\/div>\n\n\n\n<div class=\"wp-block-uagb-container wp-embed-aspect-16-9 wp-has-aspect-ratio uagb-block-35300a98 alignfull uagb-is-root-container\"><div class=\"uagb-container-inner-blocks-wrap\">\n<div class=\"wp-block-uagb-container uagb-block-aea16f47\">\n<div class=\"wp-block-uagb-image uagb-block-aa5f82e8 wp-block-uagb-image--layout-default wp-block-uagb-image--effect-static wp-block-uagb-image--align-none\"><figure class=\"wp-block-uagb-image__figure\"><img decoding=\"async\" srcset=\"https:\/\/dev.bassin-arcachon.com\/wp-content\/uploads\/2017\/02\/Dune_N6015-683x1024.jpg \" sizes=\"auto, (max-width: 480px) 150px\" src=\"https:\/\/dev.bassin-arcachon.com\/wp-content\/uploads\/2017\/02\/Dune_N6015-683x1024.jpg\" alt=\"- - Bassin d&#039;Arcachon\" class=\"uag-image-7413\" width=\"683\" height=\"1024\" title=\"- - Bassin d&#039;Arcachon\" loading=\"lazy\" role=\"img\"><\/figure><\/div>\n<\/div>\n\n\n\n<div class=\"wp-block-uagb-container uagb-block-6be38578\">\n<h2 class=\"wp-block-heading\">Ein Tag, um das Wesentliche zu erleben<\/h2>\n\n\n\n<p>Auf dem Programm dieses erlebnisreichen Tages steht zun\u00e4chst das Klettern&nbsp;<a href=\"https:\/\/www.bassin-arcachon.com\/nos-incontournables\/la-dune-du-pilat\/\">die D\u00fcne von Pilat<\/a>.<\/p>\n\n\n\n<p>Nach einiger Anstrengung werden Sie mit einer unglaublichen Aussicht belohnt&nbsp;<a href=\"https:\/\/www.bassin-arcachon.com\/nos-incontournables\/le-banc-darguin\/\">die Banc d\u2019Arguin&nbsp;<\/a>und&nbsp;<a href=\"https:\/\/www.bassin-arcachon.com\/nos-incontournables\/le-phare-et-pointe-du-cap-ferret\/\">Leuchtturm von Cap Ferret<\/a>&nbsp;weit weg.<\/p>\n\n\n\n<p>Es wird Ihr n\u00e4chster Schritt sein!<\/p>\n\n\n\n<p>Gehen Sie zum Moulleau Jetty unter&nbsp;<a href=\"https:\/\/www.bassin-arcachon.com\/nos-villes-et-villages\/arcachon\/\">Arcachon<\/a>&nbsp;Einschiffen, am Cap Ferret. Nehmen Sie sich vor Ort die Zeit, durch das Austerndorf zu schlendern und probieren Sie doch einmal ein paar Austern mit Blick auf die D\u00fcne.<\/p>\n\n\n\n<p>Steigen Sie dann die Stufen des Leuchtturms hinauf und genie\u00dfen Sie den Panoramablick auf die Bassin von Arcachon.<\/p>\n\n\n\n<p>Smart Bassin: Nutzen Sie die Gelegenheit und genie\u00dfen Sie den Besuch des Leuchtturms!<\/p>\n\n\n\n<p>Beim Abstieg ist ein wenig Schwimmen n\u00f6tig, um den Tag stilvoll ausklingen zu lassen.<\/p>\n\n\n\n<p>Das war&#039;s, Sie sind zufrieden!<\/p>\n<\/div>\n<\/div><\/div>\n\n\n\n<div style=\"height:60px\" aria-hidden=\"true\" class=\"wp-block-spacer\"><\/div>\n\n\n\n<div class=\"wp-block-uagb-container uagb-block-48a7c9b7 alignfull uagb-is-root-container\"><div class=\"uagb-container-inner-blocks-wrap\">\n<div class=\"wp-block-uagb-container uagb-block-ed284f10\">\n<h2 class=\"wp-block-heading\">Verbringen Sie einen Tag am Strand<\/h2>\n\n\n\n<p>Immer begleitet von einem guten Buch, Schneeschuhen oder einem Surfbrett!<\/p>\n\n\n\n<p>Beim Arcachon Bassin haben Sie die Wahl zwischen&nbsp;<a href=\"https:\/\/www.bassin-arcachon.com\/nos-incontournables\/les-plages\/\">Str\u00e4nde am Meer<\/a>, wo die Wellen am st\u00e4rksten sind.<\/p>\n\n\n\n<p>F\u00fcr ruhiges Wasser bevorzugen&nbsp;<a href=\"https:\/\/www.bassin-arcachon.com\/nos-incontournables\/les-plages\/\">die Bereiche auf der Bassin-Seite<\/a>, wo Sie bei Flut schwimmen k\u00f6nnen.<\/p>\n\n\n\n<p>Wir z\u00f6gern nicht l\u00e4nger, wir tauchen!<\/p>\n<\/div>\n\n\n\n<div class=\"wp-block-uagb-container uagb-block-a24dea31\">\n<div class=\"wp-block-uagb-image uagb-block-2735c0ec wp-block-uagb-image--layout-default wp-block-uagb-image--effect-static wp-block-uagb-image--align-none\"><figure class=\"wp-block-uagb-image__figure\"><img decoding=\"async\" srcset=\"https:\/\/dev.bassin-arcachon.com\/wp-content\/uploads\/2017\/03\/1-plage-bassin-darcachon-j5-1024x683.jpg \" sizes=\"auto, (max-width: 480px) 150px\" src=\"https:\/\/dev.bassin-arcachon.com\/wp-content\/uploads\/2017\/03\/1-plage-bassin-darcachon-j5-1024x683.jpg\" alt=\"- - Bassin d&#039;Arcachon\" class=\"uag-image-533\" width=\"1024\" height=\"683\" title=\"- - Bassin d&#039;Arcachon\" loading=\"lazy\" role=\"img\"><\/figure><\/div>\n<\/div>\n<\/div><\/div>\n\n\n\n<div style=\"height:60px\" aria-hidden=\"true\" class=\"wp-block-spacer\"><\/div>\n\n\n\n<div class=\"wp-block-uagb-container uagb-block-9f67d6f2 alignfull uagb-is-root-container\"><div class=\"uagb-container-inner-blocks-wrap\">\n<div class=\"wp-block-uagb-container uagb-block-166c7367\">\t\t\t\t\t<div\n\t\t\t\t\t\tclass=\"wp-block-uagb-image-gallery uagb-block-3e3badf3\"\n\t\t\t\t\t\tstyle=\"\"\n\t\t\t\t\t>\n\t\t\t\t\t\t\t\t\t\t\t<div class=\"spectra-image-gallery spectra-image-gallery__layout--grid spectra-image-gallery__layout--grid-col-1 spectra-image-gallery__layout--grid-col-tab-1 spectra-image-gallery__layout--grid-col-mob-1\">\n\t\t\t\t\t\t\t\t\t\t\t<div class='spectra-image-gallery__media-wrapper' data-spectra-gallery-image-id='1822' tabindex=\"0\">\n\t\t\t\t\t\t\t<div class=\"spectra-image-gallery__media spectra-image-gallery__media--grid\">\n\t\t\t\t<picture>\n\t\t\t\t\t<source media=\"(min-width: 1024px)\" srcset=\"https:\/\/dev.bassin-arcachon.com\/wp-content\/uploads\/2017\/02\/glace-bassin-arcachon-683x1024.jpg\">\n\t\t\t\t\t<source media=\"(min-width: 768px)\" srcset=\"https:\/\/dev.bassin-arcachon.com\/wp-content\/uploads\/2017\/02\/glace-bassin-arcachon-683x1024.jpg\">\n\t\t\t\t\t<img decoding=\"async\" class=\"spectra-image-gallery__media-thumbnail spectra-image-gallery__media-thumbnail--grid\" src=\"https:\/\/dev.bassin-arcachon.com\/wp-content\/uploads\/2017\/02\/glace-bassin-arcachon-200x300.jpg\" alt=\"- - Bassin d&#039;Arcachon\" loading=\"lazy\" title=\"- - Bassin d&#039;Arcachon\">\n\t\t\t\t<\/picture>\n\t\t\t\t<div class=\"spectra-image-gallery__media-thumbnail-blurrer\"><\/div>\n\t\t\t\t\t\t\t\t\t\t\t<div class=\"spectra-image-gallery__media-thumbnail-caption-wrapper spectra-image-gallery__media-thumbnail-caption-wrapper--overlay\"><\/div>\n\t\t\t\t\t\t\t\t<\/div>\n\t\t\t\t\t\t<\/div>\n\t\t\t\t\t\t\t\t\t\t<\/div>\n\t\t\t\t\t\t\t\t\t\t\t\t\t\t\t\t\t\t<\/div>\n\t\t\t\t\t\t\t\t\t<\/div>\n\n\n\n<div class=\"wp-block-uagb-container uagb-block-179567dc\">\n<h2 class=\"wp-block-heading\">Genie\u00dfen Sie ein gutes Eis<\/h2>\n\n\n\n<p>Sorbet passt perfekt zu den Sommerferien!<\/p>\n\n\n\n<p>Was f\u00fcr ein Vergn\u00fcgen, nach einem Tag am Strand Ihr Lieblingsparfum auszuw\u00e4hlen. Unter den vielen Eisdielen des Bassin in Arcachon ist Sorbet d&#039;amour seit 1935 unser Handwerker! Terminvereinbarung unter&nbsp;<a href=\"https:\/\/www.bassin-arcachon.com\/nos-villes-et-villages\/andernos-les-bains\/\">Andersen<\/a>, Arcachon,&nbsp;<a href=\"https:\/\/www.bassin-arcachon.com\/nos-villes-et-villages\/lege-cap-ferret\/\">Cap-Frettchen<\/a>&nbsp;und&nbsp;<a href=\"https:\/\/www.bassin-arcachon.com\/nos-villes-et-villages\/la-teste-de-buch\/\">Buchs Test<\/a>.<\/p>\n\n\n\n<p>Wenn Sie ein Feinschmecker sind, warum probieren Sie nicht die ber\u00fchmten wei\u00dfen D\u00fcnen von Chez Pascal oder bringen ein paar Schokoladenaustern von Pierre Mirgalet in Arcachon mit?&nbsp;<a href=\"https:\/\/www.bassin-arcachon.com\/nos-villes-et-villages\/gujan-mestras\/\">Gujan-Mestras<\/a>&nbsp;?<\/p>\n<\/div>\n<\/div><\/div>\n\n\n\n<div style=\"height:60px\" aria-hidden=\"true\" class=\"wp-block-spacer\"><\/div>\n\n\n\n<div class=\"wp-block-uagb-container uagb-block-48b97895 alignfull uagb-is-root-container\"><div class=\"uagb-container-inner-blocks-wrap\">\n<h2 class=\"wp-block-heading\">Viel Spa\u00df mit der Familie<\/h2>\n\n\n\n<p>Erleben Sie einen Tag, den Kinder genauso lieben werden wie Eltern <a href=\"https:\/\/eratopia.fr\/\" target=\"_blank\" rel=\"noopener\">Eratopia<\/a> von Gujan-Mestras. Zwischen den Rutschen, dem Minigolf, dem Bowling oder dem Pool-SPA ist es Zeit, sich mit der Familie zu treffen und eine sch\u00f6ne Zeit zu verbringen.<\/p>\n\n\n\n<p>Um etwas H\u00f6he zu gewinnen, testen Sie die Baumkletterkurse in Andernos und L\u00e8ge-Cap Ferret. Es gibt verschiedene Schwierigkeitsgrade, Sie m\u00fcssen kein Akrobatik-Profi sein, um Spa\u00df zu haben!<\/p>\n\n\n\n<div style=\"height:20px\" aria-hidden=\"true\" class=\"wp-block-spacer\"><\/div>\n\n\n\n<figure class=\"wp-block-embed is-type-video is-provider-youtube wp-block-embed-youtube wp-embed-aspect-16-9 wp-has-aspect-ratio\"><div class=\"wp-block-embed__wrapper\">\n<iframe loading=\"lazy\" title=\"Bassin Freizeitparks\" width=\"500\" height=\"281\" src=\"https:\/\/www.youtube.com\/embed\/wmEM66F7UGk?feature=oembed\" frameborder=\"0\" allow=\"accelerometer; autoplay; clipboard-write; encrypted-media; gyroscope; picture-in-picture; web-share\" referrerpolicy=\"strict-origin-when-cross-origin\" allowfullscreen><\/iframe>\n<\/div><\/figure>\n<\/div><\/div>\n\n\n\n<div style=\"height:60px\" aria-hidden=\"true\" class=\"wp-block-spacer\"><\/div>\n\n\n\n<div class=\"wp-block-uagb-container uagb-block-0074265a alignfull uagb-is-root-container\"><div class=\"uagb-container-inner-blocks-wrap\">\n<div class=\"wp-block-uagb-container uagb-block-9fa5eb8d\">\n<h2 class=\"wp-block-heading\">Ein Tag auf dem Boot<\/h2>\n\n\n\n<p>Wenn Sie die Seele eines Seemanns haben, ist das m\u00f6glich&nbsp;<a href=\"https:\/\/www.bassin-arcachon.com\/se-deplacer-sur-le-bassin\/locations-bateaux\/\">ein Boot mieten<\/a>&nbsp;f\u00fcr eine Fahrt mit dem Bassin.<\/p>\n\n\n\n<p>Sie k\u00f6nnen sich auch in einer Pinasse mitrei\u00dfen lassen, zusammen mit einem der Bootsf\u00fchrer, der Ihnen gerne die Geschichte des Bassin w\u00e4hrend Ihres Ausflugs zur Banc d&#039;Arguin oder vor den wundersch\u00f6nen Villen von Cap Ferret erz\u00e4hlt.<\/p>\n\n\n\n<p>Schlie\u00dflich gibt es f\u00fcr angehende Segler, die noch keinen F\u00fchrerschein haben, Elektroboote ohne F\u00fchrerschein am Port du&nbsp;<a href=\"https:\/\/www.bassin-arcachon.com\/nos-villes-et-villages\/le-teich\/\">Teich<\/a>&nbsp;erm\u00f6glicht es Ihnen, in Ihrem eigenen Tempo durch das Leyre-Delta zu navigieren.<\/p>\n<\/div>\n\n\n\n<div class=\"wp-block-uagb-container uagb-block-877d1ded\">\n<div class=\"wp-block-uagb-image uagb-block-14a139ca wp-block-uagb-image--layout-default wp-block-uagb-image--effect-static wp-block-uagb-image--align-none\"><figure class=\"wp-block-uagb-image__figure\"><img decoding=\"async\" srcset=\"https:\/\/dev.bassin-arcachon.com\/wp-content\/uploads\/2017\/04\/photo-de-une-1024x683.jpg \" sizes=\"auto, (max-width: 480px) 150px\" src=\"https:\/\/dev.bassin-arcachon.com\/wp-content\/uploads\/2017\/04\/photo-de-une-1024x683.jpg\" alt=\"- - Bassin d&#039;Arcachon\" class=\"uag-image-1171\" width=\"1024\" height=\"683\" title=\"- - Bassin d&#039;Arcachon\" loading=\"lazy\" role=\"img\"><\/figure><\/div>\n<\/div>\n<\/div><\/div>\n\n\n\n<div style=\"height:60px\" aria-hidden=\"true\" class=\"wp-block-spacer\"><\/div>\n\n\n\n<div class=\"wp-block-uagb-container uagb-block-98b866ff alignfull uagb-is-root-container\"><div class=\"uagb-container-inner-blocks-wrap\">\n<div class=\"wp-block-uagb-container uagb-block-7cc70e24\">\n<div class=\"wp-block-uagb-image uagb-block-3ff4ebaa wp-block-uagb-image--layout-default wp-block-uagb-image--effect-static wp-block-uagb-image--align-none\"><figure class=\"wp-block-uagb-image__figure\"><img decoding=\"async\" srcset=\"https:\/\/dev.bassin-arcachon.com\/wp-content\/uploads\/2017\/02\/maree-ostreicole-bassin-arcachon.jpg \" sizes=\"auto, (max-width: 480px) 150px\" src=\"https:\/\/dev.bassin-arcachon.com\/wp-content\/uploads\/2017\/02\/maree-ostreicole-bassin-arcachon.jpg\" alt=\"- - Bassin d&#039;Arcachon\" class=\"uag-image-1823\" width=\"800\" height=\"533\" title=\"- - Bassin d&#039;Arcachon\" loading=\"lazy\" role=\"img\"><\/figure><\/div>\n<\/div>\n\n\n\n<div class=\"wp-block-uagb-container uagb-block-318c6e35\">\n<h2 class=\"wp-block-heading\">Gehen Sie mit den Austernz\u00fcchtern an Bord<\/h2>\n\n\n\n<p>Gehen Sie mit den Austernz\u00fcchtern an Bord. Sie werden einen wundervollen Tag erleben!<\/p>\n\n\n\n<p>Steigen Sie zur Zeit der Flut an Bord eines Bootes, um einem Austernz\u00fcchter in Richtung seiner Austernb\u00e4nke zu folgen: ein wahrhaft authentischer Moment, um einen schwierigen, aber faszinierenden Beruf zu entdecken und Menschen kennenzulernen, die ebenso schwierig sind.<\/p>\n\n\n\n<p>Buchen,&nbsp;<a href=\"https:\/\/fr.calameo.com\/read\/000024421db02420a7082\" target=\"_blank\" rel=\"noreferrer noopener\">Rufen Sie direkt die autorisierten Fachkr\u00e4fte an<\/a>&nbsp;!<\/p>\n<\/div>\n<\/div><\/div>\n\n\n\n<div style=\"height:60px\" aria-hidden=\"true\" class=\"wp-block-spacer\"><\/div>\n\n\n\n<div class=\"wp-block-uagb-container uagb-block-05e0372b alignfull uagb-is-root-container\"><div class=\"uagb-container-inner-blocks-wrap\">\n<div class=\"wp-block-uagb-container uagb-block-836d7507\">\n<h2 class=\"wp-block-heading\">Verlieren Sie sich genussvoll inmitten der Natur<\/h2>\n\n\n\n<p>Verirren ja, aber vor allem im \u00fcbertragenen Sinne! Was f\u00fcr ein Vergn\u00fcgen, ein Pl\u00e4tzchen in der Natur zu finden, um dem Alltag zu entfliehen und die Ferien anders zu genie\u00dfen. Auf den Spuren von&nbsp;<a href=\"https:\/\/www.bassin-arcachon.com\/nos-incontournables\/les-domaines-de-certes-graveyron\/\">Sicherlich Graveyron-Dom\u00e4nen<\/a>&nbsp;oder von der Domaine de Fleury bis Teich, es ist eine Gelegenheit, Tiere in ihrem nat\u00fcrlichen Lebensraum zu beobachten. V\u00f6gel am Boden oder in der Luft, oder Blondinen aus Aquitanien, die immer ihre F\u00fc\u00dfe auf dem Boden und ihre Nase im Gras haben! Zu&nbsp;<a href=\"https:\/\/www.bassin-arcachon.com\/nos-incontournables\/les-pres-sales-dares-lege\/\">Salzwiesen von Ar\u00e8s-L\u00e8ge<\/a>erwartet Sie eine weitere nat\u00fcrliche Umgebung, wilder, mit einem Hauch von Savanne. Magie !<\/p>\n<\/div>\n\n\n\n<div class=\"wp-block-uagb-container uagb-block-a6459c92\">\n<div class=\"wp-block-uagb-image uagb-block-17707cf6 wp-block-uagb-image--layout-default wp-block-uagb-image--effect-static wp-block-uagb-image--align-none\"><figure class=\"wp-block-uagb-image__figure\"><img decoding=\"async\" srcset=\"https:\/\/dev.bassin-arcachon.com\/wp-content\/uploads\/2017\/02\/domaines-certes-graveyron-1024x683.jpg \" sizes=\"auto, (max-width: 480px) 150px\" src=\"https:\/\/dev.bassin-arcachon.com\/wp-content\/uploads\/2017\/02\/domaines-certes-graveyron-1024x683.jpg\" alt=\"- - Bassin d&#039;Arcachon\" class=\"uag-image-1827\" width=\"1024\" height=\"683\" title=\"- - Bassin d&#039;Arcachon\" loading=\"lazy\" role=\"img\"><\/figure><\/div>\n<\/div>\n<\/div><\/div>\n\n\n\n<div style=\"height:60px\" aria-hidden=\"true\" class=\"wp-block-spacer\"><\/div>\n\n\n\n<div class=\"wp-block-uagb-container uagb-block-33035eda alignfull uagb-is-root-container\"><div class=\"uagb-container-inner-blocks-wrap\">\n<div class=\"wp-block-uagb-container uagb-block-f00e86ea\">\n<div class=\"wp-block-uagb-image uagb-block-6df67eb1 wp-block-uagb-image--layout-default wp-block-uagb-image--effect-static wp-block-uagb-image--align-none\"><figure class=\"wp-block-uagb-image__figure\"><img decoding=\"async\" srcset=\"https:\/\/dev.bassin-arcachon.com\/wp-content\/uploads\/2017\/02\/balade-dans-les-ports-bassin-arcachon-1024x683.jpg \" sizes=\"auto, (max-width: 480px) 150px\" src=\"https:\/\/dev.bassin-arcachon.com\/wp-content\/uploads\/2017\/02\/balade-dans-les-ports-bassin-arcachon-1024x683.jpg\" alt=\"- - Bassin d&#039;Arcachon\" class=\"uag-image-1824\" width=\"1024\" height=\"683\" title=\"- - Bassin d&#039;Arcachon\" loading=\"lazy\" role=\"img\"><\/figure><\/div>\n<\/div>\n\n\n\n<div class=\"wp-block-uagb-container uagb-block-bf6c059c\">\n<h2 class=\"wp-block-heading\">(Wieder)Entdecken Sie Austernh\u00e4fen<\/h2>\n\n\n\n<p>Eine neue Gasse, ein h\u00fcbsches buntes Haus, eine Bank, auf der man sitzen und dem Lauf der Zeit zusehen kann ...<\/p>\n\n\n\n<p>Die Austernh\u00e4fen sind immer ein guter Ort zum Bummeln und Verweilen. Machen Sie sich auf den Weg nach Gujan-Mestras und seinen sieben H\u00e4fen, um die Arbeit der Austernz\u00fcchter zu entdecken.<a href=\"https:\/\/www.bassin-arcachon.com\/nos-villes-et-villages\/andernos-les-bains\/\">Andersen<\/a>&nbsp;oder Ares, oder sogar Cap Ferret, l&#039;Herbe oder le Canon.<\/p>\n\n\n\n<p>Wer \u201egeheime\u201c Ecken liebt, wird den Port des Tuiles, Le Four oder das Viertel Aiguillon lieben.<\/p>\n<\/div>\n<\/div><\/div>\n\n\n\n<div style=\"height:60px\" aria-hidden=\"true\" class=\"wp-block-spacer\"><\/div>","protected":false},"excerpt":{"rendered":"<p>Poser la voiture, pour ne plus la reprendre des vacances Cet \u00e9t\u00e9, faisons un pari ! Celui de poser la voiture et de ne plus la reprendre de toutes les [&hellip;]<\/p>","protected":false},"author":25,"featured_media":946,"parent":33,"menu_order":2,"comment_status":"closed","ping_status":"closed","template":"","meta":{"_acf_changed":false,"_uag_custom_page_level_css":"","footnotes":""},"class_list":["post-151","page","type-page","status-publish","has-post-thumbnail","hentry"],"acf":[],"uagb_featured_image_src":{"full":["https:\/\/dev.bassin-arcachon.com\/wp-content\/uploads\/2017\/02\/plage-sable.jpg",1200,800,false],"thumbnail":["https:\/\/dev.bassin-arcachon.com\/wp-content\/uploads\/2017\/02\/plage-sable-150x150.jpg",150,150,true],"medium":["https:\/\/dev.bassin-arcachon.com\/wp-content\/uploads\/2017\/02\/plage-sable-300x200.jpg",300,200,true],"medium_large":["https:\/\/dev.bassin-arcachon.com\/wp-content\/uploads\/2017\/02\/plage-sable-768x512.jpg",768,512,true],"large":["https:\/\/dev.bassin-arcachon.com\/wp-content\/uploads\/2017\/02\/plage-sable-1024x683.jpg",1024,683,true],"1536x1536":["https:\/\/dev.bassin-arcachon.com\/wp-content\/uploads\/2017\/02\/plage-sable.jpg",1200,800,false],"2048x2048":["https:\/\/dev.bassin-arcachon.com\/wp-content\/uploads\/2017\/02\/plage-sable.jpg",1200,800,false],"trp-custom-language-flag":["https:\/\/dev.bassin-arcachon.com\/wp-content\/uploads\/2017\/02\/plage-sable-18x12.jpg",18,12,true],"fp-small":["https:\/\/dev.bassin-arcachon.com\/wp-content\/uploads\/2017\/02\/plage-sable-640x427.jpg",640,427,true],"fp-large":["https:\/\/dev.bassin-arcachon.com\/wp-content\/uploads\/2017\/02\/plage-sable.jpg",1200,800,false],"fp-xlarge":["https:\/\/dev.bassin-arcachon.com\/wp-content\/uploads\/2017\/02\/plage-sable.jpg",1200,800,false]},"uagb_author_info":{"display_name":"Marie Clauzel","author_link":"https:\/\/dev.bassin-arcachon.com\/de\/author\/mariesiba\/"},"uagb_comment_info":0,"uagb_excerpt":"Poser la voiture, pour ne plus la reprendre des vacances Cet \u00e9t\u00e9, faisons un pari ! Celui de poser la voiture et de ne plus la reprendre de toutes les [&hellip;]","_links":{"self":[{"href":"https:\/\/dev.bassin-arcachon.com\/de\/wp-json\/wp\/v2\/pages\/151","targetHints":{"allow":["GET"]}}],"collection":[{"href":"https:\/\/dev.bassin-arcachon.com\/de\/wp-json\/wp\/v2\/pages"}],"about":[{"href":"https:\/\/dev.bassin-arcachon.com\/de\/wp-json\/wp\/v2\/types\/page"}],"author":[{"embeddable":true,"href":"https:\/\/dev.bassin-arcachon.com\/de\/wp-json\/wp\/v2\/users\/25"}],"replies":[{"embeddable":true,"href":"https:\/\/dev.bassin-arcachon.com\/de\/wp-json\/wp\/v2\/comments?post=151"}],"version-history":[{"count":1,"href":"https:\/\/dev.bassin-arcachon.com\/de\/wp-json\/wp\/v2\/pages\/151\/revisions"}],"predecessor-version":[{"id":68228,"href":"https:\/\/dev.bassin-arcachon.com\/de\/wp-json\/wp\/v2\/pages\/151\/revisions\/68228"}],"up":[{"embeddable":true,"href":"https:\/\/dev.bassin-arcachon.com\/de\/wp-json\/wp\/v2\/pages\/33"}],"wp:featuredmedia":[{"embeddable":true,"href":"https:\/\/dev.bassin-arcachon.com\/de\/wp-json\/wp\/v2\/media\/946"}],"wp:attachment":[{"href":"https:\/\/dev.bassin-arcachon.com\/de\/wp-json\/wp\/v2\/media?parent=151"}],"curies":[{"name":"wp","href":"https:\/\/api.w.org\/{rel}","templated":true}]}}