{"id":153,"date":"2017-08-09T17:35:19","date_gmt":"2017-08-09T15:35:19","guid":{"rendered":"https:\/\/dev.bassin-arcachon.com\/\/?page_id=153"},"modified":"2024-11-06T10:36:09","modified_gmt":"2024-11-06T09:36:09","slug":"herbst","status":"publish","type":"page","link":"https:\/\/dev.bassin-arcachon.com\/de\/der-pool-ist-ganzjahrig-geoffnet\/herbst\/","title":{"rendered":"Arcachon Bassin im Herbst"},"content":{"rendered":"<div class=\"wp-block-uagb-container uagb-block-6cd820a2 alignfull uagb-is-root-container\"><div class=\"uagb-container-inner-blocks-wrap\">\n<div class=\"wp-block-uagb-container uagb-block-e76a9633\">\n<h2 class=\"wp-block-heading\">Pilze sammeln<\/h2>\n\n\n\n<p>Es ist jedes Jahr derselbe Refrain, der von der Pilzsaison und den guten kleinen Gerichten, die dazu geh\u00f6ren!<\/p>\n\n\n\n<p>Es gibt mehrere \u201egeheime\u201c Ecken zum Pilzesammeln auf der Bassin, wie zum Beispiel den Wald von Lanton, Gujan-Mestras oder Ar\u00e8s.<\/p>\n\n\n\n<p>Smart Bassin: Das Tourismusb\u00fcro von Ar\u00e8s organisiert jeden Herbst&nbsp;<a href=\"http:\/\/www.ares-tourisme.com\/se-divertir\/visites-guidees.html#sortie_champignons\" target=\"_blank\" rel=\"noreferrer noopener\">Auswahl an Einf\u00fchrungsausfl\u00fcgen!<\/a><\/p>\n<\/div>\n\n\n\n<div class=\"wp-block-uagb-container uagb-block-4accb076\">\n<div class=\"wp-block-uagb-image uagb-block-419aaff0 wp-block-uagb-image--layout-default wp-block-uagb-image--effect-static wp-block-uagb-image--align-none\"><figure class=\"wp-block-uagb-image__figure\"><img decoding=\"async\" srcset=\"https:\/\/dev.bassin-arcachon.com\/wp-content\/uploads\/2017\/10\/champignons-siba-agence-les-conteurs-113-1024x683.jpg \" sizes=\"auto, (max-width: 480px) 150px\" src=\"https:\/\/dev.bassin-arcachon.com\/wp-content\/uploads\/2017\/10\/champignons-siba-agence-les-conteurs-113-1024x683.jpg\" alt=\"Pilze-ares\" class=\"uag-image-9849\" width=\"1024\" height=\"683\" title=\"- - Bassin d&#039;Arcachon\" loading=\"lazy\"><\/figure><\/div>\n<\/div>\n<\/div><\/div>\n\n\n\n<div style=\"height:60px\" aria-hidden=\"true\" class=\"wp-block-spacer\"><\/div>\n\n\n\n<div class=\"wp-block-uagb-container uagb-block-bf8f0075 alignfull uagb-is-root-container\"><div class=\"uagb-container-inner-blocks-wrap\">\n<div class=\"wp-block-uagb-container uagb-block-3d90f421\">\n<div class=\"wp-block-uagb-image uagb-block-721a48d4 wp-block-uagb-image--layout-default wp-block-uagb-image--effect-static wp-block-uagb-image--align-none\"><figure class=\"wp-block-uagb-image__figure\"><img decoding=\"async\" srcset=\"https:\/\/dev.bassin-arcachon.com\/wp-content\/uploads\/2017\/02\/oiseau-bassin-arccahon.jpg \" sizes=\"auto, (max-width: 480px) 150px\" src=\"https:\/\/dev.bassin-arcachon.com\/wp-content\/uploads\/2017\/02\/oiseau-bassin-arccahon.jpg\" alt=\"- - Bassin d&#039;Arcachon\" class=\"uag-image-23564\" width=\"1000\" height=\"666\" title=\"- - Bassin d&#039;Arcachon\" loading=\"lazy\"><\/figure><\/div>\n<\/div>\n\n\n\n<div class=\"wp-block-uagb-container uagb-block-643e7826\">\n<h2 class=\"wp-block-heading\">Um die V\u00f6gel zu beobachten<\/h2>\n\n\n\n<p>Nehmen Sie die Kamera oder noch besser Ihr Fernglas mit, um die V\u00f6gel zu beobachten&nbsp;<a href=\"https:\/\/www.bassin-arcachon.com\/nos-incontournables\/la-reserve-ornithologique\/\">Vogelschutzgebiet Teich<\/a>, Zu&nbsp;<a href=\"https:\/\/www.bassin-arcachon.com\/nos-incontournables\/les-domaines-de-certes-graveyron\/\">Sicherlich Graveyron-Dom\u00e4nen<\/a>&nbsp;oder sogar zu&nbsp;<a href=\"https:\/\/www.bassin-arcachon.com\/nos-incontournables\/les-pres-sales-dares-lege\/\">In der N\u00e4he von Sal\u00e9s d&#039;Ar\u00e8s-L\u00e8ge<\/a>. F\u00fcr bestimmte Arten beginnt die Migration, die einen sehr angenehmen Winter auf dem Bassin verbringen werden! Dies ist beispielsweise beim Bernache Cravant der Fall, den Sie in der N\u00e4he beobachten k\u00f6nnen&nbsp;<a href=\"https:\/\/www.bassin-arcachon.com\/nos-incontournables\/les-cabanes-tchanquees\/\">H\u00fctten auf Stelzen<\/a>&nbsp;oder in der N\u00e4he der Anlegestelle von Andernos-les-Bains.<\/p>\n<\/div>\n<\/div><\/div>\n\n\n\n<div style=\"height:60px\" aria-hidden=\"true\" class=\"wp-block-spacer\"><\/div>\n\n\n\n<div class=\"wp-block-uagb-container uagb-block-d159c8fe alignfull uagb-is-root-container\"><div class=\"uagb-container-inner-blocks-wrap\">\n<div class=\"wp-block-uagb-container uagb-block-ca61f051\">\n<h2 class=\"wp-block-heading\">Erklimmen Sie die Spitze der Dune du Pilat<\/h2>\n\n\n\n<p>Im Herbst findet eine Sportveranstaltung statt&nbsp;<a href=\"https:\/\/www.bassin-arcachon.com\/nos-incontournables\/la-dune-du-pilat\/\">die D\u00fcne von Pilat<\/a>&nbsp;warten auf Sie ! Die Treppen werden jedes Jahr nach Allerheiligen entfernt und der Aufstieg wird noch angenehmer.<\/p>\n\n\n\n<p>Zu dieser Jahreszeit werden Sie das angenehme Gef\u00fchl haben, dass die D\u00fcne ganz Ihnen geh\u00f6rt. Nutzen Sie die Gelegenheit, sich weiter in die Ferne zu wagen und den Bergr\u00fccken entlang zu wandern.<\/p>\n<\/div>\n\n\n\n<div class=\"wp-block-uagb-container uagb-block-36f599ef\">\n<div class=\"wp-block-uagb-image uagb-block-17974086 wp-block-uagb-image--layout-default wp-block-uagb-image--effect-static wp-block-uagb-image--align-none\"><figure class=\"wp-block-uagb-image__figure\"><img decoding=\"async\" srcset=\"https:\/\/dev.bassin-arcachon.com\/wp-content\/uploads\/2017\/10\/Dune-du-Pilat-N0059-1024x683.jpg \" sizes=\"auto, (max-width: 480px) 150px\" src=\"https:\/\/dev.bassin-arcachon.com\/wp-content\/uploads\/2017\/10\/Dune-du-Pilat-N0059-1024x683.jpg\" alt=\"- - Bassin d&#039;Arcachon\" class=\"uag-image-9857\" width=\"1024\" height=\"683\" title=\"- - Bassin d&#039;Arcachon\" loading=\"lazy\"><\/figure><\/div>\n<\/div>\n<\/div><\/div>\n\n\n\n<div style=\"height:60px\" aria-hidden=\"true\" class=\"wp-block-spacer\"><\/div>\n\n\n\n<div class=\"wp-block-uagb-container uagb-block-fed67777 alignfull uagb-is-root-container\"><div class=\"uagb-container-inner-blocks-wrap\">\n<div class=\"wp-block-uagb-container uagb-block-cbe31b1e\">\n<div class=\"wp-block-uagb-image uagb-block-4c7d378a wp-block-uagb-image--layout-default wp-block-uagb-image--effect-static wp-block-uagb-image--align-none\"><figure class=\"wp-block-uagb-image__figure\"><img decoding=\"async\" srcset=\"https:\/\/dev.bassin-arcachon.com\/wp-content\/uploads\/2017\/02\/ostreiculteur-bassin-arcachon-1024x683.jpg \" sizes=\"auto, (max-width: 480px) 150px\" src=\"https:\/\/dev.bassin-arcachon.com\/wp-content\/uploads\/2017\/02\/ostreiculteur-bassin-arcachon-1024x683.jpg\" alt=\"- - Bassin d&#039;Arcachon\" class=\"uag-image-1838\" width=\"1024\" height=\"683\" title=\"- - Bassin d&#039;Arcachon\" loading=\"lazy\"><\/figure><\/div>\n<\/div>\n\n\n\n<div class=\"wp-block-uagb-container uagb-block-d39e6a4b\">\n<h2 class=\"wp-block-heading\">Nehmen Sie sich die Zeit, mit den Austernz\u00fcchtern zu plaudern<\/h2>\n\n\n\n<p>Letzten Sommer herrschte in den Austernd\u00f6rfern eine gewisse Ruhe. Es ist nicht so, dass die Austernz\u00fcchter weniger Arbeit h\u00e4tten, im Gegenteil, weil sie beginnen, sich auf die Weihnachtsfeiertage vorzubereiten. Aber im Herbst scheint das Wetter l\u00e4nger zu werden, und Sie k\u00f6nnen sich die Zeit nehmen, mit ihnen zu plaudern und mehr \u00fcber die Austernzucht zu erfahren.<\/p>\n<\/div>\n<\/div><\/div>\n\n\n\n<div style=\"height:60px\" aria-hidden=\"true\" class=\"wp-block-spacer\"><\/div>\n\n\n\n<div class=\"wp-block-uagb-container uagb-block-190e1b6b alignfull uagb-is-root-container\">\n<div class=\"wp-block-cover is-light has-parallax\"><span aria-hidden=\"true\" class=\"wp-block-cover__background has-background-dim-0 has-background-dim\"><\/span><div class=\"wp-block-cover__image-background wp-image-8349 has-parallax\" style=\"background-position:50% 50%;background-image:url(https:\/\/dev.bassin-arcachon.com\/wp-content\/uploads\/2017\/02\/hotel-les-bains-darguin-thalazur-arcachon-divers-3.jpg)\"><\/div><div class=\"wp-block-cover__inner-container is-layout-flow wp-block-cover-is-layout-flow\">\n<div class=\"wp-block-uagb-container uagb-block-357a445e\">\n<h2 class=\"wp-block-heading has-text-align-center has-white-color has-text-color has-large-font-size\">Finden Sie verf\u00fcgbare Unterk\u00fcnfte auf Bassin<\/h2>\n\n\n\n<p class=\"has-text-align-center has-white-color has-text-color\"><a href=\"https:\/\/dev.bassin-arcachon.com\/de\/wo-schlafen\/\">Konsultieren Sie die Liste<\/a><\/p>\n<\/div>\n<\/div><\/div>\n<\/div>\n\n\n\n<div style=\"height:60px\" aria-hidden=\"true\" class=\"wp-block-spacer\"><\/div>\n\n\n\n<div class=\"wp-block-uagb-container uagb-block-1a7b2071 alignfull uagb-is-root-container\"><div class=\"uagb-container-inner-blocks-wrap\">\n<div class=\"wp-block-uagb-container uagb-block-2cf99f48\">\n<h2 class=\"wp-block-heading\"><br>Machen Sie eine Radtour, um die Herbstfarben zu bewundern<\/h2>\n\n\n\n<p>Mit dem&nbsp;<a href=\"https:\/\/www.bassin-arcachon.com\/le-bassin-a-toute-saison\/printemps\/\">Fr\u00fchling<\/a>Der Herbst ist eine der sch\u00f6nsten Jahreszeiten f\u00fcr Naturbeobachtungen. Und was f\u00fcr ein Vergn\u00fcgen, an einem sch\u00f6nen Tag aufs Fahrrad zu steigen, die Naturst\u00e4tte Quinconces in Andernos oder den Ch\u00eaneraie-Park in Gujan-Mestras zu besuchen oder zu Fu\u00df in den D\u00fcnenwald von Camicas (Arcachon und La Teste de Buch) zu wandern.<\/p>\n\n\n\n<p>Finden&nbsp;<a href=\"https:\/\/www.bassin-arcachon.com\/tous-les-circuits\/\">Ihre ideale Radroute<\/a>&nbsp;Hier entlang.<\/p>\n<\/div>\n\n\n\n<div class=\"wp-block-uagb-container uagb-block-7ac50067\">\n<div class=\"wp-block-uagb-image uagb-block-e26c961e wp-block-uagb-image--layout-default wp-block-uagb-image--effect-static wp-block-uagb-image--align-none\"><figure class=\"wp-block-uagb-image__figure\"><img decoding=\"async\" srcset=\"https:\/\/dev.bassin-arcachon.com\/wp-content\/uploads\/2018\/10\/port-andernos.jpg \" sizes=\"auto, (max-width: 480px) 150px\" src=\"https:\/\/dev.bassin-arcachon.com\/wp-content\/uploads\/2018\/10\/port-andernos.jpg\" alt=\"Herbst im Hafen von Andernos\" class=\"uag-image-26681\" width=\"1000\" height=\"800\" title=\"- - Bassin d&#039;Arcachon\" loading=\"lazy\"><\/figure><\/div>\n<\/div>\n<\/div><\/div>\n\n\n\n<div style=\"height:60px\" aria-hidden=\"true\" class=\"wp-block-spacer\"><\/div>\n\n\n\n<div class=\"wp-block-uagb-container uagb-block-95dfc2a1 alignfull uagb-is-root-container\"><div class=\"uagb-container-inner-blocks-wrap\">\n<div class=\"wp-block-uagb-container uagb-block-77b78e36\">\n<div class=\"wp-block-uagb-image uagb-block-41366014 wp-block-uagb-image--layout-default wp-block-uagb-image--effect-static wp-block-uagb-image--align-none\"><figure class=\"wp-block-uagb-image__figure\"><img decoding=\"async\" srcset=\"https:\/\/dev.bassin-arcachon.com\/wp-content\/uploads\/2017\/03\/plages-detente.jpg \" sizes=\"auto, (max-width: 480px) 150px\" src=\"https:\/\/dev.bassin-arcachon.com\/wp-content\/uploads\/2017\/03\/plages-detente.jpg\" alt=\"- - Bassin d&#039;Arcachon\" class=\"uag-image-405\" width=\"772\" height=\"515\" title=\"- - Bassin d&#039;Arcachon\" loading=\"lazy\"><\/figure><\/div>\n<\/div>\n\n\n\n<div class=\"wp-block-uagb-container uagb-block-24a4051f\">\n<h2 class=\"wp-block-heading\">Machen Sie das Beste aus der Saison an den Str\u00e4nden von Bassin<\/h2>\n\n\n\n<p>Wenn der Wind bei Spazierg\u00e4ngen den Geist erfrischt, ist er auch ein perfekter Verb\u00fcndeter f\u00fcr eine Sandyachting-Session am Meeresstrand von La Salie bei La Teste de Buch! Wenn Sie sich am Boden wohler f\u00fchlen als im Wasser, holen Sie Ihren Drachen am Strand Suzette in Lanton oder am Strand B\u00e9tey in Andernos heraus. Surfbegeisterte geben Ihnen auch ihre Adressen, wie zum Beispiel die Meeresstr\u00e4nde von La Teste de Buch oder die von L\u00e8ge-Cap Ferret!<\/p>\n<\/div>\n<\/div><\/div>\n\n\n\n<div style=\"height:60px\" aria-hidden=\"true\" class=\"wp-block-spacer\"><\/div>\n\n\n\n<div class=\"wp-block-uagb-container uagb-block-3fac7b08 alignfull uagb-is-root-container\"><div class=\"uagb-container-inner-blocks-wrap\">\n<div class=\"wp-block-uagb-container uagb-block-969e46ff\">\n<h2 class=\"wp-block-heading\">Mieten Sie ein Bed &amp; Breakfast, um sich f\u00fcr ein Wochenende zu treffen<\/h2>\n\n\n\n<p>Um all diese Aktivit\u00e4ten zu nutzen, warum nicht?\u00a0<a href=\"https:\/\/www.bassin-arcachon.com\/hebergements\/chambres-dhotes\/\">Mieten Sie ein Bed &amp; Breakfast<\/a>\u00a0f\u00fcrs Wochenende? Wenn Sie im Voraus buchen, finden Sie m\u00f6glicherweise wundersch\u00f6ne Adressen mit Blick auf die Bassin, charmante Orte in der N\u00e4he\u00a0<a href=\"https:\/\/www.bassin-arcachon.com\/nos-incontournables\/les-villages-et-ports-ostreicoles\/\">Austernd\u00f6rfer<\/a>, und das sogar zu g\u00fcnstigen Preisen.<\/p>\n<\/div>\n\n\n\n<div class=\"wp-block-uagb-container uagb-block-86ac5dd5\">\n<div class=\"wp-block-uagb-image uagb-block-d9782776 wp-block-uagb-image--layout-default wp-block-uagb-image--effect-static wp-block-uagb-image--align-none\"><figure class=\"wp-block-uagb-image__figure\"><img decoding=\"async\" srcset=\"https:\/\/dev.bassin-arcachon.com\/wp-content\/uploads\/2017\/10\/2.jpg \" sizes=\"auto, (max-width: 480px) 150px\" src=\"https:\/\/dev.bassin-arcachon.com\/wp-content\/uploads\/2017\/10\/2.jpg\" alt=\"- - Bassin d&#039;Arcachon\" class=\"uag-image-9855\" width=\"640\" height=\"425\" title=\"- - Bassin d&#039;Arcachon\" loading=\"lazy\"><\/figure><\/div>\n<\/div>\n<\/div><\/div>\n\n\n\n<div style=\"height:60px\" aria-hidden=\"true\" class=\"wp-block-spacer\"><\/div>","protected":false},"excerpt":{"rendered":"<p>Pilze sammeln Es ist jedes Jahr derselbe Refrain, der von der Pilzsaison und den leckeren Gerichten, die dazu geh\u00f6ren! Es gibt mehrere \u201egeheime\u201c Ecken f\u00fcr [\u2026]<\/p>","protected":false},"author":25,"featured_media":8864,"parent":33,"menu_order":1,"comment_status":"closed","ping_status":"closed","template":"","meta":{"_acf_changed":false,"_uag_custom_page_level_css":"","footnotes":""},"class_list":["post-153","page","type-page","status-publish","has-post-thumbnail","hentry"],"acf":[],"uagb_featured_image_src":{"full":["https:\/\/dev.bassin-arcachon.com\/wp-content\/uploads\/2017\/02\/Port-de-gujan.jpg",1200,800,false],"thumbnail":["https:\/\/dev.bassin-arcachon.com\/wp-content\/uploads\/2017\/02\/Port-de-gujan-150x150.jpg",150,150,true],"medium":["https:\/\/dev.bassin-arcachon.com\/wp-content\/uploads\/2017\/02\/Port-de-gujan-300x200.jpg",300,200,true],"medium_large":["https:\/\/dev.bassin-arcachon.com\/wp-content\/uploads\/2017\/02\/Port-de-gujan-768x512.jpg",768,512,true],"large":["https:\/\/dev.bassin-arcachon.com\/wp-content\/uploads\/2017\/02\/Port-de-gujan-1024x683.jpg",1024,683,true],"1536x1536":["https:\/\/dev.bassin-arcachon.com\/wp-content\/uploads\/2017\/02\/Port-de-gujan.jpg",1200,800,false],"2048x2048":["https:\/\/dev.bassin-arcachon.com\/wp-content\/uploads\/2017\/02\/Port-de-gujan.jpg",1200,800,false],"trp-custom-language-flag":["https:\/\/dev.bassin-arcachon.com\/wp-content\/uploads\/2017\/02\/Port-de-gujan-18x12.jpg",18,12,true],"fp-small":["https:\/\/dev.bassin-arcachon.com\/wp-content\/uploads\/2017\/02\/Port-de-gujan-640x427.jpg",640,427,true],"fp-large":["https:\/\/dev.bassin-arcachon.com\/wp-content\/uploads\/2017\/02\/Port-de-gujan.jpg",1200,800,false],"fp-xlarge":["https:\/\/dev.bassin-arcachon.com\/wp-content\/uploads\/2017\/02\/Port-de-gujan.jpg",1200,800,false]},"uagb_author_info":{"display_name":"Marie Clauzel","author_link":"https:\/\/dev.bassin-arcachon.com\/de\/author\/mariesiba\/"},"uagb_comment_info":0,"uagb_excerpt":"La cueillette des champignons C\u2019est la m\u00eame ritournelle chaque ann\u00e9e, celle de la p\u00e9riode des champignons et des bons petits plats qui vont avec&nbsp;! Il existe plusieurs coins \u00ab&nbsp;secrets&nbsp;\u00bb pour [&hellip;]","_links":{"self":[{"href":"https:\/\/dev.bassin-arcachon.com\/de\/wp-json\/wp\/v2\/pages\/153","targetHints":{"allow":["GET"]}}],"collection":[{"href":"https:\/\/dev.bassin-arcachon.com\/de\/wp-json\/wp\/v2\/pages"}],"about":[{"href":"https:\/\/dev.bassin-arcachon.com\/de\/wp-json\/wp\/v2\/types\/page"}],"author":[{"embeddable":true,"href":"https:\/\/dev.bassin-arcachon.com\/de\/wp-json\/wp\/v2\/users\/25"}],"replies":[{"embeddable":true,"href":"https:\/\/dev.bassin-arcachon.com\/de\/wp-json\/wp\/v2\/comments?post=153"}],"version-history":[{"count":1,"href":"https:\/\/dev.bassin-arcachon.com\/de\/wp-json\/wp\/v2\/pages\/153\/revisions"}],"predecessor-version":[{"id":68226,"href":"https:\/\/dev.bassin-arcachon.com\/de\/wp-json\/wp\/v2\/pages\/153\/revisions\/68226"}],"up":[{"embeddable":true,"href":"https:\/\/dev.bassin-arcachon.com\/de\/wp-json\/wp\/v2\/pages\/33"}],"wp:featuredmedia":[{"embeddable":true,"href":"https:\/\/dev.bassin-arcachon.com\/de\/wp-json\/wp\/v2\/media\/8864"}],"wp:attachment":[{"href":"https:\/\/dev.bassin-arcachon.com\/de\/wp-json\/wp\/v2\/media?parent=153"}],"curies":[{"name":"wp","href":"https:\/\/api.w.org\/{rel}","templated":true}]}}