{"id":155,"date":"2017-08-09T17:44:49","date_gmt":"2017-08-09T15:44:49","guid":{"rendered":"https:\/\/dev.bassin-arcachon.com\/\/?page_id=155"},"modified":"2024-11-06T10:40:10","modified_gmt":"2024-11-06T09:40:10","slug":"winter","status":"publish","type":"page","link":"https:\/\/dev.bassin-arcachon.com\/de\/der-pool-ist-ganzjahrig-geoffnet\/winter\/","title":{"rendered":"Arcachon Bassin im Winter"},"content":{"rendered":"<div class=\"wp-block-uagb-container uagb-block-19dca13a alignfull uagb-is-root-container\"><div class=\"uagb-container-inner-blocks-wrap\">\n<div class=\"wp-block-uagb-container uagb-block-16a53095\">\n<h2 class=\"wp-block-heading\">Nehmen Sie sich einen Moment Zeit f\u00fcr sich<\/h2>\n\n\n\n<p>Nichts ist besser als ein gemeinsames Cocooning-Wochenende.<\/p>\n\n\n\n<p>Zu dieser Jahreszeit buchen Sie gerne eine Behandlung in einem der Balneo &amp; Thalasso-Betriebe.<\/p>\n\n\n\n<p>Ein sch\u00f6ner Moment der Entspannung erwartet Sie<\/p>\n<\/div>\n\n\n\n<div class=\"wp-block-uagb-container uagb-block-6ad1740f\">\n<div class=\"wp-block-uagb-image uagb-block-1cf71d7d wp-block-uagb-image--layout-default wp-block-uagb-image--effect-static wp-block-uagb-image--align-none\"><figure class=\"wp-block-uagb-image__figure\"><img decoding=\"async\" srcset=\"https:\/\/dev.bassin-arcachon.com\/wp-content\/uploads\/2017\/12\/balneo-serge-blanco-lege-cap-ferret-33-1024x683.jpg \" sizes=\"auto, (max-width: 480px) 150px\" src=\"https:\/\/dev.bassin-arcachon.com\/wp-content\/uploads\/2017\/12\/balneo-serge-blanco-lege-cap-ferret-33-1024x683.jpg\" alt=\"- - Bassin d&#039;Arcachon\" class=\"uag-image-11599\" width=\"1024\" height=\"683\" title=\"- - Bassin d&#039;Arcachon\" loading=\"lazy\" role=\"img\"><\/figure><\/div>\n<\/div>\n<\/div><\/div>\n\n\n\n<div style=\"height:60px\" aria-hidden=\"true\" class=\"wp-block-spacer\"><\/div>\n\n\n\n<div class=\"wp-block-uagb-container uagb-block-a267d877 alignfull uagb-is-root-container\"><div class=\"uagb-container-inner-blocks-wrap\">\n<div class=\"wp-block-uagb-container uagb-block-13cb7ec7\">\n<div class=\"wp-block-uagb-image uagb-block-f2dab386 wp-block-uagb-image--layout-default wp-block-uagb-image--effect-static wp-block-uagb-image--align-none\"><figure class=\"wp-block-uagb-image__figure\"><img decoding=\"async\" srcset=\"https:\/\/dev.bassin-arcachon.com\/wp-content\/uploads\/2017\/02\/plage-bassin-arcachon-1024x516.jpg \" sizes=\"auto, (max-width: 480px) 150px\" src=\"https:\/\/dev.bassin-arcachon.com\/wp-content\/uploads\/2017\/02\/plage-bassin-arcachon-1024x516.jpg\" alt=\"- - Bassin d&#039;Arcachon\" class=\"uag-image-1844\" width=\"1024\" height=\"516\" title=\"- - Bassin d&#039;Arcachon\" loading=\"lazy\" role=\"img\"><\/figure><\/div>\n<\/div>\n\n\n\n<div class=\"wp-block-uagb-container uagb-block-0bcefc13\">\n<h2 class=\"wp-block-heading\">Gehen Sie an den Str\u00e4nden spazieren<\/h2>\n\n\n\n<p>Atmen Sie frische Luft! Im Winter bieten die Str\u00e4nde von Bassin eine ganz neue Atmosph\u00e4re.<\/p>\n\n\n\n<p>Das Azurblau des Sommers wird vor allem am Ende des Tages von violetten Farben abgel\u00f6st.<\/p>\n\n\n\n<p>Nutzen Sie diesen Spaziergang an der frischen Luft, um Treibholz zu sammeln, ein Muss f\u00fcr die Inneneinrichtung im Arcachonnais-Stil!<\/p>\n<\/div>\n<\/div><\/div>\n\n\n\n<div style=\"height:60px\" aria-hidden=\"true\" class=\"wp-block-spacer\"><\/div>\n\n\n\n<div class=\"wp-block-uagb-container uagb-block-22168545 alignfull uagb-is-root-container\"><div class=\"uagb-container-inner-blocks-wrap\">\n<div class=\"wp-block-uagb-container uagb-block-71bd5e46\">\n<h2 class=\"wp-block-heading\">Ruhiger Spaziergang im Wald<\/h2>\n\n\n\n<p>Zu dieser Zeit sind die Bl\u00e4tter im Herbst gefallen, und nur die Nadelb\u00e4ume widerstehen stolz den k\u00fchlen Winden.<\/p>\n\n\n\n<p>Diese Umgebung ist perfekt f\u00fcr einen sch\u00f6nen Spaziergang im Wald, zum Sammeln von Tannenzapfen oder einfach zum Genie\u00dfen dieser nat\u00fcrlichen Umgebung in der Winterruhe.<\/p>\n<\/div>\n\n\n\n<div class=\"wp-block-uagb-container uagb-block-a65fd5bf\">\n<div class=\"wp-block-uagb-image uagb-block-8039130f wp-block-uagb-image--layout-default wp-block-uagb-image--effect-static wp-block-uagb-image--align-none\"><figure class=\"wp-block-uagb-image__figure\"><img decoding=\"async\" srcset=\"https:\/\/dev.bassin-arcachon.com\/wp-content\/uploads\/2017\/11\/pres-sales-hiver-12-1024x683.jpg \" sizes=\"auto, (max-width: 480px) 150px\" src=\"https:\/\/dev.bassin-arcachon.com\/wp-content\/uploads\/2017\/11\/pres-sales-hiver-12-1024x683.jpg\" alt=\"- - Bassin d&#039;Arcachon\" class=\"uag-image-10671\" width=\"1024\" height=\"683\" title=\"- - Bassin d&#039;Arcachon\" loading=\"lazy\" role=\"img\"><\/figure><\/div>\n<\/div>\n<\/div><\/div>\n\n\n\n<div style=\"height:60px\" aria-hidden=\"true\" class=\"wp-block-spacer\"><\/div>\n\n\n\n<div class=\"wp-block-uagb-container uagb-block-01451b0b alignfull uagb-is-root-container\"><div class=\"uagb-container-inner-blocks-wrap\">\n<div class=\"wp-block-uagb-container uagb-block-95108259\">\n<div class=\"wp-block-uagb-image uagb-block-0a05a591 wp-block-uagb-image--layout-default wp-block-uagb-image--effect-static wp-block-uagb-image--align-none\"><figure class=\"wp-block-uagb-image__figure\"><img decoding=\"async\" srcset=\"https:\/\/dev.bassin-arcachon.com\/wp-content\/uploads\/2018\/07\/halte-gourmandise-cap-ferret-e1546595136670.jpg ,https:\/\/dev.bassin-arcachon.com\/wp-content\/uploads\/2018\/07\/halte-gourmandise-cap-ferret-e1546595136670.jpg 780w, https:\/\/dev.bassin-arcachon.com\/wp-content\/uploads\/2018\/07\/halte-gourmandise-cap-ferret-e1546595136670.jpg 360w\" sizes=\"auto, (max-width: 480px) 150px\" src=\"https:\/\/dev.bassin-arcachon.com\/wp-content\/uploads\/2018\/07\/halte-gourmandise-cap-ferret-e1546595136670.jpg\" alt=\"Machen Sie einen Gourmetstopp am Cap Ferret\" class=\"uag-image-24868\" width=\"1024\" height=\"683\" title=\"Machen Sie einen Gourmetstopp am Cap Ferret\" loading=\"lazy\" role=\"img\"\/><\/figure><\/div>\n<\/div>\n\n\n\n<div class=\"wp-block-uagb-container uagb-block-c89e772e\">\n<h2 class=\"wp-block-heading\">Lesen Sie ein Buch, begleitet von einer guten hei\u00dfen Schokolade<\/h2>\n\n\n\n<p>Das Vergn\u00fcgen, sich ein gutes Buch auszusuchen, bevor man es in einem Caf\u00e9 oder einer Brasserie warm verspeist. Das kleine Extra-Vergn\u00fcgen? Eine hei\u00dfe Schokolade oder ein Wiener Kaffee und ein paar K\u00f6stlichkeiten, und Sie haben alle Zutaten f\u00fcr einen gelungenen Wintertag!<\/p>\n<\/div>\n<\/div><\/div>\n\n\n\n<div style=\"height:60px\" aria-hidden=\"true\" class=\"wp-block-spacer\"><\/div>\n\n\n\n<div class=\"wp-block-uagb-container uagb-block-bd82ce65 alignfull uagb-is-root-container\"><div class=\"uagb-container-inner-blocks-wrap\">\n<div class=\"wp-block-uagb-container uagb-block-531b9d36\">\n<h2 class=\"wp-block-heading\">Kino \/ Theater<\/h2>\n\n\n\n<p>Buchen Sie das ganze Jahr \u00fcber und noch mehr im Winter Ihren Platz f\u00fcr die aktuelle Show oder den neuesten Film, der in l\u00e4uft&nbsp;<a href=\"https:\/\/www.bassin-arcachon.com\/agenda-sorties-marches\/les-sorties\">eines unserer Kinos<\/a>.<\/p>\n\n\n\n<p><strong>Konzert, Theater, Tanz, Oper<\/strong>\u2026 Rundum das Arcachon Bassin, ein sch\u00f6nes&nbsp;<strong>Programmierung<\/strong>&nbsp;warten auf Sie !&nbsp;<a href=\"https:\/\/www.bassin-arcachon.com\/agenda-sorties-marches\/\">Konsultieren Sie die Agenda des Bassin von Arcachon.<\/a><\/p>\n<\/div>\n\n\n\n<div class=\"wp-block-uagb-container uagb-block-6e5a64b4\">\n<div class=\"wp-block-uagb-image uagb-block-53397aa1 wp-block-uagb-image--layout-default wp-block-uagb-image--effect-static wp-block-uagb-image--align-none\"><figure class=\"wp-block-uagb-image__figure\"><img decoding=\"async\" srcset=\"https:\/\/dev.bassin-arcachon.com\/wp-content\/uploads\/2017\/02\/visite-au-theatre-Arcachon.jpg \" sizes=\"auto, (max-width: 480px) 150px\" src=\"https:\/\/dev.bassin-arcachon.com\/wp-content\/uploads\/2017\/02\/visite-au-theatre-Arcachon.jpg\" alt=\"- - Bassin d&#039;Arcachon\" class=\"uag-image-1220\" width=\"529\" height=\"301\" title=\"- - Bassin d&#039;Arcachon\" loading=\"lazy\" role=\"img\"><\/figure><\/div>\n<\/div>\n<\/div><\/div>\n\n\n\n<div style=\"height:60px\" aria-hidden=\"true\" class=\"wp-block-spacer\"><\/div>\n\n\n\n<div class=\"wp-block-uagb-container uagb-block-90d75334 alignfull uagb-is-root-container\"><div class=\"uagb-container-inner-blocks-wrap\">\n<div class=\"wp-block-uagb-container uagb-block-024b39f0\">\n<div class=\"wp-block-uagb-image uagb-block-f151724d wp-block-uagb-image--layout-default wp-block-uagb-image--effect-static wp-block-uagb-image--align-none\"><figure class=\"wp-block-uagb-image__figure\"><img decoding=\"async\" srcset=\"https:\/\/dev.bassin-arcachon.com\/wp-content\/uploads\/2017\/02\/balade-en-pinasse-1-1024x683.jpg \" sizes=\"auto, (max-width: 480px) 150px\" src=\"https:\/\/dev.bassin-arcachon.com\/wp-content\/uploads\/2017\/02\/balade-en-pinasse-1-1024x683.jpg\" alt=\"- - Bassin d&#039;Arcachon\" class=\"uag-image-1846\" width=\"1024\" height=\"683\" title=\"- - Bassin d&#039;Arcachon\" loading=\"lazy\" role=\"img\"><\/figure><\/div>\n<\/div>\n\n\n\n<div class=\"wp-block-uagb-container uagb-block-48605417\">\n<h2 class=\"wp-block-heading\">Gehen Sie in einem Lastkahn, in einer Pinasse\u2026<\/h2>\n\n\n\n<p>Wenn Sie die Farben des Bassin im Winter noch nicht kennen, beginnen Sie mit a&nbsp;<a href=\"https:\/\/www.bassin-arcachon.com\/quoi-faire\/sur-leau\/?cat=excursion_bateau\">traditionelle Bootsfahrt<\/a>. Einmal auf dem Wasser, sind die Weite des Ortes und das Gef\u00fchl, allein auf der Welt zu sein, unglaublich. Sie werden sicherlich Austernz\u00fcchter begegnen, die in den H\u00e4fen arbeiten, V\u00f6gel, die sich auf den Giebeln oder den D\u00e4chern der Kabinen ausruhen\u2026 Nehmen Sie die Kamera heraus, um den Moment mit den Winterfarben des Bassin im Hintergrund zu verewigen.<\/p>\n<\/div>\n<\/div><\/div>\n\n\n\n<div style=\"height:60px\" aria-hidden=\"true\" class=\"wp-block-spacer\"><\/div>\n\n\n\n<div class=\"wp-block-uagb-container uagb-block-c3319ced alignfull uagb-is-root-container\">\n<div class=\"wp-block-cover is-light has-parallax\"><span aria-hidden=\"true\" class=\"wp-block-cover__background has-background-dim-0 has-background-dim\"><\/span><div class=\"wp-block-cover__image-background wp-image-8349 has-parallax\" style=\"background-position:50% 50%;background-image:url(https:\/\/dev.bassin-arcachon.com\/wp-content\/uploads\/2017\/02\/hotel-les-bains-darguin-thalazur-arcachon-divers-3.jpg)\"><\/div><div class=\"wp-block-cover__inner-container is-layout-flow wp-block-cover-is-layout-flow\">\n<div class=\"wp-block-uagb-container uagb-block-dd953b33\">\n<h2 class=\"wp-block-heading has-text-align-center has-white-color has-text-color has-large-font-size\">Lust, die jodierte Luft des Bassin zu atmen?<\/h2>\n\n\n\n<p class=\"has-text-align-center has-white-color has-text-color\"><a href=\"https:\/\/www.bassin-arcachon.com\/nos-incontournables\/les-jetees\/\"><\/a><a href=\"https:\/\/www.bassin-arcachon.com\/nos-incontournables\/les-jetees\/\" target=\"_blank\" rel=\"noreferrer noopener\">Schlendern Sie \u00fcber die Piers<\/a><\/p>\n<\/div>\n<\/div><\/div>\n<\/div>\n\n\n\n<div style=\"height:60px\" aria-hidden=\"true\" class=\"wp-block-spacer\"><\/div>\n\n\n\n<div class=\"wp-block-uagb-container uagb-block-e9433a70 alignfull uagb-is-root-container\"><div class=\"uagb-container-inner-blocks-wrap\">\n<div class=\"wp-block-uagb-container uagb-block-3ef6d655\">\n<h2 class=\"wp-block-heading\">Wanderung auf der Dune du Pilat<\/h2>\n\n\n\n<p>F\u00fcr einen magischen Anblick des Bassin im Winter begeben Sie sich zur Dune du Pilat. Die Treppe wird Ihnen nicht mehr helfen, aber es wird eine Gelegenheit f\u00fcr einen sportlichen Aufstieg geben, bevor Sie den Gipfel erreichen. Nutzen Sie diese ruhige Zeit, um auf dem Kamm der D\u00fcne spazieren zu gehen und bis zu ihrem Fu\u00df am Strand hinunterzugehen. Wagen Sie sich so weit wie m\u00f6glich, die Landschaft ist es wert.<\/p>\n<\/div>\n\n\n\n<div class=\"wp-block-uagb-container uagb-block-9fcca49d\">\n<div class=\"wp-block-uagb-image uagb-block-97db7b28 wp-block-uagb-image--layout-default wp-block-uagb-image--effect-static wp-block-uagb-image--align-none\"><figure class=\"wp-block-uagb-image__figure\"><img decoding=\"async\" srcset=\"https:\/\/dev.bassin-arcachon.com\/wp-content\/uploads\/2017\/02\/17017116_1705522186128351_7205716539590127516_o-1024x683.jpg \" sizes=\"auto, (max-width: 480px) 150px\" src=\"https:\/\/dev.bassin-arcachon.com\/wp-content\/uploads\/2017\/02\/17017116_1705522186128351_7205716539590127516_o-1024x683.jpg\" alt=\"- - Bassin d&#039;Arcachon\" class=\"uag-image-6978\" width=\"1024\" height=\"683\" title=\"- - Bassin d&#039;Arcachon\" loading=\"lazy\" role=\"img\"><\/figure><\/div>\n<\/div>\n<\/div><\/div>\n\n\n\n<div style=\"height:60px\" aria-hidden=\"true\" class=\"wp-block-spacer\"><\/div>\n\n\n\n<div class=\"wp-block-uagb-container uagb-block-d0829c67 alignfull uagb-is-root-container\"><div class=\"uagb-container-inner-blocks-wrap\">\n<div class=\"wp-block-uagb-container uagb-block-74988d52\">\n<div class=\"wp-block-uagb-image uagb-block-a0cc5f1a wp-block-uagb-image--layout-default wp-block-uagb-image--effect-static wp-block-uagb-image--align-none\"><figure class=\"wp-block-uagb-image__figure\"><img decoding=\"async\" srcset=\"https:\/\/dev.bassin-arcachon.com\/wp-content\/uploads\/2022\/11\/noel-bassin-arcachon-les-conteurs-1024x1024.jpg \" sizes=\"auto, (max-width: 480px) 150px\" src=\"https:\/\/dev.bassin-arcachon.com\/wp-content\/uploads\/2022\/11\/noel-bassin-arcachon-les-conteurs-1024x1024.jpg\" alt=\"- - Bassin d&#039;Arcachon\" class=\"uag-image-52568\" width=\"1024\" height=\"1024\" title=\"- - Bassin d&#039;Arcachon\" loading=\"lazy\" role=\"img\"><\/figure><\/div>\n<\/div>\n\n\n\n<div class=\"wp-block-uagb-container uagb-block-f983ceb7\">\n<h2 class=\"wp-block-heading\">Feiern Sie Weihnachten fr\u00fch<\/h2>\n\n\n\n<p>Bevor Sie Weihnachten mit der Familie feiern, was ist, wenn Sie sich entscheiden, ein wenig voraus zu sein?<\/p>\n\n\n\n<p>Kaufen Sie ein paar Austern und reservieren Sie eine\u00a0<a href=\"https:\/\/www.bassin-arcachon.com\/hebergements\/chambres-dhotes\/\">\u00dcbernachtung mit Fr\u00fchst\u00fcck<\/a>\u00a0oder ein Ferienhaus, um ein sch\u00f6nes Wochenende mit Familie oder Freunden zu verbringen!<\/p>\n<\/div>\n<\/div><\/div>\n\n\n\n<div style=\"height:60px\" aria-hidden=\"true\" class=\"wp-block-spacer\"><\/div>\n\n\n\n<div class=\"wp-block-uagb-container uagb-block-7b84df9a alignfull uagb-is-root-container\"><div class=\"uagb-container-inner-blocks-wrap\">\n<div class=\"wp-block-uagb-container uagb-block-f22dd070\">\n<h2 class=\"wp-block-heading\">Eine Session Eislaufen<\/h2>\n\n\n\n<p>Ab Dezember werden zur Freude von Kindern und Eltern Eisbahnen in Arcachon und im Dorf L\u00e8ge eingerichtet!<\/p>\n\n\n\n<p>Es ist auch m\u00f6glich, den Weihnachtsmann zu sehen, der etwas fr\u00fcher kommt, um mit den Kindern Fotos zu machen.<\/p>\n\n\n\n<p>In Arcachon kommt er sogar am Samstag, den 12. Dezember mit dem Boot an!<\/p>\n<\/div>\n\n\n\n<div class=\"wp-block-uagb-container uagb-block-a0e28e1d\">\n<div class=\"wp-block-uagb-image uagb-block-fa52b6d3 wp-block-uagb-image--layout-default wp-block-uagb-image--effect-static wp-block-uagb-image--align-none\"><figure class=\"wp-block-uagb-image__figure\"><img decoding=\"async\" srcset=\"https:\/\/dev.bassin-arcachon.com\/wp-content\/uploads\/2017\/11\/Patinoire-L\u00e8ge-Cap-Ferret-1024x683.jpg \" sizes=\"auto, (max-width: 480px) 150px\" src=\"https:\/\/dev.bassin-arcachon.com\/wp-content\/uploads\/2017\/11\/Patinoire-L\u00e8ge-Cap-Ferret-1024x683.jpg\" alt=\"- - Bassin d&#039;Arcachon\" class=\"uag-image-39191\" width=\"1024\" height=\"683\" title=\"- - Bassin d&#039;Arcachon\" loading=\"lazy\" role=\"img\"><\/figure><\/div>\n<\/div>\n<\/div><\/div>\n\n\n\n<div style=\"height:60px\" aria-hidden=\"true\" class=\"wp-block-spacer\"><\/div>\n\n\n\n<div class=\"wp-block-uagb-container uagb-block-309d93af alignfull uagb-is-root-container\"><div class=\"uagb-container-inner-blocks-wrap\">\n<div class=\"wp-block-uagb-container uagb-block-b0b8d4c4\">\n<div class=\"wp-block-uagb-image uagb-block-b48b44dc wp-block-uagb-image--layout-default wp-block-uagb-image--effect-static wp-block-uagb-image--align-none\"><figure class=\"wp-block-uagb-image__figure\"><img decoding=\"async\" srcset=\"https:\/\/dev.bassin-arcachon.com\/wp-content\/uploads\/2017\/02\/shopping-pendant-les-soldes-1024x683.jpg \" sizes=\"auto, (max-width: 480px) 150px\" src=\"https:\/\/dev.bassin-arcachon.com\/wp-content\/uploads\/2017\/02\/shopping-pendant-les-soldes-1024x683.jpg\" alt=\"- - Bassin d&#039;Arcachon\" class=\"uag-image-1228\" width=\"1024\" height=\"683\" title=\"- - Bassin d&#039;Arcachon\" loading=\"lazy\" role=\"img\"><\/figure><\/div>\n<\/div>\n\n\n\n<div class=\"wp-block-uagb-container uagb-block-07a5396e\">\n<h2 class=\"wp-block-heading\">Weihnachtseink\u00e4ufe erledigen<\/h2>\n\n\n\n<p>Besuchen Sie die Gesch\u00e4fte von Arcachon, Andernos-les-Bains oder L\u00e8ge-Cap Ferret f\u00fcr die neuesten Weihnachtseink\u00e4ufe!<\/p>\n\n\n\n<p>Dies ist eine Gelegenheit, das Gesch\u00e4ftliche mit dem Angenehmen zu verbinden, indem Sie nach Ihrem wohlverdienten Einkaufsbummel einen Spaziergang auf den Piers machen.<\/p>\n<\/div>\n<\/div><\/div>\n\n\n\n<div style=\"height:60px\" aria-hidden=\"true\" class=\"wp-block-spacer\"><\/div>\n\n\n\n<div class=\"wp-block-uagb-container uagb-block-c051fe9b alignfull uagb-is-root-container\"><div class=\"uagb-container-inner-blocks-wrap\">\n<div class=\"wp-block-uagb-container uagb-block-49b5cd48\">\n<h2 class=\"wp-block-heading\">Ein Einkaufsbummel w\u00e4hrend des Schlussverkaufs<\/h2>\n\n\n\n<p>Nach Weihnachten gibt es einen weiteren Termin, den man nicht verpassen sollte: der Schlussverkauf! In Arcachon, aber auch in den Dekorationsgesch\u00e4ften in Grand Piquey oder sogar in den h\u00fcbschen Flohm\u00e4rkten und Gesch\u00e4ften des Bassin wie in Andernos.<\/p>\n\n\n\n<p>Nutzen Sie einen ganzen Tag, um zwischen Shopping, einer hei\u00dfen Schokoladenpause in einem Caf\u00e9 oder einem Dorfspaziergang abzuwechseln.<\/p>\n<\/div>\n\n\n\n<div class=\"wp-block-uagb-container uagb-block-e765dea5\">\n<div class=\"wp-block-uagb-image uagb-block-8ed7121e wp-block-uagb-image--layout-default wp-block-uagb-image--effect-static wp-block-uagb-image--align-none\"><figure class=\"wp-block-uagb-image__figure\"><img decoding=\"async\" srcset=\"https:\/\/dev.bassin-arcachon.com\/wp-content\/uploads\/2018\/11\/soldes-bassin-arcachon-1024x997.jpg ,https:\/\/dev.bassin-arcachon.com\/wp-content\/uploads\/2018\/11\/soldes-bassin-arcachon.jpg 780w, https:\/\/dev.bassin-arcachon.com\/wp-content\/uploads\/2018\/11\/soldes-bassin-arcachon.jpg 360w\" sizes=\"auto, (max-width: 480px) 150px\" src=\"https:\/\/dev.bassin-arcachon.com\/wp-content\/uploads\/2018\/11\/soldes-bassin-arcachon-1024x997.jpg\" alt=\"Verkauf von Pools in Arcachon\" class=\"uag-image-27050\" width=\"1024\" height=\"997\" title=\"Verkauf von Pools in Arcachon\" loading=\"lazy\" role=\"img\"\/><\/figure><\/div>\n<\/div>\n<\/div><\/div>\n\n\n\n<div style=\"height:60px\" aria-hidden=\"true\" class=\"wp-block-spacer\"><\/div>","protected":false},"excerpt":{"rendered":"<p>Prendre un moment pour soi Rien de mieux qu\u2019un week-end cocooning pour profiter \u00e0 deux. \u00c0 cette p\u00e9riode de l\u2019ann\u00e9e, vous allez adorez r\u00e9server un soin dans l\u2019un des \u00e9tablissements [&hellip;]<\/p>","protected":false},"author":25,"featured_media":1841,"parent":33,"menu_order":4,"comment_status":"closed","ping_status":"closed","template":"","meta":{"_acf_changed":false,"_uag_custom_page_level_css":"","footnotes":""},"class_list":["post-155","page","type-page","status-publish","has-post-thumbnail","hentry"],"acf":[],"uagb_featured_image_src":{"full":["https:\/\/dev.bassin-arcachon.com\/wp-content\/uploads\/2017\/02\/pignots-bassin-darcachon.jpg",1200,800,false],"thumbnail":["https:\/\/dev.bassin-arcachon.com\/wp-content\/uploads\/2017\/02\/pignots-bassin-darcachon-150x150.jpg",150,150,true],"medium":["https:\/\/dev.bassin-arcachon.com\/wp-content\/uploads\/2017\/02\/pignots-bassin-darcachon-300x200.jpg",300,200,true],"medium_large":["https:\/\/dev.bassin-arcachon.com\/wp-content\/uploads\/2017\/02\/pignots-bassin-darcachon-768x512.jpg",768,512,true],"large":["https:\/\/dev.bassin-arcachon.com\/wp-content\/uploads\/2017\/02\/pignots-bassin-darcachon-1024x683.jpg",1024,683,true],"1536x1536":["https:\/\/dev.bassin-arcachon.com\/wp-content\/uploads\/2017\/02\/pignots-bassin-darcachon.jpg",1200,800,false],"2048x2048":["https:\/\/dev.bassin-arcachon.com\/wp-content\/uploads\/2017\/02\/pignots-bassin-darcachon.jpg",1200,800,false],"trp-custom-language-flag":["https:\/\/dev.bassin-arcachon.com\/wp-content\/uploads\/2017\/02\/pignots-bassin-darcachon-18x12.jpg",18,12,true],"fp-small":["https:\/\/dev.bassin-arcachon.com\/wp-content\/uploads\/2017\/02\/pignots-bassin-darcachon-640x427.jpg",640,427,true],"fp-large":["https:\/\/dev.bassin-arcachon.com\/wp-content\/uploads\/2017\/02\/pignots-bassin-darcachon.jpg",1200,800,false],"fp-xlarge":["https:\/\/dev.bassin-arcachon.com\/wp-content\/uploads\/2017\/02\/pignots-bassin-darcachon.jpg",1200,800,false]},"uagb_author_info":{"display_name":"Marie Clauzel","author_link":"https:\/\/dev.bassin-arcachon.com\/de\/author\/mariesiba\/"},"uagb_comment_info":0,"uagb_excerpt":"Prendre un moment pour soi Rien de mieux qu\u2019un week-end cocooning pour profiter \u00e0 deux. \u00c0 cette p\u00e9riode de l\u2019ann\u00e9e, vous allez adorez r\u00e9server un soin dans l\u2019un des \u00e9tablissements [&hellip;]","_links":{"self":[{"href":"https:\/\/dev.bassin-arcachon.com\/de\/wp-json\/wp\/v2\/pages\/155","targetHints":{"allow":["GET"]}}],"collection":[{"href":"https:\/\/dev.bassin-arcachon.com\/de\/wp-json\/wp\/v2\/pages"}],"about":[{"href":"https:\/\/dev.bassin-arcachon.com\/de\/wp-json\/wp\/v2\/types\/page"}],"author":[{"embeddable":true,"href":"https:\/\/dev.bassin-arcachon.com\/de\/wp-json\/wp\/v2\/users\/25"}],"replies":[{"embeddable":true,"href":"https:\/\/dev.bassin-arcachon.com\/de\/wp-json\/wp\/v2\/comments?post=155"}],"version-history":[{"count":1,"href":"https:\/\/dev.bassin-arcachon.com\/de\/wp-json\/wp\/v2\/pages\/155\/revisions"}],"predecessor-version":[{"id":68231,"href":"https:\/\/dev.bassin-arcachon.com\/de\/wp-json\/wp\/v2\/pages\/155\/revisions\/68231"}],"up":[{"embeddable":true,"href":"https:\/\/dev.bassin-arcachon.com\/de\/wp-json\/wp\/v2\/pages\/33"}],"wp:featuredmedia":[{"embeddable":true,"href":"https:\/\/dev.bassin-arcachon.com\/de\/wp-json\/wp\/v2\/media\/1841"}],"wp:attachment":[{"href":"https:\/\/dev.bassin-arcachon.com\/de\/wp-json\/wp\/v2\/media?parent=155"}],"curies":[{"name":"wp","href":"https:\/\/api.w.org\/{rel}","templated":true}]}}