{"id":157,"date":"2017-03-09T14:32:23","date_gmt":"2017-03-09T13:32:23","guid":{"rendered":"https:\/\/dev.bassin-arcachon.com\/\/?page_id=157"},"modified":"2024-12-13T11:01:26","modified_gmt":"2024-12-13T10:01:26","slug":"ares","status":"publish","type":"page","link":"https:\/\/dev.bassin-arcachon.com\/de\/unsere-stadte-und-dorfer\/ares\/","title":{"rendered":"Ares"},"content":{"rendered":"<div class=\"wp-block-uagb-container uagb-block-1d8bdfb2 alignfull uagb-is-root-container\"><div class=\"uagb-container-inner-blocks-wrap\">\n<div class=\"wp-block-uagb-container uagb-block-32469a85\">\n<div class=\"wp-block-uagb-image uagb-block-1f4775da wp-block-uagb-image--layout-default wp-block-uagb-image--effect-static wp-block-uagb-image--align-none\"><figure class=\"wp-block-uagb-image__figure\"><img decoding=\"async\" srcset=\"https:\/\/dev.bassin-arcachon.com\/wp-content\/uploads\/2020\/07\/mini-map-ares.jpg \" sizes=\"auto, (max-width: 480px) 150px\" src=\"https:\/\/dev.bassin-arcachon.com\/wp-content\/uploads\/2020\/07\/mini-map-ares.jpg\" alt=\"- - Bassin d&#039;Arcachon\" class=\"uag-image-44398\" width=\"278\" height=\"278\" title=\"- - Bassin d&#039;Arcachon\" loading=\"lazy\" role=\"img\"><\/figure><\/div>\n<\/div>\n\n\n\n<div class=\"wp-block-uagb-container uagb-block-685d65f6\">\n<h2 class=\"wp-block-heading\">Ares, f\u00fcr echte Familienferien<\/h2>\n\n\n\n<p>Zwischen Bassin und Natur hat Ares etwas zu \u00fcberraschen! Kommen Sie und genie\u00dfen Sie seinen Austernhafen oder seine nat\u00fcrlichen St\u00e4tten auf der Suche nach gesch\u00fctzten Arten. Mit dem Label \u201eFamille Plus\u201c ist Ar\u00e8s der ideale Ort f\u00fcr echte Familienferien,&nbsp;<a href=\"https:\/\/www.bassin-arcachon.com\/quoi-faire\/samuser-avec-les-enfants\/\">mit den Kindern<\/a>&nbsp;!<br>Suchen Sie ein Hotel, <a href=\"https:\/\/dev.bassin-arcachon.com\/de\/wo-schlafen\/vermietungen\/unsere-ferienwohnungen-in-ares\/\">eine Ferienwohnung<\/a>, <a href=\"https:\/\/dev.bassin-arcachon.com\/de\/wo-schlafen\/gastezimmer\/unsere-gastezimmer-in-ares\/\">ein G\u00e4stehaus<\/a>, <a href=\"https:\/\/dev.bassin-arcachon.com\/de\/wo-schlafen\/camping\/ares\/\">ein Campingplatz<\/a>Ar\u00e8s ist der ideale Badeort f\u00fcr Urlaubsunterk\u00fcnfte.<\/p>\n<\/div>\n<\/div><\/div>\n\n\n\n<div style=\"height:60px\" aria-hidden=\"true\" class=\"wp-block-spacer\"><\/div>\n\n\n\n<div class=\"wp-block-uagb-container uagb-block-d7962e0c alignfull uagb-is-root-container\"><div class=\"uagb-container-inner-blocks-wrap\">\n<div class=\"wp-block-uagb-container uagb-block-bd920663\">\n<div class=\"wp-block-uagb-image uagb-block-a08aee1b wp-block-uagb-image--layout-default wp-block-uagb-image--effect-static wp-block-uagb-image--align-none\"><figure class=\"wp-block-uagb-image__figure\"><img decoding=\"async\" srcset=\"https:\/\/dev.bassin-arcachon.com\/wp-content\/uploads\/2018\/04\/port-ostreicole-aras-e1548070404746.jpg \" sizes=\"auto, (max-width: 480px) 150px\" src=\"https:\/\/dev.bassin-arcachon.com\/wp-content\/uploads\/2018\/04\/port-ostreicole-aras-e1548070404746.jpg\" alt=\"Austernhafen von Ar\u00e8s\" class=\"uag-image-19887\" width=\"1000\" height=\"667\" title=\"- - Bassin d&#039;Arcachon\" loading=\"lazy\" role=\"img\"><\/figure><\/div>\n<\/div>\n\n\n\n<div class=\"wp-block-uagb-container uagb-block-0339e121\">\n<h3 class=\"wp-block-heading\">Schlendern Sie durch den Austernhafen<\/h3>\n\n\n\n<p>Auf zu den bunten H\u00fctten der&nbsp;<a href=\"https:\/\/www.bassin-arcachon.com\/nos-incontournables\/les-villages-et-ports-ostreicoles\/\">Austernhafen<\/a>&nbsp;von Ares! Auf dem Kanal laden die Rundwege der Flats und die blumigen Wege zum Bummeln ein.<\/p>\n\n\n\n<p>Nebenan die bezaubernde Landschaft von&nbsp;<a href=\"https:\/\/www.bassin-arcachon.com\/nos-incontournables\/les-pres-sales-dares-lege\/\">Salzwiesen von Ar\u00e8s-L\u00e8ge<\/a>&nbsp;bietet ein ganz anderes Panorama. Nutzen Sie die Gelegenheit, gute Austern bei einem Glas Wei\u00dfwein bei unseren Austernz\u00fcchtern zu probieren!<\/p>\n<\/div>\n<\/div><\/div>\n\n\n\n<div style=\"height:40px\" aria-hidden=\"true\" class=\"wp-block-spacer\"><\/div>\n\n\n\n<div class=\"wp-block-uagb-container uagb-block-fb81b349 alignfull uagb-is-root-container\"><div class=\"uagb-container-inner-blocks-wrap\">\n<div class=\"wp-block-uagb-container uagb-block-0ad5a044\">\n<h3 class=\"wp-block-heading\">Tauchen Sie ein in die Mitte der Salzwiesen<\/h3>\n\n\n\n<p>Beginnen Sie am Austernhafen von Ar\u00e8s und begeben Sie sich auf die markierten Wege des Nationalen Naturschutzgebietes der Salzwiesen.<\/p>\n\n\n\n<p>Halten Sie auf Ihrem Weg die Augen offen, Sie werden europ\u00e4ische Sumpfschildkr\u00f6ten und sogar Smaragdeidechsen zur Freude der Kinder sehen k\u00f6nnen! Wir empfehlen Ihnen, es zu entdecken&nbsp;<a href=\"https:\/\/www.bassin-arcachon.com\/decouverte-des-pres-sales-dares-lege-avec-un-guide-nature\/\" target=\"_blank\" rel=\"noreferrer noopener\">Salzwiesen mit Alexandre, Naturf\u00fchrer<\/a>&nbsp;Bei der<a href=\"https:\/\/www.ares-tourisme.com\/\" data-type=\"URL\" data-id=\"https:\/\/www.ares-tourisme.com\/\" target=\"_blank\" rel=\"noopener\">Touristeninformation<\/a>.<\/p>\n<\/div>\n\n\n\n<div class=\"wp-block-uagb-container uagb-block-6133f195\">\n<div class=\"wp-block-uagb-image uagb-block-c8017fc4 wp-block-uagb-image--layout-default wp-block-uagb-image--effect-static wp-block-uagb-image--align-none\"><figure class=\"wp-block-uagb-image__figure\"><img decoding=\"async\" srcset=\"https:\/\/dev.bassin-arcachon.com\/wp-content\/uploads\/2017\/02\/pres-sales-ares-17-1024x683.jpg \" sizes=\"auto, (max-width: 480px) 150px\" src=\"https:\/\/dev.bassin-arcachon.com\/wp-content\/uploads\/2017\/02\/pres-sales-ares-17-1024x683.jpg\" alt=\"- - Bassin d&#039;Arcachon\" class=\"uag-image-11705\" width=\"1024\" height=\"683\" title=\"- - Bassin d&#039;Arcachon\" loading=\"lazy\" role=\"img\"><\/figure><\/div>\n<\/div>\n<\/div><\/div>\n\n\n\n<div style=\"height:40px\" aria-hidden=\"true\" class=\"wp-block-spacer\"><\/div>\n\n\n\n<div class=\"wp-block-uagb-container uagb-block-f0c1a50e alignfull uagb-is-root-container\"><div class=\"uagb-container-inner-blocks-wrap\">\n<div class=\"wp-block-uagb-container uagb-block-450fbae2\">\n<div class=\"wp-block-uagb-image uagb-block-0ef644f2 wp-block-uagb-image--layout-default wp-block-uagb-image--effect-static wp-block-uagb-image--align-none\"><figure class=\"wp-block-uagb-image__figure\"><img decoding=\"async\" srcset=\"https:\/\/dev.bassin-arcachon.com\/wp-content\/uploads\/2020\/07\/ares-triangle-de-pereire-1024x683-1.jpg \" sizes=\"auto, (max-width: 480px) 150px\" src=\"https:\/\/dev.bassin-arcachon.com\/wp-content\/uploads\/2020\/07\/ares-triangle-de-pereire-1024x683-1.jpg\" alt=\"- - Bassin d&#039;Arcachon\" class=\"uag-image-44401\" width=\"1024\" height=\"683\" title=\"- - Bassin d&#039;Arcachon\" loading=\"lazy\" role=\"img\"><\/figure><\/div>\n<\/div>\n\n\n\n<div class=\"wp-block-uagb-container uagb-block-6c2c0313\">\n<h3 class=\"wp-block-heading\">Picknick im Triangle de Pereire<\/h3>\n\n\n\n<p>Machen Sie ein improvisiertes Picknick am Strand von Triangle de Pereire oder weiter <a href=\"https:\/\/dev.bassin-arcachon.com\/de\/erstlingsfruchte-des-herbstes\/\">die St\u00e4tte von St. Brice<\/a> im Schatten der Pinien.<\/p>\n\n\n\n<p>Machen Sie sich nach dem Mittagessen auf den Weg, um die kleinen geheimen Ecken des Anwesens und des Sees zu entdecken.<\/p>\n\n\n\n<p>Bei Ebbe ist die Conche de St. Brice der einzige Ort, an dem Sie schwimmen k\u00f6nnen.<\/p>\n<\/div>\n<\/div><\/div>\n\n\n\n<div style=\"height:40px\" aria-hidden=\"true\" class=\"wp-block-spacer\"><\/div>\n\n\n\n<div class=\"wp-block-uagb-container uagb-block-3f06d5b2 alignfull uagb-is-root-container\"><div class=\"uagb-container-inner-blocks-wrap\">\n<div class=\"wp-block-uagb-container uagb-block-4b47f266\">\n<h3 class=\"wp-block-heading\">Machen Sie einen Spaziergang im Wald<\/h3>\n\n\n\n<p>Machen Sie einen Naturspaziergang im Wald von Ar\u00e8s.<\/p>\n\n\n\n<p>Im Herbst ideal zum Pilze sammeln! <a href=\"https:\/\/www.bassin-arcachon.com\/quoi-faire\/balades-a-pied-a-velo\/\">Zu Fu\u00df oder mit dem Fahrrad<\/a>, brechen Sie f\u00fcr einen Tag inmitten der Strandkiefern auf. Unterwegs l\u00e4dt der Platz zu einer Pause im Schatten eines Baumes ein. <\/p>\n\n\n\n<p>Das Fremdenverkehrsamt bietet viele Besuche an, z\u00f6gern Sie nicht, dorthin zu gehen!<\/p>\n<\/div>\n\n\n\n<div class=\"wp-block-uagb-container uagb-block-363ce8c8\">\n<div class=\"wp-block-uagb-image uagb-block-775d576c wp-block-uagb-image--layout-default wp-block-uagb-image--effect-static wp-block-uagb-image--align-none\"><figure class=\"wp-block-uagb-image__figure\"><img decoding=\"async\" srcset=\"https:\/\/dev.bassin-arcachon.com\/wp-content\/uploads\/2020\/07\/Ramasser-les-champignons-en-foret-Bassin-Arcachon-1024x683-1.jpg \" sizes=\"auto, (max-width: 480px) 150px\" src=\"https:\/\/dev.bassin-arcachon.com\/wp-content\/uploads\/2020\/07\/Ramasser-les-champignons-en-foret-Bassin-Arcachon-1024x683-1.jpg\" alt=\"- - Bassin d&#039;Arcachon\" class=\"uag-image-44402\" width=\"1024\" height=\"683\" title=\"- - Bassin d&#039;Arcachon\" loading=\"lazy\" role=\"img\"><\/figure><\/div>\n<\/div>\n<\/div><\/div>\n\n\n\n<div style=\"height:40px\" aria-hidden=\"true\" class=\"wp-block-spacer\"><\/div>\n\n\n\n<div class=\"wp-block-uagb-container uagb-block-826c5612 alignfull uagb-is-root-container\"><div class=\"uagb-container-inner-blocks-wrap\">\n<div class=\"wp-block-uagb-container uagb-block-4ea2cc4b\">\n<div class=\"wp-block-uagb-image uagb-block-26aa436a wp-block-uagb-image--layout-default wp-block-uagb-image--effect-static wp-block-uagb-image--align-none\"><figure class=\"wp-block-uagb-image__figure\"><img decoding=\"async\" srcset=\"https:\/\/dev.bassin-arcachon.com\/wp-content\/uploads\/2020\/07\/ares-velos-1024x681-1.jpg \" sizes=\"auto, (max-width: 480px) 150px\" src=\"https:\/\/dev.bassin-arcachon.com\/wp-content\/uploads\/2020\/07\/ares-velos-1024x681-1.jpg\" alt=\"- - Bassin d&#039;Arcachon\" class=\"uag-image-44403\" width=\"1024\" height=\"681\" title=\"- - Bassin d&#039;Arcachon\" loading=\"lazy\" role=\"img\"><\/figure><\/div>\n<\/div>\n\n\n\n<div class=\"wp-block-uagb-container uagb-block-98ade739\">\n<h3 class=\"wp-block-heading\">Spazieren Sie auf Rad- und Wanderwegen<\/h3>\n\n\n\n<p>Im Korb picknicken, rausgehen <a href=\"https:\/\/dev.bassin-arcachon.com\/de\/schaltkreis\/turm-wagt\/\">Radwege oder Wanderwege, um alle Facetten von Ar\u00e8s zu entdecken.<\/a><\/p>\n\n\n\n<p>G\u00f6nnen Sie sich unterwegs bei Flut eine wohlverdiente Schwimmpause im Bassin oder w\u00e4hlen Sie Saint Brice bei Ebbe!<\/p>\n<\/div>\n<\/div><\/div>\n\n\n\n<div style=\"height:40px\" aria-hidden=\"true\" class=\"wp-block-spacer\"><\/div>\n\n\n\n<div class=\"wp-block-uagb-container uagb-block-4d7178b8 alignfull uagb-is-root-container\"><div class=\"uagb-container-inner-blocks-wrap\">\n<div class=\"wp-block-uagb-container uagb-block-3b8c531e\">\n<h3 class=\"wp-block-heading\">Entlang des Piers von Ar\u00e8s<\/h3>\n\n\n\n<p>Der Pier von Ar\u00e8s ist als der \u00e4lteste im Bassin von Arcachon bekannt.<\/p>\n\n\n\n<p>Spazieren Sie zu Fu\u00df und bei Ebbe entlang der Mole, die damals als Anlegestelle f\u00fcr Fischer diente.<\/p>\n\n\n\n<p>Ein sch\u00f6ner Blickwinkel auf das Bassin: Nehmen Sie Ihre Kamera heraus!<\/p>\n<\/div>\n\n\n\n<div class=\"wp-block-uagb-container uagb-block-9a8e086f\">\n<div class=\"wp-block-uagb-image uagb-block-c59bb09f wp-block-uagb-image--layout-default wp-block-uagb-image--effect-static wp-block-uagb-image--align-none\"><figure class=\"wp-block-uagb-image__figure\"><img decoding=\"async\" srcset=\"https:\/\/dev.bassin-arcachon.com\/wp-content\/uploads\/2019\/06\/jet\u00e9e-dAr\u00e8s-point-de-vue-sur-le-Bassin-dArcachon.jpg 1000w, https:\/\/dev.bassin-arcachon.com\/wp-content\/uploads\/2019\/06\/jet\u00e9e-dAr\u00e8s-point-de-vue-sur-le-Bassin-dArcachon-300x225.jpg 300w, https:\/\/dev.bassin-arcachon.com\/wp-content\/uploads\/2019\/06\/jet\u00e9e-dAr\u00e8s-point-de-vue-sur-le-Bassin-dArcachon-768x576.jpg 768w, https:\/\/dev.bassin-arcachon.com\/wp-content\/uploads\/2019\/06\/jet\u00e9e-dAr\u00e8s-point-de-vue-sur-le-Bassin-dArcachon-16x12.jpg 16w, https:\/\/dev.bassin-arcachon.com\/wp-content\/uploads\/2019\/06\/jet\u00e9e-dAr\u00e8s-point-de-vue-sur-le-Bassin-dArcachon-640x480.jpg 640w\" sizes=\"auto, (max-width: 480px) 150px\" src=\"https:\/\/dev.bassin-arcachon.com\/wp-content\/uploads\/2019\/06\/jet\u00e9e-dAr\u00e8s-point-de-vue-sur-le-Bassin-dArcachon.jpg\" alt=\"- - Bassin d&#039;Arcachon\" class=\"uag-image-35260\" width=\"1000\" height=\"750\" title=\"- - Bassin d&#039;Arcachon\" loading=\"lazy\" role=\"img\"><\/figure><\/div>\n<\/div>\n<\/div><\/div>\n\n\n\n<div style=\"height:40px\" aria-hidden=\"true\" class=\"wp-block-spacer\"><\/div>","protected":false},"excerpt":{"rendered":"<p>Ar\u00e8s, f\u00fcr einen echten Familienurlaub Zwischen Bassin und Natur hat Ar\u00e8s etwas zu bieten, das Sie \u00fcberrascht! Kommen Sie und genie\u00dfen Sie den Austernhafen oder die Naturst\u00e4tten [\u2026]<\/p>","protected":false},"author":25,"featured_media":11705,"parent":29,"menu_order":7,"comment_status":"closed","ping_status":"closed","template":"","meta":{"_acf_changed":false,"_uag_custom_page_level_css":"","footnotes":""},"class_list":["post-157","page","type-page","status-publish","has-post-thumbnail","hentry"],"acf":[],"uagb_featured_image_src":{"full":["https:\/\/dev.bassin-arcachon.com\/wp-content\/uploads\/2017\/02\/pres-sales-ares-17.jpg",1200,800,false],"thumbnail":["https:\/\/dev.bassin-arcachon.com\/wp-content\/uploads\/2017\/02\/pres-sales-ares-17-150x150.jpg",150,150,true],"medium":["https:\/\/dev.bassin-arcachon.com\/wp-content\/uploads\/2017\/02\/pres-sales-ares-17-300x200.jpg",300,200,true],"medium_large":["https:\/\/dev.bassin-arcachon.com\/wp-content\/uploads\/2017\/02\/pres-sales-ares-17-768x512.jpg",768,512,true],"large":["https:\/\/dev.bassin-arcachon.com\/wp-content\/uploads\/2017\/02\/pres-sales-ares-17-1024x683.jpg",1024,683,true],"1536x1536":["https:\/\/dev.bassin-arcachon.com\/wp-content\/uploads\/2017\/02\/pres-sales-ares-17.jpg",1200,800,false],"2048x2048":["https:\/\/dev.bassin-arcachon.com\/wp-content\/uploads\/2017\/02\/pres-sales-ares-17.jpg",1200,800,false],"trp-custom-language-flag":["https:\/\/dev.bassin-arcachon.com\/wp-content\/uploads\/2017\/02\/pres-sales-ares-17-18x12.jpg",18,12,true],"fp-small":["https:\/\/dev.bassin-arcachon.com\/wp-content\/uploads\/2017\/02\/pres-sales-ares-17-640x427.jpg",640,427,true],"fp-large":["https:\/\/dev.bassin-arcachon.com\/wp-content\/uploads\/2017\/02\/pres-sales-ares-17.jpg",1200,800,false],"fp-xlarge":["https:\/\/dev.bassin-arcachon.com\/wp-content\/uploads\/2017\/02\/pres-sales-ares-17.jpg",1200,800,false]},"uagb_author_info":{"display_name":"Marie Clauzel","author_link":"https:\/\/dev.bassin-arcachon.com\/de\/author\/mariesiba\/"},"uagb_comment_info":0,"uagb_excerpt":"Ar\u00e8s, pour des vraies vacances en famille Entre Bassin et nature, Ar\u00e8s a de quoi vous surprendre ! Venez profiter de son port ostr\u00e9icole, ou de ses sites naturels \u00e0 [&hellip;]","_links":{"self":[{"href":"https:\/\/dev.bassin-arcachon.com\/de\/wp-json\/wp\/v2\/pages\/157","targetHints":{"allow":["GET"]}}],"collection":[{"href":"https:\/\/dev.bassin-arcachon.com\/de\/wp-json\/wp\/v2\/pages"}],"about":[{"href":"https:\/\/dev.bassin-arcachon.com\/de\/wp-json\/wp\/v2\/types\/page"}],"author":[{"embeddable":true,"href":"https:\/\/dev.bassin-arcachon.com\/de\/wp-json\/wp\/v2\/users\/25"}],"replies":[{"embeddable":true,"href":"https:\/\/dev.bassin-arcachon.com\/de\/wp-json\/wp\/v2\/comments?post=157"}],"version-history":[{"count":1,"href":"https:\/\/dev.bassin-arcachon.com\/de\/wp-json\/wp\/v2\/pages\/157\/revisions"}],"predecessor-version":[{"id":118617,"href":"https:\/\/dev.bassin-arcachon.com\/de\/wp-json\/wp\/v2\/pages\/157\/revisions\/118617"}],"up":[{"embeddable":true,"href":"https:\/\/dev.bassin-arcachon.com\/de\/wp-json\/wp\/v2\/pages\/29"}],"wp:featuredmedia":[{"embeddable":true,"href":"https:\/\/dev.bassin-arcachon.com\/de\/wp-json\/wp\/v2\/media\/11705"}],"wp:attachment":[{"href":"https:\/\/dev.bassin-arcachon.com\/de\/wp-json\/wp\/v2\/media?parent=157"}],"curies":[{"name":"wp","href":"https:\/\/api.w.org\/{rel}","templated":true}]}}