{"id":19430,"date":"2018-03-26T16:41:02","date_gmt":"2018-03-26T14:41:02","guid":{"rendered":"https:\/\/dev.bassin-arcachon.com\/\/?page_id=19430"},"modified":"2024-12-06T12:43:00","modified_gmt":"2024-12-06T11:43:00","slug":"fahrradpool","status":"publish","type":"page","link":"https:\/\/dev.bassin-arcachon.com\/de\/fahrradpool\/","title":{"rendered":"Das Becken mit dem Fahrrad"},"content":{"rendered":"<div style=\"height:20px\" aria-hidden=\"true\" class=\"wp-block-spacer\"><\/div>\n\n\n\n<div class=\"wp-block-uagb-container uagb-block-f3fb0af8 alignfull uagb-is-root-container\"><div class=\"uagb-container-inner-blocks-wrap\">\n<blockquote class=\"wp-block-quote is-layout-flow wp-block-quote-is-layout-flow\">\n<div class=\"wp-block-uagb-advanced-heading uagb-block-29a9e424\"><h2 class=\"uagb-heading-text\"><strong>Das Bassin in Arcachon umfasst +330 km Radwege von S\u00fcden nach Norden! <\/strong><\/h2><\/div>\n<\/blockquote>\n\n\n\n<h3 class=\"wp-block-heading\">Im S\u00fcden Bassin <br>(Arcachon, La Teste de Buch, Gujan Mestras, Le Teich) <\/h3>\n<\/div><\/div>\n\n\n\n<div class=\"wp-block-uagb-container uagb-block-1ca06b86 alignfull uagb-is-root-container\"><div class=\"uagb-container-inner-blocks-wrap\">\n<div class=\"wp-block-uagb-container uagb-block-e7e28689\">\n<p><strong>Die st\u00e4dtische Gemeinschaft von Bassin Sud (<a href=\"https:\/\/www.agglo-cobas.fr\/\" target=\"_blank\" rel=\"noopener\">COBAS<\/a>)<\/strong> erstellte einen Radwegeplan mit <strong>21 Reiseroutenvorschl\u00e4ge<\/strong> Bewegung zulassen <strong>Sommer und Winter in allen 4 Gemeinden des S\u00fcdbeckens<\/strong>, mit der M\u00f6glichkeit zum Scannen a<strong> QRCODE<\/strong> auf jedem Paneel, das an den H\u00e4ngen installiert ist, und auf das sich bezieht <strong>der digitale Plan der Website<\/strong>. Ein j\u00e4hrlich aktualisierter Plan, der auf der Neugestaltung von Radwegen oder Teilen eines Weges basiert.<\/p>\n<\/div>\n\n\n\n<div class=\"wp-block-uagb-container uagb-block-56c3496a\">\n<figure class=\"wp-block-image size-large\"><img loading=\"lazy\" decoding=\"async\" width=\"1024\" height=\"683\" src=\"https:\/\/dev.bassin-arcachon.com\/wp-content\/uploads\/2024\/08\/2020_HD_Plage-Arcachon_BIETTE-1-1024x683.jpg\" alt=\"- - Bassin d&#039;Arcachon\" class=\"wp-image-58898\" title=\"- - Bassin d&#039;Arcachon\" srcset=\"https:\/\/dev.bassin-arcachon.com\/wp-content\/uploads\/2024\/08\/2020_HD_Plage-Arcachon_BIETTE-1-1024x683.jpg 1024w, https:\/\/dev.bassin-arcachon.com\/wp-content\/uploads\/2024\/08\/2020_HD_Plage-Arcachon_BIETTE-1-300x200.jpg 300w, https:\/\/dev.bassin-arcachon.com\/wp-content\/uploads\/2024\/08\/2020_HD_Plage-Arcachon_BIETTE-1-768x512.jpg 768w, https:\/\/dev.bassin-arcachon.com\/wp-content\/uploads\/2024\/08\/2020_HD_Plage-Arcachon_BIETTE-1-1536x1024.jpg 1536w, https:\/\/dev.bassin-arcachon.com\/wp-content\/uploads\/2024\/08\/2020_HD_Plage-Arcachon_BIETTE-1-2048x1365.jpg 2048w, https:\/\/dev.bassin-arcachon.com\/wp-content\/uploads\/2024\/08\/2020_HD_Plage-Arcachon_BIETTE-1-18x12.jpg 18w, https:\/\/dev.bassin-arcachon.com\/wp-content\/uploads\/2024\/08\/2020_HD_Plage-Arcachon_BIETTE-1-640x427.jpg 640w, https:\/\/dev.bassin-arcachon.com\/wp-content\/uploads\/2024\/08\/2020_HD_Plage-Arcachon_BIETTE-1-1200x800.jpg 1200w, https:\/\/dev.bassin-arcachon.com\/wp-content\/uploads\/2024\/08\/2020_HD_Plage-Arcachon_BIETTE-1-1920x1280.jpg 1920w\" sizes=\"auto, (max-width: 1024px) 100vw, 1024px\" \/><\/figure>\n<\/div>\n<\/div><\/div>\n\n\n\n<div class=\"wp-block-uagb-container uagb-block-b68916f1 alignfull uagb-is-root-container\"><div class=\"uagb-container-inner-blocks-wrap\">\n<div class=\"wp-block-uagb-container uagb-block-b17a5d36\">\n<p>Klicken <strong><a href=\"https:\/\/www.agglo-cobas.fr\/wp-content\/uploads\/2024\/03\/VDEF-plan-pistes-cyclables-cobas-2024-web.pdf\" target=\"_blank\" rel=\"noreferrer noopener\">HIER<\/a><\/strong>, scannen Sie den nebenstehenden QR-Code, um die Karte online zu entdecken, oder treffen Sie sich unter <strong>der Empfang von COBAS, den 4 Rath\u00e4usern und ihren Nebengeb\u00e4uden sowie in den Tourismusb\u00fcros von Arcachon, La Teste de Buch, Gujan-Mestras, Le Teich.<\/strong><br><\/p>\n<\/div>\n\n\n\n<div class=\"wp-block-uagb-container uagb-block-e4189816\">\n<figure class=\"wp-block-image size-large\"><img loading=\"lazy\" decoding=\"async\" width=\"1024\" height=\"1024\" src=\"https:\/\/dev.bassin-arcachon.com\/wp-content\/uploads\/2024\/12\/Plan-velo-2024_HD-1024x1024.png\" alt=\"- - Bassin d&#039;Arcachon\" class=\"wp-image-112044\" title=\"- - Bassin d&#039;Arcachon\" srcset=\"https:\/\/dev.bassin-arcachon.com\/wp-content\/uploads\/2024\/12\/Plan-velo-2024_HD-1024x1024.png 1024w, https:\/\/dev.bassin-arcachon.com\/wp-content\/uploads\/2024\/12\/Plan-velo-2024_HD-300x300.png 300w, https:\/\/dev.bassin-arcachon.com\/wp-content\/uploads\/2024\/12\/Plan-velo-2024_HD-150x150.png 150w, https:\/\/dev.bassin-arcachon.com\/wp-content\/uploads\/2024\/12\/Plan-velo-2024_HD-768x768.png 768w, https:\/\/dev.bassin-arcachon.com\/wp-content\/uploads\/2024\/12\/Plan-velo-2024_HD-12x12.png 12w, https:\/\/dev.bassin-arcachon.com\/wp-content\/uploads\/2024\/12\/Plan-velo-2024_HD-640x640.png 640w, https:\/\/dev.bassin-arcachon.com\/wp-content\/uploads\/2024\/12\/Plan-velo-2024_HD.png 1200w\" sizes=\"auto, (max-width: 1024px) 100vw, 1024px\" \/><\/figure>\n<\/div>\n<\/div><\/div>\n\n\n\n<div class=\"wp-block-uagb-container uagb-block-123e3c8d alignfull uagb-is-root-container\"><div class=\"uagb-container-inner-blocks-wrap\">\n<h3 class=\"wp-block-heading\">Im Norden <br>(Von Biganos bis L\u00e8ge-Cap Ferret)<\/h3>\n<\/div><\/div>\n\n\n\n<div class=\"wp-block-uagb-container uagb-block-e677af68 alignfull uagb-is-root-container\"><div class=\"uagb-container-inner-blocks-wrap\">\n<div class=\"wp-block-uagb-container uagb-block-1d284338\">\n<figure class=\"wp-block-image size-large\"><img loading=\"lazy\" decoding=\"async\" width=\"1024\" height=\"683\" src=\"https:\/\/dev.bassin-arcachon.com\/wp-content\/uploads\/2024\/08\/2017_HD_Villages-ostreicoles_BIETTE-7-1024x683.jpg\" alt=\"- - Bassin d&#039;Arcachon\" class=\"wp-image-58919\" title=\"- - Bassin d&#039;Arcachon\" srcset=\"https:\/\/dev.bassin-arcachon.com\/wp-content\/uploads\/2024\/08\/2017_HD_Villages-ostreicoles_BIETTE-7-1024x683.jpg 1024w, https:\/\/dev.bassin-arcachon.com\/wp-content\/uploads\/2024\/08\/2017_HD_Villages-ostreicoles_BIETTE-7-300x200.jpg 300w, https:\/\/dev.bassin-arcachon.com\/wp-content\/uploads\/2024\/08\/2017_HD_Villages-ostreicoles_BIETTE-7-768x512.jpg 768w, https:\/\/dev.bassin-arcachon.com\/wp-content\/uploads\/2024\/08\/2017_HD_Villages-ostreicoles_BIETTE-7-1536x1024.jpg 1536w, https:\/\/dev.bassin-arcachon.com\/wp-content\/uploads\/2024\/08\/2017_HD_Villages-ostreicoles_BIETTE-7-2048x1365.jpg 2048w, https:\/\/dev.bassin-arcachon.com\/wp-content\/uploads\/2024\/08\/2017_HD_Villages-ostreicoles_BIETTE-7-18x12.jpg 18w, https:\/\/dev.bassin-arcachon.com\/wp-content\/uploads\/2024\/08\/2017_HD_Villages-ostreicoles_BIETTE-7-640x427.jpg 640w, https:\/\/dev.bassin-arcachon.com\/wp-content\/uploads\/2024\/08\/2017_HD_Villages-ostreicoles_BIETTE-7-1200x800.jpg 1200w, https:\/\/dev.bassin-arcachon.com\/wp-content\/uploads\/2024\/08\/2017_HD_Villages-ostreicoles_BIETTE-7-1920x1280.jpg 1920w\" sizes=\"auto, (max-width: 1024px) 100vw, 1024px\" \/><\/figure>\n<\/div>\n\n\n\n<div class=\"wp-block-uagb-container uagb-block-6bde63ec\">\n<p><strong>Die st\u00e4dtische Gemeinschaft von Bassin North (<a href=\"https:\/\/coban-atlantique.fr\/\" target=\"_blank\" rel=\"noopener\">COBAN<\/a>)<\/strong> bietet seine Touren \u00fcber die mobile Anwendung an <a href=\"https:\/\/geovelo.app\/fr\/\" target=\"_blank\" rel=\"noopener\"><strong>Geovelo<\/strong><\/a>. Es integriert die<strong>alle Radwege, Zonen mit geringer Geschwindigkeit, vielf\u00e4ltige Infrastruktur f\u00fcr Radfahrer und sogar gesch\u00e4tzte Fahrtzeiten<\/strong>.<\/p>\n\n\n\n<p>Es kann kostenlos heruntergeladen werden unter <a href=\"https:\/\/apps.apple.com\/fr\/app\/geovelo-gps-stats-v%C3%A9lo\/id1261357713\" target=\"_blank\" rel=\"noopener\">Apfel<\/a> und <a href=\"https:\/\/play.google.com\/store\/apps\/details?id=fr.geovelo&amp;hl=fr\" target=\"_blank\" rel=\"noopener\">Android<\/a>. <\/p>\n<\/div>\n<\/div><\/div>\n\n\n\n<div class=\"wp-block-uagb-container uagb-block-4cbabf0a alignfull uagb-is-root-container\"><div class=\"uagb-container-inner-blocks-wrap\">\n<div class=\"wp-block-buttons is-layout-flex wp-block-buttons-is-layout-flex\">\n<div class=\"wp-block-button is-style-outline is-style-outline--1\"><a class=\"wp-block-button__link has-text-align-center wp-element-button\" href=\"https:\/\/www.calameo.com\/read\/000024421d3283fe20be5\" target=\"_blank\" rel=\"noopener\">Finden Sie die Bassin-Karte zu Fu\u00df und mit dem Fahrrad<\/a><\/div>\n<\/div>\n<\/div><\/div>\n\n\n\n<p><\/p>\n\n\n\n<div class=\"wp-block-uagb-container uagb-block-9e001b31 alignfull uagb-is-root-container\"><div class=\"uagb-container-inner-blocks-wrap\">\n<div class=\"wp-block-uagb-container uagb-block-f1be2781\">\n<h3 class=\"wp-block-heading\">Die Tour des Bassin mit dem Fahrrad<\/h3>\n\n\n\n<p>Auf dem Programm: Austernzuchtd\u00f6rfer, Radwege im Schatten von Seekiefern, Stopps an sch\u00f6nen Str\u00e4nden, Begegnungen und gute Zeiten! Entdecken Sie die Reisegeschichte von Madame Oreille, Fotografin und Bloggerin.<\/p>\n\n\n\n<div class=\"wp-block-buttons is-layout-flex wp-block-buttons-is-layout-flex\">\n<div class=\"wp-block-button\"><a class=\"wp-block-button__link wp-element-button\" href=\"https:\/\/www.madame-oreille.com\/bassin-darcachon-faire-le-tour-a-velo\/\" target=\"_blank\" rel=\"noreferrer noopener\">Weiterlesen<\/a><\/div>\n<\/div>\n<\/div>\n\n\n\n<div class=\"wp-block-uagb-container uagb-block-5fed13b1\">\n<div class=\"wp-block-uagb-image uagb-block-ce1584a5 wp-block-uagb-image--layout-default wp-block-uagb-image--effect-static wp-block-uagb-image--align-none\"><figure class=\"wp-block-uagb-image__figure\"><img decoding=\"async\" srcset=\"https:\/\/dev.bassin-arcachon.com\/wp-content\/uploads\/2020\/06\/arcachon-vignette-tour-a-velo-1024x683.jpg \" sizes=\"auto, (max-width: 480px) 150px\" src=\"https:\/\/dev.bassin-arcachon.com\/wp-content\/uploads\/2020\/06\/arcachon-vignette-tour-a-velo-1024x683.jpg\" alt=\"- - Bassin d&#039;Arcachon\" class=\"uag-image-46836\" width=\"1024\" height=\"683\" title=\"- - Bassin d&#039;Arcachon\" loading=\"lazy\" role=\"img\"><\/figure><\/div>\n<\/div>\n<\/div><\/div>\n\n\n\n<div class=\"wp-block-uagb-container uagb-block-e01a274c alignfull uagb-is-root-container\"><div class=\"uagb-container-inner-blocks-wrap\"><\/div><\/div>\n\n\n\n<div class=\"wp-block-uagb-container uagb-block-515556c9 alignfull uagb-is-root-container\"><div class=\"uagb-container-inner-blocks-wrap\">\n<h2 class=\"wp-block-heading\">Praktische Informationen f\u00fcr Ihre Radtouren<\/h2>\n<\/div><\/div>\n\n\n\n<div class=\"wp-block-uagb-container uagb-block-59306843 alignfull uagb-is-root-container\"><div class=\"uagb-container-inner-blocks-wrap\">\n<p><strong>Sichere Fahrradabstellpl\u00e4tze, Selbstbedienungs-Luftpumpen, Ladesteckdose f\u00fcr elektrisch unterst\u00fctzte Fahrr\u00e4der<\/strong>, finden Sie alle unsere praktischen Informationen, um Ihre Radtouren einfacher zu machen!<\/p>\n\n\n\n<div class=\"wp-block-uagb-buttons uagb-buttons__outer-wrap uagb-btn__default-btn uagb-btn-tablet__default-btn uagb-btn-mobile__default-btn uagb-block-8b7fa5b3\"><div class=\"uagb-buttons__wrap uagb-buttons-layout-wrap\">\n<div class=\"wp-block-uagb-buttons-child uagb-buttons__outer-wrap uagb-block-6a83a447 wp-block-button\"><div class=\"uagb-button__wrapper\"><a class=\"uagb-buttons-repeater wp-block-button__link\" aria-label=\"\" href=\"https:\/\/dev.bassin-arcachon.com\/de\/praktische-informationen-zur-fortbewegung-mit-dem-fahrrad\/\" rel=\"follow noopener\" target=\"_blank\" role=\"button\"><div class=\"uagb-button__link\">Weiterlesen<\/div><\/a><\/div><\/div>\n<\/div><\/div>\n<\/div><\/div>\n\n\n\n<div style=\"height:40px\" aria-hidden=\"true\" class=\"wp-block-spacer\"><\/div>\n\n\n\n<div class=\"wp-block-uagb-container uagb-block-c0d31738 alignfull uagb-is-root-container\"><div class=\"uagb-container-inner-blocks-wrap\">\n<div class=\"wp-block-uagb-container uagb-block-83b2379f\">\n<div class=\"wp-block-uagb-image uagb-block-ff636889 wp-block-uagb-image--layout-default wp-block-uagb-image--effect-static wp-block-uagb-image--align-none\"><figure class=\"wp-block-uagb-image__figure\"><img decoding=\"async\" srcset=\"https:\/\/dev.bassin-arcachon.com\/wp-content\/uploads\/2017\/08\/devant-le-bassin-velo-1024x683.jpg \" sizes=\"auto, (max-width: 480px) 150px\" src=\"https:\/\/dev.bassin-arcachon.com\/wp-content\/uploads\/2017\/08\/devant-le-bassin-velo-1024x683.jpg\" alt=\"- - Bassin d&#039;Arcachon\" class=\"uag-image-7542\" width=\"1024\" height=\"683\" title=\"- - Bassin d&#039;Arcachon\" loading=\"lazy\" role=\"img\"><\/figure><\/div>\n<\/div>\n\n\n\n<div class=\"wp-block-uagb-container uagb-block-8c3f6205\">\n<h3 class=\"wp-block-heading\">Die Schaltungen um das Bassin von Arcachon<\/h3>\n\n\n\n<p>Diese Radwege laden Sie auf die Radwege des Bassin in Arcachon ein. Entdecken Sie den Charme unserer H\u00e4fen und D\u00f6rfer mit dem Fahrrad!<\/p>\n\n\n\n<div class=\"wp-block-buttons is-layout-flex wp-block-buttons-is-layout-flex\">\n<div class=\"wp-block-button\"><a class=\"wp-block-button__link wp-element-button\" href=\"https:\/\/dev.bassin-arcachon.com\/de\/alle-schaltkreise\/\">Alle Fahrradrouten<\/a><\/div>\n<\/div>\n<\/div>\n<\/div><\/div>\n\n\n\n<div style=\"height:40px\" aria-hidden=\"true\" class=\"wp-block-spacer suggest\"><\/div>\n\n\n\n<div style=\"height:40px\" aria-hidden=\"true\" class=\"wp-block-spacer\"><\/div>\n\n\n\n<div class=\"wp-block-uagb-container uagb-block-a971ce9a alignfull uagb-is-root-container\"><div class=\"uagb-container-inner-blocks-wrap\">\n<figure class=\"wp-block-video\"><video controls src=\"https:\/\/dev.bassin-arcachon.com\/wp-content\/uploads\/2018\/03\/Tour-du-Bassin-dArcachon-a\u0300-ve\u0301lo-1.mp4\"><\/video><\/figure>\n<\/div><\/div>\n\n\n\n<div style=\"height:40px\" aria-hidden=\"true\" class=\"wp-block-spacer\"><\/div>\n\n\n\n<div class=\"wp-block-uagb-container uagb-block-09790aa6 alignfull uagb-is-root-container\">\n<div class=\"wp-block-cover is-light has-parallax\"><span aria-hidden=\"true\" class=\"wp-block-cover__background has-background-dim-30 has-background-dim\"><\/span><div class=\"wp-block-cover__image-background wp-image-532 has-parallax\" style=\"background-position:50% 50%;background-image:url(https:\/\/dev.bassin-arcachon.com\/wp-content\/uploads\/2017\/03\/2-velo-bassin-darcachon-j5.jpg)\"><\/div><div class=\"wp-block-cover__inner-container is-layout-flow wp-block-cover-is-layout-flow\">\n<div class=\"wp-block-uagb-container uagb-block-6fac71f6\">\n<h2 class=\"wp-block-heading has-text-align-center has-white-color has-text-color\" style=\"font-size:50px\">Mieten Sie ein Fahrrad<\/h2>\n\n\n\n<p class=\"has-text-align-center button large plusblanc\"><a href=\"https:\/\/dev.bassin-arcachon.com\/de\/fahrradverleih\/\">Siehe Fahrradvermieter<\/a><\/p>\n<\/div>\n<\/div><\/div>\n<\/div>\n\n\n\n<div style=\"height:60px\" aria-hidden=\"true\" class=\"wp-block-spacer\"><\/div>\n\n\n\n<div class=\"wp-block-uagb-container uagb-block-2402e545 alignfull uagb-is-root-container\"><div class=\"uagb-container-inner-blocks-wrap\">\n<div class=\"wp-block-uagb-container uagb-block-5c758880\">\n<div class=\"wp-block-uagb-image uagb-block-99a2051e wp-block-uagb-image--layout-default wp-block-uagb-image--effect-static wp-block-uagb-image--align-none\"><figure class=\"wp-block-uagb-image__figure\"><img decoding=\"async\" srcset=\"https:\/\/dev.bassin-arcachon.com\/wp-content\/uploads\/2017\/08\/devant-le-bassin-velo-1024x683.jpg \" sizes=\"auto, (max-width: 480px) 150px\" src=\"https:\/\/dev.bassin-arcachon.com\/wp-content\/uploads\/2017\/08\/devant-le-bassin-velo-1024x683.jpg\" alt=\"- - Bassin d&#039;Arcachon\" class=\"uag-image-7542\" width=\"1024\" height=\"683\" title=\"- - Bassin d&#039;Arcachon\" loading=\"lazy\" role=\"img\"><\/figure><\/div>\n<\/div>\n\n\n\n<div class=\"wp-block-uagb-container uagb-block-571ff4ed\">\n<h3 class=\"wp-block-heading\">Die Bassin, Etappe der V\u00e9lodyss\u00e9e<\/h3>\n\n\n\n<p>Radsportbegeisterte k\u00f6nnen von der V\u00e9lodyss\u00e9e, der Route entlang der Atlantikk\u00fcste, zum Arcachon Bassin kommen! Bassin-Dienstleister (Hotels, Campingpl\u00e4tze, Lodges, Fremdenverkehrs\u00e4mter usw.) haben das Label \u201eAccueil v\u00e9lo\u201c und reservieren einen bestimmten Service f\u00fcr Sie. Sie finden sie auf der Website von V\u00e9lodyss\u00e9e.<\/p>\n\n\n\n<div class=\"wp-block-buttons is-layout-flex wp-block-buttons-is-layout-flex\">\n<div class=\"wp-block-button\"><a class=\"wp-block-button__link wp-element-button\" href=\"https:\/\/www.lavelodyssee.com\/itineraire\/lege-cap-ferret-arcachon\" target=\"_blank\" rel=\"noopener\">Siehe Informationen zur V\u00e9lodyss\u00e9e<\/a><\/div>\n<\/div>\n<\/div>\n<\/div><\/div>\n\n\n\n<div style=\"height:40px\" aria-hidden=\"true\" class=\"wp-block-spacer\"><\/div>","protected":false},"excerpt":{"rendered":"<p>Das Bassin in Arcachon umfasst +330 km Radwege von S\u00fcden nach Norden! Im S\u00fcden Bassin (Arcachon, La Teste de Buch, Gujan Mestras, Le Teich) Die Stadtgemeinschaft [\u2026]<\/p>","protected":false},"author":12,"featured_media":52280,"parent":0,"menu_order":9,"comment_status":"closed","ping_status":"closed","template":"page-templates\/page-bassin-a-velo.php","meta":{"_acf_changed":false,"_uag_custom_page_level_css":"","footnotes":""},"class_list":["post-19430","page","type-page","status-publish","has-post-thumbnail","hentry"],"acf":[],"uagb_featured_image_src":{"full":["https:\/\/dev.bassin-arcachon.com\/wp-content\/uploads\/2022\/11\/20180925_HD_Automne_Balade-velo_CASSIAU-66-scaled.jpg",2560,1707,false],"thumbnail":["https:\/\/dev.bassin-arcachon.com\/wp-content\/uploads\/2022\/11\/20180925_HD_Automne_Balade-velo_CASSIAU-66-scaled-150x150.jpg",150,150,true],"medium":["https:\/\/dev.bassin-arcachon.com\/wp-content\/uploads\/2022\/11\/20180925_HD_Automne_Balade-velo_CASSIAU-66-scaled-300x200.jpg",300,200,true],"medium_large":["https:\/\/dev.bassin-arcachon.com\/wp-content\/uploads\/2022\/11\/20180925_HD_Automne_Balade-velo_CASSIAU-66-scaled-768x512.jpg",768,512,true],"large":["https:\/\/dev.bassin-arcachon.com\/wp-content\/uploads\/2022\/11\/20180925_HD_Automne_Balade-velo_CASSIAU-66-scaled-1024x683.jpg",1024,683,true],"1536x1536":["https:\/\/dev.bassin-arcachon.com\/wp-content\/uploads\/2022\/11\/20180925_HD_Automne_Balade-velo_CASSIAU-66-scaled-1536x1024.jpg",1536,1024,true],"2048x2048":["https:\/\/dev.bassin-arcachon.com\/wp-content\/uploads\/2022\/11\/20180925_HD_Automne_Balade-velo_CASSIAU-66-scaled-2048x1366.jpg",2048,1366,true],"trp-custom-language-flag":["https:\/\/dev.bassin-arcachon.com\/wp-content\/uploads\/2022\/11\/20180925_HD_Automne_Balade-velo_CASSIAU-66-scaled-18x12.jpg",18,12,true],"fp-small":["https:\/\/dev.bassin-arcachon.com\/wp-content\/uploads\/2022\/11\/20180925_HD_Automne_Balade-velo_CASSIAU-66-scaled-640x427.jpg",640,427,true],"fp-large":["https:\/\/dev.bassin-arcachon.com\/wp-content\/uploads\/2022\/11\/20180925_HD_Automne_Balade-velo_CASSIAU-66-scaled-1200x800.jpg",1200,800,true],"fp-xlarge":["https:\/\/dev.bassin-arcachon.com\/wp-content\/uploads\/2022\/11\/20180925_HD_Automne_Balade-velo_CASSIAU-66-scaled-1920x1280.jpg",1920,1280,true]},"uagb_author_info":{"display_name":"Marine, habitante du Bassin d'Arcachon","author_link":"https:\/\/dev.bassin-arcachon.com\/de\/author\/marinesiba\/"},"uagb_comment_info":0,"uagb_excerpt":"Le Bassin d&rsquo;Arcachon, c&rsquo;est +330 km de pistes cyclables du Sud au Nord ! Sur le sud Bassin (Arcachon, La Teste de Buch, Gujan Mestras, Le Teich) La Communaut\u00e9 d&rsquo;Agglom\u00e9ration [&hellip;]","_links":{"self":[{"href":"https:\/\/dev.bassin-arcachon.com\/de\/wp-json\/wp\/v2\/pages\/19430","targetHints":{"allow":["GET"]}}],"collection":[{"href":"https:\/\/dev.bassin-arcachon.com\/de\/wp-json\/wp\/v2\/pages"}],"about":[{"href":"https:\/\/dev.bassin-arcachon.com\/de\/wp-json\/wp\/v2\/types\/page"}],"author":[{"embeddable":true,"href":"https:\/\/dev.bassin-arcachon.com\/de\/wp-json\/wp\/v2\/users\/12"}],"replies":[{"embeddable":true,"href":"https:\/\/dev.bassin-arcachon.com\/de\/wp-json\/wp\/v2\/comments?post=19430"}],"version-history":[{"count":10,"href":"https:\/\/dev.bassin-arcachon.com\/de\/wp-json\/wp\/v2\/pages\/19430\/revisions"}],"predecessor-version":[{"id":112590,"href":"https:\/\/dev.bassin-arcachon.com\/de\/wp-json\/wp\/v2\/pages\/19430\/revisions\/112590"}],"wp:featuredmedia":[{"embeddable":true,"href":"https:\/\/dev.bassin-arcachon.com\/de\/wp-json\/wp\/v2\/media\/52280"}],"wp:attachment":[{"href":"https:\/\/dev.bassin-arcachon.com\/de\/wp-json\/wp\/v2\/media?parent=19430"}],"curies":[{"name":"wp","href":"https:\/\/api.w.org\/{rel}","templated":true}]}}