{"id":27342,"date":"2018-11-21T17:44:13","date_gmt":"2018-11-21T16:44:13","guid":{"rendered":"https:\/\/dev.bassin-arcachon.com\/\/?page_id=27342"},"modified":"2024-11-06T11:02:48","modified_gmt":"2024-11-06T10:02:48","slug":"anders","status":"publish","type":"page","link":"https:\/\/dev.bassin-arcachon.com\/de\/wo-schlafen\/gastezimmer\/anders\/","title":{"rendered":"Unsere G\u00e4stezimmer in Andernos"},"content":{"rendered":"<div class=\"wp-block-uagb-container uagb-block-bb8281fe alignfull uagb-is-root-container\"><div class=\"uagb-container-inner-blocks-wrap\">\n<div class=\"wp-block-uagb-container uagb-block-2f3515ac\">\n<h2 class=\"wp-block-heading\">Unsere G\u00e4stezimmer in Andernos mit Schwimmbad<\/h2>\n\n\n\n<p>Genie\u00dfen Sie einen intimen Aufenthalt in einem G\u00e4stezimmer in Andernos und entspannen Sie am Pool! Tanken Sie mit den Kindern oder zu zweit neue Energie in einer idyllischen Umgebung, nur einen Steinwurf vom Strand entfernt! Wie w\u00e4re es, wenn Sie im Schwimmbad den Sonnenuntergang mit den F\u00fc\u00dfen im Wasser beobachten? Im Winter k\u00f6nnen Sie das beheizte Schwimmbad in Ihrem G\u00e4stezimmer in Andernos genie\u00dfen!<\/p>\n\n\n\n<div class=\"wp-block-buttons is-layout-flex wp-block-buttons-is-layout-flex\">\n<div class=\"wp-block-button\"><a class=\"wp-block-button__link wp-element-button\" href=\"https:\/\/dev.bassin-arcachon.com\/de\/unterkunft-2\/ubernachtung-mit-fruhstuck-und-swimmingpool\/\">Bed and Breakfast mit Schwimmbad<\/a><\/div>\n<\/div>\n<\/div>\n\n\n\n<div class=\"wp-block-uagb-container uagb-block-fdd31a9a\">\n<div class=\"wp-block-uagb-image uagb-block-d52328a5 wp-block-uagb-image--layout-default wp-block-uagb-image--effect-static wp-block-uagb-image--align-none\"><figure class=\"wp-block-uagb-image__figure\"><img decoding=\"async\" srcset=\"https:\/\/dev.bassin-arcachon.com\/wp-content\/uploads\/2017\/08\/happy3.jpg \" sizes=\"auto, (max-width: 480px) 150px\" src=\"https:\/\/dev.bassin-arcachon.com\/wp-content\/uploads\/2017\/08\/happy3.jpg\" alt=\"Luise Andernos\" class=\"uag-image-7499\" width=\"700\" height=\"465\" title=\"- - Bassin d&#039;Arcachon\" loading=\"lazy\" role=\"img\"><\/figure><\/div>\n<\/div>\n<\/div><\/div>\n\n\n\n<div style=\"height:60px\" aria-hidden=\"true\" class=\"wp-block-spacer\"><\/div>\n\n\n\n<div class=\"wp-block-uagb-container uagb-block-78cf63ae alignfull uagb-is-root-container\"><div class=\"uagb-container-inner-blocks-wrap\">\n<div class=\"wp-block-uagb-container uagb-block-3f35cde6\">\n<div class=\"wp-block-uagb-image uagb-block-bcceae7a wp-block-uagb-image--layout-default wp-block-uagb-image--effect-static wp-block-uagb-image--align-none\"><figure class=\"wp-block-uagb-image__figure\"><img decoding=\"async\" srcset=\"https:\/\/dev.bassin-arcachon.com\/wp-content\/uploads\/2018\/07\/Jetee-andernos-les-bains-bassin-arcachon.jpg \" sizes=\"auto, (max-width: 480px) 150px\" src=\"https:\/\/dev.bassin-arcachon.com\/wp-content\/uploads\/2018\/07\/Jetee-andernos-les-bains-bassin-arcachon.jpg\" alt=\"- - Bassin d&#039;Arcachon\" class=\"uag-image-23915\" width=\"1000\" height=\"750\" title=\"- - Bassin d&#039;Arcachon\" loading=\"lazy\" role=\"img\"><\/figure><\/div>\n<\/div>\n\n\n\n<div class=\"wp-block-uagb-container uagb-block-7aa87f8d\">\n<h2 class=\"wp-block-heading\">Unsere G\u00e4stezimmer in Andernos mit Garten<\/h2>\n\n\n\n<p>Entfliehen Sie der Bassin von Arcachon und w\u00e4hlen Sie eines unserer G\u00e4stezimmer mit Garten in Andernos! Entspannen Sie sich im Schatten der Gartenb\u00e4ume, eingelullt vom Gesang der V\u00f6gel! Unsere G\u00e4stezimmer mit Garten sind ideal f\u00fcr einen erholsamen Aufenthalt in Andernos, zu zweit oder als Familie!<\/p>\n\n\n\n<div class=\"wp-block-buttons is-layout-flex wp-block-buttons-is-layout-flex\">\n<div class=\"wp-block-button\"><a class=\"wp-block-button__link wp-element-button\" href=\"https:\/\/dev.bassin-arcachon.com\/de\/unterkunft-2\/bed-breakfast-garten\/\">G\u00e4stezimmer mit Garten<\/a><\/div>\n<\/div>\n<\/div>\n<\/div><\/div>\n\n\n\n<div style=\"height:60px\" aria-hidden=\"true\" class=\"wp-block-spacer\"><\/div>\n\n\n\n<div class=\"wp-block-uagb-container uagb-block-ac65806f alignfull uagb-is-root-container\"><div class=\"uagb-container-inner-blocks-wrap\">\n<div class=\"wp-block-uagb-container uagb-block-41f0971d\">\n<h2 class=\"wp-block-heading\">Unsere G\u00e4stezimmer in Andernos sind das ganze Jahr \u00fcber ge\u00f6ffnet<\/h2>\n\n\n\n<p>Sie m\u00f6chten einen romantischen Kurzurlaub<a href=\"https:\/\/dev.bassin-arcachon.com\/de\/unsere-stadte-und-dorfer\/andernos-die-bader\/\"> in Andernos<\/a> ? Das ist m\u00f6glich, denn unsere G\u00e4stezimmer in Andernos sind das ganze Jahr \u00fcber ge\u00f6ffnet! Zwischen den warmen Farben des Herbstes und den ersten Sonnenstrahlen des Fr\u00fchlings offenbart der Pool im Laufe der Jahreszeiten seinen Zauber... Nutzen Sie unsere ganzj\u00e4hrig ge\u00f6ffneten G\u00e4stezimmer in Andernos und w\u00e4hlen Sie Ihren perfekten Moment f\u00fcr eine magische und intime Auszeit!<\/p>\n\n\n\n<div class=\"wp-block-buttons is-layout-flex wp-block-buttons-is-layout-flex\">\n<div class=\"wp-block-button\"><a class=\"wp-block-button__link wp-element-button\" href=\"https:\/\/dev.bassin-arcachon.com\/de\/unterkunft-2\/gastezimmer-2\/\">G\u00e4stezimmer ganzj\u00e4hrig ge\u00f6ffnet<\/a><\/div>\n<\/div>\n<\/div>\n\n\n\n<div class=\"wp-block-uagb-container uagb-block-8837f0c7\">\n<div class=\"wp-block-uagb-image uagb-block-f31d9910 wp-block-uagb-image--layout-default wp-block-uagb-image--effect-static wp-block-uagb-image--align-none\"><figure class=\"wp-block-uagb-image__figure\"><img decoding=\"async\" srcset=\"https:\/\/dev.bassin-arcachon.com\/wp-content\/uploads\/2018\/10\/andernos-velo-SIBA-agence-les-conteurs-50-1024x683.jpg \" sizes=\"auto, (max-width: 480px) 150px\" src=\"https:\/\/dev.bassin-arcachon.com\/wp-content\/uploads\/2018\/10\/andernos-velo-SIBA-agence-les-conteurs-50-1024x683.jpg\" alt=\"Die sch\u00f6nen Villen in Andernos\" class=\"uag-image-26668\" width=\"1024\" height=\"683\" title=\"- - Bassin d&#039;Arcachon\" loading=\"lazy\" role=\"img\"><\/figure><\/div>\n<\/div>\n<\/div><\/div>\n\n\n\n<div style=\"height:60px\" aria-hidden=\"true\" class=\"wp-block-spacer\"><\/div>\n\n\n\n<div class=\"wp-block-uagb-container uagb-block-d345a656 alignfull uagb-is-root-container\">\n<div class=\"wp-block-cover is-light has-parallax\"><span aria-hidden=\"true\" class=\"wp-block-cover__background has-background-dim-0 has-background-dim\"><\/span><div class=\"wp-block-cover__image-background wp-image-1345 has-parallax\" style=\"background-position:50% 50%;background-image:url(https:\/\/dev.bassin-arcachon.com\/wp-content\/uploads\/2017\/03\/Camping-Panorama-du-Pyla-cottage-vue-mer-coin-farniente.jpg)\"><\/div><div class=\"wp-block-cover__inner-container is-layout-flow wp-block-cover-is-layout-flow\">\n<div class=\"wp-block-uagb-container uagb-block-4d31af8a\">\n<h2 class=\"wp-block-heading has-text-align-center has-white-color has-text-color has-large-font-size\">Verbringen Sie Ihren Urlaub mit Leichtigkeit in einem der Bassin-G\u00e4stezimmer in Arcachon!<\/h2>\n\n\n\n<p class=\"has-text-align-center has-white-color has-text-color\"><a href=\"https:\/\/dev.bassin-arcachon.com\/de\/unterkunft-2\/gastezimmer-2\/\">STARTEN SIE IHRE SUCHE<\/a><\/p>\n<\/div>\n<\/div><\/div>\n<\/div>\n\n\n\n<div style=\"height:60px\" aria-hidden=\"true\" class=\"wp-block-spacer\"><\/div>\n\n\n\n<div class=\"wp-block-uagb-container uagb-block-9e872abe alignfull uagb-is-root-container\"><div class=\"uagb-container-inner-blocks-wrap\">\n<div class=\"wp-block-uagb-container uagb-block-b19425a5\">\n<h3 class=\"wp-block-heading\">M\u00f6chten Sie ein G\u00e4stezimmer rund um Andernos buchen?<\/h3>\n\n\n\n<p>Entdecken Sie alle G\u00e4stezimmer im Bassin Arcachon:&nbsp;<a href=\"https:\/\/dev.bassin-arcachon.com\/de\/wo-schlafen\/vermietung-von-bed-breakfasts\/?commune=arcachon\">Arcachon<\/a>,&nbsp;<a href=\"https:\/\/dev.bassin-arcachon.com\/de\/wo-schlafen\/vermietung-von-bed-breakfasts\/?commune=ares\">Ares<\/a>,&nbsp;<a href=\"https:\/\/dev.bassin-arcachon.com\/de\/wo-schlafen\/vermietung-von-bed-breakfasts\/?commune=lanton\">Lanton<\/a>,&nbsp;<a href=\"https:\/\/dev.bassin-arcachon.com\/de\/wo-schlafen\/vermietung-von-bed-breakfasts\/?commune=gujan-mestras\">Gujan-Mestras<\/a>,&nbsp;<a href=\"https:\/\/dev.bassin-arcachon.com\/de\/wo-schlafen\/vermietung-von-bed-breakfasts\/?commune=la-teste-de-buch\">Buchs Test<\/a>,&nbsp;<a href=\"https:\/\/dev.bassin-arcachon.com\/de\/wo-schlafen\/vermietung-von-bed-breakfasts\/?commune=audenge\">Audenge,<\/a>&nbsp;und&nbsp;<a href=\"https:\/\/dev.bassin-arcachon.com\/de\/wo-schlafen\/vermietung-von-bed-breakfasts\/?commune=lege-cap-ferret\">Cap-Frettchen<\/a>&nbsp;!<\/p>\n<\/div>\n\n\n\n<div class=\"wp-block-uagb-container uagb-block-3ea3d19f\">\n<div class=\"wp-block-uagb-image uagb-block-d2f4f1c8 wp-block-uagb-image--layout-default wp-block-uagb-image--effect-static wp-block-uagb-image--align-none\"><figure class=\"wp-block-uagb-image__figure\"><img decoding=\"async\" srcset=\"https:\/\/dev.bassin-arcachon.com\/wp-content\/uploads\/2018\/09\/nourri-a-lhu\u00eetre-\u00e9lev\u00e9-sous-les-pins-Bassin-dArcachon.jpg 1000w, https:\/\/dev.bassin-arcachon.com\/wp-content\/uploads\/2018\/09\/nourri-a-lhu\u00eetre-\u00e9lev\u00e9-sous-les-pins-Bassin-dArcachon-300x200.jpg 300w, https:\/\/dev.bassin-arcachon.com\/wp-content\/uploads\/2018\/09\/nourri-a-lhu\u00eetre-\u00e9lev\u00e9-sous-les-pins-Bassin-dArcachon-768x511.jpg 768w, https:\/\/dev.bassin-arcachon.com\/wp-content\/uploads\/2018\/09\/nourri-a-lhu\u00eetre-\u00e9lev\u00e9-sous-les-pins-Bassin-dArcachon-18x12.jpg 18w, https:\/\/dev.bassin-arcachon.com\/wp-content\/uploads\/2018\/09\/nourri-a-lhu\u00eetre-\u00e9lev\u00e9-sous-les-pins-Bassin-dArcachon-640x426.jpg 640w\" sizes=\"auto, (max-width: 480px) 150px\" src=\"https:\/\/dev.bassin-arcachon.com\/wp-content\/uploads\/2018\/09\/nourri-a-lhu\u00eetre-\u00e9lev\u00e9-sous-les-pins-Bassin-dArcachon.jpg\" alt=\"- - Bassin d&#039;Arcachon\" class=\"uag-image-26169\" width=\"1000\" height=\"666\" title=\"- - Bassin d&#039;Arcachon\" loading=\"lazy\" role=\"img\"><\/figure><\/div>\n<\/div>\n<\/div><\/div>\n\n\n\n<div style=\"height:60px\" aria-hidden=\"true\" class=\"wp-block-spacer\"><\/div>","protected":false},"excerpt":{"rendered":"<p>Unsere G\u00e4stezimmer in Andernos mit Swimmingpool Genie\u00dfen Sie einen intimen Aufenthalt in einem G\u00e4stezimmer in Andernos und entspannen Sie am Swimmingpool! Mit den Kindern oder [\u2026]<\/p>","protected":false},"author":24,"featured_media":2217,"parent":398,"menu_order":1,"comment_status":"closed","ping_status":"closed","template":"","meta":{"_acf_changed":false,"_uag_custom_page_level_css":"","footnotes":""},"class_list":["post-27342","page","type-page","status-publish","has-post-thumbnail","hentry"],"acf":[],"uagb_featured_image_src":{"full":["https:\/\/dev.bassin-arcachon.com\/wp-content\/uploads\/2017\/03\/camping-bassin-arcachon.jpg",1200,800,false],"thumbnail":["https:\/\/dev.bassin-arcachon.com\/wp-content\/uploads\/2017\/03\/camping-bassin-arcachon-150x150.jpg",150,150,true],"medium":["https:\/\/dev.bassin-arcachon.com\/wp-content\/uploads\/2017\/03\/camping-bassin-arcachon-300x200.jpg",300,200,true],"medium_large":["https:\/\/dev.bassin-arcachon.com\/wp-content\/uploads\/2017\/03\/camping-bassin-arcachon-768x512.jpg",768,512,true],"large":["https:\/\/dev.bassin-arcachon.com\/wp-content\/uploads\/2017\/03\/camping-bassin-arcachon-1024x683.jpg",1024,683,true],"1536x1536":["https:\/\/dev.bassin-arcachon.com\/wp-content\/uploads\/2017\/03\/camping-bassin-arcachon.jpg",1200,800,false],"2048x2048":["https:\/\/dev.bassin-arcachon.com\/wp-content\/uploads\/2017\/03\/camping-bassin-arcachon.jpg",1200,800,false],"trp-custom-language-flag":["https:\/\/dev.bassin-arcachon.com\/wp-content\/uploads\/2017\/03\/camping-bassin-arcachon-18x12.jpg",18,12,true],"fp-small":["https:\/\/dev.bassin-arcachon.com\/wp-content\/uploads\/2017\/03\/camping-bassin-arcachon-640x427.jpg",640,427,true],"fp-large":["https:\/\/dev.bassin-arcachon.com\/wp-content\/uploads\/2017\/03\/camping-bassin-arcachon.jpg",1200,800,false],"fp-xlarge":["https:\/\/dev.bassin-arcachon.com\/wp-content\/uploads\/2017\/03\/camping-bassin-arcachon.jpg",1200,800,false]},"uagb_author_info":{"display_name":"Audrey RAMBAUT","author_link":"https:\/\/dev.bassin-arcachon.com\/de\/author\/audrey-siba\/"},"uagb_comment_info":0,"uagb_excerpt":"Nos chambres d\u2019h\u00f4tes \u00e0 Andernos avec piscine Profitez d\u2019un s\u00e9jour intimiste dans une chambre d\u2019h\u00f4tes \u00e0 Andernos et d\u00e9tendez-vous au bord de la piscine ! Avec les enfants ou \u00e0 [&hellip;]","_links":{"self":[{"href":"https:\/\/dev.bassin-arcachon.com\/de\/wp-json\/wp\/v2\/pages\/27342","targetHints":{"allow":["GET"]}}],"collection":[{"href":"https:\/\/dev.bassin-arcachon.com\/de\/wp-json\/wp\/v2\/pages"}],"about":[{"href":"https:\/\/dev.bassin-arcachon.com\/de\/wp-json\/wp\/v2\/types\/page"}],"author":[{"embeddable":true,"href":"https:\/\/dev.bassin-arcachon.com\/de\/wp-json\/wp\/v2\/users\/24"}],"replies":[{"embeddable":true,"href":"https:\/\/dev.bassin-arcachon.com\/de\/wp-json\/wp\/v2\/comments?post=27342"}],"version-history":[{"count":1,"href":"https:\/\/dev.bassin-arcachon.com\/de\/wp-json\/wp\/v2\/pages\/27342\/revisions"}],"predecessor-version":[{"id":68250,"href":"https:\/\/dev.bassin-arcachon.com\/de\/wp-json\/wp\/v2\/pages\/27342\/revisions\/68250"}],"up":[{"embeddable":true,"href":"https:\/\/dev.bassin-arcachon.com\/de\/wp-json\/wp\/v2\/pages\/398"}],"wp:featuredmedia":[{"embeddable":true,"href":"https:\/\/dev.bassin-arcachon.com\/de\/wp-json\/wp\/v2\/media\/2217"}],"wp:attachment":[{"href":"https:\/\/dev.bassin-arcachon.com\/de\/wp-json\/wp\/v2\/media?parent=27342"}],"curies":[{"name":"wp","href":"https:\/\/api.w.org\/{rel}","templated":true}]}}