{"id":27490,"date":"2018-11-23T17:16:17","date_gmt":"2018-11-23T16:16:17","guid":{"rendered":"https:\/\/dev.bassin-arcachon.com\/\/?page_id=27490"},"modified":"2024-11-06T11:36:50","modified_gmt":"2024-11-06T10:36:50","slug":"dunenpilat","status":"publish","type":"page","link":"https:\/\/dev.bassin-arcachon.com\/de\/wo-schlafen\/camping\/dunenpilat\/","title":{"rendered":"Unsere Campingpl\u00e4tze an der Dune du Pilat"},"content":{"rendered":"<div class=\"wp-block-uagb-container uagb-block-bb629a0f alignfull uagb-is-root-container\"><div class=\"uagb-container-inner-blocks-wrap\">\n<div class=\"wp-block-uagb-container uagb-block-a9e62945\">\n<h2 class=\"wp-block-heading\">Unsere Campingpl\u00e4tze in der N\u00e4he der Dune du Pilat mit Aussicht<\/h2>\n\n\n\n<p>Entdecken Sie den Bassin jeden Morgen neu, indem Sie einen Campingplatz am Fu\u00dfe des Bassin w\u00e4hlen <a href=\"https:\/\/dev.bassin-arcachon.com\/de\/unser-wesentliches\/die-pilat-dune\/\" data-type=\"page\" data-id=\"125\">D\u00fcne von Pilat<\/a> ! Stellen Sie sich die Aussicht vor ... Bewundern Sie gleich nach dem Aufwachen den Flug der M\u00f6wen \u00fcber der Banc d&#039;Arguin. Auf Ihrem Campingplatz mit Blick auf die Bassin ist ein Tapetenwechsel in der N\u00e4he der Dune du Pilat garantiert!<\/p>\n\n\n\n<div class=\"wp-block-buttons is-layout-flex wp-block-buttons-is-layout-flex\">\n<div class=\"wp-block-button\"><a class=\"wp-block-button__link wp-element-button\" href=\"https:\/\/www.bassin-arcachon.com\/hebergements\/campings@la-teste-de-buch&amp;vuemer\">Campingplatz am Wasser<\/a><\/div>\n<\/div>\n<\/div>\n\n\n\n<div class=\"wp-block-uagb-container uagb-block-4af62e21\">\n<div class=\"wp-block-uagb-image uagb-block-01161612 wp-block-uagb-image--layout-default wp-block-uagb-image--effect-static wp-block-uagb-image--align-none\"><figure class=\"wp-block-uagb-image__figure\"><img decoding=\"async\" srcset=\"https:\/\/dev.bassin-arcachon.com\/wp-content\/uploads\/2017\/03\/Camping-Panorama-du-Pyla-face-Bang-dArguin-1024x683.jpg \" sizes=\"auto, (max-width: 480px) 150px\" src=\"https:\/\/dev.bassin-arcachon.com\/wp-content\/uploads\/2017\/03\/Camping-Panorama-du-Pyla-face-Bang-dArguin-1024x683.jpg\" alt=\"Camping Dune du Pilat mit Meerblick\" class=\"uag-image-1340\" width=\"1024\" height=\"683\" title=\"- - Bassin d&#039;Arcachon\" loading=\"lazy\" role=\"img\"><\/figure><\/div>\n<\/div>\n<\/div><\/div>\n\n\n\n<div style=\"height:60px\" aria-hidden=\"true\" class=\"wp-block-spacer\"><\/div>\n\n\n\n<div class=\"wp-block-uagb-container uagb-block-c303ad80 alignfull uagb-is-root-container\"><div class=\"uagb-container-inner-blocks-wrap\">\n<div class=\"wp-block-uagb-container uagb-block-a0d1d98e\">\n<div class=\"wp-block-uagb-image uagb-block-284bc630 wp-block-uagb-image--layout-default wp-block-uagb-image--effect-static wp-block-uagb-image--align-none\"><figure class=\"wp-block-uagb-image__figure\"><img decoding=\"async\" srcset=\"https:\/\/dev.bassin-arcachon.com\/wp-content\/uploads\/2017\/02\/2012-11-09_1620-1024x570.png \" sizes=\"auto, (max-width: 480px) 150px\" src=\"https:\/\/dev.bassin-arcachon.com\/wp-content\/uploads\/2017\/02\/2012-11-09_1620-1024x570.png\" alt=\"D\u00fcne von Pilat\" class=\"uag-image-7207\" width=\"1024\" height=\"570\" title=\"- - Bassin d&#039;Arcachon\" loading=\"lazy\" role=\"img\"><\/figure><\/div>\n<\/div>\n\n\n\n<div class=\"wp-block-uagb-container uagb-block-965a97ba\">\n<h2 class=\"wp-block-heading\">Unsere Campingpl\u00e4tze mit Schwimmbad in der N\u00e4he der Dune du Pilat<\/h2>\n\n\n\n<p>Genie\u00dfen Sie mit den Kindern oder zu zweit das Schwimmbad Ihres Campingplatzes an der Dune du Pilat! Rutschen, Wasserspiele, ein beheiztes Schwimmbad und eine Sauna garantieren Ihnen Momente der Entspannung mit der Familie! Nach dem Aufstieg des <a href=\"https:\/\/ladunedupilat.com\/\" data-type=\"URL\" data-id=\"https:\/\/ladunedupilat.com\/\" target=\"_blank\" rel=\"noopener\">D\u00fcne von Pilat<\/a>Nutzen Sie den Pool auf Ihrem Campingplatz, um in Ruhe neue Energie zu tanken!<\/p>\n\n\n\n<div class=\"wp-block-buttons is-layout-flex wp-block-buttons-is-layout-flex\">\n<div class=\"wp-block-button\"><a class=\"wp-block-button__link wp-element-button\" href=\"https:\/\/www.bassin-arcachon.com\/hebergements\/campings@la-teste-de-buch&amp;piscine\">Campingpl\u00e4tze mit Schwimmbad<\/a><\/div>\n<\/div>\n<\/div>\n<\/div><\/div>\n\n\n\n<div style=\"height:60px\" aria-hidden=\"true\" class=\"wp-block-spacer\"><\/div>\n\n\n\n<div class=\"wp-block-uagb-container uagb-block-5d639f12 alignfull uagb-is-root-container\"><div class=\"uagb-container-inner-blocks-wrap\">\n<div class=\"wp-block-uagb-container uagb-block-9ad43b1d\">\n<h2 class=\"wp-block-heading\">Unsere Campingpl\u00e4tze mit Ihren Haustieren<\/h2>\n\n\n\n<p>G\u00f6nnen Sie Ihren Haustieren einen Urlaub am Meer! Entdecken Sie gemeinsam die Sch\u00e4tze des Bassin von Arcachon zwischen D\u00fcnen und W\u00e4ldern am Fu\u00dfe der Dune du Pilat! Spazieren Sie mit Ihren Tieren an den weitl\u00e4ufigen Str\u00e4nden mit feinem Sand und im Herzen des Waldes der Landes! Tanken Sie neue Energie im Schatten der Pinien auf Ihrem Campingplatz an der Dune du Pilat!<\/p>\n\n\n\n<div class=\"wp-block-buttons is-layout-flex wp-block-buttons-is-layout-flex\">\n<div class=\"wp-block-button\"><a class=\"wp-block-button__link wp-element-button\" href=\"https:\/\/www.bassin-arcachon.com\/hebergements\/campings@la-teste-de-buch&amp;animaux\">Campingpl\u00e4tze mit Haustieren<\/a><\/div>\n<\/div>\n<\/div>\n\n\n\n<div class=\"wp-block-uagb-container uagb-block-f13c53e5\">\n<div class=\"wp-block-uagb-image uagb-block-297eb7ff wp-block-uagb-image--layout-default wp-block-uagb-image--effect-static wp-block-uagb-image--align-none\"><figure class=\"wp-block-uagb-image__figure\"><img decoding=\"async\" srcset=\"https:\/\/dev.bassin-arcachon.com\/wp-content\/uploads\/2017\/03\/hebergement-animaux-acceptes-1024x532.jpg \" sizes=\"auto, (max-width: 480px) 150px\" src=\"https:\/\/dev.bassin-arcachon.com\/wp-content\/uploads\/2017\/03\/hebergement-animaux-acceptes-1024x532.jpg\" alt=\"- - Bassin d&#039;Arcachon\" class=\"uag-image-1384\" width=\"1024\" height=\"532\" title=\"- - Bassin d&#039;Arcachon\" loading=\"lazy\" role=\"img\"><\/figure><\/div>\n<\/div>\n<\/div><\/div>\n\n\n\n<div style=\"height:60px\" aria-hidden=\"true\" class=\"wp-block-spacer\"><\/div>\n\n\n\n<div class=\"wp-block-uagb-container uagb-block-4e75d4d4 alignfull uagb-is-root-container\">\n<div class=\"wp-block-cover is-light has-parallax\"><span aria-hidden=\"true\" class=\"wp-block-cover__background has-background-dim-0 has-background-dim\"><\/span><div class=\"wp-block-cover__image-background wp-image-1345 has-parallax\" style=\"background-position:50% 50%;background-image:url(https:\/\/dev.bassin-arcachon.com\/wp-content\/uploads\/2017\/03\/Camping-Panorama-du-Pyla-cottage-vue-mer-coin-farniente.jpg)\"><\/div><div class=\"wp-block-cover__inner-container is-layout-flow wp-block-cover-is-layout-flow\">\n<div class=\"wp-block-uagb-container uagb-block-2aeeb21b\">\n<h2 class=\"wp-block-heading has-text-align-center has-white-color has-text-color has-large-font-size\">Verbringen Sie Ihre Ferien mit Leichtigkeit auf einem der Bassin-Campingpl\u00e4tze in Arcachon!<\/h2>\n\n\n\n<p class=\"has-text-align-center has-white-color has-text-color\"><a href=\"https:\/\/www.bassin-arcachon.com\/hebergements\/campings\">STARTEN SIE IHRE SUCHE<\/a><\/p>\n<\/div>\n<\/div><\/div>\n<\/div>\n\n\n\n<div style=\"height:60px\" aria-hidden=\"true\" class=\"wp-block-spacer\"><\/div>\n\n\n\n<div class=\"wp-block-uagb-container uagb-block-02e6a164 alignfull uagb-is-root-container\"><div class=\"uagb-container-inner-blocks-wrap\">\n<div class=\"wp-block-uagb-container uagb-block-8edb6d7d\">\n<h3 class=\"wp-block-heading\">M\u00f6chten Sie einen Campingplatz rund um die Dune du Pilat buchen?<\/h3>\n\n\n\n<p>Entdecken Sie alle unsere Campingpl\u00e4tze bei Bassin Arcachon:&nbsp;<a href=\"https:\/\/www.bassin-arcachon.com\/hebergements\/hotels+ares\">Ares<\/a>,&nbsp;<a href=\"https:\/\/www.bassin-arcachon.com\/hebergements\/hotels+arcachon\/\">Arcachon<\/a>,&nbsp;<a href=\"https:\/\/www.bassin-arcachon.com\/hebergements\/hotels+la-teste-de-buch\/\">Buchs Test<\/a>,&nbsp;<a href=\"https:\/\/www.bassin-arcachon.com\/hebergements\/hotels+andernos\">Andersen<\/a>,&nbsp;<a href=\"https:\/\/www.bassin-arcachon.com\/hebergements\/hotels+gujan-mestras\/\">Gujan-Mestras,<\/a>&nbsp;<a href=\"https:\/\/www.bassin-arcachon.com\/hebergements\/hotels+coeur-de-bassin\/\">Biganos,<\/a>&nbsp;<a href=\"https:\/\/www.bassin-arcachon.com\/hebergements\/hotels+coeur-de-bassin\/\">Audenge<\/a>,<a href=\"https:\/\/www.bassin-arcachon.com\/hebergements\/hotels+coeur-de-bassin\/\">&nbsp;Lanton&nbsp;<\/a>und&nbsp;<a href=\"https:\/\/www.bassin-arcachon.com\/hebergements\/hotels+lege-cap-ferret\/\">Cap-Frettchen<\/a>&nbsp;!<\/p>\n<\/div>\n\n\n\n<div class=\"wp-block-uagb-container uagb-block-2e52a006\">\n<div class=\"wp-block-uagb-image uagb-block-a755267c wp-block-uagb-image--layout-default wp-block-uagb-image--effect-static wp-block-uagb-image--align-none\"><figure class=\"wp-block-uagb-image__figure\"><img decoding=\"async\" srcset=\"https:\/\/dev.bassin-arcachon.com\/wp-content\/uploads\/2018\/09\/nourri-a-lhu\u00eetre-\u00e9lev\u00e9-sous-les-pins-Bassin-dArcachon.jpg 1000w, https:\/\/dev.bassin-arcachon.com\/wp-content\/uploads\/2018\/09\/nourri-a-lhu\u00eetre-\u00e9lev\u00e9-sous-les-pins-Bassin-dArcachon-300x200.jpg 300w, https:\/\/dev.bassin-arcachon.com\/wp-content\/uploads\/2018\/09\/nourri-a-lhu\u00eetre-\u00e9lev\u00e9-sous-les-pins-Bassin-dArcachon-768x511.jpg 768w, https:\/\/dev.bassin-arcachon.com\/wp-content\/uploads\/2018\/09\/nourri-a-lhu\u00eetre-\u00e9lev\u00e9-sous-les-pins-Bassin-dArcachon-18x12.jpg 18w, https:\/\/dev.bassin-arcachon.com\/wp-content\/uploads\/2018\/09\/nourri-a-lhu\u00eetre-\u00e9lev\u00e9-sous-les-pins-Bassin-dArcachon-640x426.jpg 640w\" sizes=\"auto, (max-width: 480px) 150px\" src=\"https:\/\/dev.bassin-arcachon.com\/wp-content\/uploads\/2018\/09\/nourri-a-lhu\u00eetre-\u00e9lev\u00e9-sous-les-pins-Bassin-dArcachon.jpg\" alt=\"- - Bassin d&#039;Arcachon\" class=\"uag-image-26169\" width=\"1000\" height=\"666\" title=\"- - Bassin d&#039;Arcachon\" loading=\"lazy\" role=\"img\"><\/figure><\/div>\n<\/div>\n<\/div><\/div>\n\n\n\n<div style=\"height:60px\" aria-hidden=\"true\" class=\"wp-block-spacer\"><\/div>","protected":false},"excerpt":{"rendered":"<p>Unsere Campingpl\u00e4tze in der N\u00e4he der Dune du Pilat mit Aussicht Entdecken Sie das Bassin jeden Morgen neu, indem Sie einen Campingplatz am Fu\u00dfe der Dune du Pilat w\u00e4hlen! Stellen Sie sich die Aussicht vor\u2026 [\u2026]<\/p>","protected":false},"author":24,"featured_media":2217,"parent":392,"menu_order":1,"comment_status":"closed","ping_status":"closed","template":"","meta":{"_acf_changed":false,"_uag_custom_page_level_css":"","footnotes":""},"class_list":["post-27490","page","type-page","status-publish","has-post-thumbnail","hentry"],"acf":[],"uagb_featured_image_src":{"full":["https:\/\/dev.bassin-arcachon.com\/wp-content\/uploads\/2017\/03\/camping-bassin-arcachon.jpg",1200,800,false],"thumbnail":["https:\/\/dev.bassin-arcachon.com\/wp-content\/uploads\/2017\/03\/camping-bassin-arcachon-150x150.jpg",150,150,true],"medium":["https:\/\/dev.bassin-arcachon.com\/wp-content\/uploads\/2017\/03\/camping-bassin-arcachon-300x200.jpg",300,200,true],"medium_large":["https:\/\/dev.bassin-arcachon.com\/wp-content\/uploads\/2017\/03\/camping-bassin-arcachon-768x512.jpg",768,512,true],"large":["https:\/\/dev.bassin-arcachon.com\/wp-content\/uploads\/2017\/03\/camping-bassin-arcachon-1024x683.jpg",1024,683,true],"1536x1536":["https:\/\/dev.bassin-arcachon.com\/wp-content\/uploads\/2017\/03\/camping-bassin-arcachon.jpg",1200,800,false],"2048x2048":["https:\/\/dev.bassin-arcachon.com\/wp-content\/uploads\/2017\/03\/camping-bassin-arcachon.jpg",1200,800,false],"trp-custom-language-flag":["https:\/\/dev.bassin-arcachon.com\/wp-content\/uploads\/2017\/03\/camping-bassin-arcachon-18x12.jpg",18,12,true],"fp-small":["https:\/\/dev.bassin-arcachon.com\/wp-content\/uploads\/2017\/03\/camping-bassin-arcachon-640x427.jpg",640,427,true],"fp-large":["https:\/\/dev.bassin-arcachon.com\/wp-content\/uploads\/2017\/03\/camping-bassin-arcachon.jpg",1200,800,false],"fp-xlarge":["https:\/\/dev.bassin-arcachon.com\/wp-content\/uploads\/2017\/03\/camping-bassin-arcachon.jpg",1200,800,false]},"uagb_author_info":{"display_name":"Audrey RAMBAUT","author_link":"https:\/\/dev.bassin-arcachon.com\/de\/author\/audrey-siba\/"},"uagb_comment_info":0,"uagb_excerpt":"Nos campings proches de la Dune du Pilat avec vue Red\u00e9couvrez le Bassin chaque matin en choisissant un camping au pied de la Dune du Pilat ! Imaginez la vue\u2026 [&hellip;]","_links":{"self":[{"href":"https:\/\/dev.bassin-arcachon.com\/de\/wp-json\/wp\/v2\/pages\/27490","targetHints":{"allow":["GET"]}}],"collection":[{"href":"https:\/\/dev.bassin-arcachon.com\/de\/wp-json\/wp\/v2\/pages"}],"about":[{"href":"https:\/\/dev.bassin-arcachon.com\/de\/wp-json\/wp\/v2\/types\/page"}],"author":[{"embeddable":true,"href":"https:\/\/dev.bassin-arcachon.com\/de\/wp-json\/wp\/v2\/users\/24"}],"replies":[{"embeddable":true,"href":"https:\/\/dev.bassin-arcachon.com\/de\/wp-json\/wp\/v2\/comments?post=27490"}],"version-history":[{"count":2,"href":"https:\/\/dev.bassin-arcachon.com\/de\/wp-json\/wp\/v2\/pages\/27490\/revisions"}],"predecessor-version":[{"id":68266,"href":"https:\/\/dev.bassin-arcachon.com\/de\/wp-json\/wp\/v2\/pages\/27490\/revisions\/68266"}],"up":[{"embeddable":true,"href":"https:\/\/dev.bassin-arcachon.com\/de\/wp-json\/wp\/v2\/pages\/392"}],"wp:featuredmedia":[{"embeddable":true,"href":"https:\/\/dev.bassin-arcachon.com\/de\/wp-json\/wp\/v2\/media\/2217"}],"wp:attachment":[{"href":"https:\/\/dev.bassin-arcachon.com\/de\/wp-json\/wp\/v2\/media?parent=27490"}],"curies":[{"name":"wp","href":"https:\/\/api.w.org\/{rel}","templated":true}]}}