{"id":400,"date":"2017-03-14T08:40:27","date_gmt":"2017-03-14T07:40:27","guid":{"rendered":"https:\/\/dev.bassin-arcachon.com\/\/?page_id=400"},"modified":"2025-01-06T10:18:30","modified_gmt":"2025-01-06T09:18:30","slug":"hotel","status":"publish","type":"page","link":"https:\/\/dev.bassin-arcachon.com\/de\/wo-schlafen\/hotel\/","title":{"rendered":"Hotels"},"content":{"rendered":"<div class=\"wp-block-uagb-container uagb-block-c9158cb7 alignfull uagb-is-root-container\"><div class=\"uagb-container-inner-blocks-wrap\">\n<p>Du suchst nach&nbsp;<a href=\"https:\/\/www.bassin-arcachon.com\/ou-dormir\/\" target=\"_blank\" rel=\"noreferrer noopener\">oder schlafen<\/a>&nbsp;auf dem Bassin von Arcachon? Entdecken Sie unsere charmanten Hotels am Rande des Bassin mit Swimmingpool oder Spa und verbringen Sie einen unvergesslichen Aufenthalt mit den F\u00fc\u00dfen im Wasser.<\/p>\n<\/div><\/div>\n\n\n\n<div class=\"wp-block-uagb-container uagb-block-a7b14adc alignfull uagb-is-root-container\"><div class=\"uagb-container-inner-blocks-wrap\">\n<div class=\"wp-block-uagb-container uagb-block-855fd94f\">\n<h2 class=\"wp-block-heading\">Hotel am Meer<\/h2>\n\n\n\n<p>Hier sprechen wir nicht wirklich von einem Hotel am Meer, sondern eher am Rande von Bassin! BEI\u00a0<a href=\"https:\/\/www.bassin-arcachon.com\/hebergements\/hotels@andernos\/\" target=\"_blank\" rel=\"noreferrer noopener\">Andersen<\/a>, zu\u00a0<a href=\"https:\/\/www.bassin-arcachon.com\/hebergements\/hotels@cap-ferret\/\" target=\"_blank\" rel=\"noreferrer noopener\">Cap-Frettchen<\/a>, oder auf der anderen Seite des Bassin, schlafen Sie mit den F\u00fc\u00dfen im Wasser. Und wenn Sie buchen m\u00f6chten\u00a0<strong>Hotel in der N\u00e4he des Ozeans<\/strong>\u00a0Atlantik empfehlen wir die Halbinsel L\u00e8ge-Cap Ferret oder die Stadt Teste du Buch, die beide den Wellen des Ozeans eine ihrer Seiten bieten.<\/p>\n\n\n\n<div class=\"wp-block-buttons is-layout-flex wp-block-buttons-is-layout-flex\">\n<div class=\"wp-block-button\"><a class=\"wp-block-button__link wp-element-button\" href=\"https:\/\/dev.bassin-arcachon.com\/de\/unterkunft-2\/hotelsvuemer-2\/\">Hotels mit Aussicht Bassin<\/a><\/div>\n<\/div>\n<\/div>\n\n\n\n<div class=\"wp-block-uagb-container uagb-block-3512e021\">\n<div class=\"wp-block-uagb-image uagb-block-06931776 wp-block-uagb-image--layout-default wp-block-uagb-image--effect-static wp-block-uagb-image--align-none\"><figure class=\"wp-block-uagb-image__figure\"><img decoding=\"async\" srcset=\"https:\/\/dev.bassin-arcachon.com\/wp-content\/uploads\/2020\/02\/chambre-dh\u00f4tes-gujan-mestras-cabane-14-1-1024x683.jpg \" sizes=\"auto, (max-width: 480px) 150px\" src=\"https:\/\/dev.bassin-arcachon.com\/wp-content\/uploads\/2020\/02\/chambre-dh\u00f4tes-gujan-mestras-cabane-14-1-1024x683.jpg\" alt=\"- - Bassin d&#039;Arcachon\" class=\"uag-image-41869\" width=\"1024\" height=\"683\" title=\"- - Bassin d&#039;Arcachon\" loading=\"lazy\" role=\"img\"><\/figure><\/div>\n<\/div>\n<\/div><\/div>\n\n\n\n<div style=\"height:60px\" aria-hidden=\"true\" class=\"wp-block-spacer\"><\/div>\n\n\n\n<div class=\"wp-block-uagb-container uagb-block-90e98bfc alignfull uagb-is-root-container\">\n<div class=\"wp-block-cover is-light has-parallax\"><span aria-hidden=\"true\" class=\"wp-block-cover__background has-background-dim-0 has-background-dim\"><\/span><div class=\"wp-block-cover__image-background wp-image-1345 has-parallax\" style=\"background-position:50% 50%;background-image:url(https:\/\/dev.bassin-arcachon.com\/wp-content\/uploads\/2017\/03\/Camping-Panorama-du-Pyla-cottage-vue-mer-coin-farniente.jpg)\"><\/div><div class=\"wp-block-cover__inner-container is-layout-flow wp-block-cover-is-layout-flow\">\n<div class=\"wp-block-uagb-container uagb-block-f463157c\">\n<h2 class=\"wp-block-heading has-text-align-center has-white-color has-text-color has-large-font-size\">Um das perfekte Hotel zu finden, buchen Sie so fr\u00fch wie m\u00f6glich!<\/h2>\n\n\n\n<p class=\"has-text-align-center has-white-color has-text-color\"><a href=\"https:\/\/dev.bassin-arcachon.com\/de\/unterkunft-2\/hotels\/\">STARTEN SIE IHRE SUCHE<\/a><\/p>\n<\/div>\n<\/div><\/div>\n<\/div>\n\n\n\n<div style=\"height:60px\" aria-hidden=\"true\" class=\"wp-block-spacer\"><\/div>\n\n\n\n<div class=\"wp-block-uagb-container uagb-block-e1fdc3fa alignfull uagb-is-root-container\"><div class=\"uagb-container-inner-blocks-wrap\">\n<div class=\"wp-block-uagb-container uagb-block-fefb2fda\">\n<h2 class=\"wp-block-heading\">Ihr Hotel mit SPA<\/h2>\n\n\n\n<p>Das ist eines der Vergn\u00fcgen in den Ferien oder f\u00fcr ein Wochenende: Reservieren zu k\u00f6nnen&nbsp;<strong>Hotel mit SPA<\/strong>. Der Vorteil des SPA ist, dass Sie das Bassin von Arcachon zu jeder Jahreszeit genie\u00dfen k\u00f6nnen, denn das Hamam oder die Sauna stehen Ihnen bei jedem Wetter zur Verf\u00fcgung. BEI&nbsp;<a href=\"https:\/\/www.bassin-arcachon.com\/ou-dormir\/hotel\/la-teste-de-buch\/\" target=\"_blank\" rel=\"noreferrer noopener\">La Teste-de-Buch<\/a>&nbsp;oder am Fu\u00dfe des&nbsp;<a href=\"https:\/\/www.bassin-arcachon.com\/ou-dormir\/hotel\/dune-pilat\/\" target=\"_blank\" rel=\"noreferrer noopener\">D\u00fcne von Pilat<\/a>, g\u00f6nnen Sie sich einen angenehmen Moment der Entspannung im Spa Ihres Hotels!<\/p>\n\n\n\n<div class=\"wp-block-buttons is-layout-flex wp-block-buttons-is-layout-flex\">\n<div class=\"wp-block-button\"><a class=\"wp-block-button__link wp-element-button\" href=\"https:\/\/dev.bassin-arcachon.com\/de\/unterkunft-2\/hotels-spa-2\/\">Hotels mit SPA<\/a><\/div>\n<\/div>\n<\/div>\n\n\n\n<div class=\"wp-block-uagb-container uagb-block-993a6690\">\n<div class=\"wp-block-uagb-image uagb-block-80e2563c wp-block-uagb-image--layout-default wp-block-uagb-image--effect-static wp-block-uagb-image--align-none\"><figure class=\"wp-block-uagb-image__figure\"><img decoding=\"async\" srcset=\"https:\/\/dev.bassin-arcachon.com\/wp-content\/uploads\/2017\/02\/detente-spa-1024x683.jpg \" sizes=\"auto, (max-width: 480px) 150px\" src=\"https:\/\/dev.bassin-arcachon.com\/wp-content\/uploads\/2017\/02\/detente-spa-1024x683.jpg\" alt=\"- - Bassin d&#039;Arcachon\" class=\"uag-image-7222\" width=\"1024\" height=\"683\" title=\"- - Bassin d&#039;Arcachon\" loading=\"lazy\" role=\"img\"><\/figure><\/div>\n<\/div>\n<\/div><\/div>\n\n\n\n<div style=\"height:60px\" aria-hidden=\"true\" class=\"wp-block-spacer\"><\/div>\n\n\n\n<div class=\"wp-block-uagb-container uagb-block-71b2b3c1 alignfull uagb-is-root-container\"><div class=\"uagb-container-inner-blocks-wrap\">\n<div class=\"wp-block-uagb-container uagb-block-5571b746\">\n<div class=\"wp-block-uagb-image uagb-block-d1f996b2 wp-block-uagb-image--layout-default wp-block-uagb-image--effect-static wp-block-uagb-image--align-none\"><figure class=\"wp-block-uagb-image__figure\"><img decoding=\"async\" srcset=\"https:\/\/dev.bassin-arcachon.com\/wp-content\/uploads\/2017\/03\/hotel-arcachon.jpg \" sizes=\"auto, (max-width: 480px) 150px\" src=\"https:\/\/dev.bassin-arcachon.com\/wp-content\/uploads\/2017\/03\/hotel-arcachon.jpg\" alt=\"- - Bassin d&#039;Arcachon\" class=\"uag-image-24506\" width=\"1000\" height=\"666\" title=\"- - Bassin d&#039;Arcachon\" loading=\"lazy\" role=\"img\"><\/figure><\/div>\n<\/div>\n\n\n\n<div class=\"wp-block-uagb-container uagb-block-88044b96\">\n<h2 class=\"wp-block-heading\">Der Charme der Bassin-Hotels in Arcachon<\/h2>\n\n\n\n<p>An charmanten Hotels mangelt es nicht\u00a0<strong>Bucht von Arcachon<\/strong>. Sch\u00f6ne Adressen im Herzen von Bassin,\u00a0<a href=\"https:\/\/dev.bassin-arcachon.com\/de\/unterkunft-2\/hotelslanton-2\/\" target=\"_blank\" rel=\"noreferrer noopener\">Lanton<\/a>\u00a0in Biganos, oder typische Residenzen in\u00a0<a href=\"https:\/\/dev.bassin-arcachon.com\/de\/unterkunft-2\/hotels%40arcachon\/\" target=\"_blank\" rel=\"noreferrer noopener\">Arcachon<\/a>, wir haben sch\u00f6ne Hotels f\u00fcr Sie, die Sie jetzt entdecken k\u00f6nnen.<\/p>\n\n\n\n<div class=\"wp-block-buttons is-layout-flex wp-block-buttons-is-layout-flex\">\n<div class=\"wp-block-button\"><a class=\"wp-block-button__link wp-element-button\" href=\"https:\/\/dev.bassin-arcachon.com\/de\/unterkunft-2\/hotels\/\">Charmante Hotels<\/a><\/div>\n<\/div>\n<\/div>\n<\/div><\/div>\n\n\n\n<div style=\"height:60px\" aria-hidden=\"true\" class=\"wp-block-spacer\"><\/div>\n\n\n\n<div class=\"wp-block-uagb-container uagb-block-5cf21d76 alignfull uagb-is-root-container\"><div class=\"uagb-container-inner-blocks-wrap\">\n<div class=\"wp-block-uagb-container uagb-block-5ee4e383\">\n<h2 class=\"wp-block-heading\">Der Komfort eines Hotels mit Swimmingpool<\/h2>\n\n\n\n<p>Auch wenn das Arcachon Bassin nie weit weg ist, mit einem\u00a0<strong>Swimmingpool im Hotel<\/strong>\u00a0wird immer gesch\u00e4tzt. Entdecken Sie unsere Auswahl an Hotels mit Swimmingpools rund um das Bassin bei Ebbe oder einfach nur, um gleich nach dem Aufwachen ins Bad zu gehen. Von\u00a0<a href=\"https:\/\/www.bassin-arcachon.com\/hebergements\/hotels@gujan-mestras\/\" target=\"_blank\" rel=\"noreferrer noopener\">Gujan-Mestras<\/a>\u00a0bei\u00a0<a href=\"https:\/\/www.bassin-arcachon.com\/hebergements\/hotels@ares\/\" target=\"_blank\" rel=\"noreferrer noopener\">Ares<\/a>, Vorbeigehen\u00a0<a href=\"https:\/\/www.bassin-arcachon.com\/hebergements\/hotels@le-teich\/\" target=\"_blank\" rel=\"noreferrer noopener\">Der Teich<\/a>\u00a0Wo\u00a0<a href=\"https:\/\/www.bassin-arcachon.com\/hebergements\/hotels@coeur-de-bassin\" target=\"_blank\" rel=\"noreferrer noopener\">Audenge<\/a>, buchen Sie Ihr Hotel mit Schwimmbad!<\/p>\n\n\n\n<div class=\"wp-block-buttons is-layout-flex wp-block-buttons-is-layout-flex\">\n<div class=\"wp-block-button\"><a class=\"wp-block-button__link wp-element-button\" href=\"https:\/\/dev.bassin-arcachon.com\/de\/unterkunft-2\/hotels-schwimmbad\/\">Hotels mit Schwimmbad<\/a><\/div>\n<\/div>\n<\/div>\n\n\n\n<div class=\"wp-block-uagb-container uagb-block-e52772f2\">\n<div class=\"wp-block-uagb-image uagb-block-f59a49ab wp-block-uagb-image--layout-default wp-block-uagb-image--effect-static wp-block-uagb-image--align-none\"><figure class=\"wp-block-uagb-image__figure\"><img decoding=\"async\" srcset=\"https:\/\/dev.bassin-arcachon.com\/wp-content\/uploads\/2019\/11\/Piscine-2-600.jpg \" sizes=\"auto, (max-width: 480px) 150px\" src=\"https:\/\/dev.bassin-arcachon.com\/wp-content\/uploads\/2019\/11\/Piscine-2-600.jpg\" alt=\"- - Bassin d&#039;Arcachon\" class=\"uag-image-38869\" width=\"600\" height=\"400\" title=\"- - Bassin d&#039;Arcachon\" loading=\"lazy\" role=\"img\"><\/figure><\/div>\n<\/div>\n<\/div><\/div>\n\n\n\n<div style=\"height:60px\" aria-hidden=\"true\" class=\"wp-block-spacer\"><\/div>\n\n\n\n<div class=\"wp-block-uagb-container uagb-block-2831fd6a alignfull uagb-is-root-container\"><div class=\"uagb-container-inner-blocks-wrap\">\n<h3 class=\"wp-block-heading has-text-align-center\">Entdecken Sie die anderen Unterkunftsarten rund um das Bassin in Arcachon:<\/h3>\n\n\n\n<p class=\"has-text-align-center\"><a href=\"https:\/\/dev.bassin-arcachon.com\/de\/unterkunft-2\/gastezimmer-2\/\" target=\"_blank\" rel=\"noreferrer noopener\">Die G\u00e4stezimmer<\/a><br><a href=\"https:\/\/dev.bassin-arcachon.com\/de\/unterkunft-2\/campingplatze\/\" target=\"_blank\" rel=\"noreferrer noopener\">Campingpl\u00e4tze<\/a><\/p>\n<\/div><\/div>\n\n\n\n<div style=\"height:60px\" aria-hidden=\"true\" class=\"wp-block-spacer\"><\/div>","protected":false},"excerpt":{"rendered":"<p>Suchen Sie nach einer \u00dcbernachtungsm\u00f6glichkeit auf der Bassin in Arcachon? Entdecken Sie unsere charmanten Hotels am Ufer der Bassin mit Swimmingpool oder Spa und verbringen Sie einen unvergesslichen Aufenthalt mit den F\u00fc\u00dfen im Wasser. [\u2026]<\/p>","protected":false},"author":25,"featured_media":394,"parent":43,"menu_order":3,"comment_status":"closed","ping_status":"closed","template":"","meta":{"_acf_changed":false,"_uag_custom_page_level_css":"","footnotes":""},"class_list":["post-400","page","type-page","status-publish","has-post-thumbnail","hentry"],"acf":[],"uagb_featured_image_src":{"full":["https:\/\/dev.bassin-arcachon.com\/wp-content\/uploads\/2017\/03\/header-hotels.jpg",842,560,false],"thumbnail":["https:\/\/dev.bassin-arcachon.com\/wp-content\/uploads\/2017\/03\/header-hotels-150x150.jpg",150,150,true],"medium":["https:\/\/dev.bassin-arcachon.com\/wp-content\/uploads\/2017\/03\/header-hotels-300x200.jpg",300,200,true],"medium_large":["https:\/\/dev.bassin-arcachon.com\/wp-content\/uploads\/2017\/03\/header-hotels-768x511.jpg",768,511,true],"large":["https:\/\/dev.bassin-arcachon.com\/wp-content\/uploads\/2017\/03\/header-hotels.jpg",842,560,false],"1536x1536":["https:\/\/dev.bassin-arcachon.com\/wp-content\/uploads\/2017\/03\/header-hotels.jpg",842,560,false],"2048x2048":["https:\/\/dev.bassin-arcachon.com\/wp-content\/uploads\/2017\/03\/header-hotels.jpg",842,560,false],"trp-custom-language-flag":["https:\/\/dev.bassin-arcachon.com\/wp-content\/uploads\/2017\/03\/header-hotels-18x12.jpg",18,12,true],"fp-small":["https:\/\/dev.bassin-arcachon.com\/wp-content\/uploads\/2017\/03\/header-hotels-640x426.jpg",640,426,true],"fp-large":["https:\/\/dev.bassin-arcachon.com\/wp-content\/uploads\/2017\/03\/header-hotels.jpg",842,560,false],"fp-xlarge":["https:\/\/dev.bassin-arcachon.com\/wp-content\/uploads\/2017\/03\/header-hotels.jpg",842,560,false]},"uagb_author_info":{"display_name":"Marie Clauzel","author_link":"https:\/\/dev.bassin-arcachon.com\/de\/author\/mariesiba\/"},"uagb_comment_info":0,"uagb_excerpt":"Vous cherchez&nbsp;o\u00f9 dormir&nbsp;sur le Bassin d\u2019Arcachon ? D\u00e9couvrez nos h\u00f4tels de charme, au bord du Bassin, avec piscine ou avec spa, et passez un s\u00e9jour inoubliable les pieds dans l\u2019eau. [&hellip;]","_links":{"self":[{"href":"https:\/\/dev.bassin-arcachon.com\/de\/wp-json\/wp\/v2\/pages\/400","targetHints":{"allow":["GET"]}}],"collection":[{"href":"https:\/\/dev.bassin-arcachon.com\/de\/wp-json\/wp\/v2\/pages"}],"about":[{"href":"https:\/\/dev.bassin-arcachon.com\/de\/wp-json\/wp\/v2\/types\/page"}],"author":[{"embeddable":true,"href":"https:\/\/dev.bassin-arcachon.com\/de\/wp-json\/wp\/v2\/users\/25"}],"replies":[{"embeddable":true,"href":"https:\/\/dev.bassin-arcachon.com\/de\/wp-json\/wp\/v2\/comments?post=400"}],"version-history":[{"count":1,"href":"https:\/\/dev.bassin-arcachon.com\/de\/wp-json\/wp\/v2\/pages\/400\/revisions"}],"predecessor-version":[{"id":68248,"href":"https:\/\/dev.bassin-arcachon.com\/de\/wp-json\/wp\/v2\/pages\/400\/revisions\/68248"}],"up":[{"embeddable":true,"href":"https:\/\/dev.bassin-arcachon.com\/de\/wp-json\/wp\/v2\/pages\/43"}],"wp:featuredmedia":[{"embeddable":true,"href":"https:\/\/dev.bassin-arcachon.com\/de\/wp-json\/wp\/v2\/media\/394"}],"wp:attachment":[{"href":"https:\/\/dev.bassin-arcachon.com\/de\/wp-json\/wp\/v2\/media?parent=400"}],"curies":[{"name":"wp","href":"https:\/\/api.w.org\/{rel}","templated":true}]}}