{"id":43,"date":"2017-02-06T14:52:51","date_gmt":"2017-02-06T13:52:51","guid":{"rendered":"https:\/\/dev.bassin-arcachon.com\/\/?page_id=43"},"modified":"2024-12-10T11:53:42","modified_gmt":"2024-12-10T10:53:42","slug":"wo-schlafen","status":"publish","type":"page","link":"https:\/\/dev.bassin-arcachon.com\/de\/wo-schlafen\/","title":{"rendered":"Oder schlafen"},"content":{"rendered":"<div class=\"wp-block-uagb-container uagb-block-75894456 alignfull uagb-is-root-container\"><div class=\"uagb-container-inner-blocks-wrap\">\n<div class=\"wp-block-uagb-container uagb-block-10e22598\">\n<h2 class=\"wp-block-heading\">N\u00e4her an der Natur<\/h2>\n\n\n\n<p>Wenn Sie in den Ferien gerne campen, dann haben Sie die Wahl! In der N\u00e4he des Meeres oder des Bassin, Stellpl\u00e4tze zum Aufstellen des Wohnwagens, ungew\u00f6hnliche Unterk\u00fcnfte oder in der N\u00e4he der Dune du Pilat\u2026 Wir haben eine gro\u00dfe Anzahl von Campingpl\u00e4tzen am Bassin in Arcachon.<\/p>\n\n\n\n<div class=\"wp-block-buttons is-layout-flex wp-block-buttons-is-layout-flex\">\n<div class=\"wp-block-button\"><a class=\"wp-block-button__link wp-element-button\" href=\"https:\/\/dev.bassin-arcachon.com\/de\/unterkunft-2\/campingplatze\/\">Finden Sie einen Campingplatz<\/a><\/div>\n<\/div>\n<\/div>\n\n\n\n<div class=\"wp-block-uagb-container uagb-block-b148f79e\">\n<div class=\"wp-block-uagb-image uagb-block-31024eaf wp-block-uagb-image--layout-default wp-block-uagb-image--effect-static wp-block-uagb-image--align-none\"><figure class=\"wp-block-uagb-image__figure\"><img decoding=\"async\" srcset=\"https:\/\/dev.bassin-arcachon.com\/wp-content\/uploads\/2017\/03\/camping-bassin-arcachon-1024x683.jpg ,https:\/\/dev.bassin-arcachon.com\/wp-content\/uploads\/2017\/03\/camping-bassin-arcachon.jpg 780w, https:\/\/dev.bassin-arcachon.com\/wp-content\/uploads\/2017\/03\/camping-bassin-arcachon.jpg 360w\" sizes=\"auto, (max-width: 480px) 150px\" src=\"https:\/\/dev.bassin-arcachon.com\/wp-content\/uploads\/2017\/03\/camping-bassin-arcachon-1024x683.jpg\" alt=\"- - Bassin d&#039;Arcachon\" class=\"uag-image-2217\" width=\"1024\" height=\"683\" title=\"- - Bassin d&#039;Arcachon\" loading=\"lazy\" role=\"img\"><\/figure><\/div>\n<\/div>\n<\/div><\/div>\n\n\n\n<div style=\"height:60px\" aria-hidden=\"true\" class=\"wp-block-spacer\"><\/div>\n\n\n\n<div class=\"wp-block-uagb-container uagb-block-b035ed2b alignfull uagb-is-root-container\"><div class=\"uagb-container-inner-blocks-wrap\">\n<div class=\"wp-block-uagb-container uagb-block-9f4d5e73\">\t\t\t\t\t<div\n\t\t\t\t\t\tclass=\"wp-block-uagb-image-gallery uagb-block-86b435bc\"\n\t\t\t\t\t\tstyle=\"\"\n\t\t\t\t\t>\n\t\t\t\t\t\t\t\t\t\t\t<div class=\"spectra-image-gallery spectra-image-gallery__layout--grid spectra-image-gallery__layout--grid-col-1 spectra-image-gallery__layout--grid-col-tab-1 spectra-image-gallery__layout--grid-col-mob-1\">\n\t\t\t\t\t\t\t\t\t\t\t<div class='spectra-image-gallery__media-wrapper' data-spectra-gallery-image-id='24510' tabindex=\"0\">\n\t\t\t\t\t\t\t<div class=\"spectra-image-gallery__media spectra-image-gallery__media--grid\">\n\t\t\t\t<picture>\n\t\t\t\t\t<source media=\"(min-width: 1024px)\" srcset=\"https:\/\/dev.bassin-arcachon.com\/wp-content\/uploads\/2017\/03\/chambre-hotes-bassin-arcachon-1.jpg\">\n\t\t\t\t\t<source media=\"(min-width: 768px)\" srcset=\"https:\/\/dev.bassin-arcachon.com\/wp-content\/uploads\/2017\/03\/chambre-hotes-bassin-arcachon-1.jpg\">\n\t\t\t\t\t<img decoding=\"async\" class=\"spectra-image-gallery__media-thumbnail spectra-image-gallery__media-thumbnail--grid\" src=\"https:\/\/dev.bassin-arcachon.com\/wp-content\/uploads\/2017\/03\/chambre-hotes-bassin-arcachon-1-300x200.jpg\" alt=\"G\u00e4stezimmer Becken Arcachon\" loading=\"lazy\" title=\"- - Bassin d&#039;Arcachon\">\n\t\t\t\t<\/picture>\n\t\t\t\t<div class=\"spectra-image-gallery__media-thumbnail-blurrer\"><\/div>\n\t\t\t\t\t\t\t\t\t\t\t<div class=\"spectra-image-gallery__media-thumbnail-caption-wrapper spectra-image-gallery__media-thumbnail-caption-wrapper--overlay\"><\/div>\n\t\t\t\t\t\t\t\t<\/div>\n\t\t\t\t\t\t<\/div>\n\t\t\t\t\t\t\t\t\t\t<\/div>\n\t\t\t\t\t\t\t\t\t\t\t\t\t\t\t\t\t\t<\/div>\n\t\t\t\t\t\t\t\t\t<\/div>\n\n\n\n<div class=\"wp-block-uagb-container uagb-block-ea7e62df\">\n<h2 class=\"wp-block-heading\">Zuhause, bei Gastgebern<\/h2>\n\n\n\n<p>Das Bed and Breakfast ist eine gro\u00dfartige L\u00f6sung, um die echten Ferien mit den Einheimischen zu verbringen. Nat\u00fcrlich haben Sie Ihre Privatsph\u00e4re, aber mit dem Vergn\u00fcgen, die Einheimischen treffen zu k\u00f6nnen und sie um Rat und gute Adressen zu bitten, um das Bassin von Arcachon anders zu entdecken.<\/p>\n\n\n\n<div class=\"wp-block-buttons is-layout-flex wp-block-buttons-is-layout-flex\">\n<div class=\"wp-block-button\"><a class=\"wp-block-button__link wp-element-button\" href=\"https:\/\/dev.bassin-arcachon.com\/de\/unterkunft-2\/gastezimmer-2\/\">Buchen Sie ein Bed &amp; Breakfast<\/a><\/div>\n<\/div>\n\n\n\n<h4 class=\"wp-block-heading\" style=\"font-size:1.56rem\">Finden Sie eine Unterkunft, in der Haustiere willkommen sind:<\/h4>\n\n\n\n<div class=\"wp-block-buttons is-layout-flex wp-block-buttons-is-layout-flex\">\n<div class=\"wp-block-button\"><a class=\"wp-block-button__link wp-element-button\" href=\"https:\/\/dev.bassin-arcachon.com\/de\/unterkunft-2\/hotels%26amp%3banimals\/\">Hotel<\/a><\/div>\n\n\n\n<div class=\"wp-block-button\"><a class=\"wp-block-button__link wp-element-button\" href=\"https:\/\/dev.bassin-arcachon.com\/de\/unterkunft-2\/campingplatze%26amp%3btiere\/\">Ein Campingplatz<\/a><\/div>\n\n\n\n<div class=\"wp-block-button\"><a class=\"wp-block-button__link wp-element-button\" href=\"https:\/\/dev.bassin-arcachon.com\/de\/unterkunft-2\/ferienwohnungen%26amp%3banimals\/\">Eine Ferienwohnung<\/a><\/div>\n\n\n\n<div class=\"wp-block-button\"><a class=\"wp-block-button__link wp-element-button\" href=\"https:\/\/dev.bassin-arcachon.com\/de\/unterkunft-2\/ubernachtung-mit-fruhstuck%26amp%3banimals\/\">Ein Bett und Fr\u00fchst\u00fcck?<\/a><\/div>\n\n\n\n<div class=\"wp-block-button\"><a class=\"wp-block-button__link wp-element-button\" href=\"https:\/\/dev.bassin-arcachon.com\/de\/unterkunft-2\/residenzen%26amp%3btiere\/\">Ein Wohnsitz<\/a><\/div>\n<\/div>\n<\/div>\n<\/div><\/div>\n\n\n\n<div style=\"height:60px\" aria-hidden=\"true\" class=\"wp-block-spacer\"><\/div>\n\n\n\n<div class=\"wp-block-uagb-container uagb-block-a35e751f alignfull uagb-is-root-container\"><div class=\"uagb-container-inner-blocks-wrap\">\n<div class=\"wp-block-uagb-container uagb-block-fdbb1c98\">\n<h2 class=\"wp-block-heading\">Im Hotel wie in einem Kokon<\/h2>\n\n\n\n<p>W\u00e4hlen <a href=\"https:\/\/dev.bassin-arcachon.com\/de\/unterkunft-2\/hotels\/\" data-type=\"link\" data-id=\"https:\/\/dev.bassin-arcachon.com\/ou-dormir\/hotel\/\">das Hotel<\/a> f\u00fcr Urlaub ist die ideale L\u00f6sung, wenn Sie Ihren Urlaub ohne Einschr\u00e4nkungen genie\u00dfen m\u00f6chten. Jeden Morgen wird ein Fr\u00fchst\u00fcck serviert und die Reinigung erfolgt jeden Tag. Die einzige Frage, die Sie sich stellen m\u00fcssen, ist, Ihren Urlaub f\u00fcr den Tag zu planen.<\/p>\n\n\n\n<div class=\"wp-block-buttons is-layout-flex wp-block-buttons-is-layout-flex\">\n<div class=\"wp-block-button\"><a class=\"wp-block-button__link wp-element-button\" href=\"https:\/\/dev.bassin-arcachon.com\/de\/unterkunft-2\/hotels\/\"><strong>Finden Sie ein Hotel<\/strong><\/a><\/div>\n<\/div>\n<\/div>\n\n\n\n<div class=\"wp-block-uagb-container uagb-block-31b31566\">\n<div class=\"wp-block-uagb-image uagb-block-b8ad4084 wp-block-uagb-image--layout-default wp-block-uagb-image--effect-static wp-block-uagb-image--align-none\"><figure class=\"wp-block-uagb-image__figure\"><img decoding=\"async\" srcset=\"https:\/\/dev.bassin-arcachon.com\/wp-content\/uploads\/2017\/03\/header-hotels.jpg \" sizes=\"auto, (max-width: 480px) 150px\" src=\"https:\/\/dev.bassin-arcachon.com\/wp-content\/uploads\/2017\/03\/header-hotels.jpg\" alt=\"- - Bassin d&#039;Arcachon\" class=\"uag-image-394\" width=\"842\" height=\"560\" title=\"- - Bassin d&#039;Arcachon\" loading=\"lazy\" role=\"img\"><\/figure><\/div>\n<\/div>\n<\/div><\/div>\n\n\n\n<div style=\"height:60px\" aria-hidden=\"true\" class=\"wp-block-spacer\"><\/div>\n\n\n\n<div class=\"wp-block-uagb-container uagb-block-01e437b3 alignfull uagb-is-root-container\"><div class=\"uagb-container-inner-blocks-wrap\">\n<div class=\"wp-block-uagb-container uagb-block-aedbffc3\">\n<div class=\"wp-block-uagb-image uagb-block-715bb73f wp-block-uagb-image--layout-default wp-block-uagb-image--effect-static wp-block-uagb-image--align-none\"><figure class=\"wp-block-uagb-image__figure\"><img decoding=\"async\" srcset=\"https:\/\/dev.bassin-arcachon.com\/wp-content\/uploads\/2022\/12\/20200101_HD_Chambres-hotes-Cabanes-en-Bois_MEDINA-17-scaled-1024x684.jpg ,https:\/\/dev.bassin-arcachon.com\/wp-content\/uploads\/2022\/12\/20200101_HD_Chambres-hotes-Cabanes-en-Bois_MEDINA-17-scaled.jpg 780w, https:\/\/dev.bassin-arcachon.com\/wp-content\/uploads\/2022\/12\/20200101_HD_Chambres-hotes-Cabanes-en-Bois_MEDINA-17-scaled.jpg 360w\" sizes=\"auto, (max-width: 480px) 150px\" src=\"https:\/\/dev.bassin-arcachon.com\/wp-content\/uploads\/2022\/12\/20200101_HD_Chambres-hotes-Cabanes-en-Bois_MEDINA-17-scaled-1024x684.jpg\" alt=\"- - Bassin d&#039;Arcachon\" class=\"uag-image-53215\" width=\"1024\" height=\"684\" title=\"- - Bassin d&#039;Arcachon\" loading=\"lazy\" role=\"img\"><\/figure><\/div>\n<\/div>\n\n\n\n<div class=\"wp-block-uagb-container uagb-block-6808e47e\">\n<h2 class=\"wp-block-heading\">Mach dein Nest, lebe den Moment<\/h2>\n\n\n\n<p>Die Ferienwohnung Ihrer Tr\u00e4ume, mit allem, was Sie f\u00fcr einen stressfreien Aufenthalt brauchen.<\/p>\n\n\n\n<div class=\"wp-block-buttons is-layout-flex wp-block-buttons-is-layout-flex\">\n<div class=\"wp-block-button\"><a class=\"wp-block-button__link wp-element-button\" href=\"https:\/\/dev.bassin-arcachon.com\/de\/unterkunft-2\/ferienmieten\/\">Miete finden<\/a><\/div>\n<\/div>\n<\/div>\n<\/div><\/div>\n\n\n\n<div style=\"height:60px\" aria-hidden=\"true\" class=\"wp-block-spacer\"><\/div>\n\n\n\n<div class=\"wp-block-uagb-container uagb-block-96dd1391 alignfull uagb-is-root-container\"><div class=\"uagb-container-inner-blocks-wrap\">\n<div class=\"wp-block-uagb-container uagb-block-0e92adc7\">\n<h2 class=\"wp-block-heading\">Feriend\u00f6rfer<\/h2>\n\n\n\n<p>Mit Familie oder Freunden macht Urlaub gemeinsam immer mehr Spa\u00df! Entscheiden Sie sich f\u00fcr den Charme eines unserer Feriend\u00f6rfer!<\/p>\n\n\n\n<div class=\"wp-block-buttons is-layout-flex wp-block-buttons-is-layout-flex\">\n<div class=\"wp-block-button\"><a class=\"wp-block-button__link wp-element-button\" href=\"https:\/\/dev.bassin-arcachon.com\/de\/unterkunft-2\/feriendorfer\/\">Unterkunft finden<\/a><\/div>\n<\/div>\n<\/div>\n\n\n\n<div class=\"wp-block-uagb-container uagb-block-2962763c\">\n<div class=\"wp-block-uagb-image uagb-block-8d4fd3bf wp-block-uagb-image--layout-default wp-block-uagb-image--effect-static wp-block-uagb-image--align-none\"><figure class=\"wp-block-uagb-image__figure\"><img decoding=\"async\" srcset=\"https:\/\/dev.bassin-arcachon.com\/wp-content\/uploads\/2017\/03\/Camping-Panorama-du-Pyla-Caravane-airstream-1024x768.jpg \" sizes=\"auto, (max-width: 480px) 150px\" src=\"https:\/\/dev.bassin-arcachon.com\/wp-content\/uploads\/2017\/03\/Camping-Panorama-du-Pyla-Caravane-airstream-1024x768.jpg\" alt=\"- - Bassin d&#039;Arcachon\" class=\"uag-image-1338\" width=\"1024\" height=\"768\" title=\"- - Bassin d&#039;Arcachon\" loading=\"lazy\" role=\"img\"><\/figure><\/div>\n<\/div>\n<\/div><\/div>\n\n\n\n<div style=\"height:60px\" aria-hidden=\"true\" class=\"wp-block-spacer\"><\/div>","protected":false},"excerpt":{"rendered":"<p>N\u00e4her an der Natur Wenn Sie in den Ferien gerne campen, dann haben Sie die Wahl! In der N\u00e4he des Ozeans oder des Bassin, Standort f\u00fcr die [\u2026]<\/p>","protected":false},"author":25,"featured_media":51814,"parent":0,"menu_order":6,"comment_status":"closed","ping_status":"closed","template":"","meta":{"_acf_changed":false,"_uag_custom_page_level_css":"","footnotes":""},"class_list":["post-43","page","type-page","status-publish","has-post-thumbnail","hentry"],"acf":[],"uagb_featured_image_src":{"full":["https:\/\/dev.bassin-arcachon.com\/wp-content\/uploads\/2022\/10\/SIBA-Ou\u0300-dormir-web.jpg",1400,780,false],"thumbnail":["https:\/\/dev.bassin-arcachon.com\/wp-content\/uploads\/2022\/10\/SIBA-Ou\u0300-dormir-web-150x150.jpg",150,150,true],"medium":["https:\/\/dev.bassin-arcachon.com\/wp-content\/uploads\/2022\/10\/SIBA-Ou\u0300-dormir-web-300x167.jpg",300,167,true],"medium_large":["https:\/\/dev.bassin-arcachon.com\/wp-content\/uploads\/2022\/10\/SIBA-Ou\u0300-dormir-web-768x428.jpg",768,428,true],"large":["https:\/\/dev.bassin-arcachon.com\/wp-content\/uploads\/2022\/10\/SIBA-Ou\u0300-dormir-web-1024x571.jpg",1024,571,true],"1536x1536":["https:\/\/dev.bassin-arcachon.com\/wp-content\/uploads\/2022\/10\/SIBA-Ou\u0300-dormir-web.jpg",1400,780,false],"2048x2048":["https:\/\/dev.bassin-arcachon.com\/wp-content\/uploads\/2022\/10\/SIBA-Ou\u0300-dormir-web.jpg",1400,780,false],"trp-custom-language-flag":["https:\/\/dev.bassin-arcachon.com\/wp-content\/uploads\/2022\/10\/SIBA-Ou\u0300-dormir-web-18x10.jpg",18,10,true],"fp-small":["https:\/\/dev.bassin-arcachon.com\/wp-content\/uploads\/2022\/10\/SIBA-Ou\u0300-dormir-web.jpg",640,357,false],"fp-large":["https:\/\/dev.bassin-arcachon.com\/wp-content\/uploads\/2022\/10\/SIBA-Ou\u0300-dormir-web.jpg",1200,669,false],"fp-xlarge":["https:\/\/dev.bassin-arcachon.com\/wp-content\/uploads\/2022\/10\/SIBA-Ou\u0300-dormir-web.jpg",1400,780,false]},"uagb_author_info":{"display_name":"Marie Clauzel","author_link":"https:\/\/dev.bassin-arcachon.com\/de\/author\/mariesiba\/"},"uagb_comment_info":0,"uagb_excerpt":"Au plus pr\u00e8s de la nature Si vous aimez le camping pour les vacances, alors vous aurez le choix ! Proche de l\u2019oc\u00e9an ou du Bassin, emplacement pour poser la [&hellip;]","_links":{"self":[{"href":"https:\/\/dev.bassin-arcachon.com\/de\/wp-json\/wp\/v2\/pages\/43","targetHints":{"allow":["GET"]}}],"collection":[{"href":"https:\/\/dev.bassin-arcachon.com\/de\/wp-json\/wp\/v2\/pages"}],"about":[{"href":"https:\/\/dev.bassin-arcachon.com\/de\/wp-json\/wp\/v2\/types\/page"}],"author":[{"embeddable":true,"href":"https:\/\/dev.bassin-arcachon.com\/de\/wp-json\/wp\/v2\/users\/25"}],"replies":[{"embeddable":true,"href":"https:\/\/dev.bassin-arcachon.com\/de\/wp-json\/wp\/v2\/comments?post=43"}],"version-history":[{"count":5,"href":"https:\/\/dev.bassin-arcachon.com\/de\/wp-json\/wp\/v2\/pages\/43\/revisions"}],"predecessor-version":[{"id":117934,"href":"https:\/\/dev.bassin-arcachon.com\/de\/wp-json\/wp\/v2\/pages\/43\/revisions\/117934"}],"wp:featuredmedia":[{"embeddable":true,"href":"https:\/\/dev.bassin-arcachon.com\/de\/wp-json\/wp\/v2\/media\/51814"}],"wp:attachment":[{"href":"https:\/\/dev.bassin-arcachon.com\/de\/wp-json\/wp\/v2\/media?parent=43"}],"curies":[{"name":"wp","href":"https:\/\/api.w.org\/{rel}","templated":true}]}}