{"id":44470,"date":"2020-07-06T15:19:42","date_gmt":"2020-07-06T13:19:42","guid":{"rendered":"https:\/\/dev.bassin-arcachon.com\/\/?page_id=44470"},"modified":"2024-11-06T11:42:38","modified_gmt":"2024-11-06T10:42:38","slug":"lege-cap-frettchen","status":"publish","type":"page","link":"https:\/\/dev.bassin-arcachon.com\/de\/wo-schlafen\/camping\/lege-cap-frettchen\/","title":{"rendered":"Unsere Campingpl\u00e4tze in L\u00e8ge Cap Ferret"},"content":{"rendered":"<div class=\"wp-block-uagb-container uagb-block-1c6506fd alignfull uagb-is-root-container\"><div class=\"uagb-container-inner-blocks-wrap\">\n<div class=\"wp-block-uagb-container uagb-block-8e4b4a20\">\n<h2 class=\"wp-block-heading\">Unsere Campingpl\u00e4tze mit Schwimmbad in L\u00e8ge Cap Ferret<\/h2>\n\n\n\n<p>Und wenn Sie einen Traumurlaub von der&nbsp;<strong>Schwimmbad<\/strong>&nbsp;und in Strandn\u00e4he? W\u00e4hle dein&nbsp;<strong>Camping<\/strong>&nbsp;von&nbsp;<strong>Lege-Cap-Frettchen&nbsp;<\/strong>mit&nbsp;<strong>Schwimmbad<\/strong>, und genie\u00dfen Sie unvergessliche Momente mit Ihren Kindern oder mit Freunden! Mitten in den Kiefern oder am Rande des Wassers, unser&nbsp;<strong>Campingpl\u00e4tze<\/strong>&nbsp;mit&nbsp;<strong>Schwimmbad<\/strong>&nbsp;in L\u00e8ge-Cap-Ferret garantieren Ihnen einen totalen Tapetenwechsel!<\/p>\n\n\n\n<div class=\"wp-block-buttons is-layout-flex wp-block-buttons-is-layout-flex\">\n<div class=\"wp-block-button\"><a class=\"wp-block-button__link wp-element-button\" href=\"https:\/\/www.bassin-arcachon.com\/hebergements\/campings@lege-cap-ferret&amp;piscine\">Campingpl\u00e4tze mit Schwimmbad<\/a><\/div>\n<\/div>\n<\/div>\n\n\n\n<div class=\"wp-block-uagb-container uagb-block-90e8a36d\">\n<div class=\"wp-block-uagb-image uagb-block-3a782d9c wp-block-uagb-image--layout-default wp-block-uagb-image--effect-static wp-block-uagb-image--align-none\"><figure class=\"wp-block-uagb-image__figure\"><img decoding=\"async\" srcset=\"https:\/\/dev.bassin-arcachon.com\/wp-content\/uploads\/2018\/04\/villlage-ostreicole-velo-lege-cap-ferret-4-e1548069875703.jpg ,https:\/\/dev.bassin-arcachon.com\/wp-content\/uploads\/2018\/04\/villlage-ostreicole-velo-lege-cap-ferret-4-e1548069875703.jpg 780w, https:\/\/dev.bassin-arcachon.com\/wp-content\/uploads\/2018\/04\/villlage-ostreicole-velo-lege-cap-ferret-4-e1548069875703.jpg 360w\" sizes=\"auto, (max-width: 480px) 150px\" src=\"https:\/\/dev.bassin-arcachon.com\/wp-content\/uploads\/2018\/04\/villlage-ostreicole-velo-lege-cap-ferret-4-e1548069875703.jpg\" alt=\"Spazieren Sie durch das Austernz\u00fcchterdorf L\u00e8ge Cap Ferret\" class=\"uag-image-19931\" width=\"1024\" height=\"682\" title=\"Spazieren Sie durch das Austernz\u00fcchterdorf L\u00e8ge Cap Ferret\" loading=\"lazy\" role=\"img\"\/><\/figure><\/div>\n<\/div>\n<\/div><\/div>\n\n\n\n<div style=\"height:60px\" aria-hidden=\"true\" class=\"wp-block-spacer\"><\/div>\n\n\n\n<div class=\"wp-block-uagb-container uagb-block-580af11a alignfull uagb-is-root-container\"><div class=\"uagb-container-inner-blocks-wrap\">\n<div class=\"wp-block-uagb-container uagb-block-fb01fee9\">\n<div class=\"wp-block-uagb-image uagb-block-2f070cf7 wp-block-uagb-image--layout-default wp-block-uagb-image--effect-static wp-block-uagb-image--align-none\"><figure class=\"wp-block-uagb-image__figure\"><img decoding=\"async\" srcset=\"https:\/\/dev.bassin-arcachon.com\/wp-content\/uploads\/2017\/09\/la-pointe-aux-chevaux-printemps-1024x683.jpg \" sizes=\"auto, (max-width: 480px) 150px\" src=\"https:\/\/dev.bassin-arcachon.com\/wp-content\/uploads\/2017\/09\/la-pointe-aux-chevaux-printemps-1024x683.jpg\" alt=\"- - Bassin d&#039;Arcachon\" class=\"uag-image-9680\" width=\"1024\" height=\"683\" title=\"- - Bassin d&#039;Arcachon\" loading=\"lazy\" role=\"img\"><\/figure><\/div>\n<\/div>\n\n\n\n<div class=\"wp-block-uagb-container uagb-block-0d7376de\">\n<h2 class=\"wp-block-heading\">Unsere Campingpl\u00e4tze mit Blick auf das Becken in L\u00e8ge Cap Ferret<\/h2>\n\n\n\n<p>M\u00f6chten Sie einen Moment der Entspannung mit Familie oder Freunden? Entscheiden Sie sich f\u00fcr Ihre&nbsp;<strong>Camping<\/strong>&nbsp;bei&nbsp;<strong>Lege-Cap-Frettchen&nbsp;<\/strong>mit&nbsp;<strong>Blick auf das Becken<\/strong>&nbsp;! Leben Sie im Rhythmus der Gezeiten und wachen Sie jeden Morgen mit einem neuen Panorama auf. Direkt am Wasser und mit den F\u00fc\u00dfen im Sand genie\u00dfen Sie direkten Zugang zum Strand. Verpassen Sie also nicht unsere&nbsp;<strong>Campingpl\u00e4tze<\/strong>&nbsp;mit&nbsp;<strong>Blick auf das Becken<\/strong>&nbsp;bei&nbsp;<strong>Lege-Cap-Frettchen<\/strong>&nbsp;!<\/p>\n\n\n\n<div class=\"wp-block-buttons is-layout-flex wp-block-buttons-is-layout-flex\">\n<div class=\"wp-block-button\"><a class=\"wp-block-button__link wp-element-button\" href=\"https:\/\/www.bassin-arcachon.com\/hebergements\/campings@lege-cap-ferret&amp;vuemer\">Campingplatz am Wasser<\/a><\/div>\n<\/div>\n<\/div>\n<\/div><\/div>\n\n\n\n<div style=\"height:60px\" aria-hidden=\"true\" class=\"wp-block-spacer\"><\/div>\n\n\n\n<div class=\"wp-block-uagb-container uagb-block-052cc5b4 alignfull uagb-is-root-container\"><div class=\"uagb-container-inner-blocks-wrap\">\n<div class=\"wp-block-uagb-container uagb-block-54bd363b\">\n<h2 class=\"wp-block-heading\">Unsere Campingpl\u00e4tze in L\u00e8ge Cap Ferret sind ganzj\u00e4hrig ge\u00f6ffnet<\/h2>\n\n\n\n<p><strong>Lege-Cap-Frettchen&nbsp;<\/strong>zeigt im Laufe der Jahreszeiten ein neues Gesicht. Die K\u00e4lte setzt ein, die Landschaften \u00e4ndern sich und das Bassin verwandelt sich, wird noch magischer! Entdecken Sie diese Facette von&nbsp;<strong>Feuerschiff Cap Ferret<\/strong>&nbsp;und w\u00e4hle a&nbsp;<strong>Camping<\/strong>&nbsp;<strong>ganzj\u00e4hrig ge\u00f6ffnet&nbsp;<\/strong>! Kommen Sie und tanken Sie neue Energie in Ruhe und Frische! Spazieren Sie an den einsamen Str\u00e4nden und im Wald von&nbsp;<strong>Feuerschiff Cap Ferret<\/strong>, und erleben Sie die Magie von&nbsp;<strong>Camping<\/strong>&nbsp;jederzeit von&nbsp;<strong>das Jahr<\/strong>&nbsp;!<\/p>\n\n\n\n<div class=\"wp-block-buttons is-layout-flex wp-block-buttons-is-layout-flex\">\n<div class=\"wp-block-button\"><a class=\"wp-block-button__link wp-element-button\" href=\"https:\/\/www.bassin-arcachon.com\/hebergements\/campings@lege-cap-ferret\">Campingpl\u00e4tze ganzj\u00e4hrig ge\u00f6ffnet<\/a><\/div>\n<\/div>\n<\/div>\n\n\n\n<div class=\"wp-block-uagb-container uagb-block-05875d1e\">\n<div class=\"wp-block-uagb-image uagb-block-1bc4f155 wp-block-uagb-image--layout-default wp-block-uagb-image--effect-static wp-block-uagb-image--align-none\"><figure class=\"wp-block-uagb-image__figure\"><img decoding=\"async\" srcset=\"https:\/\/dev.bassin-arcachon.com\/wp-content\/uploads\/2018\/11\/Patinoire-L\u00e8ge-Cap-Ferret-1024x683.jpg \" sizes=\"auto, (max-width: 480px) 150px\" src=\"https:\/\/dev.bassin-arcachon.com\/wp-content\/uploads\/2018\/11\/Patinoire-L\u00e8ge-Cap-Ferret-1024x683.jpg\" alt=\"- - Bassin d&#039;Arcachon\" class=\"uag-image-27045\" width=\"1024\" height=\"683\" title=\"- - Bassin d&#039;Arcachon\" loading=\"lazy\" role=\"img\"><\/figure><\/div>\n<\/div>\n<\/div><\/div>\n\n\n\n<div style=\"height:60px\" aria-hidden=\"true\" class=\"wp-block-spacer\"><\/div>\n\n\n\n<div class=\"wp-block-uagb-container uagb-block-2abae769 alignfull uagb-is-root-container\">\n<div class=\"wp-block-cover is-light has-parallax\"><span aria-hidden=\"true\" class=\"wp-block-cover__background has-background-dim-0 has-background-dim\"><\/span><div class=\"wp-block-cover__image-background wp-image-1345 has-parallax\" style=\"background-position:50% 50%;background-image:url(https:\/\/dev.bassin-arcachon.com\/wp-content\/uploads\/2017\/03\/Camping-Panorama-du-Pyla-cottage-vue-mer-coin-farniente.jpg)\"><\/div><div class=\"wp-block-cover__inner-container is-layout-flow wp-block-cover-is-layout-flow\">\n<div class=\"wp-block-uagb-container uagb-block-396d4238\">\n<h2 class=\"wp-block-heading has-text-align-center has-white-color has-text-color has-large-font-size\">Verbringen Sie Ihre Ferien mit Leichtigkeit auf einem der Bassin-Campingpl\u00e4tze in Arcachon!<\/h2>\n\n\n\n<p class=\"has-text-align-center has-white-color has-text-color\"><a href=\"https:\/\/www.bassin-arcachon.com\/hebergements\/campings\">STARTEN SIE IHRE SUCHE<\/a><\/p>\n<\/div>\n<\/div><\/div>\n<\/div>\n\n\n\n<div style=\"height:60px\" aria-hidden=\"true\" class=\"wp-block-spacer\"><\/div>\n\n\n\n<div class=\"wp-block-uagb-container uagb-block-02e6a164 alignfull uagb-is-root-container\"><div class=\"uagb-container-inner-blocks-wrap\">\n<div class=\"wp-block-uagb-container uagb-block-8edb6d7d\">\n<h3 class=\"wp-block-heading\">M\u00f6chten Sie einen Campingplatz rund um L\u00e8ge-Cap Ferret buchen?<\/h3>\n\n\n\n<p>Entdecken Sie alle unsere Campingpl\u00e4tze bei Bassin Arcachon:&nbsp;<a href=\"https:\/\/www.bassin-arcachon.com\/hebergements\/hotels+ares\">Ares<\/a>,&nbsp;<a href=\"https:\/\/www.bassin-arcachon.com\/hebergements\/hotels+arcachon\/\">Arcachon<\/a>,&nbsp;<a href=\"https:\/\/www.bassin-arcachon.com\/hebergements\/hotels+la-teste-de-buch\/\">Buchs Test<\/a>,&nbsp;<a href=\"https:\/\/www.bassin-arcachon.com\/hebergements\/hotels+andernos\">Andersen<\/a>,&nbsp;<a href=\"https:\/\/www.bassin-arcachon.com\/hebergements\/hotels+gujan-mestras\/\">Gujan-Mestras,<\/a>&nbsp;<a href=\"https:\/\/www.bassin-arcachon.com\/hebergements\/hotels+coeur-de-bassin\/\">Biganos,<\/a>&nbsp;<a href=\"https:\/\/www.bassin-arcachon.com\/hebergements\/hotels+coeur-de-bassin\/\">Audenge<\/a>,<a href=\"https:\/\/www.bassin-arcachon.com\/hebergements\/hotels+coeur-de-bassin\/\">&nbsp;Lanton&nbsp;<\/a>und&nbsp;<a href=\"https:\/\/www.bassin-arcachon.com\/hebergements\/hotels+le-teich\/\">Der Teich<\/a>&nbsp;!<\/p>\n<\/div>\n\n\n\n<div class=\"wp-block-uagb-container uagb-block-2e52a006\">\n<div class=\"wp-block-uagb-image uagb-block-a755267c wp-block-uagb-image--layout-default wp-block-uagb-image--effect-static wp-block-uagb-image--align-none\"><figure class=\"wp-block-uagb-image__figure\"><img decoding=\"async\" srcset=\"https:\/\/dev.bassin-arcachon.com\/wp-content\/uploads\/2018\/09\/nourri-a-lhu\u00eetre-\u00e9lev\u00e9-sous-les-pins-Bassin-dArcachon.jpg 1000w, https:\/\/dev.bassin-arcachon.com\/wp-content\/uploads\/2018\/09\/nourri-a-lhu\u00eetre-\u00e9lev\u00e9-sous-les-pins-Bassin-dArcachon-300x200.jpg 300w, https:\/\/dev.bassin-arcachon.com\/wp-content\/uploads\/2018\/09\/nourri-a-lhu\u00eetre-\u00e9lev\u00e9-sous-les-pins-Bassin-dArcachon-768x511.jpg 768w, https:\/\/dev.bassin-arcachon.com\/wp-content\/uploads\/2018\/09\/nourri-a-lhu\u00eetre-\u00e9lev\u00e9-sous-les-pins-Bassin-dArcachon-18x12.jpg 18w, https:\/\/dev.bassin-arcachon.com\/wp-content\/uploads\/2018\/09\/nourri-a-lhu\u00eetre-\u00e9lev\u00e9-sous-les-pins-Bassin-dArcachon-640x426.jpg 640w\" sizes=\"auto, (max-width: 480px) 150px\" src=\"https:\/\/dev.bassin-arcachon.com\/wp-content\/uploads\/2018\/09\/nourri-a-lhu\u00eetre-\u00e9lev\u00e9-sous-les-pins-Bassin-dArcachon.jpg\" alt=\"- - Bassin d&#039;Arcachon\" class=\"uag-image-26169\" width=\"1000\" height=\"666\" title=\"- - Bassin d&#039;Arcachon\" loading=\"lazy\" role=\"img\"><\/figure><\/div>\n<\/div>\n<\/div><\/div>\n\n\n\n<div style=\"height:40px\" aria-hidden=\"true\" class=\"wp-block-spacer\"><\/div>","protected":false},"excerpt":{"rendered":"<p>Unsere Campingpl\u00e4tze mit Schwimmbad in L\u00e8ge Cap Ferret Was w\u00e4re, wenn Sie einen Traumurlaub am Schwimmbad und nur einen Steinwurf vom Strand entfernt verbringen w\u00fcrden? W\u00e4hlen Sie Ihren Campingplatz mit Schwimmbad in L\u00e8ge-Cap-Ferret und [\u2026]<\/p>","protected":false},"author":25,"featured_media":2217,"parent":392,"menu_order":1,"comment_status":"closed","ping_status":"closed","template":"","meta":{"_acf_changed":false,"_uag_custom_page_level_css":"","footnotes":""},"class_list":["post-44470","page","type-page","status-publish","has-post-thumbnail","hentry"],"acf":[],"uagb_featured_image_src":{"full":["https:\/\/dev.bassin-arcachon.com\/wp-content\/uploads\/2017\/03\/camping-bassin-arcachon.jpg",1200,800,false],"thumbnail":["https:\/\/dev.bassin-arcachon.com\/wp-content\/uploads\/2017\/03\/camping-bassin-arcachon-150x150.jpg",150,150,true],"medium":["https:\/\/dev.bassin-arcachon.com\/wp-content\/uploads\/2017\/03\/camping-bassin-arcachon-300x200.jpg",300,200,true],"medium_large":["https:\/\/dev.bassin-arcachon.com\/wp-content\/uploads\/2017\/03\/camping-bassin-arcachon-768x512.jpg",768,512,true],"large":["https:\/\/dev.bassin-arcachon.com\/wp-content\/uploads\/2017\/03\/camping-bassin-arcachon-1024x683.jpg",1024,683,true],"1536x1536":["https:\/\/dev.bassin-arcachon.com\/wp-content\/uploads\/2017\/03\/camping-bassin-arcachon.jpg",1200,800,false],"2048x2048":["https:\/\/dev.bassin-arcachon.com\/wp-content\/uploads\/2017\/03\/camping-bassin-arcachon.jpg",1200,800,false],"trp-custom-language-flag":["https:\/\/dev.bassin-arcachon.com\/wp-content\/uploads\/2017\/03\/camping-bassin-arcachon-18x12.jpg",18,12,true],"fp-small":["https:\/\/dev.bassin-arcachon.com\/wp-content\/uploads\/2017\/03\/camping-bassin-arcachon-640x427.jpg",640,427,true],"fp-large":["https:\/\/dev.bassin-arcachon.com\/wp-content\/uploads\/2017\/03\/camping-bassin-arcachon.jpg",1200,800,false],"fp-xlarge":["https:\/\/dev.bassin-arcachon.com\/wp-content\/uploads\/2017\/03\/camping-bassin-arcachon.jpg",1200,800,false]},"uagb_author_info":{"display_name":"Marie Clauzel","author_link":"https:\/\/dev.bassin-arcachon.com\/de\/author\/mariesiba\/"},"uagb_comment_info":0,"uagb_excerpt":"Nos campings avec piscine \u00e0 L\u00e8ge Cap Ferret Et si vous passiez des vacances de r\u00eave au bord de la&nbsp;piscine&nbsp;et \u00e0 deux pas de la plage ? Choisissez votre&nbsp;camping&nbsp;de&nbsp;L\u00e8ge-Cap-Ferret&nbsp;avec&nbsp;piscine, et [&hellip;]","_links":{"self":[{"href":"https:\/\/dev.bassin-arcachon.com\/de\/wp-json\/wp\/v2\/pages\/44470","targetHints":{"allow":["GET"]}}],"collection":[{"href":"https:\/\/dev.bassin-arcachon.com\/de\/wp-json\/wp\/v2\/pages"}],"about":[{"href":"https:\/\/dev.bassin-arcachon.com\/de\/wp-json\/wp\/v2\/types\/page"}],"author":[{"embeddable":true,"href":"https:\/\/dev.bassin-arcachon.com\/de\/wp-json\/wp\/v2\/users\/25"}],"replies":[{"embeddable":true,"href":"https:\/\/dev.bassin-arcachon.com\/de\/wp-json\/wp\/v2\/comments?post=44470"}],"version-history":[{"count":2,"href":"https:\/\/dev.bassin-arcachon.com\/de\/wp-json\/wp\/v2\/pages\/44470\/revisions"}],"predecessor-version":[{"id":68273,"href":"https:\/\/dev.bassin-arcachon.com\/de\/wp-json\/wp\/v2\/pages\/44470\/revisions\/68273"}],"up":[{"embeddable":true,"href":"https:\/\/dev.bassin-arcachon.com\/de\/wp-json\/wp\/v2\/pages\/392"}],"wp:featuredmedia":[{"embeddable":true,"href":"https:\/\/dev.bassin-arcachon.com\/de\/wp-json\/wp\/v2\/media\/2217"}],"wp:attachment":[{"href":"https:\/\/dev.bassin-arcachon.com\/de\/wp-json\/wp\/v2\/media?parent=44470"}],"curies":[{"name":"wp","href":"https:\/\/api.w.org\/{rel}","templated":true}]}}