{"id":45506,"date":"2020-07-10T13:56:48","date_gmt":"2020-07-10T11:56:48","guid":{"rendered":"https:\/\/dev.bassin-arcachon.com\/\/?page_id=45506"},"modified":"2024-11-06T11:09:15","modified_gmt":"2024-11-06T10:09:15","slug":"unsere-gastezimmer-in-gujan-mestras","status":"publish","type":"page","link":"https:\/\/dev.bassin-arcachon.com\/de\/wo-schlafen\/gastezimmer\/unsere-gastezimmer-in-gujan-mestras\/","title":{"rendered":"Unsere G\u00e4stezimmer in Gujan-Mestras"},"content":{"rendered":"<div class=\"wp-block-uagb-container uagb-block-07b47c64 alignfull uagb-is-root-container\"><div class=\"uagb-container-inner-blocks-wrap\">\n<div class=\"wp-block-uagb-container uagb-block-84591744\">\n<h2 class=\"wp-block-heading\">Unsere G\u00e4stezimmer in Gujan-Mestras mit Table d\u2019h\u00f4tes<\/h2>\n\n\n\n<p>Lust auf einen Gourmet-Ausflug nach Gujan-Mestras? Genie\u00dfen Sie die lokalen Produkte, die an einem unserer G\u00e4stetische in Gujan-Mestras serviert werden! Probieren Sie Austern mit gutem Wein und verbringen Sie einen warmen Moment mit Gujanais! Treffen Sie die Einheimischen, indem Sie sich f\u00fcr ein G\u00e4stezimmer in Gujan-Mestras entscheiden!<\/p>\n\n\n\n<div class=\"wp-block-buttons is-layout-flex wp-block-buttons-is-layout-flex\">\n<div class=\"wp-block-button\"><a class=\"wp-block-button__link wp-element-button\" href=\"https:\/\/dev.bassin-arcachon.com\/de\/https%3a\/\/dev.bassin-arcachon.com\/unterkunft-2\/chambres-dhotes%40gujan-mestras%26amp%3bhotes\/\">G\u00e4stezimmer mit G\u00e4stetischen<\/a><\/div>\n<\/div>\n<\/div>\n\n\n\n<div class=\"wp-block-uagb-container uagb-block-0083c461\">\n<div class=\"wp-block-uagb-image uagb-block-bde49f7c wp-block-uagb-image--layout-default wp-block-uagb-image--effect-static wp-block-uagb-image--align-none\"><figure class=\"wp-block-uagb-image__figure\"><img decoding=\"async\" srcset=\"https:\/\/dev.bassin-arcachon.com\/wp-content\/uploads\/2018\/07\/Balade-dans-les-ports-de-Gujan-Mestras.jpg \" sizes=\"auto, (max-width: 480px) 150px\" src=\"https:\/\/dev.bassin-arcachon.com\/wp-content\/uploads\/2018\/07\/Balade-dans-les-ports-de-Gujan-Mestras.jpg\" alt=\"- - Bassin d&#039;Arcachon\" class=\"uag-image-24021\" width=\"1000\" height=\"666\" title=\"- - Bassin d&#039;Arcachon\" loading=\"lazy\" role=\"img\"><\/figure><\/div>\n<\/div>\n<\/div><\/div>\n\n\n\n<div style=\"height:60px\" aria-hidden=\"true\" class=\"wp-block-spacer\"><\/div>\n\n\n\n<div class=\"wp-block-uagb-container uagb-block-944ecb77 alignfull uagb-is-root-container\"><div class=\"uagb-container-inner-blocks-wrap\">\n<div class=\"wp-block-uagb-container uagb-block-6610ab55\">\n<div class=\"wp-block-uagb-image uagb-block-80979e73 wp-block-uagb-image--layout-default wp-block-uagb-image--effect-static wp-block-uagb-image--align-none\"><figure class=\"wp-block-uagb-image__figure\"><img decoding=\"async\" srcset=\"https:\/\/dev.bassin-arcachon.com\/wp-content\/uploads\/2017\/09\/Larros_Gujan_Mestras_N4426b-1024x682.jpg \" sizes=\"auto, (max-width: 480px) 150px\" src=\"https:\/\/dev.bassin-arcachon.com\/wp-content\/uploads\/2017\/09\/Larros_Gujan_Mestras_N4426b-1024x682.jpg\" alt=\"- - Bassin d&#039;Arcachon\" class=\"uag-image-9473\" width=\"1024\" height=\"682\" title=\"- - Bassin d&#039;Arcachon\" loading=\"lazy\" role=\"img\"><\/figure><\/div>\n<\/div>\n\n\n\n<div class=\"wp-block-uagb-container uagb-block-83a68d3a\">\n<h2 class=\"wp-block-heading\">Unsere G\u00e4stezimmer in Gujan-Mestras mit Schwimmbad<\/h2>\n\n\n\n<p>Tanken Sie neue Energie im Schwimmbad Ihres G\u00e4stezimmers in Gujan-Mestras! Nach einem sportlichen Tag, wenn Sie morgens aufwachen oder einen entspannten Tag verbringen, genie\u00dfen Sie den Swimmingpool! Beheizt, abgedeckt oder k\u00fchlend, Sie haben die Wahl! W\u00e4hlen Sie mit Freunden oder der Familie eines unserer G\u00e4stezimmer mit Swimmingpool in Gujan-Mestras!<\/p>\n\n\n\n<div class=\"wp-block-buttons is-layout-flex wp-block-buttons-is-layout-flex\">\n<div class=\"wp-block-button\"><a class=\"wp-block-button__link wp-element-button\" href=\"https:\/\/dev.bassin-arcachon.com\/de\/https%3a\/\/dev.bassin-arcachon.com\/unterkunft-2\/chambres-dhotes%40gujan-mestras%26amp%3bpiscine\/\">Bed and Breakfast mit Schwimmbad<\/a><\/div>\n<\/div>\n<\/div>\n<\/div><\/div>\n\n\n\n<div style=\"height:60px\" aria-hidden=\"true\" class=\"wp-block-spacer\"><\/div>\n\n\n\n<div class=\"wp-block-uagb-container uagb-block-d801cb3d alignfull uagb-is-root-container\"><div class=\"uagb-container-inner-blocks-wrap\">\n<div class=\"wp-block-uagb-container uagb-block-7b675e14\">\n<h2 class=\"wp-block-heading\">Unsere G\u00e4stezimmer in Gujan-Mestras mit Garten<\/h2>\n\n\n\n<p>Entspannen Sie sich im Garten Ihres G\u00e4stezimmers in Gujan-Mestras und plaudern Sie mit Ihrem Gastgeber, w\u00e4hrend die Kinder sich in dieser blumigen Umgebung vergn\u00fcgen! Im Garten, im Schatten der B\u00e4ume, ist es eine Gelegenheit, echte Momente des Teilens in v\u00f6lliger Ruhe zu erleben. Entscheiden Sie sich f\u00fcr ein G\u00e4stezimmer mit Garten in Gujan-Mestras und genie\u00dfen Sie eine gr\u00fcne Umgebung, die f\u00fcr Sie reserviert ist!<\/p>\n\n\n\n<div class=\"wp-block-buttons is-layout-flex wp-block-buttons-is-layout-flex\">\n<div class=\"wp-block-button\"><a class=\"wp-block-button__link wp-element-button\" href=\"https:\/\/dev.bassin-arcachon.com\/de\/https%3a\/\/dev.bassin-arcachon.com\/unterkunft-2\/chambres-dhotes%40gujan-mestras%26amp%3bjardin\/\">G\u00e4stezimmer mit Garten<\/a><\/div>\n<\/div>\n<\/div>\n\n\n\n<div class=\"wp-block-uagb-container uagb-block-242e117b\">\n<div class=\"wp-block-uagb-image uagb-block-0afaf613 wp-block-uagb-image--layout-default wp-block-uagb-image--effect-static wp-block-uagb-image--align-none\"><figure class=\"wp-block-uagb-image__figure\"><img decoding=\"async\" srcset=\"https:\/\/dev.bassin-arcachon.com\/wp-content\/uploads\/2018\/04\/Parcours-exrt\u00e9rieur-Maison-de-lHu\u00eetre.jpg \" sizes=\"auto, (max-width: 480px) 150px\" src=\"https:\/\/dev.bassin-arcachon.com\/wp-content\/uploads\/2018\/04\/Parcours-exrt\u00e9rieur-Maison-de-lHu\u00eetre.jpg\" alt=\"- - Bassin d&#039;Arcachon\" class=\"uag-image-20627\" width=\"1000\" height=\"666\" title=\"- - Bassin d&#039;Arcachon\" loading=\"lazy\" role=\"img\"><\/figure><\/div>\n<\/div>\n<\/div><\/div>\n\n\n\n<div style=\"height:60px\" aria-hidden=\"true\" class=\"wp-block-spacer\"><\/div>\n\n\n\n<div class=\"wp-block-uagb-container uagb-block-762e3df1 alignfull uagb-is-root-container\">\n<div class=\"wp-block-cover is-light has-parallax\"><span aria-hidden=\"true\" class=\"wp-block-cover__background has-background-dim-0 has-background-dim\"><\/span><div class=\"wp-block-cover__image-background wp-image-1345 has-parallax\" style=\"background-position:50% 50%;background-image:url(https:\/\/dev.bassin-arcachon.com\/wp-content\/uploads\/2017\/03\/Camping-Panorama-du-Pyla-cottage-vue-mer-coin-farniente.jpg)\"><\/div><div class=\"wp-block-cover__inner-container is-layout-flow wp-block-cover-is-layout-flow\">\n<div class=\"wp-block-uagb-container uagb-block-2a0a6faa\">\n<h2 class=\"wp-block-heading has-text-align-center has-white-color has-text-color has-large-font-size\">Verbringen Sie Ihren Urlaub mit Leichtigkeit in einem der Bassin-G\u00e4stezimmer in Arcachon!<\/h2>\n\n\n\n<p class=\"has-text-align-center has-white-color has-text-color\"><a href=\"https:\/\/dev.bassin-arcachon.com\/de\/https%3a\/\/dev.bassin-arcachon.com\/unterkunft-2\/gastezimmer-2\/\">STARTEN SIE IHRE SUCHE<\/a><\/p>\n<\/div>\n<\/div><\/div>\n<\/div>\n\n\n\n<div style=\"height:60px\" aria-hidden=\"true\" class=\"wp-block-spacer\"><\/div>\n\n\n\n<div class=\"wp-block-uagb-container uagb-block-a68209e3 alignfull uagb-is-root-container\"><div class=\"uagb-container-inner-blocks-wrap\">\n<div class=\"wp-block-uagb-container uagb-block-aff204e2\">\n<h3 class=\"wp-block-heading\">M\u00f6chten Sie ein G\u00e4stezimmer rund um Gujan-Mestras buchen?<\/h3>\n\n\n\n<p>Entdecken Sie alle G\u00e4stezimmer im Bassin Arcachon:&nbsp;<a href=\"https:\/\/dev.bassin-arcachon.com\/de\/wo-schlafen\/vermietung-von-bed-breakfasts\/?commune=arcachon\">Arcachon<\/a>,&nbsp;<a href=\"https:\/\/dev.bassin-arcachon.com\/de\/wo-schlafen\/vermietung-von-bed-breakfasts\/?commune=ares\">Ares<\/a>,&nbsp;<a href=\"https:\/\/dev.bassin-arcachon.com\/de\/wo-schlafen\/vermietung-von-bed-breakfasts\/?commune=lanton\">Lanton<\/a>,&nbsp;<a href=\"https:\/\/dev.bassin-arcachon.com\/de\/wo-schlafen\/vermietung-von-bed-breakfasts\/?commune=andernos-les-bains\">Andersen<\/a>,&nbsp;<a href=\"https:\/\/dev.bassin-arcachon.com\/de\/wo-schlafen\/vermietung-von-bed-breakfasts\/?commune=la-teste-de-buch\">Buchs Test<\/a>,&nbsp;<a href=\"https:\/\/dev.bassin-arcachon.com\/de\/wo-schlafen\/vermietung-von-bed-breakfasts\/?commune=audenge\">Audenge,<\/a>&nbsp;und&nbsp;<a href=\"https:\/\/dev.bassin-arcachon.com\/de\/wo-schlafen\/vermietung-von-bed-breakfasts\/?commune=lege-cap-ferret\">Cap-Frettchen<\/a>&nbsp;!<\/p>\n<\/div>\n\n\n\n<div class=\"wp-block-uagb-container uagb-block-82b5398d\">\n<div class=\"wp-block-uagb-image uagb-block-b354914e wp-block-uagb-image--layout-default wp-block-uagb-image--effect-static wp-block-uagb-image--align-none\"><figure class=\"wp-block-uagb-image__figure\"><img decoding=\"async\" srcset=\"https:\/\/dev.bassin-arcachon.com\/wp-content\/uploads\/2018\/09\/nourri-a-lhu\u00eetre-\u00e9lev\u00e9-sous-les-pins-Bassin-dArcachon.jpg 1000w, https:\/\/dev.bassin-arcachon.com\/wp-content\/uploads\/2018\/09\/nourri-a-lhu\u00eetre-\u00e9lev\u00e9-sous-les-pins-Bassin-dArcachon-300x200.jpg 300w, https:\/\/dev.bassin-arcachon.com\/wp-content\/uploads\/2018\/09\/nourri-a-lhu\u00eetre-\u00e9lev\u00e9-sous-les-pins-Bassin-dArcachon-768x511.jpg 768w, https:\/\/dev.bassin-arcachon.com\/wp-content\/uploads\/2018\/09\/nourri-a-lhu\u00eetre-\u00e9lev\u00e9-sous-les-pins-Bassin-dArcachon-18x12.jpg 18w, https:\/\/dev.bassin-arcachon.com\/wp-content\/uploads\/2018\/09\/nourri-a-lhu\u00eetre-\u00e9lev\u00e9-sous-les-pins-Bassin-dArcachon-640x426.jpg 640w\" sizes=\"auto, (max-width: 480px) 150px\" src=\"https:\/\/dev.bassin-arcachon.com\/wp-content\/uploads\/2018\/09\/nourri-a-lhu\u00eetre-\u00e9lev\u00e9-sous-les-pins-Bassin-dArcachon.jpg\" alt=\"- - Bassin d&#039;Arcachon\" class=\"uag-image-26169\" width=\"1000\" height=\"666\" title=\"- - Bassin d&#039;Arcachon\" loading=\"lazy\" role=\"img\"><\/figure><\/div>\n<\/div>\n<\/div><\/div>\n\n\n\n<div style=\"height:60px\" aria-hidden=\"true\" class=\"wp-block-spacer\"><\/div>","protected":false},"excerpt":{"rendered":"<p>Nos chambres d\u2019h\u00f4tes \u00e0 Gujan-Mestras avec table d\u2019h\u00f4tes Envie d\u2019une escapade gourmande \u00e0 Gujan-Mestras ? Appr\u00e9ciez les produits locaux servis dans l\u2019une de nos tables d\u2019h\u00f4tes \u00e0 Gujan-Mestras ! D\u00e9gustez [&hellip;]<\/p>","protected":false},"author":25,"featured_media":2217,"parent":398,"menu_order":1,"comment_status":"closed","ping_status":"closed","template":"","meta":{"_acf_changed":false,"_uag_custom_page_level_css":"","footnotes":""},"class_list":["post-45506","page","type-page","status-publish","has-post-thumbnail","hentry"],"acf":[],"uagb_featured_image_src":{"full":["https:\/\/dev.bassin-arcachon.com\/wp-content\/uploads\/2017\/03\/camping-bassin-arcachon.jpg",1200,800,false],"thumbnail":["https:\/\/dev.bassin-arcachon.com\/wp-content\/uploads\/2017\/03\/camping-bassin-arcachon-150x150.jpg",150,150,true],"medium":["https:\/\/dev.bassin-arcachon.com\/wp-content\/uploads\/2017\/03\/camping-bassin-arcachon-300x200.jpg",300,200,true],"medium_large":["https:\/\/dev.bassin-arcachon.com\/wp-content\/uploads\/2017\/03\/camping-bassin-arcachon-768x512.jpg",768,512,true],"large":["https:\/\/dev.bassin-arcachon.com\/wp-content\/uploads\/2017\/03\/camping-bassin-arcachon-1024x683.jpg",1024,683,true],"1536x1536":["https:\/\/dev.bassin-arcachon.com\/wp-content\/uploads\/2017\/03\/camping-bassin-arcachon.jpg",1200,800,false],"2048x2048":["https:\/\/dev.bassin-arcachon.com\/wp-content\/uploads\/2017\/03\/camping-bassin-arcachon.jpg",1200,800,false],"trp-custom-language-flag":["https:\/\/dev.bassin-arcachon.com\/wp-content\/uploads\/2017\/03\/camping-bassin-arcachon-18x12.jpg",18,12,true],"fp-small":["https:\/\/dev.bassin-arcachon.com\/wp-content\/uploads\/2017\/03\/camping-bassin-arcachon-640x427.jpg",640,427,true],"fp-large":["https:\/\/dev.bassin-arcachon.com\/wp-content\/uploads\/2017\/03\/camping-bassin-arcachon.jpg",1200,800,false],"fp-xlarge":["https:\/\/dev.bassin-arcachon.com\/wp-content\/uploads\/2017\/03\/camping-bassin-arcachon.jpg",1200,800,false]},"uagb_author_info":{"display_name":"Marie Clauzel","author_link":"https:\/\/dev.bassin-arcachon.com\/de\/author\/mariesiba\/"},"uagb_comment_info":0,"uagb_excerpt":"Nos chambres d\u2019h\u00f4tes \u00e0 Gujan-Mestras avec table d\u2019h\u00f4tes Envie d\u2019une escapade gourmande \u00e0 Gujan-Mestras ? Appr\u00e9ciez les produits locaux servis dans l\u2019une de nos tables d\u2019h\u00f4tes \u00e0 Gujan-Mestras ! D\u00e9gustez [&hellip;]","_links":{"self":[{"href":"https:\/\/dev.bassin-arcachon.com\/de\/wp-json\/wp\/v2\/pages\/45506","targetHints":{"allow":["GET"]}}],"collection":[{"href":"https:\/\/dev.bassin-arcachon.com\/de\/wp-json\/wp\/v2\/pages"}],"about":[{"href":"https:\/\/dev.bassin-arcachon.com\/de\/wp-json\/wp\/v2\/types\/page"}],"author":[{"embeddable":true,"href":"https:\/\/dev.bassin-arcachon.com\/de\/wp-json\/wp\/v2\/users\/25"}],"replies":[{"embeddable":true,"href":"https:\/\/dev.bassin-arcachon.com\/de\/wp-json\/wp\/v2\/comments?post=45506"}],"version-history":[{"count":1,"href":"https:\/\/dev.bassin-arcachon.com\/de\/wp-json\/wp\/v2\/pages\/45506\/revisions"}],"predecessor-version":[{"id":68259,"href":"https:\/\/dev.bassin-arcachon.com\/de\/wp-json\/wp\/v2\/pages\/45506\/revisions\/68259"}],"up":[{"embeddable":true,"href":"https:\/\/dev.bassin-arcachon.com\/de\/wp-json\/wp\/v2\/pages\/398"}],"wp:featuredmedia":[{"embeddable":true,"href":"https:\/\/dev.bassin-arcachon.com\/de\/wp-json\/wp\/v2\/media\/2217"}],"wp:attachment":[{"href":"https:\/\/dev.bassin-arcachon.com\/de\/wp-json\/wp\/v2\/media?parent=45506"}],"curies":[{"name":"wp","href":"https:\/\/api.w.org\/{rel}","templated":true}]}}