{"id":45704,"date":"2020-07-10T16:10:41","date_gmt":"2020-07-10T14:10:41","guid":{"rendered":"https:\/\/dev.bassin-arcachon.com\/\/?page_id=45704"},"modified":"2024-11-06T11:55:06","modified_gmt":"2024-11-06T10:55:06","slug":"unsere-ferienunterkunfte-in-gujan-mestras","status":"publish","type":"page","link":"https:\/\/dev.bassin-arcachon.com\/de\/wo-schlafen\/vermietungen\/unsere-ferienunterkunfte-in-gujan-mestras\/","title":{"rendered":"Unsere Ferienunterk\u00fcnfte in Gujan-Mestras"},"content":{"rendered":"<div class=\"wp-block-uagb-container uagb-block-63ab0ebd alignfull uagb-is-root-container\"><div class=\"uagb-container-inner-blocks-wrap\">\n<div class=\"wp-block-uagb-container uagb-block-0714aea2\">\n<h2 class=\"wp-block-heading\">Unsere Ferienunterk\u00fcnfte mit Garten in Gujan-Mestras<\/h2>\n\n\n\n<p>G\u00f6nnen Sie sich einen erholsamen 100%-Aufenthalt in Gujan-Mestras und w\u00e4hlen Sie eines unserer Mietobjekte mit Garten! Erleben Sie einzigartige Momente mit Ihrer Familie in einer wahren Oase der Ruhe inmitten der Natur! Gehen Sie mit den Kindern an die frische Luft und tanken Sie neue Energie im privaten Garten Ihrer Ferienwohnung in Gujan-Mestras!<\/p>\n\n\n\n<div class=\"wp-block-buttons is-layout-flex wp-block-buttons-is-layout-flex\">\n<div class=\"wp-block-button\"><a class=\"wp-block-button__link wp-element-button\" href=\"https:\/\/www.bassin-arcachon.com\/hebergements\/locations-de-vacances@gujan-mestras&amp;jardin\">Mieten mit Garten<\/a><\/div>\n<\/div>\n<\/div>\n\n\n\n<div class=\"wp-block-uagb-container uagb-block-4fd4bac7\">\n<div class=\"wp-block-uagb-image uagb-block-f4bf5e75 wp-block-uagb-image--layout-default wp-block-uagb-image--effect-static wp-block-uagb-image--align-none\"><figure class=\"wp-block-uagb-image__figure\"><img decoding=\"async\" srcset=\"https:\/\/dev.bassin-arcachon.com\/wp-content\/uploads\/2018\/10\/andernos-velo-SIBA-agence-les-conteurs-50-1024x683.jpg \" sizes=\"auto, (max-width: 480px) 150px\" src=\"https:\/\/dev.bassin-arcachon.com\/wp-content\/uploads\/2018\/10\/andernos-velo-SIBA-agence-les-conteurs-50-1024x683.jpg\" alt=\"Die sch\u00f6nen Villen in Andernos\" class=\"uag-image-26668\" width=\"1024\" height=\"683\" title=\"- - Bassin d&#039;Arcachon\" loading=\"lazy\" role=\"img\"><\/figure><\/div>\n<\/div>\n<\/div><\/div>\n\n\n\n<div style=\"height:60px\" aria-hidden=\"true\" class=\"wp-block-spacer\"><\/div>\n\n\n\n<div class=\"wp-block-uagb-container uagb-block-d5891b9c alignfull uagb-is-root-container\"><div class=\"uagb-container-inner-blocks-wrap\">\n<div class=\"wp-block-uagb-container uagb-block-94c50d78\">\n<div class=\"wp-block-uagb-image uagb-block-7c6b8198 wp-block-uagb-image--layout-default wp-block-uagb-image--effect-static wp-block-uagb-image--align-none\"><figure class=\"wp-block-uagb-image__figure\"><img decoding=\"async\" srcset=\"https:\/\/dev.bassin-arcachon.com\/wp-content\/uploads\/2018\/10\/balade-automne-quinconces-andernos-e1546467709734.jpg \" sizes=\"auto, (max-width: 480px) 150px\" src=\"https:\/\/dev.bassin-arcachon.com\/wp-content\/uploads\/2018\/10\/balade-automne-quinconces-andernos-e1546467709734.jpg\" alt=\"Quinconces Andernos Herbstspaziergang\" class=\"uag-image-26500\" width=\"1000\" height=\"667\" title=\"- - Bassin d&#039;Arcachon\" loading=\"lazy\" role=\"img\"><\/figure><\/div>\n<\/div>\n\n\n\n<div class=\"wp-block-uagb-container uagb-block-c923b11b\">\n<h2 class=\"wp-block-heading\">Unsere Ferienwohnungen mit Blick auf die Bassin in Gujan-Mestras<\/h2>\n\n\n\n<p>Wachen Sie mit Bassin auf, indem Sie eine Ferienwohnung in Gujan-Mestras w\u00e4hlen! Atmen Sie die salzige Luft des Bassin ein und genie\u00dfen Sie das <a href=\"https:\/\/dev.bassin-arcachon.com\/de\/unsere-stadte-und-dorfer\/gujan-mestras\/\">au\u00dfergew\u00f6hnliches Panorama<\/a> das Ihnen direkt nach dem Aufwachen zur Verf\u00fcgung steht! Beobachten Sie die Spiegelungen des Sonnenuntergangs auf dem Wasser von Ihrem Zimmer aus, indem Sie sich f\u00fcr eines unserer Cottages mit Blick auf das Bassin entscheiden!<\/p>\n\n\n\n<div class=\"wp-block-buttons is-layout-flex wp-block-buttons-is-layout-flex\">\n<div class=\"wp-block-button\"><a class=\"wp-block-button__link wp-element-button\" href=\"https:\/\/www.bassin-arcachon.com\/hebergements\/locations-de-vacances@gujan-mestras&amp;vuemer\">Vermietung mit Aussicht<\/a><\/div>\n<\/div>\n<\/div>\n<\/div><\/div>\n\n\n\n<div style=\"height:60px\" aria-hidden=\"true\" class=\"wp-block-spacer\"><\/div>\n\n\n\n<div class=\"wp-block-uagb-container uagb-block-875b1957 alignfull uagb-is-root-container\"><div class=\"uagb-container-inner-blocks-wrap\">\n<div class=\"wp-block-uagb-container uagb-block-b1094655\">\n<h2 class=\"wp-block-heading\">Unsere Ferienunterk\u00fcnfte mit Schwimmbad in Gujan-Mestras<\/h2>\n\n\n\n<p>\u00dcbernachten Sie mit Freunden oder der Familie in einer Ferienwohnung mit Pool in Gujan-Mestras! Wasserspiele f\u00fcr die Kinder und ein beheiztes Schwimmbad f\u00fcr die \u00c4lteren, unsere Vermietungen in Gujan-Mestras garantieren Ihnen unvergessliche Ferien f\u00fcr die ganze Familie vor den Toren von Bassin!<\/p>\n\n\n\n<div class=\"wp-block-buttons is-layout-flex wp-block-buttons-is-layout-flex\">\n<div class=\"wp-block-button\"><a class=\"wp-block-button__link wp-element-button\" href=\"https:\/\/www.bassin-arcachon.com\/hebergements\/locations-de-vacances@gujan-mestras&amp;piscine\">Vermietungen mit Schwimmbad<\/a><\/div>\n<\/div>\n<\/div>\n\n\n\n<div class=\"wp-block-uagb-container uagb-block-dbd4e9c4\">\n<div class=\"wp-block-uagb-image uagb-block-092d5e40 wp-block-uagb-image--layout-default wp-block-uagb-image--effect-static wp-block-uagb-image--align-none\"><figure class=\"wp-block-uagb-image__figure\"><img decoding=\"async\" srcset=\"https:\/\/dev.bassin-arcachon.com\/wp-content\/uploads\/2017\/08\/happy3.jpg \" sizes=\"auto, (max-width: 480px) 150px\" src=\"https:\/\/dev.bassin-arcachon.com\/wp-content\/uploads\/2017\/08\/happy3.jpg\" alt=\"Luise Andernos\" class=\"uag-image-7499\" width=\"700\" height=\"465\" title=\"- - Bassin d&#039;Arcachon\" loading=\"lazy\" role=\"img\"><\/figure><\/div>\n<\/div>\n<\/div><\/div>\n\n\n\n<div style=\"height:60px\" aria-hidden=\"true\" class=\"wp-block-spacer\"><\/div>\n\n\n\n<div class=\"wp-block-uagb-container uagb-block-f06c62ab alignfull uagb-is-root-container\">\n<div class=\"wp-block-cover is-light has-parallax\"><span aria-hidden=\"true\" class=\"wp-block-cover__background has-background-dim-0 has-background-dim\"><\/span><div class=\"wp-block-cover__image-background wp-image-1345 has-parallax\" style=\"background-position:50% 50%;background-image:url(https:\/\/dev.bassin-arcachon.com\/wp-content\/uploads\/2017\/03\/Camping-Panorama-du-Pyla-cottage-vue-mer-coin-farniente.jpg)\"><\/div><div class=\"wp-block-cover__inner-container is-layout-flow wp-block-cover-is-layout-flow\">\n<div class=\"wp-block-uagb-container uagb-block-8421812b\">\n<h2 class=\"wp-block-heading has-text-align-center has-white-color has-text-color has-large-font-size\">Verbringen Sie Ihren Urlaub mit Leichtigkeit in einer der Bassin-Ferienwohnungen in Arcachon<\/h2>\n\n\n\n<p class=\"has-text-align-center has-white-color has-text-color\"><a href=\"https:\/\/www.bassin-arcachon.com\/hebergements\/locations-de-vacances\">STARTEN SIE IHRE SUCHE<\/a><\/p>\n<\/div>\n<\/div><\/div>\n<\/div>\n\n\n\n<div style=\"height:60px\" aria-hidden=\"true\" class=\"wp-block-spacer\"><\/div>\n\n\n\n<div class=\"wp-block-uagb-container uagb-block-5bc354f6 alignfull uagb-is-root-container\"><div class=\"uagb-container-inner-blocks-wrap\">\n<div class=\"wp-block-uagb-container uagb-block-014e0810\">\n<h2 class=\"wp-block-heading\">M\u00f6chten Sie eine Ferienwohnung in der N\u00e4he von Gujan-Mestras buchen?<\/h2>\n\n\n\n<p>Entdecken Sie alle unsere Ferienwohnungen bei Bassin Arcachon:&nbsp;<a href=\"https:\/\/www.bassin-arcachon.com\/hebergements\/locations-de-vacances+ares\">Ares<\/a>,&nbsp;<a href=\"https:\/\/www.bassin-arcachon.com\/hebergements\/locations-de-vacances+arcachon\/\">Arcachon<\/a>,&nbsp;<a href=\"https:\/\/www.bassin-arcachon.com\/hebergements\/locations-de-vacances+gujan-mestras\/\">Gujan-Mestras<\/a>,&nbsp;<a href=\"https:\/\/www.bassin-arcachon.com\/hebergements\/locations-de-vacances+andernos\">Andersen<\/a>,&nbsp;<a href=\"https:\/\/www.bassin-arcachon.com\/hebergements\/locations-de-vacances+gujan-mestras\/\">Gujan-Mestras,<\/a>&nbsp;<a href=\"https:\/\/www.bassin-arcachon.com\/hebergements\/locations-de-vacances+coeur-de-bassin\/\">Biganos,<\/a>&nbsp;<a href=\"https:\/\/www.bassin-arcachon.com\/hebergements\/locations-de-vacances+coeur-de-bassin\/\">Audenge<\/a>,<a href=\"https:\/\/www.bassin-arcachon.com\/hebergements\/locations-de-vacances+coeur-de-bassin\/\">&nbsp;Lanton&nbsp;<\/a>und&nbsp;<a href=\"https:\/\/www.bassin-arcachon.com\/hebergements\/locations-de-vacances+lege-cap-ferret\/\">Cap-Frettchen<\/a>&nbsp;!<\/p>\n<\/div>\n\n\n\n<div class=\"wp-block-uagb-container uagb-block-7d2b4334\">\n<div class=\"wp-block-uagb-image uagb-block-d9b547aa wp-block-uagb-image--layout-default wp-block-uagb-image--effect-static wp-block-uagb-image--align-none\"><figure class=\"wp-block-uagb-image__figure\"><img decoding=\"async\" srcset=\"https:\/\/dev.bassin-arcachon.com\/wp-content\/uploads\/2018\/09\/nourri-a-lhu\u00eetre-\u00e9lev\u00e9-sous-les-pins-Bassin-dArcachon.jpg 1000w, https:\/\/dev.bassin-arcachon.com\/wp-content\/uploads\/2018\/09\/nourri-a-lhu\u00eetre-\u00e9lev\u00e9-sous-les-pins-Bassin-dArcachon-300x200.jpg 300w, https:\/\/dev.bassin-arcachon.com\/wp-content\/uploads\/2018\/09\/nourri-a-lhu\u00eetre-\u00e9lev\u00e9-sous-les-pins-Bassin-dArcachon-768x511.jpg 768w, https:\/\/dev.bassin-arcachon.com\/wp-content\/uploads\/2018\/09\/nourri-a-lhu\u00eetre-\u00e9lev\u00e9-sous-les-pins-Bassin-dArcachon-18x12.jpg 18w, https:\/\/dev.bassin-arcachon.com\/wp-content\/uploads\/2018\/09\/nourri-a-lhu\u00eetre-\u00e9lev\u00e9-sous-les-pins-Bassin-dArcachon-640x426.jpg 640w\" sizes=\"auto, (max-width: 480px) 150px\" src=\"https:\/\/dev.bassin-arcachon.com\/wp-content\/uploads\/2018\/09\/nourri-a-lhu\u00eetre-\u00e9lev\u00e9-sous-les-pins-Bassin-dArcachon.jpg\" alt=\"- - Bassin d&#039;Arcachon\" class=\"uag-image-26169\" width=\"1000\" height=\"666\" title=\"- - Bassin d&#039;Arcachon\" loading=\"lazy\" role=\"img\"><\/figure><\/div>\n<\/div>\n<\/div><\/div>\n\n\n\n<div style=\"height:60px\" aria-hidden=\"true\" class=\"wp-block-spacer\"><\/div>","protected":false},"excerpt":{"rendered":"<p>Nos locations de vacances avec jardin \u00e0 Gujan-Mestras \u00c9vadez-vous pour un s\u00e9jour 100% d\u00e9tente \u00e0 Gujan-Mestras et choisissez l\u2019une de nos locations avec jardin ! Vivez des moments uniques en [&hellip;]<\/p>","protected":false},"author":25,"featured_media":2217,"parent":508,"menu_order":1,"comment_status":"closed","ping_status":"closed","template":"","meta":{"_acf_changed":false,"_uag_custom_page_level_css":"","footnotes":""},"class_list":["post-45704","page","type-page","status-publish","has-post-thumbnail","hentry"],"acf":[],"uagb_featured_image_src":{"full":["https:\/\/dev.bassin-arcachon.com\/wp-content\/uploads\/2017\/03\/camping-bassin-arcachon.jpg",1200,800,false],"thumbnail":["https:\/\/dev.bassin-arcachon.com\/wp-content\/uploads\/2017\/03\/camping-bassin-arcachon-150x150.jpg",150,150,true],"medium":["https:\/\/dev.bassin-arcachon.com\/wp-content\/uploads\/2017\/03\/camping-bassin-arcachon-300x200.jpg",300,200,true],"medium_large":["https:\/\/dev.bassin-arcachon.com\/wp-content\/uploads\/2017\/03\/camping-bassin-arcachon-768x512.jpg",768,512,true],"large":["https:\/\/dev.bassin-arcachon.com\/wp-content\/uploads\/2017\/03\/camping-bassin-arcachon-1024x683.jpg",1024,683,true],"1536x1536":["https:\/\/dev.bassin-arcachon.com\/wp-content\/uploads\/2017\/03\/camping-bassin-arcachon.jpg",1200,800,false],"2048x2048":["https:\/\/dev.bassin-arcachon.com\/wp-content\/uploads\/2017\/03\/camping-bassin-arcachon.jpg",1200,800,false],"trp-custom-language-flag":["https:\/\/dev.bassin-arcachon.com\/wp-content\/uploads\/2017\/03\/camping-bassin-arcachon-18x12.jpg",18,12,true],"fp-small":["https:\/\/dev.bassin-arcachon.com\/wp-content\/uploads\/2017\/03\/camping-bassin-arcachon-640x427.jpg",640,427,true],"fp-large":["https:\/\/dev.bassin-arcachon.com\/wp-content\/uploads\/2017\/03\/camping-bassin-arcachon.jpg",1200,800,false],"fp-xlarge":["https:\/\/dev.bassin-arcachon.com\/wp-content\/uploads\/2017\/03\/camping-bassin-arcachon.jpg",1200,800,false]},"uagb_author_info":{"display_name":"Marie Clauzel","author_link":"https:\/\/dev.bassin-arcachon.com\/de\/author\/mariesiba\/"},"uagb_comment_info":0,"uagb_excerpt":"Nos locations de vacances avec jardin \u00e0 Gujan-Mestras \u00c9vadez-vous pour un s\u00e9jour 100% d\u00e9tente \u00e0 Gujan-Mestras et choisissez l\u2019une de nos locations avec jardin ! Vivez des moments uniques en [&hellip;]","_links":{"self":[{"href":"https:\/\/dev.bassin-arcachon.com\/de\/wp-json\/wp\/v2\/pages\/45704","targetHints":{"allow":["GET"]}}],"collection":[{"href":"https:\/\/dev.bassin-arcachon.com\/de\/wp-json\/wp\/v2\/pages"}],"about":[{"href":"https:\/\/dev.bassin-arcachon.com\/de\/wp-json\/wp\/v2\/types\/page"}],"author":[{"embeddable":true,"href":"https:\/\/dev.bassin-arcachon.com\/de\/wp-json\/wp\/v2\/users\/25"}],"replies":[{"embeddable":true,"href":"https:\/\/dev.bassin-arcachon.com\/de\/wp-json\/wp\/v2\/comments?post=45704"}],"version-history":[{"count":2,"href":"https:\/\/dev.bassin-arcachon.com\/de\/wp-json\/wp\/v2\/pages\/45704\/revisions"}],"predecessor-version":[{"id":68285,"href":"https:\/\/dev.bassin-arcachon.com\/de\/wp-json\/wp\/v2\/pages\/45704\/revisions\/68285"}],"up":[{"embeddable":true,"href":"https:\/\/dev.bassin-arcachon.com\/de\/wp-json\/wp\/v2\/pages\/508"}],"wp:featuredmedia":[{"embeddable":true,"href":"https:\/\/dev.bassin-arcachon.com\/de\/wp-json\/wp\/v2\/media\/2217"}],"wp:attachment":[{"href":"https:\/\/dev.bassin-arcachon.com\/de\/wp-json\/wp\/v2\/media?parent=45704"}],"curies":[{"name":"wp","href":"https:\/\/api.w.org\/{rel}","templated":true}]}}