{"id":51968,"date":"2022-10-24T18:06:57","date_gmt":"2022-10-24T16:06:57","guid":{"rendered":"https:\/\/dev.bassin-arcachon.com\/\/?page_id=51968"},"modified":"2023-02-02T15:50:58","modified_gmt":"2023-02-02T14:50:58","slug":"datenschutzrichtlinie","status":"publish","type":"page","link":"https:\/\/dev.bassin-arcachon.com\/de\/datenschutzrichtlinie\/","title":{"rendered":"Datenschutz-Bestimmungen"},"content":{"rendered":"<div class=\"wp-block-uagb-container uagb-block-095e0448 alignfull uagb-is-root-container\"><div class=\"uagb-container-inner-blocks-wrap\">\n<h2 class=\"wp-block-heading\">Datensammlung<\/h2>\n\n\n\n<p>Die m\u00f6glicherweise auf der Website und der Anwendung gesammelten personenbezogenen Daten werden vom Herausgeber haupts\u00e4chlich f\u00fcr die Verwaltung der Beziehungen mit dem Benutzer der Website\/Anwendung und gegebenenfalls f\u00fcr die Bearbeitung von Prospektanfragen verwendet. Sie werden in der Kundendatei des Verlags erfasst, und die so erstellte Datei aus personenbezogenen Daten wird der CNIL gemeldet.<\/p>\n\n\n\n<p>Gem\u00e4\u00df den ge\u00e4nderten Bestimmungen des Gesetzes Nr. 78-17 vom 6. Januar 1978 in Bezug auf die Datenverarbeitung, Dateien und Freiheiten haben Sie ein Recht auf Zugang, Abfrage, \u00c4nderung und L\u00f6schung von Informationen, die Sie betreffen, ausge\u00fcbt werden jederzeit beim Herausgeber per Post an folgende Adresse: SIBA, 16 all\u00e9e corrigan, 33120 Arcachon; entweder per E-Mail an folgende Adresse: tourisme@siba-bassin-arcachon.fr<\/p>\n\n\n\n<p>Aus Sicherheitsgr\u00fcnden und um betr\u00fcgerische Anfragen zu vermeiden, muss dieser Anfrage ein Identit\u00e4tsnachweis beigef\u00fcgt werden. Nach Bearbeitung des Antrags wird dieser Nachweis vernichtet. Der Verlag muss die gel\u00f6schten Kontakte in einer Ausschlussdatenbank vorhalten, um diese zuk\u00fcnftig nicht mehr anzufordern, diese Verarbeitung begr\u00fcnden zu k\u00f6nnen und die Vorschriften einzuhalten.<\/p>\n\n\n\n<p>Die gesammelten Informationen k\u00f6nnen m\u00f6glicherweise an Dritte weitergegeben werden, die vertraglich mit dem Herausgeber verbunden sind, um Unterauftr\u00e4ge auszuf\u00fchren, die f\u00fcr die Verwaltung Ihres Kontos erforderlich sind, und ohne dass Sie Ihre Zustimmung erteilen m\u00fcssen. Im Falle eines nachgewiesenen Versto\u00dfes gegen gesetzliche oder beh\u00f6rdliche Vorschriften k\u00f6nnen diese Informationen auf ausdr\u00fccklichen und begr\u00fcndeten Antrag der Justizbeh\u00f6rden offengelegt werden.<\/p>\n\n\n\n<p>Wenn bestimmte Informationen f\u00fcr den Zugriff auf bestimmte Funktionen der Website obligatorisch sind, weist der Herausgeber bei der Eingabe der Daten auf dieses obligatorische Zeichen hin.<\/p>\n\n\n\n<p>Sie erhalten wahrscheinlich informative und kommerzielle Newsletter des Herausgebers (ein Newsletter pro Saison und bei gro\u00dfen st\u00e4dtischen Veranstaltungen). Wenn Sie dies nicht w\u00fcnschen, kreuzen Sie bitte nicht das K\u00e4stchen \u201eIch bin damit einverstanden, kommerzielle Informationen vom Syndicat Intercommunal du Bassin d&#039;Arcachon zu erhalten. Ich kann jederzeit auf diese Genehmigung verzichten, indem ich einfach eine E-Mail an die folgende Adresse sende: tourisme@siba-bassin-arcachon.fr&quot;, die sich am Ende des Anforderungsformulars f\u00fcr Touristenbrosch\u00fcren befindet, und f\u00fcllen Sie bitte nicht die Beilage auf bestimmten Seiten von aus die Website, die Ihnen den Empfang des Arcachon Bassin-Newsletters anbietet, unter Angabe Ihres Nachnamens und Vornamens sowie Ihrer E-Mail-Adresse. Hier ist ein Beispiel, bei dem die Einf\u00fcgung unten auf der Seite vorhanden ist: <a href=\"https:\/\/dev.bassin-arcachon.com\/de\/agenda-ausfluge-markte\/\">https:\/\/dev.bassin-arcachon.com\/agenda-sorties-marches\/<\/a><\/p>\n\n\n\n<p>Wenn der Benutzer w\u00e4hrend der Konsultation der Website auf personenbezogene Daten zugreift, muss er jede Erhebung, jede unbefugte Nutzung und jede Handlung unterlassen, die eine Verletzung der Privatsph\u00e4re oder des Rufs darstellen k\u00f6nnte. Der Herausgeber lehnt diesbez\u00fcglich jede Verantwortung ab.<\/p>\n\n\n\n<p>Der Herausgeber verpflichtet sich, die personenbezogenen Daten von Personen, die 3 Jahre lang inaktiv waren, aus der Datenbank der Website zu l\u00f6schen. <a href=\"https:\/\/www.bassin-arcachon.com\/\">www.bassin-arcachon.com<\/a> und sie in die Ausschlussbasis aufzunehmen, die es erm\u00f6glicht, diese Verarbeitung zu rechtfertigen.<\/p>\n\n\n\n<h4 class=\"wp-block-heading\">pers\u00f6nliche Daten<\/h4>\n\n\n\n<p>Die Website, die Sie besuchen, verwendet Tracer (Cookies). Daher greift die Website wahrscheinlich auf Informationen zu, die bereits in Ihrem elektronischen Kommunikationsendger\u00e4t gespeichert sind, und gibt dort Informationen ein.<\/p>\n\n\n\n<h4 class=\"wp-block-heading\">Was ist ein Keks?<\/h4>\n\n\n\n<p>Ein Cookie ist eine kleine Textdatei, die verschiedene Informationen enth\u00e4lt. Es wird im Speicher Ihres Endger\u00e4ts (Computer, Tablet, Smartphone usw.) vom Server der besuchten Website oder von einem Drittanbieter-Server (Webanalysedienst usw.) gespeichert. Es erm\u00f6glicht w\u00e4hrend der G\u00fcltigkeitsdauer oder Registrierung des Cookies, Ihr Endger\u00e4t bei Ihren n\u00e4chsten Besuchen zu identifizieren. Abh\u00e4ngig von Ihrer Wahl k\u00f6nnen auch Drittunternehmen aufgefordert werden, Cookies auf Ihrem Computer zu platzieren (z. B. Google Analytics, Facebook usw.). Unabh\u00e4ngig von der Art des Cookies wird wahrscheinlich nur der Herausgeber eines Cookies die darin enthaltenen Informationen lesen oder \u00e4ndern.<\/p>\n\n\n\n<h4 class=\"wp-block-heading\">Die verschiedenen Arten von Cookies, die von www.bassin-arcachon.com verwendet werden<\/h4>\n\n\n\n<p>Die Seite verwendet nur sogenannte \u201estreng notwendige\u201c Tracer, die nicht Ihrer vorherigen Zustimmung bed\u00fcrfen.<\/p>\n\n\n\n<p><strong>- Essentielle Cookies<\/strong> : Sie sind f\u00fcr die ordnungsgem\u00e4\u00dfe Ausf\u00fchrung der Website unerl\u00e4sslich, da sie Ihnen dank der w\u00e4hrend Ihrer Browsersitzung gespeicherten Daten den Zugriff auf Bereiche wie \u201eMein Reisetagebuch\u201c erm\u00f6glichen. Sie erm\u00f6glichen es uns, Informationen zu den Formularen zu speichern, die Sie wahrscheinlich auf unserer Website ausf\u00fcllen, und die Darstellung unserer Website an die Anzeigeeinstellungen Ihres Endger\u00e4ts anzupassen. Ohne diese Cookies k\u00f6nnten Sie unsere Website unter normalen Bedingungen nicht nutzen.<\/p>\n\n\n\n<p><strong>- Analytische oder Performance-Cookies<\/strong> : Diese nackten Cookies erm\u00f6glichen es, die Nutzung und die Leistungen unserer Website zu kennen und ihren Betrieb zu verbessern. Insbesondere messen sie Ihre Browsing-Daten (Anzahl der Besuche, besuchte Abschnitte und Inhalte usw.). Diese Cookies sind unerl\u00e4sslich, da sie es uns erm\u00f6glichen, das Interesse und die Ergonomie unserer Dienste zu verbessern und sogar Browserprobleme zu erkennen.<\/p>\n\n\n\n<p><strong>-Soziale Netzwerk-Cookies<\/strong> Hinweis: Einige Seiten unserer Website verf\u00fcgen \u00fcber Plugins von Drittanbietern, die es Ihnen erm\u00f6glichen, Inhalte unserer Website mit anderen zu teilen. Dies ist bei Schaltfl\u00e4chen von sozialen Netzwerken wie Facebook, Twitter, Pinterest oder Google+ der Fall. Wir haben keine Kontrolle \u00fcber den Prozess, der von sozialen Netzwerken verwendet wird, um Informationen \u00fcber Ihr Surfen auf unserer Website zu sammeln. Wenn Sie Mitglied eines dieser Netzwerke sind, laden wir Sie ein, die Datenschutzrichtlinien dieser sozialen Netzwerke zu konsultieren, um sich \u00fcber die Verwendungszwecke, insbesondere Werbung, der Browsing-Informationen zu informieren, die sie m\u00f6glicherweise \u00fcber diese Anwendungsschaltfl\u00e4chen sammeln .<\/p>\n\n\n\n<h4 class=\"wp-block-heading\">Cookies akzeptieren oder ablehnen<\/h4>\n\n\n\n<p>Diese Tracer k\u00f6nnen technisch nicht von der Seite deaktiviert werden. Sie k\u00f6nnen der Verwendung dieser Tracer jedoch ausschlie\u00dflich durch die Konfiguration Ihres Browsers widersprechen. Diese Einstellung h\u00e4ngt von dem von Ihnen verwendeten Browser ab, ist aber im Allgemeinen einfach durchzuf\u00fchren: Sie k\u00f6nnen im Prinzip entweder eine private Browsing-Funktion aktivieren oder nur Tracer (Cookies) verbieten oder einschr\u00e4nken. Bitte beachten Sie, dass vor der Konfiguration Ihres Browsers m\u00f6glicherweise Tracker auf Ihrem Ger\u00e4t gespeichert wurden: L\u00f6schen Sie in diesem Fall Ihren Browserverlauf und verwenden Sie dabei immer Ihre Browsereinstellungen.<\/p>\n\n\n\n<p>Wichtiger Hinweis: Wir erinnern Sie daran, dass die Einstellung Ihres Browsers in Bezug auf Cookies wahrscheinlich Ihre Zugangsbedingungen zu unseren Diensten \u00e4ndern wird. Wenn Ihr Browser so konfiguriert ist, dass er alle Cookies ablehnt, k\u00f6nnen Sie nicht mehr alle unsere Dienste in vollem Umfang nutzen.<\/p>\n\n\n\n<p>In diesem Fall k\u00f6nnen wir nicht f\u00fcr eine Beeintr\u00e4chtigung des Betriebs der Website und ihrer Dienste verantwortlich gemacht werden, die darauf zur\u00fcckzuf\u00fchren ist, dass die f\u00fcr diesen Vorgang erforderlichen Cookies, die Sie abgelehnt oder gel\u00f6scht h\u00e4tten, nicht aufgezeichnet oder abgerufen werden k\u00f6nnen.<\/p>\n\n\n\n<h4 class=\"wp-block-heading\">Einstellungen Ihres Browsers<\/h4>\n\n\n\n<p>Die Konfiguration der Cookie-Verwaltung h\u00e4ngt von jedem Browser ab. Hier sind Online-Hilfe-Tools, um sie zu konfigurieren:<\/p>\n\n\n\n<p>- Internet Explorer: <a href=\"https:\/\/support.microsoft.com\/fr-fr\/help\/17442\/windows-internet-explorer-delete-manage-cookies#ie=ie-11\" target=\"_blank\" rel=\"noopener\">https:\/\/support.microsoft.com\/fr-fr\/help\/17442\/windows-internet-explorer-delete-manage-cookies#ie=ie-11<\/a><\/p>\n\n\n\n<p>-Safari: <a href=\"https:\/\/support.apple.com\/fr-fr\/HT201265\" target=\"_blank\" rel=\"noopener\">https:\/\/support.apple.com\/fr-fr\/HT201265<\/a><\/p>\n\n\n\n<p>-Chrom: <a href=\"https:\/\/support.google.com\/chrome\/answer\/95647?hl=fr&amp;hlrm=en\" target=\"_blank\" rel=\"noopener\">https:\/\/support.google.com\/chrome\/answer\/95647?hl=fr&amp;hlrm=en<\/a><\/p>\n\n\n\n<p>-Feuerfuchs: <a href=\"https:\/\/support.mozilla.org\/fr\/kb\/activer-desactiver-cookies?redirectlocale=fr&amp;redirectslug=Activer+et+d%C3%A9sactiver+les+cookies\" target=\"_blank\" rel=\"noopener\">https:\/\/support.mozilla.org\/fr\/kb\/activer-desactiver-cookies?redirectlocale=fr&amp;redirectslug=Activer+et+d%C3%A9sactiver+les+cookies<\/a><\/p>\n\n\n\n<p>-Oper: <a href=\"http:\/\/help.opera.com\/Windows\/10.20\/fr\/cookies.html\" target=\"_blank\" rel=\"noopener\">http:\/\/help.opera.com\/Windows\/10.20\/fr\/cookies.html<\/a><\/p>\n\n\n\n<h4 class=\"wp-block-heading\">Weitere Informationen zu Cookies<\/h4>\n\n\n\n<p>Die Verwendung von Trackern wird durch Artikel 32 II des Gesetzes Nr. 78-17 vom 6. Januar 1978 zur Umsetzung von Artikel 5.3 der Richtlinie 2002\/58\/EG des Europ\u00e4ischen Parlaments und des Rates vom 12. Juli 2002 in der Fassung der Richtlinie geregelt 2009\/136\/EG.<\/p>\n\n\n\n<p>Weitere Informationen zur Verwendung von Cookies finden Sie auf der Website der CNIL: <a href=\"https:\/\/www.cnil.fr\/fr\/cookies-les-outils-pour-les-maitriser\" target=\"_blank\" rel=\"noopener\">https:\/\/www.cnil.fr\/fr\/cookies-les-outils-pour-les-maitriser<\/a><\/p>\n\n\n\n<h2 class=\"wp-block-heading\">Arcachon Bassin Mobile Anwendung<\/h2>\n\n\n\n<ul class=\"wp-block-list\">\n<li>Keine Erhebung personenbezogener Daten<\/li>\n\n\n\n<li>Keine Kekse<\/li>\n\n\n\n<li>Verwendung von Standortdaten in bestimmten Funktionalit\u00e4ten (z. B. Sortierung nach Entfernung)<\/li>\n\n\n\n<li>Erhebung von Nutzungsstatistiken (im anonymen Modus \u00fcber Google Analytics)<\/li>\n<\/ul>\n\n\n<p>[gdpr_privacy_tools]<\/p>\n<\/div><\/div>","protected":false},"excerpt":{"rendered":"<p>Datenerhebung Die personenbezogenen Daten, die auf der Website und in der Anwendung erfasst werden k\u00f6nnen, werden vom Herausgeber haupts\u00e4chlich f\u00fcr die Verwaltung der Beziehungen mit dem Benutzer der Website\/Anwendung verwendet und [\u2026]<\/p>","protected":false},"author":300,"featured_media":51818,"parent":0,"menu_order":30,"comment_status":"closed","ping_status":"closed","template":"","meta":{"_acf_changed":false,"_uag_custom_page_level_css":"","footnotes":""},"class_list":["post-51968","page","type-page","status-publish","has-post-thumbnail","hentry"],"acf":[],"uagb_featured_image_src":{"full":["https:\/\/dev.bassin-arcachon.com\/wp-content\/uploads\/2022\/10\/bassin-arcachon.com-44884254390328670.jpeg",1000,750,false],"thumbnail":["https:\/\/dev.bassin-arcachon.com\/wp-content\/uploads\/2022\/10\/bassin-arcachon.com-44884254390328670-150x150.jpeg",150,150,true],"medium":["https:\/\/dev.bassin-arcachon.com\/wp-content\/uploads\/2022\/10\/bassin-arcachon.com-44884254390328670-300x225.jpeg",300,225,true],"medium_large":["https:\/\/dev.bassin-arcachon.com\/wp-content\/uploads\/2022\/10\/bassin-arcachon.com-44884254390328670-768x576.jpeg",768,576,true],"large":["https:\/\/dev.bassin-arcachon.com\/wp-content\/uploads\/2022\/10\/bassin-arcachon.com-44884254390328670.jpeg",1000,750,false],"1536x1536":["https:\/\/dev.bassin-arcachon.com\/wp-content\/uploads\/2022\/10\/bassin-arcachon.com-44884254390328670.jpeg",1000,750,false],"2048x2048":["https:\/\/dev.bassin-arcachon.com\/wp-content\/uploads\/2022\/10\/bassin-arcachon.com-44884254390328670.jpeg",1000,750,false],"trp-custom-language-flag":["https:\/\/dev.bassin-arcachon.com\/wp-content\/uploads\/2022\/10\/bassin-arcachon.com-44884254390328670-16x12.jpeg",16,12,true],"fp-small":["https:\/\/dev.bassin-arcachon.com\/wp-content\/uploads\/2022\/10\/bassin-arcachon.com-44884254390328670.jpeg",640,480,false],"fp-large":["https:\/\/dev.bassin-arcachon.com\/wp-content\/uploads\/2022\/10\/bassin-arcachon.com-44884254390328670.jpeg",1000,750,false],"fp-xlarge":["https:\/\/dev.bassin-arcachon.com\/wp-content\/uploads\/2022\/10\/bassin-arcachon.com-44884254390328670.jpeg",1000,750,false]},"uagb_author_info":{"display_name":"dfuzionadmin","author_link":"https:\/\/dev.bassin-arcachon.com\/de\/author\/dfuzionadmin\/"},"uagb_comment_info":0,"uagb_excerpt":"Collecte des donn\u00e9es Les informations personnelles pouvant \u00eatre recueillies sur le site et l\u2019application sont principalement utilis\u00e9es par l\u2019\u00e9diteur pour la gestion des relations avec l\u2019utilisateur du site\/application, et le [&hellip;]","_links":{"self":[{"href":"https:\/\/dev.bassin-arcachon.com\/de\/wp-json\/wp\/v2\/pages\/51968","targetHints":{"allow":["GET"]}}],"collection":[{"href":"https:\/\/dev.bassin-arcachon.com\/de\/wp-json\/wp\/v2\/pages"}],"about":[{"href":"https:\/\/dev.bassin-arcachon.com\/de\/wp-json\/wp\/v2\/types\/page"}],"author":[{"embeddable":true,"href":"https:\/\/dev.bassin-arcachon.com\/de\/wp-json\/wp\/v2\/users\/300"}],"replies":[{"embeddable":true,"href":"https:\/\/dev.bassin-arcachon.com\/de\/wp-json\/wp\/v2\/comments?post=51968"}],"version-history":[{"count":0,"href":"https:\/\/dev.bassin-arcachon.com\/de\/wp-json\/wp\/v2\/pages\/51968\/revisions"}],"wp:featuredmedia":[{"embeddable":true,"href":"https:\/\/dev.bassin-arcachon.com\/de\/wp-json\/wp\/v2\/media\/51818"}],"wp:attachment":[{"href":"https:\/\/dev.bassin-arcachon.com\/de\/wp-json\/wp\/v2\/media?parent=51968"}],"curies":[{"name":"wp","href":"https:\/\/api.w.org\/{rel}","templated":true}]}}