{"id":56210,"date":"2023-06-22T15:24:11","date_gmt":"2023-06-22T13:24:11","guid":{"rendered":"https:\/\/dev.bassin-arcachon.com\/?page_id=56210"},"modified":"2025-05-26T14:42:27","modified_gmt":"2025-05-26T12:42:27","slug":"behindertentourismus","status":"publish","type":"page","link":"https:\/\/dev.bassin-arcachon.com\/de\/behindertentourismus\/","title":{"rendered":"Behindertentourismus"},"content":{"rendered":"<div class=\"wp-block-uagb-container uagb-block-4faad14b alignfull uagb-is-root-container\"><div class=\"uagb-container-inner-blocks-wrap\">\n<p>Kommen Sie und entdecken Sie das Bassin von Arcachon in Ruhe. Wir haben f\u00fcr Sie Spazierg\u00e4nge, Unterk\u00fcnfte, Freizeitaktivit\u00e4ten, Restaurants ausgew\u00e4hlt ... <strong>vollst\u00e4ndig angepasst<\/strong>. Dort<strong> Marke Tourismus und Handicap sowie die Labels Valides Handicap\u00e9s, Handiplage, Handisurf und Handivalide <\/strong>sind Garanten f\u00fcr Qualit\u00e4t und Sicherheit.<\/p>\n<\/div><\/div>\n\n\n\n<div class=\"wp-block-uagb-container uagb-block-b4d95a60 alignfull uagb-is-root-container\"><div class=\"uagb-container-inner-blocks-wrap\">\n<p>Konsultieren Sie unser Dokument, indem Sie direkt darauf klicken<strong> auf dem Bild unten oder \u00fcber den Link: <a href=\"https:\/\/www.calameo.com\/read\/000024421494aad58e094\" target=\"_blank\" rel=\"noopener\">https:\/\/www.calameo.com\/read\/000024421494aad58e094<\/a><\/strong><\/p>\n<\/div><\/div>\n\n\n\n<p><\/p>\n\n\n\n<div class=\"wp-block-uagb-container uagb-block-05cc4e08 alignfull uagb-is-root-container\"><div class=\"uagb-container-inner-blocks-wrap\"><div class=\"wp-block-image\">\n<figure class=\"aligncenter size-full\"><a href=\"https:\/\/dev.bassin-arcachon.com\/wp-content\/uploads\/2020\/07\/Guide-Handitourisme-Bassin-dArcachon-2025.pdf\"><img loading=\"lazy\" decoding=\"async\" width=\"697\" height=\"915\" src=\"https:\/\/dev.bassin-arcachon.com\/wp-content\/uploads\/2021\/06\/handitourisme.jpg\" alt=\"- - Bassin d&#039;Arcachon\" class=\"wp-image-119031\" title=\"- - Bassin d&#039;Arcachon\" srcset=\"https:\/\/dev.bassin-arcachon.com\/wp-content\/uploads\/2021\/06\/handitourisme.jpg 697w, https:\/\/dev.bassin-arcachon.com\/wp-content\/uploads\/2021\/06\/handitourisme-229x300.jpg 229w, https:\/\/dev.bassin-arcachon.com\/wp-content\/uploads\/2021\/06\/handitourisme-9x12.jpg 9w, https:\/\/dev.bassin-arcachon.com\/wp-content\/uploads\/2021\/06\/handitourisme-640x840.jpg 640w\" sizes=\"auto, (max-width: 697px) 100vw, 697px\" \/><\/a><\/figure><\/div><\/div><\/div>\n\n\n\n<p><\/p>\n\n\n\n<div class=\"wp-block-uagb-container uagb-block-e9bdf291 alignfull uagb-is-root-container\"><div class=\"uagb-container-inner-blocks-wrap\">\n<p class=\"has-text-align-center\"><strong>MEHR INFORMATIONEN :<\/strong><\/p>\n<\/div><\/div>\n\n\n\n<div class=\"wp-block-uagb-container uagb-block-898386a5 alignfull uagb-is-root-container\"><div class=\"uagb-container-inner-blocks-wrap\">\n<p class=\"has-text-align-center\"><a href=\"https:\/\/tourisme-handicaps.org\/espace-grand-public\/\" target=\"_blank\" rel=\"noopener\">https:\/\/tourisme-handicaps.org\/espace-grand-public\/<\/a> <br><a href=\"https:\/\/handiplusaquitaine.fr\/\" target=\"_blank\" rel=\"noopener\">https:\/\/handiplusaquitaine.fr\/<\/a><\/p>\n<\/div><\/div>","protected":false},"excerpt":{"rendered":"<p>Kommen Sie und entdecken Sie das Bassin von Arcachon in v\u00f6lliger Ruhe. Wir haben f\u00fcr Sie Spazierg\u00e4nge, Unterk\u00fcnfte, Freizeitaktivit\u00e4ten, Restaurants ausgew\u00e4hlt ... vollst\u00e4ndig angepasst. Die Marke Tourisme et Handicap und die [\u2026]<\/p>","protected":false},"author":25,"featured_media":56223,"parent":0,"menu_order":0,"comment_status":"closed","ping_status":"closed","template":"","meta":{"_acf_changed":false,"_uag_custom_page_level_css":"","footnotes":""},"class_list":["post-56210","page","type-page","status-publish","has-post-thumbnail","hentry"],"acf":[],"uagb_featured_image_src":{"full":["https:\/\/dev.bassin-arcachon.com\/wp-content\/uploads\/2023\/06\/52131260084_bd44d26df2_o-scaled.jpg",2560,1520,false],"thumbnail":["https:\/\/dev.bassin-arcachon.com\/wp-content\/uploads\/2023\/06\/52131260084_bd44d26df2_o-scaled-150x150.jpg",150,150,true],"medium":["https:\/\/dev.bassin-arcachon.com\/wp-content\/uploads\/2023\/06\/52131260084_bd44d26df2_o-scaled-300x178.jpg",300,178,true],"medium_large":["https:\/\/dev.bassin-arcachon.com\/wp-content\/uploads\/2023\/06\/52131260084_bd44d26df2_o-scaled-768x456.jpg",768,456,true],"large":["https:\/\/dev.bassin-arcachon.com\/wp-content\/uploads\/2023\/06\/52131260084_bd44d26df2_o-scaled-1024x608.jpg",1024,608,true],"1536x1536":["https:\/\/dev.bassin-arcachon.com\/wp-content\/uploads\/2023\/06\/52131260084_bd44d26df2_o-scaled-1536x912.jpg",1536,912,true],"2048x2048":["https:\/\/dev.bassin-arcachon.com\/wp-content\/uploads\/2023\/06\/52131260084_bd44d26df2_o-scaled-2048x1216.jpg",2048,1216,true],"trp-custom-language-flag":["https:\/\/dev.bassin-arcachon.com\/wp-content\/uploads\/2023\/06\/52131260084_bd44d26df2_o-scaled-18x12.jpg",18,12,true],"fp-small":["https:\/\/dev.bassin-arcachon.com\/wp-content\/uploads\/2023\/06\/52131260084_bd44d26df2_o-scaled-640x380.jpg",640,380,true],"fp-large":["https:\/\/dev.bassin-arcachon.com\/wp-content\/uploads\/2023\/06\/52131260084_bd44d26df2_o-scaled-1200x713.jpg",1200,713,true],"fp-xlarge":["https:\/\/dev.bassin-arcachon.com\/wp-content\/uploads\/2023\/06\/52131260084_bd44d26df2_o-scaled-1920x1140.jpg",1920,1140,true]},"uagb_author_info":{"display_name":"Marie Clauzel","author_link":"https:\/\/dev.bassin-arcachon.com\/de\/author\/mariesiba\/"},"uagb_comment_info":0,"uagb_excerpt":"Venez d\u00e9couvrir le Bassin d\u2019Arcachon en toute tranquillit\u00e9. Nous avons s\u00e9lectionn\u00e9 pour vous, des balades, des h\u00e9bergements, des loisirs, des restaurants&#8230; enti\u00e8rement adapt\u00e9s. La marque Tourisme et Handicap et les [&hellip;]","_links":{"self":[{"href":"https:\/\/dev.bassin-arcachon.com\/de\/wp-json\/wp\/v2\/pages\/56210","targetHints":{"allow":["GET"]}}],"collection":[{"href":"https:\/\/dev.bassin-arcachon.com\/de\/wp-json\/wp\/v2\/pages"}],"about":[{"href":"https:\/\/dev.bassin-arcachon.com\/de\/wp-json\/wp\/v2\/types\/page"}],"author":[{"embeddable":true,"href":"https:\/\/dev.bassin-arcachon.com\/de\/wp-json\/wp\/v2\/users\/25"}],"replies":[{"embeddable":true,"href":"https:\/\/dev.bassin-arcachon.com\/de\/wp-json\/wp\/v2\/comments?post=56210"}],"version-history":[{"count":6,"href":"https:\/\/dev.bassin-arcachon.com\/de\/wp-json\/wp\/v2\/pages\/56210\/revisions"}],"predecessor-version":[{"id":163540,"href":"https:\/\/dev.bassin-arcachon.com\/de\/wp-json\/wp\/v2\/pages\/56210\/revisions\/163540"}],"wp:featuredmedia":[{"embeddable":true,"href":"https:\/\/dev.bassin-arcachon.com\/de\/wp-json\/wp\/v2\/media\/56223"}],"wp:attachment":[{"href":"https:\/\/dev.bassin-arcachon.com\/de\/wp-json\/wp\/v2\/media?parent=56210"}],"curies":[{"name":"wp","href":"https:\/\/api.w.org\/{rel}","templated":true}]}}