{"id":58310,"date":"2024-05-07T13:31:15","date_gmt":"2024-05-07T11:31:15","guid":{"rendered":"https:\/\/dev.bassin-arcachon.com\/?page_id=58310"},"modified":"2024-05-27T16:03:16","modified_gmt":"2024-05-27T14:03:16","slug":"wettervorhersage-fur-das-arcachon-becken-fur-die-woche","status":"publish","type":"page","link":"https:\/\/dev.bassin-arcachon.com\/de\/wettervorhersage-fur-das-arcachon-becken-fur-die-woche\/","title":{"rendered":"Wettervorhersage f\u00fcr Arcachon Bassin"},"content":{"rendered":"<h2 class=\"wp-block-heading has-text-align-center\" style=\"font-size:33px\">Finden Sie Ihr lokales Wetter <br>6 Tage auf der Bassin ab Arcachon<\/h2>\n\n\n\n<div style=\"height:28px\" aria-hidden=\"true\" class=\"wp-block-spacer\"><\/div>\n\n\n<div class=\"wp-block-image is-style-default\">\n<figure class=\"aligncenter size-large is-resized\"><img loading=\"lazy\" decoding=\"async\" width=\"1024\" height=\"683\" src=\"https:\/\/dev.bassin-arcachon.com\/wp-content\/uploads\/2022\/11\/20160429_HD_Jetee-du-Moulleau_CASSIAU-9-scaled-1024x683.jpg\" alt=\"- - Bassin d&#039;Arcachon\" class=\"wp-image-52236\" style=\"width:736px;height:auto\" title=\"- - Bassin d&#039;Arcachon\" srcset=\"https:\/\/dev.bassin-arcachon.com\/wp-content\/uploads\/2022\/11\/20160429_HD_Jetee-du-Moulleau_CASSIAU-9-scaled-1024x683.jpg 1024w, https:\/\/dev.bassin-arcachon.com\/wp-content\/uploads\/2022\/11\/20160429_HD_Jetee-du-Moulleau_CASSIAU-9-scaled-300x200.jpg 300w, https:\/\/dev.bassin-arcachon.com\/wp-content\/uploads\/2022\/11\/20160429_HD_Jetee-du-Moulleau_CASSIAU-9-scaled-768x512.jpg 768w, https:\/\/dev.bassin-arcachon.com\/wp-content\/uploads\/2022\/11\/20160429_HD_Jetee-du-Moulleau_CASSIAU-9-scaled-1536x1024.jpg 1536w, https:\/\/dev.bassin-arcachon.com\/wp-content\/uploads\/2022\/11\/20160429_HD_Jetee-du-Moulleau_CASSIAU-9-scaled-2048x1366.jpg 2048w, https:\/\/dev.bassin-arcachon.com\/wp-content\/uploads\/2022\/11\/20160429_HD_Jetee-du-Moulleau_CASSIAU-9-scaled-18x12.jpg 18w, https:\/\/dev.bassin-arcachon.com\/wp-content\/uploads\/2022\/11\/20160429_HD_Jetee-du-Moulleau_CASSIAU-9-scaled-1920x1280.jpg 1920w\" sizes=\"auto, (max-width: 1024px) 100vw, 1024px\" \/><\/figure><\/div>\n\n\n<div style=\"height:25px\" aria-hidden=\"true\" class=\"wp-block-spacer\"><\/div>\n\n\n\n<h2 class=\"wp-block-heading has-text-align-center has-large-font-size\">Planen Sie Ihre Aktivit\u00e4ten entsprechend dem Wetter:<\/h2>\n\n\n\n<p class=\"has-text-align-center\">Das Wetter ist sch\u00f6n: Es ist eine Gelegenheit zum Entdecken <a href=\"https:\/\/dev.bassin-arcachon.com\/de\/unser-wesentliches\/die-strande\/\">Unsere sch\u00f6nsten Str\u00e4nde<\/a> ! <br>Es regnet: Das Bassin in Arcachon ist voll <a href=\"https:\/\/dev.bassin-arcachon.com\/de\/was-tun-wenn-es-regnet\/\">der Aktivit\u00e4ten<\/a> auch bei schlechtem Wetter!<\/p>\n\n\n<iframe title=\"Ventus-Wetterkarte Shortcode 44,65 -1,1667\" loading=\"lazy\" style=\"width: 100%; height: 600px; border-radius: 20px; box-sizing: border-box;\" src=\"https:\/\/embed.windy.com\/embed2.html?lat=44.65&lon=-1.1667&zoom=9&overlay=currents&marker=wrong&pressure=true&detailLat=44.65&detailLon=-1.1667&metricWind=knots&metricTemp=\u00b0C&detail=true&calendar=now&product=ecmwf&level=surface&menu=&message=true&type=map&location=coordinates&radarRange=-1\" frameborder=\"0\"><\/iframe>\n\n\n\n<div style=\"height:38px\" aria-hidden=\"true\" class=\"wp-block-spacer\"><\/div>\n\n\n\n<p class=\"has-text-align-center has-medium-font-size\"><strong>An der Atlantikk\u00fcste Frankreichs gelegen, <\/strong><br><strong>Das Bassin von Arcachon profitiert von einem milden und gem\u00e4\u00dfigten ozeanischen Klima und bietet das ganze Jahr \u00fcber abwechslungsreiche Wetterbedingungen.<\/strong><\/p>\n\n\n\n<div style=\"height:25px\" aria-hidden=\"true\" class=\"wp-block-spacer\"><\/div>\n\n\n\n<div style=\"height:29px\" aria-hidden=\"true\" class=\"wp-block-spacer\"><\/div>\n\n\n\n<div class=\"wp-block-uagb-container uagb-block-d27eeb93 alignfull uagb-is-root-container\"><div class=\"uagb-container-inner-blocks-wrap\">\n<div class=\"wp-block-uagb-container uagb-block-66f0952b\">\n<figure class=\"wp-block-image size-large\"><img loading=\"lazy\" decoding=\"async\" width=\"1024\" height=\"700\" src=\"https:\/\/dev.bassin-arcachon.com\/wp-content\/uploads\/2024\/04\/20160531_HD_Printemps_Port-Biganos_CASSIAU-12-1024x700.jpg\" alt=\"Wetter im Fr\u00fchling in Biganos-H\u00fctten\" class=\"wp-image-58226\" title=\"- - Bassin d&#039;Arcachon\" srcset=\"https:\/\/dev.bassin-arcachon.com\/wp-content\/uploads\/2024\/04\/20160531_HD_Printemps_Port-Biganos_CASSIAU-12-1024x700.jpg 1024w, https:\/\/dev.bassin-arcachon.com\/wp-content\/uploads\/2024\/04\/20160531_HD_Printemps_Port-Biganos_CASSIAU-12-300x205.jpg 300w, https:\/\/dev.bassin-arcachon.com\/wp-content\/uploads\/2024\/04\/20160531_HD_Printemps_Port-Biganos_CASSIAU-12-768x525.jpg 768w, https:\/\/dev.bassin-arcachon.com\/wp-content\/uploads\/2024\/04\/20160531_HD_Printemps_Port-Biganos_CASSIAU-12-1536x1050.jpg 1536w, https:\/\/dev.bassin-arcachon.com\/wp-content\/uploads\/2024\/04\/20160531_HD_Printemps_Port-Biganos_CASSIAU-12-2048x1400.jpg 2048w, https:\/\/dev.bassin-arcachon.com\/wp-content\/uploads\/2024\/04\/20160531_HD_Printemps_Port-Biganos_CASSIAU-12-18x12.jpg 18w, https:\/\/dev.bassin-arcachon.com\/wp-content\/uploads\/2024\/04\/20160531_HD_Printemps_Port-Biganos_CASSIAU-12-640x438.jpg 640w, https:\/\/dev.bassin-arcachon.com\/wp-content\/uploads\/2024\/04\/20160531_HD_Printemps_Port-Biganos_CASSIAU-12-1200x820.jpg 1200w, https:\/\/dev.bassin-arcachon.com\/wp-content\/uploads\/2024\/04\/20160531_HD_Printemps_Port-Biganos_CASSIAU-12-1920x1313.jpg 1920w\" sizes=\"auto, (max-width: 1024px) 100vw, 1024px\" \/><\/figure>\n<\/div>\n\n\n\n<div class=\"wp-block-uagb-container uagb-block-2e66e4fa\">\n<h2 class=\"wp-block-heading\">Wetter im Fr\u00fchling:<\/h2>\n\n\n\n<p>Der Fr\u00fchling, eine milde und sonnige Jahreszeit, l\u00e4dt Sie ein, das Bassin von Arcachon zu entdecken. Milde Temperaturen, Radtouren, <a href=\"https:\/\/dev.bassin-arcachon.com\/de\/unsere-stadte-und-dorfer\/\">Entdeckung der D\u00f6rfer<\/a>, Wanderungen, <a href=\"https:\/\/www.reserve-ornithologique-du-teich.com\/\" data-type=\"link\" data-id=\"https:\/\/www.reserve-ornithologique-du-teich.com\/\" target=\"_blank\" rel=\"noopener\">V\u00f6gel beobachten<\/a>, Verkostung von Austern und lokalen Spezialit\u00e4ten, lebhafte M\u00e4rkte, Kunsthandwerk, Wassersport, Shows \u2026 Fr\u00fchling im Bassin in Arcachon: ein unvergesslicher Aufenthalt!<\/p>\n\n\n\n<p><\/p>\n<\/div>\n<\/div><\/div>\n\n\n\n<div style=\"height:37px\" aria-hidden=\"true\" class=\"wp-block-spacer\"><\/div>\n\n\n\n<div class=\"wp-block-uagb-container uagb-block-10d90490 alignfull uagb-is-root-container\"><div class=\"uagb-container-inner-blocks-wrap\">\n<div class=\"wp-block-uagb-container uagb-block-2d3d2013\">\n<figure class=\"wp-block-image size-large\"><img loading=\"lazy\" decoding=\"async\" width=\"1024\" height=\"683\" src=\"https:\/\/dev.bassin-arcachon.com\/wp-content\/uploads\/2017\/03\/1-plage-bassin-darcachon-j5-1024x683.jpg\" alt=\"Wetter Sommer Strand Sonne Becken von Arcachon\" class=\"wp-image-533\" title=\"- - Bassin d&#039;Arcachon\" srcset=\"https:\/\/dev.bassin-arcachon.com\/wp-content\/uploads\/2017\/03\/1-plage-bassin-darcachon-j5-1024x683.jpg 1024w, https:\/\/dev.bassin-arcachon.com\/wp-content\/uploads\/2017\/03\/1-plage-bassin-darcachon-j5-300x200.jpg 300w, https:\/\/dev.bassin-arcachon.com\/wp-content\/uploads\/2017\/03\/1-plage-bassin-darcachon-j5-768x512.jpg 768w, https:\/\/dev.bassin-arcachon.com\/wp-content\/uploads\/2017\/03\/1-plage-bassin-darcachon-j5-18x12.jpg 18w, https:\/\/dev.bassin-arcachon.com\/wp-content\/uploads\/2017\/03\/1-plage-bassin-darcachon-j5-640x427.jpg 640w, https:\/\/dev.bassin-arcachon.com\/wp-content\/uploads\/2017\/03\/1-plage-bassin-darcachon-j5.jpg 1200w\" sizes=\"auto, (max-width: 1024px) 100vw, 1024px\" \/><\/figure>\n<\/div>\n\n\n\n<div class=\"wp-block-uagb-container uagb-block-0f4a85e9\">\n<h2 class=\"wp-block-heading\">Das Klima im Sommer:<\/h2>\n\n\n\n<p>W\u00e4hrend der Sommermonate herrscht auf dem Bassin von Arcachon eine sanfte Meeresbrise und angenehme Temperaturen mit Durchschnittstemperaturen zwischen 20 \u00b0C und 30 \u00b0C. Sonnige Tage laden zum Entspannen ein <a href=\"https:\/\/dev.bassin-arcachon.com\/de\/unser-wesentliches\/die-strande\/\">Die Str\u00e4nde<\/a> aus feinem Sand und die Entdeckung der malerischen D\u00f6rfer, die an die Bassin grenzen.<\/p>\n<\/div>\n<\/div><\/div>\n\n\n\n<div style=\"height:37px\" aria-hidden=\"true\" class=\"wp-block-spacer\"><\/div>\n\n\n\n<div class=\"wp-block-uagb-container uagb-block-ad965336 alignfull uagb-is-root-container\"><div class=\"uagb-container-inner-blocks-wrap\">\n<div class=\"wp-block-uagb-container uagb-block-8a39d8e4\">\n<figure class=\"wp-block-image size-large\"><img loading=\"lazy\" decoding=\"async\" width=\"1024\" height=\"683\" src=\"https:\/\/dev.bassin-arcachon.com\/wp-content\/uploads\/2023\/04\/20191010_BD_Sentier-Littoral-VeloPlage_CASSIAU-38-1024x683.jpg\" alt=\"Spaziergang im Herbstwetter im Arcachon-Becken\" class=\"wp-image-55429\" title=\"- - Bassin d&#039;Arcachon\" srcset=\"https:\/\/dev.bassin-arcachon.com\/wp-content\/uploads\/2023\/04\/20191010_BD_Sentier-Littoral-VeloPlage_CASSIAU-38-1024x683.jpg 1024w, https:\/\/dev.bassin-arcachon.com\/wp-content\/uploads\/2023\/04\/20191010_BD_Sentier-Littoral-VeloPlage_CASSIAU-38-300x200.jpg 300w, https:\/\/dev.bassin-arcachon.com\/wp-content\/uploads\/2023\/04\/20191010_BD_Sentier-Littoral-VeloPlage_CASSIAU-38-768x512.jpg 768w, https:\/\/dev.bassin-arcachon.com\/wp-content\/uploads\/2023\/04\/20191010_BD_Sentier-Littoral-VeloPlage_CASSIAU-38-18x12.jpg 18w, https:\/\/dev.bassin-arcachon.com\/wp-content\/uploads\/2023\/04\/20191010_BD_Sentier-Littoral-VeloPlage_CASSIAU-38-640x427.jpg 640w, https:\/\/dev.bassin-arcachon.com\/wp-content\/uploads\/2023\/04\/20191010_BD_Sentier-Littoral-VeloPlage_CASSIAU-38-1200x800.jpg 1200w, https:\/\/dev.bassin-arcachon.com\/wp-content\/uploads\/2023\/04\/20191010_BD_Sentier-Littoral-VeloPlage_CASSIAU-38.jpg 1500w\" sizes=\"auto, (max-width: 1024px) 100vw, 1024px\" \/><\/figure>\n<\/div>\n\n\n\n<div class=\"wp-block-uagb-container uagb-block-c26c47a5\">\n<h2 class=\"wp-block-heading\">Die S\u00fc\u00dfe des Herbstes: <\/h2>\n\n\n\n<p>Der Herbst bringt eine Palette pr\u00e4chtiger Farben in die Landschaft des Bassin von Arcachon. Die Temperaturen beginnen leicht zu sinken und sorgen f\u00fcr erfrischende Tage, ideal f\u00fcr <a href=\"https:\/\/dev.bassin-arcachon.com\/de\/5-ideen-fur-spaziergange-im-becken-von-arcachon-empfohlen-von-unserem-naturfuhrer\/\">Spazierg\u00e4nge<\/a> entlang von K\u00fcstenpfaden und entspannende Momente in belebten Caf\u00e9s am Meer.<\/p>\n<\/div>\n<\/div><\/div>\n\n\n\n<div style=\"height:37px\" aria-hidden=\"true\" class=\"wp-block-spacer\"><\/div>\n\n\n\n<div class=\"wp-block-uagb-container uagb-block-ae90c130 alignfull uagb-is-root-container\"><div class=\"uagb-container-inner-blocks-wrap\">\n<div class=\"wp-block-uagb-container uagb-block-653d626f\">\n<figure class=\"wp-block-image size-large\"><img loading=\"lazy\" decoding=\"async\" width=\"1024\" height=\"683\" src=\"https:\/\/dev.bassin-arcachon.com\/wp-content\/uploads\/2021\/01\/hiver-famille-SIBA-agence-les-conteurs-33-1024x683.jpg\" alt=\"Wetter im Winter D\u00fcne des Pilatbeckens Arcachon\" class=\"wp-image-48545\" title=\"- - Bassin d&#039;Arcachon\" srcset=\"https:\/\/dev.bassin-arcachon.com\/wp-content\/uploads\/2021\/01\/hiver-famille-SIBA-agence-les-conteurs-33-1024x683.jpg 1024w, https:\/\/dev.bassin-arcachon.com\/wp-content\/uploads\/2021\/01\/hiver-famille-SIBA-agence-les-conteurs-33-300x200.jpg 300w, https:\/\/dev.bassin-arcachon.com\/wp-content\/uploads\/2021\/01\/hiver-famille-SIBA-agence-les-conteurs-33-768x512.jpg 768w, https:\/\/dev.bassin-arcachon.com\/wp-content\/uploads\/2021\/01\/hiver-famille-SIBA-agence-les-conteurs-33-18x12.jpg 18w, https:\/\/dev.bassin-arcachon.com\/wp-content\/uploads\/2021\/01\/hiver-famille-SIBA-agence-les-conteurs-33-640x427.jpg 640w, https:\/\/dev.bassin-arcachon.com\/wp-content\/uploads\/2021\/01\/hiver-famille-SIBA-agence-les-conteurs-33-1200x800.jpg 1200w, https:\/\/dev.bassin-arcachon.com\/wp-content\/uploads\/2021\/01\/hiver-famille-SIBA-agence-les-conteurs-33.jpg 1500w\" sizes=\"auto, (max-width: 1024px) 100vw, 1024px\" \/><\/figure>\n<\/div>\n\n\n\n<div class=\"wp-block-uagb-container uagb-block-98dd496d\">\n<h2 class=\"wp-block-heading\">Wetter im Winter:<\/h2>\n\n\n\n<p>Im Winter herrscht im Bassin von Arcachon eine friedliche und ruhige Atmosph\u00e4re. Die milden Temperaturen liegen im Allgemeinen zwischen 5 \u00b0C und 10 \u00b0C und bieten die M\u00f6glichkeit, die wilde Sch\u00f6nheit der Region aus einer anderen Perspektive zu erleben. Strandspazierg\u00e4nge und Meeresfr\u00fcchte-Verkostungen in \u00f6rtlichen Restaurants sind an sonnigen Tagen ein Muss.<\/p>\n<\/div>\n<\/div><\/div>\n\n\n\n<div style=\"height:37px\" aria-hidden=\"true\" class=\"wp-block-spacer\"><\/div>\n\n\n\n<p class=\"has-text-align-center\">Z\u00f6gern Sie au\u00dferdem nicht, die zu konsultieren <a href=\"https:\/\/dev.bassin-arcachon.com\/de\/gezeitenzeiten\/\">Gezeitenzeiten<\/a> des Bassin von Arcachon<\/p>","protected":false},"excerpt":{"rendered":"<p>Finden Sie Ihre lokale Wettervorhersage f\u00fcr 6 Tage auf der Bassin in Arcachon. Planen Sie Ihre Aktivit\u00e4ten entsprechend dem Wetter: Das Wetter ist sch\u00f6n: Dies ist die Gelegenheit, unsere sch\u00f6nsten Str\u00e4nde zu entdecken [\u2026]<\/p>","protected":false},"author":305,"featured_media":54249,"parent":0,"menu_order":0,"comment_status":"closed","ping_status":"closed","template":"","meta":{"_acf_changed":false,"_uag_custom_page_level_css":"","footnotes":""},"class_list":["post-58310","page","type-page","status-publish","has-post-thumbnail","hentry"],"acf":[],"uagb_featured_image_src":{"full":["https:\/\/dev.bassin-arcachon.com\/wp-content\/uploads\/2023\/01\/C6A9329-scaled.jpg",2560,1707,false],"thumbnail":["https:\/\/dev.bassin-arcachon.com\/wp-content\/uploads\/2023\/01\/C6A9329-scaled-150x150.jpg",150,150,true],"medium":["https:\/\/dev.bassin-arcachon.com\/wp-content\/uploads\/2023\/01\/C6A9329-scaled-300x200.jpg",300,200,true],"medium_large":["https:\/\/dev.bassin-arcachon.com\/wp-content\/uploads\/2023\/01\/C6A9329-scaled-768x512.jpg",768,512,true],"large":["https:\/\/dev.bassin-arcachon.com\/wp-content\/uploads\/2023\/01\/C6A9329-scaled-1024x683.jpg",1024,683,true],"1536x1536":["https:\/\/dev.bassin-arcachon.com\/wp-content\/uploads\/2023\/01\/C6A9329-scaled-1536x1024.jpg",1536,1024,true],"2048x2048":["https:\/\/dev.bassin-arcachon.com\/wp-content\/uploads\/2023\/01\/C6A9329-scaled-2048x1366.jpg",2048,1366,true],"trp-custom-language-flag":["https:\/\/dev.bassin-arcachon.com\/wp-content\/uploads\/2023\/01\/C6A9329-scaled-18x12.jpg",18,12,true],"fp-small":["https:\/\/dev.bassin-arcachon.com\/wp-content\/uploads\/2023\/01\/C6A9329-scaled-640x427.jpg",640,427,true],"fp-large":["https:\/\/dev.bassin-arcachon.com\/wp-content\/uploads\/2023\/01\/C6A9329-scaled-1200x800.jpg",1200,800,true],"fp-xlarge":["https:\/\/dev.bassin-arcachon.com\/wp-content\/uploads\/2023\/01\/C6A9329-scaled-1920x1280.jpg",1920,1280,true]},"uagb_author_info":{"display_name":"Franck BAUPREY","author_link":"https:\/\/dev.bassin-arcachon.com\/de\/author\/weboostdigital33gmail-com\/"},"uagb_comment_info":0,"uagb_excerpt":"Retrouvez votre m\u00e9t\u00e9o locale \u00e0 6 jours sur le Bassin d&rsquo;Arcachon Programmez vos activit\u00e9s suivant la m\u00e9t\u00e9o : Il fait beau : C&rsquo;est l&rsquo;occasion de d\u00e9couvrir nos plus belles plages [&hellip;]","_links":{"self":[{"href":"https:\/\/dev.bassin-arcachon.com\/de\/wp-json\/wp\/v2\/pages\/58310","targetHints":{"allow":["GET"]}}],"collection":[{"href":"https:\/\/dev.bassin-arcachon.com\/de\/wp-json\/wp\/v2\/pages"}],"about":[{"href":"https:\/\/dev.bassin-arcachon.com\/de\/wp-json\/wp\/v2\/types\/page"}],"author":[{"embeddable":true,"href":"https:\/\/dev.bassin-arcachon.com\/de\/wp-json\/wp\/v2\/users\/305"}],"replies":[{"embeddable":true,"href":"https:\/\/dev.bassin-arcachon.com\/de\/wp-json\/wp\/v2\/comments?post=58310"}],"version-history":[{"count":0,"href":"https:\/\/dev.bassin-arcachon.com\/de\/wp-json\/wp\/v2\/pages\/58310\/revisions"}],"wp:featuredmedia":[{"embeddable":true,"href":"https:\/\/dev.bassin-arcachon.com\/de\/wp-json\/wp\/v2\/media\/54249"}],"wp:attachment":[{"href":"https:\/\/dev.bassin-arcachon.com\/de\/wp-json\/wp\/v2\/media?parent=58310"}],"curies":[{"name":"wp","href":"https:\/\/api.w.org\/{rel}","templated":true}]}}