{"id":69,"date":"2019-09-26T11:20:36","date_gmt":"2019-09-26T09:20:36","guid":{"rendered":"https:\/\/dev.bassin-arcachon.com\/\/?page_id=69"},"modified":"2024-12-16T13:59:34","modified_gmt":"2024-12-16T12:59:34","slug":"finden-sie-ihren-wlan-punkt","status":"publish","type":"page","link":"https:\/\/dev.bassin-arcachon.com\/de\/finden-sie-ihren-wlan-punkt\/","title":{"rendered":"Finden Sie Ihren WLAN-Hotspot"},"content":{"rendered":"<div class=\"wp-block-uagb-container uagb-block-48fa6ada alignfull uagb-is-root-container\"><div class=\"uagb-container-inner-blocks-wrap\">\n<h2 class=\"wp-block-heading\">Mehr als 80 WiFi-Punkte auf dem Bassin in Arcachon<\/h2>\n\n\n\n<h3 class=\"wp-block-heading\">Das Bassin in Arcachon bietet Ihnen kostenlosen, unbegrenzten und sicheren WLAN-Zugang, um an ausgestatteten \u00f6ffentlichen Orten frei im Internet zu surfen. <\/h3>\n\n\n\n<p><a href=\"https:\/\/dev.bassin-arcachon.com\/wp-content\/uploads\/2020\/07\/Wifi_janvier_2025-dg.pdf\">Arcachon Bassin WiFi-Brosch\u00fcre<\/a><\/p>\n<\/div><\/div>\n\n\n\n<div style=\"height:40px\" aria-hidden=\"true\" class=\"wp-block-spacer\"><\/div>\n\n\n\n<div class=\"wp-block-uagb-container uagb-block-090d7186 alignfull uagb-is-root-container\"><div class=\"uagb-container-inner-blocks-wrap\">\n<div class=\"wp-block-uagb-container gris uagb-block-54694b29\">\n<h2 class=\"wp-block-heading\">So melden Sie sich an<\/h2>\n\n\n\n<p><img loading=\"lazy\" decoding=\"async\" src=\"https:\/\/dev.bassin-arcachon.com\/\/wp-content\/uploads\/2021\/02\/wifi-01-2.png\" alt=\"- - Bassin d&#039;Arcachon\" width=\"54\" height=\"43\" title=\"- - Bassin d&#039;Arcachon\">&nbsp;&nbsp; 1\/ Aktivieren Sie die WiFi-Funktion auf Ihrem Computer, Tablet oder Smartphone.<\/p>\n\n\n\n<p><img loading=\"lazy\" decoding=\"async\" src=\"https:\/\/dev.bassin-arcachon.com\/\/wp-content\/uploads\/2021\/02\/wifi-02-2-244x300.png\" alt=\"- - Bassin d&#039;Arcachon\" width=\"45\" height=\"55\" srcset=\"https:\/\/dev.bassin-arcachon.com\/wp-content\/uploads\/2021\/02\/wifi-02-2-244x300.png 244w, https:\/\/dev.bassin-arcachon.com\/wp-content\/uploads\/2021\/02\/wifi-02-2.png 321w\" title=\"- - Bassin d&#039;Arcachon\">&nbsp; &nbsp; &nbsp;2\/ Finden Sie einen WLAN-Zugangspunkt dank seiner Beschilderung. Innerhalb von 50m aufstellen.<\/p>\n\n\n\n<p><img loading=\"lazy\" decoding=\"async\" src=\"https:\/\/dev.bassin-arcachon.com\/\/wp-content\/uploads\/2021\/02\/wifi-03-2-300x234.png\" alt=\"- - Bassin d&#039;Arcachon\" width=\"55\" height=\"43\" srcset=\"https:\/\/dev.bassin-arcachon.com\/wp-content\/uploads\/2021\/02\/wifi-03-2-300x234.png 300w, https:\/\/dev.bassin-arcachon.com\/wp-content\/uploads\/2021\/02\/wifi-03-2.png 379w\" title=\"- - Bassin d&#039;Arcachon\">&nbsp; &nbsp;3\/ W\u00e4hlen Sie das Netzwerk \u201eWiFi_Bassin_Arcachon\u201c und best\u00e4tigen Sie Ihre Auswahl.<\/p>\n\n\n\n<p><img loading=\"lazy\" decoding=\"async\" src=\"https:\/\/dev.bassin-arcachon.com\/\/wp-content\/uploads\/2021\/02\/wifi-04-2-300x300.png\" alt=\"- - Bassin d&#039;Arcachon\" width=\"55\" height=\"55\" srcset=\"https:\/\/dev.bassin-arcachon.com\/wp-content\/uploads\/2021\/02\/wifi-04-2-300x300.png 300w, https:\/\/dev.bassin-arcachon.com\/wp-content\/uploads\/2021\/02\/wifi-04-2-150x150.png 150w, https:\/\/dev.bassin-arcachon.com\/wp-content\/uploads\/2021\/02\/wifi-04-2.png 363w\" title=\"- - Bassin d&#039;Arcachon\">&nbsp; &nbsp;4\/ Das Netzwerkzugangsportal WiFi_Bassin_Arcachon wird angezeigt.<\/p>\n\n\n\n<p><img loading=\"lazy\" decoding=\"async\" src=\"https:\/\/dev.bassin-arcachon.com\/\/wp-content\/uploads\/2021\/02\/wifi-05-2.png\" alt=\"- - Bassin d&#039;Arcachon\" width=\"64\" height=\"46\" title=\"- - Bassin d&#039;Arcachon\">&nbsp;&nbsp;5\/ Geben Sie Ihre E-Mail-Adresse ein oder verwenden Sie Ihr Facebook-, Twitter- oder Google-Konto und akzeptieren Sie die Nutzungsbedingungen.<\/p>\n\n\n\n<p><img loading=\"lazy\" decoding=\"async\" src=\"https:\/\/dev.bassin-arcachon.com\/\/wp-content\/uploads\/2021\/02\/wifi-06-2-300x290.png\" alt=\"- - Bassin d&#039;Arcachon\" width=\"54\" height=\"52\" srcset=\"https:\/\/dev.bassin-arcachon.com\/wp-content\/uploads\/2021\/02\/wifi-06-2-300x290.png 300w, https:\/\/dev.bassin-arcachon.com\/wp-content\/uploads\/2021\/02\/wifi-06-2.png 408w\" title=\"- - Bassin d&#039;Arcachon\">&nbsp; &nbsp; 6\/ Sie k\u00f6nnen jetzt unbegrenzt, kostenlos und absolut sicher im Internet surfen!<\/p>\n<\/div>\n\n\n\n<div class=\"wp-block-uagb-container uagb-block-4a9e8f10\">\n<div class=\"wp-block-uagb-image alignleft uagb-block-1a9dafad wp-block-uagb-image--layout-default wp-block-uagb-image--effect-static wp-block-uagb-image--align-left\"><figure class=\"wp-block-uagb-image__figure\"><a class=\"\" href=\"https:\/\/dev.bassin-arcachon.com\/wp-content\/uploads\/2020\/07\/Wifi_janvier_2025-dg.pdf\" target=\"\" rel=\"noopener\"><img decoding=\"async\" srcset=\"https:\/\/dev.bassin-arcachon.com\/wp-content\/uploads\/2022\/01\/capture-wifi-bassin-arcachon.png \" sizes=\"auto, (max-width: 480px) 150px\" src=\"https:\/\/dev.bassin-arcachon.com\/wp-content\/uploads\/2022\/01\/capture-wifi-bassin-arcachon.png\" alt=\"- - Bassin d&#039;Arcachon\" class=\"uag-image-50923\" width=\"288\" height=\"511\" title=\"- - Bassin d&#039;Arcachon\" loading=\"lazy\" role=\"img\"><\/a><\/figure><\/div>\n<\/div>\n<\/div><\/div>\n\n\n\n<div style=\"height:40px\" aria-hidden=\"true\" class=\"wp-block-spacer\"><\/div>\n\n\n\n<div class=\"wp-block-group\"><div class=\"wp-block-group__inner-container is-layout-constrained wp-block-group-is-layout-constrained\">\n<div class=\"wp-block-uagb-container uagb-block-81f1f5a0 alignfull uagb-is-root-container\"><div class=\"uagb-container-inner-blocks-wrap\">\n<div class=\"wp-block-uagb-container uagb-block-7cfcf15d\">\n<h3 class=\"wp-block-heading\">Surfen Sie schlau!<\/h3>\n\n\n\n<p>Das WiFi_Bassin_Arcachon-Netzwerk erinnert sich an Sie, wenn Ihre erste Verbindung korrekt hergestellt wurde (Validierung Ihrer E-Mail oder vollst\u00e4ndiger Verbindungsprozess mit Facebook, Google, Twitter)! Die Verbindung wird jedes Mal automatisch auf demselben Ger\u00e4t hergestellt, wenn Sie sich in der N\u00e4he eines unserer WiFi-Terminals befinden, unabh\u00e4ngig von der Gemeinde des Bassin.<\/p>\n<\/div>\n\n\n\n<div class=\"wp-block-uagb-container uagb-block-b4eb1e67\">\n<h3 class=\"wp-block-heading\">Technische Unterst\u00fctzung bei:<\/h3>\n\n\n\n<p>09 72 12 27 24 (Preis eines Ortsgespr\u00e4chs).<br>Montag bis Freitag, von 8 bis 18 Uhr<br>Weitere Details auf&nbsp;<a href=\"http:\/\/assistance.2isr.fr\/\" target=\"_blank\" rel=\"noreferrer noopener\">http:\/\/assistance.2isr.fr<\/a><\/p>\n<\/div>\n<\/div><\/div>\n<\/div><\/div>\n\n\n\n<div class=\"wp-block-uagb-container uagb-block-a72ac55a alignfull uagb-is-root-container\"><div class=\"uagb-container-inner-blocks-wrap\">\n<h3 class=\"wp-block-heading\">Digitale N\u00fcchternheit<\/h3>\n\n\n\n<p>Lassen Sie uns die richtigen Ma\u00dfnahmen f\u00fcr eine gr\u00fcnere digitale Welt ergreifen! Lassen Sie uns gemeinsam unsere Auswirkungen auf die Umwelt reduzieren, indem wir einfache Ma\u00dfnahmen f\u00fcr eine verantwortungsvollere digitale Welt ergreifen. Entdecken Sie unsere praktischen Ratschl\u00e4ge\u00a0<strong><a href=\"https:\/\/www.ecologie.gouv.fr\/sites\/default\/files\/guide-en-route-vers-sobriete-numerique.pdf\" target=\"_blank\" rel=\"noreferrer noopener\">auf dieser Seite\u00a0<\/a>!<\/strong><\/p>\n<\/div><\/div>\n\n\n\n<div style=\"height:40px\" aria-hidden=\"true\" class=\"wp-block-spacer\"><\/div>\n\n\n\n<div class=\"wp-block-uagb-container uagb-block-5b52632f alignfull uagb-is-root-container\"><div class=\"uagb-container-inner-blocks-wrap\">\n<h2 class=\"wp-block-heading\">Ihre WLAN-Zugangspunkte<\/h2>\n\n\n\n<p><a class=\"\" href=\"https:\/\/dev.bassin-arcachon.com\/de\/finden-sie-ihren-wlan-punkt\/wlan-arcachon\/\">WLAN in Arcachon<\/a>&nbsp;|&nbsp;<a class=\"\" href=\"https:\/\/dev.bassin-arcachon.com\/de\/finden-sie-ihren-wlan-punkt\/wifi-la-teste-de-buch\/\">WLAN bei La Teste de Buch<\/a>&nbsp;|&nbsp;<a class=\"\" href=\"https:\/\/dev.bassin-arcachon.com\/de\/finden-sie-ihren-wlan-punkt\/wlan-gujan-mestras\/\">WLAN in Gujan-Mestras<\/a>&nbsp;|&nbsp;<a class=\"\" href=\"https:\/\/dev.bassin-arcachon.com\/de\/finden-sie-ihren-wlan-punkt\/wifi-le-teich\/\">WLAN am Teich<\/a>&nbsp;|&nbsp;<a class=\"\" href=\"https:\/\/dev.bassin-arcachon.com\/de\/finden-sie-ihren-wlan-punkt\/wlan-biganos\/\">WLAN in Biganos<\/a>&nbsp;|&nbsp;<a class=\"\" href=\"https:\/\/dev.bassin-arcachon.com\/de\/finden-sie-ihren-wlan-punkt\/wifi-audenge\/\">Wi-Fi in Audenge<\/a>&nbsp;|&nbsp;<a class=\"\" href=\"https:\/\/dev.bassin-arcachon.com\/de\/finden-sie-ihren-wlan-punkt\/lanton-wlan\/\">WLAN in Lanton<\/a>&nbsp;|&nbsp;<a class=\"\" href=\"https:\/\/dev.bassin-arcachon.com\/de\/finden-sie-ihren-wlan-punkt\/wlan-andernos-les-bains\/\">WLAN in Andernos-les-Bains<\/a>&nbsp;|&nbsp;<a class=\"\" href=\"https:\/\/dev.bassin-arcachon.com\/de\/finden-sie-ihren-wlan-punkt\/wifi-ares\/\">WLAN in Ares<\/a>&nbsp;|&nbsp;<a class=\"\" href=\"https:\/\/dev.bassin-arcachon.com\/de\/finden-sie-ihren-wlan-punkt\/wifi-lege-cap-frettchen\/\">WLAN in L\u00e8ge-Cap Ferret<\/a><\/p>\n<\/div><\/div>\n\n\n\n<div style=\"height:40px\" aria-hidden=\"true\" class=\"wp-block-spacer\"><\/div>","protected":false},"excerpt":{"rendered":"<p>Mehr als 80 WLAN-Punkte auf dem Bassin in Arcachon Das Bassin in Arcachon bietet Ihnen kostenlosen, unbegrenzten und sicheren WLAN-Zugang, um an \u00f6ffentlichen Orten frei im Internet zu surfen [\u2026]<\/p>","protected":false},"author":25,"featured_media":7351,"parent":0,"menu_order":17,"comment_status":"closed","ping_status":"closed","template":"","meta":{"_acf_changed":false,"_uag_custom_page_level_css":"","footnotes":""},"class_list":["post-69","page","type-page","status-publish","has-post-thumbnail","hentry"],"acf":[],"uagb_featured_image_src":{"full":["https:\/\/dev.bassin-arcachon.com\/wp-content\/uploads\/2017\/02\/Modif-Marion.jpg",915,368,false],"thumbnail":["https:\/\/dev.bassin-arcachon.com\/wp-content\/uploads\/2017\/02\/Modif-Marion-150x150.jpg",150,150,true],"medium":["https:\/\/dev.bassin-arcachon.com\/wp-content\/uploads\/2017\/02\/Modif-Marion-300x121.jpg",300,121,true],"medium_large":["https:\/\/dev.bassin-arcachon.com\/wp-content\/uploads\/2017\/02\/Modif-Marion-768x309.jpg",768,309,true],"large":["https:\/\/dev.bassin-arcachon.com\/wp-content\/uploads\/2017\/02\/Modif-Marion.jpg",915,368,false],"1536x1536":["https:\/\/dev.bassin-arcachon.com\/wp-content\/uploads\/2017\/02\/Modif-Marion.jpg",915,368,false],"2048x2048":["https:\/\/dev.bassin-arcachon.com\/wp-content\/uploads\/2017\/02\/Modif-Marion.jpg",915,368,false],"trp-custom-language-flag":["https:\/\/dev.bassin-arcachon.com\/wp-content\/uploads\/2017\/02\/Modif-Marion-18x7.jpg",18,7,true],"fp-small":["https:\/\/dev.bassin-arcachon.com\/wp-content\/uploads\/2017\/02\/Modif-Marion-640x257.jpg",640,257,true],"fp-large":["https:\/\/dev.bassin-arcachon.com\/wp-content\/uploads\/2017\/02\/Modif-Marion.jpg",915,368,false],"fp-xlarge":["https:\/\/dev.bassin-arcachon.com\/wp-content\/uploads\/2017\/02\/Modif-Marion.jpg",915,368,false]},"uagb_author_info":{"display_name":"Marie Clauzel","author_link":"https:\/\/dev.bassin-arcachon.com\/de\/author\/mariesiba\/"},"uagb_comment_info":0,"uagb_excerpt":"Plus de 80 points WiFi sur le Bassin d&rsquo;Arcachon Le Bassin d\u2019Arcachon vous offre un acc\u00e8s WiFi gratuit, illimit\u00e9 et s\u00e9curis\u00e9 pour surfer sur Internet librement dans des lieux publics [&hellip;]","_links":{"self":[{"href":"https:\/\/dev.bassin-arcachon.com\/de\/wp-json\/wp\/v2\/pages\/69","targetHints":{"allow":["GET"]}}],"collection":[{"href":"https:\/\/dev.bassin-arcachon.com\/de\/wp-json\/wp\/v2\/pages"}],"about":[{"href":"https:\/\/dev.bassin-arcachon.com\/de\/wp-json\/wp\/v2\/types\/page"}],"author":[{"embeddable":true,"href":"https:\/\/dev.bassin-arcachon.com\/de\/wp-json\/wp\/v2\/users\/25"}],"replies":[{"embeddable":true,"href":"https:\/\/dev.bassin-arcachon.com\/de\/wp-json\/wp\/v2\/comments?post=69"}],"version-history":[{"count":1,"href":"https:\/\/dev.bassin-arcachon.com\/de\/wp-json\/wp\/v2\/pages\/69\/revisions"}],"predecessor-version":[{"id":119036,"href":"https:\/\/dev.bassin-arcachon.com\/de\/wp-json\/wp\/v2\/pages\/69\/revisions\/119036"}],"wp:featuredmedia":[{"embeddable":true,"href":"https:\/\/dev.bassin-arcachon.com\/de\/wp-json\/wp\/v2\/media\/7351"}],"wp:attachment":[{"href":"https:\/\/dev.bassin-arcachon.com\/de\/wp-json\/wp\/v2\/media?parent=69"}],"curies":[{"name":"wp","href":"https:\/\/api.w.org\/{rel}","templated":true}]}}