{"id":750,"date":"2017-04-04T12:10:30","date_gmt":"2017-04-04T10:10:30","guid":{"rendered":"https:\/\/dev.bassin-arcachon.com\/\/?page_id=750"},"modified":"2024-12-16T14:02:56","modified_gmt":"2024-12-16T13:02:56","slug":"wifi-lege-cap-frettchen","status":"publish","type":"page","link":"https:\/\/dev.bassin-arcachon.com\/de\/finden-sie-ihren-wlan-punkt\/wifi-lege-cap-frettchen\/","title":{"rendered":"Willkommen in L\u00e8ge-Cap Ferret"},"content":{"rendered":"<div class=\"wp-block-uagb-container uagb-block-bc819f8c alignfull uagb-is-root-container\"><div class=\"uagb-container-inner-blocks-wrap\">\n<div class=\"wp-block-uagb-container uagb-block-a57ec439\">\n<h2 class=\"wp-block-heading\">L\u00e8ge-Cap Ferret bietet Ihnen einen kostenlosen und sicheren WLAN-Zugang, damit Sie an entsprechend ausgestatteten \u00f6ffentlichen Orten frei im Internet surfen k\u00f6nnen.<\/h2>\n\n\n\n<p>Zwischen Ozean und Bassin, der ber\u00fchmten Halbinsel von&nbsp;<a href=\"https:\/\/www.bassin-arcachon.com\/nos-villes-et-villages\/lege-cap-ferret\/\">Lege-Cap Frettchen&nbsp;<\/a>erstreckt sich \u00fcber 25 km, also m\u00fcssen wir uns entscheiden! Besuche den&nbsp;<a href=\"https:\/\/www.bassin-arcachon.com\/nos-incontournables\/le-phare-et-pointe-du-cap-ferret\/\">Cap Ferret Leuchtturm<\/a>, bummeln Sie in der&nbsp;<a href=\"https:\/\/www.bassin-arcachon.com\/nos-incontournables\/les-villages-et-ports-ostreicoles\/\">Austernd\u00f6rfer<\/a>, segeln Sie mit dem Boot entlang der Halbinsel, probieren Sie Austern und Geb\u00e4ck, entspannen Sie sich an einem geheimen Strand ...<\/p>\n<\/div>\n\n\n\n<div class=\"wp-block-uagb-container uagb-block-13540670\">\n<div class=\"wp-block-uagb-image uagb-block-ba011f3b wp-block-uagb-image--layout-default wp-block-uagb-image--effect-static wp-block-uagb-image--align-none\"><figure class=\"wp-block-uagb-image__figure\"><img decoding=\"async\" srcset=\"https:\/\/dev.bassin-arcachon.com\/wp-content\/uploads\/2018\/06\/cap-gourmand-degustation-huitres-ferret-1024x683.png \" sizes=\"auto, (max-width: 480px) 150px\" src=\"https:\/\/dev.bassin-arcachon.com\/wp-content\/uploads\/2018\/06\/cap-gourmand-degustation-huitres-ferret-1024x683.png\" alt=\"Austernverkostung mit Cap Gourmand in Cap Ferret\" class=\"uag-image-22809\" width=\"1024\" height=\"683\" title=\"- - Bassin d&#039;Arcachon\" loading=\"lazy\" role=\"img\"><\/figure><\/div>\n<\/div>\n<\/div><\/div>\n\n\n\n<div style=\"height:40px\" aria-hidden=\"true\" class=\"wp-block-spacer\"><\/div>\n\n\n\n<div class=\"wp-block-uagb-container uagb-block-47487c6c alignfull uagb-is-root-container\"><div class=\"uagb-container-inner-blocks-wrap\">\n<figure class=\"wp-block-pullquote\"><blockquote><p>Entdecken Sie die Halbinsel L\u00e8ge-Cap Ferret auf&nbsp;<a href=\"http:\/\/www.lege-capferret.com\/\" target=\"_blank\" rel=\"noreferrer noopener\">www.lege-capferret.com<\/a>.<br>Durchsuchen Sie dies&nbsp;<a href=\"https:\/\/www.bassin-arcachon.com\/\">Website, die des Bassin von Arcachon<\/a>. Sie m\u00fcssen sich nicht ausweisen!<\/p><\/blockquote><\/figure>\n<\/div><\/div>\n\n\n\n<div style=\"height:40px\" aria-hidden=\"true\" class=\"wp-block-spacer\"><\/div>\n\n\n\n<div class=\"wp-block-uagb-container uagb-block-56d9cee2 alignfull uagb-is-root-container\"><div class=\"uagb-container-inner-blocks-wrap\">\n<h3 class=\"wp-block-heading\">Surfen Sie schlau!<\/h3>\n\n\n\n<p>Das WiFi_Bassin_Arcachon-Netzwerk erinnert sich an Sie! Die Verbindung wird jedes Mal automatisch auf demselben Ger\u00e4t hergestellt, wenn Sie sich in der N\u00e4he eines unserer WiFi-Terminals befinden, unabh\u00e4ngig von der Gemeinde des Bassin. Denken Sie daran, Ihren Browser neu zu starten.<\/p>\n\n\n\n<h3 class=\"wp-block-heading\">Digitale N\u00fcchternheit<\/h3>\n\n\n\n<p>Lassen Sie uns die richtigen Ma\u00dfnahmen f\u00fcr eine gr\u00fcnere digitale Welt ergreifen! Lassen Sie uns gemeinsam unsere Auswirkungen auf die Umwelt reduzieren, indem wir einfache Ma\u00dfnahmen f\u00fcr eine verantwortungsvollere digitale Welt ergreifen. Entdecken Sie unsere praktischen Ratschl\u00e4ge\u00a0<strong><a href=\"https:\/\/www.ecologie.gouv.fr\/sites\/default\/files\/guide-en-route-vers-sobriete-numerique.pdf\" target=\"_blank\" rel=\"noreferrer noopener\">auf dieser Seite\u00a0<\/a>!<\/strong><\/p>\n<\/div><\/div>\n\n\n\n<div style=\"height:40px\" aria-hidden=\"true\" class=\"wp-block-spacer\"><\/div>","protected":false},"excerpt":{"rendered":"<p>L\u00e8ge-Cap Ferret vous offre un acc\u00e8s WiFi gratuit et s\u00e9curis\u00e9 pour surfer sur Internet librement dans des lieux publics \u00e9quip\u00e9s. Entre Oc\u00e9an et Bassin, la c\u00e9l\u00e8bre presqu\u2019\u00eele de&nbsp;L\u00e8ge-Cap Ferret&nbsp;s\u2019\u00e9tend sur [&hellip;]<\/p>","protected":false},"author":25,"featured_media":22104,"parent":69,"menu_order":16,"comment_status":"closed","ping_status":"closed","template":"","meta":{"_acf_changed":false,"_uag_custom_page_level_css":"","footnotes":""},"class_list":["post-750","page","type-page","status-publish","has-post-thumbnail","hentry"],"acf":[],"uagb_featured_image_src":{"full":["https:\/\/dev.bassin-arcachon.com\/wp-content\/uploads\/2018\/05\/velo-cap-ferret-SIBA-agence-les-conteurs-20-e1546599102188.jpg",1000,667,false],"thumbnail":["https:\/\/dev.bassin-arcachon.com\/wp-content\/uploads\/2018\/05\/velo-cap-ferret-SIBA-agence-les-conteurs-20-e1546599102188-150x150.jpg",150,150,true],"medium":["https:\/\/dev.bassin-arcachon.com\/wp-content\/uploads\/2018\/05\/velo-cap-ferret-SIBA-agence-les-conteurs-20-e1546599102188-300x200.jpg",300,200,true],"medium_large":["https:\/\/dev.bassin-arcachon.com\/wp-content\/uploads\/2018\/05\/velo-cap-ferret-SIBA-agence-les-conteurs-20-e1546599102188-768x512.jpg",768,512,true],"large":["https:\/\/dev.bassin-arcachon.com\/wp-content\/uploads\/2018\/05\/velo-cap-ferret-SIBA-agence-les-conteurs-20-e1546599102188.jpg",1000,667,false],"1536x1536":["https:\/\/dev.bassin-arcachon.com\/wp-content\/uploads\/2018\/05\/velo-cap-ferret-SIBA-agence-les-conteurs-20-e1546599102188.jpg",1000,667,false],"2048x2048":["https:\/\/dev.bassin-arcachon.com\/wp-content\/uploads\/2018\/05\/velo-cap-ferret-SIBA-agence-les-conteurs-20-e1546599102188.jpg",1000,667,false],"trp-custom-language-flag":["https:\/\/dev.bassin-arcachon.com\/wp-content\/uploads\/2018\/05\/velo-cap-ferret-SIBA-agence-les-conteurs-20-e1546599102188-18x12.jpg",18,12,true],"fp-small":["https:\/\/dev.bassin-arcachon.com\/wp-content\/uploads\/2018\/05\/velo-cap-ferret-SIBA-agence-les-conteurs-20-e1546599102188-640x427.jpg",640,427,true],"fp-large":["https:\/\/dev.bassin-arcachon.com\/wp-content\/uploads\/2018\/05\/velo-cap-ferret-SIBA-agence-les-conteurs-20-e1546599102188.jpg",1000,667,false],"fp-xlarge":["https:\/\/dev.bassin-arcachon.com\/wp-content\/uploads\/2018\/05\/velo-cap-ferret-SIBA-agence-les-conteurs-20-e1546599102188.jpg",1000,667,false]},"uagb_author_info":{"display_name":"Marie Clauzel","author_link":"https:\/\/dev.bassin-arcachon.com\/de\/author\/mariesiba\/"},"uagb_comment_info":0,"uagb_excerpt":"L\u00e8ge-Cap Ferret vous offre un acc\u00e8s WiFi gratuit et s\u00e9curis\u00e9 pour surfer sur Internet librement dans des lieux publics \u00e9quip\u00e9s. Entre Oc\u00e9an et Bassin, la c\u00e9l\u00e8bre presqu\u2019\u00eele de&nbsp;L\u00e8ge-Cap Ferret&nbsp;s\u2019\u00e9tend sur [&hellip;]","_links":{"self":[{"href":"https:\/\/dev.bassin-arcachon.com\/de\/wp-json\/wp\/v2\/pages\/750","targetHints":{"allow":["GET"]}}],"collection":[{"href":"https:\/\/dev.bassin-arcachon.com\/de\/wp-json\/wp\/v2\/pages"}],"about":[{"href":"https:\/\/dev.bassin-arcachon.com\/de\/wp-json\/wp\/v2\/types\/page"}],"author":[{"embeddable":true,"href":"https:\/\/dev.bassin-arcachon.com\/de\/wp-json\/wp\/v2\/users\/25"}],"replies":[{"embeddable":true,"href":"https:\/\/dev.bassin-arcachon.com\/de\/wp-json\/wp\/v2\/comments?post=750"}],"version-history":[{"count":1,"href":"https:\/\/dev.bassin-arcachon.com\/de\/wp-json\/wp\/v2\/pages\/750\/revisions"}],"predecessor-version":[{"id":119040,"href":"https:\/\/dev.bassin-arcachon.com\/de\/wp-json\/wp\/v2\/pages\/750\/revisions\/119040"}],"up":[{"embeddable":true,"href":"https:\/\/dev.bassin-arcachon.com\/de\/wp-json\/wp\/v2\/pages\/69"}],"wp:featuredmedia":[{"embeddable":true,"href":"https:\/\/dev.bassin-arcachon.com\/de\/wp-json\/wp\/v2\/media\/22104"}],"wp:attachment":[{"href":"https:\/\/dev.bassin-arcachon.com\/de\/wp-json\/wp\/v2\/media?parent=750"}],"curies":[{"name":"wp","href":"https:\/\/api.w.org\/{rel}","templated":true}]}}