{"id":766,"date":"2017-04-04T12:32:26","date_gmt":"2017-04-04T10:32:26","guid":{"rendered":"https:\/\/dev.bassin-arcachon.com\/\/?page_id=766"},"modified":"2024-12-16T14:05:35","modified_gmt":"2024-12-16T13:05:35","slug":"lanton-wlan","status":"publish","type":"page","link":"https:\/\/dev.bassin-arcachon.com\/de\/finden-sie-ihren-wlan-punkt\/lanton-wlan\/","title":{"rendered":"Willkommen bei Lanton"},"content":{"rendered":"<div class=\"wp-block-uagb-container uagb-block-8ca9e300 alignfull uagb-is-root-container\"><div class=\"uagb-container-inner-blocks-wrap\">\n<div class=\"wp-block-uagb-container uagb-block-db784bfa\">\n<h2 class=\"wp-block-heading\">Lanton bietet Ihnen kostenlosen und sicheren WLAN-Zugang, damit Sie an ausgestatteten \u00f6ffentlichen Orten frei im Internet surfen k\u00f6nnen.<\/h2>\n\n\n\n<p><strong>Lanton<\/strong>&nbsp;l\u00e4dt Sie ein, den K\u00fcstenweg zu Fu\u00df oder auf dem gesicherten Radweg zu erkunden, einen Moment der Entspannung am Strand zu genie\u00dfen oder sich einen Ausflug auf dem Meer zu g\u00f6nnen&nbsp;<strong>Bucht von Arcachon<\/strong>&nbsp;an Bord einer Pinasse, es sei denn, Sie m\u00f6chten lieber die eleganten Villen des Dorfes Taussat entdecken.<\/p>\n<\/div>\n\n\n\n<div class=\"wp-block-uagb-container uagb-block-6c115538\">\n<div class=\"wp-block-uagb-image uagb-block-692042eb wp-block-uagb-image--layout-default wp-block-uagb-image--effect-static wp-block-uagb-image--align-none\"><figure class=\"wp-block-uagb-image__figure\"><img decoding=\"async\" srcset=\"https:\/\/dev.bassin-arcachon.com\/wp-content\/uploads\/2018\/07\/Sentier-littoral-de-Lanton.jpg \" sizes=\"auto, (max-width: 480px) 150px\" src=\"https:\/\/dev.bassin-arcachon.com\/wp-content\/uploads\/2018\/07\/Sentier-littoral-de-Lanton.jpg\" alt=\"- - Bassin d&#039;Arcachon\" class=\"uag-image-23939\" width=\"1000\" height=\"666\" title=\"- - Bassin d&#039;Arcachon\" loading=\"lazy\" role=\"img\"><\/figure><\/div>\n<\/div>\n<\/div><\/div>\n\n\n\n<div style=\"height:40px\" aria-hidden=\"true\" class=\"wp-block-spacer\"><\/div>\n\n\n\n<div class=\"wp-block-uagb-container uagb-block-d52c5355 alignfull uagb-is-root-container\"><div class=\"uagb-container-inner-blocks-wrap\">\n<figure class=\"wp-block-pullquote\"><blockquote><p>Entdecken Sie die Stadt Lanton auf&nbsp;<a href=\"http:\/\/www.tourisme-coeurdubassin.com\/\" target=\"_blank\" rel=\"noreferrer noopener\">www.tourisme-coeurdubassin.com<\/a>.<br>Durchsuchen Sie dies&nbsp;<a href=\"https:\/\/www.bassin-arcachon.com\/\">Website, die des Bassin von Arcachon<\/a>. Sie m\u00fcssen sich nicht ausweisen!<\/p><\/blockquote><\/figure>\n<\/div><\/div>\n\n\n\n<div style=\"height:40px\" aria-hidden=\"true\" class=\"wp-block-spacer\"><\/div>\n\n\n\n<div class=\"wp-block-uagb-container uagb-block-d7241030 alignfull uagb-is-root-container\"><div class=\"uagb-container-inner-blocks-wrap\">\n<h3 class=\"wp-block-heading\">Surfen Sie schlau!<\/h3>\n\n\n\n<p>Das WiFi_Bassin_Arcachon-Netzwerk erinnert sich an Sie! Die Verbindung wird jedes Mal automatisch auf demselben Ger\u00e4t hergestellt, wenn Sie sich in der N\u00e4he eines unserer WiFi-Terminals befinden, unabh\u00e4ngig von der Gemeinde des Bassin. Denken Sie daran, Ihren Browser neu zu starten.<\/p>\n\n\n\n<h3 class=\"wp-block-heading\">Digitale N\u00fcchternheit<\/h3>\n\n\n\n<p>Lassen Sie uns die richtigen Ma\u00dfnahmen f\u00fcr eine gr\u00fcnere digitale Welt ergreifen! Lassen Sie uns gemeinsam unsere Auswirkungen auf die Umwelt reduzieren, indem wir einfache Ma\u00dfnahmen f\u00fcr eine verantwortungsvollere digitale Welt ergreifen. Entdecken Sie unsere praktischen Ratschl\u00e4ge\u00a0<strong><a href=\"https:\/\/www.ecologie.gouv.fr\/sites\/default\/files\/guide-en-route-vers-sobriete-numerique.pdf\" target=\"_blank\" rel=\"noreferrer noopener\">auf dieser Seite\u00a0<\/a>!<\/strong><\/p>\n<\/div><\/div>\n\n\n\n<div style=\"height:40px\" aria-hidden=\"true\" class=\"wp-block-spacer\"><\/div>","protected":false},"excerpt":{"rendered":"<p>Lanton vous offre un acc\u00e8s WiFi gratuit et s\u00e9curis\u00e9 pour surfer sur Internet librement dans les lieux publics \u00e9quip\u00e9s. Lanton&nbsp;vous propose d\u2019arpenter le sentier du littoral \u00e0 pied ou la [&hellip;]<\/p>","protected":false},"author":25,"featured_media":24178,"parent":69,"menu_order":15,"comment_status":"closed","ping_status":"closed","template":"","meta":{"_acf_changed":false,"_uag_custom_page_level_css":"","footnotes":""},"class_list":["post-766","page","type-page","status-publish","has-post-thumbnail","hentry"],"acf":[],"uagb_featured_image_src":{"full":["https:\/\/dev.bassin-arcachon.com\/wp-content\/uploads\/2017\/04\/Lanton-villa-tosca-bassin-arcachon.jpg",1000,244,false],"thumbnail":["https:\/\/dev.bassin-arcachon.com\/wp-content\/uploads\/2017\/04\/Lanton-villa-tosca-bassin-arcachon-150x150.jpg",150,150,true],"medium":["https:\/\/dev.bassin-arcachon.com\/wp-content\/uploads\/2017\/04\/Lanton-villa-tosca-bassin-arcachon-300x73.jpg",300,73,true],"medium_large":["https:\/\/dev.bassin-arcachon.com\/wp-content\/uploads\/2017\/04\/Lanton-villa-tosca-bassin-arcachon-768x187.jpg",768,187,true],"large":["https:\/\/dev.bassin-arcachon.com\/wp-content\/uploads\/2017\/04\/Lanton-villa-tosca-bassin-arcachon.jpg",1000,244,false],"1536x1536":["https:\/\/dev.bassin-arcachon.com\/wp-content\/uploads\/2017\/04\/Lanton-villa-tosca-bassin-arcachon.jpg",1000,244,false],"2048x2048":["https:\/\/dev.bassin-arcachon.com\/wp-content\/uploads\/2017\/04\/Lanton-villa-tosca-bassin-arcachon.jpg",1000,244,false],"trp-custom-language-flag":["https:\/\/dev.bassin-arcachon.com\/wp-content\/uploads\/2017\/04\/Lanton-villa-tosca-bassin-arcachon-18x4.jpg",18,4,true],"fp-small":["https:\/\/dev.bassin-arcachon.com\/wp-content\/uploads\/2017\/04\/Lanton-villa-tosca-bassin-arcachon-640x156.jpg",640,156,true],"fp-large":["https:\/\/dev.bassin-arcachon.com\/wp-content\/uploads\/2017\/04\/Lanton-villa-tosca-bassin-arcachon.jpg",1000,244,false],"fp-xlarge":["https:\/\/dev.bassin-arcachon.com\/wp-content\/uploads\/2017\/04\/Lanton-villa-tosca-bassin-arcachon.jpg",1000,244,false]},"uagb_author_info":{"display_name":"Marie Clauzel","author_link":"https:\/\/dev.bassin-arcachon.com\/de\/author\/mariesiba\/"},"uagb_comment_info":0,"uagb_excerpt":"Lanton vous offre un acc\u00e8s WiFi gratuit et s\u00e9curis\u00e9 pour surfer sur Internet librement dans les lieux publics \u00e9quip\u00e9s. Lanton&nbsp;vous propose d\u2019arpenter le sentier du littoral \u00e0 pied ou la [&hellip;]","_links":{"self":[{"href":"https:\/\/dev.bassin-arcachon.com\/de\/wp-json\/wp\/v2\/pages\/766","targetHints":{"allow":["GET"]}}],"collection":[{"href":"https:\/\/dev.bassin-arcachon.com\/de\/wp-json\/wp\/v2\/pages"}],"about":[{"href":"https:\/\/dev.bassin-arcachon.com\/de\/wp-json\/wp\/v2\/types\/page"}],"author":[{"embeddable":true,"href":"https:\/\/dev.bassin-arcachon.com\/de\/wp-json\/wp\/v2\/users\/25"}],"replies":[{"embeddable":true,"href":"https:\/\/dev.bassin-arcachon.com\/de\/wp-json\/wp\/v2\/comments?post=766"}],"version-history":[{"count":1,"href":"https:\/\/dev.bassin-arcachon.com\/de\/wp-json\/wp\/v2\/pages\/766\/revisions"}],"predecessor-version":[{"id":119046,"href":"https:\/\/dev.bassin-arcachon.com\/de\/wp-json\/wp\/v2\/pages\/766\/revisions\/119046"}],"up":[{"embeddable":true,"href":"https:\/\/dev.bassin-arcachon.com\/de\/wp-json\/wp\/v2\/pages\/69"}],"wp:featuredmedia":[{"embeddable":true,"href":"https:\/\/dev.bassin-arcachon.com\/de\/wp-json\/wp\/v2\/media\/24178"}],"wp:attachment":[{"href":"https:\/\/dev.bassin-arcachon.com\/de\/wp-json\/wp\/v2\/media?parent=766"}],"curies":[{"name":"wp","href":"https:\/\/api.w.org\/{rel}","templated":true}]}}