{"id":772,"date":"2017-04-04T12:38:31","date_gmt":"2017-04-04T10:38:31","guid":{"rendered":"https:\/\/dev.bassin-arcachon.com\/\/?page_id=772"},"modified":"2024-05-06T16:48:15","modified_gmt":"2024-05-06T14:48:15","slug":"wifi-mios","status":"publish","type":"page","link":"https:\/\/dev.bassin-arcachon.com\/de\/finden-sie-ihren-wlan-punkt\/wifi-mios\/","title":{"rendered":"Willkommen bei Mios"},"content":{"rendered":"<div class=\"wp-block-uagb-container uagb-block-2bb682b0 alignfull uagb-is-root-container\"><div class=\"uagb-container-inner-blocks-wrap\">\n<h2 class=\"wp-block-heading\">Das Fremdenverkehrsb\u00fcro Mios bietet Ihnen einen kostenlosen und sicheren WLAN-Zugang, um innerhalb der Grenzen des Informationsb\u00fcros frei im Internet zu surfen.<\/h2>\n<\/div><\/div>\n\n\n\n<div style=\"height:40px\" aria-hidden=\"true\" class=\"wp-block-spacer\"><\/div>\n\n\n\n<div class=\"wp-block-uagb-container uagb-block-49df3d4d alignfull uagb-is-root-container\"><div class=\"uagb-container-inner-blocks-wrap\">\n<div class=\"wp-block-uagb-container uagb-block-91170351\">\n<p>Vor den Toren des Leyre-Deltas ist der Wald allgegenw\u00e4rtig und beherbergt in Mios eine au\u00dfergew\u00f6hnliche Fauna. Spazieren Sie am Ufer des Flusses Leyre entlang und nutzen Sie die schattigen Wege f\u00fcr eine erholsame Wanderung.<\/p>\n\n\n\n<p><strong>Treffen Sie Ihre Urlaubsberater im Tourismusb\u00fcro<\/strong>&nbsp;und&nbsp;<strong>Entdecken Sie das Herz von Bassin auf&nbsp;<\/strong><a href=\"http:\/\/www.tourisme-coeurdubassin.com\/\" target=\"_blank\" rel=\"noreferrer noopener\"><strong>www.tourisme-coeurdubassin.com<\/strong><\/a><\/p>\n\n\n\n<p><strong>Besuchen Sie auch die Bassin Arcachon-Website. Sie m\u00fcssen sich nicht ausweisen!<\/strong><\/p>\n<\/div>\n\n\n\n<div class=\"wp-block-uagb-container uagb-block-ff9a1c91\">\n<h3 class=\"wp-block-heading\">Wie melde ich mich an?<\/h3>\n\n\n\n<p>Um Ihre E-Mails abzurufen und frei zu surfen, identifizieren Sie sich auf dem Portal, indem Sie oben rechts auf Ihrem Bildschirm auf die Registerkarte \u201eZugang zum Internet\u201c klicken. Geben Sie Ihre E-Mail-Adresse ein oder verwenden Sie Ihr Facebook-, Twitter- und Google+-Konto und akzeptieren Sie die Nutzungsbedingungen.<\/p>\n\n\n\n<p>Gut surfen, kostenlos und unbegrenzt\u2026<\/p>\n<\/div>\n<\/div><\/div>\n\n\n\n<div style=\"height:40px\" aria-hidden=\"true\" class=\"wp-block-spacer\"><\/div>\n\n\n\n<div class=\"wp-block-uagb-container uagb-block-3001b7a7 alignfull uagb-is-root-container\"><div class=\"uagb-container-inner-blocks-wrap\">\n<h3 class=\"wp-block-heading\">Surfen Sie schlau!<\/h3>\n\n\n\n<p>Das WiFi_Bassin_Arcachon-Netzwerk erinnert sich an Sie! Die Verbindung wird jedes Mal automatisch auf demselben Ger\u00e4t hergestellt, wenn Sie sich in der N\u00e4he eines unserer WiFi-Terminals befinden, unabh\u00e4ngig von der Gemeinde des Bassin. Denken Sie daran, Ihren Browser neu zu starten.<\/p>\n\n\n\n<h3 class=\"wp-block-heading\">Digitale N\u00fcchternheit<\/h3>\n\n\n\n<p>Lassen Sie uns die richtigen Ma\u00dfnahmen f\u00fcr eine gr\u00fcnere digitale Welt ergreifen! Lassen Sie uns gemeinsam unsere Auswirkungen auf die Umwelt reduzieren, indem wir einfache Ma\u00dfnahmen f\u00fcr eine verantwortungsvollere digitale Welt ergreifen. Entdecken Sie unsere praktischen Ratschl\u00e4ge&nbsp;<strong><a href=\"https:\/\/www.ecologie.gouv.fr\/sites\/default\/files\/guide-en-route-vers-sobriete-numerique.pdf\" target=\"_blank\" rel=\"noreferrer noopener\">auf dieser Seite&nbsp;<\/a>!<\/strong><\/p>\n<\/div><\/div>\n\n\n\n<div style=\"height:40px\" aria-hidden=\"true\" class=\"wp-block-spacer\"><\/div>","protected":false},"excerpt":{"rendered":"<p>L\u2019Office de Tourisme de Mios vous offre un acc\u00e8s WiFi gratuit et s\u00e9curis\u00e9 pour surfer sur Internet librement dans l\u2019enceinte du bureau d\u2019information. Aux portes du delta de la Leyre, [&hellip;]<\/p>","protected":false},"author":25,"featured_media":1576,"parent":69,"menu_order":17,"comment_status":"closed","ping_status":"closed","template":"","meta":{"_acf_changed":false,"_uag_custom_page_level_css":"","footnotes":""},"class_list":["post-772","page","type-page","status-publish","has-post-thumbnail","hentry"],"acf":[],"uagb_featured_image_src":{"full":["https:\/\/dev.bassin-arcachon.com\/wp-content\/uploads\/2017\/04\/header-wifi-light.jpg",1200,612,false],"thumbnail":["https:\/\/dev.bassin-arcachon.com\/wp-content\/uploads\/2017\/04\/header-wifi-light-150x150.jpg",150,150,true],"medium":["https:\/\/dev.bassin-arcachon.com\/wp-content\/uploads\/2017\/04\/header-wifi-light-300x153.jpg",300,153,true],"medium_large":["https:\/\/dev.bassin-arcachon.com\/wp-content\/uploads\/2017\/04\/header-wifi-light-768x392.jpg",768,392,true],"large":["https:\/\/dev.bassin-arcachon.com\/wp-content\/uploads\/2017\/04\/header-wifi-light-1024x522.jpg",1024,522,true],"1536x1536":["https:\/\/dev.bassin-arcachon.com\/wp-content\/uploads\/2017\/04\/header-wifi-light.jpg",1200,612,false],"2048x2048":["https:\/\/dev.bassin-arcachon.com\/wp-content\/uploads\/2017\/04\/header-wifi-light.jpg",1200,612,false],"trp-custom-language-flag":["https:\/\/dev.bassin-arcachon.com\/wp-content\/uploads\/2017\/04\/header-wifi-light-18x9.jpg",18,9,true],"fp-small":["https:\/\/dev.bassin-arcachon.com\/wp-content\/uploads\/2017\/04\/header-wifi-light-640x326.jpg",640,326,true],"fp-large":["https:\/\/dev.bassin-arcachon.com\/wp-content\/uploads\/2017\/04\/header-wifi-light.jpg",1200,612,false],"fp-xlarge":["https:\/\/dev.bassin-arcachon.com\/wp-content\/uploads\/2017\/04\/header-wifi-light.jpg",1200,612,false]},"uagb_author_info":{"display_name":"Marie Clauzel","author_link":"https:\/\/dev.bassin-arcachon.com\/de\/author\/mariesiba\/"},"uagb_comment_info":0,"uagb_excerpt":"L\u2019Office de Tourisme de Mios vous offre un acc\u00e8s WiFi gratuit et s\u00e9curis\u00e9 pour surfer sur Internet librement dans l\u2019enceinte du bureau d\u2019information. Aux portes du delta de la Leyre, [&hellip;]","_links":{"self":[{"href":"https:\/\/dev.bassin-arcachon.com\/de\/wp-json\/wp\/v2\/pages\/772","targetHints":{"allow":["GET"]}}],"collection":[{"href":"https:\/\/dev.bassin-arcachon.com\/de\/wp-json\/wp\/v2\/pages"}],"about":[{"href":"https:\/\/dev.bassin-arcachon.com\/de\/wp-json\/wp\/v2\/types\/page"}],"author":[{"embeddable":true,"href":"https:\/\/dev.bassin-arcachon.com\/de\/wp-json\/wp\/v2\/users\/25"}],"replies":[{"embeddable":true,"href":"https:\/\/dev.bassin-arcachon.com\/de\/wp-json\/wp\/v2\/comments?post=772"}],"version-history":[{"count":0,"href":"https:\/\/dev.bassin-arcachon.com\/de\/wp-json\/wp\/v2\/pages\/772\/revisions"}],"up":[{"embeddable":true,"href":"https:\/\/dev.bassin-arcachon.com\/de\/wp-json\/wp\/v2\/pages\/69"}],"wp:featuredmedia":[{"embeddable":true,"href":"https:\/\/dev.bassin-arcachon.com\/de\/wp-json\/wp\/v2\/media\/1576"}],"wp:attachment":[{"href":"https:\/\/dev.bassin-arcachon.com\/de\/wp-json\/wp\/v2\/media?parent=772"}],"curies":[{"name":"wp","href":"https:\/\/api.w.org\/{rel}","templated":true}]}}