{"id":891,"date":"2017-04-10T15:04:49","date_gmt":"2017-04-10T13:04:49","guid":{"rendered":"http:\/\/bassin-arcachon.com\/?page_id=891"},"modified":"2023-01-20T18:21:31","modified_gmt":"2023-01-20T17:21:31","slug":"weltraumprofi","status":"publish","type":"page","link":"https:\/\/dev.bassin-arcachon.com\/de\/weltraumprofi\/","title":{"rendered":"Professioneller Bereich"},"content":{"rendered":"<div class=\"wp-block-uagb-container uagb-block-f8679caf alignfull uagb-is-root-container\"><div class=\"uagb-container-inner-blocks-wrap\">\n<h2 class=\"wp-block-heading\">Werkzeuge und Hilfsmittel zu Ihrer Verf\u00fcgung!<\/h2>\n\n\n\n<p>\u2013&nbsp;<strong>Entdecken<\/strong>&nbsp;<a href=\"https:\/\/dev.bassin-arcachon.com\/de\/logbuch\/\">das Bassin-Logbuch 12 von 12 Monaten<\/a>&nbsp;! Einzigartige Erlebnisse, au\u00dfergew\u00f6hnliche &quot;Perlen&quot;, Premium-Services f\u00fcr das Versprechen eines qualitativ hochwertigen Aufenthalts!<\/p>\n\n\n\n<p>\u2013&nbsp;<strong>Teilen Sie Artikel aus dem Zielblog<\/strong>&nbsp;mit Ihren Reisenden oder Ihrer Community in sozialen Netzwerken:&nbsp;<a href=\"https:\/\/dev.bassin-arcachon.com\/de\/bloggen\/\">https:\/\/dev.bassin-arcachon.com\/blog\/<\/a><\/p>\n\n\n\n<p>\u2013&nbsp;<strong>Videos wiederherstellen<\/strong>&nbsp;<strong>von Bassin<\/strong>&nbsp;an&nbsp;<a href=\"https:\/\/www.youtube.com\/user\/lebassindarcachon\" target=\"_blank\" rel=\"noreferrer noopener\">unserem YouTube-Kanal<\/a>&nbsp;Oder weiter&nbsp;<a href=\"https:\/\/vimeo.com\/bassindarcachon\" target=\"_blank\" rel=\"noreferrer noopener\">unserem Vimeo-Kanal<\/a><\/p>\n\n\n\n<p>\u2013&nbsp;<strong>Finden Sie die Touristenbrosch\u00fcren<\/strong>&nbsp;des Ziels Bassin an&nbsp;<a href=\"https:\/\/fr.calameo.com\/subscriptions\/1430345\" target=\"_blank\" rel=\"noreferrer noopener\">unsere Calam\u00e9o-Plattform<\/a>&nbsp;oder auf der&nbsp;<a href=\"https:\/\/www.bassin-arcachon.com\/brochures\/\">Seite \u201eBrosch\u00fcre\u201c.<\/a>.<\/p>\n\n\n\n<p>\u2013 Sie organisieren berufliche Veranstaltungen oder empfangen Gesch\u00e4ftsreisende in Ihrem Betrieb,&nbsp;<strong>Z\u00f6gern Sie nicht, die Vitrine zu konsultieren<\/strong>&nbsp;&quot;&nbsp;<a href=\"https:\/\/dev.bassin-arcachon.com\/de\/kongressseminare\/\" target=\"_blank\" rel=\"noreferrer noopener\">Seminare &amp; Kongresse<\/a>&nbsp;\u00bb&nbsp;<strong>neue Partnerschaften zu schmieden<\/strong>&nbsp;mit lokalen Akteuren&nbsp;<strong>und damit Ihr Angebot diversifizieren<\/strong>&nbsp;!<\/p>\n\n\n\n<p>Ben\u00f6tigen Sie Informationen, eine Brosch\u00fcre f\u00fcr Ihr Unternehmen oder Ihre Fachveranstaltung, einen USB-Stick mit allen Videos, Leckereien, z\u00f6gern Sie nicht, die SIBA-Werbeabteilung per E-Mail zu kontaktieren:&nbsp;<a href=\"mailto:contact@bassin-arcachon.com\">contact@bassin-arcachon.com<\/a><\/p>\n<\/div><\/div>\n\n\n\n<div style=\"height:60px\" aria-hidden=\"true\" class=\"wp-block-spacer\"><\/div>","protected":false},"excerpt":{"rendered":"<p>Werkzeuge und Hilfsmittel stehen Ihnen zur Verf\u00fcgung! \u2013 Entdecken Sie das Bassin-Logbuch 12 von 12 Monaten! Einzigartige Erlebnisse, au\u00dfergew\u00f6hnliche \u201ePerlen\u201c, Premium-Services f\u00fcr die [\u2026]<\/p>","protected":false},"author":25,"featured_media":51812,"parent":0,"menu_order":30,"comment_status":"closed","ping_status":"closed","template":"","meta":{"_acf_changed":false,"_uag_custom_page_level_css":"","footnotes":""},"class_list":["post-891","page","type-page","status-publish","has-post-thumbnail","hentry"],"acf":[],"uagb_featured_image_src":{"full":["https:\/\/dev.bassin-arcachon.com\/wp-content\/uploads\/2022\/10\/SIBA-CONGRES-web.jpg",1383,524,false],"thumbnail":["https:\/\/dev.bassin-arcachon.com\/wp-content\/uploads\/2022\/10\/SIBA-CONGRES-web-150x150.jpg",150,150,true],"medium":["https:\/\/dev.bassin-arcachon.com\/wp-content\/uploads\/2022\/10\/SIBA-CONGRES-web-300x114.jpg",300,114,true],"medium_large":["https:\/\/dev.bassin-arcachon.com\/wp-content\/uploads\/2022\/10\/SIBA-CONGRES-web-768x291.jpg",768,291,true],"large":["https:\/\/dev.bassin-arcachon.com\/wp-content\/uploads\/2022\/10\/SIBA-CONGRES-web-1024x388.jpg",1024,388,true],"1536x1536":["https:\/\/dev.bassin-arcachon.com\/wp-content\/uploads\/2022\/10\/SIBA-CONGRES-web.jpg",1383,524,false],"2048x2048":["https:\/\/dev.bassin-arcachon.com\/wp-content\/uploads\/2022\/10\/SIBA-CONGRES-web.jpg",1383,524,false],"trp-custom-language-flag":["https:\/\/dev.bassin-arcachon.com\/wp-content\/uploads\/2022\/10\/SIBA-CONGRES-web-18x7.jpg",18,7,true],"fp-small":["https:\/\/dev.bassin-arcachon.com\/wp-content\/uploads\/2022\/10\/SIBA-CONGRES-web.jpg",640,242,false],"fp-large":["https:\/\/dev.bassin-arcachon.com\/wp-content\/uploads\/2022\/10\/SIBA-CONGRES-web.jpg",1200,455,false],"fp-xlarge":["https:\/\/dev.bassin-arcachon.com\/wp-content\/uploads\/2022\/10\/SIBA-CONGRES-web.jpg",1383,524,false]},"uagb_author_info":{"display_name":"Marie Clauzel","author_link":"https:\/\/dev.bassin-arcachon.com\/de\/author\/mariesiba\/"},"uagb_comment_info":0,"uagb_excerpt":"Des outils et supports \u00e0 votre disposition ! \u2013&nbsp;D\u00e9couvrez&nbsp;le Journal de bord du Bassin 12 mois sur 12&nbsp;! Des exp\u00e9riences uniques, des \u00ab&nbsp;perles&nbsp;\u00bb d\u2019exceptions, des services premium pour la promesse [&hellip;]","_links":{"self":[{"href":"https:\/\/dev.bassin-arcachon.com\/de\/wp-json\/wp\/v2\/pages\/891","targetHints":{"allow":["GET"]}}],"collection":[{"href":"https:\/\/dev.bassin-arcachon.com\/de\/wp-json\/wp\/v2\/pages"}],"about":[{"href":"https:\/\/dev.bassin-arcachon.com\/de\/wp-json\/wp\/v2\/types\/page"}],"author":[{"embeddable":true,"href":"https:\/\/dev.bassin-arcachon.com\/de\/wp-json\/wp\/v2\/users\/25"}],"replies":[{"embeddable":true,"href":"https:\/\/dev.bassin-arcachon.com\/de\/wp-json\/wp\/v2\/comments?post=891"}],"version-history":[{"count":0,"href":"https:\/\/dev.bassin-arcachon.com\/de\/wp-json\/wp\/v2\/pages\/891\/revisions"}],"wp:featuredmedia":[{"embeddable":true,"href":"https:\/\/dev.bassin-arcachon.com\/de\/wp-json\/wp\/v2\/media\/51812"}],"wp:attachment":[{"href":"https:\/\/dev.bassin-arcachon.com\/de\/wp-json\/wp\/v2\/media?parent=891"}],"curies":[{"name":"wp","href":"https:\/\/api.w.org\/{rel}","templated":true}]}}