{"id":111,"date":"2017-02-07T16:13:30","date_gmt":"2017-02-07T15:13:30","guid":{"rendered":"https:\/\/dev.bassin-arcachon.com\/\/?page_id=111"},"modified":"2024-05-13T17:29:48","modified_gmt":"2024-05-13T15:29:48","slug":"arcachon","status":"publish","type":"page","link":"https:\/\/dev.bassin-arcachon.com\/en\/our-towns-and-villages\/arcachon\/","title":{"rendered":"Arcachon"},"content":{"rendered":"<div class=\"wp-block-uagb-container uagb-block-e72b4fc9 alignfull uagb-is-root-container\"><div class=\"uagb-container-inner-blocks-wrap\">\n<div class=\"wp-block-uagb-container uagb-block-596830f3\">\n<div class=\"wp-block-uagb-image uagb-block-29829e90 wp-block-uagb-image--layout-default wp-block-uagb-image--effect-static wp-block-uagb-image--align-none\"><figure class=\"wp-block-uagb-image__figure\"><img decoding=\"async\" srcset=\"https:\/\/dev.bassin-arcachon.com\/wp-content\/uploads\/2017\/02\/mini-map-arcachon.jpg \" sizes=\"auto, (max-width: 480px) 150px\" src=\"https:\/\/dev.bassin-arcachon.com\/wp-content\/uploads\/2017\/02\/mini-map-arcachon.jpg\" alt=\"- - Bassin d&#039;Arcachon\" class=\"uag-image-1913\" width=\"278\" height=\"278\" title=\"- - Bassin d&#039;Arcachon\" loading=\"lazy\" role=\"img\"><\/figure><\/div>\n\n\n\n<h2 class=\"wp-block-heading\">Arcachon, feet in the water<\/h2>\n\n\n\n<p>Arcachon can be explored all year round and is even divided into 4 seasons! Come and discover the contrast between its Summer Town, its&nbsp;<a href=\"https:\/\/www.bassin-arcachon.com\/nos-incontournables\/les-jetees\/\">beautiful piers<\/a>&nbsp;and its lively town center; and the&nbsp;<a href=\"https:\/\/www.bassin-arcachon.com\/nos-incontournables\/la-ville-dhiver\/\">Winter Town<\/a>&nbsp;with its marvelous villas typical of the 19th century.<\/p>\n\n\n\n<p>The Autumn Town will take you to the port and the fishermen\u2019s district of l\u2019Aiguillon, while the Spring Town will bring you to the Source des Abatilles, Pereire Beach and the vibrant district of Le Moulleau.<\/p>\n\n\n\n<p>Welcome to&nbsp;<strong>Arcachon<\/strong>&nbsp;! Consider booking your vacation rental <a href=\"https:\/\/dev.bassin-arcachon.com\/en\/or-sleep\/rentals\/our-vacation-rentals-in-arcachon\/\">here<\/a> ! <\/p>\n<\/div>\n\n\n\n<div class=\"wp-block-uagb-container uagb-block-1220d86a\">\n<div class=\"wp-block-uagb-image uagb-block-2cc92cb2 wp-block-uagb-image--layout-default wp-block-uagb-image--effect-static wp-block-uagb-image--align-none\"><figure class=\"wp-block-uagb-image__figure\"><img decoding=\"async\" srcset=\"https:\/\/dev.bassin-arcachon.com\/wp-content\/uploads\/2018\/07\/Plage-Pereire-Arcachon.jpg \" sizes=\"auto, (max-width: 480px) 150px\" src=\"https:\/\/dev.bassin-arcachon.com\/wp-content\/uploads\/2018\/07\/Plage-Pereire-Arcachon.jpg\" alt=\"- - Bassin d&#039;Arcachon\" class=\"uag-image-23988\" width=\"631\" height=\"797\" title=\"- - Bassin d&#039;Arcachon\" loading=\"lazy\" role=\"img\"><\/figure><\/div>\n<\/div>\n<\/div><\/div>\n\n\n\n<div style=\"height:40px\" aria-hidden=\"true\" class=\"wp-block-spacer\"><\/div>\n\n\n\n<div class=\"wp-block-uagb-container uagb-block-576910ea alignfull uagb-is-root-container\"><div class=\"uagb-container-inner-blocks-wrap\">\n<div class=\"wp-block-uagb-container uagb-block-5719ced9\">\n<div class=\"wp-block-uagb-image uagb-block-73255a25 wp-block-uagb-image--layout-default wp-block-uagb-image--effect-static wp-block-uagb-image--align-none\"><figure class=\"wp-block-uagb-image__figure\"><img decoding=\"async\" srcset=\"\" sizes=\"auto, (max-width: 480px) 150px\" src=\"https:\/\/dev.bassin-arcachon.com\/wp-content\/uploads\/2018\/07\/jet\u00e9e-du-moulleau-1024x683.jpg\" alt=\"- - Bassin d&#039;Arcachon\" class=\"uag-image-24836\" width=\"1024\" height=\"683\" title=\"- - Bassin d&#039;Arcachon\" loading=\"lazy\" role=\"img\" data-srcset=\"\"><\/figure><\/div>\n<\/div>\n\n\n\n<div class=\"wp-block-uagb-container uagb-block-26a62c85\">\n<h2 class=\"wp-block-heading\">Stroll along the piers of Arcachon<\/h2>\n\n\n\n<p>The pier<strong>Eyrac<\/strong>, the pier&nbsp;<strong>Thiers<\/strong>, the pier of the&nbsp;<strong>Chapel<\/strong>&nbsp;or that of&nbsp;<strong>Moulleau<\/strong>these well-known places among the locals are emblematic of Arcachon.<\/p>\n\n\n\n<p><a href=\"https:\/\/www.bassin-arcachon.com\/bassin-a-velo\/\">Hop on a bike<\/a>&nbsp;these well-known places among the locals are emblematic of&nbsp;<strong>Arcachon's piers<\/strong>.<\/p>\n<\/div>\n<\/div><\/div>\n\n\n\n<div style=\"height:40px\" aria-hidden=\"true\" class=\"wp-block-spacer\"><\/div>\n\n\n\n<div class=\"wp-block-uagb-container uagb-block-31588b29 alignfull uagb-is-root-container\"><div class=\"uagb-container-inner-blocks-wrap\">\n<div class=\"wp-block-uagb-container uagb-block-ead86c22\">\n<h2 class=\"wp-block-heading\">Walks and strolls in the Winter Town of Arcachon<\/h2>\n\n\n\n<p>The&nbsp;<a href=\"https:\/\/www.bassin-arcachon.com\/nos-incontournables\/la-ville-dhiver\/\">Winter Town<\/a>&nbsp;is a peaceful little neighbourhood of Arcachon. Starting from&nbsp;<strong>Parc Mauresque<\/strong>, you\u2019ll find the most beautiful houses in the town in a pleasant labyrinth of winding streets. Take a few hours to get lost here; that\u2019s how you\u2019ll come across the most charming villas! Don\u2019t hesitate to get the map of the Ville d\u2019Hiver from the Tourist Office.<\/p>\n<\/div>\n\n\n\n<div class=\"wp-block-uagb-container uagb-block-23b24d68\">\n<div class=\"wp-block-uagb-image uagb-block-635b8cbd wp-block-uagb-image--layout-default wp-block-uagb-image--effect-static wp-block-uagb-image--align-none\"><figure class=\"wp-block-uagb-image__figure\"><img decoding=\"async\" srcset=\"\" sizes=\"auto, (max-width: 480px) 150px\" src=\"https:\/\/dev.bassin-arcachon.com\/wp-content\/uploads\/2018\/07\/D\u00e9couvert-la-Ville-dHiver.jpg\" alt=\"- - Bassin d&#039;Arcachon\" class=\"uag-image-23422\" width=\"1024\" height=\"682\" title=\"- - Bassin d&#039;Arcachon\" loading=\"lazy\" role=\"img\" data-srcset=\"\"><\/figure><\/div>\n<\/div>\n<\/div><\/div>\n\n\n\n<div style=\"height:40px\" aria-hidden=\"true\" class=\"wp-block-spacer\"><\/div>\n\n\n\n<div class=\"wp-block-uagb-container uagb-block-026e7f24 alignfull uagb-is-root-container\"><div class=\"uagb-container-inner-blocks-wrap\">\n<figure class=\"wp-block-pullquote\" style=\"border-radius:0px;border-top-style:none;border-top-width:0px;border-right-style:none;border-right-width:0px;border-bottom-style:none;border-bottom-width:0px;border-left-width:2px\"><blockquote><p>Here hides the \"Eiffel Tower\" of Arcachon. The Sainte-C\u00e9cile observatory offers a panoramic view of the city!<\/p><\/blockquote><\/figure>\n<\/div><\/div>\n\n\n\n<div style=\"height:20px\" aria-hidden=\"true\" class=\"wp-block-spacer\"><\/div>\n\n\n\n<div class=\"wp-block-uagb-container uagb-block-b6ff30d3 alignfull uagb-is-root-container\"><div class=\"uagb-container-inner-blocks-wrap\">\n<div class=\"wp-block-uagb-container uagb-block-2abfb3cf\">\t\t\t\t\t<div\n\t\t\t\t\t\tclass=\"wp-block-uagb-image-gallery uagb-block-d0b18a44\"\n\t\t\t\t\t\tstyle=\"\"\n\t\t\t\t\t>\n\t\t\t\t\t\t\t\t\t\t\t<div class=\"spectra-image-gallery spectra-image-gallery__layout--carousel\">\n\t\t\t\t\t\t\t\t<div class=\"uagb-slick-carousel uagb-block-d0b18a44\">\n\t\t\t\t\t\t\t\t\t\t\t\t<div class='spectra-image-gallery__media-wrapper' data-spectra-gallery-image-id='35222'>\n\t\t\t\t\t\t\t<div class=\"spectra-image-gallery__media spectra-image-gallery__media--carousel\">\n\t\t\t\t<picture>\n\t\t\t\t\t<source media=\"(min-width: 1024px)\" srcset=\"https:\/\/dev.bassin-arcachon.com\/wp-content\/uploads\/2019\/06\/observatoire-saint-c\u00e9cile-arcachon-683x1024.jpg\">\n\t\t\t\t\t<source media=\"(min-width: 768px)\" srcset=\"https:\/\/dev.bassin-arcachon.com\/wp-content\/uploads\/2019\/06\/observatoire-saint-c\u00e9cile-arcachon-683x1024.jpg\">\n\t\t\t\t\t<img decoding=\"async\" class=\"spectra-image-gallery__media-thumbnail spectra-image-gallery__media-thumbnail--carousel\" src=\"https:\/\/dev.bassin-arcachon.com\/wp-content\/uploads\/2019\/06\/observatoire-saint-c\u00e9cile-arcachon-200x300.jpg\" alt=\"- - Bassin d&#039;Arcachon\" loading=\"lazy\" title=\"- - Bassin d&#039;Arcachon\">\n\t\t\t\t<\/picture>\n\t\t\t\t<div class=\"spectra-image-gallery__media-thumbnail-blurrer\"><\/div>\n\t\t\t\t\t\t\t\t\t\t\t<div class=\"spectra-image-gallery__media-thumbnail-caption-wrapper spectra-image-gallery__media-thumbnail-caption-wrapper--overlay\"><\/div>\n\t\t\t\t\t\t\t\t<\/div>\n\t\t\t\t\t\t<\/div>\n\t\t\t\t\t\t<div class='spectra-image-gallery__media-wrapper' data-spectra-gallery-image-id='35224'>\n\t\t\t\t\t\t\t<div class=\"spectra-image-gallery__media spectra-image-gallery__media--carousel\">\n\t\t\t\t<picture>\n\t\t\t\t\t<source media=\"(min-width: 1024px)\" srcset=\"https:\/\/dev.bassin-arcachon.com\/wp-content\/uploads\/2019\/06\/arcachon-depuis-lobservatoire-sainte-cecile-683x1024.jpg\">\n\t\t\t\t\t<source media=\"(min-width: 768px)\" srcset=\"https:\/\/dev.bassin-arcachon.com\/wp-content\/uploads\/2019\/06\/arcachon-depuis-lobservatoire-sainte-cecile-683x1024.jpg\">\n\t\t\t\t\t<img decoding=\"async\" class=\"spectra-image-gallery__media-thumbnail spectra-image-gallery__media-thumbnail--carousel\" src=\"https:\/\/dev.bassin-arcachon.com\/wp-content\/uploads\/2019\/06\/arcachon-depuis-lobservatoire-sainte-cecile-200x300.jpg\" alt=\"- - Bassin d&#039;Arcachon\" loading=\"lazy\" title=\"- - Bassin d&#039;Arcachon\">\n\t\t\t\t<\/picture>\n\t\t\t\t<div class=\"spectra-image-gallery__media-thumbnail-blurrer\"><\/div>\n\t\t\t\t\t\t\t\t\t\t\t<div class=\"spectra-image-gallery__media-thumbnail-caption-wrapper spectra-image-gallery__media-thumbnail-caption-wrapper--overlay\"><\/div>\n\t\t\t\t\t\t\t\t<\/div>\n\t\t\t\t\t\t<\/div>\n\t\t\t\t\t\t<div class='spectra-image-gallery__media-wrapper' data-spectra-gallery-image-id='23675'>\n\t\t\t\t\t\t\t<div class=\"spectra-image-gallery__media spectra-image-gallery__media--carousel\">\n\t\t\t\t<picture>\n\t\t\t\t\t<source media=\"(min-width: 1024px)\" srcset=\"https:\/\/dev.bassin-arcachon.com\/wp-content\/uploads\/2018\/07\/Balade-sur-leau-Bassin-Arcachon.jpg\">\n\t\t\t\t\t<source media=\"(min-width: 768px)\" srcset=\"https:\/\/dev.bassin-arcachon.com\/wp-content\/uploads\/2018\/07\/Balade-sur-leau-Bassin-Arcachon.jpg\">\n\t\t\t\t\t<img decoding=\"async\" class=\"spectra-image-gallery__media-thumbnail spectra-image-gallery__media-thumbnail--carousel\" src=\"https:\/\/dev.bassin-arcachon.com\/wp-content\/uploads\/2018\/07\/Balade-sur-leau-Bassin-Arcachon-450x300.jpg\" alt=\"- - Bassin d&#039;Arcachon\" loading=\"lazy\" title=\"- - Bassin d&#039;Arcachon\">\n\t\t\t\t<\/picture>\n\t\t\t\t<div class=\"spectra-image-gallery__media-thumbnail-blurrer\"><\/div>\n\t\t\t\t\t\t\t\t\t\t\t<div class=\"spectra-image-gallery__media-thumbnail-caption-wrapper spectra-image-gallery__media-thumbnail-caption-wrapper--overlay\"><\/div>\n\t\t\t\t\t\t\t\t<\/div>\n\t\t\t\t\t\t<\/div>\n\t\t\t\t\t\t\t\t\t\t\t<\/div>\n\t\t\t\t\t\t\t<\/div>\n\t\t\t\t\t\t\t\t\t\t\t<\/div>\n\t\t\t\t\t\t\t\t\t<\/div>\n\n\n\n<div class=\"wp-block-uagb-container uagb-block-8da6f29a\">\n<h2 class=\"wp-block-heading\">Embark on a crossing or a boat excursion on the Arcachon Bay<\/h2>\n\n\n\n<p>All year round, depart from the Thiers pier in Arcachon to cross the Bay towards Cap Ferret or to approach the famous&nbsp;<a href=\"https:\/\/www.bassin-arcachon.com\/nos-incontournables\/les-cabanes-tchanquees\/\" target=\"_blank\" rel=\"noreferrer noopener\">\"Cabanes Tchanqu\u00e9es\"<\/a>In July and August, head towards <a href=\"https:\/\/dev.bassin-arcachon.com\/en\/our-towns-and-villages\/andernos-the-baths\/\" data-type=\"page\" data-id=\"339\">of Andernos-les-Bains<\/a> or even to the&nbsp;<a href=\"https:\/\/www.bassin-arcachon.com\/nos-incontournables\/le-banc-darguin\/\">Banc d'Arguin<\/a>.<\/p>\n\n\n\n<p>Consult the&nbsp;<a href=\"https:\/\/bateliers-arcachon.com\/navettes\/arcachon-cap-ferret\/\" target=\"_blank\" rel=\"noreferrer noopener\">crossing times<\/a>&nbsp;to prepare your day of true vacation on the Arcachon Bay.<\/p>\n<\/div>\n<\/div><\/div>\n\n\n\n<div style=\"height:60px\" aria-hidden=\"true\" class=\"wp-block-spacer\"><\/div>\n\n\n\n<div class=\"wp-block-uagb-container uagb-block-a8dec0e8 alignfull uagb-is-root-container\"><div class=\"uagb-container-inner-blocks-wrap\">\n<div class=\"wp-block-uagb-container uagb-block-69e277a2\">\n<h2 class=\"wp-block-heading\">Stroll through the fishermen's district of L\u2019Aiguillon<\/h2>\n\n\n\n<p>The Aiguillon district is our secret spot in Arcachon. With its colorful and still-in-use cabins, you can\u2019t miss this photogenic place full of charm.<\/p>\n\n\n\n<p>While strolling around, take a well-deserved break at the only oyster cabin in the neighbourhood: \"La Cabane de l\u2019Aiguillon\"!<\/p>\n<\/div>\n\n\n\n<div class=\"wp-block-uagb-container uagb-block-6eec8bcd\">\n<div class=\"wp-block-uagb-image uagb-block-45097359 wp-block-uagb-image--layout-default wp-block-uagb-image--effect-static wp-block-uagb-image--align-none\"><figure class=\"wp-block-uagb-image__figure\"><img decoding=\"async\" srcset=\"https:\/\/dev.bassin-arcachon.com\/wp-content\/uploads\/2017\/03\/quartier-aiguillon-arcachon-1024x683.jpg \" sizes=\"auto, (max-width: 480px) 150px\" src=\"https:\/\/dev.bassin-arcachon.com\/wp-content\/uploads\/2017\/03\/quartier-aiguillon-arcachon-1024x683.jpg\" alt=\"- - Bassin d&#039;Arcachon\" class=\"uag-image-24552\" width=\"1024\" height=\"683\" title=\"- - Bassin d&#039;Arcachon\" loading=\"lazy\" role=\"img\"><\/figure><\/div>\n<\/div>\n<\/div><\/div>\n\n\n\n<div style=\"height:40px\" aria-hidden=\"true\" class=\"wp-block-spacer\"><\/div>\n\n\n\n<div class=\"wp-block-uagb-container uagb-block-75f2d821 alignfull uagb-is-root-container\"><div class=\"uagb-container-inner-blocks-wrap\">\n<div class=\"wp-block-uagb-container uagb-block-4616a241\">\n<div class=\"wp-block-uagb-image uagb-block-6b5c19d5 wp-block-uagb-image--layout-default wp-block-uagb-image--effect-static wp-block-uagb-image--align-none\"><figure class=\"wp-block-uagb-image__figure\"><img decoding=\"async\" srcset=\"https:\/\/dev.bassin-arcachon.com\/wp-content\/uploads\/2017\/02\/Pereire-arcachon-plage-1024x683.jpg \" sizes=\"auto, (max-width: 480px) 150px\" src=\"https:\/\/dev.bassin-arcachon.com\/wp-content\/uploads\/2017\/02\/Pereire-arcachon-plage-1024x683.jpg\" alt=\"- - Bassin d&#039;Arcachon\" class=\"uag-image-23756\" width=\"1024\" height=\"683\" title=\"- - Bassin d&#039;Arcachon\" loading=\"lazy\" role=\"img\"><\/figure><\/div>\n<\/div>\n\n\n\n<div class=\"wp-block-uagb-container uagb-block-7cec3277\">\n<h2 class=\"wp-block-heading\">Relaxing on Pereire and Moulleau beaches in Arcachon<\/h2>\n\n\n\n<p>After a day of shopping in the Ville d'\u00c9t\u00e9 (Summer Town), head to the beach for a true vacation afternoon. Lay down your towel on the Pereire Beach or the Moulleau Beach. From the latter, you'll have a breathtaking view of the&nbsp;<a href=\"http:\/\/bassin-arcachon.com\/nos-incontournables\/la-dune-du-pilat\/\">Dune du Pilat<\/a>. Lined with pine trees, Pereire Beach is ideal for admiring the sunset or taking a stroll at low tide on the long emerging sandbank\u2026<\/p>\n<\/div>\n<\/div><\/div>\n\n\n\n<div style=\"height:60px\" aria-hidden=\"true\" class=\"wp-block-spacer\"><\/div>\n\n\n\n<div class=\"wp-block-uagb-container uagb-block-e2a2c9bd alignfull uagb-is-root-container\"><div class=\"uagb-container-inner-blocks-wrap\">\n<div class=\"wp-block-uagb-container uagb-block-3d939de5\">\n<h2 class=\"wp-block-heading\">Enjoying the Arcachon evenings<\/h2>\n\n\n\n<p>Arcachon is also vibrant at night. With the&nbsp;<a href=\"https:\/\/www.arcachon.com\/culture\/\" target=\"_blank\" rel=\"noreferrer noopener\">Olympia Theater<\/a>, the cinema,&nbsp;<a href=\"http:\/\/www.zebrearcachon.fr\/cafe-theatre\/\" target=\"_blank\" rel=\"noreferrer noopener\">the Z\u00e8bre caf\u00e9-theatre<\/a>, and the concerts at V\u00e9lodrome during the Arcachon en Sc\u00e8ne Festival in summer, you can spend a unique evening every day of your vacation. For gambling enthusiasts, don't forget about the Casino, which also offers shows.<\/p>\n\n\n\n<p>End your evening in one of the trendy bars in the Moulleau district!<\/p>\n<\/div>\n\n\n\n<div class=\"wp-block-uagb-container uagb-block-f40a8937\">\n<div class=\"wp-block-uagb-image uagb-block-527c3612 wp-block-uagb-image--layout-default wp-block-uagb-image--effect-static wp-block-uagb-image--align-none\"><figure class=\"wp-block-uagb-image__figure\"><img decoding=\"async\" srcset=\"\" sizes=\"auto, (max-width: 480px) 150px\" src=\"https:\/\/dev.bassin-arcachon.com\/wp-content\/uploads\/2018\/07\/Soir\u00e9e-Blanche-sur-Arcachon-1024x576.jpg\" alt=\"- - Bassin d&#039;Arcachon\" class=\"uag-image-23992\" width=\"1024\" height=\"576\" title=\"- - Bassin d&#039;Arcachon\" loading=\"lazy\" role=\"img\" data-srcset=\"\"><\/figure><\/div>\n<\/div>\n<\/div><\/div>\n\n\n\n<div style=\"height:40px\" aria-hidden=\"true\" class=\"wp-block-spacer\"><\/div>","protected":false},"excerpt":{"rendered":"<p>Arcachon with its feet in the water Arcachon can be discovered all year round and is even divided into 4 seasons! Come and discover the contrast between its Summer Town, its magnificent piers and its city center [\u2026]<\/p>","protected":false},"author":25,"featured_media":23420,"parent":29,"menu_order":1,"comment_status":"closed","ping_status":"closed","template":"","meta":{"_acf_changed":false,"_uag_custom_page_level_css":"","footnotes":""},"class_list":["post-111","page","type-page","status-publish","has-post-thumbnail","hentry"],"acf":[],"uagb_featured_image_src":{"full":["https:\/\/dev.bassin-arcachon.com\/wp-content\/uploads\/2018\/07\/Villa-Trocadero-ville-dhiver-arcachon.jpg",1000,666,false],"thumbnail":["https:\/\/dev.bassin-arcachon.com\/wp-content\/uploads\/2018\/07\/Villa-Trocadero-ville-dhiver-arcachon-150x150.jpg",150,150,true],"medium":["https:\/\/dev.bassin-arcachon.com\/wp-content\/uploads\/2018\/07\/Villa-Trocadero-ville-dhiver-arcachon-300x200.jpg",300,200,true],"medium_large":["https:\/\/dev.bassin-arcachon.com\/wp-content\/uploads\/2018\/07\/Villa-Trocadero-ville-dhiver-arcachon-768x511.jpg",768,511,true],"large":["https:\/\/dev.bassin-arcachon.com\/wp-content\/uploads\/2018\/07\/Villa-Trocadero-ville-dhiver-arcachon.jpg",1000,666,false],"1536x1536":["https:\/\/dev.bassin-arcachon.com\/wp-content\/uploads\/2018\/07\/Villa-Trocadero-ville-dhiver-arcachon.jpg",1000,666,false],"2048x2048":["https:\/\/dev.bassin-arcachon.com\/wp-content\/uploads\/2018\/07\/Villa-Trocadero-ville-dhiver-arcachon.jpg",1000,666,false],"trp-custom-language-flag":["https:\/\/dev.bassin-arcachon.com\/wp-content\/uploads\/2018\/07\/Villa-Trocadero-ville-dhiver-arcachon-18x12.jpg",18,12,true],"fp-small":["https:\/\/dev.bassin-arcachon.com\/wp-content\/uploads\/2018\/07\/Villa-Trocadero-ville-dhiver-arcachon-640x426.jpg",640,426,true],"fp-large":["https:\/\/dev.bassin-arcachon.com\/wp-content\/uploads\/2018\/07\/Villa-Trocadero-ville-dhiver-arcachon.jpg",1000,666,false],"fp-xlarge":["https:\/\/dev.bassin-arcachon.com\/wp-content\/uploads\/2018\/07\/Villa-Trocadero-ville-dhiver-arcachon.jpg",1000,666,false]},"uagb_author_info":{"display_name":"Marie Clauzel","author_link":"https:\/\/dev.bassin-arcachon.com\/en\/author\/mariesiba\/"},"uagb_comment_info":0,"uagb_excerpt":"Arcachon les pieds dans l\u2019eau Arcachon se d\u00e9couvre toute l\u2019ann\u00e9e et se divise m\u00eame en 4 saisons ! Venez d\u00e9couvrir le contraste entre sa Ville d\u2019\u00c9t\u00e9, ses&nbsp;magnifiques jet\u00e9es&nbsp;et son centre-ville [&hellip;]","_links":{"self":[{"href":"https:\/\/dev.bassin-arcachon.com\/en\/wp-json\/wp\/v2\/pages\/111","targetHints":{"allow":["GET"]}}],"collection":[{"href":"https:\/\/dev.bassin-arcachon.com\/en\/wp-json\/wp\/v2\/pages"}],"about":[{"href":"https:\/\/dev.bassin-arcachon.com\/en\/wp-json\/wp\/v2\/types\/page"}],"author":[{"embeddable":true,"href":"https:\/\/dev.bassin-arcachon.com\/en\/wp-json\/wp\/v2\/users\/25"}],"replies":[{"embeddable":true,"href":"https:\/\/dev.bassin-arcachon.com\/en\/wp-json\/wp\/v2\/comments?post=111"}],"version-history":[{"count":0,"href":"https:\/\/dev.bassin-arcachon.com\/en\/wp-json\/wp\/v2\/pages\/111\/revisions"}],"up":[{"embeddable":true,"href":"https:\/\/dev.bassin-arcachon.com\/en\/wp-json\/wp\/v2\/pages\/29"}],"wp:featuredmedia":[{"embeddable":true,"href":"https:\/\/dev.bassin-arcachon.com\/en\/wp-json\/wp\/v2\/media\/23420"}],"wp:attachment":[{"href":"https:\/\/dev.bassin-arcachon.com\/en\/wp-json\/wp\/v2\/media?parent=111"}],"curies":[{"name":"wp","href":"https:\/\/api.w.org\/{rel}","templated":true}]}}