{"id":117,"date":"2017-02-07T16:17:11","date_gmt":"2017-02-07T15:17:11","guid":{"rendered":"https:\/\/dev.bassin-arcachon.com\/\/?page_id=117"},"modified":"2024-12-13T10:53:49","modified_gmt":"2024-12-13T09:53:49","slug":"gujan-mestras","status":"publish","type":"page","link":"https:\/\/dev.bassin-arcachon.com\/en\/our-towns-and-villages\/gujan-mestras\/","title":{"rendered":"Gujan-Mestras"},"content":{"rendered":"<div class=\"wp-block-uagb-container uagb-block-aab26be1 alignfull uagb-is-root-container\"><div class=\"uagb-container-inner-blocks-wrap\">\n<div class=\"wp-block-uagb-container uagb-block-3cf758f3\">\n<div class=\"wp-block-uagb-image uagb-block-e679998f wp-block-uagb-image--layout-default wp-block-uagb-image--effect-static wp-block-uagb-image--align-none\"><figure class=\"wp-block-uagb-image__figure\"><img decoding=\"async\" srcset=\"https:\/\/dev.bassin-arcachon.com\/wp-content\/uploads\/2017\/02\/mini-map-gujan.jpg \" sizes=\"auto, (max-width: 480px) 150px\" src=\"https:\/\/dev.bassin-arcachon.com\/wp-content\/uploads\/2017\/02\/mini-map-gujan.jpg\" alt=\"Map of Gujan Mestras\" class=\"uag-image-1919\" width=\"278\" height=\"278\" title=\"- - Bassin d&#039;Arcachon\" loading=\"lazy\" role=\"img\"><\/figure><\/div>\n\n\n\n<h2 class=\"wp-block-heading\">Gujan-Mestras, the town of 7 ports<\/h2>\n\n\n\n<p>Gujan Mestras boasts not less than&nbsp;<strong>Gujan-Mestras<\/strong>. Here, you can observe the daily work of oyster farmers, giving you a chance to learn more about this fascinating profession. Relax and savor the aroma of oysters \u2013 you have arrived!<br>If you are looking for a vacation rental in Gujan Mestras, <a href=\"https:\/\/dev.bassin-arcachon.com\/en\/or-sleep\/rentals\/our-vacation-rentals-in-gujan-mestras\/\">it&#039;s this way <\/a>! <\/p>\n<\/div>\n\n\n\n<div class=\"wp-block-uagb-container uagb-block-56d49e3a\">\n<div class=\"wp-block-uagb-image uagb-block-207e986c wp-block-uagb-image--layout-default wp-block-uagb-image--effect-static wp-block-uagb-image--align-none\"><figure class=\"wp-block-uagb-image__figure\"><img decoding=\"async\" srcset=\"https:\/\/dev.bassin-arcachon.com\/wp-content\/uploads\/2020\/07\/Sillonnez-03-GujanMestras.jpeg \" sizes=\"auto, (max-width: 480px) 150px\" src=\"https:\/\/dev.bassin-arcachon.com\/wp-content\/uploads\/2020\/07\/Sillonnez-03-GujanMestras.jpeg\" alt=\"- - Bassin d&#039;Arcachon\" class=\"uag-image-51465\" width=\"1000\" height=\"666\" title=\"- - Bassin d&#039;Arcachon\" loading=\"lazy\" role=\"img\"><\/figure><\/div>\n<\/div>\n<\/div><\/div>\n\n\n\n<div style=\"height:40px\" aria-hidden=\"true\" class=\"wp-block-spacer\"><\/div>\n\n\n\n<div class=\"wp-block-uagb-container uagb-block-3ddc2cdc alignfull uagb-is-root-container\"><div class=\"uagb-container-inner-blocks-wrap\">\n<h2 class=\"wp-block-heading\">Strolling from port to port<\/h2>\n\n\n\n<p>With its&nbsp;<strong>colorful huts<\/strong>, his&nbsp;<strong>oyster farmers<\/strong>&nbsp;and&nbsp;<a href=\"https:\/\/www.bassin-arcachon.com\/ou-manger\/cabanes-a-huitres\/\">oyster tastings<\/a>, there are plenty of reasons to stop in Gujan-Mestras. Each port has its own authenticity and changes with the rhythm of the tides. On the esplanade of oyster farmers at&nbsp;<a href=\"https:\/\/www.bassin-arcachon.com\/plein-les-yeux-au-port-de-larros\/\">Port of Larros<\/a>With its colorful cabins, oyster farmers, and oyster tastings, there are plenty of reasons to stop in Gujan-Mestras. Each port has its own authenticity and changes with the rhythm of the tides. On the esplanade of oyster farmers at Port de Larros, take a break to meet the oyster farmers and taste the oysters, accompanied by some shrimp and p\u00e2t\u00e9! And to better understand the history of oysters, take advantage of this walk to visit the Maison de l'Hu\u00eetre&nbsp;<a href=\"http:\/\/www.maison-huitre.fr\/\" target=\"_blank\" rel=\"noopener\">Oyster House<\/a>.<\/p>\n<\/div><\/div>\n\n\n<div class=\"wp-block-image\">\n<figure class=\"aligncenter size-large is-resized\"><img loading=\"lazy\" decoding=\"async\" width=\"1024\" height=\"683\" src=\"https:\/\/dev.bassin-arcachon.com\/wp-content\/uploads\/2023\/02\/20191203_HD_Hiver_Pole-de-Larros_Gujan_CASSIAU-11-1-scaled-1024x683.jpg\" alt=\"- - Bassin d&#039;Arcachon\" class=\"wp-image-55080\" style=\"aspect-ratio:16\/9;object-fit:cover;width:1200px\" title=\"- - Bassin d&#039;Arcachon\" srcset=\"https:\/\/dev.bassin-arcachon.com\/wp-content\/uploads\/2023\/02\/20191203_HD_Hiver_Pole-de-Larros_Gujan_CASSIAU-11-1-scaled-1024x683.jpg 1024w, https:\/\/dev.bassin-arcachon.com\/wp-content\/uploads\/2023\/02\/20191203_HD_Hiver_Pole-de-Larros_Gujan_CASSIAU-11-1-scaled-300x200.jpg 300w, https:\/\/dev.bassin-arcachon.com\/wp-content\/uploads\/2023\/02\/20191203_HD_Hiver_Pole-de-Larros_Gujan_CASSIAU-11-1-scaled-768x512.jpg 768w, https:\/\/dev.bassin-arcachon.com\/wp-content\/uploads\/2023\/02\/20191203_HD_Hiver_Pole-de-Larros_Gujan_CASSIAU-11-1-scaled-1536x1024.jpg 1536w, https:\/\/dev.bassin-arcachon.com\/wp-content\/uploads\/2023\/02\/20191203_HD_Hiver_Pole-de-Larros_Gujan_CASSIAU-11-1-scaled-2048x1366.jpg 2048w, https:\/\/dev.bassin-arcachon.com\/wp-content\/uploads\/2023\/02\/20191203_HD_Hiver_Pole-de-Larros_Gujan_CASSIAU-11-1-scaled-18x12.jpg 18w, https:\/\/dev.bassin-arcachon.com\/wp-content\/uploads\/2023\/02\/20191203_HD_Hiver_Pole-de-Larros_Gujan_CASSIAU-11-1-scaled-640x427.jpg 640w, https:\/\/dev.bassin-arcachon.com\/wp-content\/uploads\/2023\/02\/20191203_HD_Hiver_Pole-de-Larros_Gujan_CASSIAU-11-1-scaled-1200x800.jpg 1200w, https:\/\/dev.bassin-arcachon.com\/wp-content\/uploads\/2023\/02\/20191203_HD_Hiver_Pole-de-Larros_Gujan_CASSIAU-11-1-scaled-1920x1280.jpg 1920w\" sizes=\"auto, (max-width: 1024px) 100vw, 1024px\" \/><\/figure><\/div>\n\n\n<div style=\"height:40px\" aria-hidden=\"true\" class=\"wp-block-spacer\"><\/div>\n\n\n\n<div class=\"wp-block-uagb-container uagb-block-2702df83 alignfull uagb-is-root-container\"><div class=\"uagb-container-inner-blocks-wrap\">\n<h2 class=\"wp-block-heading\">The Gujan-Mestras coastal path, on foot or by bike<\/h2>\n\n\n\n<p>This&nbsp;<strong>7 km route connects the 7 ports of Gujan-Mestras<\/strong>&nbsp;and winds through preserved landscapes between the Bay and salt meadows. On foot or by bike, follow the coastal path to reconnect with nature. At low tide, you might feel like you're in the middle of a savannah in some places, while at high tide, you'll cross boardwalks just above the water!<\/p>\n\n\n\n<p>Take advantage of your visit through the ports to\u00a0<strong>meeting of oyster farmers<\/strong>\u00a0or settle down near the trail for an impromptu picnic!<\/p>\n\n\n\n<div style=\"height:40px\" aria-hidden=\"true\" class=\"wp-block-spacer\"><\/div>\n<\/div><\/div>\n\n\n\n<div class=\"wp-block-uagb-container uagb-block-fa9f6d1e alignfull uagb-is-root-container\">\n<div class=\"wp-block-cover is-light has-parallax\"><span aria-hidden=\"true\" class=\"wp-block-cover__background has-background-dim-0 has-background-dim\"><\/span><div class=\"wp-block-cover__image-background wp-image-20636 has-parallax\" style=\"background-position:50% 50%;background-image:url(https:\/\/dev.bassin-arcachon.com\/wp-content\/uploads\/2018\/04\/Sentier-littoral-Gujan.jpg)\"><\/div><div class=\"wp-block-cover__inner-container is-layout-flow wp-block-cover-is-layout-flow\">\n<h2 class=\"wp-block-heading has-text-align-center has-white-color has-text-color has-background has-large-font-size\" style=\"background-color:#000000b3\"><a href=\"https:\/\/www.gironde-tourisme.fr\/patrimoine-naturel\/le-sentier-du-littoral-de-gujan-mestras\/\" target=\"_blank\" rel=\"noopener\">Explore the coastal path early in the morning or in the late afternoon<\/a><\/h2>\n<\/div><\/div>\n<\/div>\n\n\n\n<div style=\"height:40px\" aria-hidden=\"true\" class=\"wp-block-spacer\"><\/div>\n\n\n\n<div class=\"wp-block-uagb-container uagb-block-7bbb98c5 alignfull uagb-is-root-container\"><div class=\"uagb-container-inner-blocks-wrap\">\n<div class=\"wp-block-uagb-container uagb-block-c027a36d\">\n<h2 class=\"wp-block-heading\">Eratopia for a family day<\/h2>\n\n\n\n<p>Here there are&nbsp;<strong>theme parks<\/strong>&nbsp;parks for all ages and tastes: La Coccinelle, Kid Parc, Aqualand, Bassin Aventures, Max' Golf, Laser Lander... While the children have fun on slides, roller coasters, or in tree-top courses, adults can try their hand at golf on the&nbsp;<a href=\"https:\/\/bluegreen.fr\/\" target=\"_blank\" rel=\"noopener\">Bluegreen from Gujan-Mestras.<\/a><\/p>\n\n\n\n<p><strong>In July and August, plan a day at one of the largest water parks on the Atlantic coast: Aqualand!<\/strong><\/p>\n<\/div>\n\n\n\n<div class=\"wp-block-uagb-container uagb-block-4fb842d7\">\n<figure class=\"wp-block-embed is-type-video is-provider-vimeo wp-block-embed-vimeo wp-embed-aspect-16-9 wp-has-aspect-ratio\"><div class=\"wp-block-embed__wrapper\">\n<iframe loading=\"lazy\" title=\"Leisure parks of Bassin d&#039;Arcachon in 30s\" src=\"https:\/\/player.vimeo.com\/video\/209048634?dnt=1&amp;app_id=122963\" width=\"500\" height=\"281\" frameborder=\"0\" allow=\"autoplay; fullscreen; picture-in-picture; clipboard-write\"><\/iframe>\n<\/div><\/figure>\n<\/div>\n<\/div><\/div>","protected":false},"excerpt":{"rendered":"<p>Gujan-Mestras, the city of 7 ports There are no fewer than 7 oyster ports in Gujan-Mestras. Here you can observe the daily work of oyster farmers, the opportunity to learn [\u2026]<\/p>","protected":false},"author":25,"featured_media":11174,"parent":29,"menu_order":3,"comment_status":"closed","ping_status":"closed","template":"","meta":{"_acf_changed":false,"_uag_custom_page_level_css":"","footnotes":""},"class_list":["post-117","page","type-page","status-publish","has-post-thumbnail","hentry"],"acf":[],"uagb_featured_image_src":{"full":["https:\/\/dev.bassin-arcachon.com\/wp-content\/uploads\/2017\/02\/Sentier_littoral_Gujan_N6825.jpg",2048,1365,false],"thumbnail":["https:\/\/dev.bassin-arcachon.com\/wp-content\/uploads\/2017\/02\/Sentier_littoral_Gujan_N6825-150x150.jpg",150,150,true],"medium":["https:\/\/dev.bassin-arcachon.com\/wp-content\/uploads\/2017\/02\/Sentier_littoral_Gujan_N6825-300x200.jpg",300,200,true],"medium_large":["https:\/\/dev.bassin-arcachon.com\/wp-content\/uploads\/2017\/02\/Sentier_littoral_Gujan_N6825-768x512.jpg",768,512,true],"large":["https:\/\/dev.bassin-arcachon.com\/wp-content\/uploads\/2017\/02\/Sentier_littoral_Gujan_N6825-1024x683.jpg",1024,683,true],"1536x1536":["https:\/\/dev.bassin-arcachon.com\/wp-content\/uploads\/2017\/02\/Sentier_littoral_Gujan_N6825-1536x1024.jpg",1536,1024,true],"2048x2048":["https:\/\/dev.bassin-arcachon.com\/wp-content\/uploads\/2017\/02\/Sentier_littoral_Gujan_N6825.jpg",2048,1365,false],"trp-custom-language-flag":["https:\/\/dev.bassin-arcachon.com\/wp-content\/uploads\/2017\/02\/Sentier_littoral_Gujan_N6825-18x12.jpg",18,12,true],"fp-small":["https:\/\/dev.bassin-arcachon.com\/wp-content\/uploads\/2017\/02\/Sentier_littoral_Gujan_N6825-640x427.jpg",640,427,true],"fp-large":["https:\/\/dev.bassin-arcachon.com\/wp-content\/uploads\/2017\/02\/Sentier_littoral_Gujan_N6825-1200x800.jpg",1200,800,true],"fp-xlarge":["https:\/\/dev.bassin-arcachon.com\/wp-content\/uploads\/2017\/02\/Sentier_littoral_Gujan_N6825-1920x1280.jpg",1920,1280,true]},"uagb_author_info":{"display_name":"Marie Clauzel","author_link":"https:\/\/dev.bassin-arcachon.com\/en\/author\/mariesiba\/"},"uagb_comment_info":0,"uagb_excerpt":"Gujan-Mestras, la ville aux 7 ports Ce n\u2019est pas moins de 7 ports ostr\u00e9icoles qui se succ\u00e8dent \u00e0&nbsp;Gujan-Mestras. Ici, vous pourrez observer le travail quotidien des ostr\u00e9iculteurs, l\u2019occasion d\u2019en apprendre [&hellip;]","_links":{"self":[{"href":"https:\/\/dev.bassin-arcachon.com\/en\/wp-json\/wp\/v2\/pages\/117","targetHints":{"allow":["GET"]}}],"collection":[{"href":"https:\/\/dev.bassin-arcachon.com\/en\/wp-json\/wp\/v2\/pages"}],"about":[{"href":"https:\/\/dev.bassin-arcachon.com\/en\/wp-json\/wp\/v2\/types\/page"}],"author":[{"embeddable":true,"href":"https:\/\/dev.bassin-arcachon.com\/en\/wp-json\/wp\/v2\/users\/25"}],"replies":[{"embeddable":true,"href":"https:\/\/dev.bassin-arcachon.com\/en\/wp-json\/wp\/v2\/comments?post=117"}],"version-history":[{"count":1,"href":"https:\/\/dev.bassin-arcachon.com\/en\/wp-json\/wp\/v2\/pages\/117\/revisions"}],"predecessor-version":[{"id":118613,"href":"https:\/\/dev.bassin-arcachon.com\/en\/wp-json\/wp\/v2\/pages\/117\/revisions\/118613"}],"up":[{"embeddable":true,"href":"https:\/\/dev.bassin-arcachon.com\/en\/wp-json\/wp\/v2\/pages\/29"}],"wp:featuredmedia":[{"embeddable":true,"href":"https:\/\/dev.bassin-arcachon.com\/en\/wp-json\/wp\/v2\/media\/11174"}],"wp:attachment":[{"href":"https:\/\/dev.bassin-arcachon.com\/en\/wp-json\/wp\/v2\/media?parent=117"}],"curies":[{"name":"wp","href":"https:\/\/api.w.org\/{rel}","templated":true}]}}