{"id":151,"date":"2017-08-09T17:17:22","date_gmt":"2017-08-09T15:17:22","guid":{"rendered":"https:\/\/dev.bassin-arcachon.com\/\/?page_id=151"},"modified":"2024-11-06T10:38:19","modified_gmt":"2024-11-06T09:38:19","slug":"summer","status":"publish","type":"page","link":"https:\/\/dev.bassin-arcachon.com\/en\/the-pool-is-all-season\/summer\/","title":{"rendered":"Arcachon Bassin in Summer"},"content":{"rendered":"<div class=\"wp-block-uagb-container wp-embed-aspect-16-9 wp-has-aspect-ratio uagb-block-ac4bc5f1 alignfull uagb-is-root-container\"><div class=\"uagb-container-inner-blocks-wrap\">\n<div class=\"wp-block-uagb-container uagb-block-f9dc645c\">\n<h2 class=\"wp-block-heading\">Put the car down, never to take it back from vacation<\/h2>\n\n\n\n<p>This summer, let&#039;s make a bet! That of putting the car down and not taking it back from all the holidays! If you are unable to take it with you, do not hesitate to visit one of the\u00a0<a href=\"https:\/\/dev.bassin-arcachon.com\/en\/move-on-the-pelvis\/bike-rentals\/\" data-type=\"page\" data-id=\"715\">Arcachon Bassin bike rental companies.<\/a><\/p>\n\n\n\n<p>During the holidays, you will move more easily by bike along the cycle paths, avoiding traffic jams, to enjoy your time even more.<\/p>\n<\/div>\n\n\n\n<div class=\"wp-block-uagb-container uagb-block-049f2000\">\n<div class=\"wp-block-uagb-image uagb-block-05b254ff wp-block-uagb-image--layout-default wp-block-uagb-image--effect-static wp-block-uagb-image--align-none\"><figure class=\"wp-block-uagb-image__figure\"><img decoding=\"async\" srcset=\"https:\/\/dev.bassin-arcachon.com\/wp-content\/uploads\/2017\/07\/balade-detente-amis-bassin-arcachon-1024x683.jpg \" sizes=\"auto, (max-width: 480px) 150px\" src=\"https:\/\/dev.bassin-arcachon.com\/wp-content\/uploads\/2017\/07\/balade-detente-amis-bassin-arcachon-1024x683.jpg\" alt=\"- - Bassin d&#039;Arcachon\" class=\"uag-image-5859\" width=\"1024\" height=\"683\" title=\"- - Bassin d&#039;Arcachon\" loading=\"lazy\" role=\"img\"><\/figure><\/div>\n<\/div>\n<\/div><\/div>\n\n\n\n<div style=\"height:60px\" aria-hidden=\"true\" class=\"wp-block-spacer wp-embed-aspect-16-9 wp-has-aspect-ratio\"><\/div>\n\n\n\n<div class=\"wp-block-uagb-container wp-embed-aspect-16-9 wp-has-aspect-ratio uagb-block-f17bbe37 alignfull uagb-is-root-container\"><div class=\"uagb-container-inner-blocks-wrap\">\n<figure class=\"wp-block-pullquote\"><blockquote><p>This is one of the most charming ways to discover Arcachon&#039;s Bassin!<\/p><\/blockquote><\/figure>\n\n\n\n<p>Of course, don&#039;t forget the picnic in the basket, or stop at one of the restaurants or an oyster shack of the Bassin. The perfect day of real vacation!<\/p>\n<\/div><\/div>\n\n\n\n<div style=\"height:60px\" aria-hidden=\"true\" class=\"wp-block-spacer wp-embed-aspect-16-9 wp-has-aspect-ratio\"><\/div>\n\n\n\n<div class=\"wp-block-uagb-container wp-embed-aspect-16-9 wp-has-aspect-ratio uagb-block-35300a98 alignfull uagb-is-root-container\"><div class=\"uagb-container-inner-blocks-wrap\">\n<div class=\"wp-block-uagb-container uagb-block-aea16f47\">\n<div class=\"wp-block-uagb-image uagb-block-aa5f82e8 wp-block-uagb-image--layout-default wp-block-uagb-image--effect-static wp-block-uagb-image--align-none\"><figure class=\"wp-block-uagb-image__figure\"><img decoding=\"async\" srcset=\"https:\/\/dev.bassin-arcachon.com\/wp-content\/uploads\/2017\/02\/Dune_N6015-683x1024.jpg \" sizes=\"auto, (max-width: 480px) 150px\" src=\"https:\/\/dev.bassin-arcachon.com\/wp-content\/uploads\/2017\/02\/Dune_N6015-683x1024.jpg\" alt=\"- - Bassin d&#039;Arcachon\" class=\"uag-image-7413\" width=\"683\" height=\"1024\" title=\"- - Bassin d&#039;Arcachon\" loading=\"lazy\" role=\"img\"><\/figure><\/div>\n<\/div>\n\n\n\n<div class=\"wp-block-uagb-container uagb-block-6be38578\">\n<h2 class=\"wp-block-heading\">A day to experience the essentials<\/h2>\n\n\n\n<p>On the program for this day full of emotions, start by climbing&nbsp;<a href=\"https:\/\/www.bassin-arcachon.com\/nos-incontournables\/la-dune-du-pilat\/\">the Dune of Pilat<\/a>.<\/p>\n\n\n\n<p>After some effort, you will be rewarded with an incredible view of&nbsp;<a href=\"https:\/\/www.bassin-arcachon.com\/nos-incontournables\/le-banc-darguin\/\">the Banc d&#039;Arguin&nbsp;<\/a>and&nbsp;<a href=\"https:\/\/www.bassin-arcachon.com\/nos-incontournables\/le-phare-et-pointe-du-cap-ferret\/\">Cap Ferret Lighthouse<\/a>&nbsp;far away.<\/p>\n\n\n\n<p>It will be your next step!<\/p>\n\n\n\n<p>Head to the Moulleau Jetty at&nbsp;<a href=\"https:\/\/www.bassin-arcachon.com\/nos-villes-et-villages\/arcachon\/\">Arcachon<\/a>&nbsp;to embark, on Cap Ferret. On site, take the time to stroll through the oyster-farming village, and why not taste some oysters facing the Dune.<\/p>\n\n\n\n<p>Then climb the steps of the Lighthouse for a panoramic view of the Bassin of Arcachon.<\/p>\n\n\n\n<p>Smart Bassin: Take the opportunity to enjoy the visit to the Lighthouse!<\/p>\n\n\n\n<p>Going down, a little swim is needed to end the day in style.<\/p>\n\n\n\n<p>That&#039;s it, you&#039;re satisfied!<\/p>\n<\/div>\n<\/div><\/div>\n\n\n\n<div style=\"height:60px\" aria-hidden=\"true\" class=\"wp-block-spacer\"><\/div>\n\n\n\n<div class=\"wp-block-uagb-container uagb-block-48a7c9b7 alignfull uagb-is-root-container\"><div class=\"uagb-container-inner-blocks-wrap\">\n<div class=\"wp-block-uagb-container uagb-block-ed284f10\">\n<h2 class=\"wp-block-heading\">Spend a day at the beach<\/h2>\n\n\n\n<p>Always accompanied by a good book, snowshoes or a surfboard!<\/p>\n\n\n\n<p>On the Arcachon Bassin, you will have the choice between&nbsp;<a href=\"https:\/\/www.bassin-arcachon.com\/nos-incontournables\/les-plages\/\">ocean side beaches<\/a>, where the waves are strongest.<\/p>\n\n\n\n<p>For calm water, prefer&nbsp;<a href=\"https:\/\/www.bassin-arcachon.com\/nos-incontournables\/les-plages\/\">the ranges on the Bassin side<\/a>, where you can swim at high tide.<\/p>\n\n\n\n<p>We no longer hesitate, we dive!<\/p>\n<\/div>\n\n\n\n<div class=\"wp-block-uagb-container uagb-block-a24dea31\">\n<div class=\"wp-block-uagb-image uagb-block-2735c0ec wp-block-uagb-image--layout-default wp-block-uagb-image--effect-static wp-block-uagb-image--align-none\"><figure class=\"wp-block-uagb-image__figure\"><img decoding=\"async\" srcset=\"https:\/\/dev.bassin-arcachon.com\/wp-content\/uploads\/2017\/03\/1-plage-bassin-darcachon-j5-1024x683.jpg \" sizes=\"auto, (max-width: 480px) 150px\" src=\"https:\/\/dev.bassin-arcachon.com\/wp-content\/uploads\/2017\/03\/1-plage-bassin-darcachon-j5-1024x683.jpg\" alt=\"- - Bassin d&#039;Arcachon\" class=\"uag-image-533\" width=\"1024\" height=\"683\" title=\"- - Bassin d&#039;Arcachon\" loading=\"lazy\" role=\"img\"><\/figure><\/div>\n<\/div>\n<\/div><\/div>\n\n\n\n<div style=\"height:60px\" aria-hidden=\"true\" class=\"wp-block-spacer\"><\/div>\n\n\n\n<div class=\"wp-block-uagb-container uagb-block-9f67d6f2 alignfull uagb-is-root-container\"><div class=\"uagb-container-inner-blocks-wrap\">\n<div class=\"wp-block-uagb-container uagb-block-166c7367\">\t\t\t\t\t<div\n\t\t\t\t\t\tclass=\"wp-block-uagb-image-gallery uagb-block-3e3badf3\"\n\t\t\t\t\t\tstyle=\"\"\n\t\t\t\t\t>\n\t\t\t\t\t\t\t\t\t\t\t<div class=\"spectra-image-gallery spectra-image-gallery__layout--grid spectra-image-gallery__layout--grid-col-1 spectra-image-gallery__layout--grid-col-tab-1 spectra-image-gallery__layout--grid-col-mob-1\">\n\t\t\t\t\t\t\t\t\t\t\t<div class='spectra-image-gallery__media-wrapper' data-spectra-gallery-image-id='1822' tabindex=\"0\">\n\t\t\t\t\t\t\t<div class=\"spectra-image-gallery__media spectra-image-gallery__media--grid\">\n\t\t\t\t<picture>\n\t\t\t\t\t<source media=\"(min-width: 1024px)\" srcset=\"https:\/\/dev.bassin-arcachon.com\/wp-content\/uploads\/2017\/02\/glace-bassin-arcachon-683x1024.jpg\">\n\t\t\t\t\t<source media=\"(min-width: 768px)\" srcset=\"https:\/\/dev.bassin-arcachon.com\/wp-content\/uploads\/2017\/02\/glace-bassin-arcachon-683x1024.jpg\">\n\t\t\t\t\t<img decoding=\"async\" class=\"spectra-image-gallery__media-thumbnail spectra-image-gallery__media-thumbnail--grid\" src=\"https:\/\/dev.bassin-arcachon.com\/wp-content\/uploads\/2017\/02\/glace-bassin-arcachon-200x300.jpg\" alt=\"- - Bassin d&#039;Arcachon\" loading=\"lazy\" title=\"- - Bassin d&#039;Arcachon\">\n\t\t\t\t<\/picture>\n\t\t\t\t<div class=\"spectra-image-gallery__media-thumbnail-blurrer\"><\/div>\n\t\t\t\t\t\t\t\t\t\t\t<div class=\"spectra-image-gallery__media-thumbnail-caption-wrapper spectra-image-gallery__media-thumbnail-caption-wrapper--overlay\"><\/div>\n\t\t\t\t\t\t\t\t<\/div>\n\t\t\t\t\t\t<\/div>\n\t\t\t\t\t\t\t\t\t\t<\/div>\n\t\t\t\t\t\t\t\t\t\t\t\t\t\t\t\t\t\t<\/div>\n\t\t\t\t\t\t\t\t\t<\/div>\n\n\n\n<div class=\"wp-block-uagb-container uagb-block-179567dc\">\n<h2 class=\"wp-block-heading\">Enjoy a good ice cream<\/h2>\n\n\n\n<p>Sorbet rhymes perfectly with summer holidays!<\/p>\n\n\n\n<p>What a pleasure to choose your favorite perfume after a day at the beach. Among the many ice cream parlors of the Bassin in Arcachon, Sorbet d&#039;amour has been our artisan since 1935! Appointment at&nbsp;<a href=\"https:\/\/www.bassin-arcachon.com\/nos-villes-et-villages\/andernos-les-bains\/\">Andernos<\/a>, Arcachon,&nbsp;<a href=\"https:\/\/www.bassin-arcachon.com\/nos-villes-et-villages\/lege-cap-ferret\/\">in Cap Ferret<\/a>&nbsp;and&nbsp;<a href=\"https:\/\/www.bassin-arcachon.com\/nos-villes-et-villages\/la-teste-de-buch\/\">La Teste de Buch<\/a>.<\/p>\n\n\n\n<p>If you are a foodie, why not try the famous white dunes of Chez Pascal, or bring back some chocolate oysters signed Pierre Mirgalet in Arcachon or&nbsp;<a href=\"https:\/\/www.bassin-arcachon.com\/nos-villes-et-villages\/gujan-mestras\/\">Gujan-Mestras<\/a>&nbsp;?<\/p>\n<\/div>\n<\/div><\/div>\n\n\n\n<div style=\"height:60px\" aria-hidden=\"true\" class=\"wp-block-spacer\"><\/div>\n\n\n\n<div class=\"wp-block-uagb-container uagb-block-48b97895 alignfull uagb-is-root-container\"><div class=\"uagb-container-inner-blocks-wrap\">\n<h2 class=\"wp-block-heading\">Have fun with family<\/h2>\n\n\n\n<p>For a day that children will love as much as parents, head to <a href=\"https:\/\/eratopia.fr\/\" target=\"_blank\" rel=\"noopener\">Eratopia<\/a> of Gujan-Mestras. Between the slides, the mini-golf, the bowling, or the pool-SPA, it&#039;s time to get together with the family and share a good time.<\/p>\n\n\n\n<p>To take a little height, test the tree climbing courses in Andernos and L\u00e8ge-Cap Ferret. There are several levels of difficulty, you won&#039;t need to be an acrobatics professional to have fun!<\/p>\n\n\n\n<div style=\"height:20px\" aria-hidden=\"true\" class=\"wp-block-spacer\"><\/div>\n\n\n\n<figure class=\"wp-block-embed is-type-video is-provider-youtube wp-block-embed-youtube wp-embed-aspect-16-9 wp-has-aspect-ratio\"><div class=\"wp-block-embed__wrapper\">\n<iframe loading=\"lazy\" title=\"Bassin leisure parks\" width=\"500\" height=\"281\" src=\"https:\/\/www.youtube.com\/embed\/wmEM66F7UGk?feature=oembed\" frameborder=\"0\" allow=\"accelerometer; autoplay; clipboard-write; encrypted-media; gyroscope; picture-in-picture; web-share\" referrerpolicy=\"strict-origin-when-cross-origin\" allowfullscreen><\/iframe>\n<\/div><\/figure>\n<\/div><\/div>\n\n\n\n<div style=\"height:60px\" aria-hidden=\"true\" class=\"wp-block-spacer\"><\/div>\n\n\n\n<div class=\"wp-block-uagb-container uagb-block-0074265a alignfull uagb-is-root-container\"><div class=\"uagb-container-inner-blocks-wrap\">\n<div class=\"wp-block-uagb-container uagb-block-9fa5eb8d\">\n<h2 class=\"wp-block-heading\">A day on the boat<\/h2>\n\n\n\n<p>If you have the soul of a sailor, it is possible to&nbsp;<a href=\"https:\/\/www.bassin-arcachon.com\/se-deplacer-sur-le-bassin\/locations-bateaux\/\">rent a boat<\/a>&nbsp;for a trip on the Bassin.<\/p>\n\n\n\n<p>You can also let yourself be carried away in a pinnace, with one of the boatmen who will be happy to tell you the story of the Bassin during your trip to the Banc d&#039;Arguin, or in front of the beautiful villas of Cap Ferret.<\/p>\n\n\n\n<p>Finally, for budding sailors who do not yet have a license, electric boats without a license at the Port du&nbsp;<a href=\"https:\/\/www.bassin-arcachon.com\/nos-villes-et-villages\/le-teich\/\">Teich<\/a>&nbsp;will allow you to navigate at your own pace on the Leyre delta.<\/p>\n<\/div>\n\n\n\n<div class=\"wp-block-uagb-container uagb-block-877d1ded\">\n<div class=\"wp-block-uagb-image uagb-block-14a139ca wp-block-uagb-image--layout-default wp-block-uagb-image--effect-static wp-block-uagb-image--align-none\"><figure class=\"wp-block-uagb-image__figure\"><img decoding=\"async\" srcset=\"https:\/\/dev.bassin-arcachon.com\/wp-content\/uploads\/2017\/04\/photo-de-une-1024x683.jpg \" sizes=\"auto, (max-width: 480px) 150px\" src=\"https:\/\/dev.bassin-arcachon.com\/wp-content\/uploads\/2017\/04\/photo-de-une-1024x683.jpg\" alt=\"- - Bassin d&#039;Arcachon\" class=\"uag-image-1171\" width=\"1024\" height=\"683\" title=\"- - Bassin d&#039;Arcachon\" loading=\"lazy\" role=\"img\"><\/figure><\/div>\n<\/div>\n<\/div><\/div>\n\n\n\n<div style=\"height:60px\" aria-hidden=\"true\" class=\"wp-block-spacer\"><\/div>\n\n\n\n<div class=\"wp-block-uagb-container uagb-block-98b866ff alignfull uagb-is-root-container\"><div class=\"uagb-container-inner-blocks-wrap\">\n<div class=\"wp-block-uagb-container uagb-block-7cc70e24\">\n<div class=\"wp-block-uagb-image uagb-block-3ff4ebaa wp-block-uagb-image--layout-default wp-block-uagb-image--effect-static wp-block-uagb-image--align-none\"><figure class=\"wp-block-uagb-image__figure\"><img decoding=\"async\" srcset=\"https:\/\/dev.bassin-arcachon.com\/wp-content\/uploads\/2017\/02\/maree-ostreicole-bassin-arcachon.jpg \" sizes=\"auto, (max-width: 480px) 150px\" src=\"https:\/\/dev.bassin-arcachon.com\/wp-content\/uploads\/2017\/02\/maree-ostreicole-bassin-arcachon.jpg\" alt=\"- - Bassin d&#039;Arcachon\" class=\"uag-image-1823\" width=\"800\" height=\"533\" title=\"- - Bassin d&#039;Arcachon\" loading=\"lazy\" role=\"img\"><\/figure><\/div>\n<\/div>\n\n\n\n<div class=\"wp-block-uagb-container uagb-block-318c6e35\">\n<h2 class=\"wp-block-heading\">Embark with the oyster farmers<\/h2>\n\n\n\n<p>Embark with the oyster farmers You are going to have a wonderful day!<\/p>\n\n\n\n<p>The time of a tide, climb aboard a flat to follow an oyster farmer in the direction of his oyster beds: a real authentic moment to discover a difficult but fascinating profession, and meet people who are just as difficult.<\/p>\n\n\n\n<p>To book,&nbsp;<a href=\"https:\/\/fr.calameo.com\/read\/000024421db02420a7082\" target=\"_blank\" rel=\"noreferrer noopener\">call the authorized professionals directly<\/a>&nbsp;!<\/p>\n<\/div>\n<\/div><\/div>\n\n\n\n<div style=\"height:60px\" aria-hidden=\"true\" class=\"wp-block-spacer\"><\/div>\n\n\n\n<div class=\"wp-block-uagb-container uagb-block-05e0372b alignfull uagb-is-root-container\"><div class=\"uagb-container-inner-blocks-wrap\">\n<div class=\"wp-block-uagb-container uagb-block-836d7507\">\n<h2 class=\"wp-block-heading\">Lose yourself with pleasure in the middle of nature<\/h2>\n\n\n\n<p>Getting lost yes, but above all in the figurative sense! What a pleasure to find a corner of nature to escape and enjoy the holidays differently. Along the trails of&nbsp;<a href=\"https:\/\/www.bassin-arcachon.com\/nos-incontournables\/les-domaines-de-certes-graveyron\/\">Certainly-Graveyron domains<\/a>&nbsp;or from the Domaine de Fleury to Teich, it is an opportunity to observe animals in their natural habitat. Birds on the ground or in the air, or blondes from Aquitaine who always have their feet on the ground, and their noses in the grass! To&nbsp;<a href=\"https:\/\/www.bassin-arcachon.com\/nos-incontournables\/les-pres-sales-dares-lege\/\">Pr\u00e9s Sal\u00e9s d'Ar\u00e8s-L\u00e8ge<\/a>, another natural setting awaits you, wilder, with even airs of savannah. Magic !<\/p>\n<\/div>\n\n\n\n<div class=\"wp-block-uagb-container uagb-block-a6459c92\">\n<div class=\"wp-block-uagb-image uagb-block-17707cf6 wp-block-uagb-image--layout-default wp-block-uagb-image--effect-static wp-block-uagb-image--align-none\"><figure class=\"wp-block-uagb-image__figure\"><img decoding=\"async\" srcset=\"https:\/\/dev.bassin-arcachon.com\/wp-content\/uploads\/2017\/02\/domaines-certes-graveyron-1024x683.jpg \" sizes=\"auto, (max-width: 480px) 150px\" src=\"https:\/\/dev.bassin-arcachon.com\/wp-content\/uploads\/2017\/02\/domaines-certes-graveyron-1024x683.jpg\" alt=\"- - Bassin d&#039;Arcachon\" class=\"uag-image-1827\" width=\"1024\" height=\"683\" title=\"- - Bassin d&#039;Arcachon\" loading=\"lazy\" role=\"img\"><\/figure><\/div>\n<\/div>\n<\/div><\/div>\n\n\n\n<div style=\"height:60px\" aria-hidden=\"true\" class=\"wp-block-spacer\"><\/div>\n\n\n\n<div class=\"wp-block-uagb-container uagb-block-33035eda alignfull uagb-is-root-container\"><div class=\"uagb-container-inner-blocks-wrap\">\n<div class=\"wp-block-uagb-container uagb-block-f00e86ea\">\n<div class=\"wp-block-uagb-image uagb-block-6df67eb1 wp-block-uagb-image--layout-default wp-block-uagb-image--effect-static wp-block-uagb-image--align-none\"><figure class=\"wp-block-uagb-image__figure\"><img decoding=\"async\" srcset=\"https:\/\/dev.bassin-arcachon.com\/wp-content\/uploads\/2017\/02\/balade-dans-les-ports-bassin-arcachon-1024x683.jpg \" sizes=\"auto, (max-width: 480px) 150px\" src=\"https:\/\/dev.bassin-arcachon.com\/wp-content\/uploads\/2017\/02\/balade-dans-les-ports-bassin-arcachon-1024x683.jpg\" alt=\"- - Bassin d&#039;Arcachon\" class=\"uag-image-1824\" width=\"1024\" height=\"683\" title=\"- - Bassin d&#039;Arcachon\" loading=\"lazy\" role=\"img\"><\/figure><\/div>\n<\/div>\n\n\n\n<div class=\"wp-block-uagb-container uagb-block-bf6c059c\">\n<h2 class=\"wp-block-heading\">(Re)Discover oyster ports<\/h2>\n\n\n\n<p>A new alley, a pretty colorful house, a bench to sit on and watch the passing of time...<\/p>\n\n\n\n<p>The oyster ports are always in a good place to stroll and take your time. Head off towards Gujan-Mestras and its 7 ports to discover the work of oyster farmers,<a href=\"https:\/\/www.bassin-arcachon.com\/nos-villes-et-villages\/andernos-les-bains\/\">Andernos<\/a>&nbsp;or Ares, or even Cap Ferret, l&#039;Herbe or le Canon.<\/p>\n\n\n\n<p>For lovers of &quot;secret&quot; corners, you will love the Port des Tuiles, Le Four, or the Aiguillon district.<\/p>\n<\/div>\n<\/div><\/div>\n\n\n\n<div style=\"height:60px\" aria-hidden=\"true\" class=\"wp-block-spacer\"><\/div>","protected":false},"excerpt":{"rendered":"<p>Put the car down, so you don&#039;t take it back from vacation. This summer, let&#039;s take a bet! That of putting the car down and never picking it up again [\u2026]<\/p>","protected":false},"author":25,"featured_media":946,"parent":33,"menu_order":2,"comment_status":"closed","ping_status":"closed","template":"","meta":{"_acf_changed":false,"_uag_custom_page_level_css":"","footnotes":""},"class_list":["post-151","page","type-page","status-publish","has-post-thumbnail","hentry"],"acf":[],"uagb_featured_image_src":{"full":["https:\/\/dev.bassin-arcachon.com\/wp-content\/uploads\/2017\/02\/plage-sable.jpg",1200,800,false],"thumbnail":["https:\/\/dev.bassin-arcachon.com\/wp-content\/uploads\/2017\/02\/plage-sable-150x150.jpg",150,150,true],"medium":["https:\/\/dev.bassin-arcachon.com\/wp-content\/uploads\/2017\/02\/plage-sable-300x200.jpg",300,200,true],"medium_large":["https:\/\/dev.bassin-arcachon.com\/wp-content\/uploads\/2017\/02\/plage-sable-768x512.jpg",768,512,true],"large":["https:\/\/dev.bassin-arcachon.com\/wp-content\/uploads\/2017\/02\/plage-sable-1024x683.jpg",1024,683,true],"1536x1536":["https:\/\/dev.bassin-arcachon.com\/wp-content\/uploads\/2017\/02\/plage-sable.jpg",1200,800,false],"2048x2048":["https:\/\/dev.bassin-arcachon.com\/wp-content\/uploads\/2017\/02\/plage-sable.jpg",1200,800,false],"trp-custom-language-flag":["https:\/\/dev.bassin-arcachon.com\/wp-content\/uploads\/2017\/02\/plage-sable-18x12.jpg",18,12,true],"fp-small":["https:\/\/dev.bassin-arcachon.com\/wp-content\/uploads\/2017\/02\/plage-sable-640x427.jpg",640,427,true],"fp-large":["https:\/\/dev.bassin-arcachon.com\/wp-content\/uploads\/2017\/02\/plage-sable.jpg",1200,800,false],"fp-xlarge":["https:\/\/dev.bassin-arcachon.com\/wp-content\/uploads\/2017\/02\/plage-sable.jpg",1200,800,false]},"uagb_author_info":{"display_name":"Marie Clauzel","author_link":"https:\/\/dev.bassin-arcachon.com\/en\/author\/mariesiba\/"},"uagb_comment_info":0,"uagb_excerpt":"Poser la voiture, pour ne plus la reprendre des vacances Cet \u00e9t\u00e9, faisons un pari ! Celui de poser la voiture et de ne plus la reprendre de toutes les [&hellip;]","_links":{"self":[{"href":"https:\/\/dev.bassin-arcachon.com\/en\/wp-json\/wp\/v2\/pages\/151","targetHints":{"allow":["GET"]}}],"collection":[{"href":"https:\/\/dev.bassin-arcachon.com\/en\/wp-json\/wp\/v2\/pages"}],"about":[{"href":"https:\/\/dev.bassin-arcachon.com\/en\/wp-json\/wp\/v2\/types\/page"}],"author":[{"embeddable":true,"href":"https:\/\/dev.bassin-arcachon.com\/en\/wp-json\/wp\/v2\/users\/25"}],"replies":[{"embeddable":true,"href":"https:\/\/dev.bassin-arcachon.com\/en\/wp-json\/wp\/v2\/comments?post=151"}],"version-history":[{"count":1,"href":"https:\/\/dev.bassin-arcachon.com\/en\/wp-json\/wp\/v2\/pages\/151\/revisions"}],"predecessor-version":[{"id":68228,"href":"https:\/\/dev.bassin-arcachon.com\/en\/wp-json\/wp\/v2\/pages\/151\/revisions\/68228"}],"up":[{"embeddable":true,"href":"https:\/\/dev.bassin-arcachon.com\/en\/wp-json\/wp\/v2\/pages\/33"}],"wp:featuredmedia":[{"embeddable":true,"href":"https:\/\/dev.bassin-arcachon.com\/en\/wp-json\/wp\/v2\/media\/946"}],"wp:attachment":[{"href":"https:\/\/dev.bassin-arcachon.com\/en\/wp-json\/wp\/v2\/media?parent=151"}],"curies":[{"name":"wp","href":"https:\/\/api.w.org\/{rel}","templated":true}]}}