{"id":153,"date":"2017-08-09T17:35:19","date_gmt":"2017-08-09T15:35:19","guid":{"rendered":"https:\/\/dev.bassin-arcachon.com\/\/?page_id=153"},"modified":"2024-11-06T10:36:09","modified_gmt":"2024-11-06T09:36:09","slug":"autumn","status":"publish","type":"page","link":"https:\/\/dev.bassin-arcachon.com\/en\/the-pool-is-all-season\/autumn\/","title":{"rendered":"Arcachon Bassin in Autumn"},"content":{"rendered":"<div class=\"wp-block-uagb-container uagb-block-6cd820a2 alignfull uagb-is-root-container\"><div class=\"uagb-container-inner-blocks-wrap\">\n<div class=\"wp-block-uagb-container uagb-block-e76a9633\">\n<h2 class=\"wp-block-heading\">Mushroom picking<\/h2>\n\n\n\n<p>It&#039;s the same refrain every year, that of the mushroom season and the good little dishes that go with it!<\/p>\n\n\n\n<p>There are several &quot;secret&quot; corners for picking mushrooms on the Bassin, such as the forest of Lanton, Gujan-Mestras or Ar\u00e8s.<\/p>\n\n\n\n<p>Smart Bassin: the Ar\u00e8s Tourist Office organizes every autumn&nbsp;<a href=\"http:\/\/www.ares-tourisme.com\/se-divertir\/visites-guidees.html#sortie_champignons\" target=\"_blank\" rel=\"noreferrer noopener\">picking initiation outings!<\/a><\/p>\n<\/div>\n\n\n\n<div class=\"wp-block-uagb-container uagb-block-4accb076\">\n<div class=\"wp-block-uagb-image uagb-block-419aaff0 wp-block-uagb-image--layout-default wp-block-uagb-image--effect-static wp-block-uagb-image--align-none\"><figure class=\"wp-block-uagb-image__figure\"><img decoding=\"async\" srcset=\"https:\/\/dev.bassin-arcachon.com\/wp-content\/uploads\/2017\/10\/champignons-siba-agence-les-conteurs-113-1024x683.jpg \" sizes=\"auto, (max-width: 480px) 150px\" src=\"https:\/\/dev.bassin-arcachon.com\/wp-content\/uploads\/2017\/10\/champignons-siba-agence-les-conteurs-113-1024x683.jpg\" alt=\"Mushrooms-ares\" class=\"uag-image-9849\" width=\"1024\" height=\"683\" title=\"- - Bassin d&#039;Arcachon\" loading=\"lazy\"><\/figure><\/div>\n<\/div>\n<\/div><\/div>\n\n\n\n<div style=\"height:60px\" aria-hidden=\"true\" class=\"wp-block-spacer\"><\/div>\n\n\n\n<div class=\"wp-block-uagb-container uagb-block-bf8f0075 alignfull uagb-is-root-container\"><div class=\"uagb-container-inner-blocks-wrap\">\n<div class=\"wp-block-uagb-container uagb-block-3d90f421\">\n<div class=\"wp-block-uagb-image uagb-block-721a48d4 wp-block-uagb-image--layout-default wp-block-uagb-image--effect-static wp-block-uagb-image--align-none\"><figure class=\"wp-block-uagb-image__figure\"><img decoding=\"async\" srcset=\"https:\/\/dev.bassin-arcachon.com\/wp-content\/uploads\/2017\/02\/oiseau-bassin-arccahon.jpg \" sizes=\"auto, (max-width: 480px) 150px\" src=\"https:\/\/dev.bassin-arcachon.com\/wp-content\/uploads\/2017\/02\/oiseau-bassin-arccahon.jpg\" alt=\"- - Bassin d&#039;Arcachon\" class=\"uag-image-23564\" width=\"1000\" height=\"666\" title=\"- - Bassin d&#039;Arcachon\" loading=\"lazy\"><\/figure><\/div>\n<\/div>\n\n\n\n<div class=\"wp-block-uagb-container uagb-block-643e7826\">\n<h2 class=\"wp-block-heading\">Observe the birds<\/h2>\n\n\n\n<p>Take the camera, or better yet, your binoculars to watch the birds at&nbsp;<a href=\"https:\/\/www.bassin-arcachon.com\/nos-incontournables\/la-reserve-ornithologique\/\">Teich Ornithological Reserve<\/a>, to&nbsp;<a href=\"https:\/\/www.bassin-arcachon.com\/nos-incontournables\/les-domaines-de-certes-graveyron\/\">Certainly-Graveyron domains<\/a>&nbsp;or even to&nbsp;<a href=\"https:\/\/www.bassin-arcachon.com\/nos-incontournables\/les-pres-sales-dares-lege\/\">Near Sal\u00e9s d&#039;Ar\u00e8s-L\u00e8ge<\/a>. The migration begins for certain species which will come to spend a very pleasant winter on the Bassin! This is for example the case of the Bernache Cravant that you can observe near the&nbsp;<a href=\"https:\/\/www.bassin-arcachon.com\/nos-incontournables\/les-cabanes-tchanquees\/\">\"Cabanes Tchanqu\u00e9es\"<\/a>&nbsp;or near the jetty of Andernos-les-Bains.<\/p>\n<\/div>\n<\/div><\/div>\n\n\n\n<div style=\"height:60px\" aria-hidden=\"true\" class=\"wp-block-spacer\"><\/div>\n\n\n\n<div class=\"wp-block-uagb-container uagb-block-d159c8fe alignfull uagb-is-root-container\"><div class=\"uagb-container-inner-blocks-wrap\">\n<div class=\"wp-block-uagb-container uagb-block-ca61f051\">\n<h2 class=\"wp-block-heading\">Climb to the top of the Dune du Pilat<\/h2>\n\n\n\n<p>In the fall, a sports session of&nbsp;<a href=\"https:\/\/www.bassin-arcachon.com\/nos-incontournables\/la-dune-du-pilat\/\">the Dune of Pilat<\/a>&nbsp;waiting for you ! The stairs are removed every year after All Saints, and the climb will be even more pleasant.<\/p>\n\n\n\n<p>At this time of year, you will have the pleasant feeling that the Dune will be yours alone. Take the opportunity to venture farther afield and walk along the ridge.<\/p>\n<\/div>\n\n\n\n<div class=\"wp-block-uagb-container uagb-block-36f599ef\">\n<div class=\"wp-block-uagb-image uagb-block-17974086 wp-block-uagb-image--layout-default wp-block-uagb-image--effect-static wp-block-uagb-image--align-none\"><figure class=\"wp-block-uagb-image__figure\"><img decoding=\"async\" srcset=\"https:\/\/dev.bassin-arcachon.com\/wp-content\/uploads\/2017\/10\/Dune-du-Pilat-N0059-1024x683.jpg \" sizes=\"auto, (max-width: 480px) 150px\" src=\"https:\/\/dev.bassin-arcachon.com\/wp-content\/uploads\/2017\/10\/Dune-du-Pilat-N0059-1024x683.jpg\" alt=\"- - Bassin d&#039;Arcachon\" class=\"uag-image-9857\" width=\"1024\" height=\"683\" title=\"- - Bassin d&#039;Arcachon\" loading=\"lazy\"><\/figure><\/div>\n<\/div>\n<\/div><\/div>\n\n\n\n<div style=\"height:60px\" aria-hidden=\"true\" class=\"wp-block-spacer\"><\/div>\n\n\n\n<div class=\"wp-block-uagb-container uagb-block-fed67777 alignfull uagb-is-root-container\"><div class=\"uagb-container-inner-blocks-wrap\">\n<div class=\"wp-block-uagb-container uagb-block-cbe31b1e\">\n<div class=\"wp-block-uagb-image uagb-block-4c7d378a wp-block-uagb-image--layout-default wp-block-uagb-image--effect-static wp-block-uagb-image--align-none\"><figure class=\"wp-block-uagb-image__figure\"><img decoding=\"async\" srcset=\"https:\/\/dev.bassin-arcachon.com\/wp-content\/uploads\/2017\/02\/ostreiculteur-bassin-arcachon-1024x683.jpg \" sizes=\"auto, (max-width: 480px) 150px\" src=\"https:\/\/dev.bassin-arcachon.com\/wp-content\/uploads\/2017\/02\/ostreiculteur-bassin-arcachon-1024x683.jpg\" alt=\"- - Bassin d&#039;Arcachon\" class=\"uag-image-1838\" width=\"1024\" height=\"683\" title=\"- - Bassin d&#039;Arcachon\" loading=\"lazy\"><\/figure><\/div>\n<\/div>\n\n\n\n<div class=\"wp-block-uagb-container uagb-block-d39e6a4b\">\n<h2 class=\"wp-block-heading\">Take the time to chat with the oyster farmers<\/h2>\n\n\n\n<p>Last summer, there was a certain calm in the oyster villages. It&#039;s not that oyster farmers have less work, on the contrary, because they are starting to prepare for the Christmas holidays. But the weather seems to get longer in the fall, and you can take some of their time to chat with them, learn more about how to raise oysters.<\/p>\n<\/div>\n<\/div><\/div>\n\n\n\n<div style=\"height:60px\" aria-hidden=\"true\" class=\"wp-block-spacer\"><\/div>\n\n\n\n<div class=\"wp-block-uagb-container uagb-block-190e1b6b alignfull uagb-is-root-container\">\n<div class=\"wp-block-cover is-light has-parallax\"><span aria-hidden=\"true\" class=\"wp-block-cover__background has-background-dim-0 has-background-dim\"><\/span><div class=\"wp-block-cover__image-background wp-image-8349 has-parallax\" style=\"background-position:50% 50%;background-image:url(https:\/\/dev.bassin-arcachon.com\/wp-content\/uploads\/2017\/02\/hotel-les-bains-darguin-thalazur-arcachon-divers-3.jpg)\"><\/div><div class=\"wp-block-cover__inner-container is-layout-flow wp-block-cover-is-layout-flow\">\n<div class=\"wp-block-uagb-container uagb-block-357a445e\">\n<h2 class=\"wp-block-heading has-text-align-center has-white-color has-text-color has-large-font-size\">Find available accommodation on Bassin<\/h2>\n\n\n\n<p class=\"has-text-align-center has-white-color has-text-color\"><a href=\"https:\/\/dev.bassin-arcachon.com\/en\/or-sleep\/\">Consult the list<\/a><\/p>\n<\/div>\n<\/div><\/div>\n<\/div>\n\n\n\n<div style=\"height:60px\" aria-hidden=\"true\" class=\"wp-block-spacer\"><\/div>\n\n\n\n<div class=\"wp-block-uagb-container uagb-block-1a7b2071 alignfull uagb-is-root-container\"><div class=\"uagb-container-inner-blocks-wrap\">\n<div class=\"wp-block-uagb-container uagb-block-2cf99f48\">\n<h2 class=\"wp-block-heading\"><br>Take a bike ride to admire the fall colors<\/h2>\n\n\n\n<p>With the&nbsp;<a href=\"https:\/\/www.bassin-arcachon.com\/le-bassin-a-toute-saison\/printemps\/\">spring<\/a>, autumn is one of the most beautiful seasons for observing nature. And what a pleasure to get on the bike on a beautiful day, head for the Quinconces natural site in Andernos or the Ch\u00eaneraie park in Gujan-Mestras, or on foot in the dune forest of Camicas (Arcachon and La Teste de Buch).<\/p>\n\n\n\n<p>Find&nbsp;<a href=\"https:\/\/www.bassin-arcachon.com\/tous-les-circuits\/\">your ideal cycling route<\/a>&nbsp;this way.<\/p>\n<\/div>\n\n\n\n<div class=\"wp-block-uagb-container uagb-block-7ac50067\">\n<div class=\"wp-block-uagb-image uagb-block-e26c961e wp-block-uagb-image--layout-default wp-block-uagb-image--effect-static wp-block-uagb-image--align-none\"><figure class=\"wp-block-uagb-image__figure\"><img decoding=\"async\" srcset=\"https:\/\/dev.bassin-arcachon.com\/wp-content\/uploads\/2018\/10\/port-andernos.jpg \" sizes=\"auto, (max-width: 480px) 150px\" src=\"https:\/\/dev.bassin-arcachon.com\/wp-content\/uploads\/2018\/10\/port-andernos.jpg\" alt=\"Autumn on the port of Andernos\" class=\"uag-image-26681\" width=\"1000\" height=\"800\" title=\"- - Bassin d&#039;Arcachon\" loading=\"lazy\"><\/figure><\/div>\n<\/div>\n<\/div><\/div>\n\n\n\n<div style=\"height:60px\" aria-hidden=\"true\" class=\"wp-block-spacer\"><\/div>\n\n\n\n<div class=\"wp-block-uagb-container uagb-block-95dfc2a1 alignfull uagb-is-root-container\"><div class=\"uagb-container-inner-blocks-wrap\">\n<div class=\"wp-block-uagb-container uagb-block-77b78e36\">\n<div class=\"wp-block-uagb-image uagb-block-41366014 wp-block-uagb-image--layout-default wp-block-uagb-image--effect-static wp-block-uagb-image--align-none\"><figure class=\"wp-block-uagb-image__figure\"><img decoding=\"async\" srcset=\"https:\/\/dev.bassin-arcachon.com\/wp-content\/uploads\/2017\/03\/plages-detente.jpg \" sizes=\"auto, (max-width: 480px) 150px\" src=\"https:\/\/dev.bassin-arcachon.com\/wp-content\/uploads\/2017\/03\/plages-detente.jpg\" alt=\"- - Bassin d&#039;Arcachon\" class=\"uag-image-405\" width=\"772\" height=\"515\" title=\"- - Bassin d&#039;Arcachon\" loading=\"lazy\"><\/figure><\/div>\n<\/div>\n\n\n\n<div class=\"wp-block-uagb-container uagb-block-24a4051f\">\n<h2 class=\"wp-block-heading\">Make the most of the season on the beaches of Bassin<\/h2>\n\n\n\n<p>If the wind refreshes the spirit during walks, it is also a perfect ally for a sand yachting session at the ocean beach of La Salie at La Teste de Buch! If you are more comfortable on the ground than in the water, take out your kite at Suzette beach in Lanton or B\u00e9tey beach in Andernos. Surfing enthusiasts will also give you their addresses, such as the ocean beaches of La Teste de Buch or those of L\u00e8ge-Cap Ferret!<\/p>\n<\/div>\n<\/div><\/div>\n\n\n\n<div style=\"height:60px\" aria-hidden=\"true\" class=\"wp-block-spacer\"><\/div>\n\n\n\n<div class=\"wp-block-uagb-container uagb-block-3fac7b08 alignfull uagb-is-root-container\"><div class=\"uagb-container-inner-blocks-wrap\">\n<div class=\"wp-block-uagb-container uagb-block-969e46ff\">\n<h2 class=\"wp-block-heading\">Rent a bed and breakfast to meet up for a weekend<\/h2>\n\n\n\n<p>To take advantage of all these activities, why not\u00a0<a href=\"https:\/\/www.bassin-arcachon.com\/hebergements\/chambres-dhotes\/\">rent a bed and breakfast<\/a>\u00a0for the weekend? If you book in advance, you can find great addresses with a view of the Bassin, charming places, close to the\u00a0<a href=\"https:\/\/www.bassin-arcachon.com\/nos-incontournables\/les-villages-et-ports-ostreicoles\/\">oyster villages<\/a>, and even at low prices.<\/p>\n<\/div>\n\n\n\n<div class=\"wp-block-uagb-container uagb-block-86ac5dd5\">\n<div class=\"wp-block-uagb-image uagb-block-d9782776 wp-block-uagb-image--layout-default wp-block-uagb-image--effect-static wp-block-uagb-image--align-none\"><figure class=\"wp-block-uagb-image__figure\"><img decoding=\"async\" srcset=\"https:\/\/dev.bassin-arcachon.com\/wp-content\/uploads\/2017\/10\/2.jpg \" sizes=\"auto, (max-width: 480px) 150px\" src=\"https:\/\/dev.bassin-arcachon.com\/wp-content\/uploads\/2017\/10\/2.jpg\" alt=\"- - Bassin d&#039;Arcachon\" class=\"uag-image-9855\" width=\"640\" height=\"425\" title=\"- - Bassin d&#039;Arcachon\" loading=\"lazy\"><\/figure><\/div>\n<\/div>\n<\/div><\/div>\n\n\n\n<div style=\"height:60px\" aria-hidden=\"true\" class=\"wp-block-spacer\"><\/div>","protected":false},"excerpt":{"rendered":"<p>Mushroom picking It&#039;s the same refrain every year, that of the mushroom season and the delicious dishes that go with it! There are several \u201csecret\u201d corners for [\u2026]<\/p>","protected":false},"author":25,"featured_media":8864,"parent":33,"menu_order":1,"comment_status":"closed","ping_status":"closed","template":"","meta":{"_acf_changed":false,"_uag_custom_page_level_css":"","footnotes":""},"class_list":["post-153","page","type-page","status-publish","has-post-thumbnail","hentry"],"acf":[],"uagb_featured_image_src":{"full":["https:\/\/dev.bassin-arcachon.com\/wp-content\/uploads\/2017\/02\/Port-de-gujan.jpg",1200,800,false],"thumbnail":["https:\/\/dev.bassin-arcachon.com\/wp-content\/uploads\/2017\/02\/Port-de-gujan-150x150.jpg",150,150,true],"medium":["https:\/\/dev.bassin-arcachon.com\/wp-content\/uploads\/2017\/02\/Port-de-gujan-300x200.jpg",300,200,true],"medium_large":["https:\/\/dev.bassin-arcachon.com\/wp-content\/uploads\/2017\/02\/Port-de-gujan-768x512.jpg",768,512,true],"large":["https:\/\/dev.bassin-arcachon.com\/wp-content\/uploads\/2017\/02\/Port-de-gujan-1024x683.jpg",1024,683,true],"1536x1536":["https:\/\/dev.bassin-arcachon.com\/wp-content\/uploads\/2017\/02\/Port-de-gujan.jpg",1200,800,false],"2048x2048":["https:\/\/dev.bassin-arcachon.com\/wp-content\/uploads\/2017\/02\/Port-de-gujan.jpg",1200,800,false],"trp-custom-language-flag":["https:\/\/dev.bassin-arcachon.com\/wp-content\/uploads\/2017\/02\/Port-de-gujan-18x12.jpg",18,12,true],"fp-small":["https:\/\/dev.bassin-arcachon.com\/wp-content\/uploads\/2017\/02\/Port-de-gujan-640x427.jpg",640,427,true],"fp-large":["https:\/\/dev.bassin-arcachon.com\/wp-content\/uploads\/2017\/02\/Port-de-gujan.jpg",1200,800,false],"fp-xlarge":["https:\/\/dev.bassin-arcachon.com\/wp-content\/uploads\/2017\/02\/Port-de-gujan.jpg",1200,800,false]},"uagb_author_info":{"display_name":"Marie Clauzel","author_link":"https:\/\/dev.bassin-arcachon.com\/en\/author\/mariesiba\/"},"uagb_comment_info":0,"uagb_excerpt":"La cueillette des champignons C\u2019est la m\u00eame ritournelle chaque ann\u00e9e, celle de la p\u00e9riode des champignons et des bons petits plats qui vont avec&nbsp;! Il existe plusieurs coins \u00ab&nbsp;secrets&nbsp;\u00bb pour [&hellip;]","_links":{"self":[{"href":"https:\/\/dev.bassin-arcachon.com\/en\/wp-json\/wp\/v2\/pages\/153","targetHints":{"allow":["GET"]}}],"collection":[{"href":"https:\/\/dev.bassin-arcachon.com\/en\/wp-json\/wp\/v2\/pages"}],"about":[{"href":"https:\/\/dev.bassin-arcachon.com\/en\/wp-json\/wp\/v2\/types\/page"}],"author":[{"embeddable":true,"href":"https:\/\/dev.bassin-arcachon.com\/en\/wp-json\/wp\/v2\/users\/25"}],"replies":[{"embeddable":true,"href":"https:\/\/dev.bassin-arcachon.com\/en\/wp-json\/wp\/v2\/comments?post=153"}],"version-history":[{"count":1,"href":"https:\/\/dev.bassin-arcachon.com\/en\/wp-json\/wp\/v2\/pages\/153\/revisions"}],"predecessor-version":[{"id":68226,"href":"https:\/\/dev.bassin-arcachon.com\/en\/wp-json\/wp\/v2\/pages\/153\/revisions\/68226"}],"up":[{"embeddable":true,"href":"https:\/\/dev.bassin-arcachon.com\/en\/wp-json\/wp\/v2\/pages\/33"}],"wp:featuredmedia":[{"embeddable":true,"href":"https:\/\/dev.bassin-arcachon.com\/en\/wp-json\/wp\/v2\/media\/8864"}],"wp:attachment":[{"href":"https:\/\/dev.bassin-arcachon.com\/en\/wp-json\/wp\/v2\/media?parent=153"}],"curies":[{"name":"wp","href":"https:\/\/api.w.org\/{rel}","templated":true}]}}