{"id":155,"date":"2017-08-09T17:44:49","date_gmt":"2017-08-09T15:44:49","guid":{"rendered":"https:\/\/dev.bassin-arcachon.com\/\/?page_id=155"},"modified":"2024-11-06T10:40:10","modified_gmt":"2024-11-06T09:40:10","slug":"winter","status":"publish","type":"page","link":"https:\/\/dev.bassin-arcachon.com\/en\/the-pool-is-all-season\/winter\/","title":{"rendered":"Arcachon Bassin in winter"},"content":{"rendered":"<div class=\"wp-block-uagb-container uagb-block-19dca13a alignfull uagb-is-root-container\"><div class=\"uagb-container-inner-blocks-wrap\">\n<div class=\"wp-block-uagb-container uagb-block-16a53095\">\n<h2 class=\"wp-block-heading\">Take a moment for yourself<\/h2>\n\n\n\n<p>Nothing better than a cocooning weekend to enjoy together.<\/p>\n\n\n\n<p>At this time of year, you will love to book a treatment in one of the Balneo &amp; Thalasso establishments.<\/p>\n\n\n\n<p>A nice moment of relaxation awaits you<\/p>\n<\/div>\n\n\n\n<div class=\"wp-block-uagb-container uagb-block-6ad1740f\">\n<div class=\"wp-block-uagb-image uagb-block-1cf71d7d wp-block-uagb-image--layout-default wp-block-uagb-image--effect-static wp-block-uagb-image--align-none\"><figure class=\"wp-block-uagb-image__figure\"><img decoding=\"async\" srcset=\"https:\/\/dev.bassin-arcachon.com\/wp-content\/uploads\/2017\/12\/balneo-serge-blanco-lege-cap-ferret-33-1024x683.jpg \" sizes=\"auto, (max-width: 480px) 150px\" src=\"https:\/\/dev.bassin-arcachon.com\/wp-content\/uploads\/2017\/12\/balneo-serge-blanco-lege-cap-ferret-33-1024x683.jpg\" alt=\"- - Bassin d&#039;Arcachon\" class=\"uag-image-11599\" width=\"1024\" height=\"683\" title=\"- - Bassin d&#039;Arcachon\" loading=\"lazy\" role=\"img\"><\/figure><\/div>\n<\/div>\n<\/div><\/div>\n\n\n\n<div style=\"height:60px\" aria-hidden=\"true\" class=\"wp-block-spacer\"><\/div>\n\n\n\n<div class=\"wp-block-uagb-container uagb-block-a267d877 alignfull uagb-is-root-container\"><div class=\"uagb-container-inner-blocks-wrap\">\n<div class=\"wp-block-uagb-container uagb-block-13cb7ec7\">\n<div class=\"wp-block-uagb-image uagb-block-f2dab386 wp-block-uagb-image--layout-default wp-block-uagb-image--effect-static wp-block-uagb-image--align-none\"><figure class=\"wp-block-uagb-image__figure\"><img decoding=\"async\" srcset=\"https:\/\/dev.bassin-arcachon.com\/wp-content\/uploads\/2017\/02\/plage-bassin-arcachon-1024x516.jpg \" sizes=\"auto, (max-width: 480px) 150px\" src=\"https:\/\/dev.bassin-arcachon.com\/wp-content\/uploads\/2017\/02\/plage-bassin-arcachon-1024x516.jpg\" alt=\"- - Bassin d&#039;Arcachon\" class=\"uag-image-1844\" width=\"1024\" height=\"516\" title=\"- - Bassin d&#039;Arcachon\" loading=\"lazy\" role=\"img\"><\/figure><\/div>\n<\/div>\n\n\n\n<div class=\"wp-block-uagb-container uagb-block-0bcefc13\">\n<h2 class=\"wp-block-heading\">Walk on the beaches<\/h2>\n\n\n\n<p>Take a breath of fresh air! In winter, the beaches of Bassin offer a whole new atmosphere.<\/p>\n\n\n\n<p>The azure blue of summer is replaced by purple colors, especially at the end of the day.<\/p>\n\n\n\n<p>Take advantage of this walk in the fresh air to pick up driftwood, a must for interior decoration in the Arcachonnais style!<\/p>\n<\/div>\n<\/div><\/div>\n\n\n\n<div style=\"height:60px\" aria-hidden=\"true\" class=\"wp-block-spacer\"><\/div>\n\n\n\n<div class=\"wp-block-uagb-container uagb-block-22168545 alignfull uagb-is-root-container\"><div class=\"uagb-container-inner-blocks-wrap\">\n<div class=\"wp-block-uagb-container uagb-block-71bd5e46\">\n<h2 class=\"wp-block-heading\">Quiet walk in the forest<\/h2>\n\n\n\n<p>At this time, the leaves have fallen in the fall, and only the conifers proudly resist the cool winds.<\/p>\n\n\n\n<p>This setting is perfect for a good walk in the forest, picking up pine cones, or simply enjoying this natural setting in the winter calm.<\/p>\n<\/div>\n\n\n\n<div class=\"wp-block-uagb-container uagb-block-a65fd5bf\">\n<div class=\"wp-block-uagb-image uagb-block-8039130f wp-block-uagb-image--layout-default wp-block-uagb-image--effect-static wp-block-uagb-image--align-none\"><figure class=\"wp-block-uagb-image__figure\"><img decoding=\"async\" srcset=\"https:\/\/dev.bassin-arcachon.com\/wp-content\/uploads\/2017\/11\/pres-sales-hiver-12-1024x683.jpg \" sizes=\"auto, (max-width: 480px) 150px\" src=\"https:\/\/dev.bassin-arcachon.com\/wp-content\/uploads\/2017\/11\/pres-sales-hiver-12-1024x683.jpg\" alt=\"- - Bassin d&#039;Arcachon\" class=\"uag-image-10671\" width=\"1024\" height=\"683\" title=\"- - Bassin d&#039;Arcachon\" loading=\"lazy\" role=\"img\"><\/figure><\/div>\n<\/div>\n<\/div><\/div>\n\n\n\n<div style=\"height:60px\" aria-hidden=\"true\" class=\"wp-block-spacer\"><\/div>\n\n\n\n<div class=\"wp-block-uagb-container uagb-block-01451b0b alignfull uagb-is-root-container\"><div class=\"uagb-container-inner-blocks-wrap\">\n<div class=\"wp-block-uagb-container uagb-block-95108259\">\n<div class=\"wp-block-uagb-image uagb-block-0a05a591 wp-block-uagb-image--layout-default wp-block-uagb-image--effect-static wp-block-uagb-image--align-none\"><figure class=\"wp-block-uagb-image__figure\"><img decoding=\"async\" srcset=\"https:\/\/dev.bassin-arcachon.com\/wp-content\/uploads\/2018\/07\/halte-gourmandise-cap-ferret-e1546595136670.jpg ,https:\/\/dev.bassin-arcachon.com\/wp-content\/uploads\/2018\/07\/halte-gourmandise-cap-ferret-e1546595136670.jpg 780w, https:\/\/dev.bassin-arcachon.com\/wp-content\/uploads\/2018\/07\/halte-gourmandise-cap-ferret-e1546595136670.jpg 360w\" sizes=\"auto, (max-width: 480px) 150px\" src=\"https:\/\/dev.bassin-arcachon.com\/wp-content\/uploads\/2018\/07\/halte-gourmandise-cap-ferret-e1546595136670.jpg\" alt=\"Make a gourmet stop at Cap Ferret\" class=\"uag-image-24868\" width=\"1024\" height=\"683\" title=\"Make a gourmet stop at Cap Ferret\" loading=\"lazy\" role=\"img\"\/><\/figure><\/div>\n<\/div>\n\n\n\n<div class=\"wp-block-uagb-container uagb-block-c89e772e\">\n<h2 class=\"wp-block-heading\">Read a book, accompanied by a good hot chocolate<\/h2>\n\n\n\n<p>The pleasure of choosing a good book, before heading to a caf\u00e9 or a brasserie to devour it while warm. The little extra pleasure? That of a hot chocolate or a Viennese coffee and some delicacies, and you have all the ingredients for a successful winter day!<\/p>\n<\/div>\n<\/div><\/div>\n\n\n\n<div style=\"height:60px\" aria-hidden=\"true\" class=\"wp-block-spacer\"><\/div>\n\n\n\n<div class=\"wp-block-uagb-container uagb-block-bd82ce65 alignfull uagb-is-root-container\"><div class=\"uagb-container-inner-blocks-wrap\">\n<div class=\"wp-block-uagb-container uagb-block-531b9d36\">\n<h2 class=\"wp-block-heading\">Cinema \/ Theater<\/h2>\n\n\n\n<p>All year round and even more so in winter, book your place for the show of the moment or the latest film showing in&nbsp;<a href=\"https:\/\/www.bassin-arcachon.com\/agenda-sorties-marches\/les-sorties\">one of our cinemas<\/a>.<\/p>\n\n\n\n<p><strong>Concert, theatre, dance, opera<\/strong>\u2026 All around the Arcachon Bassin, a beautiful&nbsp;<strong>programming<\/strong>&nbsp;waiting for you !&nbsp;<a href=\"https:\/\/www.bassin-arcachon.com\/agenda-sorties-marches\/\">Consult the agenda of the Bassin of Arcachon.<\/a><\/p>\n<\/div>\n\n\n\n<div class=\"wp-block-uagb-container uagb-block-6e5a64b4\">\n<div class=\"wp-block-uagb-image uagb-block-53397aa1 wp-block-uagb-image--layout-default wp-block-uagb-image--effect-static wp-block-uagb-image--align-none\"><figure class=\"wp-block-uagb-image__figure\"><img decoding=\"async\" srcset=\"https:\/\/dev.bassin-arcachon.com\/wp-content\/uploads\/2017\/02\/visite-au-theatre-Arcachon.jpg \" sizes=\"auto, (max-width: 480px) 150px\" src=\"https:\/\/dev.bassin-arcachon.com\/wp-content\/uploads\/2017\/02\/visite-au-theatre-Arcachon.jpg\" alt=\"- - Bassin d&#039;Arcachon\" class=\"uag-image-1220\" width=\"529\" height=\"301\" title=\"- - Bassin d&#039;Arcachon\" loading=\"lazy\" role=\"img\"><\/figure><\/div>\n<\/div>\n<\/div><\/div>\n\n\n\n<div style=\"height:60px\" aria-hidden=\"true\" class=\"wp-block-spacer\"><\/div>\n\n\n\n<div class=\"wp-block-uagb-container uagb-block-90d75334 alignfull uagb-is-root-container\"><div class=\"uagb-container-inner-blocks-wrap\">\n<div class=\"wp-block-uagb-container uagb-block-024b39f0\">\n<div class=\"wp-block-uagb-image uagb-block-f151724d wp-block-uagb-image--layout-default wp-block-uagb-image--effect-static wp-block-uagb-image--align-none\"><figure class=\"wp-block-uagb-image__figure\"><img decoding=\"async\" srcset=\"https:\/\/dev.bassin-arcachon.com\/wp-content\/uploads\/2017\/02\/balade-en-pinasse-1-1024x683.jpg \" sizes=\"auto, (max-width: 480px) 150px\" src=\"https:\/\/dev.bassin-arcachon.com\/wp-content\/uploads\/2017\/02\/balade-en-pinasse-1-1024x683.jpg\" alt=\"- - Bassin d&#039;Arcachon\" class=\"uag-image-1846\" width=\"1024\" height=\"683\" title=\"- - Bassin d&#039;Arcachon\" loading=\"lazy\" role=\"img\"><\/figure><\/div>\n<\/div>\n\n\n\n<div class=\"wp-block-uagb-container uagb-block-48605417\">\n<h2 class=\"wp-block-heading\">Walk in a barge, in a pinnace\u2026<\/h2>\n\n\n\n<p>If you do not yet know the colors of the Bassin in winter, start with a&nbsp;<a href=\"https:\/\/www.bassin-arcachon.com\/quoi-faire\/sur-leau\/?cat=excursion_bateau\">traditional boat ride<\/a>. Once on the water, the vastness of the place and the feeling of being alone in the world are incredible. You will certainly come across oyster farmers working in the ports, birds resting on the gables or the roofs of the cabins\u2026 Take out the camera to immortalize the moment, with the winter colors of the Bassin in the background.<\/p>\n<\/div>\n<\/div><\/div>\n\n\n\n<div style=\"height:60px\" aria-hidden=\"true\" class=\"wp-block-spacer\"><\/div>\n\n\n\n<div class=\"wp-block-uagb-container uagb-block-c3319ced alignfull uagb-is-root-container\">\n<div class=\"wp-block-cover is-light has-parallax\"><span aria-hidden=\"true\" class=\"wp-block-cover__background has-background-dim-0 has-background-dim\"><\/span><div class=\"wp-block-cover__image-background wp-image-8349 has-parallax\" style=\"background-position:50% 50%;background-image:url(https:\/\/dev.bassin-arcachon.com\/wp-content\/uploads\/2017\/02\/hotel-les-bains-darguin-thalazur-arcachon-divers-3.jpg)\"><\/div><div class=\"wp-block-cover__inner-container is-layout-flow wp-block-cover-is-layout-flow\">\n<div class=\"wp-block-uagb-container uagb-block-dd953b33\">\n<h2 class=\"wp-block-heading has-text-align-center has-white-color has-text-color has-large-font-size\">A desire to breathe the iodized air of the Bassin?<\/h2>\n\n\n\n<p class=\"has-text-align-center has-white-color has-text-color\"><a href=\"https:\/\/www.bassin-arcachon.com\/nos-incontournables\/les-jetees\/\"><\/a><a href=\"https:\/\/www.bassin-arcachon.com\/nos-incontournables\/les-jetees\/\" target=\"_blank\" rel=\"noreferrer noopener\">Stroll the piers<\/a><\/p>\n<\/div>\n<\/div><\/div>\n<\/div>\n\n\n\n<div style=\"height:60px\" aria-hidden=\"true\" class=\"wp-block-spacer\"><\/div>\n\n\n\n<div class=\"wp-block-uagb-container uagb-block-e9433a70 alignfull uagb-is-root-container\"><div class=\"uagb-container-inner-blocks-wrap\">\n<div class=\"wp-block-uagb-container uagb-block-3ef6d655\">\n<h2 class=\"wp-block-heading\">Hike on the Dune du Pilat<\/h2>\n\n\n\n<p>For a magical view of the Bassin in winter, head for the Dune du Pilat. The stairs will no longer be there to help you, but it will be an opportunity for a sporty climb before reaching the top. Take advantage of this calm period to walk on the crest of the Dune and go down to its foot, on the beach. Venture as far as you can, the scenery is well worth it.<\/p>\n<\/div>\n\n\n\n<div class=\"wp-block-uagb-container uagb-block-9fcca49d\">\n<div class=\"wp-block-uagb-image uagb-block-97db7b28 wp-block-uagb-image--layout-default wp-block-uagb-image--effect-static wp-block-uagb-image--align-none\"><figure class=\"wp-block-uagb-image__figure\"><img decoding=\"async\" srcset=\"https:\/\/dev.bassin-arcachon.com\/wp-content\/uploads\/2017\/02\/17017116_1705522186128351_7205716539590127516_o-1024x683.jpg \" sizes=\"auto, (max-width: 480px) 150px\" src=\"https:\/\/dev.bassin-arcachon.com\/wp-content\/uploads\/2017\/02\/17017116_1705522186128351_7205716539590127516_o-1024x683.jpg\" alt=\"- - Bassin d&#039;Arcachon\" class=\"uag-image-6978\" width=\"1024\" height=\"683\" title=\"- - Bassin d&#039;Arcachon\" loading=\"lazy\" role=\"img\"><\/figure><\/div>\n<\/div>\n<\/div><\/div>\n\n\n\n<div style=\"height:60px\" aria-hidden=\"true\" class=\"wp-block-spacer\"><\/div>\n\n\n\n<div class=\"wp-block-uagb-container uagb-block-d0829c67 alignfull uagb-is-root-container\"><div class=\"uagb-container-inner-blocks-wrap\">\n<div class=\"wp-block-uagb-container uagb-block-74988d52\">\n<div class=\"wp-block-uagb-image uagb-block-a0cc5f1a wp-block-uagb-image--layout-default wp-block-uagb-image--effect-static wp-block-uagb-image--align-none\"><figure class=\"wp-block-uagb-image__figure\"><img decoding=\"async\" srcset=\"https:\/\/dev.bassin-arcachon.com\/wp-content\/uploads\/2022\/11\/noel-bassin-arcachon-les-conteurs-1024x1024.jpg \" sizes=\"auto, (max-width: 480px) 150px\" src=\"https:\/\/dev.bassin-arcachon.com\/wp-content\/uploads\/2022\/11\/noel-bassin-arcachon-les-conteurs-1024x1024.jpg\" alt=\"- - Bassin d&#039;Arcachon\" class=\"uag-image-52568\" width=\"1024\" height=\"1024\" title=\"- - Bassin d&#039;Arcachon\" loading=\"lazy\" role=\"img\"><\/figure><\/div>\n<\/div>\n\n\n\n<div class=\"wp-block-uagb-container uagb-block-f983ceb7\">\n<h2 class=\"wp-block-heading\">Celebrate Christmas early<\/h2>\n\n\n\n<p>Before celebrating Christmas with the family, what if you decide to get a little ahead?<\/p>\n\n\n\n<p>Go and buy a few oysters, and reserve one\u00a0<a href=\"https:\/\/www.bassin-arcachon.com\/hebergements\/chambres-dhotes\/\">bed and breakfast<\/a>\u00a0or a cottage to spend a good weekend with family or friends!<\/p>\n<\/div>\n<\/div><\/div>\n\n\n\n<div style=\"height:60px\" aria-hidden=\"true\" class=\"wp-block-spacer\"><\/div>\n\n\n\n<div class=\"wp-block-uagb-container uagb-block-7b84df9a alignfull uagb-is-root-container\"><div class=\"uagb-container-inner-blocks-wrap\">\n<div class=\"wp-block-uagb-container uagb-block-f22dd070\">\n<h2 class=\"wp-block-heading\">A session of ice skating<\/h2>\n\n\n\n<p>From December, ice rinks are set up in Arcachon and the village of L\u00e8ge to the delight of children and parents!<\/p>\n\n\n\n<p>It is also possible to see Father Christmas, who comes a little early to take pictures with the children.<\/p>\n\n\n\n<p>In Arcachon, he even arrives by boat on Saturday December 12!<\/p>\n<\/div>\n\n\n\n<div class=\"wp-block-uagb-container uagb-block-a0e28e1d\">\n<div class=\"wp-block-uagb-image uagb-block-fa52b6d3 wp-block-uagb-image--layout-default wp-block-uagb-image--effect-static wp-block-uagb-image--align-none\"><figure class=\"wp-block-uagb-image__figure\"><img decoding=\"async\" srcset=\"https:\/\/dev.bassin-arcachon.com\/wp-content\/uploads\/2017\/11\/Patinoire-L\u00e8ge-Cap-Ferret-1024x683.jpg \" sizes=\"auto, (max-width: 480px) 150px\" src=\"https:\/\/dev.bassin-arcachon.com\/wp-content\/uploads\/2017\/11\/Patinoire-L\u00e8ge-Cap-Ferret-1024x683.jpg\" alt=\"- - Bassin d&#039;Arcachon\" class=\"uag-image-39191\" width=\"1024\" height=\"683\" title=\"- - Bassin d&#039;Arcachon\" loading=\"lazy\" role=\"img\"><\/figure><\/div>\n<\/div>\n<\/div><\/div>\n\n\n\n<div style=\"height:60px\" aria-hidden=\"true\" class=\"wp-block-spacer\"><\/div>\n\n\n\n<div class=\"wp-block-uagb-container uagb-block-309d93af alignfull uagb-is-root-container\"><div class=\"uagb-container-inner-blocks-wrap\">\n<div class=\"wp-block-uagb-container uagb-block-b0b8d4c4\">\n<div class=\"wp-block-uagb-image uagb-block-b48b44dc wp-block-uagb-image--layout-default wp-block-uagb-image--effect-static wp-block-uagb-image--align-none\"><figure class=\"wp-block-uagb-image__figure\"><img decoding=\"async\" srcset=\"https:\/\/dev.bassin-arcachon.com\/wp-content\/uploads\/2017\/02\/shopping-pendant-les-soldes-1024x683.jpg \" sizes=\"auto, (max-width: 480px) 150px\" src=\"https:\/\/dev.bassin-arcachon.com\/wp-content\/uploads\/2017\/02\/shopping-pendant-les-soldes-1024x683.jpg\" alt=\"- - Bassin d&#039;Arcachon\" class=\"uag-image-1228\" width=\"1024\" height=\"683\" title=\"- - Bassin d&#039;Arcachon\" loading=\"lazy\" role=\"img\"><\/figure><\/div>\n<\/div>\n\n\n\n<div class=\"wp-block-uagb-container uagb-block-07a5396e\">\n<h2 class=\"wp-block-heading\">Do the Christmas shopping<\/h2>\n\n\n\n<p>Head to the shops of Arcachon, Andernos-les-Bains or L\u00e8ge-Cap Ferret for the latest Christmas shopping!<\/p>\n\n\n\n<p>This will be an opportunity to combine business with pleasure, by taking a walk on the piers after your well-deserved shopping session.<\/p>\n<\/div>\n<\/div><\/div>\n\n\n\n<div style=\"height:60px\" aria-hidden=\"true\" class=\"wp-block-spacer\"><\/div>\n\n\n\n<div class=\"wp-block-uagb-container uagb-block-c051fe9b alignfull uagb-is-root-container\"><div class=\"uagb-container-inner-blocks-wrap\">\n<div class=\"wp-block-uagb-container uagb-block-49b5cd48\">\n<h2 class=\"wp-block-heading\">A shopping spree during the sales<\/h2>\n\n\n\n<p>After Christmas, there is another appointment that should not be missed: the sales! In Arcachon, but also in the decoration shops in Grand Piquey, or even in the pretty flea markets and shops of the Bassin as in Andernos.<\/p>\n\n\n\n<p>Take advantage of a whole day to alternate between shopping, a hot chocolate break in a caf\u00e9 or a walk in a village.<\/p>\n<\/div>\n\n\n\n<div class=\"wp-block-uagb-container uagb-block-e765dea5\">\n<div class=\"wp-block-uagb-image uagb-block-8ed7121e wp-block-uagb-image--layout-default wp-block-uagb-image--effect-static wp-block-uagb-image--align-none\"><figure class=\"wp-block-uagb-image__figure\"><img decoding=\"async\" srcset=\"https:\/\/dev.bassin-arcachon.com\/wp-content\/uploads\/2018\/11\/soldes-bassin-arcachon-1024x997.jpg ,https:\/\/dev.bassin-arcachon.com\/wp-content\/uploads\/2018\/11\/soldes-bassin-arcachon.jpg 780w, https:\/\/dev.bassin-arcachon.com\/wp-content\/uploads\/2018\/11\/soldes-bassin-arcachon.jpg 360w\" sizes=\"auto, (max-width: 480px) 150px\" src=\"https:\/\/dev.bassin-arcachon.com\/wp-content\/uploads\/2018\/11\/soldes-bassin-arcachon-1024x997.jpg\" alt=\"arcachon basin sales\" class=\"uag-image-27050\" width=\"1024\" height=\"997\" title=\"arcachon basin sales\" loading=\"lazy\" role=\"img\"\/><\/figure><\/div>\n<\/div>\n<\/div><\/div>\n\n\n\n<div style=\"height:60px\" aria-hidden=\"true\" class=\"wp-block-spacer\"><\/div>","protected":false},"excerpt":{"rendered":"<p>Prendre un moment pour soi Rien de mieux qu\u2019un week-end cocooning pour profiter \u00e0 deux. \u00c0 cette p\u00e9riode de l\u2019ann\u00e9e, vous allez adorez r\u00e9server un soin dans l\u2019un des \u00e9tablissements [&hellip;]<\/p>","protected":false},"author":25,"featured_media":1841,"parent":33,"menu_order":4,"comment_status":"closed","ping_status":"closed","template":"","meta":{"_acf_changed":false,"_uag_custom_page_level_css":"","footnotes":""},"class_list":["post-155","page","type-page","status-publish","has-post-thumbnail","hentry"],"acf":[],"uagb_featured_image_src":{"full":["https:\/\/dev.bassin-arcachon.com\/wp-content\/uploads\/2017\/02\/pignots-bassin-darcachon.jpg",1200,800,false],"thumbnail":["https:\/\/dev.bassin-arcachon.com\/wp-content\/uploads\/2017\/02\/pignots-bassin-darcachon-150x150.jpg",150,150,true],"medium":["https:\/\/dev.bassin-arcachon.com\/wp-content\/uploads\/2017\/02\/pignots-bassin-darcachon-300x200.jpg",300,200,true],"medium_large":["https:\/\/dev.bassin-arcachon.com\/wp-content\/uploads\/2017\/02\/pignots-bassin-darcachon-768x512.jpg",768,512,true],"large":["https:\/\/dev.bassin-arcachon.com\/wp-content\/uploads\/2017\/02\/pignots-bassin-darcachon-1024x683.jpg",1024,683,true],"1536x1536":["https:\/\/dev.bassin-arcachon.com\/wp-content\/uploads\/2017\/02\/pignots-bassin-darcachon.jpg",1200,800,false],"2048x2048":["https:\/\/dev.bassin-arcachon.com\/wp-content\/uploads\/2017\/02\/pignots-bassin-darcachon.jpg",1200,800,false],"trp-custom-language-flag":["https:\/\/dev.bassin-arcachon.com\/wp-content\/uploads\/2017\/02\/pignots-bassin-darcachon-18x12.jpg",18,12,true],"fp-small":["https:\/\/dev.bassin-arcachon.com\/wp-content\/uploads\/2017\/02\/pignots-bassin-darcachon-640x427.jpg",640,427,true],"fp-large":["https:\/\/dev.bassin-arcachon.com\/wp-content\/uploads\/2017\/02\/pignots-bassin-darcachon.jpg",1200,800,false],"fp-xlarge":["https:\/\/dev.bassin-arcachon.com\/wp-content\/uploads\/2017\/02\/pignots-bassin-darcachon.jpg",1200,800,false]},"uagb_author_info":{"display_name":"Marie Clauzel","author_link":"https:\/\/dev.bassin-arcachon.com\/en\/author\/mariesiba\/"},"uagb_comment_info":0,"uagb_excerpt":"Prendre un moment pour soi Rien de mieux qu\u2019un week-end cocooning pour profiter \u00e0 deux. \u00c0 cette p\u00e9riode de l\u2019ann\u00e9e, vous allez adorez r\u00e9server un soin dans l\u2019un des \u00e9tablissements [&hellip;]","_links":{"self":[{"href":"https:\/\/dev.bassin-arcachon.com\/en\/wp-json\/wp\/v2\/pages\/155","targetHints":{"allow":["GET"]}}],"collection":[{"href":"https:\/\/dev.bassin-arcachon.com\/en\/wp-json\/wp\/v2\/pages"}],"about":[{"href":"https:\/\/dev.bassin-arcachon.com\/en\/wp-json\/wp\/v2\/types\/page"}],"author":[{"embeddable":true,"href":"https:\/\/dev.bassin-arcachon.com\/en\/wp-json\/wp\/v2\/users\/25"}],"replies":[{"embeddable":true,"href":"https:\/\/dev.bassin-arcachon.com\/en\/wp-json\/wp\/v2\/comments?post=155"}],"version-history":[{"count":1,"href":"https:\/\/dev.bassin-arcachon.com\/en\/wp-json\/wp\/v2\/pages\/155\/revisions"}],"predecessor-version":[{"id":68231,"href":"https:\/\/dev.bassin-arcachon.com\/en\/wp-json\/wp\/v2\/pages\/155\/revisions\/68231"}],"up":[{"embeddable":true,"href":"https:\/\/dev.bassin-arcachon.com\/en\/wp-json\/wp\/v2\/pages\/33"}],"wp:featuredmedia":[{"embeddable":true,"href":"https:\/\/dev.bassin-arcachon.com\/en\/wp-json\/wp\/v2\/media\/1841"}],"wp:attachment":[{"href":"https:\/\/dev.bassin-arcachon.com\/en\/wp-json\/wp\/v2\/media?parent=155"}],"curies":[{"name":"wp","href":"https:\/\/api.w.org\/{rel}","templated":true}]}}