{"id":157,"date":"2017-03-09T14:32:23","date_gmt":"2017-03-09T13:32:23","guid":{"rendered":"https:\/\/dev.bassin-arcachon.com\/\/?page_id=157"},"modified":"2024-12-13T11:01:26","modified_gmt":"2024-12-13T10:01:26","slug":"ares","status":"publish","type":"page","link":"https:\/\/dev.bassin-arcachon.com\/en\/our-towns-and-villages\/ares\/","title":{"rendered":"Ares"},"content":{"rendered":"<div class=\"wp-block-uagb-container uagb-block-1d8bdfb2 alignfull uagb-is-root-container\"><div class=\"uagb-container-inner-blocks-wrap\">\n<div class=\"wp-block-uagb-container uagb-block-32469a85\">\n<div class=\"wp-block-uagb-image uagb-block-1f4775da wp-block-uagb-image--layout-default wp-block-uagb-image--effect-static wp-block-uagb-image--align-none\"><figure class=\"wp-block-uagb-image__figure\"><img decoding=\"async\" srcset=\"https:\/\/dev.bassin-arcachon.com\/wp-content\/uploads\/2020\/07\/mini-map-ares.jpg \" sizes=\"auto, (max-width: 480px) 150px\" src=\"https:\/\/dev.bassin-arcachon.com\/wp-content\/uploads\/2020\/07\/mini-map-ares.jpg\" alt=\"- - Bassin d&#039;Arcachon\" class=\"uag-image-44398\" width=\"278\" height=\"278\" title=\"- - Bassin d&#039;Arcachon\" loading=\"lazy\" role=\"img\"><\/figure><\/div>\n<\/div>\n\n\n\n<div class=\"wp-block-uagb-container uagb-block-685d65f6\">\n<h2 class=\"wp-block-heading\">Ar\u00e8s, for a true family vacation<\/h2>\n\n\n\n<p>Between the Bay and nature, Ar\u00e8s is sure to surprise you! Come and enjoy its oyster port or explore its natural sites in search of protected species. With its 'Famille Plus' label, Ar\u00e8s is the ideal place for a genuine family vacation&nbsp;<a href=\"https:\/\/www.bassin-arcachon.com\/quoi-faire\/samuser-avec-les-enfants\/\">with the children<\/a>&nbsp;!<br>Are you looking for a hotel, <a href=\"https:\/\/dev.bassin-arcachon.com\/en\/or-sleep\/rentals\/our-vacation-rentals-in-ares\/\">a vacation rental<\/a>, <a href=\"https:\/\/dev.bassin-arcachon.com\/en\/or-sleep\/bed-and-breakfast\/our-bed-and-breakfast-rooms-in-ares\/\">a guesthouse<\/a>, <a href=\"https:\/\/dev.bassin-arcachon.com\/en\/or-sleep\/camping\/ares\/\">a camping<\/a>, Ar\u00e8s is the ideal seaside resort for vacation accommodation.<\/p>\n<\/div>\n<\/div><\/div>\n\n\n\n<div style=\"height:60px\" aria-hidden=\"true\" class=\"wp-block-spacer\"><\/div>\n\n\n\n<div class=\"wp-block-uagb-container uagb-block-d7962e0c alignfull uagb-is-root-container\"><div class=\"uagb-container-inner-blocks-wrap\">\n<div class=\"wp-block-uagb-container uagb-block-bd920663\">\n<div class=\"wp-block-uagb-image uagb-block-a08aee1b wp-block-uagb-image--layout-default wp-block-uagb-image--effect-static wp-block-uagb-image--align-none\"><figure class=\"wp-block-uagb-image__figure\"><img decoding=\"async\" srcset=\"https:\/\/dev.bassin-arcachon.com\/wp-content\/uploads\/2018\/04\/port-ostreicole-aras-e1548070404746.jpg \" sizes=\"auto, (max-width: 480px) 150px\" src=\"https:\/\/dev.bassin-arcachon.com\/wp-content\/uploads\/2018\/04\/port-ostreicole-aras-e1548070404746.jpg\" alt=\"Ar\u00e8s oyster port\" class=\"uag-image-19887\" width=\"1000\" height=\"667\" title=\"- - Bassin d&#039;Arcachon\" loading=\"lazy\" role=\"img\"><\/figure><\/div>\n<\/div>\n\n\n\n<div class=\"wp-block-uagb-container uagb-block-0339e121\">\n<h3 class=\"wp-block-heading\">Stroll around the oyster port<\/h3>\n\n\n\n<p>Head to the colorful oyster cabins at the&nbsp;<a href=\"https:\/\/www.bassin-arcachon.com\/nos-incontournables\/les-villages-et-ports-ostreicoles\/\">Oyster port<\/a>&nbsp;in Ar\u00e8s! The back and forth movements of the boats and the flower-lined streets invite you to take a leisurely stroll.<\/p>\n\n\n\n<p>Next door, the enchanting landscape of the&nbsp;<a href=\"https:\/\/www.bassin-arcachon.com\/nos-incontournables\/les-pres-sales-dares-lege\/\">Pr\u00e9s Sal\u00e9s d'Ar\u00e8s-L\u00e8ge<\/a>&nbsp;offers a completely different panorama. Take the opportunity to taste some delicious oysters from our oyster farmers accompanied by a glass of white wine!<\/p>\n<\/div>\n<\/div><\/div>\n\n\n\n<div style=\"height:40px\" aria-hidden=\"true\" class=\"wp-block-spacer\"><\/div>\n\n\n\n<div class=\"wp-block-uagb-container uagb-block-fb81b349 alignfull uagb-is-root-container\"><div class=\"uagb-container-inner-blocks-wrap\">\n<div class=\"wp-block-uagb-container uagb-block-0ad5a044\">\n<h3 class=\"wp-block-heading\">Immerse yourself in the heart of the Pr\u00e9s sal\u00e9s<\/h3>\n\n\n\n<p>From the oyster port of Ar\u00e8s, set off on the marked trails of the National Nature Reserve of the Pr\u00e9s Sal\u00e9s (Salt Meadows).<\/p>\n\n\n\n<p>On your way, keep your eyes open, as you may be able to see European pond turtles and to the delight of children, green lizards! We recommend exploring the&nbsp;<a href=\"https:\/\/www.bassin-arcachon.com\/decouverte-des-pres-sales-dares-lege-avec-un-guide-nature\/\" target=\"_blank\" rel=\"noreferrer noopener\">Pr\u00e9s Sal\u00e9s (Salt Meadows) in the company of Alexandre, a nature guide<\/a>&nbsp;at the<a href=\"https:\/\/www.ares-tourisme.com\/\" data-type=\"URL\" data-id=\"https:\/\/www.ares-tourisme.com\/\" target=\"_blank\" rel=\"noopener\">Tourist Office.<\/a>.<\/p>\n<\/div>\n\n\n\n<div class=\"wp-block-uagb-container uagb-block-6133f195\">\n<div class=\"wp-block-uagb-image uagb-block-c8017fc4 wp-block-uagb-image--layout-default wp-block-uagb-image--effect-static wp-block-uagb-image--align-none\"><figure class=\"wp-block-uagb-image__figure\"><img decoding=\"async\" srcset=\"https:\/\/dev.bassin-arcachon.com\/wp-content\/uploads\/2017\/02\/pres-sales-ares-17-1024x683.jpg \" sizes=\"auto, (max-width: 480px) 150px\" src=\"https:\/\/dev.bassin-arcachon.com\/wp-content\/uploads\/2017\/02\/pres-sales-ares-17-1024x683.jpg\" alt=\"- - Bassin d&#039;Arcachon\" class=\"uag-image-11705\" width=\"1024\" height=\"683\" title=\"- - Bassin d&#039;Arcachon\" loading=\"lazy\" role=\"img\"><\/figure><\/div>\n<\/div>\n<\/div><\/div>\n\n\n\n<div style=\"height:40px\" aria-hidden=\"true\" class=\"wp-block-spacer\"><\/div>\n\n\n\n<div class=\"wp-block-uagb-container uagb-block-f0c1a50e alignfull uagb-is-root-container\"><div class=\"uagb-container-inner-blocks-wrap\">\n<div class=\"wp-block-uagb-container uagb-block-450fbae2\">\n<div class=\"wp-block-uagb-image uagb-block-0ef644f2 wp-block-uagb-image--layout-default wp-block-uagb-image--effect-static wp-block-uagb-image--align-none\"><figure class=\"wp-block-uagb-image__figure\"><img decoding=\"async\" srcset=\"https:\/\/dev.bassin-arcachon.com\/wp-content\/uploads\/2020\/07\/ares-triangle-de-pereire-1024x683-1.jpg \" sizes=\"auto, (max-width: 480px) 150px\" src=\"https:\/\/dev.bassin-arcachon.com\/wp-content\/uploads\/2020\/07\/ares-triangle-de-pereire-1024x683-1.jpg\" alt=\"- - Bassin d&#039;Arcachon\" class=\"uag-image-44401\" width=\"1024\" height=\"683\" title=\"- - Bassin d&#039;Arcachon\" loading=\"lazy\" role=\"img\"><\/figure><\/div>\n<\/div>\n\n\n\n<div class=\"wp-block-uagb-container uagb-block-6c2c0313\">\n<h3 class=\"wp-block-heading\">Picnic at the Pereire Triangle<\/h3>\n\n\n\n<p>hrow together a picnic on the Pereire Triangle beach or <a href=\"https:\/\/dev.bassin-arcachon.com\/en\/firstfruits-of-autumn\/\">at the St Brice site<\/a> , shaded by the pine trees.<\/p>\n\n\n\n<p>After lunch, set off to explore the little secret corners of the estate and the lake.<\/p>\n\n\n\n<p>When the tide is low, the conche (fine sand beach) de St Brice is the only place where you can swim.<\/p>\n<\/div>\n<\/div><\/div>\n\n\n\n<div style=\"height:40px\" aria-hidden=\"true\" class=\"wp-block-spacer\"><\/div>\n\n\n\n<div class=\"wp-block-uagb-container uagb-block-3f06d5b2 alignfull uagb-is-root-container\"><div class=\"uagb-container-inner-blocks-wrap\">\n<div class=\"wp-block-uagb-container uagb-block-4b47f266\">\n<h3 class=\"wp-block-heading\">Take a walk in the forest<\/h3>\n\n\n\n<p>Head to the forest of Ar\u00e8s for a nature walk.<\/p>\n\n\n\n<p>Head to the forest of Ar\u00e8s for a nature walk. <a href=\"https:\/\/www.bassin-arcachon.com\/quoi-faire\/balades-a-pied-a-velo\/\">Whether on foot or by bike<\/a>, spend a day in the midst of maritime pines. Along the way, take a break in the inviting shade of a tree. <\/p>\n\n\n\n<p>The Tourist Office offers many guided tours, so don't hesitate to stop in!<\/p>\n<\/div>\n\n\n\n<div class=\"wp-block-uagb-container uagb-block-363ce8c8\">\n<div class=\"wp-block-uagb-image uagb-block-775d576c wp-block-uagb-image--layout-default wp-block-uagb-image--effect-static wp-block-uagb-image--align-none\"><figure class=\"wp-block-uagb-image__figure\"><img decoding=\"async\" srcset=\"https:\/\/dev.bassin-arcachon.com\/wp-content\/uploads\/2020\/07\/Ramasser-les-champignons-en-foret-Bassin-Arcachon-1024x683-1.jpg \" sizes=\"auto, (max-width: 480px) 150px\" src=\"https:\/\/dev.bassin-arcachon.com\/wp-content\/uploads\/2020\/07\/Ramasser-les-champignons-en-foret-Bassin-Arcachon-1024x683-1.jpg\" alt=\"- - Bassin d&#039;Arcachon\" class=\"uag-image-44402\" width=\"1024\" height=\"683\" title=\"- - Bassin d&#039;Arcachon\" loading=\"lazy\" role=\"img\"><\/figure><\/div>\n<\/div>\n<\/div><\/div>\n\n\n\n<div style=\"height:40px\" aria-hidden=\"true\" class=\"wp-block-spacer\"><\/div>\n\n\n\n<div class=\"wp-block-uagb-container uagb-block-826c5612 alignfull uagb-is-root-container\"><div class=\"uagb-container-inner-blocks-wrap\">\n<div class=\"wp-block-uagb-container uagb-block-4ea2cc4b\">\n<div class=\"wp-block-uagb-image uagb-block-26aa436a wp-block-uagb-image--layout-default wp-block-uagb-image--effect-static wp-block-uagb-image--align-none\"><figure class=\"wp-block-uagb-image__figure\"><img decoding=\"async\" srcset=\"https:\/\/dev.bassin-arcachon.com\/wp-content\/uploads\/2020\/07\/ares-velos-1024x681-1.jpg \" sizes=\"auto, (max-width: 480px) 150px\" src=\"https:\/\/dev.bassin-arcachon.com\/wp-content\/uploads\/2020\/07\/ares-velos-1024x681-1.jpg\" alt=\"- - Bassin d&#039;Arcachon\" class=\"uag-image-44403\" width=\"1024\" height=\"681\" title=\"- - Bassin d&#039;Arcachon\" loading=\"lazy\" role=\"img\"><\/figure><\/div>\n<\/div>\n\n\n\n<div class=\"wp-block-uagb-container uagb-block-98ade739\">\n<h3 class=\"wp-block-heading\">Take a stroll along the cycling paths and hiking trails<\/h3>\n\n\n\n<p>With a picnic basket in hand, venture on the <a href=\"https:\/\/dev.bassin-arcachon.com\/en\/circuit\/tour-dares\/\">bicycle paths and hiking trails out to discover all the facets of Ar\u00e8s.<\/a><\/p>\n\n\n\n<p>Along your way, treat yourself to a well-deserved swim at high tide in the Bay or opt for Saint Brice when the tide is low!<\/p>\n<\/div>\n<\/div><\/div>\n\n\n\n<div style=\"height:40px\" aria-hidden=\"true\" class=\"wp-block-spacer\"><\/div>\n\n\n\n<div class=\"wp-block-uagb-container uagb-block-4d7178b8 alignfull uagb-is-root-container\"><div class=\"uagb-container-inner-blocks-wrap\">\n<div class=\"wp-block-uagb-container uagb-block-3b8c531e\">\n<h3 class=\"wp-block-heading\">Stroll along the Ar\u00e8s pier<\/h3>\n\n\n\n<p>The Ar\u00e8s pier is known as the oldest one in the Arcachon Bay.<\/p>\n\n\n\n<p>The Ar\u00e8s pier is known as the oldest one in the Arcachon Bay.<\/p>\n\n\n\n<p>A beautiful view of the Bay: take out your camera!<\/p>\n<\/div>\n\n\n\n<div class=\"wp-block-uagb-container uagb-block-9a8e086f\">\n<div class=\"wp-block-uagb-image uagb-block-c59bb09f wp-block-uagb-image--layout-default wp-block-uagb-image--effect-static wp-block-uagb-image--align-none\"><figure class=\"wp-block-uagb-image__figure\"><img decoding=\"async\" srcset=\"https:\/\/dev.bassin-arcachon.com\/wp-content\/uploads\/2019\/06\/jet\u00e9e-dAr\u00e8s-point-de-vue-sur-le-Bassin-dArcachon.jpg \" sizes=\"auto, (max-width: 480px) 150px\" src=\"https:\/\/dev.bassin-arcachon.com\/wp-content\/uploads\/2019\/06\/jet\u00e9e-dAr\u00e8s-point-de-vue-sur-le-Bassin-dArcachon.jpg\" alt=\"- - Bassin d&#039;Arcachon\" class=\"uag-image-35260\" width=\"1000\" height=\"750\" title=\"- - Bassin d&#039;Arcachon\" loading=\"lazy\" role=\"img\"><\/figure><\/div>\n<\/div>\n<\/div><\/div>\n\n\n\n<div style=\"height:40px\" aria-hidden=\"true\" class=\"wp-block-spacer\"><\/div>","protected":false},"excerpt":{"rendered":"<p>Ar\u00e8s, for a real family vacation Between Bassin and nature, Ar\u00e8s has something to surprise you! Come and enjoy its oyster port, or its natural sites [\u2026]<\/p>","protected":false},"author":25,"featured_media":11705,"parent":29,"menu_order":7,"comment_status":"closed","ping_status":"closed","template":"","meta":{"_acf_changed":false,"_uag_custom_page_level_css":"","footnotes":""},"class_list":["post-157","page","type-page","status-publish","has-post-thumbnail","hentry"],"acf":[],"uagb_featured_image_src":{"full":["https:\/\/dev.bassin-arcachon.com\/wp-content\/uploads\/2017\/02\/pres-sales-ares-17.jpg",1200,800,false],"thumbnail":["https:\/\/dev.bassin-arcachon.com\/wp-content\/uploads\/2017\/02\/pres-sales-ares-17-150x150.jpg",150,150,true],"medium":["https:\/\/dev.bassin-arcachon.com\/wp-content\/uploads\/2017\/02\/pres-sales-ares-17-300x200.jpg",300,200,true],"medium_large":["https:\/\/dev.bassin-arcachon.com\/wp-content\/uploads\/2017\/02\/pres-sales-ares-17-768x512.jpg",768,512,true],"large":["https:\/\/dev.bassin-arcachon.com\/wp-content\/uploads\/2017\/02\/pres-sales-ares-17-1024x683.jpg",1024,683,true],"1536x1536":["https:\/\/dev.bassin-arcachon.com\/wp-content\/uploads\/2017\/02\/pres-sales-ares-17.jpg",1200,800,false],"2048x2048":["https:\/\/dev.bassin-arcachon.com\/wp-content\/uploads\/2017\/02\/pres-sales-ares-17.jpg",1200,800,false],"trp-custom-language-flag":["https:\/\/dev.bassin-arcachon.com\/wp-content\/uploads\/2017\/02\/pres-sales-ares-17-18x12.jpg",18,12,true],"fp-small":["https:\/\/dev.bassin-arcachon.com\/wp-content\/uploads\/2017\/02\/pres-sales-ares-17-640x427.jpg",640,427,true],"fp-large":["https:\/\/dev.bassin-arcachon.com\/wp-content\/uploads\/2017\/02\/pres-sales-ares-17.jpg",1200,800,false],"fp-xlarge":["https:\/\/dev.bassin-arcachon.com\/wp-content\/uploads\/2017\/02\/pres-sales-ares-17.jpg",1200,800,false]},"uagb_author_info":{"display_name":"Marie Clauzel","author_link":"https:\/\/dev.bassin-arcachon.com\/en\/author\/mariesiba\/"},"uagb_comment_info":0,"uagb_excerpt":"Ar\u00e8s, pour des vraies vacances en famille Entre Bassin et nature, Ar\u00e8s a de quoi vous surprendre ! Venez profiter de son port ostr\u00e9icole, ou de ses sites naturels \u00e0 [&hellip;]","_links":{"self":[{"href":"https:\/\/dev.bassin-arcachon.com\/en\/wp-json\/wp\/v2\/pages\/157","targetHints":{"allow":["GET"]}}],"collection":[{"href":"https:\/\/dev.bassin-arcachon.com\/en\/wp-json\/wp\/v2\/pages"}],"about":[{"href":"https:\/\/dev.bassin-arcachon.com\/en\/wp-json\/wp\/v2\/types\/page"}],"author":[{"embeddable":true,"href":"https:\/\/dev.bassin-arcachon.com\/en\/wp-json\/wp\/v2\/users\/25"}],"replies":[{"embeddable":true,"href":"https:\/\/dev.bassin-arcachon.com\/en\/wp-json\/wp\/v2\/comments?post=157"}],"version-history":[{"count":1,"href":"https:\/\/dev.bassin-arcachon.com\/en\/wp-json\/wp\/v2\/pages\/157\/revisions"}],"predecessor-version":[{"id":118617,"href":"https:\/\/dev.bassin-arcachon.com\/en\/wp-json\/wp\/v2\/pages\/157\/revisions\/118617"}],"up":[{"embeddable":true,"href":"https:\/\/dev.bassin-arcachon.com\/en\/wp-json\/wp\/v2\/pages\/29"}],"wp:featuredmedia":[{"embeddable":true,"href":"https:\/\/dev.bassin-arcachon.com\/en\/wp-json\/wp\/v2\/media\/11705"}],"wp:attachment":[{"href":"https:\/\/dev.bassin-arcachon.com\/en\/wp-json\/wp\/v2\/media?parent=157"}],"curies":[{"name":"wp","href":"https:\/\/api.w.org\/{rel}","templated":true}]}}