{"id":26974,"date":"2018-11-15T16:44:29","date_gmt":"2018-11-15T15:44:29","guid":{"rendered":"https:\/\/dev.bassin-arcachon.com\/\/?page_id=26974"},"modified":"2024-11-06T11:35:49","modified_gmt":"2024-11-06T10:35:49","slug":"arcachon","status":"publish","type":"page","link":"https:\/\/dev.bassin-arcachon.com\/en\/or-sleep\/camping\/arcachon\/","title":{"rendered":"Our campsites in Arcachon"},"content":{"rendered":"<div class=\"wp-block-uagb-container uagb-block-4d59246b alignfull uagb-is-root-container\"><div class=\"uagb-container-inner-blocks-wrap\">\n<div class=\"wp-block-uagb-container uagb-block-566c8e73\">\n<h3 class=\"wp-block-heading\">Our campsites in Arcachon with a Wifi connection<\/h3>\n\n\n\n<p>What if you always stayed connected during your holidays in Arcachon? Choose from one of our campsites in Arcachon with WIFI and share your best photos with your friends! By connecting to the campsite Wifi, you can organize your stay and your activities from the swimming pool! Because in our campsites in Arcachon with WiFi, relaxation is guaranteed!<\/p>\n\n\n\n<div class=\"wp-block-buttons is-layout-flex wp-block-buttons-is-layout-flex\">\n<div class=\"wp-block-button\"><a class=\"wp-block-button__link wp-element-button\" href=\"https:\/\/www.bassin-arcachon.com\/hebergements\/campings@arcachon&amp;wifi\">Campsite with Wi-Fi<\/a><\/div>\n<\/div>\n<\/div>\n\n\n\n<div class=\"wp-block-uagb-container uagb-block-008c935c\">\n<div class=\"wp-block-uagb-image uagb-block-7a7a80e2 wp-block-uagb-image--layout-default wp-block-uagb-image--effect-static wp-block-uagb-image--align-none\"><figure class=\"wp-block-uagb-image__figure\"><img decoding=\"async\" srcset=\"https:\/\/dev.bassin-arcachon.com\/wp-content\/uploads\/2017\/04\/header-wifi-light-1024x522.jpg \" sizes=\"auto, (max-width: 480px) 150px\" src=\"https:\/\/dev.bassin-arcachon.com\/wp-content\/uploads\/2017\/04\/header-wifi-light-1024x522.jpg\" alt=\"WIFI Gujan-Mestras\" class=\"uag-image-1576\" width=\"1024\" height=\"522\" title=\"- - Bassin d&#039;Arcachon\" loading=\"lazy\" role=\"img\"><\/figure><\/div>\n<\/div>\n<\/div><\/div>\n\n\n\n<div style=\"height:60px\" aria-hidden=\"true\" class=\"wp-block-spacer\"><\/div>\n\n\n\n<div class=\"wp-block-uagb-container uagb-block-496870a4 alignfull uagb-is-root-container\"><div class=\"uagb-container-inner-blocks-wrap\">\n<div class=\"wp-block-uagb-container uagb-block-3e63995b\">\n<div class=\"wp-block-uagb-image uagb-block-bb47d88f wp-block-uagb-image--layout-default wp-block-uagb-image--effect-static wp-block-uagb-image--align-none\"><figure class=\"wp-block-uagb-image__figure\"><img decoding=\"async\" srcset=\"https:\/\/dev.bassin-arcachon.com\/wp-content\/uploads\/2017\/03\/1-aqualand-j6-1024x680.jpg \" sizes=\"auto, (max-width: 480px) 150px\" src=\"https:\/\/dev.bassin-arcachon.com\/wp-content\/uploads\/2017\/03\/1-aqualand-j6-1024x680.jpg\" alt=\"- - Bassin d&#039;Arcachon\" class=\"uag-image-537\" width=\"1024\" height=\"680\" title=\"- - Bassin d&#039;Arcachon\" loading=\"lazy\" role=\"img\"><\/figure><\/div>\n<\/div>\n\n\n\n<div class=\"wp-block-uagb-container uagb-block-9250bf13\">\n<h3 class=\"wp-block-heading\">Our campsites in Arcachon with swimming pool<\/h3>\n\n\n\n<p>After a day on the beach or waking up in the morning, recharge your batteries in the&nbsp;<strong>pool<\/strong>&nbsp;of your&nbsp;<strong>camping<\/strong>&nbsp;at&nbsp;<strong>Arcachon<\/strong>&nbsp;! Covered, heated, with a small pool or slides for children, enjoy unique moments at the&nbsp;<strong>pool<\/strong>&nbsp;of your&nbsp;<strong>camping<\/strong>, with family or friends! Take the plunge and book your&nbsp;<strong>camping<\/strong>&nbsp;with&nbsp;<strong>pool<\/strong>&nbsp;at&nbsp;<strong>Arcachon<\/strong>&nbsp;!<\/p>\n\n\n\n<div class=\"wp-block-buttons is-layout-flex wp-block-buttons-is-layout-flex\">\n<div class=\"wp-block-button\"><a class=\"wp-block-button__link wp-element-button\" href=\"https:\/\/www.bassin-arcachon.com\/hebergements\/campings@arcachon&amp;piscine\">Campsites with swimming pool<\/a><\/div>\n<\/div>\n<\/div>\n<\/div><\/div>\n\n\n\n<div style=\"height:60px\" aria-hidden=\"true\" class=\"wp-block-spacer\"><\/div>\n\n\n\n<div class=\"wp-block-uagb-container uagb-block-54402d54 alignfull uagb-is-root-container\"><div class=\"uagb-container-inner-blocks-wrap\">\n<div class=\"wp-block-uagb-container uagb-block-49b29bee\">\n<h3 class=\"wp-block-heading\">Our campsites in Arcachon with motorhome pitches<\/h3>\n\n\n\n<p>You are traveling as a family to&nbsp;<strong>Arcachon<\/strong>&nbsp;and are fans of holidays in&nbsp;<strong>camping car ?<\/strong>&nbsp;Do you like peace and freedom? So treat yourself to a peaceful night on a pitch at one of our&nbsp;<strong>campsites&nbsp;<\/strong>! Enjoy an exceptional moment in the heart of nature with the children, in a&nbsp;<strong>camping<\/strong>&nbsp;of<strong>Arcachon<\/strong>, close to the pool! Make yourself comfortable in your&nbsp;<strong>camping<\/strong>&nbsp;and enjoy a space dedicated to your&nbsp;<strong>camping car<\/strong>&nbsp;!<\/p>\n\n\n\n<div class=\"wp-block-buttons is-layout-flex wp-block-buttons-is-layout-flex\">\n<div class=\"wp-block-button\"><a class=\"wp-block-button__link wp-element-button\" href=\"https:\/\/www.bassin-arcachon.com\/hebergements\/campings@arcachon\">Campsites with motorhome pitches<\/a><\/div>\n<\/div>\n<\/div>\n\n\n\n<div class=\"wp-block-uagb-container uagb-block-f5f5e240\">\n<div class=\"wp-block-uagb-image uagb-block-6af89bd3 wp-block-uagb-image--layout-default wp-block-uagb-image--effect-static wp-block-uagb-image--align-none\"><figure class=\"wp-block-uagb-image__figure\"><img decoding=\"async\" srcset=\"https:\/\/dev.bassin-arcachon.com\/wp-content\/uploads\/2017\/03\/aires-de-camping-cars-bassin-arcachon-1024x646.jpg \" sizes=\"auto, (max-width: 480px) 150px\" src=\"https:\/\/dev.bassin-arcachon.com\/wp-content\/uploads\/2017\/03\/aires-de-camping-cars-bassin-arcachon-1024x646.jpg\" alt=\"- - Bassin d&#039;Arcachon\" class=\"uag-image-1991\" width=\"1024\" height=\"646\" title=\"- - Bassin d&#039;Arcachon\" loading=\"lazy\" role=\"img\"><\/figure><\/div>\n<\/div>\n<\/div><\/div>\n\n\n\n<div style=\"height:60px\" aria-hidden=\"true\" class=\"wp-block-spacer\"><\/div>\n\n\n\n<div class=\"wp-block-uagb-container uagb-block-137ba2f7 alignfull uagb-is-root-container\">\n<div class=\"wp-block-cover is-light has-parallax\"><span aria-hidden=\"true\" class=\"wp-block-cover__background has-background-dim-0 has-background-dim\"><\/span><div class=\"wp-block-cover__image-background wp-image-1345 has-parallax\" style=\"background-position:50% 50%;background-image:url(https:\/\/dev.bassin-arcachon.com\/wp-content\/uploads\/2017\/03\/Camping-Panorama-du-Pyla-cottage-vue-mer-coin-farniente.jpg)\"><\/div><div class=\"wp-block-cover__inner-container is-layout-flow wp-block-cover-is-layout-flow\">\n<div class=\"wp-block-uagb-container uagb-block-9d6c483a\">\n<h2 class=\"wp-block-heading has-text-align-center has-white-color has-text-color has-large-font-size\">Spend your holidays with ease in one of the Bassin campsites in Arcachon!<\/h2>\n\n\n\n<p class=\"has-text-align-center has-white-color has-text-color\"><a href=\"https:\/\/www.bassin-arcachon.com\/hebergements\/campings\">START YOUR SEARCH<\/a><\/p>\n<\/div>\n<\/div><\/div>\n<\/div>\n\n\n\n<div style=\"height:60px\" aria-hidden=\"true\" class=\"wp-block-spacer\"><\/div>\n\n\n\n<div class=\"wp-block-uagb-container uagb-block-ebba802f alignfull uagb-is-root-container\"><div class=\"uagb-container-inner-blocks-wrap\">\n<div class=\"wp-block-uagb-container uagb-block-756660f0\">\n<h3 class=\"wp-block-heading\">Would you like to book a campsite around Arcachon?<\/h3>\n\n\n\n<p>Discover all our campsites at Bassin Arcachon:&nbsp;<a href=\"https:\/\/www.bassin-arcachon.com\/ou-dormir\/camping\/ares\/\">Ares<\/a>,&nbsp;<a href=\"https:\/\/www.bassin-arcachon.com\/ou-dormir\/camping\/andernos\/\">Andernos<\/a>,&nbsp;<a href=\"https:\/\/www.bassin-arcachon.com\/ou-dormir\/camping\/gujan-mestras\/\">Gujan-Mestras<\/a>,&nbsp;<a href=\"https:\/\/www.bassin-arcachon.com\/ou-dormir\/camping\/teich\/\">Le Teich<\/a>,&nbsp;<a href=\"https:\/\/www.bassin-arcachon.com\/ou-dormir\/camping\/biganos\/\">Biganos,<\/a>&nbsp;<a href=\"https:\/\/www.bassin-arcachon.com\/ou-dormir\/camping\/audenge\/\">Audenge<\/a>,<a href=\"https:\/\/www.bassin-arcachon.com\/ou-dormir\/camping\/lanton\/\">&nbsp;lanton&nbsp;<\/a>and&nbsp;<a href=\"https:\/\/www.bassin-arcachon.com\/ou-dormir\/camping\/lege-cap-ferret\/\">Lege Cap Ferret<\/a>&nbsp;!<\/p>\n<\/div>\n\n\n\n<div class=\"wp-block-uagb-container uagb-block-245929a0\">\n<div class=\"wp-block-uagb-image uagb-block-b385ea68 wp-block-uagb-image--layout-default wp-block-uagb-image--effect-static wp-block-uagb-image--align-none\"><figure class=\"wp-block-uagb-image__figure\"><img decoding=\"async\" srcset=\"https:\/\/dev.bassin-arcachon.com\/wp-content\/uploads\/2018\/09\/nourri-a-lhu\u00eetre-\u00e9lev\u00e9-sous-les-pins-Bassin-dArcachon.jpg \" sizes=\"auto, (max-width: 480px) 150px\" src=\"https:\/\/dev.bassin-arcachon.com\/wp-content\/uploads\/2018\/09\/nourri-a-lhu\u00eetre-\u00e9lev\u00e9-sous-les-pins-Bassin-dArcachon.jpg\" alt=\"- - Bassin d&#039;Arcachon\" class=\"uag-image-26169\" width=\"1000\" height=\"666\" title=\"- - Bassin d&#039;Arcachon\" loading=\"lazy\" role=\"img\"><\/figure><\/div>\n<\/div>\n<\/div><\/div>\n\n\n\n<div style=\"height:60px\" aria-hidden=\"true\" class=\"wp-block-spacer\"><\/div>","protected":false},"excerpt":{"rendered":"<p>Our campsites in Arcachon with a Wi-Fi connection What if you always stayed connected during your holidays in Arcachon? Choose from one of our campsites in Arcachon with Wi-Fi and [\u2026]<\/p>","protected":false},"author":24,"featured_media":2217,"parent":392,"menu_order":1,"comment_status":"closed","ping_status":"closed","template":"","meta":{"_acf_changed":false,"_uag_custom_page_level_css":"","footnotes":""},"class_list":["post-26974","page","type-page","status-publish","has-post-thumbnail","hentry"],"acf":[],"uagb_featured_image_src":{"full":["https:\/\/dev.bassin-arcachon.com\/wp-content\/uploads\/2017\/03\/camping-bassin-arcachon.jpg",1200,800,false],"thumbnail":["https:\/\/dev.bassin-arcachon.com\/wp-content\/uploads\/2017\/03\/camping-bassin-arcachon-150x150.jpg",150,150,true],"medium":["https:\/\/dev.bassin-arcachon.com\/wp-content\/uploads\/2017\/03\/camping-bassin-arcachon-300x200.jpg",300,200,true],"medium_large":["https:\/\/dev.bassin-arcachon.com\/wp-content\/uploads\/2017\/03\/camping-bassin-arcachon-768x512.jpg",768,512,true],"large":["https:\/\/dev.bassin-arcachon.com\/wp-content\/uploads\/2017\/03\/camping-bassin-arcachon-1024x683.jpg",1024,683,true],"1536x1536":["https:\/\/dev.bassin-arcachon.com\/wp-content\/uploads\/2017\/03\/camping-bassin-arcachon.jpg",1200,800,false],"2048x2048":["https:\/\/dev.bassin-arcachon.com\/wp-content\/uploads\/2017\/03\/camping-bassin-arcachon.jpg",1200,800,false],"trp-custom-language-flag":["https:\/\/dev.bassin-arcachon.com\/wp-content\/uploads\/2017\/03\/camping-bassin-arcachon-18x12.jpg",18,12,true],"fp-small":["https:\/\/dev.bassin-arcachon.com\/wp-content\/uploads\/2017\/03\/camping-bassin-arcachon-640x427.jpg",640,427,true],"fp-large":["https:\/\/dev.bassin-arcachon.com\/wp-content\/uploads\/2017\/03\/camping-bassin-arcachon.jpg",1200,800,false],"fp-xlarge":["https:\/\/dev.bassin-arcachon.com\/wp-content\/uploads\/2017\/03\/camping-bassin-arcachon.jpg",1200,800,false]},"uagb_author_info":{"display_name":"Audrey RAMBAUT","author_link":"https:\/\/dev.bassin-arcachon.com\/en\/author\/audrey-siba\/"},"uagb_comment_info":0,"uagb_excerpt":"Nos campings \u00e0 Arcachon avec une connexion Wifi Et si vous restiez toujours connect\u00e9s pendant vos vacances \u00e0 Arcachon&nbsp;? Choisissez parmi l\u2019un de nos campings \u00e0 Arcachon avec WIFI et [&hellip;]","_links":{"self":[{"href":"https:\/\/dev.bassin-arcachon.com\/en\/wp-json\/wp\/v2\/pages\/26974","targetHints":{"allow":["GET"]}}],"collection":[{"href":"https:\/\/dev.bassin-arcachon.com\/en\/wp-json\/wp\/v2\/pages"}],"about":[{"href":"https:\/\/dev.bassin-arcachon.com\/en\/wp-json\/wp\/v2\/types\/page"}],"author":[{"embeddable":true,"href":"https:\/\/dev.bassin-arcachon.com\/en\/wp-json\/wp\/v2\/users\/24"}],"replies":[{"embeddable":true,"href":"https:\/\/dev.bassin-arcachon.com\/en\/wp-json\/wp\/v2\/comments?post=26974"}],"version-history":[{"count":2,"href":"https:\/\/dev.bassin-arcachon.com\/en\/wp-json\/wp\/v2\/pages\/26974\/revisions"}],"predecessor-version":[{"id":68265,"href":"https:\/\/dev.bassin-arcachon.com\/en\/wp-json\/wp\/v2\/pages\/26974\/revisions\/68265"}],"up":[{"embeddable":true,"href":"https:\/\/dev.bassin-arcachon.com\/en\/wp-json\/wp\/v2\/pages\/392"}],"wp:featuredmedia":[{"embeddable":true,"href":"https:\/\/dev.bassin-arcachon.com\/en\/wp-json\/wp\/v2\/media\/2217"}],"wp:attachment":[{"href":"https:\/\/dev.bassin-arcachon.com\/en\/wp-json\/wp\/v2\/media?parent=26974"}],"curies":[{"name":"wp","href":"https:\/\/api.w.org\/{rel}","templated":true}]}}