{"id":45694,"date":"2020-07-10T16:00:45","date_gmt":"2020-07-10T14:00:45","guid":{"rendered":"https:\/\/dev.bassin-arcachon.com\/\/?page_id=45694"},"modified":"2024-11-06T12:00:36","modified_gmt":"2024-11-06T11:00:36","slug":"our-vacation-rentals-in-ares","status":"publish","type":"page","link":"https:\/\/dev.bassin-arcachon.com\/en\/or-sleep\/rentals\/our-vacation-rentals-in-ares\/","title":{"rendered":"Our holiday rentals in Ares"},"content":{"rendered":"<div class=\"wp-block-uagb-container uagb-block-43fd071c alignfull uagb-is-root-container\"><div class=\"uagb-container-inner-blocks-wrap\">\n<div class=\"wp-block-uagb-container uagb-block-4c129e35\">\n<h2 class=\"wp-block-heading\">Our vacation rentals in Ar\u00e8s with a view of the Bassin<\/h2>\n\n\n\n<p>Stay by the water and discover a new landscape every morning when you wake up. Live with the tides in one of our lodges with a view of the basin. Choose one of our vacation rentals on <a href=\"https:\/\/dev.bassin-arcachon.com\/en\/our-essentials\/the-beaches\/\">Ar\u00e8s beaches<\/a> and spend unique moments as a couple or with the children!<\/p>\n\n\n\n<div class=\"wp-block-buttons is-layout-flex wp-block-buttons-is-layout-flex\">\n<div class=\"wp-block-button\"><a class=\"wp-block-button__link wp-element-button\" href=\"http:\/\/hebergements\/locations-de-vacances@ares&amp;vuemer\">Waterfront rentals<\/a><\/div>\n<\/div>\n<\/div>\n\n\n\n<div class=\"wp-block-uagb-container uagb-block-876414a2\">\n<div class=\"wp-block-uagb-image uagb-block-b7e601d7 wp-block-uagb-image--layout-default wp-block-uagb-image--effect-static wp-block-uagb-image--align-none\"><figure class=\"wp-block-uagb-image__figure\"><img decoding=\"async\" srcset=\"\" sizes=\"auto, (max-width: 480px) 150px\" src=\"https:\/\/dev.bassin-arcachon.com\/wp-content\/uploads\/2018\/07\/View-from-la-jet\u00e9e-dAr\u00e8s.jpg\" alt=\"- - Bassin d&#039;Arcachon\" class=\"uag-image-23617\" width=\"1000\" height=\"666\" title=\"- - Bassin d&#039;Arcachon\" loading=\"lazy\" role=\"img\" data-srcset=\"\"><\/figure><\/div>\n<\/div>\n<\/div><\/div>\n\n\n\n<div style=\"height:60px\" aria-hidden=\"true\" class=\"wp-block-spacer\"><\/div>\n\n\n\n<div class=\"wp-block-uagb-container uagb-block-04b22247 alignfull uagb-is-root-container\"><div class=\"uagb-container-inner-blocks-wrap\">\n<div class=\"wp-block-uagb-container uagb-block-a2f6f37e\">\n<div class=\"wp-block-uagb-image uagb-block-7f09ed1a wp-block-uagb-image--layout-default wp-block-uagb-image--effect-static wp-block-uagb-image--align-none\"><figure class=\"wp-block-uagb-image__figure\"><img decoding=\"async\" srcset=\"https:\/\/dev.bassin-arcachon.com\/wp-content\/uploads\/2017\/12\/champignons-siba-agence-les-conteurs-93-1024x683.jpg \" sizes=\"auto, (max-width: 480px) 150px\" src=\"https:\/\/dev.bassin-arcachon.com\/wp-content\/uploads\/2017\/12\/champignons-siba-agence-les-conteurs-93-1024x683.jpg\" alt=\"- - Bassin d&#039;Arcachon\" class=\"uag-image-11533\" width=\"1024\" height=\"683\" title=\"- - Bassin d&#039;Arcachon\" loading=\"lazy\" role=\"img\"><\/figure><\/div>\n<\/div>\n\n\n\n<div class=\"wp-block-uagb-container uagb-block-67f6612b\">\n<h2 class=\"wp-block-heading\">Our rentals in Ar\u00e8s with garden<\/h2>\n\n\n\n<p>Do you need space and dream of a stay surrounded by nature? As a couple or as a family, relax in the heart of lush vegetation in the garden of one of our lodges in Ar\u00e8s. The green spaces of your vacation rental guarantee you a relaxing stay in the heart of the town of Ar\u00e8s!<\/p>\n\n\n\n<div class=\"wp-block-buttons is-layout-flex wp-block-buttons-is-layout-flex\">\n<div class=\"wp-block-button\"><a class=\"wp-block-button__link wp-element-button\" href=\"https:\/\/www.bassin-arcachon.com\/hebergements\/locations-de-vacances@ares&amp;jardin\">Rentals with garden<\/a><\/div>\n<\/div>\n<\/div>\n<\/div><\/div>\n\n\n\n<div style=\"height:60px\" aria-hidden=\"true\" class=\"wp-block-spacer\"><\/div>\n\n\n\n<div class=\"wp-block-uagb-container uagb-block-7869c7f5 alignfull uagb-is-root-container\"><div class=\"uagb-container-inner-blocks-wrap\">\n<div class=\"wp-block-uagb-container uagb-block-a9e2d667\">\n<h2 class=\"wp-block-heading\">Our rentals in Ar\u00e8s open all year round<\/h2>\n\n\n\n<p>Visit the Arcachon basin in autumn or spring and choose one of our g\u00eetes in Ar\u00e8s open all year round. In the freshness and calm, discover a new face of the Bassin! With family or friends, stay in a vacation rental in Ar\u00e8s and contemplate the winter colors of Bassin!<\/p>\n\n\n\n<div class=\"wp-block-buttons is-layout-flex wp-block-buttons-is-layout-flex\">\n<div class=\"wp-block-button\"><a class=\"wp-block-button__link wp-element-button\" href=\"https:\/\/www.bassin-arcachon.com\/hebergements\/locations-de-vacances@ares\">Rentals open all year round<\/a><\/div>\n<\/div>\n<\/div>\n\n\n\n<div class=\"wp-block-uagb-container uagb-block-e8e79dfd\">\n<div class=\"wp-block-uagb-image uagb-block-eff9d029 wp-block-uagb-image--layout-default wp-block-uagb-image--effect-static wp-block-uagb-image--align-none\"><figure class=\"wp-block-uagb-image__figure\"><img decoding=\"async\" srcset=\"https:\/\/dev.bassin-arcachon.com\/wp-content\/uploads\/2017\/10\/champignons-siba-agence-les-conteurs-113-1024x683.jpg \" sizes=\"auto, (max-width: 480px) 150px\" src=\"https:\/\/dev.bassin-arcachon.com\/wp-content\/uploads\/2017\/10\/champignons-siba-agence-les-conteurs-113-1024x683.jpg\" alt=\"Mushrooms-ares\" class=\"uag-image-9849\" width=\"1024\" height=\"683\" title=\"- - Bassin d&#039;Arcachon\" loading=\"lazy\" role=\"img\"><\/figure><\/div>\n<\/div>\n<\/div><\/div>\n\n\n\n<div style=\"height:60px\" aria-hidden=\"true\" class=\"wp-block-spacer\"><\/div>\n\n\n\n<div class=\"wp-block-uagb-container uagb-block-dcf46945 alignfull uagb-is-root-container\">\n<div class=\"wp-block-cover is-light has-parallax\"><span aria-hidden=\"true\" class=\"wp-block-cover__background has-background-dim-0 has-background-dim\"><\/span><div class=\"wp-block-cover__image-background wp-image-1345 has-parallax\" style=\"background-position:50% 50%;background-image:url(https:\/\/dev.bassin-arcachon.com\/wp-content\/uploads\/2017\/03\/Camping-Panorama-du-Pyla-cottage-vue-mer-coin-farniente.jpg)\"><\/div><div class=\"wp-block-cover__inner-container is-layout-flow wp-block-cover-is-layout-flow\">\n<div class=\"wp-block-uagb-container uagb-block-ec21ba9a\">\n<h2 class=\"wp-block-heading has-text-align-center has-white-color has-text-color has-large-font-size\">Spend your holidays with ease in one of the Bassin holiday rentals in Arcachon<\/h2>\n\n\n\n<p class=\"has-text-align-center has-white-color has-text-color\"><a href=\"https:\/\/www.bassin-arcachon.com\/hebergements\/locations-de-vacances\">START YOUR SEARCH<\/a><\/p>\n<\/div>\n<\/div><\/div>\n<\/div>\n\n\n\n<div style=\"height:60px\" aria-hidden=\"true\" class=\"wp-block-spacer\"><\/div>\n\n\n\n<div class=\"wp-block-uagb-container uagb-block-5bc354f6 alignfull uagb-is-root-container\"><div class=\"uagb-container-inner-blocks-wrap\">\n<div class=\"wp-block-uagb-container uagb-block-014e0810\">\n<h2 class=\"wp-block-heading\">Do you want to book a vacation rental around Ar\u00e8s?<\/h2>\n\n\n\n<p>Discover all our vacation rentals at Bassin Arcachon:&nbsp;<a href=\"https:\/\/www.bassin-arcachon.com\/hebergements\/locations-de-vacances+le-teich\">Le Teich<\/a>,&nbsp;<a href=\"https:\/\/www.bassin-arcachon.com\/hebergements\/locations-de-vacances+arcachon\/\">Arcachon<\/a>,&nbsp;<a href=\"https:\/\/www.bassin-arcachon.com\/hebergements\/locations-de-vacances+la-teste-de-buch\/\">La Teste de Buch<\/a>,&nbsp;<a href=\"https:\/\/www.bassin-arcachon.com\/hebergements\/locations-de-vacances+andernos\">Andernos<\/a>,&nbsp;<a href=\"https:\/\/www.bassin-arcachon.com\/hebergements\/locations-de-vacances+gujan-mestras\/\">Gujan-Mestras,<\/a>&nbsp;<a href=\"https:\/\/www.bassin-arcachon.com\/hebergements\/locations-de-vacances+coeur-de-bassin\/\">Biganos,<\/a>&nbsp;<a href=\"https:\/\/www.bassin-arcachon.com\/hebergements\/locations-de-vacances+coeur-de-bassin\/\">Audenge<\/a>,<a href=\"https:\/\/www.bassin-arcachon.com\/hebergements\/locations-de-vacances+coeur-de-bassin\/\">&nbsp;lanton&nbsp;<\/a>and&nbsp;<a href=\"https:\/\/www.bassin-arcachon.com\/hebergements\/locations-de-vacances+lege-cap-ferret\/\">in Cap Ferret<\/a>&nbsp;!<\/p>\n<\/div>\n\n\n\n<div class=\"wp-block-uagb-container uagb-block-7d2b4334\">\n<div class=\"wp-block-uagb-image uagb-block-d9b547aa wp-block-uagb-image--layout-default wp-block-uagb-image--effect-static wp-block-uagb-image--align-none\"><figure class=\"wp-block-uagb-image__figure\"><img decoding=\"async\" srcset=\"https:\/\/dev.bassin-arcachon.com\/wp-content\/uploads\/2018\/09\/nourri-a-lhu\u00eetre-\u00e9lev\u00e9-sous-les-pins-Bassin-dArcachon.jpg \" sizes=\"auto, (max-width: 480px) 150px\" src=\"https:\/\/dev.bassin-arcachon.com\/wp-content\/uploads\/2018\/09\/nourri-a-lhu\u00eetre-\u00e9lev\u00e9-sous-les-pins-Bassin-dArcachon.jpg\" alt=\"- - Bassin d&#039;Arcachon\" class=\"uag-image-26169\" width=\"1000\" height=\"666\" title=\"- - Bassin d&#039;Arcachon\" loading=\"lazy\" role=\"img\"><\/figure><\/div>\n<\/div>\n<\/div><\/div>\n\n\n\n<div style=\"height:60px\" aria-hidden=\"true\" class=\"wp-block-spacer\"><\/div>","protected":false},"excerpt":{"rendered":"<p>Our vacation rentals in Ar\u00e8s with a view of the Bassin Stay by the water and discover a new landscape every morning when you wake up. Live according to the tides [\u2026]<\/p>","protected":false},"author":25,"featured_media":2217,"parent":508,"menu_order":1,"comment_status":"closed","ping_status":"closed","template":"","meta":{"_acf_changed":false,"_uag_custom_page_level_css":"","footnotes":""},"class_list":["post-45694","page","type-page","status-publish","has-post-thumbnail","hentry"],"acf":[],"uagb_featured_image_src":{"full":["https:\/\/dev.bassin-arcachon.com\/wp-content\/uploads\/2017\/03\/camping-bassin-arcachon.jpg",1200,800,false],"thumbnail":["https:\/\/dev.bassin-arcachon.com\/wp-content\/uploads\/2017\/03\/camping-bassin-arcachon-150x150.jpg",150,150,true],"medium":["https:\/\/dev.bassin-arcachon.com\/wp-content\/uploads\/2017\/03\/camping-bassin-arcachon-300x200.jpg",300,200,true],"medium_large":["https:\/\/dev.bassin-arcachon.com\/wp-content\/uploads\/2017\/03\/camping-bassin-arcachon-768x512.jpg",768,512,true],"large":["https:\/\/dev.bassin-arcachon.com\/wp-content\/uploads\/2017\/03\/camping-bassin-arcachon-1024x683.jpg",1024,683,true],"1536x1536":["https:\/\/dev.bassin-arcachon.com\/wp-content\/uploads\/2017\/03\/camping-bassin-arcachon.jpg",1200,800,false],"2048x2048":["https:\/\/dev.bassin-arcachon.com\/wp-content\/uploads\/2017\/03\/camping-bassin-arcachon.jpg",1200,800,false],"trp-custom-language-flag":["https:\/\/dev.bassin-arcachon.com\/wp-content\/uploads\/2017\/03\/camping-bassin-arcachon-18x12.jpg",18,12,true],"fp-small":["https:\/\/dev.bassin-arcachon.com\/wp-content\/uploads\/2017\/03\/camping-bassin-arcachon-640x427.jpg",640,427,true],"fp-large":["https:\/\/dev.bassin-arcachon.com\/wp-content\/uploads\/2017\/03\/camping-bassin-arcachon.jpg",1200,800,false],"fp-xlarge":["https:\/\/dev.bassin-arcachon.com\/wp-content\/uploads\/2017\/03\/camping-bassin-arcachon.jpg",1200,800,false]},"uagb_author_info":{"display_name":"Marie Clauzel","author_link":"https:\/\/dev.bassin-arcachon.com\/en\/author\/mariesiba\/"},"uagb_comment_info":0,"uagb_excerpt":"Nos locations de vacances \u00e0 Ar\u00e8s avec vue sur le Bassin S\u00e9journez au bord de l\u2019eau et d\u00e9couvrez un nouveau paysage chaque matin au r\u00e9veil. Vivez au gr\u00e9 des mar\u00e9es [&hellip;]","_links":{"self":[{"href":"https:\/\/dev.bassin-arcachon.com\/en\/wp-json\/wp\/v2\/pages\/45694","targetHints":{"allow":["GET"]}}],"collection":[{"href":"https:\/\/dev.bassin-arcachon.com\/en\/wp-json\/wp\/v2\/pages"}],"about":[{"href":"https:\/\/dev.bassin-arcachon.com\/en\/wp-json\/wp\/v2\/types\/page"}],"author":[{"embeddable":true,"href":"https:\/\/dev.bassin-arcachon.com\/en\/wp-json\/wp\/v2\/users\/25"}],"replies":[{"embeddable":true,"href":"https:\/\/dev.bassin-arcachon.com\/en\/wp-json\/wp\/v2\/comments?post=45694"}],"version-history":[{"count":2,"href":"https:\/\/dev.bassin-arcachon.com\/en\/wp-json\/wp\/v2\/pages\/45694\/revisions"}],"predecessor-version":[{"id":68291,"href":"https:\/\/dev.bassin-arcachon.com\/en\/wp-json\/wp\/v2\/pages\/45694\/revisions\/68291"}],"up":[{"embeddable":true,"href":"https:\/\/dev.bassin-arcachon.com\/en\/wp-json\/wp\/v2\/pages\/508"}],"wp:featuredmedia":[{"embeddable":true,"href":"https:\/\/dev.bassin-arcachon.com\/en\/wp-json\/wp\/v2\/media\/2217"}],"wp:attachment":[{"href":"https:\/\/dev.bassin-arcachon.com\/en\/wp-json\/wp\/v2\/media?parent=45694"}],"curies":[{"name":"wp","href":"https:\/\/api.w.org\/{rel}","templated":true}]}}