{"id":743,"date":"2017-04-04T11:30:58","date_gmt":"2017-04-04T09:30:58","guid":{"rendered":"https:\/\/dev.bassin-arcachon.com\/\/?page_id=743"},"modified":"2024-12-16T14:03:28","modified_gmt":"2024-12-16T13:03:28","slug":"wifi-arcachon","status":"publish","type":"page","link":"https:\/\/dev.bassin-arcachon.com\/en\/find-your-wifi-point\/wifi-arcachon\/","title":{"rendered":"Welcome to Arcachon"},"content":{"rendered":"<div style=\"height:40px\" aria-hidden=\"true\" class=\"wp-block-spacer\"><\/div>\n\n\n\n<div class=\"wp-block-uagb-container uagb-block-55e89c32 alignfull uagb-is-root-container\"><div class=\"uagb-container-inner-blocks-wrap\">\n<h2 class=\"wp-block-heading\">Arcachon offers you free and secure WiFi access to surf the Internet freely in equipped public places.<\/h2>\n<\/div><\/div>\n\n\n\n<div class=\"wp-block-uagb-container uagb-block-4700e32c alignfull uagb-is-root-container\"><div class=\"uagb-container-inner-blocks-wrap\">\n<div class=\"wp-block-uagb-container uagb-block-de8da834\">\n<p><\/p>\n\n\n\n<h3 class=\"wp-block-heading\">Whether you are there for fall, winter, summer or spring, each season in Arcachon offers you a unique experience.<\/h3>\n\n\n\n<p><br>Enjoy the tranquility of autumn with its warm colors, relax in winter with moments of well-being and culture, experience an unforgettable summer vacation under the sun, or rediscover the vibrant nature of spring.<br>Sail on a serene body of water, explore the cultural activities, savor the local gastronomy, and let yourself be charmed by the landscapes and atmosphere of the Bassin of Arcachon. For more inspiration, visit <a href=\"http:\/\/www.arcachon.com\" target=\"_blank\" rel=\"noopener\">www.arcachon.com<\/a> or contact the Tourist Office for personalized support.<\/p>\n\n\n\n<p>And good news, thanks to territorial wifi, you can explore the site without having to identify yourself. Make the most of your stay in Arcachon!<\/p>\n<\/div>\n\n\n\n<div class=\"wp-block-uagb-container uagb-block-8631efe1\">\n<figure class=\"wp-block-image size-large\"><img loading=\"lazy\" decoding=\"async\" width=\"1024\" height=\"1024\" src=\"https:\/\/dev.bassin-arcachon.com\/wp-content\/uploads\/2022\/10\/ville-dhiver-velo-arcachon-1024x1024.jpg\" alt=\"- - Bassin d&#039;Arcachon\" class=\"wp-image-52836\" title=\"- - Bassin d&#039;Arcachon\" srcset=\"https:\/\/dev.bassin-arcachon.com\/wp-content\/uploads\/2022\/10\/ville-dhiver-velo-arcachon-1024x1024.jpg 1024w, https:\/\/dev.bassin-arcachon.com\/wp-content\/uploads\/2022\/10\/ville-dhiver-velo-arcachon-300x300.jpg 300w, https:\/\/dev.bassin-arcachon.com\/wp-content\/uploads\/2022\/10\/ville-dhiver-velo-arcachon-150x150.jpg 150w, https:\/\/dev.bassin-arcachon.com\/wp-content\/uploads\/2022\/10\/ville-dhiver-velo-arcachon-768x768.jpg 768w, https:\/\/dev.bassin-arcachon.com\/wp-content\/uploads\/2022\/10\/ville-dhiver-velo-arcachon-12x12.jpg 12w, https:\/\/dev.bassin-arcachon.com\/wp-content\/uploads\/2022\/10\/ville-dhiver-velo-arcachon-640x640.jpg 640w, https:\/\/dev.bassin-arcachon.com\/wp-content\/uploads\/2022\/10\/ville-dhiver-velo-arcachon.jpg 1080w\" sizes=\"auto, (max-width: 1024px) 100vw, 1024px\" \/><\/figure>\n<\/div>\n<\/div><\/div>\n\n\n\n<div class=\"wp-block-uagb-container uagb-block-894d81b3 alignfull uagb-is-root-container\"><div class=\"uagb-container-inner-blocks-wrap\"><\/div><\/div>\n\n\n\n<div style=\"height:40px\" aria-hidden=\"true\" class=\"wp-block-spacer\"><\/div>\n\n\n\n<div class=\"wp-block-uagb-container uagb-block-f74ed760 alignfull uagb-is-root-container\"><div class=\"uagb-container-inner-blocks-wrap\">\n<h3 class=\"wp-block-heading\">Surf smart!<\/h3>\n\n\n\n<p>The WiFi_Bassin_Arcachon network remembers you! The connection will be made automatically on the same device each time you are near one of our WiFi terminals, regardless of the municipality of the Bassin. Remember to restart your browser.<\/p>\n<\/div><\/div>\n\n\n\n<div class=\"wp-block-uagb-container uagb-block-c032b844 alignfull uagb-is-root-container\"><div class=\"uagb-container-inner-blocks-wrap\">\n<h3 class=\"wp-block-heading\">Digital sobriety<\/h3>\n\n\n\n<p>Let&#039;s adopt the right actions for a greener digital world! Together, let&#039;s reduce our environmental impact by adopting simple actions for a more responsible digital world. Discover our practical advice <strong><a href=\"https:\/\/www.ecologie.gouv.fr\/sites\/default\/files\/guide-en-route-vers-sobriete-numerique.pdf\" target=\"_blank\" rel=\"noopener\">on this site <\/a>! <\/strong><\/p>\n<\/div><\/div>\n\n\n\n<div style=\"height:40px\" aria-hidden=\"true\" class=\"wp-block-spacer\"><\/div>","protected":false},"excerpt":{"rendered":"<p>Arcachon vous offre un acc\u00e8s WiFi gratuit et s\u00e9curis\u00e9 pour surfer sur Internet librement dans les lieux publics \u00e9quip\u00e9s. Que vous soyez l\u00e0 pour l&rsquo;automne, l&rsquo;hiver, l&rsquo;\u00e9t\u00e9 ou le printemps, [&hellip;]<\/p>","protected":false},"author":25,"featured_media":49131,"parent":69,"menu_order":9,"comment_status":"closed","ping_status":"closed","template":"","meta":{"_acf_changed":false,"_uag_custom_page_level_css":"","footnotes":""},"class_list":["post-743","page","type-page","status-publish","has-post-thumbnail","hentry"],"acf":[],"uagb_featured_image_src":{"full":["https:\/\/dev.bassin-arcachon.com\/wp-content\/uploads\/2021\/03\/pereire-arcachon-3-scaled.jpg",2560,1707,false],"thumbnail":["https:\/\/dev.bassin-arcachon.com\/wp-content\/uploads\/2021\/03\/pereire-arcachon-3-scaled-150x150.jpg",150,150,true],"medium":["https:\/\/dev.bassin-arcachon.com\/wp-content\/uploads\/2021\/03\/pereire-arcachon-3-scaled-300x200.jpg",300,200,true],"medium_large":["https:\/\/dev.bassin-arcachon.com\/wp-content\/uploads\/2021\/03\/pereire-arcachon-3-scaled-768x512.jpg",768,512,true],"large":["https:\/\/dev.bassin-arcachon.com\/wp-content\/uploads\/2021\/03\/pereire-arcachon-3-scaled-1024x683.jpg",1024,683,true],"1536x1536":["https:\/\/dev.bassin-arcachon.com\/wp-content\/uploads\/2021\/03\/pereire-arcachon-3-scaled-1536x1024.jpg",1536,1024,true],"2048x2048":["https:\/\/dev.bassin-arcachon.com\/wp-content\/uploads\/2021\/03\/pereire-arcachon-3-scaled-2048x1366.jpg",2048,1366,true],"trp-custom-language-flag":["https:\/\/dev.bassin-arcachon.com\/wp-content\/uploads\/2021\/03\/pereire-arcachon-3-scaled-18x12.jpg",18,12,true],"fp-small":["https:\/\/dev.bassin-arcachon.com\/wp-content\/uploads\/2021\/03\/pereire-arcachon-3-scaled-640x427.jpg",640,427,true],"fp-large":["https:\/\/dev.bassin-arcachon.com\/wp-content\/uploads\/2021\/03\/pereire-arcachon-3-scaled-1200x800.jpg",1200,800,true],"fp-xlarge":["https:\/\/dev.bassin-arcachon.com\/wp-content\/uploads\/2021\/03\/pereire-arcachon-3-scaled-1920x1280.jpg",1920,1280,true]},"uagb_author_info":{"display_name":"Marie Clauzel","author_link":"https:\/\/dev.bassin-arcachon.com\/en\/author\/mariesiba\/"},"uagb_comment_info":0,"uagb_excerpt":"Arcachon vous offre un acc\u00e8s WiFi gratuit et s\u00e9curis\u00e9 pour surfer sur Internet librement dans les lieux publics \u00e9quip\u00e9s. Que vous soyez l\u00e0 pour l&rsquo;automne, l&rsquo;hiver, l&rsquo;\u00e9t\u00e9 ou le printemps, [&hellip;]","_links":{"self":[{"href":"https:\/\/dev.bassin-arcachon.com\/en\/wp-json\/wp\/v2\/pages\/743","targetHints":{"allow":["GET"]}}],"collection":[{"href":"https:\/\/dev.bassin-arcachon.com\/en\/wp-json\/wp\/v2\/pages"}],"about":[{"href":"https:\/\/dev.bassin-arcachon.com\/en\/wp-json\/wp\/v2\/types\/page"}],"author":[{"embeddable":true,"href":"https:\/\/dev.bassin-arcachon.com\/en\/wp-json\/wp\/v2\/users\/25"}],"replies":[{"embeddable":true,"href":"https:\/\/dev.bassin-arcachon.com\/en\/wp-json\/wp\/v2\/comments?post=743"}],"version-history":[{"count":1,"href":"https:\/\/dev.bassin-arcachon.com\/en\/wp-json\/wp\/v2\/pages\/743\/revisions"}],"predecessor-version":[{"id":119041,"href":"https:\/\/dev.bassin-arcachon.com\/en\/wp-json\/wp\/v2\/pages\/743\/revisions\/119041"}],"up":[{"embeddable":true,"href":"https:\/\/dev.bassin-arcachon.com\/en\/wp-json\/wp\/v2\/pages\/69"}],"wp:featuredmedia":[{"embeddable":true,"href":"https:\/\/dev.bassin-arcachon.com\/en\/wp-json\/wp\/v2\/media\/49131"}],"wp:attachment":[{"href":"https:\/\/dev.bassin-arcachon.com\/en\/wp-json\/wp\/v2\/media?parent=743"}],"curies":[{"name":"wp","href":"https:\/\/api.w.org\/{rel}","templated":true}]}}