{"id":766,"date":"2017-04-04T12:32:26","date_gmt":"2017-04-04T10:32:26","guid":{"rendered":"https:\/\/dev.bassin-arcachon.com\/\/?page_id=766"},"modified":"2024-12-16T14:05:35","modified_gmt":"2024-12-16T13:05:35","slug":"lanton-wifi","status":"publish","type":"page","link":"https:\/\/dev.bassin-arcachon.com\/en\/find-your-wifi-point\/lanton-wifi\/","title":{"rendered":"Welcome to Lanton"},"content":{"rendered":"<div class=\"wp-block-uagb-container uagb-block-8ca9e300 alignfull uagb-is-root-container\"><div class=\"uagb-container-inner-blocks-wrap\">\n<div class=\"wp-block-uagb-container uagb-block-db784bfa\">\n<h2 class=\"wp-block-heading\">Lanton offers you free and secure WiFi access to surf the Internet freely in equipped public places.<\/h2>\n\n\n\n<p><strong>lanton<\/strong>&nbsp;invites you to explore the coastal path on foot or the secure bike path, to enjoy a moment of relaxation on the beach or to treat yourself to an outing on the&nbsp;<strong>Arcachon Bay<\/strong>&nbsp;aboard a pinnace, unless you prefer to discover the elegant villas of the village of Taussat.<\/p>\n<\/div>\n\n\n\n<div class=\"wp-block-uagb-container uagb-block-6c115538\">\n<div class=\"wp-block-uagb-image uagb-block-692042eb wp-block-uagb-image--layout-default wp-block-uagb-image--effect-static wp-block-uagb-image--align-none\"><figure class=\"wp-block-uagb-image__figure\"><img decoding=\"async\" srcset=\"https:\/\/dev.bassin-arcachon.com\/wp-content\/uploads\/2018\/07\/Sentier-littoral-de-Lanton.jpg \" sizes=\"auto, (max-width: 480px) 150px\" src=\"https:\/\/dev.bassin-arcachon.com\/wp-content\/uploads\/2018\/07\/Sentier-littoral-de-Lanton.jpg\" alt=\"- - Bassin d&#039;Arcachon\" class=\"uag-image-23939\" width=\"1000\" height=\"666\" title=\"- - Bassin d&#039;Arcachon\" loading=\"lazy\" role=\"img\"><\/figure><\/div>\n<\/div>\n<\/div><\/div>\n\n\n\n<div style=\"height:40px\" aria-hidden=\"true\" class=\"wp-block-spacer\"><\/div>\n\n\n\n<div class=\"wp-block-uagb-container uagb-block-d52c5355 alignfull uagb-is-root-container\"><div class=\"uagb-container-inner-blocks-wrap\">\n<figure class=\"wp-block-pullquote\"><blockquote><p>Discover the city of Lanton on&nbsp;<a href=\"http:\/\/www.tourisme-coeurdubassin.com\/\" target=\"_blank\" rel=\"noreferrer noopener\">www.tourisme-coeurdubassin.com<\/a>.<br>Browse this&nbsp;<a href=\"https:\/\/www.bassin-arcachon.com\/\">website, that of the Bassin of Arcachon<\/a>. You do not need to identify yourself!<\/p><\/blockquote><\/figure>\n<\/div><\/div>\n\n\n\n<div style=\"height:40px\" aria-hidden=\"true\" class=\"wp-block-spacer\"><\/div>\n\n\n\n<div class=\"wp-block-uagb-container uagb-block-d7241030 alignfull uagb-is-root-container\"><div class=\"uagb-container-inner-blocks-wrap\">\n<h3 class=\"wp-block-heading\">Surf smart!<\/h3>\n\n\n\n<p>The WiFi_Bassin_Arcachon network remembers you! The connection will be made automatically on the same device each time you are near one of our WiFi terminals, regardless of the municipality of the Bassin. Remember to restart your browser.<\/p>\n\n\n\n<h3 class=\"wp-block-heading\">Digital sobriety<\/h3>\n\n\n\n<p>Let&#039;s adopt the right actions for a greener digital world! Together, let&#039;s reduce our environmental impact by adopting simple actions for a more responsible digital world. Discover our practical advice\u00a0<strong><a href=\"https:\/\/www.ecologie.gouv.fr\/sites\/default\/files\/guide-en-route-vers-sobriete-numerique.pdf\" target=\"_blank\" rel=\"noreferrer noopener\">on this site\u00a0<\/a>!<\/strong><\/p>\n<\/div><\/div>\n\n\n\n<div style=\"height:40px\" aria-hidden=\"true\" class=\"wp-block-spacer\"><\/div>","protected":false},"excerpt":{"rendered":"<p>Lanton vous offre un acc\u00e8s WiFi gratuit et s\u00e9curis\u00e9 pour surfer sur Internet librement dans les lieux publics \u00e9quip\u00e9s. Lanton&nbsp;vous propose d\u2019arpenter le sentier du littoral \u00e0 pied ou la [&hellip;]<\/p>","protected":false},"author":25,"featured_media":24178,"parent":69,"menu_order":15,"comment_status":"closed","ping_status":"closed","template":"","meta":{"_acf_changed":false,"_uag_custom_page_level_css":"","footnotes":""},"class_list":["post-766","page","type-page","status-publish","has-post-thumbnail","hentry"],"acf":[],"uagb_featured_image_src":{"full":["https:\/\/dev.bassin-arcachon.com\/wp-content\/uploads\/2017\/04\/Lanton-villa-tosca-bassin-arcachon.jpg",1000,244,false],"thumbnail":["https:\/\/dev.bassin-arcachon.com\/wp-content\/uploads\/2017\/04\/Lanton-villa-tosca-bassin-arcachon-150x150.jpg",150,150,true],"medium":["https:\/\/dev.bassin-arcachon.com\/wp-content\/uploads\/2017\/04\/Lanton-villa-tosca-bassin-arcachon-300x73.jpg",300,73,true],"medium_large":["https:\/\/dev.bassin-arcachon.com\/wp-content\/uploads\/2017\/04\/Lanton-villa-tosca-bassin-arcachon-768x187.jpg",768,187,true],"large":["https:\/\/dev.bassin-arcachon.com\/wp-content\/uploads\/2017\/04\/Lanton-villa-tosca-bassin-arcachon.jpg",1000,244,false],"1536x1536":["https:\/\/dev.bassin-arcachon.com\/wp-content\/uploads\/2017\/04\/Lanton-villa-tosca-bassin-arcachon.jpg",1000,244,false],"2048x2048":["https:\/\/dev.bassin-arcachon.com\/wp-content\/uploads\/2017\/04\/Lanton-villa-tosca-bassin-arcachon.jpg",1000,244,false],"trp-custom-language-flag":["https:\/\/dev.bassin-arcachon.com\/wp-content\/uploads\/2017\/04\/Lanton-villa-tosca-bassin-arcachon-18x4.jpg",18,4,true],"fp-small":["https:\/\/dev.bassin-arcachon.com\/wp-content\/uploads\/2017\/04\/Lanton-villa-tosca-bassin-arcachon-640x156.jpg",640,156,true],"fp-large":["https:\/\/dev.bassin-arcachon.com\/wp-content\/uploads\/2017\/04\/Lanton-villa-tosca-bassin-arcachon.jpg",1000,244,false],"fp-xlarge":["https:\/\/dev.bassin-arcachon.com\/wp-content\/uploads\/2017\/04\/Lanton-villa-tosca-bassin-arcachon.jpg",1000,244,false]},"uagb_author_info":{"display_name":"Marie Clauzel","author_link":"https:\/\/dev.bassin-arcachon.com\/en\/author\/mariesiba\/"},"uagb_comment_info":0,"uagb_excerpt":"Lanton vous offre un acc\u00e8s WiFi gratuit et s\u00e9curis\u00e9 pour surfer sur Internet librement dans les lieux publics \u00e9quip\u00e9s. Lanton&nbsp;vous propose d\u2019arpenter le sentier du littoral \u00e0 pied ou la [&hellip;]","_links":{"self":[{"href":"https:\/\/dev.bassin-arcachon.com\/en\/wp-json\/wp\/v2\/pages\/766","targetHints":{"allow":["GET"]}}],"collection":[{"href":"https:\/\/dev.bassin-arcachon.com\/en\/wp-json\/wp\/v2\/pages"}],"about":[{"href":"https:\/\/dev.bassin-arcachon.com\/en\/wp-json\/wp\/v2\/types\/page"}],"author":[{"embeddable":true,"href":"https:\/\/dev.bassin-arcachon.com\/en\/wp-json\/wp\/v2\/users\/25"}],"replies":[{"embeddable":true,"href":"https:\/\/dev.bassin-arcachon.com\/en\/wp-json\/wp\/v2\/comments?post=766"}],"version-history":[{"count":1,"href":"https:\/\/dev.bassin-arcachon.com\/en\/wp-json\/wp\/v2\/pages\/766\/revisions"}],"predecessor-version":[{"id":119046,"href":"https:\/\/dev.bassin-arcachon.com\/en\/wp-json\/wp\/v2\/pages\/766\/revisions\/119046"}],"up":[{"embeddable":true,"href":"https:\/\/dev.bassin-arcachon.com\/en\/wp-json\/wp\/v2\/pages\/69"}],"wp:featuredmedia":[{"embeddable":true,"href":"https:\/\/dev.bassin-arcachon.com\/en\/wp-json\/wp\/v2\/media\/24178"}],"wp:attachment":[{"href":"https:\/\/dev.bassin-arcachon.com\/en\/wp-json\/wp\/v2\/media?parent=766"}],"curies":[{"name":"wp","href":"https:\/\/api.w.org\/{rel}","templated":true}]}}