{"id":768,"date":"2017-04-04T12:33:38","date_gmt":"2017-04-04T10:33:38","guid":{"rendered":"https:\/\/dev.bassin-arcachon.com\/\/?page_id=768"},"modified":"2024-12-16T14:05:13","modified_gmt":"2024-12-16T13:05:13","slug":"wifi-audenge","status":"publish","type":"page","link":"https:\/\/dev.bassin-arcachon.com\/en\/find-your-wifi-point\/wifi-audenge\/","title":{"rendered":"Welcome to Audenge"},"content":{"rendered":"<div class=\"wp-block-uagb-container uagb-block-49014ca7 alignfull uagb-is-root-container\"><div class=\"uagb-container-inner-blocks-wrap\">\n<div class=\"wp-block-uagb-container uagb-block-41a2f477\">\n<h2 class=\"wp-block-heading\">Audenge offers you free and secure WiFi access to surf the Internet freely in equipped public places.<\/h2>\n\n\n\n<p>Heading for the east bank of the&nbsp;<strong>Arcachon Bay<\/strong>&nbsp;! With its protected natural sites, lively oyster port and incredible views of the Bassin,&nbsp;<strong>Audenge<\/strong>&nbsp;brings together all the ingredients for a real holiday.<\/p>\n<\/div>\n\n\n\n<div class=\"wp-block-uagb-container uagb-block-a59da987\">\n<div class=\"wp-block-uagb-image uagb-block-c3e360a1 wp-block-uagb-image--layout-default wp-block-uagb-image--effect-static wp-block-uagb-image--align-none\"><figure class=\"wp-block-uagb-image__figure\"><img decoding=\"async\" srcset=\"https:\/\/dev.bassin-arcachon.com\/wp-content\/uploads\/2017\/12\/port-audenge-44-1024x683.jpg \" sizes=\"auto, (max-width: 480px) 150px\" src=\"https:\/\/dev.bassin-arcachon.com\/wp-content\/uploads\/2017\/12\/port-audenge-44-1024x683.jpg\" alt=\"- - Bassin d&#039;Arcachon\" class=\"uag-image-11659\" width=\"1024\" height=\"683\" title=\"- - Bassin d&#039;Arcachon\" loading=\"lazy\" role=\"img\"><\/figure><\/div>\n<\/div>\n<\/div><\/div>\n\n\n\n<div style=\"height:40px\" aria-hidden=\"true\" class=\"wp-block-spacer\"><\/div>\n\n\n\n<div class=\"wp-block-uagb-container uagb-block-dfefdcaf alignfull uagb-is-root-container\"><div class=\"uagb-container-inner-blocks-wrap\">\n<figure class=\"wp-block-pullquote\"><blockquote><p>Discover the city of Audenge on&nbsp;<a href=\"https:\/\/www.tourisme-coeurdubassin.com\/\" target=\"_blank\" rel=\"noreferrer noopener\">www.tourisme-coeurdubassin.com<\/a>.<br>Browse, this&nbsp;<a href=\"https:\/\/www.bassin-arcachon.com\/\">website, that of the Bassin of Arcachon<\/a>. You do not need to identify yourself!<\/p><\/blockquote><\/figure>\n<\/div><\/div>\n\n\n\n<div style=\"height:40px\" aria-hidden=\"true\" class=\"wp-block-spacer\"><\/div>\n\n\n\n<div class=\"wp-block-uagb-container uagb-block-4a41037d alignfull uagb-is-root-container\"><div class=\"uagb-container-inner-blocks-wrap\">\n<h3 class=\"wp-block-heading\">Surf smart!<\/h3>\n\n\n\n<p>The WiFi_Bassin_Arcachon network remembers you! The connection will be made automatically on the same device each time you are near one of our WiFi terminals, regardless of the municipality of the Bassin. Remember to restart your browser.<\/p>\n<\/div><\/div>\n\n\n\n<div class=\"wp-block-uagb-container uagb-block-98b0ad24 alignfull uagb-is-root-container\"><div class=\"uagb-container-inner-blocks-wrap\">\n<h3 class=\"wp-block-heading\">Digital sobriety<\/h3>\n\n\n\n<p>Let&#039;s adopt the right actions for a greener digital world! Together, let&#039;s reduce our environmental impact by adopting simple actions for a more responsible digital world. Discover our practical advice\u00a0<strong><a href=\"https:\/\/www.ecologie.gouv.fr\/sites\/default\/files\/guide-en-route-vers-sobriete-numerique.pdf\" target=\"_blank\" rel=\"noreferrer noopener\">on this site\u00a0<\/a>!<\/strong><\/p>\n<\/div><\/div>\n\n\n\n<div style=\"height:40px\" aria-hidden=\"true\" class=\"wp-block-spacer\"><\/div>","protected":false},"excerpt":{"rendered":"<p>Audenge vous offre un acc\u00e8s WiFi gratuit et s\u00e9curis\u00e9 pour surfer sur Internet librement dans les lieux publics \u00e9quip\u00e9s. Cap sur la rive Est du&nbsp;Bassin d\u2019Arcachon&nbsp;! Avec ses sites naturels [&hellip;]<\/p>","protected":false},"author":25,"featured_media":23808,"parent":69,"menu_order":11,"comment_status":"closed","ping_status":"closed","template":"","meta":{"_acf_changed":false,"_uag_custom_page_level_css":"","footnotes":""},"class_list":["post-768","page","type-page","status-publish","has-post-thumbnail","hentry"],"acf":[],"uagb_featured_image_src":{"full":["https:\/\/dev.bassin-arcachon.com\/wp-content\/uploads\/2017\/02\/Domaine-de-Certes-Audenge.jpg",1000,666,false],"thumbnail":["https:\/\/dev.bassin-arcachon.com\/wp-content\/uploads\/2017\/02\/Domaine-de-Certes-Audenge-150x150.jpg",150,150,true],"medium":["https:\/\/dev.bassin-arcachon.com\/wp-content\/uploads\/2017\/02\/Domaine-de-Certes-Audenge-300x200.jpg",300,200,true],"medium_large":["https:\/\/dev.bassin-arcachon.com\/wp-content\/uploads\/2017\/02\/Domaine-de-Certes-Audenge-768x511.jpg",768,511,true],"large":["https:\/\/dev.bassin-arcachon.com\/wp-content\/uploads\/2017\/02\/Domaine-de-Certes-Audenge.jpg",1000,666,false],"1536x1536":["https:\/\/dev.bassin-arcachon.com\/wp-content\/uploads\/2017\/02\/Domaine-de-Certes-Audenge.jpg",1000,666,false],"2048x2048":["https:\/\/dev.bassin-arcachon.com\/wp-content\/uploads\/2017\/02\/Domaine-de-Certes-Audenge.jpg",1000,666,false],"trp-custom-language-flag":["https:\/\/dev.bassin-arcachon.com\/wp-content\/uploads\/2017\/02\/Domaine-de-Certes-Audenge-18x12.jpg",18,12,true],"fp-small":["https:\/\/dev.bassin-arcachon.com\/wp-content\/uploads\/2017\/02\/Domaine-de-Certes-Audenge-640x426.jpg",640,426,true],"fp-large":["https:\/\/dev.bassin-arcachon.com\/wp-content\/uploads\/2017\/02\/Domaine-de-Certes-Audenge.jpg",1000,666,false],"fp-xlarge":["https:\/\/dev.bassin-arcachon.com\/wp-content\/uploads\/2017\/02\/Domaine-de-Certes-Audenge.jpg",1000,666,false]},"uagb_author_info":{"display_name":"Marie Clauzel","author_link":"https:\/\/dev.bassin-arcachon.com\/en\/author\/mariesiba\/"},"uagb_comment_info":0,"uagb_excerpt":"Audenge vous offre un acc\u00e8s WiFi gratuit et s\u00e9curis\u00e9 pour surfer sur Internet librement dans les lieux publics \u00e9quip\u00e9s. Cap sur la rive Est du&nbsp;Bassin d\u2019Arcachon&nbsp;! Avec ses sites naturels [&hellip;]","_links":{"self":[{"href":"https:\/\/dev.bassin-arcachon.com\/en\/wp-json\/wp\/v2\/pages\/768","targetHints":{"allow":["GET"]}}],"collection":[{"href":"https:\/\/dev.bassin-arcachon.com\/en\/wp-json\/wp\/v2\/pages"}],"about":[{"href":"https:\/\/dev.bassin-arcachon.com\/en\/wp-json\/wp\/v2\/types\/page"}],"author":[{"embeddable":true,"href":"https:\/\/dev.bassin-arcachon.com\/en\/wp-json\/wp\/v2\/users\/25"}],"replies":[{"embeddable":true,"href":"https:\/\/dev.bassin-arcachon.com\/en\/wp-json\/wp\/v2\/comments?post=768"}],"version-history":[{"count":1,"href":"https:\/\/dev.bassin-arcachon.com\/en\/wp-json\/wp\/v2\/pages\/768\/revisions"}],"predecessor-version":[{"id":119045,"href":"https:\/\/dev.bassin-arcachon.com\/en\/wp-json\/wp\/v2\/pages\/768\/revisions\/119045"}],"up":[{"embeddable":true,"href":"https:\/\/dev.bassin-arcachon.com\/en\/wp-json\/wp\/v2\/pages\/69"}],"wp:featuredmedia":[{"embeddable":true,"href":"https:\/\/dev.bassin-arcachon.com\/en\/wp-json\/wp\/v2\/media\/23808"}],"wp:attachment":[{"href":"https:\/\/dev.bassin-arcachon.com\/en\/wp-json\/wp\/v2\/media?parent=768"}],"curies":[{"name":"wp","href":"https:\/\/api.w.org\/{rel}","templated":true}]}}