{"id":772,"date":"2017-04-04T12:38:31","date_gmt":"2017-04-04T10:38:31","guid":{"rendered":"https:\/\/dev.bassin-arcachon.com\/\/?page_id=772"},"modified":"2024-05-06T16:48:15","modified_gmt":"2024-05-06T14:48:15","slug":"wifi-mios","status":"publish","type":"page","link":"https:\/\/dev.bassin-arcachon.com\/en\/find-your-wifi-point\/wifi-mios\/","title":{"rendered":"Welcome to Mios"},"content":{"rendered":"<div class=\"wp-block-uagb-container uagb-block-2bb682b0 alignfull uagb-is-root-container\"><div class=\"uagb-container-inner-blocks-wrap\">\n<h2 class=\"wp-block-heading\">The Mios Tourist Office offers you free and secure WiFi access to surf the Internet freely within the confines of the information office.<\/h2>\n<\/div><\/div>\n\n\n\n<div style=\"height:40px\" aria-hidden=\"true\" class=\"wp-block-spacer\"><\/div>\n\n\n\n<div class=\"wp-block-uagb-container uagb-block-49df3d4d alignfull uagb-is-root-container\"><div class=\"uagb-container-inner-blocks-wrap\">\n<div class=\"wp-block-uagb-container uagb-block-91170351\">\n<p>At the gates of the Leyre delta, the forest is omnipresent and is home to an exceptional fauna in Mios. Walk along the banks of the river, the Leyre, and take advantage of the shaded paths for a rejuvenating hike.<\/p>\n\n\n\n<p><strong>Meet your holiday advisors at the Tourist Office<\/strong>&nbsp;and&nbsp;<strong>discover the Heart of Bassin on&nbsp;<\/strong><a href=\"http:\/\/www.tourisme-coeurdubassin.com\/\" target=\"_blank\" rel=\"noreferrer noopener\"><strong>www.tourisme-coeurdubassin.com<\/strong><\/a><\/p>\n\n\n\n<p><strong>Also browse the Bassin Arcachon website. You do not need to identify yourself!<\/strong><\/p>\n<\/div>\n\n\n\n<div class=\"wp-block-uagb-container uagb-block-ff9a1c91\">\n<h3 class=\"wp-block-heading\">How to login?<\/h3>\n\n\n\n<p>To check your e-mail and surf freely, identify yourself on the portal by clicking on the \u201cAccess the Internet\u201d tab at the top right of your screen. Enter your email or use your Facebook, Twitter and Google+ account and accept the terms of use.<\/p>\n\n\n\n<p>Good surfing, free and unlimited\u2026<\/p>\n<\/div>\n<\/div><\/div>\n\n\n\n<div style=\"height:40px\" aria-hidden=\"true\" class=\"wp-block-spacer\"><\/div>\n\n\n\n<div class=\"wp-block-uagb-container uagb-block-3001b7a7 alignfull uagb-is-root-container\"><div class=\"uagb-container-inner-blocks-wrap\">\n<h3 class=\"wp-block-heading\">Surf smart!<\/h3>\n\n\n\n<p>The WiFi_Bassin_Arcachon network remembers you! The connection will be made automatically on the same device each time you are near one of our WiFi terminals, regardless of the municipality of the Bassin. Remember to restart your browser.<\/p>\n\n\n\n<h3 class=\"wp-block-heading\">Digital sobriety<\/h3>\n\n\n\n<p>Let&#039;s adopt the right actions for a greener digital world! Together, let&#039;s reduce our environmental impact by adopting simple actions for a more responsible digital world. Discover our practical advice&nbsp;<strong><a href=\"https:\/\/www.ecologie.gouv.fr\/sites\/default\/files\/guide-en-route-vers-sobriete-numerique.pdf\" target=\"_blank\" rel=\"noreferrer noopener\">on this site&nbsp;<\/a>!<\/strong><\/p>\n<\/div><\/div>\n\n\n\n<div style=\"height:40px\" aria-hidden=\"true\" class=\"wp-block-spacer\"><\/div>","protected":false},"excerpt":{"rendered":"<p>L\u2019Office de Tourisme de Mios vous offre un acc\u00e8s WiFi gratuit et s\u00e9curis\u00e9 pour surfer sur Internet librement dans l\u2019enceinte du bureau d\u2019information. Aux portes du delta de la Leyre, [&hellip;]<\/p>","protected":false},"author":25,"featured_media":1576,"parent":69,"menu_order":17,"comment_status":"closed","ping_status":"closed","template":"","meta":{"_acf_changed":false,"_uag_custom_page_level_css":"","footnotes":""},"class_list":["post-772","page","type-page","status-publish","has-post-thumbnail","hentry"],"acf":[],"uagb_featured_image_src":{"full":["https:\/\/dev.bassin-arcachon.com\/wp-content\/uploads\/2017\/04\/header-wifi-light.jpg",1200,612,false],"thumbnail":["https:\/\/dev.bassin-arcachon.com\/wp-content\/uploads\/2017\/04\/header-wifi-light-150x150.jpg",150,150,true],"medium":["https:\/\/dev.bassin-arcachon.com\/wp-content\/uploads\/2017\/04\/header-wifi-light-300x153.jpg",300,153,true],"medium_large":["https:\/\/dev.bassin-arcachon.com\/wp-content\/uploads\/2017\/04\/header-wifi-light-768x392.jpg",768,392,true],"large":["https:\/\/dev.bassin-arcachon.com\/wp-content\/uploads\/2017\/04\/header-wifi-light-1024x522.jpg",1024,522,true],"1536x1536":["https:\/\/dev.bassin-arcachon.com\/wp-content\/uploads\/2017\/04\/header-wifi-light.jpg",1200,612,false],"2048x2048":["https:\/\/dev.bassin-arcachon.com\/wp-content\/uploads\/2017\/04\/header-wifi-light.jpg",1200,612,false],"trp-custom-language-flag":["https:\/\/dev.bassin-arcachon.com\/wp-content\/uploads\/2017\/04\/header-wifi-light-18x9.jpg",18,9,true],"fp-small":["https:\/\/dev.bassin-arcachon.com\/wp-content\/uploads\/2017\/04\/header-wifi-light-640x326.jpg",640,326,true],"fp-large":["https:\/\/dev.bassin-arcachon.com\/wp-content\/uploads\/2017\/04\/header-wifi-light.jpg",1200,612,false],"fp-xlarge":["https:\/\/dev.bassin-arcachon.com\/wp-content\/uploads\/2017\/04\/header-wifi-light.jpg",1200,612,false]},"uagb_author_info":{"display_name":"Marie Clauzel","author_link":"https:\/\/dev.bassin-arcachon.com\/en\/author\/mariesiba\/"},"uagb_comment_info":0,"uagb_excerpt":"L\u2019Office de Tourisme de Mios vous offre un acc\u00e8s WiFi gratuit et s\u00e9curis\u00e9 pour surfer sur Internet librement dans l\u2019enceinte du bureau d\u2019information. Aux portes du delta de la Leyre, [&hellip;]","_links":{"self":[{"href":"https:\/\/dev.bassin-arcachon.com\/en\/wp-json\/wp\/v2\/pages\/772","targetHints":{"allow":["GET"]}}],"collection":[{"href":"https:\/\/dev.bassin-arcachon.com\/en\/wp-json\/wp\/v2\/pages"}],"about":[{"href":"https:\/\/dev.bassin-arcachon.com\/en\/wp-json\/wp\/v2\/types\/page"}],"author":[{"embeddable":true,"href":"https:\/\/dev.bassin-arcachon.com\/en\/wp-json\/wp\/v2\/users\/25"}],"replies":[{"embeddable":true,"href":"https:\/\/dev.bassin-arcachon.com\/en\/wp-json\/wp\/v2\/comments?post=772"}],"version-history":[{"count":0,"href":"https:\/\/dev.bassin-arcachon.com\/en\/wp-json\/wp\/v2\/pages\/772\/revisions"}],"up":[{"embeddable":true,"href":"https:\/\/dev.bassin-arcachon.com\/en\/wp-json\/wp\/v2\/pages\/69"}],"wp:featuredmedia":[{"embeddable":true,"href":"https:\/\/dev.bassin-arcachon.com\/en\/wp-json\/wp\/v2\/media\/1576"}],"wp:attachment":[{"href":"https:\/\/dev.bassin-arcachon.com\/en\/wp-json\/wp\/v2\/media?parent=772"}],"curies":[{"name":"wp","href":"https:\/\/api.w.org\/{rel}","templated":true}]}}