{"id":8409,"date":"2017-11-20T10:18:54","date_gmt":"2017-11-20T09:18:54","guid":{"rendered":"https:\/\/dev.bassin-arcachon.com\/\/?page_id=8409"},"modified":"2025-03-21T11:21:12","modified_gmt":"2025-03-21T10:21:12","slug":"what-to-do-when-it-rains","status":"publish","type":"page","link":"https:\/\/dev.bassin-arcachon.com\/en\/what-to-do-when-it-rains\/","title":{"rendered":"What to do when it rains ?"},"content":{"rendered":"<div class=\"wp-block-uagb-container uagb-block-3e11289c alignfull uagb-is-root-container\"><div class=\"uagb-container-inner-blocks-wrap\">\n<div class=\"wp-block-buttons is-content-justification-center is-layout-flex wp-container-core-buttons-is-layout-16018d1d wp-block-buttons-is-layout-flex\">\n<div class=\"wp-block-button\"><a class=\"wp-block-button__link wp-element-button\" href=\"https:\/\/www.calameo.com\/read\/000024421dd1f2bc56daa\" target=\"_blank\" rel=\"noreferrer noopener\">What to do on the Arcachon Bassin when it rains? Download the PDF!<\/a><\/div>\n<\/div>\n<\/div><\/div>\n\n\n\n<div style=\"height:60px\" aria-hidden=\"true\" class=\"wp-block-spacer\"><\/div>\n\n\n\n<div class=\"wp-block-uagb-container uagb-block-5c2cf503 alignfull uagb-is-root-container\"><div class=\"uagb-container-inner-blocks-wrap\">\n<div class=\"wp-block-uagb-container uagb-block-b283b991\">\n<h2 class=\"wp-block-heading\">Owl, it&#039;s raining!<\/h2>\n\n\n\n<p>It&#039;s raining, okay... but your stay on the Arcachon Bassin doesn&#039;t stop there!<\/p>\n\n\n\n<p>Take advantage of these overcast days to discover activities that are just as pleasant on vacation as on weekends.<\/p>\n\n\n\n<p>Media library and municipal swimming pool, casino, bowling, laser tag, cinema, balneotherapy, thalassotherapy, spa\u2026<\/p>\n\n\n\n<p>There is no shortage of opportunities to get oxygen, even in rainy weather!<\/p>\n<\/div>\n\n\n\n<div class=\"wp-block-uagb-container uagb-block-58a3a22c\">\n<div class=\"wp-block-uagb-image uagb-block-552f12e2 wp-block-uagb-image--layout-default wp-block-uagb-image--effect-static wp-block-uagb-image--align-none\"><figure class=\"wp-block-uagb-image__figure\"><img decoding=\"async\" srcset=\"https:\/\/dev.bassin-arcachon.com\/wp-content\/uploads\/2020\/03\/thalasso-thalazur-arcachon-cure-couple-1024x684.jpg \" sizes=\"auto, (max-width: 480px) 150px\" src=\"https:\/\/dev.bassin-arcachon.com\/wp-content\/uploads\/2020\/03\/thalasso-thalazur-arcachon-cure-couple-1024x684.jpg\" alt=\"- - Bassin d&#039;Arcachon\" class=\"uag-image-42589\" width=\"1024\" height=\"684\" title=\"- - Bassin d&#039;Arcachon\" loading=\"lazy\" role=\"img\"><\/figure><\/div>\n<\/div>\n<\/div><\/div>\n\n\n\n<div style=\"height:60px\" aria-hidden=\"true\" class=\"wp-block-spacer\"><\/div>\n\n\n\n<div class=\"wp-block-uagb-container uagb-block-fa5e4fc3 alignfull uagb-is-root-container\"><div class=\"uagb-container-inner-blocks-wrap\">\n<div class=\"wp-block-uagb-container uagb-block-9b9b8fd7\">\n<div class=\"wp-block-uagb-image uagb-block-600673eb wp-block-uagb-image--layout-default wp-block-uagb-image--effect-static wp-block-uagb-image--align-none\"><figure class=\"wp-block-uagb-image__figure\"><img decoding=\"async\" srcset=\"https:\/\/dev.bassin-arcachon.com\/wp-content\/uploads\/2023\/01\/maison-huitre-bassin-arcachon-agence-les-conteurs-24-edited.jpg \" sizes=\"auto, (max-width: 480px) 150px\" src=\"https:\/\/dev.bassin-arcachon.com\/wp-content\/uploads\/2023\/01\/maison-huitre-bassin-arcachon-agence-les-conteurs-24-edited.jpg\" alt=\"- - Bassin d&#039;Arcachon\" class=\"uag-image-54859\" width=\"800\" height=\"800\" title=\"- - Bassin d&#039;Arcachon\" loading=\"lazy\" role=\"img\"><\/figure><\/div>\n<\/div>\n\n\n\n<div class=\"wp-block-uagb-container uagb-block-07324eb0\">\n<h2 class=\"wp-block-heading\">Culture and discovery break<\/h2>\n\n\n\n<ul class=\"wp-block-list\">\n<li>The&nbsp;<a href=\"http:\/\/www.ville-arcachon.fr\/le-bunker-502\/\" target=\"_blank\" rel=\"noreferrer noopener\">bunker 502<\/a>, remnant of the Second World War, in Arcachon (within the MA.AT)<\/li>\n\n\n\n<li>Maison Louis David in Andernos-les-Bains (town museum and art exhibition venue)<\/li>\n\n\n\n<li>Small oyster museum, Cabane n\u00b055 in Andernos-les-Bains (for opening dates, inquire at the tourist office on 05 56 82 02 95)<\/li>\n\n\n\n<li>The Chapel of the Algerian villa, the jewel of the peninsula<\/li>\n\n\n\n<li>The Chapel of the Sailors in Arcachon<\/li>\n\n\n\n<li>The&nbsp;<a href=\"http:\/\/www.maison-huitre.fr\/\" target=\"_blank\" rel=\"noreferrer noopener\">Oyster House<\/a>, in Gujan-Mestras<\/li>\n\n\n\n<li>La Cabane bleue aux artistes (art gallery on the port of Audenge)<\/li>\n\n\n\n<li>The Ecomuseum of Gardarem in Lanton (open on weekends only)<\/li>\n\n\n\n<li><a href=\"https:\/\/www.kokobelli.fr\/\" target=\"_blank\" rel=\"noopener\">kokobelli workshop<\/a>&nbsp;(jewelry and decorative objects in vegetal ivory and pinecone) in L\u00e8ge-Cap Ferret \u2013 open from April to September<\/li>\n\n\n\n<li>The Cabane du R\u00e9sinier in L\u00e8ge-Cap Ferret<\/li>\n\n\n\n<li>The&nbsp;<a href=\"https:\/\/dev.bassin-arcachon.com\/en\/our-essentials\/the-lighthouse-and-point-of-cap-ferret\/\">Cap Ferret Lighthouse<\/a>&nbsp;and its interactive exhibition (open Wednesday to Sunday from 2 p.m. to 5 p.m. or 6 p.m. in autumn-winter)<\/li>\n\n\n\n<li>And many others !<\/li>\n<\/ul>\n<\/div>\n<\/div><\/div>\n\n\n\n<div style=\"height:60px\" aria-hidden=\"true\" class=\"wp-block-spacer\"><\/div>\n\n\n\n<div class=\"wp-block-uagb-container uagb-block-89ed556a alignfull uagb-is-root-container\"><div class=\"uagb-container-inner-blocks-wrap\">\n<div class=\"wp-block-uagb-container uagb-block-146e97e1\">\n<h2 class=\"wp-block-heading\">Let yourself be guided !<\/h2>\n\n\n\n<ul class=\"wp-block-list\">\n<li>The&nbsp;<a href=\"http:\/\/www.lepetittraindarcachon.fr\/le_petit_train_d_arcachon\/Le_petit_train_darcachon.html\" target=\"_blank\" rel=\"noreferrer noopener\">Little Train of Arcachon<\/a>&nbsp;(covered train)<\/li>\n\n\n\n<li>The Chocolate Factory &quot;&nbsp;<a href=\"http:\/\/www.alienorchocolat.com\/chocolaterie.html\" target=\"_blank\" rel=\"noreferrer noopener\">Eleanor&#039;s Delicacies<\/a>&nbsp;\u00bb at La Teste de Buch, only by reservation from Tuesday to Saturday<\/li>\n\n\n\n<li>Le Caviar Perlita \u2013 Visit of L\u2019Esturgeonni\u00e8re at Le Teich from April to September<\/li>\n\n\n\n<li>The Caviar of France \u2013 Visit to the Moulin de la Cassadotte in Biganos from April to September<\/li>\n\n\n\n<li>Visit to the SMURFIT-KAPPA stationery factory in Biganos (Tuesdays and Thursdays in July-August only)<\/li>\n<\/ul>\n\n\n\n<p><em>For visits, get closer to your&nbsp;<a href=\"https:\/\/dev.bassin-arcachon.com\/en\/offices-tourisme\/\">Tourist Office.<\/a><\/em><\/p>\n<\/div>\n\n\n\n<div class=\"wp-block-uagb-container uagb-block-895e6d9c\">\n<div class=\"wp-block-uagb-image uagb-block-d404c367 wp-block-uagb-image--layout-default wp-block-uagb-image--effect-static wp-block-uagb-image--align-none\"><figure class=\"wp-block-uagb-image__figure\"><img decoding=\"async\" srcset=\"https:\/\/dev.bassin-arcachon.com\/wp-content\/uploads\/2023\/01\/Source-des-Abatilles-N0691b-e1548081054123-edited.jpg \" sizes=\"auto, (max-width: 480px) 150px\" src=\"https:\/\/dev.bassin-arcachon.com\/wp-content\/uploads\/2023\/01\/Source-des-Abatilles-N0691b-e1548081054123-edited.jpg\" alt=\"Visit of the Source des Abatilles in Arcachon\" class=\"uag-image-54856\" width=\"1000\" height=\"749\" title=\"- - Bassin d&#039;Arcachon\" loading=\"lazy\" role=\"img\"><\/figure><\/div>\n<\/div>\n<\/div><\/div>\n\n\n\n<div style=\"height:60px\" aria-hidden=\"true\" class=\"wp-block-spacer\"><\/div>\n\n\n\n<div class=\"wp-block-uagb-container uagb-block-e10669f6 alignfull uagb-is-root-container\"><div class=\"uagb-container-inner-blocks-wrap\">\n<div class=\"wp-block-uagb-container uagb-block-40f8e1be\">\n<div class=\"wp-block-uagb-image uagb-block-b0e4088a wp-block-uagb-image--layout-default wp-block-uagb-image--effect-static wp-block-uagb-image--align-none\"><figure class=\"wp-block-uagb-image__figure\"><img decoding=\"async\" srcset=\"https:\/\/dev.bassin-arcachon.com\/wp-content\/uploads\/2017\/08\/baby-72695_960_720.jpg \" sizes=\"auto, (max-width: 480px) 150px\" src=\"https:\/\/dev.bassin-arcachon.com\/wp-content\/uploads\/2017\/08\/baby-72695_960_720.jpg\" alt=\"Activities for children when it rains at Bassin d&#039;Arcachon\" class=\"uag-image-7296\" width=\"960\" height=\"640\" title=\"- - Bassin d&#039;Arcachon\" loading=\"lazy\" role=\"img\"><\/figure><\/div>\n<\/div>\n\n\n\n<div class=\"wp-block-uagb-container uagb-block-472b0972\">\n<h2 class=\"wp-block-heading\">What to do with my little bits<\/h2>\n\n\n\n<ul class=\"wp-block-list\">\n<li><a href=\"http:\/\/www.bigajump.com\/\" target=\"_blank\" rel=\"noreferrer noopener\">BIG&#039;A JUMP<\/a>&nbsp;Covered Trampoline Park in Biganos<\/li>\n\n\n\n<li><a href=\"https:\/\/www.battlekart.com\/fr\/arcachon\/\" target=\"_blank\" rel=\"noopener\">BATTLEKART<\/a> Karting and Gaming <\/li>\n\n\n\n<li>The&nbsp;<a href=\"https:\/\/dev.bassin-arcachon.com\/en\/agenda-outings-markets\/\">Bassin cinemas<\/a>&nbsp;are open all year round!<\/li>\n<\/ul>\n\n\n\n<p><a href=\"https:\/\/dev.bassin-arcachon.com\/en\/4-things-to-do-when-kids-are-raining\/\">Discover our 4 activities to do with your children when it rains!<\/a><\/p>\n<\/div>\n<\/div><\/div>\n\n\n\n<div style=\"height:60px\" aria-hidden=\"true\" class=\"wp-block-spacer\"><\/div>\n\n\n\n<div class=\"wp-block-uagb-container uagb-block-3e7ac0d7 alignfull uagb-is-root-container\"><div class=\"uagb-container-inner-blocks-wrap\">\n<div class=\"wp-block-uagb-container uagb-block-55376999\">\n<h2 class=\"wp-block-heading\">Sheltered cruises<\/h2>\n\n\n\n<p>Organized outings departing from Arcachon, Cap Ferret, Canon, Moulleau and Andernos depending on the season:<\/p>\n\n\n\n<ul class=\"wp-block-list\">\n<li><strong>Bird Island Tour<\/strong>, duration 1h45<\/li>\n\n\n\n<li><strong>Grand Tour of Bassin<\/strong>, duration 2h45<\/li>\n<\/ul>\n\n\n\n<p><em>Inquire with the<a href=\"https:\/\/bateliers-arcachon.com\/\" target=\"_blank\" rel=\"noreferrer noopener\">Boatmen&#039;s Union<\/a>.<\/em><\/p>\n<\/div>\n\n\n\n<div class=\"wp-block-uagb-container uagb-block-5480b58d\">\n<div class=\"wp-block-uagb-image uagb-block-023bd38f wp-block-uagb-image--layout-default wp-block-uagb-image--effect-static wp-block-uagb-image--align-none\"><figure class=\"wp-block-uagb-image__figure\"><img decoding=\"async\" srcset=\"https:\/\/dev.bassin-arcachon.com\/wp-content\/uploads\/2023\/08\/Design-sans-titre-2023-12-08T104740.989-1024x1024.png ,https:\/\/dev.bassin-arcachon.com\/wp-content\/uploads\/2023\/08\/Design-sans-titre-2023-12-08T104740.989.png 780w, https:\/\/dev.bassin-arcachon.com\/wp-content\/uploads\/2023\/08\/Design-sans-titre-2023-12-08T104740.989.png 360w\" sizes=\"auto, (max-width: 480px) 150px\" src=\"https:\/\/dev.bassin-arcachon.com\/wp-content\/uploads\/2023\/08\/Design-sans-titre-2023-12-08T104740.989-1024x1024.png\" alt=\"- - Bassin d&#039;Arcachon\" class=\"uag-image-57369\" width=\"1024\" height=\"1024\" title=\"- - Bassin d&#039;Arcachon\" loading=\"lazy\" role=\"img\"><\/figure><\/div>\n<\/div>\n<\/div><\/div>\n\n\n\n<div style=\"height:60px\" aria-hidden=\"true\" class=\"wp-block-spacer\"><\/div>\n\n\n\n<div class=\"wp-block-uagb-container uagb-block-3fbba451 alignfull uagb-is-root-container\"><div class=\"uagb-container-inner-blocks-wrap\">\n<h2 class=\"wp-block-heading\">A few kilometers from Bassin<\/h2>\n\n\n\n<div class=\"wp-block-uagb-image uagb-block-5699374c wp-block-uagb-image--layout-default wp-block-uagb-image--effect-static wp-block-uagb-image--align-none\"><figure class=\"wp-block-uagb-image__figure\"><img decoding=\"async\" srcset=\"https:\/\/dev.bassin-arcachon.com\/wp-content\/uploads\/2023\/01\/miroir-eau-bordeaux-edited.jpg \" sizes=\"auto, (max-width: 480px) 150px\" src=\"https:\/\/dev.bassin-arcachon.com\/wp-content\/uploads\/2023\/01\/miroir-eau-bordeaux-edited.jpg\" alt=\"The water mirror in Bordeaux\" class=\"uag-image-54851\" width=\"1200\" height=\"675\" title=\"- - Bassin d&#039;Arcachon\" loading=\"lazy\" role=\"img\"><\/figure><\/div>\n\n\n\n<h3 class=\"wp-block-heading\"><a href=\"https:\/\/dev.bassin-arcachon.com\/en\/bordeaux-getaway\/\">Discover Bordeaux:<\/a><\/h3>\n\n\n\n<ul class=\"wp-block-list\">\n<li>Stroll through the streets of old Bordeaux, boots on your feet<\/li>\n\n\n\n<li>Make yourself comfortable in an armchair in the characteristic Utopia cinema<\/li>\n\n\n\n<li>Enjoy shopping on the longest street in Europe: Rue Sainte-Catherine<\/li>\n\n\n\n<li>Bordeaux will never leave you short of ideas for cultural outings: Aquitaine Museum, Cap Science, CAPC, etc.<\/li>\n\n\n\n<li>Enjoy the local gastronomy through a wide choice of restaurants<\/li>\n\n\n\n<li>Vineyards and castles: Bordeaux, Saint-\u00c9milion, M\u00e9doc, Entre-deux-mers\u2026<\/li>\n\n\n\n<li>Plan\u00e8te Bordeaux (road to Libourne, Beychac-et-Caillau), La Winerie<\/li>\n<\/ul>\n\n\n\n<h3 class=\"wp-block-heading\">The Landes and the hinterland:<\/h3>\n\n\n\n<ul class=\"wp-block-list\">\n<li>Aquatic complex \u2013 Spadium de Salles<\/li>\n\n\n\n<li>Marqu\u00e8ze ecomuseum in Sabers \u2013 <a href=\"https:\/\/www.marqueze.fr\" target=\"_blank\" rel=\"noopener\">https:\/\/www.marqueze.fr<\/a><\/li>\n\n\n\n<li>Seaplane Museum in Biscarrosse<\/li>\n<\/ul>\n<\/div><\/div>\n\n\n\n<div style=\"height:60px\" aria-hidden=\"true\" class=\"wp-block-spacer\"><\/div>","protected":false},"excerpt":{"rendered":"<p>Owl, it&#039;s raining! It&#039;s raining, okay... but your stay on the Arcachon Bassin doesn&#039;t stop there! Take advantage of these overcast days to discover activities [\u2026]<\/p>","protected":false},"author":25,"featured_media":8421,"parent":0,"menu_order":8,"comment_status":"closed","ping_status":"closed","template":"","meta":{"_acf_changed":false,"_uag_custom_page_level_css":"","footnotes":""},"class_list":["post-8409","page","type-page","status-publish","has-post-thumbnail","hentry"],"acf":[],"uagb_featured_image_src":{"full":["https:\/\/dev.bassin-arcachon.com\/wp-content\/uploads\/2017\/08\/child-898040_960_720-1.jpg",960,720,false],"thumbnail":["https:\/\/dev.bassin-arcachon.com\/wp-content\/uploads\/2017\/08\/child-898040_960_720-1-150x150.jpg",150,150,true],"medium":["https:\/\/dev.bassin-arcachon.com\/wp-content\/uploads\/2017\/08\/child-898040_960_720-1-300x225.jpg",300,225,true],"medium_large":["https:\/\/dev.bassin-arcachon.com\/wp-content\/uploads\/2017\/08\/child-898040_960_720-1-768x576.jpg",768,576,true],"large":["https:\/\/dev.bassin-arcachon.com\/wp-content\/uploads\/2017\/08\/child-898040_960_720-1.jpg",960,720,false],"1536x1536":["https:\/\/dev.bassin-arcachon.com\/wp-content\/uploads\/2017\/08\/child-898040_960_720-1.jpg",960,720,false],"2048x2048":["https:\/\/dev.bassin-arcachon.com\/wp-content\/uploads\/2017\/08\/child-898040_960_720-1.jpg",960,720,false],"trp-custom-language-flag":["https:\/\/dev.bassin-arcachon.com\/wp-content\/uploads\/2017\/08\/child-898040_960_720-1-16x12.jpg",16,12,true],"fp-small":["https:\/\/dev.bassin-arcachon.com\/wp-content\/uploads\/2017\/08\/child-898040_960_720-1-640x480.jpg",640,480,true],"fp-large":["https:\/\/dev.bassin-arcachon.com\/wp-content\/uploads\/2017\/08\/child-898040_960_720-1.jpg",960,720,false],"fp-xlarge":["https:\/\/dev.bassin-arcachon.com\/wp-content\/uploads\/2017\/08\/child-898040_960_720-1.jpg",960,720,false]},"uagb_author_info":{"display_name":"Marie Clauzel","author_link":"https:\/\/dev.bassin-arcachon.com\/en\/author\/mariesiba\/"},"uagb_comment_info":0,"uagb_excerpt":"Chouette, il pleut ! Il pleut, d\u2019accord\u2026 mais votre s\u00e9jour sur le Bassin d\u2019Arcachon ne s\u2019arr\u00eate pas l\u00e0 ! Profitez de ces journ\u00e9es au temps couvert pour d\u00e9couvrir des activit\u00e9s [&hellip;]","_links":{"self":[{"href":"https:\/\/dev.bassin-arcachon.com\/en\/wp-json\/wp\/v2\/pages\/8409","targetHints":{"allow":["GET"]}}],"collection":[{"href":"https:\/\/dev.bassin-arcachon.com\/en\/wp-json\/wp\/v2\/pages"}],"about":[{"href":"https:\/\/dev.bassin-arcachon.com\/en\/wp-json\/wp\/v2\/types\/page"}],"author":[{"embeddable":true,"href":"https:\/\/dev.bassin-arcachon.com\/en\/wp-json\/wp\/v2\/users\/25"}],"replies":[{"embeddable":true,"href":"https:\/\/dev.bassin-arcachon.com\/en\/wp-json\/wp\/v2\/comments?post=8409"}],"version-history":[{"count":1,"href":"https:\/\/dev.bassin-arcachon.com\/en\/wp-json\/wp\/v2\/pages\/8409\/revisions"}],"predecessor-version":[{"id":152342,"href":"https:\/\/dev.bassin-arcachon.com\/en\/wp-json\/wp\/v2\/pages\/8409\/revisions\/152342"}],"wp:featuredmedia":[{"embeddable":true,"href":"https:\/\/dev.bassin-arcachon.com\/en\/wp-json\/wp\/v2\/media\/8421"}],"wp:attachment":[{"href":"https:\/\/dev.bassin-arcachon.com\/en\/wp-json\/wp\/v2\/media?parent=8409"}],"curies":[{"name":"wp","href":"https:\/\/api.w.org\/{rel}","templated":true}]}}