{"id":98630,"date":"2024-11-18T12:22:45","date_gmt":"2024-11-18T11:22:45","guid":{"rendered":"https:\/\/dev.bassin-arcachon.com\/?page_id=98630"},"modified":"2024-12-06T12:39:57","modified_gmt":"2024-12-06T11:39:57","slug":"practical-information-for-getting-around-by-bike","status":"publish","type":"page","link":"https:\/\/dev.bassin-arcachon.com\/en\/practical-information-for-getting-around-by-bike\/","title":{"rendered":"Practical information for getting around by bike"},"content":{"rendered":"<div class=\"wp-block-uagb-container uagb-block-c7651c20 alignfull uagb-is-root-container\"><div class=\"uagb-container-inner-blocks-wrap\">\n<p>On this page, find all the useful and practical information for<strong> make your bike trips in the best conditions.<\/strong><\/p>\n<\/div><\/div>\n\n\n\n<div class=\"wp-block-uagb-container uagb-block-a9138734 alignfull uagb-is-root-container\"><div class=\"uagb-container-inner-blocks-wrap\">\n<h2 class=\"wp-block-heading\">1) Self-service inflation pumps<\/h2>\n<\/div><\/div>\n\n\n\n<div class=\"wp-block-uagb-container uagb-block-832224e8 alignfull uagb-is-root-container\"><div class=\"uagb-container-inner-blocks-wrap\">\n<div class=\"wp-block-uagb-container uagb-block-cf1714b1\">\n<figure class=\"wp-block-image size-full\"><img loading=\"lazy\" decoding=\"async\" width=\"480\" height=\"640\" src=\"https:\/\/dev.bassin-arcachon.com\/wp-content\/uploads\/2024\/11\/N\u00b05-Station-de-Gonflage-Mairie-duTeich.jpg\" alt=\"- - Bassin d&#039;Arcachon\" class=\"wp-image-98633\" title=\"- - Bassin d&#039;Arcachon\" srcset=\"https:\/\/dev.bassin-arcachon.com\/wp-content\/uploads\/2024\/11\/N\u00b05-Station-de-Gonflage-Mairie-duTeich.jpg 480w, https:\/\/dev.bassin-arcachon.com\/wp-content\/uploads\/2024\/11\/N\u00b05-Station-de-Gonflage-Mairie-duTeich-225x300.jpg 225w, https:\/\/dev.bassin-arcachon.com\/wp-content\/uploads\/2024\/11\/N\u00b05-Station-de-Gonflage-Mairie-duTeich-9x12.jpg 9w\" sizes=\"auto, (max-width: 480px) 100vw, 480px\" \/><figcaption class=\"wp-element-caption\">\u00a9 COBAS<\/figcaption><\/figure>\n<\/div>\n\n\n\n<div class=\"wp-block-uagb-container uagb-block-732da1a7\">\n<h3 class=\"wp-block-heading\"><strong>On the South-Bassin:<\/strong><\/h3>\n\n\n\n<ul class=\"wp-block-list\">\n<li><strong>Arcachon:<\/strong><br>Pereire, Place Peyneau, SNCF train station, Moulleau jetty, Small port of Arcachon<\/li>\n\n\n\n<li><strong>La Teste de Buch:<\/strong><br>Place Meller in Pyla, Cazaux Nautical Stop, Port of La Teste, Intermarch\u00e9 Les Miquelots, West Salt Meadows<\/li>\n\n\n\n<li><strong>Gujan-Mestras:<\/strong><br>Chante-Cigale roundabout, La Hume train station, La Ch\u00eaneraie, leisure area, Gujan-Mestras train station (north and south), Gujan-Mestras town hall<\/li>\n\n\n\n<li><strong>Le Teich:<\/strong><br>Le Teich Town Hall, SNCF Train Station, Super U, Le Teich Port<\/li>\n<\/ul>\n<\/div>\n<\/div><\/div>\n\n\n\n<div class=\"wp-block-uagb-container uagb-block-9a502bd6 alignfull uagb-is-root-container\"><div class=\"uagb-container-inner-blocks-wrap\">\n<div class=\"wp-block-uagb-container uagb-block-68dec60e\">\n<h3 class=\"wp-block-heading\"><a href=\"https:\/\/coban-atlantique.fr\/la-coban\/services-equipements\/\" target=\"_blank\" rel=\"noopener\">On the North Bassin: <\/a><\/h3>\n\n\n\n<ul class=\"wp-block-list\">\n<li><strong>Andernos les Bains:<\/strong><br>Tourist office (Esplanade du Broustic), in front of the Andr\u00e9e Chedid media library<\/li>\n\n\n\n<li><strong>Ares:<\/strong><br>Former railway stop (rue Jean Templier) on the V\u00e9lodyss\u00e9e<\/li>\n\n\n\n<li><strong>Audenge:<\/strong><br>Bassin swimming area, near the city center roundabout (2, all Ernest de Boissi\u00e8re), in front of the Ballion sports complex (rue des fauvettes).<\/li>\n\n\n\n<li><strong>Biganos:<\/strong><br>On the forecourt of the station, at the intersection of Av de le Lib\u00e9ration and Rue Charles Lecoq (near the bicycle racks), at the Maison des adolescents de la Gironde (Rue P. de Coubertin), at the entrance to Parc Lecoq.<\/li>\n\n\n\n<li><strong>Lanton:<\/strong><br>Heart of Bassin Tourist Office \u2013 1 route du Stade (in the car park), at the Cassy stop (All\u00e9e de la halte \u2013 on the V\u00e9lodyss\u00e9e).<\/li>\n\n\n\n<li><strong>Light \u2013 Cap Ferret:<\/strong><br>Claouey market (Avenue des Halles), at the Cap Ferret market (Avenue du monument Saliens), at the level of the old lighthouse station.<\/li>\n\n\n\n<li><strong>Marcheprime:<\/strong><br>Croix d&#039;Hins primary school (rue Lafayette), at the Town Hall\/school hub (near the secure bicycle locker, rue J.Blieck), near the college entrance (rue L.Delagrange).<\/li>\n\n\n\n<li><strong>My:<\/strong><br>Forecourt of the tourist office (Allee de Val de San Vicente).<\/li>\n<\/ul>\n<\/div>\n\n\n\n<div class=\"wp-block-uagb-container uagb-block-67e8edc7\">\n<figure class=\"wp-block-image size-large\"><img loading=\"lazy\" decoding=\"async\" width=\"506\" height=\"1024\" src=\"https:\/\/dev.bassin-arcachon.com\/wp-content\/uploads\/2024\/11\/mobilier-type-62668ba9b5506298122291-1-506x1024.jpg\" alt=\"- - Bassin d&#039;Arcachon\" class=\"wp-image-98636\" title=\"- - Bassin d&#039;Arcachon\" srcset=\"https:\/\/dev.bassin-arcachon.com\/wp-content\/uploads\/2024\/11\/mobilier-type-62668ba9b5506298122291-1-506x1024.jpg 506w, https:\/\/dev.bassin-arcachon.com\/wp-content\/uploads\/2024\/11\/mobilier-type-62668ba9b5506298122291-1-148x300.jpg 148w, https:\/\/dev.bassin-arcachon.com\/wp-content\/uploads\/2024\/11\/mobilier-type-62668ba9b5506298122291-1-768x1553.jpg 768w, https:\/\/dev.bassin-arcachon.com\/wp-content\/uploads\/2024\/11\/mobilier-type-62668ba9b5506298122291-1-759x1536.jpg 759w, https:\/\/dev.bassin-arcachon.com\/wp-content\/uploads\/2024\/11\/mobilier-type-62668ba9b5506298122291-1-1013x2048.jpg 1013w, https:\/\/dev.bassin-arcachon.com\/wp-content\/uploads\/2024\/11\/mobilier-type-62668ba9b5506298122291-1-6x12.jpg 6w, https:\/\/dev.bassin-arcachon.com\/wp-content\/uploads\/2024\/11\/mobilier-type-62668ba9b5506298122291-1-640x1294.jpg 640w, https:\/\/dev.bassin-arcachon.com\/wp-content\/uploads\/2024\/11\/mobilier-type-62668ba9b5506298122291-1.jpg 1024w\" sizes=\"auto, (max-width: 506px) 100vw, 506px\" \/><\/figure>\n<\/div>\n<\/div><\/div>\n\n\n\n<div class=\"wp-block-uagb-container uagb-block-4c786e10 alignfull uagb-is-root-container\"><div class=\"uagb-container-inner-blocks-wrap\">\n<h2 class=\"wp-block-heading\">Secure bicycle parking<\/h2>\n<\/div><\/div>\n\n\n\n<div class=\"wp-block-uagb-container uagb-block-0b113335 alignfull uagb-is-root-container\"><div class=\"uagb-container-inner-blocks-wrap\">\n<div class=\"wp-block-uagb-container uagb-block-e639cbfa\">\n<figure class=\"wp-block-image size-full\"><img loading=\"lazy\" decoding=\"async\" width=\"380\" height=\"285\" src=\"https:\/\/dev.bassin-arcachon.com\/wp-content\/uploads\/2024\/11\/PEI-audenge-380x285-1.jpg\" alt=\"- - Bassin d&#039;Arcachon\" class=\"wp-image-98640\" title=\"- - Bassin d&#039;Arcachon\" srcset=\"https:\/\/dev.bassin-arcachon.com\/wp-content\/uploads\/2024\/11\/PEI-audenge-380x285-1.jpg 380w, https:\/\/dev.bassin-arcachon.com\/wp-content\/uploads\/2024\/11\/PEI-audenge-380x285-1-300x225.jpg 300w, https:\/\/dev.bassin-arcachon.com\/wp-content\/uploads\/2024\/11\/PEI-audenge-380x285-1-16x12.jpg 16w\" sizes=\"auto, (max-width: 380px) 100vw, 380px\" \/><\/figure>\n<\/div>\n<\/div><\/div>\n\n\n\n<div class=\"wp-block-uagb-container uagb-block-0d2dcc91 alignfull uagb-is-root-container\"><div class=\"uagb-container-inner-blocks-wrap\">\n<p><strong>Parking safely is better!<\/strong><\/p>\n\n\n\n<p>Secure parking, spaces reserved for bicycles, are accessible:<\/p>\n\n\n\n<ul class=\"wp-block-list\">\n<li>At the stations of: <strong>The Hume,<\/strong> <strong>Biganos-Facture, Le Teich, Gujan-Mestras and Arcachon<\/strong>Eventually, all stations will be equipped with them.<\/li>\n\n\n\n<li>On the carpooling areas of <strong>Querquillas (Andernos) and Mios A660 A660 <\/strong>as well as at the level of the<strong>bus stop at Boulevard de l\u2019a\u00e9rium d\u2019Ar\u00e8s.<\/strong><\/li>\n\n\n\n<li>On the <strong>Audenge Cardolle intermodal exchange hub (PEI)<\/strong> located near the Braou campsite. In the long term, the&nbsp;<a href=\"https:\/\/coban-atlantique.fr\/nouveau-reseau-transport-travaux-amenagement\/?fbclid=IwZXh0bgNhZW0CMTAAAR0rrwRiSQksB4ThKWNg1tos8c3_1ESQa5mZWyaA9-Q4GVCnDu29w-WU1X4_aem_AfY64Wc0C-_0WVAwPDUzRr0xLD542tIjzxO9PygULqMUs8X0DMtEnhOKvoabE81Oad1gbyABhfeyqQEDyQUQM-Oa\" target=\"_blank\" rel=\"noreferrer noopener\">3 COBAN PEIs<\/a>&nbsp;will be equipped with secure bicycle shelters and lockers.<\/li>\n\n\n\n<li>Bike parking at <strong>Moulleau (Arcachon)<\/strong><\/li>\n<\/ul>\n<\/div><\/div>\n\n\n\n<div class=\"wp-block-uagb-container uagb-block-40fa4ca0 alignfull uagb-is-root-container\"><div class=\"uagb-container-inner-blocks-wrap\">\n<h2 class=\"wp-block-heading\">Good to know: electric charging stations<\/h2>\n<\/div><\/div>\n\n\n\n<div class=\"wp-block-uagb-container uagb-block-26b285ea alignfull uagb-is-root-container\"><div class=\"uagb-container-inner-blocks-wrap\">\n<p>The small port of<strong>Arcachon<\/strong>, the reception area of the&nbsp;<strong>Grand Site of the Dune du Pilat<\/strong>, <strong>Hum station<\/strong>and or even the<strong>L\u00e8ge-Cap Ferret Tourist Office<\/strong>&nbsp;located in Claouey have a terminal for electric bicycles.<br><\/p>\n<\/div><\/div>","protected":false},"excerpt":{"rendered":"<p>Sur cette page, retrouvez toutes les informations utiles et pratiques pour r\u00e9aliser vos d\u00e9placements \u00e0 v\u00e9lo dans les meilleures conditions. 1) Les pompes de gonflage en libre-service Sur le Sud-Bassin [&hellip;]<\/p>","protected":false},"author":25,"featured_media":112032,"parent":0,"menu_order":0,"comment_status":"closed","ping_status":"closed","template":"","meta":{"_acf_changed":false,"_uag_custom_page_level_css":"","footnotes":""},"class_list":["post-98630","page","type-page","status-publish","has-post-thumbnail","hentry"],"acf":[],"uagb_featured_image_src":{"full":["https:\/\/dev.bassin-arcachon.com\/wp-content\/uploads\/2024\/12\/2015_HD_Viree-velo-Bassin_BIETTE-10-scaled.jpg",2560,1707,false],"thumbnail":["https:\/\/dev.bassin-arcachon.com\/wp-content\/uploads\/2024\/12\/2015_HD_Viree-velo-Bassin_BIETTE-10-150x150.jpg",150,150,true],"medium":["https:\/\/dev.bassin-arcachon.com\/wp-content\/uploads\/2024\/12\/2015_HD_Viree-velo-Bassin_BIETTE-10-300x200.jpg",300,200,true],"medium_large":["https:\/\/dev.bassin-arcachon.com\/wp-content\/uploads\/2024\/12\/2015_HD_Viree-velo-Bassin_BIETTE-10-768x512.jpg",768,512,true],"large":["https:\/\/dev.bassin-arcachon.com\/wp-content\/uploads\/2024\/12\/2015_HD_Viree-velo-Bassin_BIETTE-10-1024x683.jpg",1024,683,true],"1536x1536":["https:\/\/dev.bassin-arcachon.com\/wp-content\/uploads\/2024\/12\/2015_HD_Viree-velo-Bassin_BIETTE-10-1536x1024.jpg",1536,1024,true],"2048x2048":["https:\/\/dev.bassin-arcachon.com\/wp-content\/uploads\/2024\/12\/2015_HD_Viree-velo-Bassin_BIETTE-10-2048x1365.jpg",2048,1365,true],"trp-custom-language-flag":["https:\/\/dev.bassin-arcachon.com\/wp-content\/uploads\/2024\/12\/2015_HD_Viree-velo-Bassin_BIETTE-10-18x12.jpg",18,12,true],"fp-small":["https:\/\/dev.bassin-arcachon.com\/wp-content\/uploads\/2024\/12\/2015_HD_Viree-velo-Bassin_BIETTE-10-640x427.jpg",640,427,true],"fp-large":["https:\/\/dev.bassin-arcachon.com\/wp-content\/uploads\/2024\/12\/2015_HD_Viree-velo-Bassin_BIETTE-10-1200x800.jpg",1200,800,true],"fp-xlarge":["https:\/\/dev.bassin-arcachon.com\/wp-content\/uploads\/2024\/12\/2015_HD_Viree-velo-Bassin_BIETTE-10-1920x1280.jpg",1920,1280,true]},"uagb_author_info":{"display_name":"Marie Clauzel","author_link":"https:\/\/dev.bassin-arcachon.com\/en\/author\/mariesiba\/"},"uagb_comment_info":0,"uagb_excerpt":"Sur cette page, retrouvez toutes les informations utiles et pratiques pour r\u00e9aliser vos d\u00e9placements \u00e0 v\u00e9lo dans les meilleures conditions. 1) Les pompes de gonflage en libre-service Sur le Sud-Bassin [&hellip;]","_links":{"self":[{"href":"https:\/\/dev.bassin-arcachon.com\/en\/wp-json\/wp\/v2\/pages\/98630","targetHints":{"allow":["GET"]}}],"collection":[{"href":"https:\/\/dev.bassin-arcachon.com\/en\/wp-json\/wp\/v2\/pages"}],"about":[{"href":"https:\/\/dev.bassin-arcachon.com\/en\/wp-json\/wp\/v2\/types\/page"}],"author":[{"embeddable":true,"href":"https:\/\/dev.bassin-arcachon.com\/en\/wp-json\/wp\/v2\/users\/25"}],"replies":[{"embeddable":true,"href":"https:\/\/dev.bassin-arcachon.com\/en\/wp-json\/wp\/v2\/comments?post=98630"}],"version-history":[{"count":27,"href":"https:\/\/dev.bassin-arcachon.com\/en\/wp-json\/wp\/v2\/pages\/98630\/revisions"}],"predecessor-version":[{"id":112260,"href":"https:\/\/dev.bassin-arcachon.com\/en\/wp-json\/wp\/v2\/pages\/98630\/revisions\/112260"}],"wp:featuredmedia":[{"embeddable":true,"href":"https:\/\/dev.bassin-arcachon.com\/en\/wp-json\/wp\/v2\/media\/112032"}],"wp:attachment":[{"href":"https:\/\/dev.bassin-arcachon.com\/en\/wp-json\/wp\/v2\/media?parent=98630"}],"curies":[{"name":"wp","href":"https:\/\/api.w.org\/{rel}","templated":true}]}}