{"id":111,"date":"2017-02-07T16:13:30","date_gmt":"2017-02-07T15:13:30","guid":{"rendered":"https:\/\/dev.bassin-arcachon.com\/\/?page_id=111"},"modified":"2024-05-13T17:29:48","modified_gmt":"2024-05-13T15:29:48","slug":"arcachon","status":"publish","type":"page","link":"https:\/\/dev.bassin-arcachon.com\/es\/nuestros-pueblos-y-aldeas\/arcachon\/","title":{"rendered":"Arcachon"},"content":{"rendered":"<div class=\"wp-block-uagb-container uagb-block-e72b4fc9 alignfull uagb-is-root-container\"><div class=\"uagb-container-inner-blocks-wrap\">\n<div class=\"wp-block-uagb-container uagb-block-596830f3\">\n<div class=\"wp-block-uagb-image uagb-block-29829e90 wp-block-uagb-image--layout-default wp-block-uagb-image--effect-static wp-block-uagb-image--align-none\"><figure class=\"wp-block-uagb-image__figure\"><img decoding=\"async\" srcset=\"https:\/\/dev.bassin-arcachon.com\/wp-content\/uploads\/2017\/02\/mini-map-arcachon.jpg \" sizes=\"auto, (max-width: 480px) 150px\" src=\"https:\/\/dev.bassin-arcachon.com\/wp-content\/uploads\/2017\/02\/mini-map-arcachon.jpg\" alt=\"- - Bassin d&#039;Arcachon\" class=\"uag-image-1913\" width=\"278\" height=\"278\" title=\"- - Bassin d&#039;Arcachon\" loading=\"lazy\" role=\"img\"><\/figure><\/div>\n\n\n\n<h2 class=\"wp-block-heading\">Arcach\u00f3n, una ciudad junto al mar<\/h2>\n\n\n\n<p>\u00a1Arcach\u00f3n se puede explorar durante todo el a\u00f1o y se divide incluso en cuatro estaciones! Ven a descubrir el contraste entre su Ville d\u2019\u00c9t\u00e9 (Ciudad de Verano),&nbsp;<a href=\"https:\/\/www.bassin-arcachon.com\/nos-incontournables\/les-jetees\/\">sus magn\u00edficos muelles<\/a>&nbsp;y su animado centro urbano, as\u00ed como la&nbsp;<a href=\"https:\/\/www.bassin-arcachon.com\/nos-incontournables\/la-ville-dhiver\/\">Ciudad de Invierno<\/a>&nbsp;con sus maravillosas villas del siglo XIX.<\/p>\n\n\n\n<p>La Ville d\u2019Automne (Ciudad de Oto\u00f1o) te llevar\u00e1 al puerto y al barrio de pescadores de Aiguillon, mientras que en la Ville de Printemps (Ciudad de Primavera) encontrar\u00e1s el manantial de los Abatilles, la playa Pereire y el animado barrio de Le Moulleau.<\/p>\n\n\n\n<p>\u00a1Te damos la bienvenida a&nbsp;<strong>Arcachon<\/strong>&nbsp;Considera reservar tu alojamiento vacacional <a href=\"https:\/\/dev.bassin-arcachon.com\/es\/donde-dormir\/alquileres\/nuestros-alquileres-de-vacaciones-en-arcachon\/\">aqu\u00ed<\/a> ! <\/p>\n<\/div>\n\n\n\n<div class=\"wp-block-uagb-container uagb-block-1220d86a\">\n<div class=\"wp-block-uagb-image uagb-block-2cc92cb2 wp-block-uagb-image--layout-default wp-block-uagb-image--effect-static wp-block-uagb-image--align-none\"><figure class=\"wp-block-uagb-image__figure\"><img decoding=\"async\" srcset=\"https:\/\/dev.bassin-arcachon.com\/wp-content\/uploads\/2018\/07\/Plage-Pereire-Arcachon.jpg \" sizes=\"auto, (max-width: 480px) 150px\" src=\"https:\/\/dev.bassin-arcachon.com\/wp-content\/uploads\/2018\/07\/Plage-Pereire-Arcachon.jpg\" alt=\"- - Bassin d&#039;Arcachon\" class=\"uag-image-23988\" width=\"631\" height=\"797\" title=\"- - Bassin d&#039;Arcachon\" loading=\"lazy\" role=\"img\"><\/figure><\/div>\n<\/div>\n<\/div><\/div>\n\n\n\n<div style=\"height:40px\" aria-hidden=\"true\" class=\"wp-block-spacer\"><\/div>\n\n\n\n<div class=\"wp-block-uagb-container uagb-block-576910ea alignfull uagb-is-root-container\"><div class=\"uagb-container-inner-blocks-wrap\">\n<div class=\"wp-block-uagb-container uagb-block-5719ced9\">\n<div class=\"wp-block-uagb-image uagb-block-73255a25 wp-block-uagb-image--layout-default wp-block-uagb-image--effect-static wp-block-uagb-image--align-none\"><figure class=\"wp-block-uagb-image__figure\"><img decoding=\"async\" srcset=\"https:\/\/dev.bassin-arcachon.com\/wp-content\/uploads\/2018\/07\/jet\u00e9e-du-moulleau-1024x683.jpg \" sizes=\"auto, (max-width: 480px) 150px\" src=\"https:\/\/dev.bassin-arcachon.com\/wp-content\/uploads\/2018\/07\/jet\u00e9e-du-moulleau-1024x683.jpg\" alt=\"- - Bassin d&#039;Arcachon\" class=\"uag-image-24836\" width=\"1024\" height=\"683\" title=\"- - Bassin d&#039;Arcachon\" loading=\"lazy\" role=\"img\"><\/figure><\/div>\n<\/div>\n\n\n\n<div class=\"wp-block-uagb-container uagb-block-26a62c85\">\n<h2 class=\"wp-block-heading\">Pasear por los muelles de Arcach\u00f3n<\/h2>\n\n\n\n<p>Los muelles d'<strong>Eyrac<\/strong>, el muelle&nbsp;<strong>Thiers<\/strong>, el muelle de la&nbsp;<strong>Chapelle<\/strong>&nbsp;o el de&nbsp;<strong>Moulleau<\/strong>, estos lugares bien conocidos por los lugare\u00f1os son emblem\u00e1ticos de Arcachon.<\/p>\n\n\n\n<p><a href=\"https:\/\/www.bassin-arcachon.com\/bassin-a-velo\/\">S\u00fabete a la bicicleta<\/a>&nbsp;un d\u00eda entero para conocerlos y no olvides la c\u00e1mara de fotos, porque los paisajes que se ven desde cada uno de los&nbsp;<strong>Muelles de Arcach\u00f3n son \u00fanicos.<\/strong>.<\/p>\n<\/div>\n<\/div><\/div>\n\n\n\n<div style=\"height:40px\" aria-hidden=\"true\" class=\"wp-block-spacer\"><\/div>\n\n\n\n<div class=\"wp-block-uagb-container uagb-block-31588b29 alignfull uagb-is-root-container\"><div class=\"uagb-container-inner-blocks-wrap\">\n<div class=\"wp-block-uagb-container uagb-block-ead86c22\">\n<h2 class=\"wp-block-heading\">Paseos y caminatas por la Ciudad de Invierno de Arcach\u00f3n<\/h2>\n\n\n\n<p>En la&nbsp;<a href=\"https:\/\/www.bassin-arcachon.com\/nos-incontournables\/la-ville-dhiver\/\">Ciudad de Invierno<\/a>&nbsp;es un apacible rinc\u00f3n de Arcach\u00f3n. Partiendo del&nbsp;<strong>Parque Mauresque,<\/strong>encontrar\u00e1s las casas m\u00e1s hermosas de la ciudad en un agradable laberinto de callejuelas sinuosas. Dedica unas horas a deambular por aqu\u00ed, pues as\u00ed es como encontrar\u00e1s las villas con m\u00e1s encanto. No dudes en hacerte con un mapa de la Ciudad de Invierno en la Oficina de Turismo.<\/p>\n<\/div>\n\n\n\n<div class=\"wp-block-uagb-container uagb-block-23b24d68\">\n<div class=\"wp-block-uagb-image uagb-block-635b8cbd wp-block-uagb-image--layout-default wp-block-uagb-image--effect-static wp-block-uagb-image--align-none\"><figure class=\"wp-block-uagb-image__figure\"><img decoding=\"async\" srcset=\"https:\/\/dev.bassin-arcachon.com\/wp-content\/uploads\/2018\/07\/D\u00e9couvrir-la-Ville-dHiver.jpg ,https:\/\/dev.bassin-arcachon.com\/wp-content\/uploads\/2018\/07\/D\u00e9couvrir-la-Ville-dHiver.jpg 780w, https:\/\/dev.bassin-arcachon.com\/wp-content\/uploads\/2018\/07\/D\u00e9couvrir-la-Ville-dHiver.jpg 360w\" sizes=\"auto, (max-width: 480px) 150px\" src=\"https:\/\/dev.bassin-arcachon.com\/wp-content\/uploads\/2018\/07\/D\u00e9couvrir-la-Ville-dHiver.jpg\" alt=\"- - Bassin d&#039;Arcachon\" class=\"uag-image-23422\" width=\"1024\" height=\"682\" title=\"- - Bassin d&#039;Arcachon\" loading=\"lazy\" role=\"img\"><\/figure><\/div>\n<\/div>\n<\/div><\/div>\n\n\n\n<div style=\"height:40px\" aria-hidden=\"true\" class=\"wp-block-spacer\"><\/div>\n\n\n\n<div class=\"wp-block-uagb-container uagb-block-026e7f24 alignfull uagb-is-root-container\"><div class=\"uagb-container-inner-blocks-wrap\">\n<figure class=\"wp-block-pullquote\" style=\"border-radius:0px;border-top-style:none;border-top-width:0px;border-right-style:none;border-right-width:0px;border-bottom-style:none;border-bottom-width:0px;border-left-width:2px\"><blockquote><p>Aqu\u00ed se esconde la \u00abtorre Eiffel\u00bb de Arcach\u00f3n y el observatorio de Sainte C\u00e9cile ofrece una vista panor\u00e1mica de la ciudad.<\/p><\/blockquote><\/figure>\n<\/div><\/div>\n\n\n\n<div style=\"height:20px\" aria-hidden=\"true\" class=\"wp-block-spacer\"><\/div>\n\n\n\n<div class=\"wp-block-uagb-container uagb-block-b6ff30d3 alignfull uagb-is-root-container\"><div class=\"uagb-container-inner-blocks-wrap\">\n<div class=\"wp-block-uagb-container uagb-block-2abfb3cf\">\t\t\t\t\t<div\n\t\t\t\t\t\tclass=\"wp-block-uagb-image-gallery uagb-block-d0b18a44\"\n\t\t\t\t\t\tstyle=\"\"\n\t\t\t\t\t>\n\t\t\t\t\t\t\t\t\t\t\t<div class=\"spectra-image-gallery spectra-image-gallery__layout--carousel\">\n\t\t\t\t\t\t\t\t<div class=\"uagb-slick-carousel uagb-block-d0b18a44\">\n\t\t\t\t\t\t\t\t\t\t\t\t<div class='spectra-image-gallery__media-wrapper' data-spectra-gallery-image-id='35222'>\n\t\t\t\t\t\t\t<div class=\"spectra-image-gallery__media spectra-image-gallery__media--carousel\">\n\t\t\t\t<picture>\n\t\t\t\t\t<source media=\"(min-width: 1024px)\" srcset=\"https:\/\/dev.bassin-arcachon.com\/wp-content\/uploads\/2019\/06\/observatoire-saint-c\u00e9cile-arcachon-683x1024.jpg\">\n\t\t\t\t\t<source media=\"(min-width: 768px)\" srcset=\"https:\/\/dev.bassin-arcachon.com\/wp-content\/uploads\/2019\/06\/observatoire-saint-c\u00e9cile-arcachon-683x1024.jpg\">\n\t\t\t\t\t<img decoding=\"async\" class=\"spectra-image-gallery__media-thumbnail spectra-image-gallery__media-thumbnail--carousel\" src=\"https:\/\/dev.bassin-arcachon.com\/wp-content\/uploads\/2019\/06\/observatoire-saint-c\u00e9cile-arcachon-200x300.jpg\" alt=\"- - Bassin d&#039;Arcachon\" loading=\"lazy\" title=\"- - Bassin d&#039;Arcachon\">\n\t\t\t\t<\/picture>\n\t\t\t\t<div class=\"spectra-image-gallery__media-thumbnail-blurrer\"><\/div>\n\t\t\t\t\t\t\t\t\t\t\t<div class=\"spectra-image-gallery__media-thumbnail-caption-wrapper spectra-image-gallery__media-thumbnail-caption-wrapper--overlay\"><\/div>\n\t\t\t\t\t\t\t\t<\/div>\n\t\t\t\t\t\t<\/div>\n\t\t\t\t\t\t<div class='spectra-image-gallery__media-wrapper' data-spectra-gallery-image-id='35224'>\n\t\t\t\t\t\t\t<div class=\"spectra-image-gallery__media spectra-image-gallery__media--carousel\">\n\t\t\t\t<picture>\n\t\t\t\t\t<source media=\"(min-width: 1024px)\" srcset=\"https:\/\/dev.bassin-arcachon.com\/wp-content\/uploads\/2019\/06\/arcachon-depuis-lobservatoire-sainte-cecile-683x1024.jpg\">\n\t\t\t\t\t<source media=\"(min-width: 768px)\" srcset=\"https:\/\/dev.bassin-arcachon.com\/wp-content\/uploads\/2019\/06\/arcachon-depuis-lobservatoire-sainte-cecile-683x1024.jpg\">\n\t\t\t\t\t<img decoding=\"async\" class=\"spectra-image-gallery__media-thumbnail spectra-image-gallery__media-thumbnail--carousel\" src=\"https:\/\/dev.bassin-arcachon.com\/wp-content\/uploads\/2019\/06\/arcachon-depuis-lobservatoire-sainte-cecile-200x300.jpg\" alt=\"- - Bassin d&#039;Arcachon\" loading=\"lazy\" title=\"- - Bassin d&#039;Arcachon\">\n\t\t\t\t<\/picture>\n\t\t\t\t<div class=\"spectra-image-gallery__media-thumbnail-blurrer\"><\/div>\n\t\t\t\t\t\t\t\t\t\t\t<div class=\"spectra-image-gallery__media-thumbnail-caption-wrapper spectra-image-gallery__media-thumbnail-caption-wrapper--overlay\"><\/div>\n\t\t\t\t\t\t\t\t<\/div>\n\t\t\t\t\t\t<\/div>\n\t\t\t\t\t\t<div class='spectra-image-gallery__media-wrapper' data-spectra-gallery-image-id='23675'>\n\t\t\t\t\t\t\t<div class=\"spectra-image-gallery__media spectra-image-gallery__media--carousel\">\n\t\t\t\t<picture>\n\t\t\t\t\t<source media=\"(min-width: 1024px)\" srcset=\"https:\/\/dev.bassin-arcachon.com\/wp-content\/uploads\/2018\/07\/Balade-sur-leau-Bassin-Arcachon.jpg\">\n\t\t\t\t\t<source media=\"(min-width: 768px)\" srcset=\"https:\/\/dev.bassin-arcachon.com\/wp-content\/uploads\/2018\/07\/Balade-sur-leau-Bassin-Arcachon.jpg\">\n\t\t\t\t\t<img decoding=\"async\" class=\"spectra-image-gallery__media-thumbnail spectra-image-gallery__media-thumbnail--carousel\" src=\"https:\/\/dev.bassin-arcachon.com\/wp-content\/uploads\/2018\/07\/Balade-sur-leau-Bassin-Arcachon-450x300.jpg\" alt=\"- - Bassin d&#039;Arcachon\" loading=\"lazy\" title=\"- - Bassin d&#039;Arcachon\">\n\t\t\t\t<\/picture>\n\t\t\t\t<div class=\"spectra-image-gallery__media-thumbnail-blurrer\"><\/div>\n\t\t\t\t\t\t\t\t\t\t\t<div class=\"spectra-image-gallery__media-thumbnail-caption-wrapper spectra-image-gallery__media-thumbnail-caption-wrapper--overlay\"><\/div>\n\t\t\t\t\t\t\t\t<\/div>\n\t\t\t\t\t\t<\/div>\n\t\t\t\t\t\t\t\t\t\t\t<\/div>\n\t\t\t\t\t\t\t<\/div>\n\t\t\t\t\t\t\t\t\t\t\t<\/div>\n\t\t\t\t\t\t\t\t\t<\/div>\n\n\n\n<div class=\"wp-block-uagb-container uagb-block-8da6f29a\">\n<h2 class=\"wp-block-heading\">Hacer una traves\u00eda o excursi\u00f3n en barco por la bah\u00eda<\/h2>\n\n\n\n<p>Embarca durante todo el a\u00f1o en el muelle Thiers para cruzar la bah\u00eda de Arcach\u00f3n en direcci\u00f3n a Cap Ferret o para acercarte a las famosas&nbsp;<a href=\"https:\/\/www.bassin-arcachon.com\/nos-incontournables\/les-cabanes-tchanquees\/\" target=\"_blank\" rel=\"noreferrer noopener\">caba\u00f1as sobre pilotes<\/a>. En julio y agosto viaja a <a href=\"https:\/\/dev.bassin-arcachon.com\/es\/nuestros-pueblos-y-aldeas\/andernos-los-banos\/\" data-type=\"page\" data-id=\"339\">Andernos-les-Bains<\/a> o incluso al&nbsp;<a href=\"https:\/\/www.bassin-arcachon.com\/nos-incontournables\/le-banc-darguin\/\">Banco de Arguin<\/a>.<\/p>\n\n\n\n<p>Consulta los&nbsp;<a href=\"https:\/\/bateliers-arcachon.com\/navettes\/arcachon-cap-ferret\/\" target=\"_blank\" rel=\"noreferrer noopener\">horarios<\/a>&nbsp;para preparar un aut\u00e9ntico d\u00eda de vacaciones en la bah\u00eda de Arcach\u00f3n.<\/p>\n<\/div>\n<\/div><\/div>\n\n\n\n<div style=\"height:60px\" aria-hidden=\"true\" class=\"wp-block-spacer\"><\/div>\n\n\n\n<div class=\"wp-block-uagb-container uagb-block-a8dec0e8 alignfull uagb-is-root-container\"><div class=\"uagb-container-inner-blocks-wrap\">\n<div class=\"wp-block-uagb-container uagb-block-69e277a2\">\n<h2 class=\"wp-block-heading\">Recorrer Aiguillon, el barrio de los pescadores<\/h2>\n\n\n\n<p>El barrio de Aiguillon es nuestro rinc\u00f3n secreto en Arcach\u00f3n. No te pierdas este fotog\u00e9nico lugar lleno de encanto con sus caba\u00f1as de colores a\u00fan en uso.<\/p>\n\n\n\n<p>Durante el recorrido, haz una merecida pausa en la \u00fanica caba\u00f1a de ostras de la zona: \u00a1la Cabane de l\u2019Aiguillon!<\/p>\n<\/div>\n\n\n\n<div class=\"wp-block-uagb-container uagb-block-6eec8bcd\">\n<div class=\"wp-block-uagb-image uagb-block-45097359 wp-block-uagb-image--layout-default wp-block-uagb-image--effect-static wp-block-uagb-image--align-none\"><figure class=\"wp-block-uagb-image__figure\"><img decoding=\"async\" srcset=\"https:\/\/dev.bassin-arcachon.com\/wp-content\/uploads\/2017\/03\/quartier-aiguillon-arcachon-1024x683.jpg \" sizes=\"auto, (max-width: 480px) 150px\" src=\"https:\/\/dev.bassin-arcachon.com\/wp-content\/uploads\/2017\/03\/quartier-aiguillon-arcachon-1024x683.jpg\" alt=\"- - Bassin d&#039;Arcachon\" class=\"uag-image-24552\" width=\"1024\" height=\"683\" title=\"- - Bassin d&#039;Arcachon\" loading=\"lazy\" role=\"img\"><\/figure><\/div>\n<\/div>\n<\/div><\/div>\n\n\n\n<div style=\"height:40px\" aria-hidden=\"true\" class=\"wp-block-spacer\"><\/div>\n\n\n\n<div class=\"wp-block-uagb-container uagb-block-75f2d821 alignfull uagb-is-root-container\"><div class=\"uagb-container-inner-blocks-wrap\">\n<div class=\"wp-block-uagb-container uagb-block-4616a241\">\n<div class=\"wp-block-uagb-image uagb-block-6b5c19d5 wp-block-uagb-image--layout-default wp-block-uagb-image--effect-static wp-block-uagb-image--align-none\"><figure class=\"wp-block-uagb-image__figure\"><img decoding=\"async\" srcset=\"https:\/\/dev.bassin-arcachon.com\/wp-content\/uploads\/2017\/02\/Pereire-arcachon-plage-1024x683.jpg \" sizes=\"auto, (max-width: 480px) 150px\" src=\"https:\/\/dev.bassin-arcachon.com\/wp-content\/uploads\/2017\/02\/Pereire-arcachon-plage-1024x683.jpg\" alt=\"- - Bassin d&#039;Arcachon\" class=\"uag-image-23756\" width=\"1024\" height=\"683\" title=\"- - Bassin d&#039;Arcachon\" loading=\"lazy\" role=\"img\"><\/figure><\/div>\n<\/div>\n\n\n\n<div class=\"wp-block-uagb-container uagb-block-7cec3277\">\n<h2 class=\"wp-block-heading\">Descansar en las playas Pereire y del Moulleau en Arcach\u00f3n<\/h2>\n\n\n\n<p>Despu\u00e9s de un d\u00eda de compras en la Ciudad de Verano, dir\u00edgete a la playa para disfrutar de una verdadera tarde de vacaciones. Extiende la toalla en la playa Pereire o en la playa del Moulleau. Desde esta \u00faltima, tendr\u00e1s una vista fant\u00e1stica de la&nbsp;<a href=\"http:\/\/bassin-arcachon.com\/nos-incontournables\/la-dune-du-pilat\/\">la duna de Pilat,<\/a>. Rodeada de pinos, la playa Pereire es ideal para admirar la puesta de sol o pasear con la marea baja por el inmenso arenal que se divisa\u2026<\/p>\n<\/div>\n<\/div><\/div>\n\n\n\n<div style=\"height:60px\" aria-hidden=\"true\" class=\"wp-block-spacer\"><\/div>\n\n\n\n<div class=\"wp-block-uagb-container uagb-block-e2a2c9bd alignfull uagb-is-root-container\"><div class=\"uagb-container-inner-blocks-wrap\">\n<div class=\"wp-block-uagb-container uagb-block-3d939de5\">\n<h2 class=\"wp-block-heading\">Disfrutar de las noches arcachonesas<\/h2>\n\n\n\n<p>Arcach\u00f3n tambi\u00e9n vibra de noche: entre el&nbsp;<a href=\"https:\/\/www.arcachon.com\/culture\/\" target=\"_blank\" rel=\"noreferrer noopener\">Teatro Olimpia<\/a>, el cine,&nbsp;<a href=\"http:\/\/www.zebrearcachon.fr\/cafe-theatre\/\" target=\"_blank\" rel=\"noreferrer noopener\">el caf\u00e9-teatro Le Z\u00e8bre,<\/a>los conciertos estivales en el Vel\u00f3dromo durante el festival Grands Concerts d'Arcachon, disfrutar\u00e1s de una velada \u00fanica cada d\u00eda de tus vacaciones. Para los amantes del juego est\u00e1 el Casino, que tambi\u00e9n ofrece espect\u00e1culos.<\/p>\n\n\n\n<p>\u00a1Termina la noche en uno de los bares de moda del barrio del Moulleau!<\/p>\n<\/div>\n\n\n\n<div class=\"wp-block-uagb-container uagb-block-f40a8937\">\n<div class=\"wp-block-uagb-image uagb-block-527c3612 wp-block-uagb-image--layout-default wp-block-uagb-image--effect-static wp-block-uagb-image--align-none\"><figure class=\"wp-block-uagb-image__figure\"><img decoding=\"async\" srcset=\"\" sizes=\"auto, (max-width: 480px) 150px\" src=\"https:\/\/dev.bassin-arcachon.com\/wp-content\/uploads\/2018\/07\/Soir\u00e9e-Blanche-sur-Arcachon-1024x576.jpg\" alt=\"- - Bassin d&#039;Arcachon\" class=\"uag-image-23992\" width=\"1024\" height=\"576\" title=\"- - Bassin d&#039;Arcachon\" loading=\"lazy\" role=\"img\" data-srcset=\"\"><\/figure><\/div>\n<\/div>\n<\/div><\/div>\n\n\n\n<div style=\"height:40px\" aria-hidden=\"true\" class=\"wp-block-spacer\"><\/div>","protected":false},"excerpt":{"rendered":"<p>Arcachon con los pies en el agua Arcachon se puede descubrir durante todo el a\u00f1o e incluso se divide en 4 estaciones. Ven y descubre el contraste entre su Ciudad de Verano, sus magn\u00edficos muelles y su centro de la ciudad [\u2026]<\/p>","protected":false},"author":25,"featured_media":23420,"parent":29,"menu_order":1,"comment_status":"closed","ping_status":"closed","template":"","meta":{"_acf_changed":false,"_uag_custom_page_level_css":"","footnotes":""},"class_list":["post-111","page","type-page","status-publish","has-post-thumbnail","hentry"],"acf":[],"uagb_featured_image_src":{"full":["https:\/\/dev.bassin-arcachon.com\/wp-content\/uploads\/2018\/07\/Villa-Trocadero-ville-dhiver-arcachon.jpg",1000,666,false],"thumbnail":["https:\/\/dev.bassin-arcachon.com\/wp-content\/uploads\/2018\/07\/Villa-Trocadero-ville-dhiver-arcachon-150x150.jpg",150,150,true],"medium":["https:\/\/dev.bassin-arcachon.com\/wp-content\/uploads\/2018\/07\/Villa-Trocadero-ville-dhiver-arcachon-300x200.jpg",300,200,true],"medium_large":["https:\/\/dev.bassin-arcachon.com\/wp-content\/uploads\/2018\/07\/Villa-Trocadero-ville-dhiver-arcachon-768x511.jpg",768,511,true],"large":["https:\/\/dev.bassin-arcachon.com\/wp-content\/uploads\/2018\/07\/Villa-Trocadero-ville-dhiver-arcachon.jpg",1000,666,false],"1536x1536":["https:\/\/dev.bassin-arcachon.com\/wp-content\/uploads\/2018\/07\/Villa-Trocadero-ville-dhiver-arcachon.jpg",1000,666,false],"2048x2048":["https:\/\/dev.bassin-arcachon.com\/wp-content\/uploads\/2018\/07\/Villa-Trocadero-ville-dhiver-arcachon.jpg",1000,666,false],"trp-custom-language-flag":["https:\/\/dev.bassin-arcachon.com\/wp-content\/uploads\/2018\/07\/Villa-Trocadero-ville-dhiver-arcachon-18x12.jpg",18,12,true],"fp-small":["https:\/\/dev.bassin-arcachon.com\/wp-content\/uploads\/2018\/07\/Villa-Trocadero-ville-dhiver-arcachon-640x426.jpg",640,426,true],"fp-large":["https:\/\/dev.bassin-arcachon.com\/wp-content\/uploads\/2018\/07\/Villa-Trocadero-ville-dhiver-arcachon.jpg",1000,666,false],"fp-xlarge":["https:\/\/dev.bassin-arcachon.com\/wp-content\/uploads\/2018\/07\/Villa-Trocadero-ville-dhiver-arcachon.jpg",1000,666,false]},"uagb_author_info":{"display_name":"Marie Clauzel","author_link":"https:\/\/dev.bassin-arcachon.com\/es\/author\/mariesiba\/"},"uagb_comment_info":0,"uagb_excerpt":"Arcachon les pieds dans l\u2019eau Arcachon se d\u00e9couvre toute l\u2019ann\u00e9e et se divise m\u00eame en 4 saisons ! Venez d\u00e9couvrir le contraste entre sa Ville d\u2019\u00c9t\u00e9, ses&nbsp;magnifiques jet\u00e9es&nbsp;et son centre-ville [&hellip;]","_links":{"self":[{"href":"https:\/\/dev.bassin-arcachon.com\/es\/wp-json\/wp\/v2\/pages\/111","targetHints":{"allow":["GET"]}}],"collection":[{"href":"https:\/\/dev.bassin-arcachon.com\/es\/wp-json\/wp\/v2\/pages"}],"about":[{"href":"https:\/\/dev.bassin-arcachon.com\/es\/wp-json\/wp\/v2\/types\/page"}],"author":[{"embeddable":true,"href":"https:\/\/dev.bassin-arcachon.com\/es\/wp-json\/wp\/v2\/users\/25"}],"replies":[{"embeddable":true,"href":"https:\/\/dev.bassin-arcachon.com\/es\/wp-json\/wp\/v2\/comments?post=111"}],"version-history":[{"count":0,"href":"https:\/\/dev.bassin-arcachon.com\/es\/wp-json\/wp\/v2\/pages\/111\/revisions"}],"up":[{"embeddable":true,"href":"https:\/\/dev.bassin-arcachon.com\/es\/wp-json\/wp\/v2\/pages\/29"}],"wp:featuredmedia":[{"embeddable":true,"href":"https:\/\/dev.bassin-arcachon.com\/es\/wp-json\/wp\/v2\/media\/23420"}],"wp:attachment":[{"href":"https:\/\/dev.bassin-arcachon.com\/es\/wp-json\/wp\/v2\/media?parent=111"}],"curies":[{"name":"wp","href":"https:\/\/api.w.org\/{rel}","templated":true}]}}