{"id":125,"date":"2017-02-08T09:53:52","date_gmt":"2017-02-08T08:53:52","guid":{"rendered":"https:\/\/dev.bassin-arcachon.com\/\/?page_id=125"},"modified":"2025-02-17T10:47:27","modified_gmt":"2025-02-17T09:47:27","slug":"la-duna-de-pilat","status":"publish","type":"page","link":"https:\/\/dev.bassin-arcachon.com\/es\/nuestros-elementos-esenciales\/la-duna-de-pilat\/","title":{"rendered":"La Duna de Pilat"},"content":{"rendered":"<div class=\"wp-block-uagb-container uagb-block-4a693cf6 alignfull uagb-is-root-container\"><div class=\"uagb-container-inner-blocks-wrap\">\n<div class=\"wp-block-uagb-container uagb-block-f8d2456f\">\n<div class=\"wp-block-uagb-image aligncenter uagb-block-5806e89a wp-block-uagb-image--layout-default wp-block-uagb-image--effect-static wp-block-uagb-image--align-center\"><figure class=\"wp-block-uagb-image__figure\"><img decoding=\"async\" srcset=\"https:\/\/dev.bassin-arcachon.com\/wp-content\/uploads\/2017\/02\/mini-map-dune-pilat.jpg \" sizes=\"auto, (max-width: 480px) 150px\" src=\"https:\/\/dev.bassin-arcachon.com\/wp-content\/uploads\/2017\/02\/mini-map-dune-pilat.jpg\" alt=\"- - Bassin d&#039;Arcachon\" class=\"uag-image-1859\" width=\"278\" height=\"278\" title=\"- - Bassin d&#039;Arcachon\" loading=\"lazy\" role=\"img\"><\/figure><\/div>\n<\/div>\n\n\n\n<div class=\"wp-block-uagb-container uagb-block-2fa43e86\">\n<h3 class=\"wp-block-heading has-text-align-center\">Antes de venir, consulta la afluencia del parking en tiempo real<\/h3>\n<\/div>\n\n\n\n<div class=\"wp-block-uagb-container uagb-block-854a895e\">\n<iframe loading=\"lazy\" id=\"freq\" width=\"100%\" height=\"100%\" src=\"https:\/\/dev.bassin-arcachon.com\/parking\/?lang=fr\" ><\/iframe>\n<script>document.getElementById('freq').contentWindow.location.href=document.getElementById('freq').src<\/script>\n<\/div>\n<\/div><\/div>\n\n\n\n<p><\/p>\n\n\n\n<div class=\"wp-block-uagb-container uagb-block-617baba4 alignfull uagb-is-root-container\">\n<div class=\"wp-block-uagb-container uagb-block-ad79986e\">\n<h2 class=\"wp-block-heading has-text-align-center uag-hide-mob\" style=\"font-size:21px\">\u00a1Sube a la cima de la duna m\u00e1s alta de Europa, en La Teste de Buch, para admirar un panorama \u00fanico del Bassin de Arcachon!<\/h2>\n\n\n\n<h2 class=\"wp-block-heading has-text-align-center has-medium-font-size uag-hide-desktop uag-hide-tab\">\u00a1Sube a la cima de la duna m\u00e1s alta de Europa para admirar un panorama \u00fanico del Bassin d&#039;Arcachon!<\/h2>\n<\/div>\n<\/div>\n\n\n\n<div style=\"height:60px\" aria-hidden=\"true\" class=\"wp-block-spacer\"><\/div>\n\n\n\n<div class=\"wp-block-uagb-container uagb-block-c70d9b2c alignfull uagb-is-root-container\"><div class=\"uagb-container-inner-blocks-wrap\">\n<div class=\"wp-block-uagb-container uagb-block-b5bb1907\">\t\t\t\t\t<div\n\t\t\t\t\t\tclass=\"wp-block-uagb-image-gallery uagb-block-28b9889b\"\n\t\t\t\t\t\tstyle=\"\"\n\t\t\t\t\t>\n\t\t\t\t\t\t\t\t\t\t\t<div class=\"spectra-image-gallery spectra-image-gallery__layout--carousel\">\n\t\t\t\t\t\t\t\t<div class=\"uagb-slick-carousel uagb-block-28b9889b\">\n\t\t\t\t\t\t\t\t\t\t\t\t<div class='spectra-image-gallery__media-wrapper' data-spectra-gallery-image-id='54186'>\n\t\t\t\t\t\t\t<div class=\"spectra-image-gallery__media spectra-image-gallery__media--carousel\">\n\t\t\t\t<picture>\n\t\t\t\t\t<source media=\"(min-width: 1024px)\" srcset=\"https:\/\/dev.bassin-arcachon.com\/wp-content\/uploads\/2023\/01\/20210823_HD_Ete_Couple-Dune-Pyla_BIETTE-42-scaled-1024x683.jpg\">\n\t\t\t\t\t<source media=\"(min-width: 768px)\" srcset=\"https:\/\/dev.bassin-arcachon.com\/wp-content\/uploads\/2023\/01\/20210823_HD_Ete_Couple-Dune-Pyla_BIETTE-42-scaled-1024x683.jpg\">\n\t\t\t\t\t<img decoding=\"async\" class=\"spectra-image-gallery__media-thumbnail spectra-image-gallery__media-thumbnail--carousel\" src=\"https:\/\/dev.bassin-arcachon.com\/wp-content\/uploads\/2023\/01\/20210823_HD_Ete_Couple-Dune-Pyla_BIETTE-42-scaled-300x200.jpg\" alt=\"- - Bassin d&#039;Arcachon\" loading=\"lazy\" title=\"- - Bassin d&#039;Arcachon\">\n\t\t\t\t<\/picture>\n\t\t\t\t<div class=\"spectra-image-gallery__media-thumbnail-blurrer\"><\/div>\n\t\t\t\t\t\t\t\t\t\t\t<div class=\"spectra-image-gallery__media-thumbnail-caption-wrapper spectra-image-gallery__media-thumbnail-caption-wrapper--overlay\"><\/div>\n\t\t\t\t\t\t\t\t<\/div>\n\t\t\t\t\t\t<\/div>\n\t\t\t\t\t\t<div class='spectra-image-gallery__media-wrapper' data-spectra-gallery-image-id='51794'>\n\t\t\t\t\t\t\t<div class=\"spectra-image-gallery__media spectra-image-gallery__media--carousel\">\n\t\t\t\t<picture>\n\t\t\t\t\t<source media=\"(min-width: 1024px)\" srcset=\"https:\/\/dev.bassin-arcachon.com\/wp-content\/uploads\/2020\/07\/20220326_HD_DuneEmpreintes_GAUTIER-scaled-735x1024.jpg\">\n\t\t\t\t\t<source media=\"(min-width: 768px)\" srcset=\"https:\/\/dev.bassin-arcachon.com\/wp-content\/uploads\/2020\/07\/20220326_HD_DuneEmpreintes_GAUTIER-scaled-735x1024.jpg\">\n\t\t\t\t\t<img decoding=\"async\" class=\"spectra-image-gallery__media-thumbnail spectra-image-gallery__media-thumbnail--carousel\" src=\"https:\/\/dev.bassin-arcachon.com\/wp-content\/uploads\/2020\/07\/20220326_HD_DuneEmpreintes_GAUTIER-scaled-215x300.jpg\" alt=\"- - Bassin d&#039;Arcachon\" loading=\"lazy\" title=\"- - Bassin d&#039;Arcachon\">\n\t\t\t\t<\/picture>\n\t\t\t\t<div class=\"spectra-image-gallery__media-thumbnail-blurrer\"><\/div>\n\t\t\t\t\t\t\t\t\t\t\t<div class=\"spectra-image-gallery__media-thumbnail-caption-wrapper spectra-image-gallery__media-thumbnail-caption-wrapper--overlay\"><\/div>\n\t\t\t\t\t\t\t\t<\/div>\n\t\t\t\t\t\t<\/div>\n\t\t\t\t\t\t<div class='spectra-image-gallery__media-wrapper' data-spectra-gallery-image-id='54208'>\n\t\t\t\t\t\t\t<div class=\"spectra-image-gallery__media spectra-image-gallery__media--carousel\">\n\t\t\t\t<picture>\n\t\t\t\t\t<source media=\"(min-width: 1024px)\" srcset=\"https:\/\/dev.bassin-arcachon.com\/wp-content\/uploads\/2023\/01\/20191203_HD_Hiver_Dune-du-Pilat_CASSIAU-52-scaled-683x1024.jpg\">\n\t\t\t\t\t<source media=\"(min-width: 768px)\" srcset=\"https:\/\/dev.bassin-arcachon.com\/wp-content\/uploads\/2023\/01\/20191203_HD_Hiver_Dune-du-Pilat_CASSIAU-52-scaled-683x1024.jpg\">\n\t\t\t\t\t<img decoding=\"async\" class=\"spectra-image-gallery__media-thumbnail spectra-image-gallery__media-thumbnail--carousel\" src=\"https:\/\/dev.bassin-arcachon.com\/wp-content\/uploads\/2023\/01\/20191203_HD_Hiver_Dune-du-Pilat_CASSIAU-52-scaled-200x300.jpg\" alt=\"- - Bassin d&#039;Arcachon\" loading=\"lazy\" title=\"- - Bassin d&#039;Arcachon\">\n\t\t\t\t<\/picture>\n\t\t\t\t<div class=\"spectra-image-gallery__media-thumbnail-blurrer\"><\/div>\n\t\t\t\t\t\t\t\t\t\t\t<div class=\"spectra-image-gallery__media-thumbnail-caption-wrapper spectra-image-gallery__media-thumbnail-caption-wrapper--overlay\"><\/div>\n\t\t\t\t\t\t\t\t<\/div>\n\t\t\t\t\t\t<\/div>\n\t\t\t\t\t\t\t\t\t\t\t<\/div>\n\t\t\t\t\t\t\t<\/div>\n\t\t\t\t\t\t\t\t\t\t\t<\/div>\n\t\t\t\t\t\t\t\t\t<\/div>\n\n\n\n<div class=\"wp-block-uagb-container uagb-block-ab572ab6\">\n<p>Una altura de 104,2 m y 3 km de longitud\u2026 y bajo nuestros pies, millones de m<sup>3<\/sup>\u00a0\u00a1de arena fina y 40 siglos de historia! La duna de Pilat est\u00e1 en constante movimiento, cubriendo poco a poco el bosque, bajo la acci\u00f3n del viento y de las mareas.<\/p>\n\n\n\n<p class=\"translation-block\"><strong>Un consejo inteligente<\/strong> : el acceso a la Duna del Pilat sigue siendo gratuito si vienes a pie, en bicicleta o en el autob\u00fas Ba\u00efa (1 euro por trayecto). Aparcamiento de pago: 7 \u20ac\/veh\u00edculo durante 4 horas (contribuci\u00f3n a la conservaci\u00f3n del sitio catalogado) <strong>.<\/strong><\/p>\n\n\n\n<p>\u00a1No creas que la duna de Pilat solo se puede visitar en verano! Los colores y los paseos son incre\u00edbles en cualquier estaci\u00f3n del a\u00f1o. Sube a la cima por las escaleras instaladas de abril a noviembre. \u00a1Los m\u00e1s valientes pueden subir por la arena!<\/p>\n\n\n\n<p><a href=\"http:\/\/www.ladunedupilat.com\/\" target=\"_blank\" rel=\"noreferrer noopener\">M\u00e1s informaci\u00f3n en la p\u00e1gina web de la duna de Pilat<\/a><\/p>\n\n\n\n<p class=\"translation-block\">Descubre <a href=\"https:\/\/dev.bassin-arcachon.com\/es\/nuestros-pueblos-y-aldeas\/la-prueba-de-buch\/\" target=\"_self\">La Teste de Buch<\/a> .<\/p>\n<\/div>\n<\/div><\/div>\n\n\n\n<div style=\"height:40px\" aria-hidden=\"true\" class=\"wp-block-spacer\"><\/div>\n\n\n\n<div class=\"wp-block-uagb-container uagb-block-983eedf3 alignfull uagb-is-root-container\"><div class=\"uagb-container-inner-blocks-wrap\">\n<figure class=\"wp-block-embed is-type-video is-provider-youtube wp-block-embed-youtube wp-embed-aspect-16-9 wp-has-aspect-ratio\"><div class=\"wp-block-embed__wrapper\">\n<iframe loading=\"lazy\" title=\"La duna de Pilat a trav\u00e9s de las estaciones\" width=\"500\" height=\"281\" src=\"https:\/\/www.youtube.com\/embed\/DoV3fcfrF58?feature=oembed\" frameborder=\"0\" allow=\"accelerometer; autoplay; clipboard-write; encrypted-media; gyroscope; picture-in-picture; web-share\" referrerpolicy=\"strict-origin-when-cross-origin\" allowfullscreen><\/iframe>\n<\/div><\/figure>\n<\/div><\/div>\n\n\n\n<p><\/p>\n\n\n\n<div class=\"wp-block-uagb-container uagb-block-e5deb74f alignfull uagb-is-root-container\">\n<div class=\"wp-block-cover is-light has-parallax\"><span aria-hidden=\"true\" class=\"wp-block-cover__background has-background-dim-0 has-background-dim\"><\/span><div class=\"wp-block-cover__image-background wp-image-174 has-parallax\" style=\"background-position:50% 50%;background-image:url(https:\/\/dev.bassin-arcachon.com\/wp-content\/uploads\/2017\/02\/resultat-activite-pilat.jpg)\"><\/div><div class=\"wp-block-cover__inner-container is-layout-flow wp-block-cover-is-layout-flow\">\n<h2 class=\"wp-block-heading has-text-align-center has-white-color has-text-color has-background has-large-font-size\" style=\"background-color:#000000b3\">En cada estaci\u00f3n, la duna de Pilat ofrece un punto de vista diferente que siempre sorprende.<br>En cada estaci\u00f3n, la duna de Pilat ofrece un punto de vista diferente que siempre sorprende.<\/h2>\n<\/div><\/div>\n<\/div>\n\n\n\n<div style=\"height:60px\" aria-hidden=\"true\" class=\"wp-block-spacer\"><\/div>\n\n\n\n<div class=\"wp-block-uagb-container uagb-block-7490e5b8 alignfull uagb-is-root-container\"><div class=\"uagb-container-inner-blocks-wrap\">\n<div class=\"wp-block-uagb-container uagb-block-a1cfe318\">\n<h2 class=\"wp-block-heading\">No te detengas en lo alto de las escaleras\u2026 \u00a1camina por la cresta de la duna de Pilat!<\/h2>\n\n\n\n<p>Una vez arriba, \u00a1respira y abre bien los ojos! Desde la cima de la duna, disfrutar\u00e1s de una vista \u00fanica de la Reserva Natural del&nbsp;<a href=\"https:\/\/dev.bassin-arcachon.com\/es\/nuestros-elementos-esenciales\/el-banco-darguin\/\">Banco de Arguin<\/a>, del bosque y&nbsp;<a href=\"http:\/\/bassin-arcachon.com\/nos-incontournables\/le-phare-et-pointe-du-cap-ferret\/\">la punta del Cap Ferret.<\/a><\/p>\n\n\n\n<p>Camina m\u00e1s all\u00e1 de las escaleras a lo largo de la duna de Pilat para disfrutar del Gran Sitio con total tranquilidad. Al pie de la duna, la playa de la Corniche te invita a hacer una pausa refrescante o a dar un paseo por la orilla del mar. Al otro lado, se encuentran los <a href=\"https:\/\/dev.bassin-arcachon.com\/wp-admin\/post.php?post=27490&amp;action=edit\" data-type=\"link\" data-id=\"https:\/\/dev.bassin-arcachon.com\/wp-admin\/post.php?post=27490&amp;action=edit\">campings<\/a> Bienvenidos.<\/p>\n\n\n\n<p>Sal a&nbsp;<strong>caminar<\/strong>. Descubrir\u00e1s plantas aut\u00f3ctonas, como la siempreviva de las arenas, que perfuma el aire circundante. De abril a septiembre, se ofrecen numerosas&nbsp;<strong>actividades en la naturaleza<\/strong>&nbsp;para peque\u00f1os y grandes. \u00a1Dir\u00edgete al punto de informaci\u00f3n de la duna de Pilat!<\/p>\n<\/div>\n\n\n\n<div class=\"wp-block-uagb-container uagb-block-365b1ae6\">\t\t\t\t\t<div\n\t\t\t\t\t\tclass=\"wp-block-uagb-image-gallery uagb-block-75ca12f8\"\n\t\t\t\t\t\tstyle=\"\"\n\t\t\t\t\t>\n\t\t\t\t\t\t\t\t\t\t\t<div class=\"spectra-image-gallery spectra-image-gallery__layout--carousel\">\n\t\t\t\t\t\t\t\t<div class=\"uagb-slick-carousel uagb-block-75ca12f8\">\n\t\t\t\t\t\t\t\t\t\t\t\t<div class='spectra-image-gallery__media-wrapper' data-spectra-gallery-image-id='54206'>\n\t\t\t\t\t\t\t<div class=\"spectra-image-gallery__media spectra-image-gallery__media--carousel\">\n\t\t\t\t<picture>\n\t\t\t\t\t<source media=\"(min-width: 1024px)\" srcset=\"https:\/\/dev.bassin-arcachon.com\/wp-content\/uploads\/2023\/01\/Photos-Dune-scaled-1024x576.jpg\">\n\t\t\t\t\t<source media=\"(min-width: 768px)\" srcset=\"https:\/\/dev.bassin-arcachon.com\/wp-content\/uploads\/2023\/01\/Photos-Dune-scaled-1024x576.jpg\">\n\t\t\t\t\t<img decoding=\"async\" class=\"spectra-image-gallery__media-thumbnail spectra-image-gallery__media-thumbnail--carousel\" src=\"https:\/\/dev.bassin-arcachon.com\/wp-content\/uploads\/2023\/01\/Photos-Dune-scaled-300x169.jpg\" alt=\"- - Bassin d&#039;Arcachon\" loading=\"lazy\" title=\"- - Bassin d&#039;Arcachon\">\n\t\t\t\t<\/picture>\n\t\t\t\t<div class=\"spectra-image-gallery__media-thumbnail-blurrer\"><\/div>\n\t\t\t\t\t\t\t\t\t\t\t<div class=\"spectra-image-gallery__media-thumbnail-caption-wrapper spectra-image-gallery__media-thumbnail-caption-wrapper--overlay\"><\/div>\n\t\t\t\t\t\t\t\t<\/div>\n\t\t\t\t\t\t<\/div>\n\t\t\t\t\t\t<div class='spectra-image-gallery__media-wrapper' data-spectra-gallery-image-id='54188'>\n\t\t\t\t\t\t\t<div class=\"spectra-image-gallery__media spectra-image-gallery__media--carousel\">\n\t\t\t\t<picture>\n\t\t\t\t\t<source media=\"(min-width: 1024px)\" srcset=\"https:\/\/dev.bassin-arcachon.com\/wp-content\/uploads\/2023\/01\/2022_Vue-aerienne_BELLON-5-scaled-1024x683.jpg\">\n\t\t\t\t\t<source media=\"(min-width: 768px)\" srcset=\"https:\/\/dev.bassin-arcachon.com\/wp-content\/uploads\/2023\/01\/2022_Vue-aerienne_BELLON-5-scaled-1024x683.jpg\">\n\t\t\t\t\t<img decoding=\"async\" class=\"spectra-image-gallery__media-thumbnail spectra-image-gallery__media-thumbnail--carousel\" src=\"https:\/\/dev.bassin-arcachon.com\/wp-content\/uploads\/2023\/01\/2022_Vue-aerienne_BELLON-5-scaled-300x200.jpg\" alt=\"- - Bassin d&#039;Arcachon\" loading=\"lazy\" title=\"- - Bassin d&#039;Arcachon\">\n\t\t\t\t<\/picture>\n\t\t\t\t<div class=\"spectra-image-gallery__media-thumbnail-blurrer\"><\/div>\n\t\t\t\t\t\t\t\t\t\t\t<div class=\"spectra-image-gallery__media-thumbnail-caption-wrapper spectra-image-gallery__media-thumbnail-caption-wrapper--overlay\"><\/div>\n\t\t\t\t\t\t\t\t<\/div>\n\t\t\t\t\t\t<\/div>\n\t\t\t\t\t\t<div class='spectra-image-gallery__media-wrapper' data-spectra-gallery-image-id='49538'>\n\t\t\t\t\t\t\t<div class=\"spectra-image-gallery__media spectra-image-gallery__media--carousel\">\n\t\t\t\t<picture>\n\t\t\t\t\t<source media=\"(min-width: 1024px)\" srcset=\"https:\/\/dev.bassin-arcachon.com\/wp-content\/uploads\/2021\/04\/Syndicat-Mixte-Dune-du-Pilat-Recadr\u00e9.jpg\">\n\t\t\t\t\t<source media=\"(min-width: 768px)\" srcset=\"https:\/\/dev.bassin-arcachon.com\/wp-content\/uploads\/2021\/04\/Syndicat-Mixte-Dune-du-Pilat-Recadr\u00e9.jpg\">\n\t\t\t\t\t<img decoding=\"async\" class=\"spectra-image-gallery__media-thumbnail spectra-image-gallery__media-thumbnail--carousel\" src=\"https:\/\/dev.bassin-arcachon.com\/wp-content\/uploads\/2021\/04\/Syndicat-Mixte-Dune-du-Pilat-Recadr\u00e9-300x300.jpg\" alt=\"- - Bassin d&#039;Arcachon\" loading=\"lazy\" title=\"- - Bassin d&#039;Arcachon\">\n\t\t\t\t<\/picture>\n\t\t\t\t<div class=\"spectra-image-gallery__media-thumbnail-blurrer\"><\/div>\n\t\t\t\t\t\t\t\t\t\t\t<div class=\"spectra-image-gallery__media-thumbnail-caption-wrapper spectra-image-gallery__media-thumbnail-caption-wrapper--overlay\"><\/div>\n\t\t\t\t\t\t\t\t<\/div>\n\t\t\t\t\t\t<\/div>\n\t\t\t\t\t\t<div class='spectra-image-gallery__media-wrapper' data-spectra-gallery-image-id='54216'>\n\t\t\t\t\t\t\t<div class=\"spectra-image-gallery__media spectra-image-gallery__media--carousel\">\n\t\t\t\t<picture>\n\t\t\t\t\t<source media=\"(min-width: 1024px)\" srcset=\"https:\/\/dev.bassin-arcachon.com\/wp-content\/uploads\/2023\/01\/20170608_HD_Ete_Dune-du-Pilat_CASSIAU-121-scaled-1024x683.jpg\">\n\t\t\t\t\t<source media=\"(min-width: 768px)\" srcset=\"https:\/\/dev.bassin-arcachon.com\/wp-content\/uploads\/2023\/01\/20170608_HD_Ete_Dune-du-Pilat_CASSIAU-121-scaled-1024x683.jpg\">\n\t\t\t\t\t<img decoding=\"async\" class=\"spectra-image-gallery__media-thumbnail spectra-image-gallery__media-thumbnail--carousel\" src=\"https:\/\/dev.bassin-arcachon.com\/wp-content\/uploads\/2023\/01\/20170608_HD_Ete_Dune-du-Pilat_CASSIAU-121-scaled-300x200.jpg\" alt=\"- - Bassin d&#039;Arcachon\" loading=\"lazy\" title=\"- - Bassin d&#039;Arcachon\">\n\t\t\t\t<\/picture>\n\t\t\t\t<div class=\"spectra-image-gallery__media-thumbnail-blurrer\"><\/div>\n\t\t\t\t\t\t\t\t\t\t\t<div class=\"spectra-image-gallery__media-thumbnail-caption-wrapper spectra-image-gallery__media-thumbnail-caption-wrapper--overlay\"><\/div>\n\t\t\t\t\t\t\t\t<\/div>\n\t\t\t\t\t\t<\/div>\n\t\t\t\t\t\t\t\t\t\t\t<\/div>\n\t\t\t\t\t\t\t<\/div>\n\t\t\t\t\t\t\t\t\t\t\t<\/div>\n\t\t\t\t\t\t\t\t\t<\/div>\n<\/div><\/div>\n\n\n\n<div style=\"height:40px\" aria-hidden=\"true\" class=\"wp-block-spacer\"><\/div>","protected":false},"excerpt":{"rendered":"<p>Avant de venir, consultez la fr\u00e9quentation du parking en temps r\u00e9el Grimpez jusqu\u2019au sommet de la plus haute dune d\u2019Europe, \u00e0 La Teste de Buch, pour admirer un panorama unique [&hellip;]<\/p>","protected":false},"author":25,"featured_media":6900,"parent":27,"menu_order":0,"comment_status":"closed","ping_status":"closed","template":"","meta":{"_acf_changed":false,"_uag_custom_page_level_css":"","footnotes":""},"class_list":["post-125","page","type-page","status-publish","has-post-thumbnail","hentry"],"acf":[],"uagb_featured_image_src":{"full":["https:\/\/dev.bassin-arcachon.com\/wp-content\/uploads\/2017\/02\/Dune-du-pilat-intro.jpg",1200,525,false],"thumbnail":["https:\/\/dev.bassin-arcachon.com\/wp-content\/uploads\/2017\/02\/Dune-du-pilat-intro-150x150.jpg",150,150,true],"medium":["https:\/\/dev.bassin-arcachon.com\/wp-content\/uploads\/2017\/02\/Dune-du-pilat-intro-300x131.jpg",300,131,true],"medium_large":["https:\/\/dev.bassin-arcachon.com\/wp-content\/uploads\/2017\/02\/Dune-du-pilat-intro-768x336.jpg",768,336,true],"large":["https:\/\/dev.bassin-arcachon.com\/wp-content\/uploads\/2017\/02\/Dune-du-pilat-intro-1024x448.jpg",1024,448,true],"1536x1536":["https:\/\/dev.bassin-arcachon.com\/wp-content\/uploads\/2017\/02\/Dune-du-pilat-intro.jpg",1200,525,false],"2048x2048":["https:\/\/dev.bassin-arcachon.com\/wp-content\/uploads\/2017\/02\/Dune-du-pilat-intro.jpg",1200,525,false],"trp-custom-language-flag":["https:\/\/dev.bassin-arcachon.com\/wp-content\/uploads\/2017\/02\/Dune-du-pilat-intro-18x8.jpg",18,8,true],"fp-small":["https:\/\/dev.bassin-arcachon.com\/wp-content\/uploads\/2017\/02\/Dune-du-pilat-intro-640x280.jpg",640,280,true],"fp-large":["https:\/\/dev.bassin-arcachon.com\/wp-content\/uploads\/2017\/02\/Dune-du-pilat-intro.jpg",1200,525,false],"fp-xlarge":["https:\/\/dev.bassin-arcachon.com\/wp-content\/uploads\/2017\/02\/Dune-du-pilat-intro.jpg",1200,525,false]},"uagb_author_info":{"display_name":"Marie Clauzel","author_link":"https:\/\/dev.bassin-arcachon.com\/es\/author\/mariesiba\/"},"uagb_comment_info":0,"uagb_excerpt":"Avant de venir, consultez la fr\u00e9quentation du parking en temps r\u00e9el Grimpez jusqu\u2019au sommet de la plus haute dune d\u2019Europe, \u00e0 La Teste de Buch, pour admirer un panorama unique [&hellip;]","_links":{"self":[{"href":"https:\/\/dev.bassin-arcachon.com\/es\/wp-json\/wp\/v2\/pages\/125","targetHints":{"allow":["GET"]}}],"collection":[{"href":"https:\/\/dev.bassin-arcachon.com\/es\/wp-json\/wp\/v2\/pages"}],"about":[{"href":"https:\/\/dev.bassin-arcachon.com\/es\/wp-json\/wp\/v2\/types\/page"}],"author":[{"embeddable":true,"href":"https:\/\/dev.bassin-arcachon.com\/es\/wp-json\/wp\/v2\/users\/25"}],"replies":[{"embeddable":true,"href":"https:\/\/dev.bassin-arcachon.com\/es\/wp-json\/wp\/v2\/comments?post=125"}],"version-history":[{"count":4,"href":"https:\/\/dev.bassin-arcachon.com\/es\/wp-json\/wp\/v2\/pages\/125\/revisions"}],"predecessor-version":[{"id":151698,"href":"https:\/\/dev.bassin-arcachon.com\/es\/wp-json\/wp\/v2\/pages\/125\/revisions\/151698"}],"up":[{"embeddable":true,"href":"https:\/\/dev.bassin-arcachon.com\/es\/wp-json\/wp\/v2\/pages\/27"}],"wp:featuredmedia":[{"embeddable":true,"href":"https:\/\/dev.bassin-arcachon.com\/es\/wp-json\/wp\/v2\/media\/6900"}],"wp:attachment":[{"href":"https:\/\/dev.bassin-arcachon.com\/es\/wp-json\/wp\/v2\/media?parent=125"}],"curies":[{"name":"wp","href":"https:\/\/api.w.org\/{rel}","templated":true}]}}