{"id":129,"date":"2017-02-08T09:54:30","date_gmt":"2017-02-08T08:54:30","guid":{"rendered":"https:\/\/dev.bassin-arcachon.com\/\/?page_id=129"},"modified":"2024-05-13T17:08:29","modified_gmt":"2024-05-13T15:08:29","slug":"la-ciudad-de-invierno","status":"publish","type":"page","link":"https:\/\/dev.bassin-arcachon.com\/es\/nuestros-elementos-esenciales\/la-ciudad-de-invierno\/","title":{"rendered":"La Ciudad de Invierno de Arcach\u00f3n"},"content":{"rendered":"<div class=\"wp-block-uagb-container uagb-block-1fb3d2b1 alignfull uagb-is-root-container\"><div class=\"uagb-container-inner-blocks-wrap\">\n<div class=\"wp-block-uagb-container uagb-block-886f5d23\">\n<div class=\"wp-block-uagb-image uagb-block-c6100ab0 wp-block-uagb-image--layout-default wp-block-uagb-image--effect-static wp-block-uagb-image--align-none\"><figure class=\"wp-block-uagb-image__figure\"><img decoding=\"async\" srcset=\"https:\/\/dev.bassin-arcachon.com\/wp-content\/uploads\/2017\/02\/mini-map-ville-hiver.jpg \" sizes=\"auto, (max-width: 480px) 150px\" src=\"https:\/\/dev.bassin-arcachon.com\/wp-content\/uploads\/2017\/02\/mini-map-ville-hiver.jpg\" alt=\"- - Bassin d&#039;Arcachon\" class=\"uag-image-1879\" width=\"278\" height=\"278\" title=\"- - Bassin d&#039;Arcachon\" loading=\"lazy\" role=\"img\"><\/figure><\/div>\n<\/div>\n\n\n\n<div class=\"wp-block-uagb-container uagb-block-2911fefe\">\n<div class=\"wp-block-uagb-image uagb-block-27dbfea7 wp-block-uagb-image--layout-default wp-block-uagb-image--effect-static wp-block-uagb-image--align-none\"><figure class=\"wp-block-uagb-image__figure\"><img decoding=\"async\" srcset=\"https:\/\/dev.bassin-arcachon.com\/wp-content\/uploads\/2017\/10\/ville-dhiver-1-compress\u00e9-1024x683.jpg \" sizes=\"auto, (max-width: 480px) 150px\" src=\"https:\/\/dev.bassin-arcachon.com\/wp-content\/uploads\/2017\/10\/ville-dhiver-1-compress\u00e9-1024x683.jpg\" alt=\"- - Bassin d&#039;Arcachon\" class=\"uag-image-9916\" width=\"1024\" height=\"683\" title=\"- - Bassin d&#039;Arcachon\" loading=\"lazy\" role=\"img\"><\/figure><\/div>\n<\/div>\n<\/div><\/div>\n\n\n\n<div style=\"height:60px\" aria-hidden=\"true\" class=\"wp-block-spacer\"><\/div>\n\n\n\n<div class=\"wp-block-uagb-container uagb-block-b555c785 alignfull uagb-is-root-container\"><div class=\"uagb-container-inner-blocks-wrap\">\n<h2 class=\"wp-block-heading\">Sube a la parte alta de Arcach\u00f3n para conocer la Ciudad de Invierno<\/h2>\n\n\n\n<p>Lejos del bullicio de las playas, pi\u00e9rdete por las callejuelas del barrio en busca de las villas m\u00e1s hermosas del siglo XIX y pasea por el parque Mauresque hasta el observatorio de Sainte C\u00e9cile. \u00a1La Ciudad de Invierno de<a href=\"https:\/\/dev.bassin-arcachon.com\/es\/nuestros-pueblos-y-aldeas\/arcachon\/\">Arcach\u00f3n se explora mejor a pie<\/a> !<\/p>\n<\/div><\/div>\n\n\n\n<div style=\"height:60px\" aria-hidden=\"true\" class=\"wp-block-spacer\"><\/div>\n\n\n\n<div class=\"wp-block-uagb-container uagb-block-4708cd98 alignfull uagb-is-root-container\"><div class=\"uagb-container-inner-blocks-wrap\">\n<figure class=\"wp-block-gallery has-nested-images columns-2 is-cropped wp-block-gallery-1 is-layout-flex wp-block-gallery-is-layout-flex\">\n<figure class=\"wp-block-image size-large\"><img loading=\"lazy\" decoding=\"async\" width=\"683\" height=\"1024\" data-id=\"23419\" src=\"https:\/\/dev.bassin-arcachon.com\/wp-content\/uploads\/2018\/07\/Promenade-en-ville-dhiver-683x1024.jpg\" alt=\"- - Bassin d&#039;Arcachon\" class=\"wp-image-23419\" title=\"- - Bassin d&#039;Arcachon\" srcset=\"https:\/\/dev.bassin-arcachon.com\/wp-content\/uploads\/2018\/07\/Promenade-en-ville-dhiver-683x1024.jpg 683w, https:\/\/dev.bassin-arcachon.com\/wp-content\/uploads\/2018\/07\/Promenade-en-ville-dhiver-200x300.jpg 200w, https:\/\/dev.bassin-arcachon.com\/wp-content\/uploads\/2018\/07\/Promenade-en-ville-dhiver-768x1151.jpg 768w, https:\/\/dev.bassin-arcachon.com\/wp-content\/uploads\/2018\/07\/Promenade-en-ville-dhiver-8x12.jpg 8w, https:\/\/dev.bassin-arcachon.com\/wp-content\/uploads\/2018\/07\/Promenade-en-ville-dhiver-640x959.jpg 640w, https:\/\/dev.bassin-arcachon.com\/wp-content\/uploads\/2018\/07\/Promenade-en-ville-dhiver.jpg 1000w\" sizes=\"auto, (max-width: 683px) 100vw, 683px\" \/><\/figure>\n\n\n\n<figure class=\"wp-block-image size-large\"><img loading=\"lazy\" decoding=\"async\" width=\"1024\" height=\"683\" data-id=\"23415\" src=\"https:\/\/dev.bassin-arcachon.com\/wp-content\/uploads\/2017\/02\/ville-hiver-arcachon-1024x683.jpg\" alt=\"- - Bassin d&#039;Arcachon\" class=\"wp-image-23415\" title=\"- - Bassin d&#039;Arcachon\" srcset=\"https:\/\/dev.bassin-arcachon.com\/wp-content\/uploads\/2017\/02\/ville-hiver-arcachon-1024x683.jpg 1024w, https:\/\/dev.bassin-arcachon.com\/wp-content\/uploads\/2017\/02\/ville-hiver-arcachon-300x200.jpg 300w, https:\/\/dev.bassin-arcachon.com\/wp-content\/uploads\/2017\/02\/ville-hiver-arcachon-768x512.jpg 768w, https:\/\/dev.bassin-arcachon.com\/wp-content\/uploads\/2017\/02\/ville-hiver-arcachon-18x12.jpg 18w, https:\/\/dev.bassin-arcachon.com\/wp-content\/uploads\/2017\/02\/ville-hiver-arcachon-640x427.jpg 640w, https:\/\/dev.bassin-arcachon.com\/wp-content\/uploads\/2017\/02\/ville-hiver-arcachon.jpg 1200w\" sizes=\"auto, (max-width: 1024px) 100vw, 1024px\" \/><\/figure>\n\n\n\n<figure class=\"wp-block-image size-large\"><img loading=\"lazy\" decoding=\"async\" width=\"1000\" height=\"666\" data-id=\"23420\" src=\"https:\/\/dev.bassin-arcachon.com\/wp-content\/uploads\/2018\/07\/Villa-Trocadero-ville-dhiver-arcachon.jpg\" alt=\"- - Bassin d&#039;Arcachon\" class=\"wp-image-23420\" title=\"- - Bassin d&#039;Arcachon\" srcset=\"https:\/\/dev.bassin-arcachon.com\/wp-content\/uploads\/2018\/07\/Villa-Trocadero-ville-dhiver-arcachon.jpg 1000w, https:\/\/dev.bassin-arcachon.com\/wp-content\/uploads\/2018\/07\/Villa-Trocadero-ville-dhiver-arcachon-300x200.jpg 300w, https:\/\/dev.bassin-arcachon.com\/wp-content\/uploads\/2018\/07\/Villa-Trocadero-ville-dhiver-arcachon-768x511.jpg 768w, https:\/\/dev.bassin-arcachon.com\/wp-content\/uploads\/2018\/07\/Villa-Trocadero-ville-dhiver-arcachon-18x12.jpg 18w, https:\/\/dev.bassin-arcachon.com\/wp-content\/uploads\/2018\/07\/Villa-Trocadero-ville-dhiver-arcachon-640x426.jpg 640w\" sizes=\"auto, (max-width: 1000px) 100vw, 1000px\" \/><\/figure>\n<\/figure>\n<\/div><\/div>\n\n\n\n<div style=\"height:60px\" aria-hidden=\"true\" class=\"wp-block-spacer\"><\/div>\n\n\n\n<div class=\"wp-block-uagb-container uagb-block-76947ea0 alignfull uagb-is-root-container\"><div class=\"uagb-container-inner-blocks-wrap\">\n<div class=\"wp-block-uagb-container uagb-block-ee67e0f5\">\n<h2 class=\"wp-block-heading\">Pasea por los calles ...<\/h2>\n\n\n\n<p>De las 300 villas existentes, no te pierdas Villa Teresa, Toledo, Br\u00e9montier, Trocadero, Alexandre Dumas, Bayard y Athena, conocidas por ser las m\u00e1s extravagantes del barrio.<\/p>\n<\/div>\n\n\n\n<div class=\"wp-block-uagb-container uagb-block-a1c2baad\">\n<div class=\"wp-block-uagb-image uagb-block-2fdbc959 wp-block-uagb-image--layout-default wp-block-uagb-image--effect-static wp-block-uagb-image--align-none\"><figure class=\"wp-block-uagb-image__figure\"><img decoding=\"async\" srcset=\"https:\/\/dev.bassin-arcachon.com\/wp-content\/uploads\/2018\/07\/D\u00e9couvrir-la-Ville-dHiver.jpg ,https:\/\/dev.bassin-arcachon.com\/wp-content\/uploads\/2018\/07\/D\u00e9couvrir-la-Ville-dHiver.jpg 780w, https:\/\/dev.bassin-arcachon.com\/wp-content\/uploads\/2018\/07\/D\u00e9couvrir-la-Ville-dHiver.jpg 360w\" sizes=\"auto, (max-width: 480px) 150px\" src=\"https:\/\/dev.bassin-arcachon.com\/wp-content\/uploads\/2018\/07\/D\u00e9couvrir-la-Ville-dHiver.jpg\" alt=\"- - Bassin d&#039;Arcachon\" class=\"uag-image-23422\" width=\"1024\" height=\"682\" title=\"- - Bassin d&#039;Arcachon\" loading=\"lazy\" role=\"img\"><\/figure><\/div>\n<\/div>\n<\/div><\/div>\n\n\n\n<div style=\"height:60px\" aria-hidden=\"true\" class=\"wp-block-spacer\"><\/div>\n\n\n\n<div class=\"wp-block-uagb-container uagb-block-6298d6e5 alignfull uagb-is-root-container\"><div class=\"uagb-container-inner-blocks-wrap\">\n<div class=\"wp-block-uagb-container uagb-block-4180b612\">\n<div class=\"wp-block-uagb-image uagb-block-97a2b06a wp-block-uagb-image--layout-default wp-block-uagb-image--effect-static wp-block-uagb-image--align-none\"><figure class=\"wp-block-uagb-image__figure\"><img decoding=\"async\" srcset=\"https:\/\/dev.bassin-arcachon.com\/wp-content\/uploads\/2021\/05\/N4C5076-1-scaled-1024x683.jpg ,https:\/\/dev.bassin-arcachon.com\/wp-content\/uploads\/2021\/05\/N4C5076-1-scaled.jpg 780w, https:\/\/dev.bassin-arcachon.com\/wp-content\/uploads\/2021\/05\/N4C5076-1-scaled.jpg 360w\" sizes=\"auto, (max-width: 480px) 150px\" src=\"https:\/\/dev.bassin-arcachon.com\/wp-content\/uploads\/2021\/05\/N4C5076-1-scaled-1024x683.jpg\" alt=\"- - Bassin d&#039;Arcachon\" class=\"uag-image-49872\" width=\"1024\" height=\"683\" title=\"- - Bassin d&#039;Arcachon\" loading=\"lazy\" role=\"img\"><\/figure><\/div>\n<\/div>\n\n\n\n<div class=\"wp-block-uagb-container uagb-block-b9ae973d\">\n<h2 class=\"wp-block-heading\">Tomarse un descanso en el parque Mauresque<\/h2>\n\n\n\n<p>Desde la plaza del 8 de Mayo, toma el ascensor del <a href=\"https:\/\/dev.bassin-arcachon.com\/es\/nuestros-pueblos-y-aldeas\/arcachon\/\">Parque Mauresque,<\/a> que conecta la Ciudad de Verano con la Ciudad de Invierno. A la salida, as\u00f3mate al balc\u00f3n para admirar la vista de la bah\u00eda. Una vez en lo alto y lejos de la agitaci\u00f3n, disfruta de un refrescante descanso en los senderos sombreados del parque. El parque Mauresque, con su zona de juegos infantiles, su kiosco y sus bancos, \u00a1invita a la relajaci\u00f3n!<\/p>\n<\/div>\n<\/div><\/div>\n\n\n\n<div style=\"height:60px\" aria-hidden=\"true\" class=\"wp-block-spacer\"><\/div>\n\n\n\n<div class=\"wp-block-uagb-container uagb-block-63ba8914 alignfull uagb-is-root-container\"><div class=\"uagb-container-inner-blocks-wrap\">\n<div class=\"wp-block-uagb-container uagb-block-afee5bd3\">\n<h2 class=\"wp-block-heading\">Subir a lo alto del observatorio de Sainte C\u00e9cile<\/h2>\n\n\n\n<p>Para llegar all\u00ed, tendr\u00e1s que cruzar la pasarela de Saint Paul. Y para admirar uno de los panoramas m\u00e1s bellos de la Ciudad de Invierno y la bah\u00eda, sube los escalones hasta el mirador. Al verlo m\u00e1s de cerca, encontrar\u00e1s ciertas similitudes con un monumento muy conocido por todos. Hay que admitir que Gustave Eiffel particip\u00f3 en el proyecto.<\/p>\n\n\n\n<h2 class=\"wp-block-heading\">Descubrir la Ciudad de Invierno en una visita guiada<\/h2>\n\n\n\n<p>Deja que te cuenten la historia de la Ciudad de Invierno. La<a href=\"https:\/\/www.bassin-arcachon.com\/offices-de-tourisme\/\">Oficina de Turismo de Arcach\u00f3n<\/a>&nbsp;ofrece visitas guiadas de abril a octubre. Y durante todo el a\u00f1o, descubre el barrio con el tren tur\u00edstico, en visitas con audiogu\u00eda o participando en un juego de enigmas.<\/p>\n<\/div>\n\n\n\n<div class=\"wp-block-uagb-container uagb-block-21ec270b\">\t\t\t\t\t<div\n\t\t\t\t\t\tclass=\"wp-block-uagb-image-gallery uagb-block-8969b757\"\n\t\t\t\t\t\tstyle=\"\"\n\t\t\t\t\t>\n\t\t\t\t\t\t\t\t\t\t\t<div class=\"spectra-image-gallery spectra-image-gallery__layout--carousel\">\n\t\t\t\t\t\t\t\t<div class=\"uagb-slick-carousel uagb-block-8969b757\">\n\t\t\t\t\t\t\t\t\t\t\t\t<div class='spectra-image-gallery__media-wrapper' data-spectra-gallery-image-id='35224'>\n\t\t\t\t\t\t\t<div class=\"spectra-image-gallery__media spectra-image-gallery__media--carousel\">\n\t\t\t\t<picture>\n\t\t\t\t\t<source media=\"(min-width: 1024px)\" srcset=\"https:\/\/dev.bassin-arcachon.com\/wp-content\/uploads\/2019\/06\/arcachon-depuis-lobservatoire-sainte-cecile-683x1024.jpg\">\n\t\t\t\t\t<source media=\"(min-width: 768px)\" srcset=\"https:\/\/dev.bassin-arcachon.com\/wp-content\/uploads\/2019\/06\/arcachon-depuis-lobservatoire-sainte-cecile-683x1024.jpg\">\n\t\t\t\t\t<img decoding=\"async\" class=\"spectra-image-gallery__media-thumbnail spectra-image-gallery__media-thumbnail--carousel\" src=\"https:\/\/dev.bassin-arcachon.com\/wp-content\/uploads\/2019\/06\/arcachon-depuis-lobservatoire-sainte-cecile-200x300.jpg\" alt=\"- - Bassin d&#039;Arcachon\" loading=\"lazy\" title=\"- - Bassin d&#039;Arcachon\">\n\t\t\t\t<\/picture>\n\t\t\t\t<div class=\"spectra-image-gallery__media-thumbnail-blurrer\"><\/div>\n\t\t\t\t\t\t\t\t\t\t\t<div class=\"spectra-image-gallery__media-thumbnail-caption-wrapper spectra-image-gallery__media-thumbnail-caption-wrapper--overlay\"><\/div>\n\t\t\t\t\t\t\t\t<\/div>\n\t\t\t\t\t\t<\/div>\n\t\t\t\t\t\t<div class='spectra-image-gallery__media-wrapper' data-spectra-gallery-image-id='35222'>\n\t\t\t\t\t\t\t<div class=\"spectra-image-gallery__media spectra-image-gallery__media--carousel\">\n\t\t\t\t<picture>\n\t\t\t\t\t<source media=\"(min-width: 1024px)\" srcset=\"https:\/\/dev.bassin-arcachon.com\/wp-content\/uploads\/2019\/06\/observatoire-saint-c\u00e9cile-arcachon-683x1024.jpg\">\n\t\t\t\t\t<source media=\"(min-width: 768px)\" srcset=\"https:\/\/dev.bassin-arcachon.com\/wp-content\/uploads\/2019\/06\/observatoire-saint-c\u00e9cile-arcachon-683x1024.jpg\">\n\t\t\t\t\t<img decoding=\"async\" class=\"spectra-image-gallery__media-thumbnail spectra-image-gallery__media-thumbnail--carousel\" src=\"https:\/\/dev.bassin-arcachon.com\/wp-content\/uploads\/2019\/06\/observatoire-saint-c\u00e9cile-arcachon-200x300.jpg\" alt=\"- - Bassin d&#039;Arcachon\" loading=\"lazy\" title=\"- - Bassin d&#039;Arcachon\">\n\t\t\t\t<\/picture>\n\t\t\t\t<div class=\"spectra-image-gallery__media-thumbnail-blurrer\"><\/div>\n\t\t\t\t\t\t\t\t\t\t\t<div class=\"spectra-image-gallery__media-thumbnail-caption-wrapper spectra-image-gallery__media-thumbnail-caption-wrapper--overlay\"><\/div>\n\t\t\t\t\t\t\t\t<\/div>\n\t\t\t\t\t\t<\/div>\n\t\t\t\t\t\t<div class='spectra-image-gallery__media-wrapper' data-spectra-gallery-image-id='23429'>\n\t\t\t\t\t\t\t<div class=\"spectra-image-gallery__media spectra-image-gallery__media--carousel\">\n\t\t\t\t<picture>\n\t\t\t\t\t<source media=\"(min-width: 1024px)\" srcset=\"https:\/\/dev.bassin-arcachon.com\/wp-content\/uploads\/2018\/07\/Vue-depuis-lobservatoire-Ste-C\u00e9cile-683x1024.jpg\">\n\t\t\t\t\t<source media=\"(min-width: 768px)\" srcset=\"https:\/\/dev.bassin-arcachon.com\/wp-content\/uploads\/2018\/07\/Vue-depuis-lobservatoire-Ste-C\u00e9cile-683x1024.jpg\">\n\t\t\t\t\t<img decoding=\"async\" class=\"spectra-image-gallery__media-thumbnail spectra-image-gallery__media-thumbnail--carousel\" src=\"https:\/\/dev.bassin-arcachon.com\/wp-content\/uploads\/2018\/07\/Vue-depuis-lobservatoire-Ste-C\u00e9cile-200x300.jpg\" alt=\"- - Bassin d&#039;Arcachon\" loading=\"lazy\" title=\"- - Bassin d&#039;Arcachon\">\n\t\t\t\t<\/picture>\n\t\t\t\t<div class=\"spectra-image-gallery__media-thumbnail-blurrer\"><\/div>\n\t\t\t\t\t\t\t\t\t\t\t<div class=\"spectra-image-gallery__media-thumbnail-caption-wrapper spectra-image-gallery__media-thumbnail-caption-wrapper--overlay\"><\/div>\n\t\t\t\t\t\t\t\t<\/div>\n\t\t\t\t\t\t<\/div>\n\t\t\t\t\t\t\t\t\t\t\t<\/div>\n\t\t\t\t\t\t\t<\/div>\n\t\t\t\t\t\t\t\t\t\t\t<\/div>\n\t\t\t\t\t\t\t\t\t<\/div>\n<\/div><\/div>\n\n\n\n<div style=\"height:60px\" aria-hidden=\"true\" class=\"wp-block-spacer\"><\/div>","protected":false},"excerpt":{"rendered":"<p>Vaya a las alturas de Arcachon para descubrir la Ciudad de Invierno Lejos del bullicio de las playas, pi\u00e9rdase por las callejuelas del barrio en busca de las villas m\u00e1s bellas [\u2026]<\/p>","protected":false},"author":25,"featured_media":939,"parent":27,"menu_order":0,"comment_status":"closed","ping_status":"closed","template":"","meta":{"_acf_changed":false,"_uag_custom_page_level_css":"","footnotes":""},"class_list":["post-129","page","type-page","status-publish","has-post-thumbnail","hentry"],"acf":[],"uagb_featured_image_src":{"full":["https:\/\/dev.bassin-arcachon.com\/wp-content\/uploads\/2017\/02\/ville-hiver.jpg",1200,800,false],"thumbnail":["https:\/\/dev.bassin-arcachon.com\/wp-content\/uploads\/2017\/02\/ville-hiver-150x150.jpg",150,150,true],"medium":["https:\/\/dev.bassin-arcachon.com\/wp-content\/uploads\/2017\/02\/ville-hiver-300x200.jpg",300,200,true],"medium_large":["https:\/\/dev.bassin-arcachon.com\/wp-content\/uploads\/2017\/02\/ville-hiver-768x512.jpg",768,512,true],"large":["https:\/\/dev.bassin-arcachon.com\/wp-content\/uploads\/2017\/02\/ville-hiver-1024x683.jpg",1024,683,true],"1536x1536":["https:\/\/dev.bassin-arcachon.com\/wp-content\/uploads\/2017\/02\/ville-hiver.jpg",1200,800,false],"2048x2048":["https:\/\/dev.bassin-arcachon.com\/wp-content\/uploads\/2017\/02\/ville-hiver.jpg",1200,800,false],"trp-custom-language-flag":["https:\/\/dev.bassin-arcachon.com\/wp-content\/uploads\/2017\/02\/ville-hiver-18x12.jpg",18,12,true],"fp-small":["https:\/\/dev.bassin-arcachon.com\/wp-content\/uploads\/2017\/02\/ville-hiver-640x427.jpg",640,427,true],"fp-large":["https:\/\/dev.bassin-arcachon.com\/wp-content\/uploads\/2017\/02\/ville-hiver.jpg",1200,800,false],"fp-xlarge":["https:\/\/dev.bassin-arcachon.com\/wp-content\/uploads\/2017\/02\/ville-hiver.jpg",1200,800,false]},"uagb_author_info":{"display_name":"Marie Clauzel","author_link":"https:\/\/dev.bassin-arcachon.com\/es\/author\/mariesiba\/"},"uagb_comment_info":0,"uagb_excerpt":"Partez sur les hauteurs d\u2019Arcachon \u00e0 la d\u00e9couverte de la Ville d\u2019Hiver Loin de l\u2019effervescence des plages, perdez-vous dans les ruelles du quartier \u00e0 la recherche des plus belles villas [&hellip;]","_links":{"self":[{"href":"https:\/\/dev.bassin-arcachon.com\/es\/wp-json\/wp\/v2\/pages\/129","targetHints":{"allow":["GET"]}}],"collection":[{"href":"https:\/\/dev.bassin-arcachon.com\/es\/wp-json\/wp\/v2\/pages"}],"about":[{"href":"https:\/\/dev.bassin-arcachon.com\/es\/wp-json\/wp\/v2\/types\/page"}],"author":[{"embeddable":true,"href":"https:\/\/dev.bassin-arcachon.com\/es\/wp-json\/wp\/v2\/users\/25"}],"replies":[{"embeddable":true,"href":"https:\/\/dev.bassin-arcachon.com\/es\/wp-json\/wp\/v2\/comments?post=129"}],"version-history":[{"count":0,"href":"https:\/\/dev.bassin-arcachon.com\/es\/wp-json\/wp\/v2\/pages\/129\/revisions"}],"up":[{"embeddable":true,"href":"https:\/\/dev.bassin-arcachon.com\/es\/wp-json\/wp\/v2\/pages\/27"}],"wp:featuredmedia":[{"embeddable":true,"href":"https:\/\/dev.bassin-arcachon.com\/es\/wp-json\/wp\/v2\/media\/939"}],"wp:attachment":[{"href":"https:\/\/dev.bassin-arcachon.com\/es\/wp-json\/wp\/v2\/media?parent=129"}],"curies":[{"name":"wp","href":"https:\/\/api.w.org\/{rel}","templated":true}]}}