{"id":149,"date":"2017-08-09T17:02:03","date_gmt":"2017-08-09T15:02:03","guid":{"rendered":"https:\/\/dev.bassin-arcachon.com\/\/?page_id=149"},"modified":"2024-11-06T10:39:02","modified_gmt":"2024-11-06T09:39:02","slug":"primavera","status":"publish","type":"page","link":"https:\/\/dev.bassin-arcachon.com\/es\/la-piscina-es-toda-la-temporada\/primavera\/","title":{"rendered":"El Bassin de Arcachon en Primavera"},"content":{"rendered":"<div class=\"wp-block-uagb-container uagb-block-9932c3e5 alignfull uagb-is-root-container\"><div class=\"uagb-container-inner-blocks-wrap\">\n<div class=\"wp-block-uagb-container uagb-block-ae5d0b6a\">\n<h2 class=\"wp-block-heading\">Aprovecha los d\u00edas soleados para un fin de semana en la Bassin<\/h2>\n\n\n\n<p>Cuando los d\u00edas se alargan poco a poco y llega el sol primaveral, qu\u00e9 alegr\u00eda regalarse un fin de semana corto en el Bassin en Arcachon. <\/p>\n\n\n\n<p>la busqueda de un\u00a0<a href=\"https:\/\/www.bassin-arcachon.com\/hebergements\/chambres-dhotes\/\">cama y desayuno<\/a>, o una casa rural es incluso parte del encanto de la organizaci\u00f3n.<\/p>\n\n\n\n<p>Aprovecha los primeros d\u00edas de la primavera para reservar tu alojamiento. Encontrar\u00e1s algunas pepitas bonitas, \u00a1especialmente si planeas con anticipaci\u00f3n!<\/p>\n<\/div>\n\n\n\n<div class=\"wp-block-uagb-container uagb-block-ff708e3f\">\t\t\t\t\t<div\n\t\t\t\t\t\tclass=\"wp-block-uagb-image-gallery uagb-block-d6618748\"\n\t\t\t\t\t\tstyle=\"\"\n\t\t\t\t\t>\n\t\t\t\t\t\t\t\t\t\t\t<div class=\"spectra-image-gallery spectra-image-gallery__layout--grid spectra-image-gallery__layout--grid-col-1 spectra-image-gallery__layout--grid-col-tab-1 spectra-image-gallery__layout--grid-col-mob-1\">\n\t\t\t\t\t\t\t\t\t\t\t<div class='spectra-image-gallery__media-wrapper' data-spectra-gallery-image-id='1814' tabindex=\"0\">\n\t\t\t\t\t\t\t<div class=\"spectra-image-gallery__media spectra-image-gallery__media--grid\">\n\t\t\t\t<picture>\n\t\t\t\t\t<source media=\"(min-width: 1024px)\" srcset=\"https:\/\/dev.bassin-arcachon.com\/wp-content\/uploads\/2017\/02\/arcachon-maison-de-pays-2-683x1024.jpg\">\n\t\t\t\t\t<source media=\"(min-width: 768px)\" srcset=\"https:\/\/dev.bassin-arcachon.com\/wp-content\/uploads\/2017\/02\/arcachon-maison-de-pays-2-683x1024.jpg\">\n\t\t\t\t\t<img decoding=\"async\" class=\"spectra-image-gallery__media-thumbnail spectra-image-gallery__media-thumbnail--grid\" src=\"https:\/\/dev.bassin-arcachon.com\/wp-content\/uploads\/2017\/02\/arcachon-maison-de-pays-2-200x300.jpg\" alt=\"- - Bassin d&#039;Arcachon\" loading=\"lazy\" title=\"- - Bassin d&#039;Arcachon\">\n\t\t\t\t<\/picture>\n\t\t\t\t<div class=\"spectra-image-gallery__media-thumbnail-blurrer\"><\/div>\n\t\t\t\t\t\t\t\t\t\t\t<div class=\"spectra-image-gallery__media-thumbnail-caption-wrapper spectra-image-gallery__media-thumbnail-caption-wrapper--overlay\"><\/div>\n\t\t\t\t\t\t\t\t<\/div>\n\t\t\t\t\t\t<\/div>\n\t\t\t\t\t\t\t\t\t\t<\/div>\n\t\t\t\t\t\t\t\t\t\t\t\t\t\t\t\t\t\t<\/div>\n\t\t\t\t\t\t\t\t\t<\/div>\n<\/div><\/div>\n\n\n\n<div style=\"height:60px\" aria-hidden=\"true\" class=\"wp-block-spacer\"><\/div>\n\n\n\n<div class=\"wp-block-uagb-container uagb-block-dc350eac alignfull uagb-is-root-container\"><div class=\"uagb-container-inner-blocks-wrap\">\n<div class=\"wp-block-uagb-container uagb-block-9c341efa\">\n<div class=\"wp-block-uagb-image uagb-block-8335145d wp-block-uagb-image--layout-default wp-block-uagb-image--effect-static wp-block-uagb-image--align-none\"><figure class=\"wp-block-uagb-image__figure\"><img decoding=\"async\" srcset=\"https:\/\/dev.bassin-arcachon.com\/wp-content\/uploads\/2017\/02\/plaisir-des-terrasse-1024x683.jpg \" sizes=\"auto, (max-width: 480px) 150px\" src=\"https:\/\/dev.bassin-arcachon.com\/wp-content\/uploads\/2017\/02\/plaisir-des-terrasse-1024x683.jpg\" alt=\"- - Bassin d&#039;Arcachon\" class=\"uag-image-1050\" width=\"1024\" height=\"683\" title=\"- - Bassin d&#039;Arcachon\" loading=\"lazy\"><\/figure><\/div>\n<\/div>\n\n\n\n<div class=\"wp-block-uagb-container uagb-block-31bef1b9\">\n<h2 class=\"wp-block-heading\">Redescubre el placer de estar en la terraza<\/h2>\n\n\n\n<p>En primavera, no solo la naturaleza se despierta, \u00a1tambi\u00e9n nosotros!<\/p>\n\n\n\n<p>Con los primeros rayos de sol, es la oportunidad perfecta para un momento en la terraza.<\/p>\n\n\n\n<p>En una de&nbsp;<a href=\"https:\/\/www.bassin-arcachon.com\/ou-manger\/restaurants\/\">nuestros restaurantes<\/a>&nbsp;o simplemente en un&nbsp;<a href=\"https:\/\/www.bassin-arcachon.com\/ou-manger\/cabanes-a-huitres\/\">choza de ostras<\/a>, una copita de vino blanco acompa\u00f1ada de unas ostras reci\u00e9n abiertas.<\/p>\n<\/div>\n<\/div><\/div>\n\n\n\n<div style=\"height:60px\" aria-hidden=\"true\" class=\"wp-block-spacer\"><\/div>\n\n\n\n<div class=\"wp-block-uagb-container uagb-block-0aee04ca alignfull uagb-is-root-container\"><div class=\"uagb-container-inner-blocks-wrap\">\n<div class=\"wp-block-uagb-container uagb-block-c996b359\">\n<h2 class=\"wp-block-heading\">Mira la naturaleza despertar<\/h2>\n\n\n\n<p>En los caminos de Piraillan, o los del Domaine de Fleury, una cosa es segura, no olvides la c\u00e1mara para inmortalizar los primeros \u00e1rboles en flor y los primeros paseos de la primavera. Si te apetece, avent\u00farate&nbsp;<a href=\"https:\/\/www.bassin-arcachon.com\/nos-incontournables\/la-ville-dhiver\/\">la ciudad de invierno de Arcachon<\/a>&nbsp;y sus calles t\u00edpicas. Disfrutar\u00e1s perdi\u00e9ndote por este barrio, hasta llegar al observatorio Sainte C\u00e9cile. no lo olvide&nbsp;<a href=\"https:\/\/www.bassin-arcachon.com\/nos-villes-et-villages\/coeur-du-bassin\/\">el Puerto de Biganos<\/a>, que tiene un contraste encantador. Es un puerto at\u00edpico, situado en un rinc\u00f3n de la naturaleza. Un verdadero placer descubrir!<\/p>\n<\/div>\n\n\n\n<div class=\"wp-block-uagb-container uagb-block-f2c42133\">\n<div class=\"wp-block-uagb-image uagb-block-5d92946e wp-block-uagb-image--layout-default wp-block-uagb-image--effect-static wp-block-uagb-image--align-none\"><figure class=\"wp-block-uagb-image__figure\"><img decoding=\"async\" srcset=\"https:\/\/dev.bassin-arcachon.com\/wp-content\/uploads\/2017\/09\/IMG_6710-1024x683.jpg \" sizes=\"auto, (max-width: 480px) 150px\" src=\"https:\/\/dev.bassin-arcachon.com\/wp-content\/uploads\/2017\/09\/IMG_6710-1024x683.jpg\" alt=\"- - Bassin d&#039;Arcachon\" class=\"uag-image-9271\" width=\"1024\" height=\"683\" title=\"- - Bassin d&#039;Arcachon\" loading=\"lazy\"><\/figure><\/div>\n<\/div>\n<\/div><\/div>\n\n\n\n<div style=\"height:60px\" aria-hidden=\"true\" class=\"wp-block-spacer\"><\/div>\n\n\n\n<div class=\"wp-block-uagb-container uagb-block-82e0a45c alignfull uagb-is-root-container\"><div class=\"uagb-container-inner-blocks-wrap\">\n<div class=\"wp-block-uagb-container uagb-block-a1991204\">\n<div class=\"wp-block-uagb-image uagb-block-a5ddea22 wp-block-uagb-image--layout-default wp-block-uagb-image--effect-static wp-block-uagb-image--align-none\"><figure class=\"wp-block-uagb-image__figure\"><img decoding=\"async\" srcset=\"https:\/\/dev.bassin-arcachon.com\/wp-content\/uploads\/2017\/02\/F\u00eate-de-lHu\u00eetre-Andernos-2.jpg \" sizes=\"auto, (max-width: 480px) 150px\" src=\"https:\/\/dev.bassin-arcachon.com\/wp-content\/uploads\/2017\/02\/F\u00eate-de-lHu\u00eetre-Andernos-2.jpg\" alt=\"Andernos los ba\u00f1os\" class=\"uag-image-7239\" width=\"800\" height=\"534\" title=\"- - Bassin d&#039;Arcachon\" loading=\"lazy\"><\/figure><\/div>\n<\/div>\n\n\n\n<div class=\"wp-block-uagb-container uagb-block-cb483827\">\n<h2 class=\"wp-block-heading\">Respira hondo el aire del mar<\/h2>\n\n\n\n<p>El aire sigue siendo fresco, \u00a1y eso es lo bueno! Direcci\u00f3n&nbsp;<a href=\"https:\/\/www.bassin-arcachon.com\/nos-incontournables\/les-jetees\/\">los muelles<\/a>&nbsp;donde a los caminantes les gusta observar a los pescadores aficionados, o simplemente la vista.<\/p>\n\n\n\n<p>\u00bfPor qu\u00e9 no imitarlos, toma tu propia ca\u00f1a de pescar para aterrizar en&nbsp;<a href=\"https:\/\/www.bassin-arcachon.com\/nos-villes-et-villages\/andernos-les-bains\/\">Andernos<\/a>, las coloridas caba\u00f1as detr\u00e1s de ti y el Bassin frente a ti. Por \u00faltimo, a los paseantes les encantar\u00e1 perderse por las estrechas calles de&nbsp;<a href=\"https:\/\/www.bassin-arcachon.com\/nos-incontournables\/les-villages-et-ports-ostreicoles\/\">puertos de ostras<\/a>, buscando los rincones con m\u00e1s encanto.<\/p>\n<\/div>\n<\/div><\/div>\n\n\n\n<div style=\"height:60px\" aria-hidden=\"true\" class=\"wp-block-spacer\"><\/div>\n\n\n\n<div class=\"wp-block-uagb-container uagb-block-1060ba9d alignfull uagb-is-root-container\"><div class=\"uagb-container-inner-blocks-wrap\">\n<div class=\"wp-block-uagb-container uagb-block-345cb3c0\">\n<h2 class=\"wp-block-heading\">Reanudaci\u00f3n de actividades deportivas con tranquilidad<\/h2>\n\n\n\n<p>\u00bfY por qu\u00e9 no volver a los buenos h\u00e1bitos antes del pr\u00f3ximo verano? Hacer jogging por la playa, o montar en bicicleta en medio de los pinares, solo o casi para contemplar la naturaleza que despierta tras unos meses de descanso... Una buena forma de mezclar negocios con placer. En primavera, tambi\u00e9n es una oportunidad para probar nuevas actividades, como una sesi\u00f3n de surf en la playa de Grand Crohot en&nbsp;<a href=\"https:\/\/www.bassin-arcachon.com\/nos-villes-et-villages\/lege-cap-ferret\/\">L\u00e8ge-Cap Ferret<\/a>, o kitesurf en&nbsp;<a href=\"https:\/\/www.bassin-arcachon.com\/nos-villes-et-villages\/gujan-mestras\/\">Gujan-Mestras.<\/a><\/p>\n<\/div>\n\n\n\n<div class=\"wp-block-uagb-container uagb-block-140a9abb\">\n<div class=\"wp-block-uagb-image uagb-block-0e909b6a wp-block-uagb-image--layout-default wp-block-uagb-image--effect-static wp-block-uagb-image--align-none\"><figure class=\"wp-block-uagb-image__figure\"><img decoding=\"async\" srcset=\"https:\/\/dev.bassin-arcachon.com\/wp-content\/uploads\/2017\/07\/bassin-sans-ma-voiture-velo-detente-1024x683.jpg \" sizes=\"auto, (max-width: 480px) 150px\" src=\"https:\/\/dev.bassin-arcachon.com\/wp-content\/uploads\/2017\/07\/bassin-sans-ma-voiture-velo-detente-1024x683.jpg\" alt=\"- - Bassin d&#039;Arcachon\" class=\"uag-image-5842\" width=\"1024\" height=\"683\" title=\"- - Bassin d&#039;Arcachon\" loading=\"lazy\"><\/figure><\/div>\n<\/div>\n<\/div><\/div>\n\n\n\n<div style=\"height:60px\" aria-hidden=\"true\" class=\"wp-block-spacer\"><\/div>","protected":false},"excerpt":{"rendered":"<p>Aprovecha los bonitos d\u00edas para un fin de semana en la Bassin Cuando poco a poco los d\u00edas se alargan y llega el sol primaveral, que alegr\u00eda regalarte un peque\u00f1o fin de semana en la [\u2026]<\/p>","protected":false},"author":25,"featured_media":1265,"parent":33,"menu_order":3,"comment_status":"closed","ping_status":"closed","template":"","meta":{"_acf_changed":false,"_uag_custom_page_level_css":"","footnotes":""},"class_list":["post-149","page","type-page","status-publish","has-post-thumbnail","hentry"],"acf":[],"uagb_featured_image_src":{"full":["https:\/\/dev.bassin-arcachon.com\/wp-content\/uploads\/2017\/02\/jetee-du-moulleau-9.jpg",1200,714,false],"thumbnail":["https:\/\/dev.bassin-arcachon.com\/wp-content\/uploads\/2017\/02\/jetee-du-moulleau-9-150x150.jpg",150,150,true],"medium":["https:\/\/dev.bassin-arcachon.com\/wp-content\/uploads\/2017\/02\/jetee-du-moulleau-9-300x179.jpg",300,179,true],"medium_large":["https:\/\/dev.bassin-arcachon.com\/wp-content\/uploads\/2017\/02\/jetee-du-moulleau-9-768x457.jpg",768,457,true],"large":["https:\/\/dev.bassin-arcachon.com\/wp-content\/uploads\/2017\/02\/jetee-du-moulleau-9-1024x609.jpg",1024,609,true],"1536x1536":["https:\/\/dev.bassin-arcachon.com\/wp-content\/uploads\/2017\/02\/jetee-du-moulleau-9.jpg",1200,714,false],"2048x2048":["https:\/\/dev.bassin-arcachon.com\/wp-content\/uploads\/2017\/02\/jetee-du-moulleau-9.jpg",1200,714,false],"trp-custom-language-flag":["https:\/\/dev.bassin-arcachon.com\/wp-content\/uploads\/2017\/02\/jetee-du-moulleau-9-18x12.jpg",18,12,true],"fp-small":["https:\/\/dev.bassin-arcachon.com\/wp-content\/uploads\/2017\/02\/jetee-du-moulleau-9-640x381.jpg",640,381,true],"fp-large":["https:\/\/dev.bassin-arcachon.com\/wp-content\/uploads\/2017\/02\/jetee-du-moulleau-9.jpg",1200,714,false],"fp-xlarge":["https:\/\/dev.bassin-arcachon.com\/wp-content\/uploads\/2017\/02\/jetee-du-moulleau-9.jpg",1200,714,false]},"uagb_author_info":{"display_name":"Marie Clauzel","author_link":"https:\/\/dev.bassin-arcachon.com\/es\/author\/mariesiba\/"},"uagb_comment_info":0,"uagb_excerpt":"Profiter des beaux jours pour un week-end sur le Bassin Quand les journ\u00e9es s\u2019allongent doucement et que le soleil printanier arrive, quel bonheur de s\u2019octroyer un petit week-end sur le [&hellip;]","_links":{"self":[{"href":"https:\/\/dev.bassin-arcachon.com\/es\/wp-json\/wp\/v2\/pages\/149","targetHints":{"allow":["GET"]}}],"collection":[{"href":"https:\/\/dev.bassin-arcachon.com\/es\/wp-json\/wp\/v2\/pages"}],"about":[{"href":"https:\/\/dev.bassin-arcachon.com\/es\/wp-json\/wp\/v2\/types\/page"}],"author":[{"embeddable":true,"href":"https:\/\/dev.bassin-arcachon.com\/es\/wp-json\/wp\/v2\/users\/25"}],"replies":[{"embeddable":true,"href":"https:\/\/dev.bassin-arcachon.com\/es\/wp-json\/wp\/v2\/comments?post=149"}],"version-history":[{"count":1,"href":"https:\/\/dev.bassin-arcachon.com\/es\/wp-json\/wp\/v2\/pages\/149\/revisions"}],"predecessor-version":[{"id":68229,"href":"https:\/\/dev.bassin-arcachon.com\/es\/wp-json\/wp\/v2\/pages\/149\/revisions\/68229"}],"up":[{"embeddable":true,"href":"https:\/\/dev.bassin-arcachon.com\/es\/wp-json\/wp\/v2\/pages\/33"}],"wp:featuredmedia":[{"embeddable":true,"href":"https:\/\/dev.bassin-arcachon.com\/es\/wp-json\/wp\/v2\/media\/1265"}],"wp:attachment":[{"href":"https:\/\/dev.bassin-arcachon.com\/es\/wp-json\/wp\/v2\/media?parent=149"}],"curies":[{"name":"wp","href":"https:\/\/api.w.org\/{rel}","templated":true}]}}