{"id":151,"date":"2017-08-09T17:17:22","date_gmt":"2017-08-09T15:17:22","guid":{"rendered":"https:\/\/dev.bassin-arcachon.com\/\/?page_id=151"},"modified":"2024-11-06T10:38:19","modified_gmt":"2024-11-06T09:38:19","slug":"verano","status":"publish","type":"page","link":"https:\/\/dev.bassin-arcachon.com\/es\/la-piscina-es-toda-la-temporada\/verano\/","title":{"rendered":"Arcachon Bassin en verano"},"content":{"rendered":"<div class=\"wp-block-uagb-container wp-embed-aspect-16-9 wp-has-aspect-ratio uagb-block-ac4bc5f1 alignfull uagb-is-root-container\"><div class=\"uagb-container-inner-blocks-wrap\">\n<div class=\"wp-block-uagb-container uagb-block-f9dc645c\">\n<h2 class=\"wp-block-heading\">Deje el auto, nunca lo tome de vuelta de las vacaciones<\/h2>\n\n\n\n<p>\u00a1Este verano, hagamos una apuesta! \u00a1La de dejar el coche en el suelo y no volver a cogerlo de todas las vacaciones! Si no puedes llevarlo contigo, no dudes en visitar uno de los\u00a0<a href=\"https:\/\/dev.bassin-arcachon.com\/es\/moverse-por-la-piscina\/alquiler-de-bicicletas\/\" data-type=\"page\" data-id=\"715\">Empresas de alquiler de bicicletas Arcachon Bassin.<\/a><\/p>\n\n\n\n<p>Durante las vacaciones te mover\u00e1s con m\u00e1s facilidad en bicicleta por los carriles bici, evitando los atascos, para disfrutar a\u00fan m\u00e1s de tu tiempo.<\/p>\n<\/div>\n\n\n\n<div class=\"wp-block-uagb-container uagb-block-049f2000\">\n<div class=\"wp-block-uagb-image uagb-block-05b254ff wp-block-uagb-image--layout-default wp-block-uagb-image--effect-static wp-block-uagb-image--align-none\"><figure class=\"wp-block-uagb-image__figure\"><img decoding=\"async\" srcset=\"https:\/\/dev.bassin-arcachon.com\/wp-content\/uploads\/2017\/07\/balade-detente-amis-bassin-arcachon-1024x683.jpg \" sizes=\"auto, (max-width: 480px) 150px\" src=\"https:\/\/dev.bassin-arcachon.com\/wp-content\/uploads\/2017\/07\/balade-detente-amis-bassin-arcachon-1024x683.jpg\" alt=\"- - Bassin d&#039;Arcachon\" class=\"uag-image-5859\" width=\"1024\" height=\"683\" title=\"- - Bassin d&#039;Arcachon\" loading=\"lazy\" role=\"img\"><\/figure><\/div>\n<\/div>\n<\/div><\/div>\n\n\n\n<div style=\"height:60px\" aria-hidden=\"true\" class=\"wp-block-spacer wp-embed-aspect-16-9 wp-has-aspect-ratio\"><\/div>\n\n\n\n<div class=\"wp-block-uagb-container wp-embed-aspect-16-9 wp-has-aspect-ratio uagb-block-f17bbe37 alignfull uagb-is-root-container\"><div class=\"uagb-container-inner-blocks-wrap\">\n<figure class=\"wp-block-pullquote\"><blockquote><p>\u00a1Esta es una de las formas m\u00e1s encantadoras de descubrir el Bassin de Arcachon!<\/p><\/blockquote><\/figure>\n\n\n\n<p>Por supuesto, no olvides el picnic en la cesta, ni hacer una parada en uno de los restaurantes o en un puesto de ostras en Bassin. \u00a1El mejor d\u00eda de vacaciones real!<\/p>\n<\/div><\/div>\n\n\n\n<div style=\"height:60px\" aria-hidden=\"true\" class=\"wp-block-spacer wp-embed-aspect-16-9 wp-has-aspect-ratio\"><\/div>\n\n\n\n<div class=\"wp-block-uagb-container wp-embed-aspect-16-9 wp-has-aspect-ratio uagb-block-35300a98 alignfull uagb-is-root-container\"><div class=\"uagb-container-inner-blocks-wrap\">\n<div class=\"wp-block-uagb-container uagb-block-aea16f47\">\n<div class=\"wp-block-uagb-image uagb-block-aa5f82e8 wp-block-uagb-image--layout-default wp-block-uagb-image--effect-static wp-block-uagb-image--align-none\"><figure class=\"wp-block-uagb-image__figure\"><img decoding=\"async\" srcset=\"https:\/\/dev.bassin-arcachon.com\/wp-content\/uploads\/2017\/02\/Dune_N6015-683x1024.jpg \" sizes=\"auto, (max-width: 480px) 150px\" src=\"https:\/\/dev.bassin-arcachon.com\/wp-content\/uploads\/2017\/02\/Dune_N6015-683x1024.jpg\" alt=\"- - Bassin d&#039;Arcachon\" class=\"uag-image-7413\" width=\"683\" height=\"1024\" title=\"- - Bassin d&#039;Arcachon\" loading=\"lazy\" role=\"img\"><\/figure><\/div>\n<\/div>\n\n\n\n<div class=\"wp-block-uagb-container uagb-block-6be38578\">\n<h2 class=\"wp-block-heading\">Un d\u00eda para vivir lo esencial<\/h2>\n\n\n\n<p>En el programa de este d\u00eda lleno de emociones, empieza escalando&nbsp;<a href=\"https:\/\/www.bassin-arcachon.com\/nos-incontournables\/la-dune-du-pilat\/\">la Duna de Pilat<\/a>.<\/p>\n\n\n\n<p>Despu\u00e9s de un poco de esfuerzo, ser\u00e1s recompensado con una vista incre\u00edble de&nbsp;<a href=\"https:\/\/www.bassin-arcachon.com\/nos-incontournables\/le-banc-darguin\/\">al Banco de Arguin&nbsp;<\/a>\u00e0 supprimer&nbsp;<a href=\"https:\/\/www.bassin-arcachon.com\/nos-incontournables\/le-phare-et-pointe-du-cap-ferret\/\">Faro de Cap Ferret<\/a>&nbsp;a lo lejos.<\/p>\n\n\n\n<p>\u00a1Ser\u00e1 tu pr\u00f3ximo paso!<\/p>\n\n\n\n<p>Dir\u00edgete al embarcadero de Moulleau en&nbsp;<a href=\"https:\/\/www.bassin-arcachon.com\/nos-villes-et-villages\/arcachon\/\">Arcachon<\/a>&nbsp;para embarcar, en Cap Ferret. En el lugar, t\u00f3mese el tiempo para pasear por el pueblo de cultivo de ostras y, por qu\u00e9 no, degustar algunas ostras frente a la duna.<\/p>\n\n\n\n<p>Luego suba los escalones del Faro para una vista panor\u00e1mica del Bassin de Arcachon.<\/p>\n\n\n\n<p>Smart Bassin: \u00a1Aprovecha para disfrutar de la visita al Faro!<\/p>\n\n\n\n<p>Al bajar, se necesita un peque\u00f1o ba\u00f1o para terminar el d\u00eda con estilo.<\/p>\n\n\n\n<p>\u00a1Eso es todo, est\u00e1s satisfecho!<\/p>\n<\/div>\n<\/div><\/div>\n\n\n\n<div style=\"height:60px\" aria-hidden=\"true\" class=\"wp-block-spacer\"><\/div>\n\n\n\n<div class=\"wp-block-uagb-container uagb-block-48a7c9b7 alignfull uagb-is-root-container\"><div class=\"uagb-container-inner-blocks-wrap\">\n<div class=\"wp-block-uagb-container uagb-block-ed284f10\">\n<h2 class=\"wp-block-heading\">pasar un d\u00eda en la playa<\/h2>\n\n\n\n<p>\u00a1Siempre acompa\u00f1ado de un buen libro, raquetas de nieve o una tabla de surf!<\/p>\n\n\n\n<p>En el Arcachon Bassin, podr\u00e1 elegir entre&nbsp;<a href=\"https:\/\/www.bassin-arcachon.com\/nos-incontournables\/les-plages\/\">playas del lado del oc\u00e9ano<\/a>, donde las olas son m\u00e1s fuertes.<\/p>\n\n\n\n<p>Para aguas tranquilas, prefiera&nbsp;<a href=\"https:\/\/www.bassin-arcachon.com\/nos-incontournables\/les-plages\/\">los rangos en el lado Bassin<\/a>, donde se puede nadar con la marea alta.<\/p>\n\n\n\n<p>\u00a1Ya no dudamos, nos sumergimos!<\/p>\n<\/div>\n\n\n\n<div class=\"wp-block-uagb-container uagb-block-a24dea31\">\n<div class=\"wp-block-uagb-image uagb-block-2735c0ec wp-block-uagb-image--layout-default wp-block-uagb-image--effect-static wp-block-uagb-image--align-none\"><figure class=\"wp-block-uagb-image__figure\"><img decoding=\"async\" srcset=\"https:\/\/dev.bassin-arcachon.com\/wp-content\/uploads\/2017\/03\/1-plage-bassin-darcachon-j5-1024x683.jpg \" sizes=\"auto, (max-width: 480px) 150px\" src=\"https:\/\/dev.bassin-arcachon.com\/wp-content\/uploads\/2017\/03\/1-plage-bassin-darcachon-j5-1024x683.jpg\" alt=\"- - Bassin d&#039;Arcachon\" class=\"uag-image-533\" width=\"1024\" height=\"683\" title=\"- - Bassin d&#039;Arcachon\" loading=\"lazy\" role=\"img\"><\/figure><\/div>\n<\/div>\n<\/div><\/div>\n\n\n\n<div style=\"height:60px\" aria-hidden=\"true\" class=\"wp-block-spacer\"><\/div>\n\n\n\n<div class=\"wp-block-uagb-container uagb-block-9f67d6f2 alignfull uagb-is-root-container\"><div class=\"uagb-container-inner-blocks-wrap\">\n<div class=\"wp-block-uagb-container uagb-block-166c7367\">\t\t\t\t\t<div\n\t\t\t\t\t\tclass=\"wp-block-uagb-image-gallery uagb-block-3e3badf3\"\n\t\t\t\t\t\tstyle=\"\"\n\t\t\t\t\t>\n\t\t\t\t\t\t\t\t\t\t\t<div class=\"spectra-image-gallery spectra-image-gallery__layout--grid spectra-image-gallery__layout--grid-col-1 spectra-image-gallery__layout--grid-col-tab-1 spectra-image-gallery__layout--grid-col-mob-1\">\n\t\t\t\t\t\t\t\t\t\t\t<div class='spectra-image-gallery__media-wrapper' data-spectra-gallery-image-id='1822' tabindex=\"0\">\n\t\t\t\t\t\t\t<div class=\"spectra-image-gallery__media spectra-image-gallery__media--grid\">\n\t\t\t\t<picture>\n\t\t\t\t\t<source media=\"(min-width: 1024px)\" srcset=\"https:\/\/dev.bassin-arcachon.com\/wp-content\/uploads\/2017\/02\/glace-bassin-arcachon-683x1024.jpg\">\n\t\t\t\t\t<source media=\"(min-width: 768px)\" srcset=\"https:\/\/dev.bassin-arcachon.com\/wp-content\/uploads\/2017\/02\/glace-bassin-arcachon-683x1024.jpg\">\n\t\t\t\t\t<img decoding=\"async\" class=\"spectra-image-gallery__media-thumbnail spectra-image-gallery__media-thumbnail--grid\" src=\"https:\/\/dev.bassin-arcachon.com\/wp-content\/uploads\/2017\/02\/glace-bassin-arcachon-200x300.jpg\" alt=\"- - Bassin d&#039;Arcachon\" loading=\"lazy\" title=\"- - Bassin d&#039;Arcachon\">\n\t\t\t\t<\/picture>\n\t\t\t\t<div class=\"spectra-image-gallery__media-thumbnail-blurrer\"><\/div>\n\t\t\t\t\t\t\t\t\t\t\t<div class=\"spectra-image-gallery__media-thumbnail-caption-wrapper spectra-image-gallery__media-thumbnail-caption-wrapper--overlay\"><\/div>\n\t\t\t\t\t\t\t\t<\/div>\n\t\t\t\t\t\t<\/div>\n\t\t\t\t\t\t\t\t\t\t<\/div>\n\t\t\t\t\t\t\t\t\t\t\t\t\t\t\t\t\t\t<\/div>\n\t\t\t\t\t\t\t\t\t<\/div>\n\n\n\n<div class=\"wp-block-uagb-container uagb-block-179567dc\">\n<h2 class=\"wp-block-heading\">Disfruta de un buen helado<\/h2>\n\n\n\n<p>\u00a1El sorbete rima perfectamente con las vacaciones de verano!<\/p>\n\n\n\n<p>Qu\u00e9 placer elegir tu perfume favorito despu\u00e9s de un d\u00eda de playa. \u00a1Entre las muchas helader\u00edas del Bassin en Arcachon, Sorbet d&#039;amour ha sido nuestro artesano desde 1935! cita en&nbsp;<a href=\"https:\/\/www.bassin-arcachon.com\/nos-villes-et-villages\/andernos-les-bains\/\">Andernos<\/a>, Arcach\u00f3n,&nbsp;<a href=\"https:\/\/www.bassin-arcachon.com\/nos-villes-et-villages\/lege-cap-ferret\/\">Cap Ferret<\/a>&nbsp;\u00e0 supprimer&nbsp;<a href=\"https:\/\/www.bassin-arcachon.com\/nos-villes-et-villages\/la-teste-de-buch\/\">La Teste de Buch<\/a>.<\/p>\n\n\n\n<p>Si eres un entusiasta, \u00bfpor qu\u00e9 no pruebas las famosas dunas blancas de Chez Pascal, o traes unas ostras de chocolate firmadas por Pierre Mirgalet en Arcachon o&nbsp;<a href=\"https:\/\/www.bassin-arcachon.com\/nos-villes-et-villages\/gujan-mestras\/\">Gujan-Mestras<\/a>&nbsp;?<\/p>\n<\/div>\n<\/div><\/div>\n\n\n\n<div style=\"height:60px\" aria-hidden=\"true\" class=\"wp-block-spacer\"><\/div>\n\n\n\n<div class=\"wp-block-uagb-container uagb-block-48b97895 alignfull uagb-is-root-container\"><div class=\"uagb-container-inner-blocks-wrap\">\n<h2 class=\"wp-block-heading\">Divi\u00e9rtete en familia<\/h2>\n\n\n\n<p>Para un d\u00eda que a los ni\u00f1os les encantar\u00e1 tanto como a los padres, dir\u00edgete a <a href=\"https:\/\/eratopia.fr\/\" target=\"_blank\" rel=\"noopener\">Eratop\u00eda<\/a> de Gujan-Mestras. Entre los toboganes, el minigolf, la bolera o la piscina-SPA, es el momento de reunirse en familia y compartir un buen rato.<\/p>\n\n\n\n<p>Para tomar un poco de altura, pruebe los cursos de escalada de \u00e1rboles en Andernos y L\u00e8ge-Cap Ferret. Hay varios niveles de dificultad, \u00a1no necesitar\u00e1s ser un profesional de la acrobacia para divertirte!<\/p>\n\n\n\n<div style=\"height:20px\" aria-hidden=\"true\" class=\"wp-block-spacer\"><\/div>\n\n\n\n<figure class=\"wp-block-embed is-type-video is-provider-youtube wp-block-embed-youtube wp-embed-aspect-16-9 wp-has-aspect-ratio\"><div class=\"wp-block-embed__wrapper\">\n<iframe loading=\"lazy\" title=\"Parques de ocio Bassin\" width=\"500\" height=\"281\" src=\"https:\/\/www.youtube.com\/embed\/wmEM66F7UGk?feature=oembed\" frameborder=\"0\" allow=\"accelerometer; autoplay; clipboard-write; encrypted-media; gyroscope; picture-in-picture; web-share\" referrerpolicy=\"strict-origin-when-cross-origin\" allowfullscreen><\/iframe>\n<\/div><\/figure>\n<\/div><\/div>\n\n\n\n<div style=\"height:60px\" aria-hidden=\"true\" class=\"wp-block-spacer\"><\/div>\n\n\n\n<div class=\"wp-block-uagb-container uagb-block-0074265a alignfull uagb-is-root-container\"><div class=\"uagb-container-inner-blocks-wrap\">\n<div class=\"wp-block-uagb-container uagb-block-9fa5eb8d\">\n<h2 class=\"wp-block-heading\">Un dia en el barco<\/h2>\n\n\n\n<p>Si tienes alma de marinero, es posible&nbsp;<a href=\"https:\/\/www.bassin-arcachon.com\/se-deplacer-sur-le-bassin\/locations-bateaux\/\">aquilar un barco<\/a>&nbsp;para un viaje en el Bassin.<\/p>\n\n\n\n<p>Tambi\u00e9n puedes dejarte llevar en una pinaza, con uno de los barqueros que estar\u00e1 encantado de contarte la historia del Bassin durante tu viaje al Banc d&#039;Arguin, o frente a las hermosas villas de Cap Ferret.<\/p>\n\n\n\n<p>Finalmente, para los navegantes en ciernes que a\u00fan no tienen licencia, los barcos el\u00e9ctricos sin licencia en el Port du&nbsp;<a href=\"https:\/\/www.bassin-arcachon.com\/nos-villes-et-villages\/le-teich\/\">Teich<\/a>&nbsp;te permitir\u00e1 navegar a tu aire por el delta de Leyre.<\/p>\n<\/div>\n\n\n\n<div class=\"wp-block-uagb-container uagb-block-877d1ded\">\n<div class=\"wp-block-uagb-image uagb-block-14a139ca wp-block-uagb-image--layout-default wp-block-uagb-image--effect-static wp-block-uagb-image--align-none\"><figure class=\"wp-block-uagb-image__figure\"><img decoding=\"async\" srcset=\"https:\/\/dev.bassin-arcachon.com\/wp-content\/uploads\/2017\/04\/photo-de-une-1024x683.jpg \" sizes=\"auto, (max-width: 480px) 150px\" src=\"https:\/\/dev.bassin-arcachon.com\/wp-content\/uploads\/2017\/04\/photo-de-une-1024x683.jpg\" alt=\"- - Bassin d&#039;Arcachon\" class=\"uag-image-1171\" width=\"1024\" height=\"683\" title=\"- - Bassin d&#039;Arcachon\" loading=\"lazy\" role=\"img\"><\/figure><\/div>\n<\/div>\n<\/div><\/div>\n\n\n\n<div style=\"height:60px\" aria-hidden=\"true\" class=\"wp-block-spacer\"><\/div>\n\n\n\n<div class=\"wp-block-uagb-container uagb-block-98b866ff alignfull uagb-is-root-container\"><div class=\"uagb-container-inner-blocks-wrap\">\n<div class=\"wp-block-uagb-container uagb-block-7cc70e24\">\n<div class=\"wp-block-uagb-image uagb-block-3ff4ebaa wp-block-uagb-image--layout-default wp-block-uagb-image--effect-static wp-block-uagb-image--align-none\"><figure class=\"wp-block-uagb-image__figure\"><img decoding=\"async\" srcset=\"https:\/\/dev.bassin-arcachon.com\/wp-content\/uploads\/2017\/02\/maree-ostreicole-bassin-arcachon.jpg \" sizes=\"auto, (max-width: 480px) 150px\" src=\"https:\/\/dev.bassin-arcachon.com\/wp-content\/uploads\/2017\/02\/maree-ostreicole-bassin-arcachon.jpg\" alt=\"- - Bassin d&#039;Arcachon\" class=\"uag-image-1823\" width=\"800\" height=\"533\" title=\"- - Bassin d&#039;Arcachon\" loading=\"lazy\" role=\"img\"><\/figure><\/div>\n<\/div>\n\n\n\n<div class=\"wp-block-uagb-container uagb-block-318c6e35\">\n<h2 class=\"wp-block-heading\">Emb\u00e1rcate con los criadores de ostras.<\/h2>\n\n\n\n<p>Emb\u00e1rcate con los criadores de ostras \u00a1Vas a pasar un d\u00eda maravilloso!<\/p>\n\n\n\n<p>El tiempo de una marea, subir a bordo de un piso para seguir a un criador de ostras en direcci\u00f3n a sus criaderos de ostras: un momento aut\u00e9ntico para descubrir una profesi\u00f3n dif\u00edcil pero fascinante, y conocer a personas que son igual de dif\u00edciles.<\/p>\n\n\n\n<p>Reservar,&nbsp;<a href=\"https:\/\/fr.calameo.com\/read\/000024421db02420a7082\" target=\"_blank\" rel=\"noreferrer noopener\">llamar directamente a los profesionales autorizados<\/a>&nbsp;!<\/p>\n<\/div>\n<\/div><\/div>\n\n\n\n<div style=\"height:60px\" aria-hidden=\"true\" class=\"wp-block-spacer\"><\/div>\n\n\n\n<div class=\"wp-block-uagb-container uagb-block-05e0372b alignfull uagb-is-root-container\"><div class=\"uagb-container-inner-blocks-wrap\">\n<div class=\"wp-block-uagb-container uagb-block-836d7507\">\n<h2 class=\"wp-block-heading\">Pi\u00e9rdete de placer en plena naturaleza<\/h2>\n\n\n\n<p>\u00a1Perderse s\u00ed, pero sobre todo en sentido figurado! Qu\u00e9 placer encontrar un rinc\u00f3n de naturaleza para evadirse y disfrutar de las vacaciones de otra manera. Por los senderos de&nbsp;<a href=\"https:\/\/www.bassin-arcachon.com\/nos-incontournables\/les-domaines-de-certes-graveyron\/\">la finca de Certes y Graveyron<\/a>&nbsp;o desde el Domaine de Fleury hasta Teich, es una oportunidad para observar animales en su h\u00e1bitat natural. \u00a1P\u00e1jaros en el suelo o en el aire, o rubias de Aquitania que siempre tienen los pies en el suelo y la nariz en la hierba! A&nbsp;<a href=\"https:\/\/www.bassin-arcachon.com\/nos-incontournables\/les-pres-sales-dares-lege\/\">Prados salados de Ar\u00e8s-L\u00e8ge<\/a>, te espera otro escenario natural, m\u00e1s salvaje, con incluso aires de sabana. M\u00e1gico !<\/p>\n<\/div>\n\n\n\n<div class=\"wp-block-uagb-container uagb-block-a6459c92\">\n<div class=\"wp-block-uagb-image uagb-block-17707cf6 wp-block-uagb-image--layout-default wp-block-uagb-image--effect-static wp-block-uagb-image--align-none\"><figure class=\"wp-block-uagb-image__figure\"><img decoding=\"async\" srcset=\"https:\/\/dev.bassin-arcachon.com\/wp-content\/uploads\/2017\/02\/domaines-certes-graveyron-1024x683.jpg \" sizes=\"auto, (max-width: 480px) 150px\" src=\"https:\/\/dev.bassin-arcachon.com\/wp-content\/uploads\/2017\/02\/domaines-certes-graveyron-1024x683.jpg\" alt=\"- - Bassin d&#039;Arcachon\" class=\"uag-image-1827\" width=\"1024\" height=\"683\" title=\"- - Bassin d&#039;Arcachon\" loading=\"lazy\" role=\"img\"><\/figure><\/div>\n<\/div>\n<\/div><\/div>\n\n\n\n<div style=\"height:60px\" aria-hidden=\"true\" class=\"wp-block-spacer\"><\/div>\n\n\n\n<div class=\"wp-block-uagb-container uagb-block-33035eda alignfull uagb-is-root-container\"><div class=\"uagb-container-inner-blocks-wrap\">\n<div class=\"wp-block-uagb-container uagb-block-f00e86ea\">\n<div class=\"wp-block-uagb-image uagb-block-6df67eb1 wp-block-uagb-image--layout-default wp-block-uagb-image--effect-static wp-block-uagb-image--align-none\"><figure class=\"wp-block-uagb-image__figure\"><img decoding=\"async\" srcset=\"https:\/\/dev.bassin-arcachon.com\/wp-content\/uploads\/2017\/02\/balade-dans-les-ports-bassin-arcachon-1024x683.jpg \" sizes=\"auto, (max-width: 480px) 150px\" src=\"https:\/\/dev.bassin-arcachon.com\/wp-content\/uploads\/2017\/02\/balade-dans-les-ports-bassin-arcachon-1024x683.jpg\" alt=\"- - Bassin d&#039;Arcachon\" class=\"uag-image-1824\" width=\"1024\" height=\"683\" title=\"- - Bassin d&#039;Arcachon\" loading=\"lazy\" role=\"img\"><\/figure><\/div>\n<\/div>\n\n\n\n<div class=\"wp-block-uagb-container uagb-block-bf6c059c\">\n<h2 class=\"wp-block-heading\">(Re)Descubre los puertos ostr\u00edcolas<\/h2>\n\n\n\n<p>Un nuevo callej\u00f3n, una bonita casa de colores, un banco para sentarse y observar el paso del tiempo...<\/p>\n\n\n\n<p>Los puertos de ostras siempre son un buen lugar para pasear y tomarse su tiempo. Dir\u00edgete hacia Gujan-Mestras y sus 7 puertos para descubrir el trabajo de los ostricultores,<a href=\"https:\/\/www.bassin-arcachon.com\/nos-villes-et-villages\/andernos-les-bains\/\">Andernos<\/a>&nbsp;o Ares, o incluso Cap Ferret, l&#039;Herbe o le Canon.<\/p>\n\n\n\n<p>Para los amantes de los rincones &quot;secretos&quot;, les encantar\u00e1 el Port des Tuiles, Le Four o el barrio de Aiguillon.<\/p>\n<\/div>\n<\/div><\/div>\n\n\n\n<div style=\"height:60px\" aria-hidden=\"true\" class=\"wp-block-spacer\"><\/div>","protected":false},"excerpt":{"rendered":"<p>Deja el coche para no cogerlo de vacaciones. \u00a1Este verano, hagamos una apuesta! Eso de dejar el coche y no volver a cogerlo nunca m\u00e1s [\u2026]<\/p>","protected":false},"author":25,"featured_media":946,"parent":33,"menu_order":2,"comment_status":"closed","ping_status":"closed","template":"","meta":{"_acf_changed":false,"_uag_custom_page_level_css":"","footnotes":""},"class_list":["post-151","page","type-page","status-publish","has-post-thumbnail","hentry"],"acf":[],"uagb_featured_image_src":{"full":["https:\/\/dev.bassin-arcachon.com\/wp-content\/uploads\/2017\/02\/plage-sable.jpg",1200,800,false],"thumbnail":["https:\/\/dev.bassin-arcachon.com\/wp-content\/uploads\/2017\/02\/plage-sable-150x150.jpg",150,150,true],"medium":["https:\/\/dev.bassin-arcachon.com\/wp-content\/uploads\/2017\/02\/plage-sable-300x200.jpg",300,200,true],"medium_large":["https:\/\/dev.bassin-arcachon.com\/wp-content\/uploads\/2017\/02\/plage-sable-768x512.jpg",768,512,true],"large":["https:\/\/dev.bassin-arcachon.com\/wp-content\/uploads\/2017\/02\/plage-sable-1024x683.jpg",1024,683,true],"1536x1536":["https:\/\/dev.bassin-arcachon.com\/wp-content\/uploads\/2017\/02\/plage-sable.jpg",1200,800,false],"2048x2048":["https:\/\/dev.bassin-arcachon.com\/wp-content\/uploads\/2017\/02\/plage-sable.jpg",1200,800,false],"trp-custom-language-flag":["https:\/\/dev.bassin-arcachon.com\/wp-content\/uploads\/2017\/02\/plage-sable-18x12.jpg",18,12,true],"fp-small":["https:\/\/dev.bassin-arcachon.com\/wp-content\/uploads\/2017\/02\/plage-sable-640x427.jpg",640,427,true],"fp-large":["https:\/\/dev.bassin-arcachon.com\/wp-content\/uploads\/2017\/02\/plage-sable.jpg",1200,800,false],"fp-xlarge":["https:\/\/dev.bassin-arcachon.com\/wp-content\/uploads\/2017\/02\/plage-sable.jpg",1200,800,false]},"uagb_author_info":{"display_name":"Marie Clauzel","author_link":"https:\/\/dev.bassin-arcachon.com\/es\/author\/mariesiba\/"},"uagb_comment_info":0,"uagb_excerpt":"Poser la voiture, pour ne plus la reprendre des vacances Cet \u00e9t\u00e9, faisons un pari ! Celui de poser la voiture et de ne plus la reprendre de toutes les [&hellip;]","_links":{"self":[{"href":"https:\/\/dev.bassin-arcachon.com\/es\/wp-json\/wp\/v2\/pages\/151","targetHints":{"allow":["GET"]}}],"collection":[{"href":"https:\/\/dev.bassin-arcachon.com\/es\/wp-json\/wp\/v2\/pages"}],"about":[{"href":"https:\/\/dev.bassin-arcachon.com\/es\/wp-json\/wp\/v2\/types\/page"}],"author":[{"embeddable":true,"href":"https:\/\/dev.bassin-arcachon.com\/es\/wp-json\/wp\/v2\/users\/25"}],"replies":[{"embeddable":true,"href":"https:\/\/dev.bassin-arcachon.com\/es\/wp-json\/wp\/v2\/comments?post=151"}],"version-history":[{"count":1,"href":"https:\/\/dev.bassin-arcachon.com\/es\/wp-json\/wp\/v2\/pages\/151\/revisions"}],"predecessor-version":[{"id":68228,"href":"https:\/\/dev.bassin-arcachon.com\/es\/wp-json\/wp\/v2\/pages\/151\/revisions\/68228"}],"up":[{"embeddable":true,"href":"https:\/\/dev.bassin-arcachon.com\/es\/wp-json\/wp\/v2\/pages\/33"}],"wp:featuredmedia":[{"embeddable":true,"href":"https:\/\/dev.bassin-arcachon.com\/es\/wp-json\/wp\/v2\/media\/946"}],"wp:attachment":[{"href":"https:\/\/dev.bassin-arcachon.com\/es\/wp-json\/wp\/v2\/media?parent=151"}],"curies":[{"name":"wp","href":"https:\/\/api.w.org\/{rel}","templated":true}]}}