{"id":153,"date":"2017-08-09T17:35:19","date_gmt":"2017-08-09T15:35:19","guid":{"rendered":"https:\/\/dev.bassin-arcachon.com\/\/?page_id=153"},"modified":"2024-11-06T10:36:09","modified_gmt":"2024-11-06T09:36:09","slug":"otono","status":"publish","type":"page","link":"https:\/\/dev.bassin-arcachon.com\/es\/la-piscina-es-toda-la-temporada\/otono\/","title":{"rendered":"Arcach\u00f3n Bassin en oto\u00f1o"},"content":{"rendered":"<div class=\"wp-block-uagb-container uagb-block-6cd820a2 alignfull uagb-is-root-container\"><div class=\"uagb-container-inner-blocks-wrap\">\n<div class=\"wp-block-uagb-container uagb-block-e76a9633\">\n<h2 class=\"wp-block-heading\">Recogida de setas<\/h2>\n\n\n\n<p>\u00a1Es el mismo estribillo de todos los a\u00f1os, el de la temporada de setas y los buenos platillos que la acompa\u00f1an!<\/p>\n\n\n\n<p>Hay varios rincones &quot;secretos&quot; para recoger setas en la Bassin, como el bosque de Lanton, Gujan-Mestras o Ar\u00e8s.<\/p>\n\n\n\n<p>Smart Bassin: la Oficina de Turismo de Ar\u00e8s organiza cada oto\u00f1o&nbsp;<a href=\"http:\/\/www.ares-tourisme.com\/se-divertir\/visites-guidees.html#sortie_champignons\" target=\"_blank\" rel=\"noreferrer noopener\">salidas de iniciaci\u00f3n a la recogida!<\/a><\/p>\n<\/div>\n\n\n\n<div class=\"wp-block-uagb-container uagb-block-4accb076\">\n<div class=\"wp-block-uagb-image uagb-block-419aaff0 wp-block-uagb-image--layout-default wp-block-uagb-image--effect-static wp-block-uagb-image--align-none\"><figure class=\"wp-block-uagb-image__figure\"><img decoding=\"async\" srcset=\"https:\/\/dev.bassin-arcachon.com\/wp-content\/uploads\/2017\/10\/champignons-siba-agence-les-conteurs-113-1024x683.jpg \" sizes=\"auto, (max-width: 480px) 150px\" src=\"https:\/\/dev.bassin-arcachon.com\/wp-content\/uploads\/2017\/10\/champignons-siba-agence-les-conteurs-113-1024x683.jpg\" alt=\"Setas-ares\" class=\"uag-image-9849\" width=\"1024\" height=\"683\" title=\"- - Bassin d&#039;Arcachon\" loading=\"lazy\"><\/figure><\/div>\n<\/div>\n<\/div><\/div>\n\n\n\n<div style=\"height:60px\" aria-hidden=\"true\" class=\"wp-block-spacer\"><\/div>\n\n\n\n<div class=\"wp-block-uagb-container uagb-block-bf8f0075 alignfull uagb-is-root-container\"><div class=\"uagb-container-inner-blocks-wrap\">\n<div class=\"wp-block-uagb-container uagb-block-3d90f421\">\n<div class=\"wp-block-uagb-image uagb-block-721a48d4 wp-block-uagb-image--layout-default wp-block-uagb-image--effect-static wp-block-uagb-image--align-none\"><figure class=\"wp-block-uagb-image__figure\"><img decoding=\"async\" srcset=\"https:\/\/dev.bassin-arcachon.com\/wp-content\/uploads\/2017\/02\/oiseau-bassin-arccahon.jpg \" sizes=\"auto, (max-width: 480px) 150px\" src=\"https:\/\/dev.bassin-arcachon.com\/wp-content\/uploads\/2017\/02\/oiseau-bassin-arccahon.jpg\" alt=\"- - Bassin d&#039;Arcachon\" class=\"uag-image-23564\" width=\"1000\" height=\"666\" title=\"- - Bassin d&#039;Arcachon\" loading=\"lazy\"><\/figure><\/div>\n<\/div>\n\n\n\n<div class=\"wp-block-uagb-container uagb-block-643e7826\">\n<h2 class=\"wp-block-heading\">Observar las aves<\/h2>\n\n\n\n<p>Ll\u00e9vate la c\u00e1mara, o mejor a\u00fan, tus binoculares para observar las aves en&nbsp;<a href=\"https:\/\/www.bassin-arcachon.com\/nos-incontournables\/la-reserve-ornithologique\/\">Reserva Ornitol\u00f3gica Teich<\/a>, a&nbsp;<a href=\"https:\/\/www.bassin-arcachon.com\/nos-incontournables\/les-domaines-de-certes-graveyron\/\">la finca de Certes y Graveyron<\/a>&nbsp;o incluso a&nbsp;<a href=\"https:\/\/www.bassin-arcachon.com\/nos-incontournables\/les-pres-sales-dares-lege\/\">Cerca de Sal\u00e9s d&#039;Ar\u00e8s-L\u00e8ge<\/a>. \u00a1Comienza la migraci\u00f3n de ciertas especies que vendr\u00e1n a pasar un invierno muy agradable en el Bassin! Es por ejemplo el caso del Bernache Cravant que pod\u00e9is observar cerca de la&nbsp;<a href=\"https:\/\/www.bassin-arcachon.com\/nos-incontournables\/les-cabanes-tchanquees\/\">caba\u00f1as sobre pilotes<\/a>&nbsp;o cerca del embarcadero de Andernos-les-Bains.<\/p>\n<\/div>\n<\/div><\/div>\n\n\n\n<div style=\"height:60px\" aria-hidden=\"true\" class=\"wp-block-spacer\"><\/div>\n\n\n\n<div class=\"wp-block-uagb-container uagb-block-d159c8fe alignfull uagb-is-root-container\"><div class=\"uagb-container-inner-blocks-wrap\">\n<div class=\"wp-block-uagb-container uagb-block-ca61f051\">\n<h2 class=\"wp-block-heading\">Sube a la cima de la Duna de Pilat<\/h2>\n\n\n\n<p>En oto\u00f1o, una sesi\u00f3n deportiva de&nbsp;<a href=\"https:\/\/www.bassin-arcachon.com\/nos-incontournables\/la-dune-du-pilat\/\">la Duna de Pilat<\/a>&nbsp;esperando por ti ! Las escaleras se quitan cada a\u00f1o despu\u00e9s de Todos los Santos, y la subida ser\u00e1 a\u00fan m\u00e1s agradable.<\/p>\n\n\n\n<p>En esta \u00e9poca del a\u00f1o tendr\u00e1s la agradable sensaci\u00f3n de que la Duna ser\u00e1 solo tuya. Aproveche la oportunidad de aventurarse m\u00e1s lejos y caminar por la cresta.<\/p>\n<\/div>\n\n\n\n<div class=\"wp-block-uagb-container uagb-block-36f599ef\">\n<div class=\"wp-block-uagb-image uagb-block-17974086 wp-block-uagb-image--layout-default wp-block-uagb-image--effect-static wp-block-uagb-image--align-none\"><figure class=\"wp-block-uagb-image__figure\"><img decoding=\"async\" srcset=\"https:\/\/dev.bassin-arcachon.com\/wp-content\/uploads\/2017\/10\/Dune-du-Pilat-N0059-1024x683.jpg \" sizes=\"auto, (max-width: 480px) 150px\" src=\"https:\/\/dev.bassin-arcachon.com\/wp-content\/uploads\/2017\/10\/Dune-du-Pilat-N0059-1024x683.jpg\" alt=\"- - Bassin d&#039;Arcachon\" class=\"uag-image-9857\" width=\"1024\" height=\"683\" title=\"- - Bassin d&#039;Arcachon\" loading=\"lazy\"><\/figure><\/div>\n<\/div>\n<\/div><\/div>\n\n\n\n<div style=\"height:60px\" aria-hidden=\"true\" class=\"wp-block-spacer\"><\/div>\n\n\n\n<div class=\"wp-block-uagb-container uagb-block-fed67777 alignfull uagb-is-root-container\"><div class=\"uagb-container-inner-blocks-wrap\">\n<div class=\"wp-block-uagb-container uagb-block-cbe31b1e\">\n<div class=\"wp-block-uagb-image uagb-block-4c7d378a wp-block-uagb-image--layout-default wp-block-uagb-image--effect-static wp-block-uagb-image--align-none\"><figure class=\"wp-block-uagb-image__figure\"><img decoding=\"async\" srcset=\"https:\/\/dev.bassin-arcachon.com\/wp-content\/uploads\/2017\/02\/ostreiculteur-bassin-arcachon-1024x683.jpg \" sizes=\"auto, (max-width: 480px) 150px\" src=\"https:\/\/dev.bassin-arcachon.com\/wp-content\/uploads\/2017\/02\/ostreiculteur-bassin-arcachon-1024x683.jpg\" alt=\"- - Bassin d&#039;Arcachon\" class=\"uag-image-1838\" width=\"1024\" height=\"683\" title=\"- - Bassin d&#039;Arcachon\" loading=\"lazy\"><\/figure><\/div>\n<\/div>\n\n\n\n<div class=\"wp-block-uagb-container uagb-block-d39e6a4b\">\n<h2 class=\"wp-block-heading\">T\u00f3mese el tiempo para charlar con los criadores de ostras.<\/h2>\n\n\n\n<p>El verano pasado, hubo cierta calma en los pueblos de ostras. No es que los ostricultores tengan menos trabajo, al contrario, porque empiezan a prepararse para las fiestas navide\u00f1as. Pero el clima parece alargarse en el oto\u00f1o, y puedes tomarte un poco de su tiempo para conversar con ellos y aprender m\u00e1s sobre c\u00f3mo criar ostras.<\/p>\n<\/div>\n<\/div><\/div>\n\n\n\n<div style=\"height:60px\" aria-hidden=\"true\" class=\"wp-block-spacer\"><\/div>\n\n\n\n<div class=\"wp-block-uagb-container uagb-block-190e1b6b alignfull uagb-is-root-container\">\n<div class=\"wp-block-cover is-light has-parallax\"><span aria-hidden=\"true\" class=\"wp-block-cover__background has-background-dim-0 has-background-dim\"><\/span><div class=\"wp-block-cover__image-background wp-image-8349 has-parallax\" style=\"background-position:50% 50%;background-image:url(https:\/\/dev.bassin-arcachon.com\/wp-content\/uploads\/2017\/02\/hotel-les-bains-darguin-thalazur-arcachon-divers-3.jpg)\"><\/div><div class=\"wp-block-cover__inner-container is-layout-flow wp-block-cover-is-layout-flow\">\n<div class=\"wp-block-uagb-container uagb-block-357a445e\">\n<h2 class=\"wp-block-heading has-text-align-center has-white-color has-text-color has-large-font-size\">Encuentra alojamiento disponible en Bassin<\/h2>\n\n\n\n<p class=\"has-text-align-center has-white-color has-text-color\"><a href=\"https:\/\/dev.bassin-arcachon.com\/es\/donde-dormir\/\">Consulta la lista<\/a><\/p>\n<\/div>\n<\/div><\/div>\n<\/div>\n\n\n\n<div style=\"height:60px\" aria-hidden=\"true\" class=\"wp-block-spacer\"><\/div>\n\n\n\n<div class=\"wp-block-uagb-container uagb-block-1a7b2071 alignfull uagb-is-root-container\"><div class=\"uagb-container-inner-blocks-wrap\">\n<div class=\"wp-block-uagb-container uagb-block-2cf99f48\">\n<h2 class=\"wp-block-heading\"><br>Da un paseo en bicicleta para admirar los colores del oto\u00f1o.<\/h2>\n\n\n\n<p>Con el&nbsp;<a href=\"https:\/\/www.bassin-arcachon.com\/le-bassin-a-toute-saison\/printemps\/\">primavera<\/a>, el oto\u00f1o es una de las estaciones m\u00e1s hermosas para observar la naturaleza. Y qu\u00e9 placer subirse a la bicicleta en un hermoso d\u00eda, dirigirse al paraje natural de Quinconces en Andernos o al parque Ch\u00eaneraie en Gujan-Mestras, o a pie en el bosque de dunas de Camicas (Arcachon y La Teste de Buch).<\/p>\n\n\n\n<p>Encontrar&nbsp;<a href=\"https:\/\/www.bassin-arcachon.com\/tous-les-circuits\/\">tu ruta ciclista ideal<\/a>&nbsp;por aqu\u00ed.<\/p>\n<\/div>\n\n\n\n<div class=\"wp-block-uagb-container uagb-block-7ac50067\">\n<div class=\"wp-block-uagb-image uagb-block-e26c961e wp-block-uagb-image--layout-default wp-block-uagb-image--effect-static wp-block-uagb-image--align-none\"><figure class=\"wp-block-uagb-image__figure\"><img decoding=\"async\" srcset=\"https:\/\/dev.bassin-arcachon.com\/wp-content\/uploads\/2018\/10\/port-andernos.jpg \" sizes=\"auto, (max-width: 480px) 150px\" src=\"https:\/\/dev.bassin-arcachon.com\/wp-content\/uploads\/2018\/10\/port-andernos.jpg\" alt=\"Oto\u00f1o en el puerto de Andernos\" class=\"uag-image-26681\" width=\"1000\" height=\"800\" title=\"- - Bassin d&#039;Arcachon\" loading=\"lazy\"><\/figure><\/div>\n<\/div>\n<\/div><\/div>\n\n\n\n<div style=\"height:60px\" aria-hidden=\"true\" class=\"wp-block-spacer\"><\/div>\n\n\n\n<div class=\"wp-block-uagb-container uagb-block-95dfc2a1 alignfull uagb-is-root-container\"><div class=\"uagb-container-inner-blocks-wrap\">\n<div class=\"wp-block-uagb-container uagb-block-77b78e36\">\n<div class=\"wp-block-uagb-image uagb-block-41366014 wp-block-uagb-image--layout-default wp-block-uagb-image--effect-static wp-block-uagb-image--align-none\"><figure class=\"wp-block-uagb-image__figure\"><img decoding=\"async\" srcset=\"https:\/\/dev.bassin-arcachon.com\/wp-content\/uploads\/2017\/03\/plages-detente.jpg \" sizes=\"auto, (max-width: 480px) 150px\" src=\"https:\/\/dev.bassin-arcachon.com\/wp-content\/uploads\/2017\/03\/plages-detente.jpg\" alt=\"- - Bassin d&#039;Arcachon\" class=\"uag-image-405\" width=\"772\" height=\"515\" title=\"- - Bassin d&#039;Arcachon\" loading=\"lazy\"><\/figure><\/div>\n<\/div>\n\n\n\n<div class=\"wp-block-uagb-container uagb-block-24a4051f\">\n<h2 class=\"wp-block-heading\">Aprovecha la temporada en las playas de Bassin<\/h2>\n\n\n\n<p>Si el viento refresca el esp\u00edritu durante los paseos, \u00a1tambi\u00e9n es un aliado perfecto para una sesi\u00f3n de vela en la playa oce\u00e1nica de La Salie en La Teste de Buch! Si te sientes m\u00e1s c\u00f3modo en el suelo que en el agua, saca tu cometa en la playa de Suzette en Lanton o en la playa de B\u00e9tey en Andernos. Los entusiastas del surf tambi\u00e9n le dar\u00e1n sus direcciones, como las playas oce\u00e1nicas de La Teste de Buch o las de L\u00e8ge-Cap Ferret.<\/p>\n<\/div>\n<\/div><\/div>\n\n\n\n<div style=\"height:60px\" aria-hidden=\"true\" class=\"wp-block-spacer\"><\/div>\n\n\n\n<div class=\"wp-block-uagb-container uagb-block-3fac7b08 alignfull uagb-is-root-container\"><div class=\"uagb-container-inner-blocks-wrap\">\n<div class=\"wp-block-uagb-container uagb-block-969e46ff\">\n<h2 class=\"wp-block-heading\">Alquile una cama y desayuno para reunirse durante un fin de semana<\/h2>\n\n\n\n<p>Para aprovechar todas estas actividades, \u00bfpor qu\u00e9 no\u00a0<a href=\"https:\/\/www.bassin-arcachon.com\/hebergements\/chambres-dhotes\/\">alquilar una cama y desayuno<\/a>\u00a0para el fin de semana? Si reservas con antelaci\u00f3n, podr\u00e1s encontrar hermosas direcciones con vistas a la Bassin, lugares con encanto, cerca de\u00a0<a href=\"https:\/\/www.bassin-arcachon.com\/nos-incontournables\/les-villages-et-ports-ostreicoles\/\">pueblos ostr\u00edcolas<\/a>, e incluso a precios bajos.<\/p>\n<\/div>\n\n\n\n<div class=\"wp-block-uagb-container uagb-block-86ac5dd5\">\n<div class=\"wp-block-uagb-image uagb-block-d9782776 wp-block-uagb-image--layout-default wp-block-uagb-image--effect-static wp-block-uagb-image--align-none\"><figure class=\"wp-block-uagb-image__figure\"><img decoding=\"async\" srcset=\"https:\/\/dev.bassin-arcachon.com\/wp-content\/uploads\/2017\/10\/2.jpg \" sizes=\"auto, (max-width: 480px) 150px\" src=\"https:\/\/dev.bassin-arcachon.com\/wp-content\/uploads\/2017\/10\/2.jpg\" alt=\"- - Bassin d&#039;Arcachon\" class=\"uag-image-9855\" width=\"640\" height=\"425\" title=\"- - Bassin d&#039;Arcachon\" loading=\"lazy\"><\/figure><\/div>\n<\/div>\n<\/div><\/div>\n\n\n\n<div style=\"height:60px\" aria-hidden=\"true\" class=\"wp-block-spacer\"><\/div>","protected":false},"excerpt":{"rendered":"<p>Recogida de setas Es el mismo estribillo de todos los a\u00f1os, el de la temporada de setas y los deliciosos platos que la acompa\u00f1an! Hay varios rincones \u201csecretos\u201d para [\u2026]<\/p>","protected":false},"author":25,"featured_media":8864,"parent":33,"menu_order":1,"comment_status":"closed","ping_status":"closed","template":"","meta":{"_acf_changed":false,"_uag_custom_page_level_css":"","footnotes":""},"class_list":["post-153","page","type-page","status-publish","has-post-thumbnail","hentry"],"acf":[],"uagb_featured_image_src":{"full":["https:\/\/dev.bassin-arcachon.com\/wp-content\/uploads\/2017\/02\/Port-de-gujan.jpg",1200,800,false],"thumbnail":["https:\/\/dev.bassin-arcachon.com\/wp-content\/uploads\/2017\/02\/Port-de-gujan-150x150.jpg",150,150,true],"medium":["https:\/\/dev.bassin-arcachon.com\/wp-content\/uploads\/2017\/02\/Port-de-gujan-300x200.jpg",300,200,true],"medium_large":["https:\/\/dev.bassin-arcachon.com\/wp-content\/uploads\/2017\/02\/Port-de-gujan-768x512.jpg",768,512,true],"large":["https:\/\/dev.bassin-arcachon.com\/wp-content\/uploads\/2017\/02\/Port-de-gujan-1024x683.jpg",1024,683,true],"1536x1536":["https:\/\/dev.bassin-arcachon.com\/wp-content\/uploads\/2017\/02\/Port-de-gujan.jpg",1200,800,false],"2048x2048":["https:\/\/dev.bassin-arcachon.com\/wp-content\/uploads\/2017\/02\/Port-de-gujan.jpg",1200,800,false],"trp-custom-language-flag":["https:\/\/dev.bassin-arcachon.com\/wp-content\/uploads\/2017\/02\/Port-de-gujan-18x12.jpg",18,12,true],"fp-small":["https:\/\/dev.bassin-arcachon.com\/wp-content\/uploads\/2017\/02\/Port-de-gujan-640x427.jpg",640,427,true],"fp-large":["https:\/\/dev.bassin-arcachon.com\/wp-content\/uploads\/2017\/02\/Port-de-gujan.jpg",1200,800,false],"fp-xlarge":["https:\/\/dev.bassin-arcachon.com\/wp-content\/uploads\/2017\/02\/Port-de-gujan.jpg",1200,800,false]},"uagb_author_info":{"display_name":"Marie Clauzel","author_link":"https:\/\/dev.bassin-arcachon.com\/es\/author\/mariesiba\/"},"uagb_comment_info":0,"uagb_excerpt":"La cueillette des champignons C\u2019est la m\u00eame ritournelle chaque ann\u00e9e, celle de la p\u00e9riode des champignons et des bons petits plats qui vont avec&nbsp;! Il existe plusieurs coins \u00ab&nbsp;secrets&nbsp;\u00bb pour [&hellip;]","_links":{"self":[{"href":"https:\/\/dev.bassin-arcachon.com\/es\/wp-json\/wp\/v2\/pages\/153","targetHints":{"allow":["GET"]}}],"collection":[{"href":"https:\/\/dev.bassin-arcachon.com\/es\/wp-json\/wp\/v2\/pages"}],"about":[{"href":"https:\/\/dev.bassin-arcachon.com\/es\/wp-json\/wp\/v2\/types\/page"}],"author":[{"embeddable":true,"href":"https:\/\/dev.bassin-arcachon.com\/es\/wp-json\/wp\/v2\/users\/25"}],"replies":[{"embeddable":true,"href":"https:\/\/dev.bassin-arcachon.com\/es\/wp-json\/wp\/v2\/comments?post=153"}],"version-history":[{"count":1,"href":"https:\/\/dev.bassin-arcachon.com\/es\/wp-json\/wp\/v2\/pages\/153\/revisions"}],"predecessor-version":[{"id":68226,"href":"https:\/\/dev.bassin-arcachon.com\/es\/wp-json\/wp\/v2\/pages\/153\/revisions\/68226"}],"up":[{"embeddable":true,"href":"https:\/\/dev.bassin-arcachon.com\/es\/wp-json\/wp\/v2\/pages\/33"}],"wp:featuredmedia":[{"embeddable":true,"href":"https:\/\/dev.bassin-arcachon.com\/es\/wp-json\/wp\/v2\/media\/8864"}],"wp:attachment":[{"href":"https:\/\/dev.bassin-arcachon.com\/es\/wp-json\/wp\/v2\/media?parent=153"}],"curies":[{"name":"wp","href":"https:\/\/api.w.org\/{rel}","templated":true}]}}