{"id":155,"date":"2017-08-09T17:44:49","date_gmt":"2017-08-09T15:44:49","guid":{"rendered":"https:\/\/dev.bassin-arcachon.com\/\/?page_id=155"},"modified":"2024-11-06T10:40:10","modified_gmt":"2024-11-06T09:40:10","slug":"invierno","status":"publish","type":"page","link":"https:\/\/dev.bassin-arcachon.com\/es\/la-piscina-es-toda-la-temporada\/invierno\/","title":{"rendered":"Arcach\u00f3n Bassin en invierno"},"content":{"rendered":"<div class=\"wp-block-uagb-container uagb-block-19dca13a alignfull uagb-is-root-container\"><div class=\"uagb-container-inner-blocks-wrap\">\n<div class=\"wp-block-uagb-container uagb-block-16a53095\">\n<h2 class=\"wp-block-heading\">T\u00f3mate un momento para ti<\/h2>\n\n\n\n<p>Nada mejor que un fin de semana capullo para disfrutar juntos.<\/p>\n\n\n\n<p>En esta \u00e9poca del a\u00f1o, te encantar\u00e1 reservar un tratamiento en uno de los establecimientos de Balneo &amp; Thalasso.<\/p>\n\n\n\n<p>Un lindo momento de relajaci\u00f3n te espera<\/p>\n<\/div>\n\n\n\n<div class=\"wp-block-uagb-container uagb-block-6ad1740f\">\n<div class=\"wp-block-uagb-image uagb-block-1cf71d7d wp-block-uagb-image--layout-default wp-block-uagb-image--effect-static wp-block-uagb-image--align-none\"><figure class=\"wp-block-uagb-image__figure\"><img decoding=\"async\" srcset=\"https:\/\/dev.bassin-arcachon.com\/wp-content\/uploads\/2017\/12\/balneo-serge-blanco-lege-cap-ferret-33-1024x683.jpg \" sizes=\"auto, (max-width: 480px) 150px\" src=\"https:\/\/dev.bassin-arcachon.com\/wp-content\/uploads\/2017\/12\/balneo-serge-blanco-lege-cap-ferret-33-1024x683.jpg\" alt=\"- - Bassin d&#039;Arcachon\" class=\"uag-image-11599\" width=\"1024\" height=\"683\" title=\"- - Bassin d&#039;Arcachon\" loading=\"lazy\" role=\"img\"><\/figure><\/div>\n<\/div>\n<\/div><\/div>\n\n\n\n<div style=\"height:60px\" aria-hidden=\"true\" class=\"wp-block-spacer\"><\/div>\n\n\n\n<div class=\"wp-block-uagb-container uagb-block-a267d877 alignfull uagb-is-root-container\"><div class=\"uagb-container-inner-blocks-wrap\">\n<div class=\"wp-block-uagb-container uagb-block-13cb7ec7\">\n<div class=\"wp-block-uagb-image uagb-block-f2dab386 wp-block-uagb-image--layout-default wp-block-uagb-image--effect-static wp-block-uagb-image--align-none\"><figure class=\"wp-block-uagb-image__figure\"><img decoding=\"async\" srcset=\"https:\/\/dev.bassin-arcachon.com\/wp-content\/uploads\/2017\/02\/plage-bassin-arcachon-1024x516.jpg \" sizes=\"auto, (max-width: 480px) 150px\" src=\"https:\/\/dev.bassin-arcachon.com\/wp-content\/uploads\/2017\/02\/plage-bassin-arcachon-1024x516.jpg\" alt=\"- - Bassin d&#039;Arcachon\" class=\"uag-image-1844\" width=\"1024\" height=\"516\" title=\"- - Bassin d&#039;Arcachon\" loading=\"lazy\" role=\"img\"><\/figure><\/div>\n<\/div>\n\n\n\n<div class=\"wp-block-uagb-container uagb-block-0bcefc13\">\n<h2 class=\"wp-block-heading\">caminar por las playas<\/h2>\n\n\n\n<p>\u00a1Toma una bocanada de aire fresco! En invierno, las playas de Bassin ofrecen un ambiente completamente nuevo.<\/p>\n\n\n\n<p>El azul celeste del verano se reemplaza por colores violetas, especialmente al final del d\u00eda.<\/p>\n\n\n\n<p>\u00a1Aproveche este paseo al aire libre para recoger madera flotante, imprescindible para la decoraci\u00f3n de interiores al estilo de Arcachonnais!<\/p>\n<\/div>\n<\/div><\/div>\n\n\n\n<div style=\"height:60px\" aria-hidden=\"true\" class=\"wp-block-spacer\"><\/div>\n\n\n\n<div class=\"wp-block-uagb-container uagb-block-22168545 alignfull uagb-is-root-container\"><div class=\"uagb-container-inner-blocks-wrap\">\n<div class=\"wp-block-uagb-container uagb-block-71bd5e46\">\n<h2 class=\"wp-block-heading\">Caminata tranquila en el bosque<\/h2>\n\n\n\n<p>En este momento, las hojas han ca\u00eddo en oto\u00f1o, y solo las con\u00edferas resisten con orgullo los vientos frescos.<\/p>\n\n\n\n<p>Este entorno es perfecto para dar un buen paseo por el bosque, recoger pi\u00f1as o simplemente disfrutar de este paraje natural en la calma invernal.<\/p>\n<\/div>\n\n\n\n<div class=\"wp-block-uagb-container uagb-block-a65fd5bf\">\n<div class=\"wp-block-uagb-image uagb-block-8039130f wp-block-uagb-image--layout-default wp-block-uagb-image--effect-static wp-block-uagb-image--align-none\"><figure class=\"wp-block-uagb-image__figure\"><img decoding=\"async\" srcset=\"https:\/\/dev.bassin-arcachon.com\/wp-content\/uploads\/2017\/11\/pres-sales-hiver-12-1024x683.jpg \" sizes=\"auto, (max-width: 480px) 150px\" src=\"https:\/\/dev.bassin-arcachon.com\/wp-content\/uploads\/2017\/11\/pres-sales-hiver-12-1024x683.jpg\" alt=\"- - Bassin d&#039;Arcachon\" class=\"uag-image-10671\" width=\"1024\" height=\"683\" title=\"- - Bassin d&#039;Arcachon\" loading=\"lazy\" role=\"img\"><\/figure><\/div>\n<\/div>\n<\/div><\/div>\n\n\n\n<div style=\"height:60px\" aria-hidden=\"true\" class=\"wp-block-spacer\"><\/div>\n\n\n\n<div class=\"wp-block-uagb-container uagb-block-01451b0b alignfull uagb-is-root-container\"><div class=\"uagb-container-inner-blocks-wrap\">\n<div class=\"wp-block-uagb-container uagb-block-95108259\">\n<div class=\"wp-block-uagb-image uagb-block-0a05a591 wp-block-uagb-image--layout-default wp-block-uagb-image--effect-static wp-block-uagb-image--align-none\"><figure class=\"wp-block-uagb-image__figure\"><img decoding=\"async\" srcset=\"https:\/\/dev.bassin-arcachon.com\/wp-content\/uploads\/2018\/07\/halte-gourmandise-cap-ferret-e1546595136670.jpg ,https:\/\/dev.bassin-arcachon.com\/wp-content\/uploads\/2018\/07\/halte-gourmandise-cap-ferret-e1546595136670.jpg 780w, https:\/\/dev.bassin-arcachon.com\/wp-content\/uploads\/2018\/07\/halte-gourmandise-cap-ferret-e1546595136670.jpg 360w\" sizes=\"auto, (max-width: 480px) 150px\" src=\"https:\/\/dev.bassin-arcachon.com\/wp-content\/uploads\/2018\/07\/halte-gourmandise-cap-ferret-e1546595136670.jpg\" alt=\"Haz una parada gourmet en Cap Ferret\" class=\"uag-image-24868\" width=\"1024\" height=\"683\" title=\"Haz una parada gourmet en Cap Ferret\" loading=\"lazy\" role=\"img\"\/><\/figure><\/div>\n<\/div>\n\n\n\n<div class=\"wp-block-uagb-container uagb-block-c89e772e\">\n<h2 class=\"wp-block-heading\">Leer un libro, acompa\u00f1ado de un buen chocolate caliente<\/h2>\n\n\n\n<p>El placer de elegir un buen libro, antes de ir a un caf\u00e9 oa una braser\u00eda para devorarlo calentito. \u00bfEl peque\u00f1o placer extra? El de un chocolate caliente o un caf\u00e9 vien\u00e9s y algunas delicias, \u00a1y ya tienes todos los ingredientes para un d\u00eda de invierno exitoso!<\/p>\n<\/div>\n<\/div><\/div>\n\n\n\n<div style=\"height:60px\" aria-hidden=\"true\" class=\"wp-block-spacer\"><\/div>\n\n\n\n<div class=\"wp-block-uagb-container uagb-block-bd82ce65 alignfull uagb-is-root-container\"><div class=\"uagb-container-inner-blocks-wrap\">\n<div class=\"wp-block-uagb-container uagb-block-531b9d36\">\n<h2 class=\"wp-block-heading\">Cine \/ Teatro<\/h2>\n\n\n\n<p>Todo el a\u00f1o y m\u00e1s a\u00fan en invierno, reserva tu plaza para el espect\u00e1culo del momento o la \u00faltima pel\u00edcula que se estrene en&nbsp;<a href=\"https:\/\/www.bassin-arcachon.com\/agenda-sorties-marches\/les-sorties\">uno de nuestros cines<\/a>.<\/p>\n\n\n\n<p><strong>Concierto, teatro, danza, \u00f3pera<\/strong>\u2026 Todo alrededor del Arcachon Bassin, un hermoso&nbsp;<strong>programaci\u00f3n<\/strong>&nbsp;esperando por ti !&nbsp;<a href=\"https:\/\/www.bassin-arcachon.com\/agenda-sorties-marches\/\">Consulta la agenda del Bassin de Arcachon.<\/a><\/p>\n<\/div>\n\n\n\n<div class=\"wp-block-uagb-container uagb-block-6e5a64b4\">\n<div class=\"wp-block-uagb-image uagb-block-53397aa1 wp-block-uagb-image--layout-default wp-block-uagb-image--effect-static wp-block-uagb-image--align-none\"><figure class=\"wp-block-uagb-image__figure\"><img decoding=\"async\" srcset=\"https:\/\/dev.bassin-arcachon.com\/wp-content\/uploads\/2017\/02\/visite-au-theatre-Arcachon.jpg \" sizes=\"auto, (max-width: 480px) 150px\" src=\"https:\/\/dev.bassin-arcachon.com\/wp-content\/uploads\/2017\/02\/visite-au-theatre-Arcachon.jpg\" alt=\"- - Bassin d&#039;Arcachon\" class=\"uag-image-1220\" width=\"529\" height=\"301\" title=\"- - Bassin d&#039;Arcachon\" loading=\"lazy\" role=\"img\"><\/figure><\/div>\n<\/div>\n<\/div><\/div>\n\n\n\n<div style=\"height:60px\" aria-hidden=\"true\" class=\"wp-block-spacer\"><\/div>\n\n\n\n<div class=\"wp-block-uagb-container uagb-block-90d75334 alignfull uagb-is-root-container\"><div class=\"uagb-container-inner-blocks-wrap\">\n<div class=\"wp-block-uagb-container uagb-block-024b39f0\">\n<div class=\"wp-block-uagb-image uagb-block-f151724d wp-block-uagb-image--layout-default wp-block-uagb-image--effect-static wp-block-uagb-image--align-none\"><figure class=\"wp-block-uagb-image__figure\"><img decoding=\"async\" srcset=\"https:\/\/dev.bassin-arcachon.com\/wp-content\/uploads\/2017\/02\/balade-en-pinasse-1-1024x683.jpg \" sizes=\"auto, (max-width: 480px) 150px\" src=\"https:\/\/dev.bassin-arcachon.com\/wp-content\/uploads\/2017\/02\/balade-en-pinasse-1-1024x683.jpg\" alt=\"- - Bassin d&#039;Arcachon\" class=\"uag-image-1846\" width=\"1024\" height=\"683\" title=\"- - Bassin d&#039;Arcachon\" loading=\"lazy\" role=\"img\"><\/figure><\/div>\n<\/div>\n\n\n\n<div class=\"wp-block-uagb-container uagb-block-48605417\">\n<h2 class=\"wp-block-heading\">Caminar en una barcaza, en una pinaza\u2026<\/h2>\n\n\n\n<p>Si a\u00fan no conoces los colores de la Bassin en invierno, empieza con una&nbsp;<a href=\"https:\/\/www.bassin-arcachon.com\/quoi-faire\/sur-leau\/?cat=excursion_bateau\">paseo en barco tradicional<\/a>. Una vez en el agua, la inmensidad del lugar y la sensaci\u00f3n de estar solo en el mundo son incre\u00edbles. Seguro que te encontrar\u00e1s con criadores de ostras trabajando en los puertos, p\u00e1jaros descansando en los frontones o en los techos de los camarotes... Saca la c\u00e1mara para inmortalizar el momento, con los colores invernales de la Bassin de fondo.<\/p>\n<\/div>\n<\/div><\/div>\n\n\n\n<div style=\"height:60px\" aria-hidden=\"true\" class=\"wp-block-spacer\"><\/div>\n\n\n\n<div class=\"wp-block-uagb-container uagb-block-c3319ced alignfull uagb-is-root-container\">\n<div class=\"wp-block-cover is-light has-parallax\"><span aria-hidden=\"true\" class=\"wp-block-cover__background has-background-dim-0 has-background-dim\"><\/span><div class=\"wp-block-cover__image-background wp-image-8349 has-parallax\" style=\"background-position:50% 50%;background-image:url(https:\/\/dev.bassin-arcachon.com\/wp-content\/uploads\/2017\/02\/hotel-les-bains-darguin-thalazur-arcachon-divers-3.jpg)\"><\/div><div class=\"wp-block-cover__inner-container is-layout-flow wp-block-cover-is-layout-flow\">\n<div class=\"wp-block-uagb-container uagb-block-dd953b33\">\n<h2 class=\"wp-block-heading has-text-align-center has-white-color has-text-color has-large-font-size\">\u00bfUn deseo de respirar el aire yodado del Bassin?<\/h2>\n\n\n\n<p class=\"has-text-align-center has-white-color has-text-color\"><a href=\"https:\/\/www.bassin-arcachon.com\/nos-incontournables\/les-jetees\/\"><\/a><a href=\"https:\/\/www.bassin-arcachon.com\/nos-incontournables\/les-jetees\/\" target=\"_blank\" rel=\"noreferrer noopener\">Pasea por los muelles<\/a><\/p>\n<\/div>\n<\/div><\/div>\n<\/div>\n\n\n\n<div style=\"height:60px\" aria-hidden=\"true\" class=\"wp-block-spacer\"><\/div>\n\n\n\n<div class=\"wp-block-uagb-container uagb-block-e9433a70 alignfull uagb-is-root-container\"><div class=\"uagb-container-inner-blocks-wrap\">\n<div class=\"wp-block-uagb-container uagb-block-3ef6d655\">\n<h2 class=\"wp-block-heading\">Caminata en la Duna de Pilat<\/h2>\n\n\n\n<p>Para una vista m\u00e1gica del Bassin en invierno, dir\u00edjase a la Dune du Pilat. Las escaleras ya no estar\u00e1n para ayudarte, sino que ser\u00e1 una oportunidad para hacer una escalada deportiva antes de llegar a la cima. Aprovecha este per\u00edodo de calma para caminar sobre la cresta de la Duna y bajar hasta sus pies, en la playa. Avent\u00farate lo m\u00e1s lejos que puedas, el paisaje bien vale la pena.<\/p>\n<\/div>\n\n\n\n<div class=\"wp-block-uagb-container uagb-block-9fcca49d\">\n<div class=\"wp-block-uagb-image uagb-block-97db7b28 wp-block-uagb-image--layout-default wp-block-uagb-image--effect-static wp-block-uagb-image--align-none\"><figure class=\"wp-block-uagb-image__figure\"><img decoding=\"async\" srcset=\"https:\/\/dev.bassin-arcachon.com\/wp-content\/uploads\/2017\/02\/17017116_1705522186128351_7205716539590127516_o-1024x683.jpg \" sizes=\"auto, (max-width: 480px) 150px\" src=\"https:\/\/dev.bassin-arcachon.com\/wp-content\/uploads\/2017\/02\/17017116_1705522186128351_7205716539590127516_o-1024x683.jpg\" alt=\"- - Bassin d&#039;Arcachon\" class=\"uag-image-6978\" width=\"1024\" height=\"683\" title=\"- - Bassin d&#039;Arcachon\" loading=\"lazy\" role=\"img\"><\/figure><\/div>\n<\/div>\n<\/div><\/div>\n\n\n\n<div style=\"height:60px\" aria-hidden=\"true\" class=\"wp-block-spacer\"><\/div>\n\n\n\n<div class=\"wp-block-uagb-container uagb-block-d0829c67 alignfull uagb-is-root-container\"><div class=\"uagb-container-inner-blocks-wrap\">\n<div class=\"wp-block-uagb-container uagb-block-74988d52\">\n<div class=\"wp-block-uagb-image uagb-block-a0cc5f1a wp-block-uagb-image--layout-default wp-block-uagb-image--effect-static wp-block-uagb-image--align-none\"><figure class=\"wp-block-uagb-image__figure\"><img decoding=\"async\" srcset=\"https:\/\/dev.bassin-arcachon.com\/wp-content\/uploads\/2022\/11\/noel-bassin-arcachon-les-conteurs-1024x1024.jpg \" sizes=\"auto, (max-width: 480px) 150px\" src=\"https:\/\/dev.bassin-arcachon.com\/wp-content\/uploads\/2022\/11\/noel-bassin-arcachon-les-conteurs-1024x1024.jpg\" alt=\"- - Bassin d&#039;Arcachon\" class=\"uag-image-52568\" width=\"1024\" height=\"1024\" title=\"- - Bassin d&#039;Arcachon\" loading=\"lazy\" role=\"img\"><\/figure><\/div>\n<\/div>\n\n\n\n<div class=\"wp-block-uagb-container uagb-block-f983ceb7\">\n<h2 class=\"wp-block-heading\">Celebre la Navidad temprano<\/h2>\n\n\n\n<p>Antes de celebrar la Navidad en familia, \u00bfy si decides adelantarte un poco?<\/p>\n\n\n\n<p>Ve y compra unas ostras, y reserva una.\u00a0<a href=\"https:\/\/www.bassin-arcachon.com\/hebergements\/chambres-dhotes\/\">cama y desayuno<\/a>\u00a0o una casa de campo para pasar un buen fin de semana en familia o con amigos!<\/p>\n<\/div>\n<\/div><\/div>\n\n\n\n<div style=\"height:60px\" aria-hidden=\"true\" class=\"wp-block-spacer\"><\/div>\n\n\n\n<div class=\"wp-block-uagb-container uagb-block-7b84df9a alignfull uagb-is-root-container\"><div class=\"uagb-container-inner-blocks-wrap\">\n<div class=\"wp-block-uagb-container uagb-block-f22dd070\">\n<h2 class=\"wp-block-heading\">Una sesi\u00f3n de patinaje sobre hielo.<\/h2>\n\n\n\n<p>\u00a1A partir de diciembre, se instalan pistas de hielo en Arcachon y el pueblo de L\u00e8ge para el deleite de ni\u00f1os y padres!<\/p>\n\n\n\n<p>Tambi\u00e9n es posible ver a Pap\u00e1 Noel, que llega un poco antes para hacerse fotos con los ni\u00f1os.<\/p>\n\n\n\n<p>En Arcachon, \u00a1incluso llega en barco el s\u00e1bado 12 de diciembre!<\/p>\n<\/div>\n\n\n\n<div class=\"wp-block-uagb-container uagb-block-a0e28e1d\">\n<div class=\"wp-block-uagb-image uagb-block-fa52b6d3 wp-block-uagb-image--layout-default wp-block-uagb-image--effect-static wp-block-uagb-image--align-none\"><figure class=\"wp-block-uagb-image__figure\"><img decoding=\"async\" srcset=\"https:\/\/dev.bassin-arcachon.com\/wp-content\/uploads\/2017\/11\/Patinoire-L\u00e8ge-Cap-Ferret-1024x683.jpg \" sizes=\"auto, (max-width: 480px) 150px\" src=\"https:\/\/dev.bassin-arcachon.com\/wp-content\/uploads\/2017\/11\/Patinoire-L\u00e8ge-Cap-Ferret-1024x683.jpg\" alt=\"- - Bassin d&#039;Arcachon\" class=\"uag-image-39191\" width=\"1024\" height=\"683\" title=\"- - Bassin d&#039;Arcachon\" loading=\"lazy\" role=\"img\"><\/figure><\/div>\n<\/div>\n<\/div><\/div>\n\n\n\n<div style=\"height:60px\" aria-hidden=\"true\" class=\"wp-block-spacer\"><\/div>\n\n\n\n<div class=\"wp-block-uagb-container uagb-block-309d93af alignfull uagb-is-root-container\"><div class=\"uagb-container-inner-blocks-wrap\">\n<div class=\"wp-block-uagb-container uagb-block-b0b8d4c4\">\n<div class=\"wp-block-uagb-image uagb-block-b48b44dc wp-block-uagb-image--layout-default wp-block-uagb-image--effect-static wp-block-uagb-image--align-none\"><figure class=\"wp-block-uagb-image__figure\"><img decoding=\"async\" srcset=\"https:\/\/dev.bassin-arcachon.com\/wp-content\/uploads\/2017\/02\/shopping-pendant-les-soldes-1024x683.jpg \" sizes=\"auto, (max-width: 480px) 150px\" src=\"https:\/\/dev.bassin-arcachon.com\/wp-content\/uploads\/2017\/02\/shopping-pendant-les-soldes-1024x683.jpg\" alt=\"- - Bassin d&#039;Arcachon\" class=\"uag-image-1228\" width=\"1024\" height=\"683\" title=\"- - Bassin d&#039;Arcachon\" loading=\"lazy\" role=\"img\"><\/figure><\/div>\n<\/div>\n\n\n\n<div class=\"wp-block-uagb-container uagb-block-07a5396e\">\n<h2 class=\"wp-block-heading\">hacer las compras navide\u00f1as<\/h2>\n\n\n\n<p>\u00a1Dir\u00edjase a las tiendas de Arcachon, Andernos-les-Bains o L\u00e8ge-Cap Ferret para las \u00faltimas compras navide\u00f1as!<\/p>\n\n\n\n<p>Esta ser\u00e1 una oportunidad para combinar negocios con placer, dando un paseo por los muelles despu\u00e9s de su merecida sesi\u00f3n de compras.<\/p>\n<\/div>\n<\/div><\/div>\n\n\n\n<div style=\"height:60px\" aria-hidden=\"true\" class=\"wp-block-spacer\"><\/div>\n\n\n\n<div class=\"wp-block-uagb-container uagb-block-c051fe9b alignfull uagb-is-root-container\"><div class=\"uagb-container-inner-blocks-wrap\">\n<div class=\"wp-block-uagb-container uagb-block-49b5cd48\">\n<h2 class=\"wp-block-heading\">Una juerga de compras durante las rebajas.<\/h2>\n\n\n\n<p>Despu\u00e9s de Navidad, hay otra cita que no debe perderse: \u00a1las rebajas! En Arcachon, pero tambi\u00e9n en las tiendas de decoraci\u00f3n de Grand Piquey, o incluso en los bonitos mercadillos y tiendas del Bassin como en Andernos.<\/p>\n\n\n\n<p>Aprovecha un d\u00eda entero para alternar entre compras, una pausa de chocolate caliente en un caf\u00e9 o un paseo por un pueblo.<\/p>\n<\/div>\n\n\n\n<div class=\"wp-block-uagb-container uagb-block-e765dea5\">\n<div class=\"wp-block-uagb-image uagb-block-8ed7121e wp-block-uagb-image--layout-default wp-block-uagb-image--effect-static wp-block-uagb-image--align-none\"><figure class=\"wp-block-uagb-image__figure\"><img decoding=\"async\" srcset=\"https:\/\/dev.bassin-arcachon.com\/wp-content\/uploads\/2018\/11\/soldes-bassin-arcachon-1024x997.jpg ,https:\/\/dev.bassin-arcachon.com\/wp-content\/uploads\/2018\/11\/soldes-bassin-arcachon.jpg 780w, https:\/\/dev.bassin-arcachon.com\/wp-content\/uploads\/2018\/11\/soldes-bassin-arcachon.jpg 360w\" sizes=\"auto, (max-width: 480px) 150px\" src=\"https:\/\/dev.bassin-arcachon.com\/wp-content\/uploads\/2018\/11\/soldes-bassin-arcachon-1024x997.jpg\" alt=\"ventas de la cuenca de arcachon\" class=\"uag-image-27050\" width=\"1024\" height=\"997\" title=\"ventas de la cuenca de arcachon\" loading=\"lazy\" role=\"img\"\/><\/figure><\/div>\n<\/div>\n<\/div><\/div>\n\n\n\n<div style=\"height:60px\" aria-hidden=\"true\" class=\"wp-block-spacer\"><\/div>","protected":false},"excerpt":{"rendered":"<p>T\u00f3mate un momento para ti Nada mejor que un fin de semana de mimos para disfrutar juntos. En esta \u00e9poca del a\u00f1o te encantar\u00e1 reservar un tratamiento en alguno de los establecimientos [\u2026]<\/p>","protected":false},"author":25,"featured_media":1841,"parent":33,"menu_order":4,"comment_status":"closed","ping_status":"closed","template":"","meta":{"_acf_changed":false,"_uag_custom_page_level_css":"","footnotes":""},"class_list":["post-155","page","type-page","status-publish","has-post-thumbnail","hentry"],"acf":[],"uagb_featured_image_src":{"full":["https:\/\/dev.bassin-arcachon.com\/wp-content\/uploads\/2017\/02\/pignots-bassin-darcachon.jpg",1200,800,false],"thumbnail":["https:\/\/dev.bassin-arcachon.com\/wp-content\/uploads\/2017\/02\/pignots-bassin-darcachon-150x150.jpg",150,150,true],"medium":["https:\/\/dev.bassin-arcachon.com\/wp-content\/uploads\/2017\/02\/pignots-bassin-darcachon-300x200.jpg",300,200,true],"medium_large":["https:\/\/dev.bassin-arcachon.com\/wp-content\/uploads\/2017\/02\/pignots-bassin-darcachon-768x512.jpg",768,512,true],"large":["https:\/\/dev.bassin-arcachon.com\/wp-content\/uploads\/2017\/02\/pignots-bassin-darcachon-1024x683.jpg",1024,683,true],"1536x1536":["https:\/\/dev.bassin-arcachon.com\/wp-content\/uploads\/2017\/02\/pignots-bassin-darcachon.jpg",1200,800,false],"2048x2048":["https:\/\/dev.bassin-arcachon.com\/wp-content\/uploads\/2017\/02\/pignots-bassin-darcachon.jpg",1200,800,false],"trp-custom-language-flag":["https:\/\/dev.bassin-arcachon.com\/wp-content\/uploads\/2017\/02\/pignots-bassin-darcachon-18x12.jpg",18,12,true],"fp-small":["https:\/\/dev.bassin-arcachon.com\/wp-content\/uploads\/2017\/02\/pignots-bassin-darcachon-640x427.jpg",640,427,true],"fp-large":["https:\/\/dev.bassin-arcachon.com\/wp-content\/uploads\/2017\/02\/pignots-bassin-darcachon.jpg",1200,800,false],"fp-xlarge":["https:\/\/dev.bassin-arcachon.com\/wp-content\/uploads\/2017\/02\/pignots-bassin-darcachon.jpg",1200,800,false]},"uagb_author_info":{"display_name":"Marie Clauzel","author_link":"https:\/\/dev.bassin-arcachon.com\/es\/author\/mariesiba\/"},"uagb_comment_info":0,"uagb_excerpt":"Prendre un moment pour soi Rien de mieux qu\u2019un week-end cocooning pour profiter \u00e0 deux. \u00c0 cette p\u00e9riode de l\u2019ann\u00e9e, vous allez adorez r\u00e9server un soin dans l\u2019un des \u00e9tablissements [&hellip;]","_links":{"self":[{"href":"https:\/\/dev.bassin-arcachon.com\/es\/wp-json\/wp\/v2\/pages\/155","targetHints":{"allow":["GET"]}}],"collection":[{"href":"https:\/\/dev.bassin-arcachon.com\/es\/wp-json\/wp\/v2\/pages"}],"about":[{"href":"https:\/\/dev.bassin-arcachon.com\/es\/wp-json\/wp\/v2\/types\/page"}],"author":[{"embeddable":true,"href":"https:\/\/dev.bassin-arcachon.com\/es\/wp-json\/wp\/v2\/users\/25"}],"replies":[{"embeddable":true,"href":"https:\/\/dev.bassin-arcachon.com\/es\/wp-json\/wp\/v2\/comments?post=155"}],"version-history":[{"count":1,"href":"https:\/\/dev.bassin-arcachon.com\/es\/wp-json\/wp\/v2\/pages\/155\/revisions"}],"predecessor-version":[{"id":68231,"href":"https:\/\/dev.bassin-arcachon.com\/es\/wp-json\/wp\/v2\/pages\/155\/revisions\/68231"}],"up":[{"embeddable":true,"href":"https:\/\/dev.bassin-arcachon.com\/es\/wp-json\/wp\/v2\/pages\/33"}],"wp:featuredmedia":[{"embeddable":true,"href":"https:\/\/dev.bassin-arcachon.com\/es\/wp-json\/wp\/v2\/media\/1841"}],"wp:attachment":[{"href":"https:\/\/dev.bassin-arcachon.com\/es\/wp-json\/wp\/v2\/media?parent=155"}],"curies":[{"name":"wp","href":"https:\/\/api.w.org\/{rel}","templated":true}]}}