{"id":157,"date":"2017-03-09T14:32:23","date_gmt":"2017-03-09T13:32:23","guid":{"rendered":"https:\/\/dev.bassin-arcachon.com\/\/?page_id=157"},"modified":"2024-12-13T11:01:26","modified_gmt":"2024-12-13T10:01:26","slug":"ares","status":"publish","type":"page","link":"https:\/\/dev.bassin-arcachon.com\/es\/nuestros-pueblos-y-aldeas\/ares\/","title":{"rendered":"Ares"},"content":{"rendered":"<div class=\"wp-block-uagb-container uagb-block-1d8bdfb2 alignfull uagb-is-root-container\"><div class=\"uagb-container-inner-blocks-wrap\">\n<div class=\"wp-block-uagb-container uagb-block-32469a85\">\n<div class=\"wp-block-uagb-image uagb-block-1f4775da wp-block-uagb-image--layout-default wp-block-uagb-image--effect-static wp-block-uagb-image--align-none\"><figure class=\"wp-block-uagb-image__figure\"><img decoding=\"async\" srcset=\"https:\/\/dev.bassin-arcachon.com\/wp-content\/uploads\/2020\/07\/mini-map-ares.jpg \" sizes=\"auto, (max-width: 480px) 150px\" src=\"https:\/\/dev.bassin-arcachon.com\/wp-content\/uploads\/2020\/07\/mini-map-ares.jpg\" alt=\"- - Bassin d&#039;Arcachon\" class=\"uag-image-44398\" width=\"278\" height=\"278\" title=\"- - Bassin d&#039;Arcachon\" loading=\"lazy\" role=\"img\"><\/figure><\/div>\n<\/div>\n\n\n\n<div class=\"wp-block-uagb-container uagb-block-685d65f6\">\n<h2 class=\"wp-block-heading\">Ar\u00e8s, para pasar unas aut\u00e9nticas vacaciones en familia<\/h2>\n\n\n\n<p>Ar\u00e8s, situado entre la bah\u00eda y la naturaleza, te sorprender\u00e1. Ven a disfrutar de su puerto ostr\u00edcola o explora sus parajes naturales en busca de especies protegidas. Con su etiqueta \u00abFamille Plus\u00bb, Ar\u00e8s es el lugar ideal para pasar unas aut\u00e9nticas vacaciones familiares&nbsp;<a href=\"https:\/\/www.bassin-arcachon.com\/quoi-faire\/samuser-avec-les-enfants\/\">con los ni\u00f1os<\/a>&nbsp;!<br>Si buscas un hotel <a href=\"https:\/\/dev.bassin-arcachon.com\/es\/donde-dormir\/alquileres\/nuestros-alquileres-vacacionales-en-ares\/\">un alquiler vacacional<\/a>, <a href=\"https:\/\/dev.bassin-arcachon.com\/es\/donde-dormir\/habitaciones-de-invitados\/nuestras-habitaciones-de-cama-y-desayuno-en-ares\/\">una habitaci\u00f3n en casas particulares<\/a>, <a href=\"https:\/\/dev.bassin-arcachon.com\/es\/donde-dormir\/camping\/ares\/\">o un camping<\/a>, Ar\u00e8s es la localidad costera ideal para alojarse durante las vacaciones.<\/p>\n<\/div>\n<\/div><\/div>\n\n\n\n<div style=\"height:60px\" aria-hidden=\"true\" class=\"wp-block-spacer\"><\/div>\n\n\n\n<div class=\"wp-block-uagb-container uagb-block-d7962e0c alignfull uagb-is-root-container\"><div class=\"uagb-container-inner-blocks-wrap\">\n<div class=\"wp-block-uagb-container uagb-block-bd920663\">\n<div class=\"wp-block-uagb-image uagb-block-a08aee1b wp-block-uagb-image--layout-default wp-block-uagb-image--effect-static wp-block-uagb-image--align-none\"><figure class=\"wp-block-uagb-image__figure\"><img decoding=\"async\" srcset=\"https:\/\/dev.bassin-arcachon.com\/wp-content\/uploads\/2018\/04\/port-ostreicole-aras-e1548070404746.jpg \" sizes=\"auto, (max-width: 480px) 150px\" src=\"https:\/\/dev.bassin-arcachon.com\/wp-content\/uploads\/2018\/04\/port-ostreicole-aras-e1548070404746.jpg\" alt=\"Puerto de ostras de Ar\u00e8s\" class=\"uag-image-19887\" width=\"1000\" height=\"667\" title=\"- - Bassin d&#039;Arcachon\" loading=\"lazy\" role=\"img\"><\/figure><\/div>\n<\/div>\n\n\n\n<div class=\"wp-block-uagb-container uagb-block-0339e121\">\n<h3 class=\"wp-block-heading\">Pasear por el puerto ostr\u00edcola<\/h3>\n\n\n\n<p>Dir\u00edgete a las coloridas caba\u00f1as del&nbsp;<a href=\"https:\/\/www.bassin-arcachon.com\/nos-incontournables\/les-villages-et-ports-ostreicoles\/\">puerto ostr\u00edcola<\/a>&nbsp;de Ares! En el canal, las ida y venidas de las barcas y las calles floridas invitan al paseo.<\/p>\n\n\n\n<p>Cerca, el encantador paisaje de los&nbsp;<a href=\"https:\/\/www.bassin-arcachon.com\/nos-incontournables\/les-pres-sales-dares-lege\/\">Prados salados de Ar\u00e8s-L\u00e8ge<\/a>&nbsp;ofrece un panorama totalmente distinto. \u00a1Aprovecha para visitar a los ostricultores y degustar unas buenas ostras acompa\u00f1adas de un vaso de vino blanco!<\/p>\n<\/div>\n<\/div><\/div>\n\n\n\n<div style=\"height:40px\" aria-hidden=\"true\" class=\"wp-block-spacer\"><\/div>\n\n\n\n<div class=\"wp-block-uagb-container uagb-block-fb81b349 alignfull uagb-is-root-container\"><div class=\"uagb-container-inner-blocks-wrap\">\n<div class=\"wp-block-uagb-container uagb-block-0ad5a044\">\n<h3 class=\"wp-block-heading\">Adentrarse en los prados salados<\/h3>\n\n\n\n<p>Partiendo del puerto ostr\u00edcola de Ar\u00e8s, recorre los senderos balizados de la Reserva Natural Nacional de los Prados Salados.<\/p>\n\n\n\n<p>\u00a1Mant\u00e9n los ojos bien abiertos por el camino y podr\u00e1s ver gal\u00e1pagos europeos e incluso lagartijas verdes que les encantar\u00e1n a los ni\u00f1os! Te aconsejamos explorar los&nbsp;<a href=\"https:\/\/www.bassin-arcachon.com\/decouverte-des-pres-sales-dares-lege-avec-un-guide-nature\/\" target=\"_blank\" rel=\"noreferrer noopener\">Prados salados en compa\u00f1\u00eda de Alexandre, gu\u00eda de espacios naturales<\/a>&nbsp;de la<a href=\"https:\/\/www.ares-tourisme.com\/\" data-type=\"URL\" data-id=\"https:\/\/www.ares-tourisme.com\/\" target=\"_blank\" rel=\"noopener\">Oficina de Turismo<\/a>.<\/p>\n<\/div>\n\n\n\n<div class=\"wp-block-uagb-container uagb-block-6133f195\">\n<div class=\"wp-block-uagb-image uagb-block-c8017fc4 wp-block-uagb-image--layout-default wp-block-uagb-image--effect-static wp-block-uagb-image--align-none\"><figure class=\"wp-block-uagb-image__figure\"><img decoding=\"async\" srcset=\"https:\/\/dev.bassin-arcachon.com\/wp-content\/uploads\/2017\/02\/pres-sales-ares-17-1024x683.jpg \" sizes=\"auto, (max-width: 480px) 150px\" src=\"https:\/\/dev.bassin-arcachon.com\/wp-content\/uploads\/2017\/02\/pres-sales-ares-17-1024x683.jpg\" alt=\"- - Bassin d&#039;Arcachon\" class=\"uag-image-11705\" width=\"1024\" height=\"683\" title=\"- - Bassin d&#039;Arcachon\" loading=\"lazy\" role=\"img\"><\/figure><\/div>\n<\/div>\n<\/div><\/div>\n\n\n\n<div style=\"height:40px\" aria-hidden=\"true\" class=\"wp-block-spacer\"><\/div>\n\n\n\n<div class=\"wp-block-uagb-container uagb-block-f0c1a50e alignfull uagb-is-root-container\"><div class=\"uagb-container-inner-blocks-wrap\">\n<div class=\"wp-block-uagb-container uagb-block-450fbae2\">\n<div class=\"wp-block-uagb-image uagb-block-0ef644f2 wp-block-uagb-image--layout-default wp-block-uagb-image--effect-static wp-block-uagb-image--align-none\"><figure class=\"wp-block-uagb-image__figure\"><img decoding=\"async\" srcset=\"https:\/\/dev.bassin-arcachon.com\/wp-content\/uploads\/2020\/07\/ares-triangle-de-pereire-1024x683-1.jpg \" sizes=\"auto, (max-width: 480px) 150px\" src=\"https:\/\/dev.bassin-arcachon.com\/wp-content\/uploads\/2020\/07\/ares-triangle-de-pereire-1024x683-1.jpg\" alt=\"- - Bassin d&#039;Arcachon\" class=\"uag-image-44401\" width=\"1024\" height=\"683\" title=\"- - Bassin d&#039;Arcachon\" loading=\"lazy\" role=\"img\"><\/figure><\/div>\n<\/div>\n\n\n\n<div class=\"wp-block-uagb-container uagb-block-6c2c0313\">\n<h3 class=\"wp-block-heading\">Picnic en el Tri\u00e1ngulo de Pereire<\/h3>\n\n\n\n<p>Improvisa un p\u00edcnic en la playa del Tri\u00e1ngulo de Pereire o en el paraje de <a href=\"https:\/\/dev.bassin-arcachon.com\/es\/primicias-de-otono\/\">St Brice<\/a> a la sombra de los pinos.<\/p>\n\n\n\n<p>Despu\u00e9s de comer, explora los rincones secretos de la finca y el lago.<\/p>\n\n\n\n<p>Cuando la marea est\u00e1 baja, la concha de Saint Brice es el \u00fanico lugar donde puedes ba\u00f1arte.<\/p>\n<\/div>\n<\/div><\/div>\n\n\n\n<div style=\"height:40px\" aria-hidden=\"true\" class=\"wp-block-spacer\"><\/div>\n\n\n\n<div class=\"wp-block-uagb-container uagb-block-3f06d5b2 alignfull uagb-is-root-container\"><div class=\"uagb-container-inner-blocks-wrap\">\n<div class=\"wp-block-uagb-container uagb-block-4b47f266\">\n<h3 class=\"wp-block-heading\">Ir de excursi\u00f3n al bosque<\/h3>\n\n\n\n<p>Dir\u00edgete al bosque de Ar\u00e8s para dar un paseo en plena naturaleza.<\/p>\n\n\n\n<p>\u00a1En oto\u00f1o, es ideal para recolectar setas! <a href=\"https:\/\/www.bassin-arcachon.com\/quoi-faire\/balades-a-pied-a-velo\/\">Sal de excursi\u00f3n un d\u00eda a pie o en bicicleta<\/a>, entre los pinos mar\u00edtimos. Por el camino, el paraje invita a hacer una pausa a la sombra de un \u00e1rbol. <\/p>\n\n\n\n<p>La Oficina de Turismo ofrece numerosas visitas guiadas, as\u00ed que no dudes en ir a informarte.<\/p>\n<\/div>\n\n\n\n<div class=\"wp-block-uagb-container uagb-block-363ce8c8\">\n<div class=\"wp-block-uagb-image uagb-block-775d576c wp-block-uagb-image--layout-default wp-block-uagb-image--effect-static wp-block-uagb-image--align-none\"><figure class=\"wp-block-uagb-image__figure\"><img decoding=\"async\" srcset=\"https:\/\/dev.bassin-arcachon.com\/wp-content\/uploads\/2020\/07\/Ramasser-les-champignons-en-foret-Bassin-Arcachon-1024x683-1.jpg \" sizes=\"auto, (max-width: 480px) 150px\" src=\"https:\/\/dev.bassin-arcachon.com\/wp-content\/uploads\/2020\/07\/Ramasser-les-champignons-en-foret-Bassin-Arcachon-1024x683-1.jpg\" alt=\"- - Bassin d&#039;Arcachon\" class=\"uag-image-44402\" width=\"1024\" height=\"683\" title=\"- - Bassin d&#039;Arcachon\" loading=\"lazy\" role=\"img\"><\/figure><\/div>\n<\/div>\n<\/div><\/div>\n\n\n\n<div style=\"height:40px\" aria-hidden=\"true\" class=\"wp-block-spacer\"><\/div>\n\n\n\n<div class=\"wp-block-uagb-container uagb-block-826c5612 alignfull uagb-is-root-container\"><div class=\"uagb-container-inner-blocks-wrap\">\n<div class=\"wp-block-uagb-container uagb-block-4ea2cc4b\">\n<div class=\"wp-block-uagb-image uagb-block-26aa436a wp-block-uagb-image--layout-default wp-block-uagb-image--effect-static wp-block-uagb-image--align-none\"><figure class=\"wp-block-uagb-image__figure\"><img decoding=\"async\" srcset=\"https:\/\/dev.bassin-arcachon.com\/wp-content\/uploads\/2020\/07\/ares-velos-1024x681-1.jpg \" sizes=\"auto, (max-width: 480px) 150px\" src=\"https:\/\/dev.bassin-arcachon.com\/wp-content\/uploads\/2020\/07\/ares-velos-1024x681-1.jpg\" alt=\"- - Bassin d&#039;Arcachon\" class=\"uag-image-44403\" width=\"1024\" height=\"681\" title=\"- - Bassin d&#039;Arcachon\" loading=\"lazy\" role=\"img\"><\/figure><\/div>\n<\/div>\n\n\n\n<div class=\"wp-block-uagb-container uagb-block-98ade739\">\n<h3 class=\"wp-block-heading\">Pasear por carriles bici y senderos<\/h3>\n\n\n\n<p>Con la cesta del p\u00edcnic en la mano, avent\u00farate por <a href=\"https:\/\/dev.bassin-arcachon.com\/es\/circuito\/tour-dares\/\">carriles bici o senderos para descubrir todas las facetas de Ar\u00e8s.<\/a><\/p>\n\n\n\n<p>Por el camino, haz una merecida pausa para el ba\u00f1o en la bah\u00eda con la marea alta o en Saint Brice cuando baja la marea.<\/p>\n<\/div>\n<\/div><\/div>\n\n\n\n<div style=\"height:40px\" aria-hidden=\"true\" class=\"wp-block-spacer\"><\/div>\n\n\n\n<div class=\"wp-block-uagb-container uagb-block-4d7178b8 alignfull uagb-is-root-container\"><div class=\"uagb-container-inner-blocks-wrap\">\n<div class=\"wp-block-uagb-container uagb-block-3b8c531e\">\n<h3 class=\"wp-block-heading\">Caminar por el muelle de Ar\u00e8s<\/h3>\n\n\n\n<p>El muelle de Ar\u00e8s es conocido por ser el m\u00e1s antiguo de la bah\u00eda de Arcach\u00f3n.<\/p>\n\n\n\n<p>A pie y con la marea baja, pasea por el muelle que en tiempos serv\u00eda de atracadero para los pescadores.<\/p>\n\n\n\n<p>Desde aqu\u00ed disfrutar\u00e1s de una bonita vista de la bah\u00eda: \u00a1saca la c\u00e1mara de fotos<\/p>\n<\/div>\n\n\n\n<div class=\"wp-block-uagb-container uagb-block-9a8e086f\">\n<div class=\"wp-block-uagb-image uagb-block-c59bb09f wp-block-uagb-image--layout-default wp-block-uagb-image--effect-static wp-block-uagb-image--align-none\"><figure class=\"wp-block-uagb-image__figure\"><img decoding=\"async\" srcset=\"https:\/\/dev.bassin-arcachon.com\/wp-content\/uploads\/2019\/06\/jet\u00e9e-dAr\u00e8s-point-de-vue-sur-le-Bassin-dArcachon.jpg 1000w, https:\/\/dev.bassin-arcachon.com\/wp-content\/uploads\/2019\/06\/jet\u00e9e-dAr\u00e8s-point-de-vue-sur-le-Bassin-dArcachon-300x225.jpg 300w, https:\/\/dev.bassin-arcachon.com\/wp-content\/uploads\/2019\/06\/jet\u00e9e-dAr\u00e8s-point-de-vue-sur-le-Bassin-dArcachon-768x576.jpg 768w, https:\/\/dev.bassin-arcachon.com\/wp-content\/uploads\/2019\/06\/jet\u00e9e-dAr\u00e8s-point-de-vue-sur-le-Bassin-dArcachon-16x12.jpg 16w, https:\/\/dev.bassin-arcachon.com\/wp-content\/uploads\/2019\/06\/jet\u00e9e-dAr\u00e8s-point-de-vue-sur-le-Bassin-dArcachon-640x480.jpg 640w\" sizes=\"auto, (max-width: 480px) 150px\" src=\"https:\/\/dev.bassin-arcachon.com\/wp-content\/uploads\/2019\/06\/jet\u00e9e-dAr\u00e8s-point-de-vue-sur-le-Bassin-dArcachon.jpg\" alt=\"- - Bassin d&#039;Arcachon\" class=\"uag-image-35260\" width=\"1000\" height=\"750\" title=\"- - Bassin d&#039;Arcachon\" loading=\"lazy\" role=\"img\"><\/figure><\/div>\n<\/div>\n<\/div><\/div>\n\n\n\n<div style=\"height:40px\" aria-hidden=\"true\" class=\"wp-block-spacer\"><\/div>","protected":false},"excerpt":{"rendered":"<p>Ar\u00e8s, para unas aut\u00e9nticas vacaciones en familia Entre Bassin y la naturaleza, \u00a1Ar\u00e8s tiene algo que sorprenderte! Ven a disfrutar de su puerto ostr\u00edcola, o de sus parajes naturales [\u2026]<\/p>","protected":false},"author":25,"featured_media":11705,"parent":29,"menu_order":7,"comment_status":"closed","ping_status":"closed","template":"","meta":{"_acf_changed":false,"_uag_custom_page_level_css":"","footnotes":""},"class_list":["post-157","page","type-page","status-publish","has-post-thumbnail","hentry"],"acf":[],"uagb_featured_image_src":{"full":["https:\/\/dev.bassin-arcachon.com\/wp-content\/uploads\/2017\/02\/pres-sales-ares-17.jpg",1200,800,false],"thumbnail":["https:\/\/dev.bassin-arcachon.com\/wp-content\/uploads\/2017\/02\/pres-sales-ares-17-150x150.jpg",150,150,true],"medium":["https:\/\/dev.bassin-arcachon.com\/wp-content\/uploads\/2017\/02\/pres-sales-ares-17-300x200.jpg",300,200,true],"medium_large":["https:\/\/dev.bassin-arcachon.com\/wp-content\/uploads\/2017\/02\/pres-sales-ares-17-768x512.jpg",768,512,true],"large":["https:\/\/dev.bassin-arcachon.com\/wp-content\/uploads\/2017\/02\/pres-sales-ares-17-1024x683.jpg",1024,683,true],"1536x1536":["https:\/\/dev.bassin-arcachon.com\/wp-content\/uploads\/2017\/02\/pres-sales-ares-17.jpg",1200,800,false],"2048x2048":["https:\/\/dev.bassin-arcachon.com\/wp-content\/uploads\/2017\/02\/pres-sales-ares-17.jpg",1200,800,false],"trp-custom-language-flag":["https:\/\/dev.bassin-arcachon.com\/wp-content\/uploads\/2017\/02\/pres-sales-ares-17-18x12.jpg",18,12,true],"fp-small":["https:\/\/dev.bassin-arcachon.com\/wp-content\/uploads\/2017\/02\/pres-sales-ares-17-640x427.jpg",640,427,true],"fp-large":["https:\/\/dev.bassin-arcachon.com\/wp-content\/uploads\/2017\/02\/pres-sales-ares-17.jpg",1200,800,false],"fp-xlarge":["https:\/\/dev.bassin-arcachon.com\/wp-content\/uploads\/2017\/02\/pres-sales-ares-17.jpg",1200,800,false]},"uagb_author_info":{"display_name":"Marie Clauzel","author_link":"https:\/\/dev.bassin-arcachon.com\/es\/author\/mariesiba\/"},"uagb_comment_info":0,"uagb_excerpt":"Ar\u00e8s, pour des vraies vacances en famille Entre Bassin et nature, Ar\u00e8s a de quoi vous surprendre ! Venez profiter de son port ostr\u00e9icole, ou de ses sites naturels \u00e0 [&hellip;]","_links":{"self":[{"href":"https:\/\/dev.bassin-arcachon.com\/es\/wp-json\/wp\/v2\/pages\/157","targetHints":{"allow":["GET"]}}],"collection":[{"href":"https:\/\/dev.bassin-arcachon.com\/es\/wp-json\/wp\/v2\/pages"}],"about":[{"href":"https:\/\/dev.bassin-arcachon.com\/es\/wp-json\/wp\/v2\/types\/page"}],"author":[{"embeddable":true,"href":"https:\/\/dev.bassin-arcachon.com\/es\/wp-json\/wp\/v2\/users\/25"}],"replies":[{"embeddable":true,"href":"https:\/\/dev.bassin-arcachon.com\/es\/wp-json\/wp\/v2\/comments?post=157"}],"version-history":[{"count":1,"href":"https:\/\/dev.bassin-arcachon.com\/es\/wp-json\/wp\/v2\/pages\/157\/revisions"}],"predecessor-version":[{"id":118617,"href":"https:\/\/dev.bassin-arcachon.com\/es\/wp-json\/wp\/v2\/pages\/157\/revisions\/118617"}],"up":[{"embeddable":true,"href":"https:\/\/dev.bassin-arcachon.com\/es\/wp-json\/wp\/v2\/pages\/29"}],"wp:featuredmedia":[{"embeddable":true,"href":"https:\/\/dev.bassin-arcachon.com\/es\/wp-json\/wp\/v2\/media\/11705"}],"wp:attachment":[{"href":"https:\/\/dev.bassin-arcachon.com\/es\/wp-json\/wp\/v2\/media?parent=157"}],"curies":[{"name":"wp","href":"https:\/\/api.w.org\/{rel}","templated":true}]}}