{"id":19430,"date":"2018-03-26T16:41:02","date_gmt":"2018-03-26T14:41:02","guid":{"rendered":"https:\/\/dev.bassin-arcachon.com\/\/?page_id=19430"},"modified":"2024-12-06T12:43:00","modified_gmt":"2024-12-06T11:43:00","slug":"piscina-para-bicicletas","status":"publish","type":"page","link":"https:\/\/dev.bassin-arcachon.com\/es\/piscina-para-bicicletas\/","title":{"rendered":"La bah\u00eda en bicicleta"},"content":{"rendered":"<div style=\"height:20px\" aria-hidden=\"true\" class=\"wp-block-spacer\"><\/div>\n\n\n\n<div class=\"wp-block-uagb-container uagb-block-f3fb0af8 alignfull uagb-is-root-container\"><div class=\"uagb-container-inner-blocks-wrap\">\n<blockquote class=\"wp-block-quote is-layout-flow wp-block-quote-is-layout-flow\">\n<div class=\"wp-block-uagb-advanced-heading uagb-block-29a9e424\"><h2 class=\"uagb-heading-text\"><strong>\u00a1La bah\u00eda de Arcach\u00f3n tiene m\u00e1s de 330\u202fkm de carriles bici de sur a norte! <\/strong><\/h2><\/div>\n<\/blockquote>\n\n\n\n<h3 class=\"wp-block-heading\">En la bah\u00eda sur <br>(Arcach\u00f3n, La Teste de Buch, Gujan Mestras, Le Teich) <\/h3>\n<\/div><\/div>\n\n\n\n<div class=\"wp-block-uagb-container uagb-block-1ca06b86 alignfull uagb-is-root-container\"><div class=\"uagb-container-inner-blocks-wrap\">\n<div class=\"wp-block-uagb-container uagb-block-e7e28689\">\n<p><strong>La Comunidad Urbana de Bah\u00eda Sur  (<a href=\"https:\/\/www.agglo-cobas.fr\/\" target=\"_blank\" rel=\"noopener\">COBAS<\/a>)<\/strong> te propone m\u00e1s de <strong>21 rutas ciclistas<\/strong> para conocer el territorio <strong>de manera totalmente segura.<\/strong>Cada ruta se indica<strong> con un n\u00famero<\/strong> y un color, <strong>que encontrar\u00e1s en la<\/strong>se\u00f1alizaci\u00f3n a lo largo de las pistas.<\/p>\n<\/div>\n\n\n\n<div class=\"wp-block-uagb-container uagb-block-56c3496a\">\n<figure class=\"wp-block-image size-large\"><img loading=\"lazy\" decoding=\"async\" width=\"1024\" height=\"683\" src=\"https:\/\/dev.bassin-arcachon.com\/wp-content\/uploads\/2024\/08\/2020_HD_Plage-Arcachon_BIETTE-1-1024x683.jpg\" alt=\"- - Bassin d&#039;Arcachon\" class=\"wp-image-58898\" title=\"- - Bassin d&#039;Arcachon\" srcset=\"https:\/\/dev.bassin-arcachon.com\/wp-content\/uploads\/2024\/08\/2020_HD_Plage-Arcachon_BIETTE-1-1024x683.jpg 1024w, https:\/\/dev.bassin-arcachon.com\/wp-content\/uploads\/2024\/08\/2020_HD_Plage-Arcachon_BIETTE-1-300x200.jpg 300w, https:\/\/dev.bassin-arcachon.com\/wp-content\/uploads\/2024\/08\/2020_HD_Plage-Arcachon_BIETTE-1-768x512.jpg 768w, https:\/\/dev.bassin-arcachon.com\/wp-content\/uploads\/2024\/08\/2020_HD_Plage-Arcachon_BIETTE-1-1536x1024.jpg 1536w, https:\/\/dev.bassin-arcachon.com\/wp-content\/uploads\/2024\/08\/2020_HD_Plage-Arcachon_BIETTE-1-2048x1365.jpg 2048w, https:\/\/dev.bassin-arcachon.com\/wp-content\/uploads\/2024\/08\/2020_HD_Plage-Arcachon_BIETTE-1-18x12.jpg 18w, https:\/\/dev.bassin-arcachon.com\/wp-content\/uploads\/2024\/08\/2020_HD_Plage-Arcachon_BIETTE-1-640x427.jpg 640w, https:\/\/dev.bassin-arcachon.com\/wp-content\/uploads\/2024\/08\/2020_HD_Plage-Arcachon_BIETTE-1-1200x800.jpg 1200w, https:\/\/dev.bassin-arcachon.com\/wp-content\/uploads\/2024\/08\/2020_HD_Plage-Arcachon_BIETTE-1-1920x1280.jpg 1920w\" sizes=\"auto, (max-width: 1024px) 100vw, 1024px\" \/><\/figure>\n<\/div>\n<\/div><\/div>\n\n\n\n<div class=\"wp-block-uagb-container uagb-block-b68916f1 alignfull uagb-is-root-container\"><div class=\"uagb-container-inner-blocks-wrap\">\n<div class=\"wp-block-uagb-container uagb-block-b17a5d36\">\n<p>Haz clic <strong><a href=\"https:\/\/www.agglo-cobas.fr\/wp-content\/uploads\/2024\/03\/VDEF-plan-pistes-cyclables-cobas-2024-web.pdf\" target=\"_blank\" rel=\"noreferrer noopener\">AQU\u00cd<\/a><\/strong>para ver el mapa en l\u00ednea o inf\u00f3rmate en la <strong>COBAS, los cuatro ayuntamientos y sus anexos, as\u00ed como en las oficinas de turismo de Arcach\u00f3n, La Teste de Buch, Gujan-Mestras y Le Teich.<\/strong><br><\/p>\n<\/div>\n\n\n\n<div class=\"wp-block-uagb-container uagb-block-e4189816\">\n<figure class=\"wp-block-image size-large\"><img loading=\"lazy\" decoding=\"async\" width=\"1024\" height=\"1024\" src=\"https:\/\/dev.bassin-arcachon.com\/wp-content\/uploads\/2024\/12\/Plan-velo-2024_HD-1024x1024.png\" alt=\"- - Bassin d&#039;Arcachon\" class=\"wp-image-112044\" title=\"- - Bassin d&#039;Arcachon\" srcset=\"https:\/\/dev.bassin-arcachon.com\/wp-content\/uploads\/2024\/12\/Plan-velo-2024_HD-1024x1024.png 1024w, https:\/\/dev.bassin-arcachon.com\/wp-content\/uploads\/2024\/12\/Plan-velo-2024_HD-300x300.png 300w, https:\/\/dev.bassin-arcachon.com\/wp-content\/uploads\/2024\/12\/Plan-velo-2024_HD-150x150.png 150w, https:\/\/dev.bassin-arcachon.com\/wp-content\/uploads\/2024\/12\/Plan-velo-2024_HD-768x768.png 768w, https:\/\/dev.bassin-arcachon.com\/wp-content\/uploads\/2024\/12\/Plan-velo-2024_HD-12x12.png 12w, https:\/\/dev.bassin-arcachon.com\/wp-content\/uploads\/2024\/12\/Plan-velo-2024_HD-640x640.png 640w, https:\/\/dev.bassin-arcachon.com\/wp-content\/uploads\/2024\/12\/Plan-velo-2024_HD.png 1200w\" sizes=\"auto, (max-width: 1024px) 100vw, 1024px\" \/><\/figure>\n<\/div>\n<\/div><\/div>\n\n\n\n<div class=\"wp-block-uagb-container uagb-block-123e3c8d alignfull uagb-is-root-container\"><div class=\"uagb-container-inner-blocks-wrap\">\n<h3 class=\"wp-block-heading\">En la bah\u00eda norte <br>(De Biganos a L\u00e8ge-Cap Ferret)<\/h3>\n<\/div><\/div>\n\n\n\n<div class=\"wp-block-uagb-container uagb-block-e677af68 alignfull uagb-is-root-container\"><div class=\"uagb-container-inner-blocks-wrap\">\n<div class=\"wp-block-uagb-container uagb-block-1d284338\">\n<figure class=\"wp-block-image size-large\"><img loading=\"lazy\" decoding=\"async\" width=\"1024\" height=\"683\" src=\"https:\/\/dev.bassin-arcachon.com\/wp-content\/uploads\/2024\/08\/2017_HD_Villages-ostreicoles_BIETTE-7-1024x683.jpg\" alt=\"- - Bassin d&#039;Arcachon\" class=\"wp-image-58919\" title=\"- - Bassin d&#039;Arcachon\" srcset=\"https:\/\/dev.bassin-arcachon.com\/wp-content\/uploads\/2024\/08\/2017_HD_Villages-ostreicoles_BIETTE-7-1024x683.jpg 1024w, https:\/\/dev.bassin-arcachon.com\/wp-content\/uploads\/2024\/08\/2017_HD_Villages-ostreicoles_BIETTE-7-300x200.jpg 300w, https:\/\/dev.bassin-arcachon.com\/wp-content\/uploads\/2024\/08\/2017_HD_Villages-ostreicoles_BIETTE-7-768x512.jpg 768w, https:\/\/dev.bassin-arcachon.com\/wp-content\/uploads\/2024\/08\/2017_HD_Villages-ostreicoles_BIETTE-7-1536x1024.jpg 1536w, https:\/\/dev.bassin-arcachon.com\/wp-content\/uploads\/2024\/08\/2017_HD_Villages-ostreicoles_BIETTE-7-2048x1365.jpg 2048w, https:\/\/dev.bassin-arcachon.com\/wp-content\/uploads\/2024\/08\/2017_HD_Villages-ostreicoles_BIETTE-7-18x12.jpg 18w, https:\/\/dev.bassin-arcachon.com\/wp-content\/uploads\/2024\/08\/2017_HD_Villages-ostreicoles_BIETTE-7-640x427.jpg 640w, https:\/\/dev.bassin-arcachon.com\/wp-content\/uploads\/2024\/08\/2017_HD_Villages-ostreicoles_BIETTE-7-1200x800.jpg 1200w, https:\/\/dev.bassin-arcachon.com\/wp-content\/uploads\/2024\/08\/2017_HD_Villages-ostreicoles_BIETTE-7-1920x1280.jpg 1920w\" sizes=\"auto, (max-width: 1024px) 100vw, 1024px\" \/><\/figure>\n<\/div>\n\n\n\n<div class=\"wp-block-uagb-container uagb-block-6bde63ec\">\n<p><strong>La Comunidad Urbana de  Bah\u00eda Norte (<a href=\"https:\/\/coban-atlantique.fr\/\" target=\"_blank\" rel=\"noopener\">COB\u00c1N<\/a>)<\/strong> propone sus circuitos en la aplicaci\u00f3n m\u00f3vil <a href=\"https:\/\/geovelo.app\/fr\/\" target=\"_blank\" rel=\"noopener\"><strong>Geovelo<\/strong><\/a>. En ella se integran<strong>todos los carriles bici, las zonas de tr\u00e1fico de baja velocidad, las diversas infraestructuras habilitadas para ciclistas e incluso las duraciones estimadas de los trayectos.<\/strong>.<\/p>\n\n\n\n<p>Se puede descargar gratis <a href=\"https:\/\/apps.apple.com\/fr\/app\/geovelo-gps-stats-v%C3%A9lo\/id1261357713\" target=\"_blank\" rel=\"noopener\">Apple<\/a> \u00e0 supprimer <a href=\"https:\/\/play.google.com\/store\/apps\/details?id=fr.geovelo&amp;hl=fr\" target=\"_blank\" rel=\"noopener\">Android<\/a>. <\/p>\n<\/div>\n<\/div><\/div>\n\n\n\n<div class=\"wp-block-uagb-container uagb-block-4cbabf0a alignfull uagb-is-root-container\"><div class=\"uagb-container-inner-blocks-wrap\">\n<div class=\"wp-block-buttons is-layout-flex wp-block-buttons-is-layout-flex\">\n<div class=\"wp-block-button is-style-outline is-style-outline--1\"><a class=\"wp-block-button__link has-text-align-center wp-element-button\" href=\"https:\/\/www.calameo.com\/read\/000024421d3283fe20be5\" target=\"_blank\" rel=\"noopener\">Recorrer la bah\u00eda en bicicleta<\/a><\/div>\n<\/div>\n<\/div><\/div>\n\n\n\n<p><\/p>\n\n\n\n<div class=\"wp-block-uagb-container uagb-block-9e001b31 alignfull uagb-is-root-container\"><div class=\"uagb-container-inner-blocks-wrap\">\n<div class=\"wp-block-uagb-container uagb-block-f1be2781\">\n<h3 class=\"wp-block-heading\">Recorrer la bah\u00eda en bicicleta<\/h3>\n\n\n\n<p>El programa incluye actividades como estas: pueblos ostr\u00edcolas, carriles bici a la sombra de los pinos mar\u00edtimos, paradas en bonitas playas, encuentros y buenos momentos. Descubre el relato viajero de Madame Oreille, fot\u00f3grafa y bloguera.<\/p>\n\n\n\n<div class=\"wp-block-buttons is-layout-flex wp-block-buttons-is-layout-flex\">\n<div class=\"wp-block-button\"><a class=\"wp-block-button__link wp-element-button\" href=\"https:\/\/www.madame-oreille.com\/bassin-darcachon-faire-le-tour-a-velo\/\" target=\"_blank\" rel=\"noreferrer noopener\">Todas las rutas ciclistas<\/a><\/div>\n<\/div>\n<\/div>\n\n\n\n<div class=\"wp-block-uagb-container uagb-block-5fed13b1\">\n<div class=\"wp-block-uagb-image uagb-block-ce1584a5 wp-block-uagb-image--layout-default wp-block-uagb-image--effect-static wp-block-uagb-image--align-none\"><figure class=\"wp-block-uagb-image__figure\"><img decoding=\"async\" srcset=\"https:\/\/dev.bassin-arcachon.com\/wp-content\/uploads\/2020\/06\/arcachon-vignette-tour-a-velo-1024x683.jpg \" sizes=\"auto, (max-width: 480px) 150px\" src=\"https:\/\/dev.bassin-arcachon.com\/wp-content\/uploads\/2020\/06\/arcachon-vignette-tour-a-velo-1024x683.jpg\" alt=\"- - Bassin d&#039;Arcachon\" class=\"uag-image-46836\" width=\"1024\" height=\"683\" title=\"- - Bassin d&#039;Arcachon\" loading=\"lazy\" role=\"img\"><\/figure><\/div>\n<\/div>\n<\/div><\/div>\n\n\n\n<div class=\"wp-block-uagb-container uagb-block-e01a274c alignfull uagb-is-root-container\"><div class=\"uagb-container-inner-blocks-wrap\"><\/div><\/div>\n\n\n\n<div class=\"wp-block-uagb-container uagb-block-515556c9 alignfull uagb-is-root-container\"><div class=\"uagb-container-inner-blocks-wrap\">\n<h2 class=\"wp-block-heading\">Circuitos por la bah\u00eda de Arcach\u00f3n<\/h2>\n<\/div><\/div>\n\n\n\n<div class=\"wp-block-uagb-container uagb-block-59306843 alignfull uagb-is-root-container\"><div class=\"uagb-container-inner-blocks-wrap\">\n<p><strong>Estos circuitos te invitan a recorrer los carriles bici de la bah\u00eda de Arcach\u00f3n.<\/strong>\u00a1Descubre el encanto de nuestros puertos y nuestros pueblos en bicicleta!<\/p>\n\n\n\n<div class=\"wp-block-uagb-buttons uagb-buttons__outer-wrap uagb-btn__default-btn uagb-btn-tablet__default-btn uagb-btn-mobile__default-btn uagb-block-8b7fa5b3\"><div class=\"uagb-buttons__wrap uagb-buttons-layout-wrap\">\n<div class=\"wp-block-uagb-buttons-child uagb-buttons__outer-wrap uagb-block-6a83a447 wp-block-button\"><div class=\"uagb-button__wrapper\"><a class=\"uagb-buttons-repeater wp-block-button__link\" aria-label=\"\" href=\"https:\/\/dev.bassin-arcachon.com\/es\/informacion-practica-para-moverse-en-bicicleta\/\" rel=\"follow noopener\" target=\"_blank\" role=\"button\"><div class=\"uagb-button__link\">Todas las rutas ciclistas<\/div><\/a><\/div><\/div>\n<\/div><\/div>\n<\/div><\/div>\n\n\n\n<div style=\"height:40px\" aria-hidden=\"true\" class=\"wp-block-spacer\"><\/div>\n\n\n\n<div class=\"wp-block-uagb-container uagb-block-c0d31738 alignfull uagb-is-root-container\"><div class=\"uagb-container-inner-blocks-wrap\">\n<div class=\"wp-block-uagb-container uagb-block-83b2379f\">\n<div class=\"wp-block-uagb-image uagb-block-ff636889 wp-block-uagb-image--layout-default wp-block-uagb-image--effect-static wp-block-uagb-image--align-none\"><figure class=\"wp-block-uagb-image__figure\"><img decoding=\"async\" srcset=\"https:\/\/dev.bassin-arcachon.com\/wp-content\/uploads\/2017\/08\/devant-le-bassin-velo-1024x683.jpg \" sizes=\"auto, (max-width: 480px) 150px\" src=\"https:\/\/dev.bassin-arcachon.com\/wp-content\/uploads\/2017\/08\/devant-le-bassin-velo-1024x683.jpg\" alt=\"- - Bassin d&#039;Arcachon\" class=\"uag-image-7542\" width=\"1024\" height=\"683\" title=\"- - Bassin d&#039;Arcachon\" loading=\"lazy\" role=\"img\"><\/figure><\/div>\n<\/div>\n\n\n\n<div class=\"wp-block-uagb-container uagb-block-8c3f6205\">\n<h3 class=\"wp-block-heading\">La selecci\u00f3n de las rutas en bicicleta hecha por los internautas<\/h3>\n\n\n\n<p>Estos circuitos te invitan a recorrer los carriles bici de la bah\u00eda de Arcach\u00f3n. \u00a1Descubre el encanto de nuestros puertos y nuestros pueblos en bicicleta!<\/p>\n\n\n\n<div class=\"wp-block-buttons is-layout-flex wp-block-buttons-is-layout-flex\">\n<div class=\"wp-block-button\"><a class=\"wp-block-button__link wp-element-button\" href=\"https:\/\/dev.bassin-arcachon.com\/es\/todos-los-circuitos\/\">Todas las rutas ciclistas<\/a><\/div>\n<\/div>\n<\/div>\n<\/div><\/div>\n\n\n\n<div style=\"height:40px\" aria-hidden=\"true\" class=\"wp-block-spacer suggest\"><\/div>\n\n\n\n<div style=\"height:40px\" aria-hidden=\"true\" class=\"wp-block-spacer\"><\/div>\n\n\n\n<div class=\"wp-block-uagb-container uagb-block-a971ce9a alignfull uagb-is-root-container\"><div class=\"uagb-container-inner-blocks-wrap\">\n<figure class=\"wp-block-video\"><video controls src=\"https:\/\/dev.bassin-arcachon.com\/wp-content\/uploads\/2018\/03\/Tour-du-Bassin-dArcachon-a\u0300-ve\u0301lo-1.mp4\"><\/video><\/figure>\n<\/div><\/div>\n\n\n\n<div style=\"height:40px\" aria-hidden=\"true\" class=\"wp-block-spacer\"><\/div>\n\n\n\n<div class=\"wp-block-uagb-container uagb-block-09790aa6 alignfull uagb-is-root-container\">\n<div class=\"wp-block-cover is-light has-parallax\"><span aria-hidden=\"true\" class=\"wp-block-cover__background has-background-dim-30 has-background-dim\"><\/span><div class=\"wp-block-cover__image-background wp-image-532 has-parallax\" style=\"background-position:50% 50%;background-image:url(https:\/\/dev.bassin-arcachon.com\/wp-content\/uploads\/2017\/03\/2-velo-bassin-darcachon-j5.jpg)\"><\/div><div class=\"wp-block-cover__inner-container is-layout-flow wp-block-cover-is-layout-flow\">\n<div class=\"wp-block-uagb-container uagb-block-6fac71f6\">\n<h2 class=\"wp-block-heading has-text-align-center has-white-color has-text-color\" style=\"font-size:50px\">Alquilar una bicicleta<\/h2>\n\n\n\n<p class=\"has-text-align-center button large plusblanc\"><a href=\"https:\/\/dev.bassin-arcachon.com\/es\/alquiler-de-bicicletas\/\">Ver los alquileres de bicicletas<\/a><\/p>\n<\/div>\n<\/div><\/div>\n<\/div>\n\n\n\n<div style=\"height:60px\" aria-hidden=\"true\" class=\"wp-block-spacer\"><\/div>\n\n\n\n<div class=\"wp-block-uagb-container uagb-block-2402e545 alignfull uagb-is-root-container\"><div class=\"uagb-container-inner-blocks-wrap\">\n<div class=\"wp-block-uagb-container uagb-block-5c758880\">\n<div class=\"wp-block-uagb-image uagb-block-99a2051e wp-block-uagb-image--layout-default wp-block-uagb-image--effect-static wp-block-uagb-image--align-none\"><figure class=\"wp-block-uagb-image__figure\"><img decoding=\"async\" srcset=\"https:\/\/dev.bassin-arcachon.com\/wp-content\/uploads\/2017\/08\/devant-le-bassin-velo-1024x683.jpg \" sizes=\"auto, (max-width: 480px) 150px\" src=\"https:\/\/dev.bassin-arcachon.com\/wp-content\/uploads\/2017\/08\/devant-le-bassin-velo-1024x683.jpg\" alt=\"- - Bassin d&#039;Arcachon\" class=\"uag-image-7542\" width=\"1024\" height=\"683\" title=\"- - Bassin d&#039;Arcachon\" loading=\"lazy\" role=\"img\"><\/figure><\/div>\n<\/div>\n\n\n\n<div class=\"wp-block-uagb-container uagb-block-571ff4ed\">\n<h3 class=\"wp-block-heading\">La bah\u00eda, etapa de la V\u00e9lodyss\u00e9e<\/h3>\n\n\n\n<p>Los apasionados de la bicicleta pod\u00e9is venir a la bah\u00eda de Arcach\u00f3n desde la V\u00e9lodyss\u00e9e, \u00a1la ruta ciclista que bordea la costa atl\u00e1ntica! Los proveedores de la bah\u00eda (hoteles, campings, casas rurales, oficinas de turismo\u2026) cuentan con la certificaci\u00f3n \u00abAccueil v\u00e9lo\u00bb (Bicicletas bienvenidas) y os reservan un servicio espec\u00edfico. Encu\u00e9ntralos en la p\u00e1gina web de la V\u00e9lodyss\u00e9e.<\/p>\n\n\n\n<div class=\"wp-block-buttons is-layout-flex wp-block-buttons-is-layout-flex\">\n<div class=\"wp-block-button\"><a class=\"wp-block-button__link wp-element-button\" href=\"https:\/\/www.lavelodyssee.com\/itineraire\/lege-cap-ferret-arcachon\" target=\"_blank\" rel=\"noopener\">Ver la informaci\u00f3n sobre la V\u00e9lodyss\u00e9e<\/a><\/div>\n<\/div>\n<\/div>\n<\/div><\/div>\n\n\n\n<div style=\"height:40px\" aria-hidden=\"true\" class=\"wp-block-spacer\"><\/div>","protected":false},"excerpt":{"rendered":"<p>\u00a1La Bassin en Arcachon tiene m\u00e1s de 330 km de carriles bici de sur a norte! Al sur Bassin (Arcachon, La Teste de Buch, Gujan Mestras, Le Teich) La comunidad urbana [\u2026]<\/p>","protected":false},"author":12,"featured_media":52280,"parent":0,"menu_order":9,"comment_status":"closed","ping_status":"closed","template":"page-templates\/page-bassin-a-velo.php","meta":{"_acf_changed":false,"_uag_custom_page_level_css":"","footnotes":""},"class_list":["post-19430","page","type-page","status-publish","has-post-thumbnail","hentry"],"acf":[],"uagb_featured_image_src":{"full":["https:\/\/dev.bassin-arcachon.com\/wp-content\/uploads\/2022\/11\/20180925_HD_Automne_Balade-velo_CASSIAU-66-scaled.jpg",2560,1707,false],"thumbnail":["https:\/\/dev.bassin-arcachon.com\/wp-content\/uploads\/2022\/11\/20180925_HD_Automne_Balade-velo_CASSIAU-66-scaled-150x150.jpg",150,150,true],"medium":["https:\/\/dev.bassin-arcachon.com\/wp-content\/uploads\/2022\/11\/20180925_HD_Automne_Balade-velo_CASSIAU-66-scaled-300x200.jpg",300,200,true],"medium_large":["https:\/\/dev.bassin-arcachon.com\/wp-content\/uploads\/2022\/11\/20180925_HD_Automne_Balade-velo_CASSIAU-66-scaled-768x512.jpg",768,512,true],"large":["https:\/\/dev.bassin-arcachon.com\/wp-content\/uploads\/2022\/11\/20180925_HD_Automne_Balade-velo_CASSIAU-66-scaled-1024x683.jpg",1024,683,true],"1536x1536":["https:\/\/dev.bassin-arcachon.com\/wp-content\/uploads\/2022\/11\/20180925_HD_Automne_Balade-velo_CASSIAU-66-scaled-1536x1024.jpg",1536,1024,true],"2048x2048":["https:\/\/dev.bassin-arcachon.com\/wp-content\/uploads\/2022\/11\/20180925_HD_Automne_Balade-velo_CASSIAU-66-scaled-2048x1366.jpg",2048,1366,true],"trp-custom-language-flag":["https:\/\/dev.bassin-arcachon.com\/wp-content\/uploads\/2022\/11\/20180925_HD_Automne_Balade-velo_CASSIAU-66-scaled-18x12.jpg",18,12,true],"fp-small":["https:\/\/dev.bassin-arcachon.com\/wp-content\/uploads\/2022\/11\/20180925_HD_Automne_Balade-velo_CASSIAU-66-scaled-640x427.jpg",640,427,true],"fp-large":["https:\/\/dev.bassin-arcachon.com\/wp-content\/uploads\/2022\/11\/20180925_HD_Automne_Balade-velo_CASSIAU-66-scaled-1200x800.jpg",1200,800,true],"fp-xlarge":["https:\/\/dev.bassin-arcachon.com\/wp-content\/uploads\/2022\/11\/20180925_HD_Automne_Balade-velo_CASSIAU-66-scaled-1920x1280.jpg",1920,1280,true]},"uagb_author_info":{"display_name":"Marine, habitante du Bassin d'Arcachon","author_link":"https:\/\/dev.bassin-arcachon.com\/es\/author\/marinesiba\/"},"uagb_comment_info":0,"uagb_excerpt":"Le Bassin d&rsquo;Arcachon, c&rsquo;est +330 km de pistes cyclables du Sud au Nord ! Sur le sud Bassin (Arcachon, La Teste de Buch, Gujan Mestras, Le Teich) La Communaut\u00e9 d&rsquo;Agglom\u00e9ration [&hellip;]","_links":{"self":[{"href":"https:\/\/dev.bassin-arcachon.com\/es\/wp-json\/wp\/v2\/pages\/19430","targetHints":{"allow":["GET"]}}],"collection":[{"href":"https:\/\/dev.bassin-arcachon.com\/es\/wp-json\/wp\/v2\/pages"}],"about":[{"href":"https:\/\/dev.bassin-arcachon.com\/es\/wp-json\/wp\/v2\/types\/page"}],"author":[{"embeddable":true,"href":"https:\/\/dev.bassin-arcachon.com\/es\/wp-json\/wp\/v2\/users\/12"}],"replies":[{"embeddable":true,"href":"https:\/\/dev.bassin-arcachon.com\/es\/wp-json\/wp\/v2\/comments?post=19430"}],"version-history":[{"count":10,"href":"https:\/\/dev.bassin-arcachon.com\/es\/wp-json\/wp\/v2\/pages\/19430\/revisions"}],"predecessor-version":[{"id":112590,"href":"https:\/\/dev.bassin-arcachon.com\/es\/wp-json\/wp\/v2\/pages\/19430\/revisions\/112590"}],"wp:featuredmedia":[{"embeddable":true,"href":"https:\/\/dev.bassin-arcachon.com\/es\/wp-json\/wp\/v2\/media\/52280"}],"wp:attachment":[{"href":"https:\/\/dev.bassin-arcachon.com\/es\/wp-json\/wp\/v2\/media?parent=19430"}],"curies":[{"name":"wp","href":"https:\/\/api.w.org\/{rel}","templated":true}]}}