{"id":400,"date":"2017-03-14T08:40:27","date_gmt":"2017-03-14T07:40:27","guid":{"rendered":"https:\/\/dev.bassin-arcachon.com\/\/?page_id=400"},"modified":"2025-01-06T10:18:30","modified_gmt":"2025-01-06T09:18:30","slug":"hotel","status":"publish","type":"page","link":"https:\/\/dev.bassin-arcachon.com\/es\/donde-dormir\/hotel\/","title":{"rendered":"Hoteles"},"content":{"rendered":"<div class=\"wp-block-uagb-container uagb-block-c9158cb7 alignfull uagb-is-root-container\"><div class=\"uagb-container-inner-blocks-wrap\">\n<p>Si buscas&nbsp;<a href=\"https:\/\/www.bassin-arcachon.com\/ou-dormir\/\" target=\"_blank\" rel=\"noreferrer noopener\">o dormir<\/a>&nbsp;en el Bassin de Arcachon? Descubre nuestros hoteles con encanto, al borde de la Bassin, con piscina o con spa, y pasa una estancia inolvidable con los pies en el agua.<\/p>\n<\/div><\/div>\n\n\n\n<div class=\"wp-block-uagb-container uagb-block-a7b14adc alignfull uagb-is-root-container\"><div class=\"uagb-container-inner-blocks-wrap\">\n<div class=\"wp-block-uagb-container uagb-block-855fd94f\">\n<h2 class=\"wp-block-heading\">hotel junto al mar<\/h2>\n\n\n\n<p>Aqu\u00ed no estamos hablando realmente de un hotel junto al mar, \u00a1sino al borde del Bassin! POSEE\u00a0<a href=\"https:\/\/www.bassin-arcachon.com\/hebergements\/hotels@andernos\/\" target=\"_blank\" rel=\"noreferrer noopener\">Andernos<\/a>, a\u00a0<a href=\"https:\/\/www.bassin-arcachon.com\/hebergements\/hotels@cap-ferret\/\" target=\"_blank\" rel=\"noreferrer noopener\">Cap Ferret<\/a>, o al otro lado del Bassin, duerme con los pies en el agua. Y si quieres reservar un\u00a0<strong>hotel cerca del mar<\/strong>\u00a0Atl\u00e1ntico, recomendamos la pen\u00ednsula de L\u00e8ge-Cap Ferret o la localidad de Teste du Buch, que ofrecen ambos uno de sus lados a las olas del oc\u00e9ano.<\/p>\n\n\n\n<div class=\"wp-block-buttons is-layout-flex wp-block-buttons-is-layout-flex\">\n<div class=\"wp-block-button\"><a class=\"wp-block-button__link wp-element-button\" href=\"https:\/\/dev.bassin-arcachon.com\/es\/alojamiento-2\/hoteles-y-vuelos\/\">Hoteles con vistas Bassin<\/a><\/div>\n<\/div>\n<\/div>\n\n\n\n<div class=\"wp-block-uagb-container uagb-block-3512e021\">\n<div class=\"wp-block-uagb-image uagb-block-06931776 wp-block-uagb-image--layout-default wp-block-uagb-image--effect-static wp-block-uagb-image--align-none\"><figure class=\"wp-block-uagb-image__figure\"><img decoding=\"async\" srcset=\"https:\/\/dev.bassin-arcachon.com\/wp-content\/uploads\/2020\/02\/chambre-dh\u00f4tes-gujan-mestras-cabane-14-1-1024x683.jpg \" sizes=\"auto, (max-width: 480px) 150px\" src=\"https:\/\/dev.bassin-arcachon.com\/wp-content\/uploads\/2020\/02\/chambre-dh\u00f4tes-gujan-mestras-cabane-14-1-1024x683.jpg\" alt=\"- - Bassin d&#039;Arcachon\" class=\"uag-image-41869\" width=\"1024\" height=\"683\" title=\"- - Bassin d&#039;Arcachon\" loading=\"lazy\" role=\"img\"><\/figure><\/div>\n<\/div>\n<\/div><\/div>\n\n\n\n<div style=\"height:60px\" aria-hidden=\"true\" class=\"wp-block-spacer\"><\/div>\n\n\n\n<div class=\"wp-block-uagb-container uagb-block-90e98bfc alignfull uagb-is-root-container\">\n<div class=\"wp-block-cover is-light has-parallax\"><span aria-hidden=\"true\" class=\"wp-block-cover__background has-background-dim-0 has-background-dim\"><\/span><div class=\"wp-block-cover__image-background wp-image-1345 has-parallax\" style=\"background-position:50% 50%;background-image:url(https:\/\/dev.bassin-arcachon.com\/wp-content\/uploads\/2017\/03\/Camping-Panorama-du-Pyla-cottage-vue-mer-coin-farniente.jpg)\"><\/div><div class=\"wp-block-cover__inner-container is-layout-flow wp-block-cover-is-layout-flow\">\n<div class=\"wp-block-uagb-container uagb-block-f463157c\">\n<h2 class=\"wp-block-heading has-text-align-center has-white-color has-text-color has-large-font-size\">Para encontrar el hotel perfecto, \u00a1haz tu reserva lo antes posible!<\/h2>\n\n\n\n<p class=\"has-text-align-center has-white-color has-text-color\"><a href=\"https:\/\/dev.bassin-arcachon.com\/es\/alojamiento-2\/hoteles\/\">LANZA LA B\u00daSQUEDA<\/a><\/p>\n<\/div>\n<\/div><\/div>\n<\/div>\n\n\n\n<div style=\"height:60px\" aria-hidden=\"true\" class=\"wp-block-spacer\"><\/div>\n\n\n\n<div class=\"wp-block-uagb-container uagb-block-e1fdc3fa alignfull uagb-is-root-container\"><div class=\"uagb-container-inner-blocks-wrap\">\n<div class=\"wp-block-uagb-container uagb-block-fefb2fda\">\n<h2 class=\"wp-block-heading\">Tu hotel con SPA<\/h2>\n\n\n\n<p>Este es uno de los placeres durante las vacaciones o para un fin de semana: poder reservar un&nbsp;<strong>hotel con SPA<\/strong>. La ventaja del SPA es que puede disfrutar del Bassin de Arcachon en cualquier temporada, ya que el hammam o la sauna est\u00e1n disponibles sea cual sea el clima. POSEE&nbsp;<a href=\"https:\/\/www.bassin-arcachon.com\/ou-dormir\/hotel\/la-teste-de-buch\/\" target=\"_blank\" rel=\"noreferrer noopener\">La Teste-de-Buch<\/a>&nbsp;o al pie de&nbsp;<a href=\"https:\/\/www.bassin-arcachon.com\/ou-dormir\/hotel\/dune-pilat\/\" target=\"_blank\" rel=\"noreferrer noopener\">la duna de Pilat,<\/a>, disfrute de un agradable momento de relajaci\u00f3n en el spa de su hotel!<\/p>\n\n\n\n<div class=\"wp-block-buttons is-layout-flex wp-block-buttons-is-layout-flex\">\n<div class=\"wp-block-button\"><a class=\"wp-block-button__link wp-element-button\" href=\"https:\/\/dev.bassin-arcachon.com\/es\/alojamiento-2\/hoteles-y-spa-2\/\">Hoteles con SPA<\/a><\/div>\n<\/div>\n<\/div>\n\n\n\n<div class=\"wp-block-uagb-container uagb-block-993a6690\">\n<div class=\"wp-block-uagb-image uagb-block-80e2563c wp-block-uagb-image--layout-default wp-block-uagb-image--effect-static wp-block-uagb-image--align-none\"><figure class=\"wp-block-uagb-image__figure\"><img decoding=\"async\" srcset=\"https:\/\/dev.bassin-arcachon.com\/wp-content\/uploads\/2017\/02\/detente-spa-1024x683.jpg \" sizes=\"auto, (max-width: 480px) 150px\" src=\"https:\/\/dev.bassin-arcachon.com\/wp-content\/uploads\/2017\/02\/detente-spa-1024x683.jpg\" alt=\"- - Bassin d&#039;Arcachon\" class=\"uag-image-7222\" width=\"1024\" height=\"683\" title=\"- - Bassin d&#039;Arcachon\" loading=\"lazy\" role=\"img\"><\/figure><\/div>\n<\/div>\n<\/div><\/div>\n\n\n\n<div style=\"height:60px\" aria-hidden=\"true\" class=\"wp-block-spacer\"><\/div>\n\n\n\n<div class=\"wp-block-uagb-container uagb-block-71b2b3c1 alignfull uagb-is-root-container\"><div class=\"uagb-container-inner-blocks-wrap\">\n<div class=\"wp-block-uagb-container uagb-block-5571b746\">\n<div class=\"wp-block-uagb-image uagb-block-d1f996b2 wp-block-uagb-image--layout-default wp-block-uagb-image--effect-static wp-block-uagb-image--align-none\"><figure class=\"wp-block-uagb-image__figure\"><img decoding=\"async\" srcset=\"https:\/\/dev.bassin-arcachon.com\/wp-content\/uploads\/2017\/03\/hotel-arcachon.jpg \" sizes=\"auto, (max-width: 480px) 150px\" src=\"https:\/\/dev.bassin-arcachon.com\/wp-content\/uploads\/2017\/03\/hotel-arcachon.jpg\" alt=\"- - Bassin d&#039;Arcachon\" class=\"uag-image-24506\" width=\"1000\" height=\"666\" title=\"- - Bassin d&#039;Arcachon\" loading=\"lazy\" role=\"img\"><\/figure><\/div>\n<\/div>\n\n\n\n<div class=\"wp-block-uagb-container uagb-block-88044b96\">\n<h2 class=\"wp-block-heading\">El encanto de los hoteles Bassin en Arcachon<\/h2>\n\n\n\n<p>Hoteles con encanto no faltan en la\u00a0<strong>la bah\u00eda de Arcach\u00f3n<\/strong>. Hermosas direcciones en el coraz\u00f3n de Bassin,\u00a0<a href=\"https:\/\/dev.bassin-arcachon.com\/es\/alojamiento-2\/hoteleslanton\/\" target=\"_blank\" rel=\"noreferrer noopener\">a supprimer<\/a>\u00a0en Biganos, o residencias t\u00edpicas en\u00a0<a href=\"https:\/\/dev.bassin-arcachon.com\/es\/alojamiento-2\/hotelesarcachon\/\" target=\"_blank\" rel=\"noreferrer noopener\">Arcachon<\/a>, tenemos hermosos hoteles para que los descubras ahora mismo.<\/p>\n\n\n\n<div class=\"wp-block-buttons is-layout-flex wp-block-buttons-is-layout-flex\">\n<div class=\"wp-block-button\"><a class=\"wp-block-button__link wp-element-button\" href=\"https:\/\/dev.bassin-arcachon.com\/es\/alojamiento-2\/hoteles\/\">Hoteles con encanto<\/a><\/div>\n<\/div>\n<\/div>\n<\/div><\/div>\n\n\n\n<div style=\"height:60px\" aria-hidden=\"true\" class=\"wp-block-spacer\"><\/div>\n\n\n\n<div class=\"wp-block-uagb-container uagb-block-5cf21d76 alignfull uagb-is-root-container\"><div class=\"uagb-container-inner-blocks-wrap\">\n<div class=\"wp-block-uagb-container uagb-block-5ee4e383\">\n<h2 class=\"wp-block-heading\">La comodidad de un hotel con piscina<\/h2>\n\n\n\n<p>Incluso si el Arcachon Bassin nunca est\u00e1 lejos, tener un\u00a0<strong>piscina en el hotel<\/strong>\u00a0siempre se agradece. En caso de marea baja, o simplemente para darte un chapuz\u00f3n nada m\u00e1s despertarte, descubre nuestra selecci\u00f3n de hoteles con piscina en todo el Bassin. De\u00a0<a href=\"https:\/\/www.bassin-arcachon.com\/hebergements\/hotels@gujan-mestras\/\" target=\"_blank\" rel=\"noreferrer noopener\">Gujan-Mestras<\/a>\u00a0a\u00a0<a href=\"https:\/\/www.bassin-arcachon.com\/hebergements\/hotels@ares\/\" target=\"_blank\" rel=\"noreferrer noopener\">Ares<\/a>, pasando por\u00a0<a href=\"https:\/\/www.bassin-arcachon.com\/hebergements\/hotels@le-teich\/\" target=\"_blank\" rel=\"noreferrer noopener\">Le Teich<\/a>\u00a0O\u00a0<a href=\"https:\/\/www.bassin-arcachon.com\/hebergements\/hotels@coeur-de-bassin\" target=\"_blank\" rel=\"noreferrer noopener\">el Coraz\u00f3n de la bah\u00eda<\/a>, reserva tu hotel con piscina!<\/p>\n\n\n\n<div class=\"wp-block-buttons is-layout-flex wp-block-buttons-is-layout-flex\">\n<div class=\"wp-block-button\"><a class=\"wp-block-button__link wp-element-button\" href=\"https:\/\/dev.bassin-arcachon.com\/es\/alojamiento-2\/hoteles%26amp%3bpiscina\/\">Hoteles con piscina<\/a><\/div>\n<\/div>\n<\/div>\n\n\n\n<div class=\"wp-block-uagb-container uagb-block-e52772f2\">\n<div class=\"wp-block-uagb-image uagb-block-f59a49ab wp-block-uagb-image--layout-default wp-block-uagb-image--effect-static wp-block-uagb-image--align-none\"><figure class=\"wp-block-uagb-image__figure\"><img decoding=\"async\" srcset=\"https:\/\/dev.bassin-arcachon.com\/wp-content\/uploads\/2019\/11\/Piscine-2-600.jpg \" sizes=\"auto, (max-width: 480px) 150px\" src=\"https:\/\/dev.bassin-arcachon.com\/wp-content\/uploads\/2019\/11\/Piscine-2-600.jpg\" alt=\"- - Bassin d&#039;Arcachon\" class=\"uag-image-38869\" width=\"600\" height=\"400\" title=\"- - Bassin d&#039;Arcachon\" loading=\"lazy\" role=\"img\"><\/figure><\/div>\n<\/div>\n<\/div><\/div>\n\n\n\n<div style=\"height:60px\" aria-hidden=\"true\" class=\"wp-block-spacer\"><\/div>\n\n\n\n<div class=\"wp-block-uagb-container uagb-block-2831fd6a alignfull uagb-is-root-container\"><div class=\"uagb-container-inner-blocks-wrap\">\n<h3 class=\"wp-block-heading has-text-align-center\">Descubra los otros tipos de alojamiento alrededor del Bassin en Arcachon:<\/h3>\n\n\n\n<p class=\"has-text-align-center\"><a href=\"https:\/\/dev.bassin-arcachon.com\/es\/alojamiento-2\/habitaciones-de-invitados-2\/\" target=\"_blank\" rel=\"noreferrer noopener\">las habitaciones<\/a><br><a href=\"https:\/\/dev.bassin-arcachon.com\/es\/alojamiento-2\/campings\/\" target=\"_blank\" rel=\"noreferrer noopener\">Campings<\/a><\/p>\n<\/div><\/div>\n\n\n\n<div style=\"height:60px\" aria-hidden=\"true\" class=\"wp-block-spacer\"><\/div>","protected":false},"excerpt":{"rendered":"<p>\u00bfEst\u00e1s buscando d\u00f3nde dormir en el Bassin en Arcachon? Descubre nuestros hoteles con encanto, a orillas de la Bassin, con piscina o spa, y pasa una estancia inolvidable con los pies en el agua. [\u2026]<\/p>","protected":false},"author":25,"featured_media":394,"parent":43,"menu_order":3,"comment_status":"closed","ping_status":"closed","template":"","meta":{"_acf_changed":false,"_uag_custom_page_level_css":"","footnotes":""},"class_list":["post-400","page","type-page","status-publish","has-post-thumbnail","hentry"],"acf":[],"uagb_featured_image_src":{"full":["https:\/\/dev.bassin-arcachon.com\/wp-content\/uploads\/2017\/03\/header-hotels.jpg",842,560,false],"thumbnail":["https:\/\/dev.bassin-arcachon.com\/wp-content\/uploads\/2017\/03\/header-hotels-150x150.jpg",150,150,true],"medium":["https:\/\/dev.bassin-arcachon.com\/wp-content\/uploads\/2017\/03\/header-hotels-300x200.jpg",300,200,true],"medium_large":["https:\/\/dev.bassin-arcachon.com\/wp-content\/uploads\/2017\/03\/header-hotels-768x511.jpg",768,511,true],"large":["https:\/\/dev.bassin-arcachon.com\/wp-content\/uploads\/2017\/03\/header-hotels.jpg",842,560,false],"1536x1536":["https:\/\/dev.bassin-arcachon.com\/wp-content\/uploads\/2017\/03\/header-hotels.jpg",842,560,false],"2048x2048":["https:\/\/dev.bassin-arcachon.com\/wp-content\/uploads\/2017\/03\/header-hotels.jpg",842,560,false],"trp-custom-language-flag":["https:\/\/dev.bassin-arcachon.com\/wp-content\/uploads\/2017\/03\/header-hotels-18x12.jpg",18,12,true],"fp-small":["https:\/\/dev.bassin-arcachon.com\/wp-content\/uploads\/2017\/03\/header-hotels-640x426.jpg",640,426,true],"fp-large":["https:\/\/dev.bassin-arcachon.com\/wp-content\/uploads\/2017\/03\/header-hotels.jpg",842,560,false],"fp-xlarge":["https:\/\/dev.bassin-arcachon.com\/wp-content\/uploads\/2017\/03\/header-hotels.jpg",842,560,false]},"uagb_author_info":{"display_name":"Marie Clauzel","author_link":"https:\/\/dev.bassin-arcachon.com\/es\/author\/mariesiba\/"},"uagb_comment_info":0,"uagb_excerpt":"Vous cherchez&nbsp;o\u00f9 dormir&nbsp;sur le Bassin d\u2019Arcachon ? D\u00e9couvrez nos h\u00f4tels de charme, au bord du Bassin, avec piscine ou avec spa, et passez un s\u00e9jour inoubliable les pieds dans l\u2019eau. [&hellip;]","_links":{"self":[{"href":"https:\/\/dev.bassin-arcachon.com\/es\/wp-json\/wp\/v2\/pages\/400","targetHints":{"allow":["GET"]}}],"collection":[{"href":"https:\/\/dev.bassin-arcachon.com\/es\/wp-json\/wp\/v2\/pages"}],"about":[{"href":"https:\/\/dev.bassin-arcachon.com\/es\/wp-json\/wp\/v2\/types\/page"}],"author":[{"embeddable":true,"href":"https:\/\/dev.bassin-arcachon.com\/es\/wp-json\/wp\/v2\/users\/25"}],"replies":[{"embeddable":true,"href":"https:\/\/dev.bassin-arcachon.com\/es\/wp-json\/wp\/v2\/comments?post=400"}],"version-history":[{"count":1,"href":"https:\/\/dev.bassin-arcachon.com\/es\/wp-json\/wp\/v2\/pages\/400\/revisions"}],"predecessor-version":[{"id":68248,"href":"https:\/\/dev.bassin-arcachon.com\/es\/wp-json\/wp\/v2\/pages\/400\/revisions\/68248"}],"up":[{"embeddable":true,"href":"https:\/\/dev.bassin-arcachon.com\/es\/wp-json\/wp\/v2\/pages\/43"}],"wp:featuredmedia":[{"embeddable":true,"href":"https:\/\/dev.bassin-arcachon.com\/es\/wp-json\/wp\/v2\/media\/394"}],"wp:attachment":[{"href":"https:\/\/dev.bassin-arcachon.com\/es\/wp-json\/wp\/v2\/media?parent=400"}],"curies":[{"name":"wp","href":"https:\/\/api.w.org\/{rel}","templated":true}]}}