{"id":52286,"date":"2022-11-02T17:08:40","date_gmt":"2022-11-02T16:08:40","guid":{"rendered":"https:\/\/dev.bassin-arcachon.com\/?page_id=52286"},"modified":"2025-04-22T16:40:50","modified_gmt":"2025-04-22T14:40:50","slug":"nuestros-folletos","status":"publish","type":"page","link":"https:\/\/dev.bassin-arcachon.com\/es\/nuestros-folletos\/","title":{"rendered":"Nuestros folletos"},"content":{"rendered":"<div class=\"wp-block-uagb-container form-brochure uagb-block-1bf3bff8 alignfull uagb-is-root-container\"><div class=\"uagb-container-inner-blocks-wrap\">\n<div style=\"height:2em\" aria-hidden=\"true\" class=\"wp-block-spacer uag-hide-desktop\"><\/div>\n\n\n\n<h2 class=\"wp-block-heading has-text-align-center\">Para recibir la Revista Destino Bassin de Arcachon por correo,<br>P\u00eddalo a trav\u00e9s del siguiente formulario.<\/h2>\n\n\n\n<p class=\"has-text-align-center\">Consulta todos nuestros <a class=\"\" href=\"https:\/\/dev.bassin-arcachon.com\/es\/nuestros-folletos\/?preview_id=52286&amp;preview_nonce=107f1cdb76&amp;preview=true&amp;_thumbnail_id=54275#brochures\">folletos disponibles para descargar a continuaci\u00f3n.<\/a><\/p>\n\n\n\n<div class=\"wp-block-uagb-container formContainer uagb-block-c97f651c\">\n<div class=\"forminator-guttenberg\"><div class=\"forminator-ui forminator-custom-form forminator-custom-form-157907 forminator-design--basic  forminator_ajax\" data-forminator-render=\"0\" data-form=\"forminator-module-157907\" data-uid=\"69f8be64d7939\"><br\/><\/div><form\n\t\t\t\tid=\"forminator-module-157907\"\n\t\t\t\tclass=\"forminator-ui forminator-custom-form forminator-custom-form-157907 forminator-design--basic  forminator_ajax\"\n\t\t\t\tmethod=\"post\"\n\t\t\t\tdata-forminator-render=\"0\"\n\t\t\t\tdata-form-id=\"157907\"\n\t\t\t\t data-color-option=\"theme\" data-design=\"basic\" data-grid=\"open\" style=\"display: none;\"\n\t\t\t\tdata-uid=\"69f8be64d7939\" action=\"\"\n\t\t\t><div role=\"alert\" aria-live=\"polite\" class=\"forminator-response-message forminator-error\" aria-hidden=\"true\"><\/div><div class=\"forminator-row\"><div id=\"radio-1\" class=\"forminator-field-radio forminator-col forminator-col-12\"><div role=\"radiogroup\" class=\"forminator-field\" aria-labelledby=\"forminator-radiogroup-radio-1-69f8be64d7939-label\"><span id=\"forminator-radiogroup-radio-1-69f8be64d7939-label\" class=\"forminator-label\">Civilidad <span class=\"forminator-required\">*<\/span><\/span><label id=\"forminator-field-radio-1-label-1\" for=\"forminator-field-radio-1-1-69f8be64d7939\" class=\"forminator-radio forminator-radio-inline\" title=\"Sra\"><input type=\"radio\" name=\"radio-1\" value=\"Mme\" id=\"forminator-field-radio-1-1-69f8be64d7939\" aria-labelledby=\"forminator-field-radio-1-label-1\" data-calculation=\"0\"   data-hidden-behavior=\"zero\"\/><span class=\"forminator-radio-bullet\" aria-hidden=\"true\"><\/span><span class=\"forminator-radio-label\">Sra<\/span><\/label><label id=\"forminator-field-radio-1-label-2\" for=\"forminator-field-radio-1-2-69f8be64d7939\" class=\"forminator-radio forminator-radio-inline\" title=\"Se\u00f1or\"><input type=\"radio\" name=\"radio-1\" value=\"Mr\" id=\"forminator-field-radio-1-2-69f8be64d7939\" aria-labelledby=\"forminator-field-radio-1-label-2\" data-calculation=\"0\"   data-hidden-behavior=\"zero\"\/><span class=\"forminator-radio-bullet\" aria-hidden=\"true\"><\/span><span class=\"forminator-radio-label\">Se\u00f1or<\/span><\/label><\/div><\/div><\/div><div class=\"forminator-row\"><div id=\"name-1\" class=\"forminator-field-name forminator-col forminator-col-4\"><div class=\"forminator-field\"><label for=\"forminator-field-name-1_69f8be64d7939\" id=\"forminator-field-name-1_69f8be64d7939-label\" class=\"forminator-label\">Nombre de pila <span class=\"forminator-required\">*<\/span><\/label><input type=\"text\" name=\"name-1\" value=\"\" placeholder=\"Nombre de pila\" id=\"forminator-field-name-1_69f8be64d7939\" class=\"forminator-input forminator-name--field\" aria-required=\"true\" autocomplete=\"name\" \/><\/div><\/div><div id=\"name-2\" class=\"forminator-field-name forminator-col forminator-col-4\"><div class=\"forminator-field\"><label for=\"forminator-field-name-2_69f8be64d7939\" id=\"forminator-field-name-2_69f8be64d7939-label\" class=\"forminator-label\">Nombre <span class=\"forminator-required\">*<\/span><\/label><input type=\"text\" name=\"name-2\" value=\"\" placeholder=\"Nombre\" id=\"forminator-field-name-2_69f8be64d7939\" class=\"forminator-input forminator-name--field\" aria-required=\"true\" autocomplete=\"name\" \/><\/div><\/div><div id=\"email-1\" class=\"forminator-field-email forminator-col forminator-col-4\"><div class=\"forminator-field\"><label for=\"forminator-field-email-1_69f8be64d7939\" id=\"forminator-field-email-1_69f8be64d7939-label\" class=\"forminator-label\">Correo electr\u00f3nico <span class=\"forminator-required\">*<\/span><\/label><input type=\"email\" name=\"email-1\" value=\"\" placeholder=\"Direcci\u00f3n de correo electr\u00f3nico\" id=\"forminator-field-email-1_69f8be64d7939\" class=\"forminator-input forminator-email--field\" data-required=\"true\" aria-required=\"true\" autocomplete=\"email\" \/><\/div><\/div><\/div><div class=\"forminator-row\"><div id=\"text-1\" class=\"forminator-field-text forminator-col forminator-col-4\"><div class=\"forminator-field\"><label for=\"forminator-field-text-1_69f8be64d7939\" id=\"forminator-field-text-1_69f8be64d7939-label\" class=\"forminator-label\">DIRECCI\u00d3N <span class=\"forminator-required\">*<\/span><\/label><input type=\"text\" name=\"text-1\" value=\"\" placeholder=\"DIRECCI\u00d3N\" id=\"forminator-field-text-1_69f8be64d7939\" class=\"forminator-input forminator-name--field\" data-required=\"1\" \/><\/div><\/div><div id=\"text-2\" class=\"forminator-field-text forminator-col forminator-col-4\"><div class=\"forminator-field\"><label for=\"forminator-field-text-2_69f8be64d7939\" id=\"forminator-field-text-2_69f8be64d7939-label\" class=\"forminator-label\">C\u00f3digo Postal <span class=\"forminator-required\">*<\/span><\/label><input type=\"text\" name=\"text-2\" value=\"\" placeholder=\"C\u00f3digo Postal\" id=\"forminator-field-text-2_69f8be64d7939\" class=\"forminator-input forminator-name--field\" data-required=\"1\" \/><\/div><\/div><div id=\"text-3\" class=\"forminator-field-text forminator-col forminator-col-4\"><div class=\"forminator-field\"><label for=\"forminator-field-text-3_69f8be64d7939\" id=\"forminator-field-text-3_69f8be64d7939-label\" class=\"forminator-label\">Ciudad <span class=\"forminator-required\">*<\/span><\/label><input type=\"text\" name=\"text-3\" value=\"\" placeholder=\"Ciudad\" id=\"forminator-field-text-3_69f8be64d7939\" class=\"forminator-input forminator-name--field\" data-required=\"1\" \/><\/div><\/div><\/div><div class=\"forminator-row\"><div id=\"text-4\" class=\"forminator-field-text forminator-col forminator-col-4\"><div class=\"forminator-field\"><label for=\"forminator-field-text-4_69f8be64d7939\" id=\"forminator-field-text-4_69f8be64d7939-label\" class=\"forminator-label\">Pa\u00eds <span class=\"forminator-required\">*<\/span><\/label><input type=\"text\" name=\"text-4\" value=\"\" placeholder=\"Pa\u00eds\" id=\"forminator-field-text-4_69f8be64d7939\" class=\"forminator-input forminator-name--field\" data-required=\"1\" \/><\/div><\/div><div id=\"html-1\" class=\"forminator-field-html forminator-col forminator-col-4\"><div class=\"forminator-field forminator-merge-tags\" data-field=\"html-1\"><label class=\"forminator-label\">HTML<\/label><\/div><\/div><div id=\"html-2\" class=\"forminator-field-html forminator-col forminator-col-4\"><div class=\"forminator-field forminator-merge-tags\" data-field=\"html-2\"><label class=\"forminator-label\">HTML<\/label><\/div><\/div><\/div><div class=\"forminator-row forminator-hidden\"><input type=\"hidden\" id=\"hidden-2_69f8be64d7939\" name=\"hidden-2\" value=\"216.73.216.162\" \/><\/div><div class=\"forminator-row\"><div id=\"checkbox-1\" class=\"forminator-field-checkbox forminator-col forminator-col-12\"><div role=\"group\" class=\"forminator-field\" aria-labelledby=\"forminator-checkbox-group-forminator-field-checkbox-1-69f8be64d7939-label\"><span id=\"forminator-checkbox-group-forminator-field-checkbox-1-69f8be64d7939-label\" class=\"forminator-label\">Boletin informativo<\/span><label id=\"forminator-field-checkbox-1-1-69f8be64d7939-label\" for=\"forminator-field-checkbox-1-1-69f8be64d7939\" class=\"forminator-checkbox forminator-checkbox-inline\" title=\"Acepto recibir informaci\u00f3n comercial del Syndicat Intercommunal du Bassin d&#039;Arcachon. Puedo en cualquier momento renunciar a esta autorizaci\u00f3n por simple correo electr\u00f3nico dirigido a tourisme@siba-bassin-arcachon.fr\"><input type=\"checkbox\" name=\"checkbox-1[]\" value=\"one\" id=\"forminator-field-checkbox-1-1-69f8be64d7939\" aria-labelledby=\"forminator-field-checkbox-1-1-69f8be64d7939-label\" data-calculation=\"0\"   data-hidden-behavior=\"zero\"\/><span class=\"forminator-checkbox-box\" aria-hidden=\"true\"><\/span><span class=\"forminator-checkbox-label\">Acepto recibir informaci\u00f3n comercial del Syndicat Intercommunal du Bassin d'Arcachon. Puedo en cualquier momento renunciar a esta autorizaci\u00f3n por simple correo electr\u00f3nico dirigido a tourisme@siba-bassin-arcachon.fr<\/span><\/label><\/div><\/div><\/div><div class=\"forminator-row\"><div id=\"consent-1\" class=\"forminator-field-consent forminator-col forminator-col-12\"><div class=\"forminator-field\"><label for=\"forminator-field-consent-1_69f8be64d7939\" id=\"forminator-field-consent-1_69f8be64d7939-label\" class=\"forminator-label\">Consentimiento del RGPD <span class=\"forminator-required\">*<\/span><\/label><div class=\"forminator-checkbox__wrapper\"><label id=\"forminator-field-consent-1_69f8be64d7939__label\" class=\"forminator-checkbox forminator-consent\" aria-labelledby=\"forminator-field-consent-1_69f8be64d7939-label\"><input type=\"checkbox\" name=\"consent-1\" id=\"forminator-field-consent-1_69f8be64d7939\" value=\"checked\" aria-labelledby=\"forminator-field-consent-1_69f8be64d7939-label\" aria-describedby=\"forminator-field-consent-1_69f8be64d7939__description\" data-required=\"true\" aria-required=\"true\" \/><span class=\"forminator-checkbox-box\" aria-hidden=\"true\"><\/span><\/label><div id=\"forminator-field-consent-1_69f8be64d7939__description\" class=\"forminator-checkbox__label forminator-consent__label\"><span>Acepto el <a rel=\"noopener\" target=\"_blank\" href=\"https:\/\/dev.bassin-arcachon.com\/es\/politica-de-confidencialidad\/\">pol\u00edtica de privacidad<\/a> de bassin-arcachon.com (SIBA) y acepta que mis datos puedan ser utilizados como parte de mi solicitud<\/span><\/div><\/div><\/div><\/div><\/div><input type=\"hidden\" name=\"referer_url\" value=\"\" \/><div class=\"altcha-widget-wrap\"><altcha-widget challengeurl=\"https:\/\/dev.bassin-arcachon.com\/es\/wp-json\/altcha\/v1\/challenge\" strings=\"{&quot;error&quot;:&quot;La verificaci\\u00f3n ha fallado. Int\\u00e9ntelo de nuevo m\\u00e1s tarde.&quot;,&quot;footer&quot;:&quot;Protegido por &lt;a href=\\&quot;https:\\\/\\\/altcha.org\\\/\\&quot; target=\\&quot;_blank\\&quot;&gt;ALTCHA&lt;\\\/a&gt;&quot;,&quot;label&quot;:&quot;No soy un robot&quot;,&quot;verified&quot;:&quot;Verificado&quot;,&quot;verifying&quot;:&quot;Verificando...&quot;,&quot;waitAlert&quot;:&quot;Verificando... por favor, espere.&quot;}\" auto=\"onload\" hidelogo=\"1\" hidefooter=\"1\"><\/altcha-widget><noscript><div class=\"altcha-no-javascript\">\u00a1Este formulario requiere JavaScript!<\/div><\/noscript><\/div><div class=\"forminator-row forminator-row-last\"><div class=\"forminator-col\"><div class=\"forminator-field\"><button class=\"forminator-button forminator-button-submit button large\">Enviar mi solicitud<\/button><\/div><\/div><\/div><input type=\"hidden\" id=\"forminator_nonce\" name=\"forminator_nonce\" value=\"a428d18989\" \/><input type=\"hidden\" name=\"_wp_http_referer\" value=\"\/es\/wp-json\/wp\/v2\/pages\/52286\" \/><input type=\"hidden\" name=\"form_id\" value=\"157907\"><input type=\"hidden\" name=\"page_id\" value=\"52286\"><input type=\"hidden\" name=\"form_type\" value=\"default\"><input type=\"hidden\" name=\"current_url\" value=\"https:\/\/dev.bassin-arcachon.com\/es\/nuestros-folletos\/\"><input type=\"hidden\" name=\"render_id\" value=\"0\"><input type=\"hidden\" name=\"action\" value=\"forminator_submit_form_custom-forms\"><label for=\"input_12\" class=\"forminator-hidden\" aria-hidden=\"true\">Por favor, no rellenes este campo. <input id=\"input_12\" type=\"text\" name=\"input_12\" value=\"\" autocomplete=\"off\"><\/label><input type=\"hidden\" name=\"trp-form-language\" value=\"es\"\/><\/form><\/div>\n<\/div>\n<\/div><\/div>","protected":false},"excerpt":{"rendered":"<p>Pour recevoir le Magazine de la destination Bassin d\u2019Arcachon par courrier,commandez-le via le formulaire ci-dessous. Consultez toutes nos brochures disponibles en t\u00e9l\u00e9chargement ci-dessous.<\/p>","protected":false},"author":300,"featured_media":54275,"parent":0,"menu_order":19,"comment_status":"closed","ping_status":"closed","template":"page-templates\/page-brochures.php","meta":{"_acf_changed":false,"_uag_custom_page_level_css":"","footnotes":""},"class_list":["post-52286","page","type-page","status-publish","has-post-thumbnail","hentry"],"acf":[],"uagb_featured_image_src":{"full":["https:\/\/dev.bassin-arcachon.com\/wp-content\/uploads\/2023\/01\/Photos-Dune-6-scaled.jpg",2560,1920,false],"thumbnail":["https:\/\/dev.bassin-arcachon.com\/wp-content\/uploads\/2023\/01\/Photos-Dune-6-scaled-150x150.jpg",150,150,true],"medium":["https:\/\/dev.bassin-arcachon.com\/wp-content\/uploads\/2023\/01\/Photos-Dune-6-scaled-300x225.jpg",300,225,true],"medium_large":["https:\/\/dev.bassin-arcachon.com\/wp-content\/uploads\/2023\/01\/Photos-Dune-6-scaled-768x576.jpg",768,576,true],"large":["https:\/\/dev.bassin-arcachon.com\/wp-content\/uploads\/2023\/01\/Photos-Dune-6-scaled-1024x768.jpg",1024,768,true],"1536x1536":["https:\/\/dev.bassin-arcachon.com\/wp-content\/uploads\/2023\/01\/Photos-Dune-6-scaled-1536x1152.jpg",1536,1152,true],"2048x2048":["https:\/\/dev.bassin-arcachon.com\/wp-content\/uploads\/2023\/01\/Photos-Dune-6-scaled-2048x1536.jpg",2048,1536,true],"trp-custom-language-flag":["https:\/\/dev.bassin-arcachon.com\/wp-content\/uploads\/2023\/01\/Photos-Dune-6-scaled-16x12.jpg",16,12,true],"fp-small":["https:\/\/dev.bassin-arcachon.com\/wp-content\/uploads\/2023\/01\/Photos-Dune-6-scaled-640x480.jpg",640,480,true],"fp-large":["https:\/\/dev.bassin-arcachon.com\/wp-content\/uploads\/2023\/01\/Photos-Dune-6-scaled-1200x900.jpg",1200,900,true],"fp-xlarge":["https:\/\/dev.bassin-arcachon.com\/wp-content\/uploads\/2023\/01\/Photos-Dune-6-scaled-1920x1440.jpg",1920,1440,true]},"uagb_author_info":{"display_name":"dfuzionadmin","author_link":"https:\/\/dev.bassin-arcachon.com\/es\/author\/dfuzionadmin\/"},"uagb_comment_info":0,"uagb_excerpt":"Pour recevoir le Magazine de la destination Bassin d\u2019Arcachon par courrier,commandez-le via le formulaire ci-dessous. Consultez toutes nos brochures disponibles en t\u00e9l\u00e9chargement ci-dessous.","_links":{"self":[{"href":"https:\/\/dev.bassin-arcachon.com\/es\/wp-json\/wp\/v2\/pages\/52286","targetHints":{"allow":["GET"]}}],"collection":[{"href":"https:\/\/dev.bassin-arcachon.com\/es\/wp-json\/wp\/v2\/pages"}],"about":[{"href":"https:\/\/dev.bassin-arcachon.com\/es\/wp-json\/wp\/v2\/types\/page"}],"author":[{"embeddable":true,"href":"https:\/\/dev.bassin-arcachon.com\/es\/wp-json\/wp\/v2\/users\/300"}],"replies":[{"embeddable":true,"href":"https:\/\/dev.bassin-arcachon.com\/es\/wp-json\/wp\/v2\/comments?post=52286"}],"version-history":[{"count":24,"href":"https:\/\/dev.bassin-arcachon.com\/es\/wp-json\/wp\/v2\/pages\/52286\/revisions"}],"predecessor-version":[{"id":157939,"href":"https:\/\/dev.bassin-arcachon.com\/es\/wp-json\/wp\/v2\/pages\/52286\/revisions\/157939"}],"wp:featuredmedia":[{"embeddable":true,"href":"https:\/\/dev.bassin-arcachon.com\/es\/wp-json\/wp\/v2\/media\/54275"}],"wp:attachment":[{"href":"https:\/\/dev.bassin-arcachon.com\/es\/wp-json\/wp\/v2\/media?parent=52286"}],"curies":[{"name":"wp","href":"https:\/\/api.w.org\/{rel}","templated":true}]}}